{"id":9,"date":"2012-06-29T14:02:34","date_gmt":"2012-06-29T14:02:34","guid":{"rendered":"http:\/\/churchope.themoholics.com\/?page_id=9"},"modified":"2017-11-22T17:43:55","modified_gmt":"2017-11-22T17:43:55","slug":"revelacion-divina-el-nuevo-mensaje-de-dios","status":"publish","type":"page","link":"https:\/\/www.v6.newmessage.org\/es\/","title":{"rendered":"Revelacion Divina &#8211; El Nuevo Mensaje de Dios"},"content":{"rendered":"<div class=\"two_third \" ><\/p>\n<div class=\"panel-20 border-rounded-12 background-color-gray-gallery\">\n<p><span class=\"text-color-pirate-gold font-size-36 \">Bienvenido al Nuevo Mensaje de Dios<\/span><span class=\"text-color-gray-5 font-size-24 \"><\/span><\/p>\n<p>De manera extraordinaria, a trav\u00e9s del tiempo y un largo y quiz\u00e1 misterioso viaje en la vida, has llegado hasta aqu\u00ed. Has encontrado el Nuevo Mensaje de Dios, o tal vez es el mensaje quien te ha encontrado a ti. No es un accidente que as\u00ed sea. Dios ha hablado de nuevo. Hay un Nuevo Mensaje de Dios en el mundo. Este es el milagro del amor y la comunicaci\u00f3n de Dios para la humanidad sucediendo en nuestro tiempo, y t\u00fa est\u00e1s entre los primeros en conocerlo.<\/p>\n<p>El Nuevo Mensaje de Dios es una comunicaci\u00f3n genuina del Creador de toda vida a todas las personas del mundo. Es un mensaje para preparar al individuo y a los pueblos del mundo para sobrevivir y avanzar a trav\u00e9s de los grandes peligros que aguardan a la humanidad. Es un gran regalo frente a una necesidad urgente. Es una respuesta a las oraciones sinceras de la gente de todas las naciones y tradiciones religiosas pidiendo libertad, seguridad y salvaci\u00f3n. Es una nueva revelaci\u00f3n sobre la Espiritualidad \u00danica de la humanidad, sobre la preservaci\u00f3n del mundo y sobre el futuro y el destino de la familia humana dentro de una Comunidad Mayor de vida inteligente en el universo. <a href=\"http:\/\/www.nuevomensaje.org\/introduccion-al-nuevo-mensaje\">M\u00e1s&#8230;<\/a><\/p>\n<\/div>\n<div><\/div>\n<p><\/div>\n<div class=\"one_third last\" >\n<div class=\"panel-20 border-rounded-12 background-color-gray-gallery\">\n<p><span class=\"text-color-pirate-gold font-size-36\">Escucha al Mensajero<\/span><br \/>\n<span class=\"text-color-gray-5 font-size-20\"><\/span><\/p>\n<iframe width='100%' height='250' src='\/\/www.youtube.com\/embed\/xam2RG1xv-o?autoplay=0&loop=0&rel=0' frameborder='0' allowfullscreen><\/iframe>\n<\/div>\n<p><\/div><br \/>\n<div class=\"two_third \" ><\/p>\n<div class=\"panel-20 border-rounded-12 background-color-gray-gallery\">\n<div class=\"home_feed_available_online\"><style>\nh3.hungryfeed_feed_title {}\r\ndiv.hungryfeed_feed_description {}\r\ndiv.hungryfeed_feed_content {}\r\ndiv.hungryfeed_items {}\r\ndiv.hungryfeed_item {margin-bottom: 10px;}\r\ndiv.hungryfeed_item_title {font-weight: bold;}\r\ndiv.hungryfeed_item_description {}\r\ndiv.hungryfeed_item_author {}\r\ndiv.hungryfeed_item_date {}\n<\/style>\n<script type=\"text\/javascript\">\r\n\/\/ Custom Javascript here...\r\n<\/script>\n<div style=\"margin:5px 0px 5px 0px;padding:10px;border: solid 1px red; background-color: #ff6666; color: black;\">\r\nHungryFEED can't get feed.  Don't be mad at HungryFEED. SimplePie reported: cURL error 22: The requested URL returned error: 403\r\n<\/div><\/div>\n<hr \/>\n<p><span class=\"text-color-pirate-gold font-size-36\">La Escuela Gratuita del Nuevo Mensaje<\/span><span class=\"text-color-gray-5 font-size-24 \"><\/span><\/p>\n<p>La Escuela Gratuita es una <a href=\"http:\/\/www.nuevomensaje.org\/sobre-la-comunidad-global\">comunidad global<\/a> de personas estudiando el Nuevo Mensaje de Dios<img loading=\"lazy\" decoding=\"async\" class=\"imgborder alignleft wp-image-26777 size-full\" src=\"https:\/\/www.newmessage.org\/es\/wp-content\/uploads\/sites\/40\/2012\/06\/school-e1450302200653.jpg\" alt=\"\" width=\"452\" height=\"166\" \/> y comparti\u00e9ndolo con otros. La Escuela ofrece un entorno de estudio individual, estudio en grupo, encuentros internacionales, retransmisiones en directo e interacci\u00f3n comunitaria para profundizar nuestra experiencia del Nuevo Mensaje y conectarnos con otros estudiantes de todo el mundo. <a href=\"http:\/\/www.nuevomensaje.org\/la-escuela\">M\u00e1s informaci\u00f3n&#8230;<\/a><\/p>\n<p>&nbsp;<\/p>\n<a class='simple_button_link ' style='background-color: #4f8fd6' href='https:\/\/www.newmessage.org\/free-school'   ><span>Reg\u00edstrate en la Escuela Gratuita (es necesario saber algo de ingl\u00e9s)<\/span><\/a>\n<\/div>\n<p><\/div>\n<div class=\"one_third last\" ><\/p>\n<div class=\"border-rounded-12 panel-20 background-color-gray-gallery\">\n<h4 class=\"text-color-gray-2\"><span id=\"result_box\" class=\"short_text\" lang=\"pt\"><span class=\"hps\">Te regalamos el PDF de los Pasos al Conocimiento:<\/span> <\/span><\/h4>\n<p><em><img loading=\"lazy\" decoding=\"async\" class=\"imgborder aligncenter wp-image-28670\" src=\"https:\/\/www.newmessage.org\/es\/wp-content\/uploads\/sites\/40\/2014\/10\/Spanish-STK-CT-cover-200x300.jpg\" alt=\"\" width=\"300\" height=\"450\" srcset=\"https:\/\/www.v6.newmessage.org\/es\/wp-content\/uploads\/sites\/40\/2014\/10\/Spanish-STK-CT-cover-200x300.jpg 200w, https:\/\/www.v6.newmessage.org\/es\/wp-content\/uploads\/sites\/40\/2014\/10\/Spanish-STK-CT-cover-400x600.jpg 400w, https:\/\/www.v6.newmessage.org\/es\/wp-content\/uploads\/sites\/40\/2014\/10\/Spanish-STK-CT-cover-500x750.jpg 500w, https:\/\/www.v6.newmessage.org\/es\/wp-content\/uploads\/sites\/40\/2014\/10\/Spanish-STK-CT-cover.jpg 600w\" sizes=\"(max-width: 300px) 100vw, 300px\" \/><\/em><\/p>\n<p><em>Pasos al Conocimiento<\/em> provee las lecciones y pr\u00e1cticas necesarias para aprender y vivir el Nuevo Mensaje de Dios. Presentado en un formato de estudio personal, contiene 365 pasos diarios que te ense\u00f1an c\u00f3mo ver, saber y actuar con la certeza y la autoridad que el Creador te ha dado. Para aquellos que est\u00e1n listos para llevar a cabo su trabajo mayor en la vida y que comprenden que est\u00e1n aqu\u00ed para hacer una contribuci\u00f3n al mundo en este momento de inflexi\u00f3n cr\u00edtico en nuestra historia, este libro est\u00e1 aqu\u00ed para servirles.<\/p>\n<p><!-- Begin MailChimp Signup Form place here 02162016 by kelvin--><\/p>\n<div id=\"mc_embed_signup\" class=\"home_liu_signup\">\n<form id=\"mc-embedded-subscribe-form\" class=\"validate\" action=\"http:\/\/nuevomensaje.us1.list-manage1.com\/subscribe?u=b62a83aa674e68545ee781bae&amp;id=81efd5c9a6\" method=\"post\" name=\"mc-embedded-subscribe-form\" novalidate=\"\" target=\"_blank\">\n<div id=\"mc_embed_signup_scroll\">\n<h2><\/h2>\n<div class=\"indicates-required\"><\/div>\n<div class=\"mc-field-group\"><label for=\"mce-EMAIL\">Tu Correo electr\u00f3nico: <span class=\"asterisk\">*<\/span><br \/>\n<\/label><br \/>\n<input id=\"mce-EMAIL\" class=\"required email\" name=\"EMAIL\" type=\"email\" value=\"\" \/><\/div>\n<div id=\"mce-responses\" class=\"clear\"><\/div>\n<p><!-- real people should not fill this in and expect good things - do not remove this or risk form bot signups--><\/p>\n<div style=\"position: absolute; left: -5000px;\"><input tabindex=\"-1\" name=\"b_b62a83aa674e68545ee781bae_dcad5d2980\" type=\"text\" value=\"\" \/><\/div>\n<div class=\"clear\"><input id=\"mc-embedded-subscribe\" class=\"button\" name=\"subscribe\" type=\"submit\" value=\"Consigue el PDF gratuito\" \/><\/div>\n<\/div>\n<\/form>\n<\/div>\n<p><!--End mc_embed_signup--><\/p>\n<p><\/div>\n<\/div>\n","protected":false},"excerpt":{"rendered":"Bienvenido al Nuevo Mensaje de Dios De manera extraordinaria, a trav\u00e9s del tiempo y un largo y quiz\u00e1 misterioso viaje en la vida, has llegado hasta aqu\u00ed. Has encontrado el Nuevo Mensaje de Dios, o tal vez es el mensaje quien te ha encontrado a ti. No es un accidente que as\u00ed sea. Dios ha\u2026 <a class=\"read-more\" href=\"https:\/\/www.v6.newmessage.org\/es\/\"><span>Read More<\/span><\/a>","protected":false},"author":1,"featured_media":0,"parent":0,"menu_order":32,"comment_status":"closed","ping_status":"closed","template":"","meta":{"_monsterinsights_skip_tracking":false,"_monsterinsights_sitenote_active":false,"_monsterinsights_sitenote_note":"","_monsterinsights_sitenote_category":0,"footnotes":""},"categories":[],"tags":[671],"_links":{"self":[{"href":"https:\/\/www.v6.newmessage.org\/es\/wp-json\/wp\/v2\/pages\/9"}],"collection":[{"href":"https:\/\/www.v6.newmessage.org\/es\/wp-json\/wp\/v2\/pages"}],"about":[{"href":"https:\/\/www.v6.newmessage.org\/es\/wp-json\/wp\/v2\/types\/page"}],"author":[{"embeddable":true,"href":"https:\/\/www.v6.newmessage.org\/es\/wp-json\/wp\/v2\/users\/1"}],"replies":[{"embeddable":true,"href":"https:\/\/www.v6.newmessage.org\/es\/wp-json\/wp\/v2\/comments?post=9"}],"version-history":[{"count":469,"href":"https:\/\/www.v6.newmessage.org\/es\/wp-json\/wp\/v2\/pages\/9\/revisions"}],"predecessor-version":[{"id":29053,"href":"https:\/\/www.v6.newmessage.org\/es\/wp-json\/wp\/v2\/pages\/9\/revisions\/29053"}],"wp:attachment":[{"href":"https:\/\/www.v6.newmessage.org\/es\/wp-json\/wp\/v2\/media?parent=9"}],"wp:term":[{"taxonomy":"category","embeddable":true,"href":"https:\/\/www.v6.newmessage.org\/es\/wp-json\/wp\/v2\/categories?post=9"},{"taxonomy":"post_tag","embeddable":true,"href":"https:\/\/www.v6.newmessage.org\/es\/wp-json\/wp\/v2\/tags?post=9"}],"curies":[{"name":"wp","href":"https:\/\/api.w.org\/{rel}","templated":true}]}}