{"id":7387,"date":"2012-12-09T10:07:52","date_gmt":"2012-12-09T10:07:52","guid":{"rendered":"http:\/\/www.newmessage.org\/nm\/?p=7387"},"modified":"2019-03-14T15:48:41","modified_gmt":"2019-03-14T15:48:41","slug":"los-rayos-de-la-iniciacion","status":"publish","type":"page","link":"https:\/\/www.v6.newmessage.org\/es\/el-mensaje\/otras-revelaciones\/los-rayos-de-la-iniciacion","title":{"rendered":"Los Rayos de la Iniciaci\u00f3n"},"content":{"rendered":"<div><!-- Versi\u00f3n espa\u00f1ola 1.55 --><\/div>\n\n<div class=\"tabgroup \"><ul class=\"tabs\"><li><a href=\"#tabs-1\">Acerca de<\/a><\/li>\n<li><a href=\"#tabs-2\">V\u00eddeo<\/a><\/li>\n<li><a href=\"#tabs-3\">Nota<\/a><\/li><\/ul>\n <div id=\"tabs-1\"><br \/>\n<i>Como le fue revelado a<\/i><br \/>\n<i>Marshall Vian Summers<\/i><br \/>\n<i>el 24 de julio de 2012<\/i><br \/>\n<i>en Boulder, Colorado, Estados Unidos<\/i><\/p>\n<p>Texto original: <a href=\"https:\/\/www.newmessage.org\/the-message\/volume-1\/new-life\/the-rays-of-initiation\">The Rays of Initiation<\/a><\/p>\n<p>Escucha el audio original aqu\u00ed (en ingl\u00e9s):<\/p>\n<div id=\"jquery_jplayer_1\" class=\"jp-jplayer\"><\/div>\n\t\t\t\t<div id=\"jp_container_1\" class=\"jp-audio\">\n\t\t\t\t<div class=\"jp-type-single\"><div class=\"jp-control\"><a href=\"javascript:;\" class=\"jp-play\" tabindex=\"1\">play<\/a><a href=\"javascript:;\" class=\"jp-pause\" tabindex=\"1\">pause<\/a><\/div> <div class=\"jp-gui jp-interface\"><div class=\"jp-volume\"><div class=\"jp-volume-bar\"><div class=\"jp-volume-bar-value\"><\/div><\/div><\/div><div class=\"jp-progress\"><div class=\"jp-seek-bar\"><div class=\"jp-play-bar\"><\/div><\/div><\/div><\/div>\t\t\t\t\t<div class=\"jp-no-solution\"><span>Update Required<\/span>To play the media you will need to either update your browser to a recent version or update your <a href=\"http:\/\/get.adobe.com\/flashplayer\/\" target=\"_blank\">Flash plugin<\/a>.<\/div><\/div><\/div>\n\t\t\t<script type='text\/javascript'>\n\t\t\t\tjQuery(document).ready(function() {\n\t\t\t\t\tif (typeof (sermonMedia) == 'function') {\n\t\t\t\t\t\tsermonMedia.addAudio('', \"jquery_jplayer_1\");\n\t\t\t\t\t}\n\t\t\t\t\tjQuery.jPlayer.timeFormat.showHour = true;\n\t\t\t\t\tjQuery(\"#jquery_jplayer_1\").jPlayer({\n\t\t\t\t\t\tready: function(event) {\n\t\t\t\t\t\t\tjQuery(this).jPlayer(\"setMedia\", {mp3: 'https:\/\/www.newmessage.org\/av\/the-rays-of-initiation.mp3'});\n\t\t\t\t\t\t},\n\t\t\t\t\t\tplay: function() {\n\t\t\t\t\t\t\tjQuery(this).jPlayer(\"pauseOthers\");\n\t\t\t\t\t\t},\n\t\t\t\t\t\tswfPath: ThemeData.directory_uri+\"\/swf\",\n\t\t\t\t\t\tsolution: \"html, flash\",\n\t\t\t\t\t\tpreload: \"metadata\",\n\t\t\t\t\t\twmode: \"window\",\n\t\t\t\t\t\tsupplied: \"mp3\",\n\t\t\t\t\t\tcssSelectorAncestor: '#jp_container_1'\n\t\t\t\t\t});\n\t\t\t\t});\n\t\t\t<\/script><\/p>\n<p><a title=\"Los Rayos de la Iniciaci\u00f3n\" href=\"https:\/\/www.newmessage.org\/av\/the-rays-of-initiation.mp3\">Descargar<\/a> (cliquea en el bot\u00f3n derecho y selecciona \u201cguardar enlace como\u201d)<\/p>\n<div class=\"toggle toggle-white\"><h4 class=\"trigger \"><span class=\"t_ico\"><\/span><a href=\"#\">M\u00e1s informaci\u00f3n sobre este texto<\/a><\/h4><div class=\"toggle_container \"><br \/>\n<p>Lo que est\u00e1s leyendo en este texto es la transcripci\u00f3n de la voz original de la Asamblea Ang\u00e9lica hablando a trav\u00e9s del Mensajero Marshall Vian Summers.<\/p>\n<p>Aqu\u00ed, la comunicaci\u00f3n original de Dios, que existe m\u00e1s all\u00e1 de las palabras, es traducida al lenguaje y el entendimiento humanos por la Asamblea Ang\u00e9lica que supervisa el mundo. La Asamblea despu\u00e9s entrega el Mensaje de Dios a trav\u00e9s del Mensajero, tras lo cual es transcrito y puesto a tu disposici\u00f3n y a disposici\u00f3n de todos.<\/p>\n<p>En este extraordinario proceso, la Voz de la Revelaci\u00f3n est\u00e1 hablando de nuevo. La Palabra y el Sonido est\u00e1n en el mundo. Que puedas ser el receptor de este regalo de Revelaci\u00f3n y puedas estar abierto a recibir su Mensaje \u00fanico para ti y para tu vida.<\/p>\n<br \/>\n<\/div><\/div><br \/>\n<\/div>\n<div id=\"tabs-2\"><br \/>\n<iframe loading=\"lazy\" width=\"275\" height=\"155\" src=\"https:\/\/www.youtube.com\/embed\/bEw-T2vU8yE?feature=oembed&#038;enablejsapi=1&#038;origin=https:\/\/www.newmessage.org\/es\" frameborder=\"0\" allow=\"accelerometer; autoplay; encrypted-media; gyroscope; picture-in-picture\" allowfullscreen><\/iframe><br \/>\n<\/div>\n<div id=\"tabs-3\"><br \/>\n<em>Nota a los lectores:<br \/>\nEsta traducci\u00f3n fue provista a la <\/em>Society<em> por estudiantes del Nuevo Mensaje que se han ofrecido voluntariamente a traducir el texto original en ingl\u00e9s. La publicamos en esta forma inicial para que todo el mundo tenga una oportunidad de interactuar con una porci\u00f3n del Nuevo Mensaje en un su propio idioma.<\/em><br \/>\n<\/div>\n\t\t\t\t<div align=\"right\">\n\t\t\t<div class=\"fb-like\" data-href=\"\" data-layout=\"button_count\" data-action=\"like\" data-show-faces=\"false\" data-share=\"false\"><\/div>\n\t\t\t<div class=\"fb-share-button\" data-layout=\"button_count\"> <\/div>\n\t\t\t<div class=\"fb_iframe_widget\"><a href=\"https:\/\/twitter.com\/godsnewmessage?ref_src=twsrc%5Etfw\" class=\"twitter-follow-button\" data-show-count=\"false\">Follow @godsnewmessage<\/a><script async src=\"https:\/\/platform.twitter.com\/widgets.js\" charset=\"utf-8\"><\/script><\/div>\n\t\t\t<\/div> <\/div> \n\n<p>El Poder y la Presencia velan sobre ti y sobre toda la gente del mundo, esperando a aquellos que est\u00e9n listos, esperando a aquellos que est\u00e9n listos para despertar de su sue\u00f1o profundo de deseo y desilusi\u00f3n, velando sobre el mundo, esperando a aquellas mentes que persiguen la libertad \u2014no solo una libertad exterior sino una libertad interna\u2014, esperando el momento en que el individuo est\u00e9 listo.<\/p>\n<p>Las personas piensan que la Presencia Ang\u00e9lica est\u00e1 siempre ah\u00ed para morar a su lado, pero esto no es del todo correcto. Sin duda, la Presencia est\u00e1 esperando a aquellos que est\u00e9n listos para responder a una llamada y un prop\u00f3sito mayores en la vida. Son esos individuos los que recibir\u00e1n la atenci\u00f3n de la Asamblea Ang\u00e9lica.<\/p>\n<p>La gente ruega por muchas cosas, pero la Asamblea Ang\u00e9lica est\u00e1 esperando a la llamada real del individuo \u2014una llamada usualmente nacida de la desesperaci\u00f3n, de la frustraci\u00f3n o de la desilusi\u00f3n en el mundo, buscando ahora algo m\u00e1s real, m\u00e1s aut\u00e9ntico, m\u00e1s permanente y m\u00e1s esencial a su naturaleza y prop\u00f3sito verdaderos para estar en este mundo en este tiempo.<\/p>\n<p>Grandes Rayos se hacen brillar sobre aquellos que puedan responder y est\u00e9n listos para recibir algo maravilloso y significativo. Grandes Rayos de luz y poder son dirigidos sobre aquellos que han comenzado a recibir la preparaci\u00f3n para su llamada y su prop\u00f3sito mayores en la vida.<\/p>\n<p>Esto no es algo que puedas llamar por ti mismo, conscientemente. Debe nacer de algo dentro de ti que es muy profundo y muy fundamental respecto a tu vida y a tu prop\u00f3sito para estar aqu\u00ed. No puedes rezar mentalmente pidiendo que los Grandes Rayos brillen sobre ti y te inicien, ya que tu mente no puede llamarlos. Esto debe provenir de un lugar m\u00e1s profundo dentro de ti. Pero tu mente puede prepararte, reconociendo la mayor necesidad de tu vida, el hecho de que no est\u00e1s viviendo la vida que has de vivir, y que est\u00e1s circunscrito a muchas cosas de escaso valor y escasas posibilidades futuras.<\/p>\n<p>T\u00fa te preparas reconociendo la verdad sobre tu vida. En un momento de gran claridad y sobriedad, eval\u00faas d\u00f3nde te encuentras. Reconoces que est\u00e1s perdido en el mundo, siguiendo las prescripciones de tu cultura y de aquellas personas que te influencian tan fuertemente. Aqu\u00ed rezas no solo para que se alivie tu sufrimiento. Rezas para que la verdad te sea revelada, no solo la verdad de tus circunstancias, sino la verdad de tu vida. Rezas para que te sea dada tu vida, tu verdadera vida.<\/p>\n<p>Esta es la llamada que viene de lo profundo de tu ser, no solo algo que tu mente quiere en el momento, no solo para aliviar el sufrimiento, no solo para tener una vida m\u00e1s agradable o un conjunto de circunstancias m\u00e1s atractivas o para satisfacer tus ambiciones y deseos. Esta llamada proviene de un lugar m\u00e1s profundo dentro de ti, del Conocimiento dentro de ti. Esto es lo que habla a la Asamblea Ang\u00e9lica. Esto es el resultado de una experiencia m\u00e1s profunda de ti mismo, de una evaluaci\u00f3n m\u00e1s profunda dentro de tu ser y de una honestidad m\u00e1s profunda.<\/p>\n<p>Si verdaderamente est\u00e1s listo para responder, listo para evaluar y cambiar las circunstancias de tu vida si es necesario, entonces los Grandes Rayos brillaran sobre ti, como si un faro o un reflector se dirigiera espec\u00edficamente hacia ti, no hacia la gente a tu alrededor, ni tampoco a la persona sentada a tu lado, ni a tu esposo o tu esposa o tus hijos, sino a ti.<\/p>\n<p>Esto inicia un proceso de reconsideraci\u00f3n y evaluaci\u00f3n m\u00e1s profundos, un proceso con muchas etapas de iniciaci\u00f3n, un proceso que comienza un gran punto de inflexi\u00f3n en tu vida.<\/p>\n<p>Porque la verdad es que no sabes qui\u00e9n eres o por qu\u00e9 est\u00e1s aqu\u00ed, o qu\u00e9 viniste a cumplir, o a qui\u00e9n viniste a conocer aqu\u00ed, o qu\u00e9 tienes que evitar, o qu\u00e9 tienes que lograr aqu\u00ed, y cu\u00e1les son los grandes peligros de tu vida m\u00e1s all\u00e1 de tu entendimiento, y cu\u00e1les son las grandes posibilidades de tu vida m\u00e1s all\u00e1 de tu entendimiento.<\/p>\n<p>Tienes una relaci\u00f3n con la Asamblea Ang\u00e9lica que vela por este mundo y todos los que est\u00e1n en \u00e9l. Esto es intr\u00ednseco a qui\u00e9n eres, a por qu\u00e9 est\u00e1s aqu\u00ed, a qu\u00e9 viniste a cumplir, a qui\u00e9n debes conocer y a d\u00f3nde debes ir. Es un viaje mayor en tu vida que espera a ser descubierto y emprendido.<\/p>\n<p>Tus creencias, tus ideolog\u00edas, tu puntos de vista religiosos y tus aspiraciones espirituales frecuentemente son un obst\u00e1culo en el camino hacia este reconocimiento m\u00e1s profundo, el cual no es algo de este mundo o cualquier cosa en este mundo, sino que representa tu vida m\u00e1s all\u00e1 de este mundo \u2014de d\u00f3nde provienes y a d\u00f3nde regresar\u00e1s, y las relaciones que son primordiales a tu existencia y a tu participaci\u00f3n en este mundo y en este tiempo.<\/p>\n<p>Los Grandes Rayos son poderosos. Ellos penetran profundamente dentro de ti, circunvalando tu intelecto y todas tus ideas, creencias, expectativas, quejas y dem\u00e1s, como si brillaran sobre una parte de ti que apenas has experimentado en vida y que apenas conoces \u2014algo antiguo, algo que tal vez has podido experimentar moment\u00e1neamente aqu\u00ed y all\u00e1, algo que no cambia, la parte inalterable de ti mismo.<\/p>\n<p>Esto es comunicaci\u00f3n sin palabras. Es el poder de iniciaci\u00f3n generado por la Asamblea y las Huestes Ang\u00e9licas, dirigido ahora hacia aquellos individuos que han alcanzado el punto de preparaci\u00f3n, no solo internamente, sino tambi\u00e9n en que hay algo fuera que debe hacerse, porque de no hacerlo podr\u00edan perder este punto en su desarrollo y en sus vidas, y podr\u00edan perder su llamada completamente.<\/p>\n<p>Aqu\u00ed el momento preciso es cr\u00edtico, porque solo tienes cierto tiempo para demorarte. Solo tienes cierto tiempo para estar perdido en el mundo, antes de que la oportunidad se vaya y sea demasiado tarde para responder. T\u00fa no sabes cu\u00e1ndo suceder\u00e1 esto, pero la Presencia Ang\u00e9lica lo sabe. El Conocimiento dentro de ti lo sabe.<\/p>\n<p>A medida en que te aproximes a este momento cr\u00edtico en tu vida, te sentir\u00e1s m\u00e1s ansioso sobre tus circunstancias externas, cada vez m\u00e1s atra\u00eddo por algo m\u00e1s misterioso, cuestionando m\u00e1s tus valores y tus involucraciones con otros, m\u00e1s inc\u00f3modo e insatisfecho con tus circunstancias, aunque sean agradables, e incluso si aparentan ser beneficiosas. Te volver\u00e1s m\u00e1s inquieto. Puede que trates de satisfacer esta inquietud con m\u00e1s posesiones, m\u00e1s actividades, m\u00e1s recreaci\u00f3n, incluso m\u00e1s espiritualidad, pero est\u00e1s alcanzando el tiempo de estar listo. Esto ocurre a un nivel m\u00e1s profundo, m\u00e1s all\u00e1 de la esfera y el alcance del intelecto.<\/p>\n<p>La Presencia te est\u00e1 observando cuidadosamente ahora, para ver c\u00f3mo responder\u00e1s. \u00bfNegar\u00e1s tu experiencia? \u00bfResistir\u00e1s tu experiencia? \u00bfTratar\u00e1s de perderte otra vez en el romance o en alguna otra clase de b\u00fasqueda en el mundo, aun en alguna b\u00fasqueda edificante como una gran causa social o una campa\u00f1a pol\u00edtica? Esto es sobre algo muy diferente.<\/p>\n<p>En este momento es muy importante que est\u00e9s receptivo ante ti mismo, que practiques la escucha interna, el escuchar algo m\u00e1s profundo sin llegar a conclusiones, para orientarte en este camino. Porque si los Grandes Rayos son dirigidos hacia ti, ellos dar\u00e1n un vuelco a tu vida y te cambiar\u00e1n. Es como si fueras golpeado por un rayo.<\/p>\n<p>Esta experiencia puede ser profundamente interna, pero tambi\u00e9n puede generarse por la llegada de ciertas personas que est\u00e1n aqu\u00ed para sacarte de tu pasado y ser parte de tu preparaci\u00f3n para una futura vida mayor. En cualquiera de los casos, se iniciar\u00e1 un proceso de cambios profundos y autoevaluaci\u00f3n, tan fuerte ahora que no podr\u00e1s simplemente negarlo o pensar que es alguna otra cosa, porque parecer\u00e1 sobrepasarte y tendr\u00e1s que ceder ante ello.<\/p>\n<p>La Presencia Ang\u00e9lica te observa para ver si puedes hacer esto, si puedes recibir la iniciaci\u00f3n y pasar por el largo e inexplicable proceso que ello requerir\u00e1. No puedes controlar este proceso. Solo puedes mantenerte enfocado en \u00e9l, y eso requerir\u00e1 toda la autodisciplina y compasi\u00f3n que puedas reunir.<\/p>\n<p>La gente puede fracasar en este punto, con gran consecuencia. Esto tiene que ver con la presencia de ciertas personas en tu vida que jugar\u00e1n un papel significativo en tu trabajo y tu prop\u00f3sito mayores aqu\u00ed. Puede que sea el momento de conocerles. Ellos podr\u00edan estar llam\u00e1ndote. El momento de vuestro encuentro se aproxima y debes ser capaz de responder.<\/p>\n<p>T\u00fa no tienes estas oportunidades continuamente. No te digas a ti mismo que la iniciaci\u00f3n puede ocurrir en cualquier momento, siempre que te sientas as\u00ed inclinado, porque esto en realidad no es cierto en absoluto. En la vida tienes ciertas oportunidades, en funci\u00f3n de la proximidad de aquellas personas que ser\u00e1n esenciales para tu \u00e9xito, y en funci\u00f3n de tu propio desarrollo y tu grado de honestidad contigo mismo. Para que seas llamado de esta manera, debes estar preparado para aceptar esta experiencia y someterte al proceso de preparaci\u00f3n, el cual es muy profundo e interno. Debes ser capaz de responder a aquellos que llegan a tu vida, aquellos que te inician y son parte de este gran punto de inflexi\u00f3n.<\/p>\n<p>Esto est\u00e1 completamente m\u00e1s all\u00e1 de tus planes personales y tu propia evaluaci\u00f3n de tu vida. Puedes pensar o sentir que est\u00e1s destinado a algo m\u00e1s grande, y tal vez este sentimiento ha estado contigo durante mucho tiempo. Pero hablamos de algo de mucha mayor potencia y magnitud.<\/p>\n<p>Si los Grandes Rayos son dirigidos hacia ti, si es un momento de gran cambio, si tu momento ha llegado \u2014el momento para el que te has estado preparando sin saberlo\u2014, si ese momento ha llegado, entonces debes estar listo para recibirlo, y debes estar preparado para pasar por un periodo de confusi\u00f3n e incertidumbre.<\/p>\n<p>El nuevo Mensajero de Dios est\u00e1 aqu\u00ed en el mundo de hoy, trayendo el Nuevo Mensaje de Dios al mundo. Si has de conocerle, y para que la reuni\u00f3n sea verdaderamente efectiva, debes prepararte de esta forma. De lo contrario pensar\u00e1s que \u00e9l es solo otra persona haciendo grandes declaraciones. Le evaluar\u00e1s a nivel personal de la manera en que se eval\u00faa a la gente hoy d\u00eda. No ver\u00e1s. No sabr\u00e1s. No te dar\u00e1s cuenta de que este es el mayor encuentro que probablemente tengas en toda tu vida. Si lo pierdes, lo has perdido.<\/p>\n<p>La voluntad de Dios es que despiertes a tu prop\u00f3sito mayor y recibas la gran bendici\u00f3n de la Asamblea Ang\u00e9lica, los Grandes Rayos. Pero eso no significa que vayas a lograr este encuentro. No significa que vayas a poder escuchar, ver y saber en el momento cr\u00edtico en el que el reconocimiento debe ocurrir. No significa que tu \u00e9xito est\u00e9 asegurado. No significa que te encuentres preparado, dispuesto y capaz.<\/p>\n<p>Si tienes un destino con el Mensajero, entonces debes prepararte para ello, dejando a un lado aquello que no puede avanzar, abrazando aquello que es crucial para tu \u00e9xito, construyendo tu sentido de integridad, de honestidad contigo mismo, evaluando tu vida para determinar lo que realmente es genuino y tiene destino y lo que no lo es; confrontando p\u00e9rdidas, renunciando a cosas si fuera necesario, alej\u00e1ndote de personas cuando sea necesario, retir\u00e1ndote de tu anterior inversi\u00f3n en gente, lugares y cosas, si fuera necesario.<\/p>\n<p>Cuando esta vida se acabe y regreses a tu Familia Espiritual, ellos tan solo tendr\u00e1n una pregunta que hacerte, y es si tuviste tu cita sagrada en la vida y si diste tus regalos al mundo. Y en ese momento sabr\u00e1s con absoluta certeza si lo hiciste o no. Aqu\u00ed no hay castigo, pero el peso del fracaso es grande. Significa que tendr\u00e1s que intentarlo nuevamente y pasar por todo el proceso de nuevo. Eso deber\u00eda ser un incentivo suficiente para alentar a la mayor\u00eda de la gente a avanzar.<\/p>\n<p>Cuando ores a Dios, no ores por cosas peque\u00f1as, peque\u00f1as ventajas o dispensaciones. Ruega que el Conocimiento se haga fuerte en ti. Ruega que te d\u00e9 paciencia y autodisciplina para contener tus tendencias temerosas y reactivas. Ruega que aquellos con los que est\u00e1s destinado a comprometerte puedan encontrarte en el mundo. Ruega que te encuentres listo para cuando lleguen, que puedas comprender que est\u00e1s haciendo un compromiso de gran importancia, sin intentar entender totalmente lo que significa o lo que requerir\u00e1.<\/p>\n<p>La gente que recibe la llamada es sacada de sus circunstancias previas y preparada para un tipo de vida distinta. Todo el mundo tiene un prop\u00f3sito mayor para estar en el mundo en este tiempo, pero no todos est\u00e1n listos para recibir la llamada. No est\u00e1n listos para recibir los Grandes Rayos.<\/p>\n<p>El futuro del mundo depende de que suficiente gente reciba su llamada y haga su contribuci\u00f3n a un mundo que afronta cambios grandes y peligrosos, un mundo que afronta una Comunidad Mayor de vida en el universo, un mundo que afronta una econom\u00eda en declive, destrucci\u00f3n medioambiental, cambios climatol\u00f3gicos; un mundo en riesgo de colapsar internamente, y que afronta una intervenci\u00f3n externa. Este es el mundo que viniste a servir. No es un accidente que est\u00e9s aqu\u00ed en este momento.<\/p>\n<p>La Bendici\u00f3n est\u00e1 contigo, pero t\u00fa no est\u00e1s con la Bendici\u00f3n. La llamada te est\u00e1 esperando, pero t\u00fa est\u00e1s ocupado haciendo otras cosas, absorto en todo momento. La Asamblea Ang\u00e9lica vela por ti, pero tus ojos est\u00e1n fijos en el suelo. Rezas pidiendo paz, felicidad y circunstancias beneficiosas, sin darte cuenta de que est\u00e1s aqu\u00ed para algo m\u00e1s. Rezas pidiendo al cielo que tu estado de Separaci\u00f3n sea satisfactorio y completo, lo cual nunca puede ser.<\/p>\n<p>La Asamblea Ang\u00e9lica est\u00e1 esperando a que comprendas que sin tu prop\u00f3sito y llamada mayores tu vida no es otra cosa que un sue\u00f1o problem\u00e1tico. No puedes encontrar satisfacci\u00f3n aqu\u00ed, no importa lo que hagas, porque est\u00e1s aqu\u00ed por un prop\u00f3sito mayor, y la necesidad de tu alma es realizar y expresar este prop\u00f3sito en el mundo. Si no fueras un Ser Mayor con un origen mayor y un destino mayor, este no ser\u00eda el caso. Ser\u00edas solo una criatura inteligente viviendo en la superficie del mundo, tratando de estar seguro y a salvo, tratando de ser feliz con lo que tienes y siempre deseando m\u00e1s.<\/p>\n<p>Pero eres un Ser Mayor con un origen mayor y un destino mayor, y la llamada espera a que llegues a ese punto de preparaci\u00f3n y reconocimiento. Ello da a la Presencia Ang\u00e9lica una se\u00f1al de que te encuentras verdaderamente listo y de que el proceso debe comenzar. Si no puedes generar este reconocimiento dentro de ti, entonces ser\u00e1 generado para ti, porque tu vida ha alcanzado un punto cr\u00edtico donde la llamada debe ocurrir si esta ha de ocurrir en esta vida. Y eso puede ser extremadamente perturbador, y la posibilidad de fracaso ser\u00e1 aqu\u00ed mayor. Porque no hay certeza de que vayas a entender el significado de lo que est\u00e1 pasando. No hay certeza de que vayas a seguir lo que tienes que seguir y te alejes de aquello de lo que tienes que alejarte.<\/p>\n<p>En un universo de vida inteligente, de innumerables razas de seres, las Grandes Rayos son lanzados sobre aquellos que pueden y deben responder. Es un Gran Plan para un universo mucho m\u00e1s all\u00e1 de lo que puedas siquiera imaginar. No lo puedes concebir. Esto te har\u00e1 comprender que tus ideas previas eran completamente falsas o bien muy inadecuadas para tratar la verdadera situaci\u00f3n en tu vida.<\/p>\n<p>Es por eso que debes tener humildad y recibir correcci\u00f3n sin abusar de ti mismo. Debes permitir que el Conocimiento reforme tu vida sin tratar de reformarla por ti mismo. Esta es una manera de ser muy distinta. Es una relaci\u00f3n muy diferente contigo mismo y con los dem\u00e1s. Es el principio de una vida mayor para ti.<\/p>\n<p>Que Dios brille sobre ti y te llame a salir de tus sue\u00f1os problem\u00e1ticos, de las sombras del pasado y de las miserias del presente. Reza por esto, pero mientras tanto prep\u00e1rate siendo verdaderamente honesto acerca de tu situaci\u00f3n, tus involucraciones, tus relaciones y tus compromisos.<\/p>\n<p>No puedes mantenerte pasivo respecto a esta gran llamada. Debes construir tu base. Debes hacer el esfuerzo. Debes tener el valor. Debes asumir los riesgos. Porque esto te har\u00e1 fuerte y poderoso en el mundo, y te mostrara d\u00f3nde reside la fuerza de tu integridad y coraje.<\/p>\n<p>Escucha hoy estas palabras, porque ellas provienen de la Fuente de toda vida. Prep\u00e1rate para el Mensajero en el mundo, porque es muy probable que tengas un destino con \u00e9l. Entiende que est\u00e1s viviendo en un Tiempo de Revelaci\u00f3n, y que eso tiene mucho que ver con lo que ha pasado en tu vida y tus inclinaciones m\u00e1s profundas para el futuro.<\/p>\n","protected":false},"excerpt":{"rendered":"<p>El Poder y la Presencia velan sobre ti y sobre toda la gente del mundo, esperando a aquellos que est\u00e9n listos, esperando a aquellos que est\u00e9n listos para despertar de su sue\u00f1o profundo de deseo y desilusi\u00f3n, velando sobre el mundo, esperando a aquellas mentes que persiguen la libertad \u2014no solo una libertad exterior sino\u2026 <a class=\"read-more\" href=\"https:\/\/www.v6.newmessage.org\/es\/about-text-shortcode\"><span>Read More<\/span><\/a><\/p>\n","protected":false},"author":1,"featured_media":0,"parent":16358,"menu_order":2,"comment_status":"closed","ping_status":"closed","template":"template-leftsidebar.php","meta":{"_monsterinsights_skip_tracking":false,"_monsterinsights_sitenote_active":false,"_monsterinsights_sitenote_note":"","_monsterinsights_sitenote_category":0,"footnotes":""},"categories":[501,76,117,30],"tags":[311,388,392],"_links":{"self":[{"href":"https:\/\/www.v6.newmessage.org\/es\/wp-json\/wp\/v2\/pages\/7387"}],"collection":[{"href":"https:\/\/www.v6.newmessage.org\/es\/wp-json\/wp\/v2\/pages"}],"about":[{"href":"https:\/\/www.v6.newmessage.org\/es\/wp-json\/wp\/v2\/types\/page"}],"author":[{"embeddable":true,"href":"https:\/\/www.v6.newmessage.org\/es\/wp-json\/wp\/v2\/users\/1"}],"replies":[{"embeddable":true,"href":"https:\/\/www.v6.newmessage.org\/es\/wp-json\/wp\/v2\/comments?post=7387"}],"version-history":[{"count":22,"href":"https:\/\/www.v6.newmessage.org\/es\/wp-json\/wp\/v2\/pages\/7387\/revisions"}],"predecessor-version":[{"id":29143,"href":"https:\/\/www.v6.newmessage.org\/es\/wp-json\/wp\/v2\/pages\/7387\/revisions\/29143"}],"up":[{"embeddable":true,"href":"https:\/\/www.v6.newmessage.org\/es\/wp-json\/wp\/v2\/pages\/16358"}],"wp:attachment":[{"href":"https:\/\/www.v6.newmessage.org\/es\/wp-json\/wp\/v2\/media?parent=7387"}],"wp:term":[{"taxonomy":"category","embeddable":true,"href":"https:\/\/www.v6.newmessage.org\/es\/wp-json\/wp\/v2\/categories?post=7387"},{"taxonomy":"post_tag","embeddable":true,"href":"https:\/\/www.v6.newmessage.org\/es\/wp-json\/wp\/v2\/tags?post=7387"}],"curies":[{"name":"wp","href":"https:\/\/api.w.org\/{rel}","templated":true}]}}