{"id":643,"date":"2011-08-19T14:07:31","date_gmt":"2011-08-19T14:07:31","guid":{"rendered":"http:\/\/wp.www.newmessage.org\/?p=643"},"modified":"2016-10-11T11:10:03","modified_gmt":"2016-10-11T11:10:03","slug":"la-involucracion","status":"publish","type":"page","link":"https:\/\/www.v6.newmessage.org\/es\/el-mensaje\/volumen-1\/dios-ha-hablado-de-nuevo\/la-involucracion","title":{"rendered":"La Involucraci\u00f3n"},"content":{"rendered":"<div><!--Versi\u00f3n espa\u00f1ola 1.7--><\/div>\n\n<div class=\"tabgroup \"><ul class=\"tabs\"><li><a href=\"#tabs-1\">Acerca de<\/a><\/li>\n<li><a href=\"#tabs-2\">Mas<\/a><\/li><\/ul>\n <div id=\"tabs-1\"><br \/>\n<i>Como le fue revelado a<\/i><br \/>\n<i>Marshall Vian Summers<\/i><br \/>\n<i>el 16 de abril de 2011<\/i><br \/>\n<i>en Boulder, Colorado, Estados Unidos<\/i><\/p>\n<p>Texto original: <a href=\"https:\/\/www.newmessage.org\/the-message\/volume-1\/god-spoken-again\/the-engagement\">The Engagement<\/a><\/p>\n<p>Escucha el audio original aqu\u00ed (en ingl\u00e9s):<\/p>\n<div id=\"jquery_jplayer_1\" class=\"jp-jplayer\"><\/div>\n\t\t\t\t<div id=\"jp_container_1\" class=\"jp-audio\">\n\t\t\t\t<div class=\"jp-type-single\"><div class=\"jp-control\"><a href=\"javascript:;\" class=\"jp-play\" tabindex=\"1\">play<\/a><a href=\"javascript:;\" class=\"jp-pause\" tabindex=\"1\">pause<\/a><\/div> <div class=\"jp-gui jp-interface\"><div class=\"jp-volume\"><div class=\"jp-volume-bar\"><div class=\"jp-volume-bar-value\"><\/div><\/div><\/div><div class=\"jp-progress\"><div class=\"jp-seek-bar\"><div class=\"jp-play-bar\"><\/div><\/div><\/div><\/div>\t\t\t\t\t<div class=\"jp-no-solution\"><span>Update Required<\/span>To play the media you will need to either update your browser to a recent version or update your <a href=\"http:\/\/get.adobe.com\/flashplayer\/\" target=\"_blank\">Flash plugin<\/a>.<\/div><\/div><\/div>\n\t\t\t<script type='text\/javascript'>\n\t\t\t\tjQuery(document).ready(function() {\n\t\t\t\t\tif (typeof (sermonMedia) == 'function') {\n\t\t\t\t\t\tsermonMedia.addAudio('', \"jquery_jplayer_1\");\n\t\t\t\t\t}\n\t\t\t\t\tjQuery.jPlayer.timeFormat.showHour = true;\n\t\t\t\t\tjQuery(\"#jquery_jplayer_1\").jPlayer({\n\t\t\t\t\t\tready: function(event) {\n\t\t\t\t\t\t\tjQuery(this).jPlayer(\"setMedia\", {mp3: 'https:\/\/www.newmessage.org\/av\/the-engagement.mp3'});\n\t\t\t\t\t\t},\n\t\t\t\t\t\tplay: function() {\n\t\t\t\t\t\t\tjQuery(this).jPlayer(\"pauseOthers\");\n\t\t\t\t\t\t},\n\t\t\t\t\t\tswfPath: ThemeData.directory_uri+\"\/swf\",\n\t\t\t\t\t\tsolution: \"html, flash\",\n\t\t\t\t\t\tpreload: \"metadata\",\n\t\t\t\t\t\twmode: \"window\",\n\t\t\t\t\t\tsupplied: \"mp3\",\n\t\t\t\t\t\tcssSelectorAncestor: '#jp_container_1'\n\t\t\t\t\t});\n\t\t\t\t});\n\t\t\t<\/script><\/p>\n<p><a title=\"The Engagement\" href=\"https:\/\/www.newmessage.org\/av\/the-engagement.mp3\">Descargar<\/a> (cliquea en el bot\u00f3n derecho y selecciona \u201cguardar enlace como\u201d)<\/p>\n<div class=\"toggle toggle-white\"><h4 class=\"trigger \"><span class=\"t_ico\"><\/span><a href=\"#\">M\u00e1s informaci\u00f3n sobre este texto<\/a><\/h4><div class=\"toggle_container \"><br \/>\n<p>Lo que est\u00e1s leyendo en este texto es la transcripci\u00f3n de la voz original de la Asamblea Ang\u00e9lica hablando a trav\u00e9s del Mensajero Marshall Vian Summers.<\/p>\n<p>Aqu\u00ed, la comunicaci\u00f3n original de Dios, que existe m\u00e1s all\u00e1 de las palabras, es traducida al lenguaje y el entendimiento humanos por la Asamblea Ang\u00e9lica que supervisa el mundo. La Asamblea despu\u00e9s entrega el Mensaje de Dios a trav\u00e9s del Mensajero, tras lo cual es transcrito y puesto a tu disposici\u00f3n y a disposici\u00f3n de todos.<\/p>\n<p>En este extraordinario proceso, la Voz de la Revelaci\u00f3n est\u00e1 hablando de nuevo. La Palabra y el Sonido est\u00e1n en el mundo. Que puedas ser el receptor de este regalo de Revelaci\u00f3n y puedas estar abierto a recibir su Mensaje \u00fanico para ti y para tu vida.<\/p>\n<br \/>\n<\/div><\/div>\n<p><\/div>\n<div id=\"tabs-2\"><br \/>\n<img decoding=\"async\" class=\"alignnone size-medium \" src=\"https:\/\/www.newmessage.org\/spanish-international\/wp-content\/uploads\/sites\/40\/2011\/10\/image14-200x300.jpg\" alt=\"image14\" \/><br \/>\n<a class='simple_button_link ' style='background-color: #4f8fd6' href='#'   ><span>Ordena el Libro<\/span><\/a><br \/>\n<a class='simple_button_link ' style='background-color: #4f8fd6' href='#'   ><span>Ordena el eBook<\/span><\/a><br \/>\n<\/div>\n\t\t\t\t<div align=\"right\">\n\t\t\t<div class=\"fb-like\" data-href=\"\" data-layout=\"button_count\" data-action=\"like\" data-show-faces=\"false\" data-share=\"false\"><\/div>\n\t\t\t<div class=\"fb-share-button\" data-layout=\"button_count\"> <\/div>\n\t\t\t<div class=\"fb_iframe_widget\"><a href=\"https:\/\/twitter.com\/godsnewmessage?ref_src=twsrc%5Etfw\" class=\"twitter-follow-button\" data-show-count=\"false\">Follow @godsnewmessage<\/a><script async src=\"https:\/\/platform.twitter.com\/widgets.js\" charset=\"utf-8\"><\/script><\/div>\n\t\t\t<\/div> <\/div> \n\n<p>Hoy hablaremos de Dios, la Autoridad Superior.<\/p>\n<p>La Autoridad Superior te habla ahora, habl\u00e1ndote a trav\u00e9s de la Presencia Ang\u00e9lica, hablando a una parte de ti que est\u00e1 en el centro y la fuente mismos de tu Ser, hablando m\u00e1s all\u00e1 de tu condicionamiento social, m\u00e1s all\u00e1 de tus ideas y creencias y las ideas y creencias de tu cultura e incluso de tu religi\u00f3n.<\/p>\n<p>La Autoridad Superior tiene un Mensaje para el mundo y para cada persona en \u00e9l. El Mensaje es m\u00e1s que una idea. Es m\u00e1s incluso que una serie de ideas. Es una llamada y una confirmaci\u00f3n, llam\u00e1ndote a responder y confirmando que hay una naturaleza m\u00e1s profunda dentro de ti y de toda la gente del mundo. La confirmaci\u00f3n es un punto de inflexi\u00f3n en tu capacidad de responder.<\/p>\n<p>El Poder y la Presencia presiden sobre el universo f\u00edsico, un universo mucho m\u00e1s grande y extenso de lo que puedas imaginar, e incluso m\u00e1s all\u00e1 del universo f\u00edsico, hasta los dominios mayores de la propia Creaci\u00f3n, que es algo que poca gente en el mundo ha considerado siquiera como posible.<\/p>\n<p>Pero esta Autoridad Superior te habla en tu lugar m\u00e1s privado, en el centro de tu Ser, en lo profundo bajo la superficie de tu mente.<\/p>\n<p>Esta es tu mayor relaci\u00f3n. Es la Fuente del significado y el prop\u00f3sito en todas tus relaciones con la gente, con lugares y hasta con cosas.<\/p>\n<p>T\u00fa necesitas que esta Autoridad Superior hable ahora a la parte m\u00e1s profunda de ti, para familiarizarte con esta parte m\u00e1s profunda de ti y prepararte para vivir en un nuevo mundo y relacionarte con un universo de vida inteligente, que es la Comunidad Mayor de vida. T\u00fa no sabes de estas cosas, pero ellas son parte de ti.<\/p>\n<p>Quiz\u00e1 has experimentado tu naturaleza m\u00e1s profunda en momentos de claridad, en momentos de presciencia e incluso en momentos de decepci\u00f3n, cuando fuiste capaz de escuchar m\u00e1s all\u00e1 de tus deseos y miedos y de los deseos y miedos de otros.<\/p>\n<p>La Autoridad Superior est\u00e1 llam\u00e1ndote, llam\u00e1ndote hacia los Antiguos Pasillos de tu mente, llam\u00e1ndote m\u00e1s all\u00e1 de tus creencias y preocupaciones.<\/p>\n<p>Porque Dios ha hablado de nuevo, y la Palabra y el Sonido est\u00e1n en el mundo. Es una comunicaci\u00f3n m\u00e1s profunda, mucho m\u00e1s profunda de lo que el intelecto puede comprender.<\/p>\n<p>Esta habla de un mayor prop\u00f3sito, de una responsabilidad m\u00e1s profunda y de una mayor asociaci\u00f3n, tanto en este mundo como m\u00e1s all\u00e1. Mediante esta asociaci\u00f3n te vuelves un puente \u2014un puente al mundo, un puente a tu Antiguo Hogar desde el que has venido y al que retornar\u00e1s.<\/p>\n<p>La gente quiere muchas cosas. Tiene grandes miedos \u2014el miedo a perder, el miedo a no tener, el miedo a la privaci\u00f3n, el miedo a la opresi\u00f3n, el miedo al dolor y al sufrimiento y el miedo al dolor de la muerte.<\/p>\n<p>Pero la Autoridad Superior habla m\u00e1s all\u00e1 de todas estas cosas. Es el Creador hablando a la Creaci\u00f3n.<\/p>\n<p>La Creaci\u00f3n dentro de ti es la mente m\u00e1s profunda que Nosotros llamamos el Conocimiento. Es la parte permanente de ti. Es la parte de ti que exist\u00eda antes de esta vida y existir\u00e1 despu\u00e9s, viajando a trav\u00e9s de los reinos de la Separaci\u00f3n guiada solo con el poder de la Voz.<\/p>\n<p>La gente quiere muchas cosas. Tiene grandes miedos. Mucha gente tiene firmes creencias. Pero la Autoridad Superior habla m\u00e1s all\u00e1 de estas cosas a todo aquel que puede ver y escuchar y puede responder a un nivel m\u00e1s profundo.<\/p>\n<p>T\u00fa no puedes evaluar esto. Es mayor que tu mente. No puedes debatirlo, porque est\u00e1 m\u00e1s all\u00e1 de tus capacidades.<\/p>\n<p>Es misterioso porque es omnipresente. Su origen est\u00e1 m\u00e1s all\u00e1 del mundo y de todos los mundos, y por tanto no puedes imaginarlo.<\/p>\n<p>Pero la experiencia es tan profunda que puede alterar el curso de tu vida y despertarte del sue\u00f1o de la Separaci\u00f3n, llam\u00e1ndote a salir de tus preocupaciones, de tus asociaciones y de todo, de modo que puedas escuchar la Antigua Voz, tan antigua que habla de una vida m\u00e1s all\u00e1 de tus c\u00e1lculos \u2014una vida, sin embargo, que es tu propia vida.<\/p>\n<p>Dios sabe lo que est\u00e1 llegando en el horizonte. Dios sabe por qu\u00e9 est\u00e1s aqu\u00ed. Dios te envi\u00f3 aqu\u00ed con un prop\u00f3sito. Tus planes y objetivos raramente lo tienen en cuenta.<\/p>\n<p>Es algo mayor. Es algo m\u00e1s simple y menos grandioso. Es algo esencial a tu Ser y a tu naturaleza y tu dise\u00f1o.<\/p>\n<p>Es la relaci\u00f3n m\u00e1s primordial que tienes, el amor m\u00e1s profundo, la mayor afinidad. Esta relaci\u00f3n te une contigo mismo y enfoca tu vida.<\/p>\n<p>Ella te saca de las situaciones que son da\u00f1inas o no tienen promesa para ti. Te llama a una mayor participaci\u00f3n en el mundo, guiado por la misteriosa y Antigua Voz, una Voz diferente a todo cuanto has escuchado antes, m\u00e1s profunda que cualquier cosa que hayas sentido, mayor que cualquier cosa que puedas ver o tocar.<\/p>\n<p>La gente quiere muchas cosas. Le mueve un gran miedo. Incluso sus placeres est\u00e1n llenos de miedo y aprensi\u00f3n.<\/p>\n<p>Pero la Antigua Voz est\u00e1 m\u00e1s all\u00e1 del miedo, y cuando respondes est\u00e1s m\u00e1s all\u00e1 del miedo.<\/p>\n<p>\u00bfQui\u00e9n puede decir qu\u00e9 es esto? \u00bfQui\u00e9n puede evaluarlo?<\/p>\n<p>No seas tonto pensando en t\u00e9rminos de productividad. No seas anal\u00edtico. Porque esto est\u00e1 ocurriendo a un nivel m\u00e1s profundo.<\/p>\n<p>No te acobardes ante esto, porque esto es tu vida, tu prop\u00f3sito y tu llamada.<\/p>\n<p>La Presencia y la Gracia est\u00e1n contigo, pero t\u00fa est\u00e1s mirando otras cosas. Tu mente est\u00e1 en otra parte. Aquello que te redime y te restaura est\u00e1 ahora contigo, pero t\u00fa est\u00e1s mirando en la direcci\u00f3n contraria.<\/p>\n<p>La Revelaci\u00f3n est\u00e1 en el mundo. Dios ha venido de nuevo con un Mensaje mayor para la humanidad y una preparaci\u00f3n para un futuro dif\u00edcil y arriesgado para la familia humana.<\/p>\n<p>\u00bfQu\u00e9 es esto? \u00bfQu\u00e9 significa? \u00bfPor qu\u00e9 est\u00e1 ocurriendo? \u00bfC\u00f3mo prepararte?<\/p>\n<p>Solo la Revelaci\u00f3n puede responder estas preguntas. Apartarte no puede responder estas preguntas.<\/p>\n<p>La gente quiere muchas cosas. Est\u00e1 muy distra\u00edda. Est\u00e1 muy preocupada. Pero no sabe d\u00f3nde est\u00e1 ni qu\u00e9 est\u00e1 haciendo. Sus objetivos son los objetivos de la sociedad en su mayor\u00eda. Ellos no saben d\u00f3nde est\u00e1n yendo en la vida, ni por qu\u00e9 est\u00e1n aqu\u00ed, ni qui\u00e9n les envi\u00f3, ni qu\u00e9 les restaurar\u00e1 y les realizar\u00e1 y dar\u00e1 a su vida prop\u00f3sito y direcci\u00f3n.<\/p>\n<p>La Antigua Voz est\u00e1 habl\u00e1ndote ahora. Escuchar\u00e1s a la Antigua Voz respondiendo dentro de ti, pues tu conexi\u00f3n es muy profunda. Es como los r\u00edos que corren bajo la tierra en el desierto, r\u00edos subterr\u00e1neos con el agua m\u00e1s pura, pero que no pueden verse desde la superficie y que no pueden ser hallados excepto por otros medios.<\/p>\n<p>Aunque vives tu vida en la superficie, en lo profundo de ti est\u00e1s conectado a lo Divino. Y esta conexi\u00f3n se experimenta mediante la Llamada y la respuesta, siguiendo una Voz m\u00e1s profunda y una mayor direcci\u00f3n.<\/p>\n<p>La gente pregunta \u00bfpor qu\u00e9? \u00bfPor qu\u00e9 est\u00e1 ocurriendo esto? Deben detenerse y escuchar y aprender a escuchar, trayendo su atenci\u00f3n plenamente a este momento para poder escuchar y sentir y ver que la Revelaci\u00f3n est\u00e1 despertando en su interior.<\/p>\n<p>Por tanto, la Revelaci\u00f3n despierta la Revelaci\u00f3n dentro de cada persona. As\u00ed es como Dios habla al mundo en el Tiempo de Revelaci\u00f3n. Esto es relaci\u00f3n al nivel m\u00e1s profundo y significante.<\/p>\n<p>T\u00fa no puedes separarte de Dios, porque Dios va a todas partes contigo. Dios est\u00e1 contigo en todo momento, en todas tus actividades.<\/p>\n<p>Solo en tus pensamientos puedes estar separado, asoci\u00e1ndote con otras cosas, identific\u00e1ndote con otras cosas. Pero la Antigua Voz est\u00e1 dentro de ti, llam\u00e1ndote a responder, gui\u00e1ndote, reteni\u00e9ndote.<\/p>\n<p>Para entender tus premoniciones m\u00e1s profundas y los impulsos de tu coraz\u00f3n, debes comenzar a escuchar. Escucha dentro de ti. Escucha al mundo sin juzgarlo ni condenarlo. Escucha buscando las se\u00f1ales de lo que est\u00e1 viniendo. Escucha c\u00f3mo debes responder. Escucha con qui\u00e9n estar y con qui\u00e9n no estar.<\/p>\n<p>Aqu\u00ed no sigues el miedo. Aqu\u00ed no hay condena. Hay un mayor discernimiento y un mayor reconocimiento.<\/p>\n<p>Dios ha puesto el Conocimiento dentro de ti para guiarte y protegerte y conducirte a una vida y participaci\u00f3n mayores en el mundo. Esto reside m\u00e1s all\u00e1 del dominio y el alcance del intelecto. Est\u00e1 ocurriendo a un nivel m\u00e1s profundo.<\/p>\n<p>Una vez que comienzas a experimentarlo, comienzas a ganar un mayor discernimiento. Te vuelves m\u00e1s cuidadoso en lo que haces y en con qui\u00e9n te asocias. Escuchas a otros profundamente para ver si deber\u00edas participar con ellos y qu\u00e9 te est\u00e1n comunicando.<\/p>\n<p>Las personas creen muchas cosas, pero saben muy poco. Est\u00e1n viviendo en la superficie de la mente, que es turbulenta y ca\u00f3tica y est\u00e1 gobernada por los vientos y pasiones del mundo.<\/p>\n<p>Sus creencias son un sustituto de las relaciones m\u00e1s profundas. Sus preocupaciones son una evasi\u00f3n de la mayor involucraci\u00f3n que est\u00e1n destinadas a tener.<\/p>\n<p>Manteni\u00e9ndose aparte, no pueden ver. No pueden saber. No pueden responder. Est\u00e1n dominadas por sus pensamientos, por su mente, por sus reacciones. Son esclavas, viviendo de manera servil.<\/p>\n<p>Pero el Misterio est\u00e1 con ellas. Es lo m\u00e1s importante en la vida. M\u00e1s all\u00e1 de conseguir objetivos, asegurar la riqueza y la compa\u00f1\u00eda y el reconocimiento en la sociedad, esto es lo m\u00e1s importante, porque es el contexto para una mayor involucraci\u00f3n.<\/p>\n<p>El Misterio es la fuente de todo lo que es importante. Todas las grandes invenciones y contribuciones, las grandes relaciones, las grandes experiencias\u2026 todas estas cosas vienen del Misterio; qui\u00e9n eres, por qu\u00e9 est\u00e1s aqu\u00ed, qu\u00e9 est\u00e1 llam\u00e1ndote, tu mayor asociaci\u00f3n, tu destino con ciertas personas en el mundo, tu capacidad para encontrar tu camino mientras todos a tu alrededor est\u00e1n dormidos, so\u00f1ando, indiferentes. Este es un viaje que debes tomar, de lo contrario tu vida no ser\u00e1 m\u00e1s que un sue\u00f1o problem\u00e1tico.<\/p>\n<p>Cuando retornes a tu Familia Espiritual tras dejar este mundo, te mirar\u00e1n para ver si has logrado tu tarea, para ver si has hecho la conexi\u00f3n m\u00e1s profunda. Y t\u00fa sabr\u00e1s si la has hecho o no.<\/p>\n<p>No hay juicio ni condena aqu\u00ed, solo reconocimiento. Aqu\u00ed lo que era antes misterioso se vuelve la realidad misma. Y tus prioridades est\u00e1n claras. No hay distracciones. No hay resistencia.<\/p>\n<p>Y querr\u00e1s volver, dici\u00e9ndote: \u201cEsta vez recordar\u00e9. Ahora s\u00e9. Ahora puedo ver. Recordar\u00e9.\u201d<\/p>\n<p>Pero debes recordar mientras est\u00e1s aqu\u00ed. Eso hace toda la diferencia. Eso es el comienzo de todo lo que es importante. Es el punto de inflexi\u00f3n de tu vida.<\/p>\n<p>Es misterioso solo porque te has divorciado de ello, atrapado en el mundo de la forma, perdido en el mundo, madurando como individuo, adapt\u00e1ndote a un mundo cambiante y dif\u00edcil. Entonces algo viene a hacer que recuerdes, y comienzas a sentir que el Misterio est\u00e1 contigo y en ti y que est\u00e1 influy\u00e9ndote.<\/p>\n<p>Su Fuente est\u00e1 m\u00e1s all\u00e1 de la realidad f\u00edsica, porque aquello que eres est\u00e1 m\u00e1s all\u00e1 de la realidad f\u00edsica. En \u00faltima instancia te diriges m\u00e1s all\u00e1 de la realidad f\u00edsica, pero has de estar aqu\u00ed, pues fuiste enviado aqu\u00ed con un prop\u00f3sito. Ese es el Misterio.<\/p>\n<p>Nosotros hablamos de estas cosas para involucrarte a un nivel m\u00e1s profundo, para hacer salir aquello que es aut\u00e9ntico, para hablar a la parte de ti que apenas conoces y es la parte m\u00e1s grande de ti. Esta parte de ti responder\u00e1 debido a Nuestro antiguo compromiso conjunto.<\/p>\n<p>Esto te da miedo, pero tambi\u00e9n lo deseas. Es un deseo natural, m\u00e1s natural que cualquier cosa que est\u00e9s haciendo o puedas hacer en el mundo.<\/p>\n<p>Es la Involucraci\u00f3n.<\/p>\n","protected":false},"excerpt":{"rendered":"<p>Hoy hablaremos de Dios, la Autoridad Superior. La Autoridad Superior te habla ahora, habl\u00e1ndote a trav\u00e9s de la Presencia Ang\u00e9lica, hablando a una parte de ti que est\u00e1 en el centro y la fuente mismos de tu Ser, hablando m\u00e1s all\u00e1 de tu condicionamiento social, m\u00e1s all\u00e1 de tus ideas y creencias y las ideas\u2026 <a class=\"read-more\" href=\"https:\/\/www.v6.newmessage.org\/es\/about-text-shortcode\"><span>Read More<\/span><\/a><\/p>\n","protected":false},"author":1,"featured_media":0,"parent":16290,"menu_order":9,"comment_status":"closed","ping_status":"closed","template":"template-leftsidebar.php","meta":{"_monsterinsights_skip_tracking":false,"_monsterinsights_sitenote_active":false,"_monsterinsights_sitenote_note":"","_monsterinsights_sitenote_category":0,"footnotes":""},"categories":[76,118,30,461,460],"tags":[355],"_links":{"self":[{"href":"https:\/\/www.v6.newmessage.org\/es\/wp-json\/wp\/v2\/pages\/643"}],"collection":[{"href":"https:\/\/www.v6.newmessage.org\/es\/wp-json\/wp\/v2\/pages"}],"about":[{"href":"https:\/\/www.v6.newmessage.org\/es\/wp-json\/wp\/v2\/types\/page"}],"author":[{"embeddable":true,"href":"https:\/\/www.v6.newmessage.org\/es\/wp-json\/wp\/v2\/users\/1"}],"replies":[{"embeddable":true,"href":"https:\/\/www.v6.newmessage.org\/es\/wp-json\/wp\/v2\/comments?post=643"}],"version-history":[{"count":30,"href":"https:\/\/www.v6.newmessage.org\/es\/wp-json\/wp\/v2\/pages\/643\/revisions"}],"predecessor-version":[{"id":28324,"href":"https:\/\/www.v6.newmessage.org\/es\/wp-json\/wp\/v2\/pages\/643\/revisions\/28324"}],"up":[{"embeddable":true,"href":"https:\/\/www.v6.newmessage.org\/es\/wp-json\/wp\/v2\/pages\/16290"}],"wp:attachment":[{"href":"https:\/\/www.v6.newmessage.org\/es\/wp-json\/wp\/v2\/media?parent=643"}],"wp:term":[{"taxonomy":"category","embeddable":true,"href":"https:\/\/www.v6.newmessage.org\/es\/wp-json\/wp\/v2\/categories?post=643"},{"taxonomy":"post_tag","embeddable":true,"href":"https:\/\/www.v6.newmessage.org\/es\/wp-json\/wp\/v2\/tags?post=643"}],"curies":[{"name":"wp","href":"https:\/\/api.w.org\/{rel}","templated":true}]}}