{"id":625,"date":"2011-08-19T13:13:08","date_gmt":"2011-08-19T20:13:08","guid":{"rendered":"http:\/\/wp.www.newmessage.org\/?p=625"},"modified":"2017-09-15T08:58:21","modified_gmt":"2017-09-15T08:58:21","slug":"la-historia-del-mensajero","status":"publish","type":"page","link":"https:\/\/www.v6.newmessage.org\/es\/el-mensaje\/volumen-1\/el-nuevo-mensajero\/la-historia-del-mensajero","title":{"rendered":"La historia del Mensajero"},"content":{"rendered":"<div><!-- Versi\u00f3n espa\u00f1ola 1.3 --><\/div>\n\n<div class=\"tabgroup \"><ul class=\"tabs\"><li><a href=\"#tabs-1\">Acerca de<\/a><\/li>\n<li><a href=\"#tabs-2\">Nota<\/a><\/li><\/ul>\n <div id=\"tabs-1\"><br \/>\n<i>Como le fue revelado a<\/i><br \/>\n<i>Marshall Vian Summers<\/i><br \/>\n<i>el 23 de mayo de 2011<\/i><br \/>\n<i>en Boulder, Colorado, Estados Unidos<\/i><\/p>\n<p>Texto original: <a href=\"https:\/\/www.newmessage.org\/the-message\/volume-1\/new-messenger\/the-story-of-the-messenger\">The Story of the Messenger<\/a><\/p>\n<p>Escucha el audio original aqu\u00ed (en ingl\u00e9s):<\/p>\n<div id=\"jquery_jplayer_1\" class=\"jp-jplayer\"><\/div>\n\t\t\t\t<div id=\"jp_container_1\" class=\"jp-audio\">\n\t\t\t\t<div class=\"jp-type-single\"><div class=\"jp-control\"><a href=\"javascript:;\" class=\"jp-play\" tabindex=\"1\">play<\/a><a href=\"javascript:;\" class=\"jp-pause\" tabindex=\"1\">pause<\/a><\/div> <div class=\"jp-gui jp-interface\"><div class=\"jp-volume\"><div class=\"jp-volume-bar\"><div class=\"jp-volume-bar-value\"><\/div><\/div><\/div><div class=\"jp-progress\"><div class=\"jp-seek-bar\"><div class=\"jp-play-bar\"><\/div><\/div><\/div><\/div>\t\t\t\t\t<div class=\"jp-no-solution\"><span>Update Required<\/span>To play the media you will need to either update your browser to a recent version or update your <a href=\"http:\/\/get.adobe.com\/flashplayer\/\" target=\"_blank\">Flash plugin<\/a>.<\/div><\/div><\/div>\n\t\t\t<script type='text\/javascript'>\n\t\t\t\tjQuery(document).ready(function() {\n\t\t\t\t\tif (typeof (sermonMedia) == 'function') {\n\t\t\t\t\t\tsermonMedia.addAudio('', \"jquery_jplayer_1\");\n\t\t\t\t\t}\n\t\t\t\t\tjQuery.jPlayer.timeFormat.showHour = true;\n\t\t\t\t\tjQuery(\"#jquery_jplayer_1\").jPlayer({\n\t\t\t\t\t\tready: function(event) {\n\t\t\t\t\t\t\tjQuery(this).jPlayer(\"setMedia\", {mp3: 'https:\/\/www.newmessage.org\/av\/the-story-of-the-messenger.mp3'});\n\t\t\t\t\t\t},\n\t\t\t\t\t\tplay: function() {\n\t\t\t\t\t\t\tjQuery(this).jPlayer(\"pauseOthers\");\n\t\t\t\t\t\t},\n\t\t\t\t\t\tswfPath: ThemeData.directory_uri+\"\/swf\",\n\t\t\t\t\t\tsolution: \"html, flash\",\n\t\t\t\t\t\tpreload: \"metadata\",\n\t\t\t\t\t\twmode: \"window\",\n\t\t\t\t\t\tsupplied: \"mp3\",\n\t\t\t\t\t\tcssSelectorAncestor: '#jp_container_1'\n\t\t\t\t\t});\n\t\t\t\t});\n\t\t\t<\/script><\/p>\n<p><a title=\"La historia del Mensajero\" href=\"https:\/\/www.newmessage.org\/av\/the-story-of-the-messenger.mp3\">Descargar<\/a> (cliquea en el bot\u00f3n derecho y selecciona \u201cguardar enlace como\u201d)<\/p>\n<div class=\"toggle toggle-white\"><h4 class=\"trigger \"><span class=\"t_ico\"><\/span><a href=\"#\">M\u00e1s informaci\u00f3n sobre este texto<\/a><\/h4><div class=\"toggle_container \"><br \/>\n<p>Lo que est\u00e1s leyendo en este texto es la transcripci\u00f3n de la voz original de la Asamblea Ang\u00e9lica hablando a trav\u00e9s del Mensajero Marshall Vian Summers.<\/p>\n<p>Aqu\u00ed, la comunicaci\u00f3n original de Dios, que existe m\u00e1s all\u00e1 de las palabras, es traducida al lenguaje y el entendimiento humanos por la Asamblea Ang\u00e9lica que supervisa el mundo. La Asamblea despu\u00e9s entrega el Mensaje de Dios a trav\u00e9s del Mensajero, tras lo cual es transcrito y puesto a tu disposici\u00f3n y a disposici\u00f3n de todos.<\/p>\n<p>En este extraordinario proceso, la Voz de la Revelaci\u00f3n est\u00e1 hablando de nuevo. La Palabra y el Sonido est\u00e1n en el mundo. Que puedas ser el receptor de este regalo de Revelaci\u00f3n y puedas estar abierto a recibir su Mensaje \u00fanico para ti y para tu vida.<\/p>\n<br \/>\n<\/div><\/div><br \/>\n<\/div>\n<div id=\"tabs-2\"><br \/>\n<em>Nota a los lectores:<br \/>\nEsta traducci\u00f3n fue provista a la <\/em>Society<em> por estudiantes del Nuevo Mensaje que se han ofrecido voluntariamente a traducir el texto original en ingl\u00e9s. La publicamos en esta forma inicial para que todo el mundo tenga una oportunidad de interactuar con una porci\u00f3n del Nuevo Mensaje en un su propio idioma.<\/em><br \/>\n<\/div>\n\t\t\t\t<div align=\"right\">\n\t\t\t<div class=\"fb-like\" data-href=\"\" data-layout=\"button_count\" data-action=\"like\" data-show-faces=\"false\" data-share=\"false\"><\/div>\n\t\t\t<div class=\"fb-share-button\" data-layout=\"button_count\"> <\/div>\n\t\t\t<div class=\"fb_iframe_widget\"><a href=\"https:\/\/twitter.com\/godsnewmessage?ref_src=twsrc%5Etfw\" class=\"twitter-follow-button\" data-show-count=\"false\">Follow @godsnewmessage<\/a><script async src=\"https:\/\/platform.twitter.com\/widgets.js\" charset=\"utf-8\"><\/script><\/div>\n\t\t\t<\/div> <\/div> \n\n<p>Hoy vamos a contar la historia del Mensajero.\u00a0Es una historia que tiene un gran poder y significado si puede comprenderse.<\/p>\n<p>Porque el Mensajero no es una persona com\u00fan, aunque por fuera \u00e9l parece ser com\u00fan.\u00a0Y debido a que es un hombre humilde, no se exalta a s\u00ed mismo en modo alguno.\u00a0\u00c9l no busca el reconocimiento, sino una conexi\u00f3n m\u00e1s profunda con aquellos que est\u00e1n destinados a encontrarle y recibir la Nueva Revelaci\u00f3n de Dios.<\/p>\n<p>En este sentido, \u00e9l es discreto y permanecer\u00e1 en silencio con otros.\u00a0Su proclamaci\u00f3n no es suya, sino de la Revelaci\u00f3n, pues para eso ha llegado.\u00a0Esa es su raz\u00f3n para estar en el mundo.<\/p>\n<p>Sin embargo, en la mayor parte de su vida hasta ahora, \u00e9l no era consciente de ello.\u00a0Porque su llamada en la vida vino despu\u00e9s, en el momento en que estuvo preparado para recibirla y comenzar el largo aprendizaje que necesitar\u00eda para prepararse para recibir la Revelaci\u00f3n y despu\u00e9s para recibir la Revelaci\u00f3n misma.<\/p>\n<p>Cuarenta a\u00f1os tardar\u00eda en hacer todo esto. Cuarenta a\u00f1os permaneciendo disponible, pisando territorio inexplorado sin un resultado asegurado, sin comprender la importancia de su esfuerzo. Cuarenta a\u00f1os sin otras obligaciones importantes m\u00e1s all\u00e1 de su familia.\u00a0Cuarenta a\u00f1os para desarrollar la confianza, la lealtad y la integridad que necesitar\u00eda para convertirse en el Mensajero.<\/p>\n<p>Antes de ser enviado al mundo, la Hueste Ang\u00e9lica le prepar\u00f3 y coloc\u00f3 en lo profundo de su mente la conciencia y el entendimiento que m\u00e1s tarde traer\u00eda al mundo: el Conocimiento y la Sabidur\u00eda del universo, de las razas m\u00e1s avanzadas del universo; una comprensi\u00f3n del futuro del mundo y de a d\u00f3nde se dirige la humanidad en su evoluci\u00f3n, as\u00ed como de todos los grandes peligros y riesgos asociados con esto; una mayor comprensi\u00f3n de las relaciones humanas, que le dar\u00eda una mayor madurez seg\u00fan se hiciera adulto en el mundo.<\/p>\n<p>Todo esto fue colocado en lo profundo de \u00e9l, bajo la superficie de la mente \u2014para ser descubierto despu\u00e9s, para emerger despu\u00e9s y resonar m\u00e1s tarde con la Revelaci\u00f3n misma\u2014. Porque la Revelaci\u00f3n no le ser\u00eda ajena, debido a lo que se le entreg\u00f3 antes de venir al mundo.<\/p>\n<p>\u00c9l fue enviado a una familia \u2014una familia conservadora\u2014 que viv\u00eda en Estados Unidos, una familia que no tendr\u00eda noci\u00f3n de su mayor destino y su mayor comprensi\u00f3n.\u00a0All\u00ed crecer\u00eda con un m\u00ednimo de influencias del mundo, aislado y protegido de las tragedias y la corrupci\u00f3n del mundo a su alrededor.\u00a0Crecer\u00eda en una familia con dos hermanos mayores y un padre enfermo, un padre que de otro modo habr\u00eda tenido una influencia indebida sobre \u00e9l. Se estaba preparando el terreno para que algo emergiera en un futuro lejano.<\/p>\n<p>\u00c9l pasar\u00eda por la escuela, gradu\u00e1ndose en la universidad, y la \u00fanica conciencia que tendr\u00eda es la de tener un prop\u00f3sito y un destino mayores y muy inusuales en el mundo.\u00a0\u00c9l fue refrenado de entregarse a cualquier carrera profesional o a cualquier relaci\u00f3n, refrenado de comprometer su vida antes de que pudiera producirse la Revelaci\u00f3n.<\/p>\n<p>Durante este per\u00edodo, \u00e9l aprender\u00eda mucho sobre la condici\u00f3n del mundo y sobre las relaciones humanas.\u00a0\u00c9l conocer\u00eda a muchas personas y hasta cierto punto probar\u00eda los dolores y placeres de este mundo, pero siempre retenido por algo m\u00e1s grande.<\/p>\n<p>Para esto, tendr\u00eda que aprender a confiar en que no estaba perdiendo o desperdiciando su vida.\u00a0La Presencia estaba con \u00e9l solo lo necesario para poder mantener su verdadera direcci\u00f3n y apuntar su vida hacia la cita sagrada que ocurrir\u00eda mucho tiempo despu\u00e9s.<\/p>\n<p>Cuando ten\u00eda treinta y dos a\u00f1os nos presentamos a \u00e9l y comenz\u00f3 la iniciaci\u00f3n, una iniciaci\u00f3n que alterar\u00eda toda su vida.\u00a0Sin embargo, debido a quien era y a lo que hab\u00eda recibido, la resonancia estar\u00eda ah\u00ed.\u00a0Nuestra presencia y Nuestro prop\u00f3sito no le ser\u00edan ajenos \u2014solo impactantes, nuevos e inciertos.<\/p>\n<p>Un a\u00f1o m\u00e1s tarde se reunir\u00eda con su gran compa\u00f1era, su esposa, que viajar\u00eda con \u00e9l a trav\u00e9s de todos los a\u00f1os dif\u00edciles de formaci\u00f3n que se requerir\u00edan para prepararle para su papel mayor en la vida.\u00a0Su hijo llegar\u00eda poco despu\u00e9s, y tambi\u00e9n \u00e9l tendr\u00eda un destino mayor con su padre.<\/p>\n<p>Otros se unir\u00edan a \u00e9l al comenzar su larga preparaci\u00f3n.\u00a0Sin embargo, no todos ellos ser\u00edan capaces de quedarse con \u00e9l. Algunos fallar\u00edan y se saldr\u00edan del camino, o bien solo podr\u00edan proporcionar apoyo por un tiempo muy corto.\u00a0Sin embargo, sus verdaderos compa\u00f1eros comenzar\u00edan a llegar a medida que \u00e9l hiciera progresos en su preparaci\u00f3n.<\/p>\n<p>Cuando ten\u00eda cuarenta a\u00f1os le fueron dados los\u00a0Pasos al Conocimiento, la gran Ense\u00f1anza de la Revelaci\u00f3n, el Libro de Pr\u00e1cticas. \u00c9l ser\u00eda preparado para recibirlo en muy poco tiempo, en circunstancias extraordinarias.\u00a0Esto dar\u00eda comienzo a otra etapa de su preparaci\u00f3n para ser el Mensajero.<\/p>\n<p>Pero incluso a esta edad \u00e9l no sab\u00eda todav\u00eda de su destino y su futuro papel, porque estas cosas no pueden revelarse demasiado pronto, o la persona puede aterrorizarse o abrumarse y retirarse o huir.\u00a0Por tanto, la toma de conciencia de su destino y su importante papel en el mundo se dar\u00eda solo gradualmente, a medida que \u00e9l progresara.<\/p>\n<p>Durante este tiempo, \u00e9l trat\u00f3 que otros fueran con \u00e9l en su inexplicable viaje, pero pocos podr\u00edan un\u00edrsele m\u00e1s all\u00e1 de su esposa, su hijo y otras pocas personas. Porque \u00bfqui\u00e9n puede recorrer el camino del Misterio y mantener en el proceso su salud, su bienestar y su estabilidad en el mundo?<\/p>\n<p>Para que Marshall pudiera convertirse en el Mensajero, tendr\u00eda que tener un pie en ambos mundos. [Por una parte,] un pie en el mundo real de las interacciones y las relaciones humanas y las dificultades y complejidades de las relaciones entre las naciones.\u00a0Tendr\u00eda que ver cosas que eran muy preocupantes.\u00a0\u00c9l no pod\u00eda esconderse en un mundo preferencial, creyendo solo cosas felices, hermosas o espirituales.<\/p>\n<p>[Por otra parte,] tendr\u00eda que tener un pie en el Misterio, profundamente anclado all\u00ed, de modo que los desaf\u00edos y las tentaciones del futuro no lo sacaran de su papel y su prop\u00f3sito.<\/p>\n<p>\u00bfQui\u00e9n en el mundo puede entender estas cosas?\u00a0\u00bfQui\u00e9n en el mundo ha conocido en su vida al Mensajero o puede comprender el misterio y el poder de su presencia en el mundo?<\/p>\n<p>Muchas personas simplemente quieren cosas del Mensajero \u2014milagros, dispensas, favores\u2014.\u00a0Ellos quieren ser curados.\u00a0Quieren ser bendecidos.\u00a0Quieren ser enriquecidos. Quieren ser rescatados.\u00a0Quieren ser salvados.\u00a0No les importa qui\u00e9n es \u00e9l, siempre y cuando pueda proporcionarles estas cosas, y entonces ellos creer\u00e1n, pero solo para recibir, ya ves.<\/p>\n<p>Su viaje, por tanto, ser\u00eda en solitario, aislado, fuera del alcance hasta de aquellos que hab\u00edan sido enviados para que lo acompa\u00f1aran, para que le ayudaran.<\/p>\n<p>\u00c9l tendr\u00eda que vivir en dos mundos, uniendo dos realidades que son muy diferentes entre s\u00ed. \u00bfQui\u00e9n puede hacer esto sin perder la cabeza, sin romperse en pedazos, sin ser seducido por fuerzas m\u00e1s oscuras en el mundo o ser superado por la tragedia, la p\u00e9rdida y la privaci\u00f3n?\u00a0Ha sido un largo camino, un camino muy dif\u00edcil y con muchos peligros, pero el Mensajero ha llegado a su destino.<\/p>\n<p>Le ha llevado m\u00e1s de veinticinco a\u00f1os recibir la Revelaci\u00f3n; es as\u00ed de grande.\u00a0Es la mayor Revelaci\u00f3n que se ha dado jam\u00e1s a este mundo, porque el mundo ahora es un mundo alfabetizado, un mundo de comunidades humanas y una comunidad mundial, un mundo de transportes, infraestructuras y comunicaciones globales.<\/p>\n<p>Aqu\u00ed no te est\u00e1s preparando para vivir una dulce vida pastoral en alg\u00fan lugar.\u00a0Te est\u00e1s preparando para un mundo en declive, un mundo de recursos en disminuci\u00f3n y creciente agitaci\u00f3n econ\u00f3mica y pol\u00edtica, y est\u00e1s encarando la realidad de la vida en el universo \u2014una realidad que plantea riesgos, peligros y oportunidades que la humanidad a\u00fan no ha reconocido\u00ad.<\/p>\n<p>Estas son cosas sobre las que el Mensajero ha sido preparado para hablar, porque forman parte de la Revelaci\u00f3n, tal y como forman parte del destino de la humanidad \u2014un destino que todav\u00eda pocos en el mundo pueden ver claramente sin distorsi\u00f3n o preferencias personales.<\/p>\n<p>El Mensajero parece normal.\u00a0\u00c9l es un hombre humilde.\u00a0\u00c9l no va a afirmarse personalmente a s\u00ed mismo.\u00a0Pero en su interior est\u00e1 el misterio y el poder de la Creaci\u00f3n, as\u00ed como el puente entre este mundo y la Presencia Divina que supervisa este mundo.<\/p>\n<p>\u00c9l es en parte uno de Nosotros y en parte uno de vosotros.\u00a0\u00c9l tiene que mantener ambas realidades y ser el pastor que guie a las personas hacia las alturas de la monta\u00f1a que han de ascender.<\/p>\n<p>\u00bfEs \u00e9l tan grande como los grandes Emisarios del pasado?\u00a0Solo el tiempo y las circunstancias lo dir\u00e1n.\u00a0\u00c9l mismo no proclamar\u00e1 esto, como ves, porque nunca se escoge a los ambiciosos.\u00a0Los que buscan la su propia glorificaci\u00f3n nunca reciben un papel mayor que desempe\u00f1ar o Mensajes mayores para la humanidad.\u00a0Solo aquel que es renuente, honesto y autorreflexivo podr\u00eda ser elegido para un papel tan alto y significativo.<\/p>\n<p>Porque solo hay un Mensajero en el mundo, y este Mensajero ser\u00e1 el Mensajero para este tiempo y los tiempos que vendr\u00e1n.\u00a0Nadie m\u00e1s afirmando esto para s\u00ed mismo puede traer la Revelaci\u00f3n. Nadie m\u00e1s puede recorrer el viaje que el Mensajero ha tenido que recorrer.<\/p>\n<p>Otros dar\u00e1n regalos importantes all\u00ed donde se necesitan, y en \u00faltima instancia todo el mundo est\u00e1 destinado a hacerlo, porque eso forma parte del prop\u00f3sito de cada persona.\u00a0Todo el mundo es un conducto para una Presencia y un Poder mayores.\u00a0Pero solo hay un Mensajero cuyo Mensaje alterar\u00e1 el curso de la comprensi\u00f3n humana y hablar\u00e1 del gran cambio que modificar\u00e1 el curso del destino y la evoluci\u00f3n humanos.<\/p>\n<p>Sin el Nuevo Mensaje de Dios, la humanidad caer\u00eda en graves conflictos y un estrepitoso declive, volvi\u00e9ndose vulnerable a los poderes extranjeros que ya est\u00e1n en este mundo para ganar aqu\u00ed influencia y autoridad.\u00a0Las personas no se dan cuenta que est\u00e1n frente al precipicio, no solo de un gran cambio sino tambi\u00e9n de la subyugaci\u00f3n.<\/p>\n<p>Esta es la Oscuridad Mayor en el mundo, una Oscuridad Mayor de la que muchas personas tienen demasiado miedo para incluso pensar en ella.\u00a0Pero es algo para lo que la humanidad debe prepararse, y es por eso que Dios ha entregado una Nueva Revelaci\u00f3n.<\/p>\n<p>Un nuevo Profeta ha venido al mundo.\u00a0J\u00fazgalo cuanto puedas.\u00a0Ex\u00e1ltalo o ni\u00e9galo.\u00a0Ll\u00e1malo grande o ll\u00e1malo otras cosas.\u00a0La estimaci\u00f3n de las personas no tiene nada que ver con la realidad. Porque lo que la gente quiere y lo que Dios sabe no es lo mismo.\u00a0Lo que las personas piensan y d\u00f3nde est\u00e1 yendo el mundo no es lo mismo.<\/p>\n<p>El Mensajero ser\u00e1 negado. Ser\u00e1 ridiculizado.\u00a0Otros le atacar\u00e1n.\u00a0Otros se sentir\u00e1n amenazados por su presencia y sus proclamas \u2014no porque \u00e9l est\u00e9 equivocado, sino porque no pueden afrontar el hecho de que Dios haya hablado de nuevo\u2014.\u00a0Ellos no tendr\u00e1n el coraje o la humildad necesarios para reconsiderar su posici\u00f3n, sus ideas o su inversi\u00f3n previa en s\u00ed mismos.<\/p>\n<p>Este es el desaf\u00edo de encontrarse con el Mensajero.\u00a0\u00c9l trae toda una nueva realidad con \u00e9l, en \u00e9l, alrededor de \u00e9l y a trav\u00e9s de \u00e9l, una realidad que la humanidad como colectivo a\u00fan no es suficientemente madura para enfrentar. Solo [algunos] individuos estar\u00e1n preparados para \u00e9l, porque han sido preparados a trav\u00e9s de su experiencia de vida, a trav\u00e9s de la desilusi\u00f3n, la decepci\u00f3n y otras cosas.<\/p>\n<p>Hay muchas personas esperando a la Nueva Revelaci\u00f3n.\u00a0Ellas deben saber del Mensajero, porque \u00e9l es la demostraci\u00f3n de que el Poder y la Presencia han llegado al mundo de nuevo.<\/p>\n<p>Para ver esto, debes mirar con ojos despejados. Debes escuchar.\u00a0 Debes escuchar de una manera m\u00e1s profunda.\u00a0Debes permitir que responda el poder del Conocimiento, la inteligencia m\u00e1s profunda dentro de ti.<\/p>\n<p>Porque si juzgas al Mensajero bas\u00e1ndote en ideas o en tus propias proyecciones de miedo y culpa, t\u00fa no ver\u00e1s y no sabr\u00e1s.<\/p>\n<p>Si no puedes recibir la Nueva Revelaci\u00f3n de Dios, entonces \u00bfqu\u00e9 puede realmente hacer Dios por ti?\u00a0Si no puedes seguir lo que Dios ha puesto dentro de ti para guiarte, el poder y la presencia del Conocimiento, \u00bfqu\u00e9 m\u00e1s puede hacer Dios por ti o por el mundo?<\/p>\n<p>Hay incontables mundos en el universo, mundos habitados.\u00a0Este es solo uno.\u00a0El Se\u00f1or de este mundo es el Se\u00f1or de todos los mundos.\u00a0El universo que est\u00e1s encarando no es humano, y es por eso que tus nociones del Cielo e Infierno son tan incorrectas, tan limitadas y realmente pat\u00e9ticas. Llevarte a la Comunidad Mayor representa parte del prop\u00f3sito del Mensajero y la Nueva Revelaci\u00f3n.<\/p>\n<p>El Mensajero se enfrenta a una tarea monumental.\u00a0\u00c9l solo no puede llevar la Revelaci\u00f3n al mundo.\u00a0Se requerir\u00e1 la participaci\u00f3n, la contribuci\u00f3n y la comunicaci\u00f3n de muchos otros que le puedan ayudar de esta forma.<\/p>\n<p>La Revelaci\u00f3n se ha dado con su propio comentario, y se ha dado con tanto detalle y repetici\u00f3n que no depender\u00e1 tanto de la interpretaci\u00f3n humana como dependieron los Mensajes anteriores que se dieron a la humanidad.\u00a0Trae consigo la comprensi\u00f3n de la espiritualidad al nivel del Conocimiento \u2014el Conocimiento y la Sabidur\u00eda de la Comunidad Mayor\u2014, una preparaci\u00f3n para un mundo nuevo y en declive, una gran ense\u00f1anza sobre las relaciones humanas y la responsabilidad y lo que las naciones deben saber para cooperar entre s\u00ed frente al gran cambio que se avecina.<\/p>\n<p>Esto no es la filosof\u00eda de un hombre.\u00a0Esto est\u00e1 m\u00e1s all\u00e1 de la filosof\u00eda.\u00a0No est\u00e1 asociado con ninguna religi\u00f3n mundial.\u00a0Es el comienzo de toda una nueva comprensi\u00f3n.\u00a0Esto no es un rechazo o reacci\u00f3n a las religiones del mundo.\u00a0Es un Nuevo Mensaje de Dios.<\/p>\n<p>El Mensajero est\u00e1 en el mundo.\u00a0\u00c9l no estar\u00e1 en el mundo por un tiempo muy largo en el futuro, y es por eso que aquellos que tienen esta gran oportunidad deben reconocerle.<\/p>\n<p>Su vida ha sido inexplicable.\u00a0Su presencia es inexplicable.\u00a0Debes mirar con ojos despejados y escuchar de una manera m\u00e1s profunda para reconocer estas cosas.\u00a0La carga entonces est\u00e1 sobre el oyente, sobre el beneficiario.<\/p>\n<p>El Mensajero ha recibido casi toda la comunicaci\u00f3n.\u00a0Es suficiente para durar durante generaciones y siglos.\u00a0Porque nadie puede decirte c\u00f3mo prepararte para el nuevo mundo.\u00a0Nadie puede decirte c\u00f3mo prepararte para una Comunidad Mayor de vida inteligente \u2014un entorno competitivo en una escala que ni siquiera puedes imaginar\u2014.\u00a0Nadie puede hablarte de la mente m\u00e1s profunda. Nadie puede proveer la Nueva Revelaci\u00f3n.<\/p>\n<p>Las Revelaciones se dan siempre a una persona, as\u00ed no hay confusi\u00f3n.\u00a0No hay versiones diferentes.\u00a0No hay competencia entre diferentes individuos que hacen la misma afirmaci\u00f3n y proclamaci\u00f3n.\u00a0Lo que puede traer una nueva conciencia y realidad al mundo es siempre un individuo con la ayuda de algunas personas valientes.<\/p>\n<p>Cada \u00e9poca tiene sus profetas, pero los Mensajeros solo vienen de modo infrecuente para alterar el curso de la comprensi\u00f3n, la conciencia y el destino humanos.<\/p>\n<p>Ver\u00e1s que el Mensajero ser\u00e1 juzgado, que ser\u00e1 condenado.\u00a0Otros se propondr\u00e1n destruirlo.\u00a0Aprende las lecciones del pasado en este sentido.\u00a0\u00c9l no est\u00e1 aqu\u00ed simplemente para sacrificarse a s\u00ed mismo para que otras personas puedan crear una historia sobre \u00e9l.\u00a0\u00c9l tiene su propia historia \u2014la historia del Mensajero\u2014 una historia que \u00e9l es demasiado humilde para contar, una historia que debe revelarse a todos los que puedan escucharla y entenderla.<\/p>\n<p>Las personas quieren que el Mensajero sea muchas cosas, para satisfacer sus deseos, sus creencias y sus preferencias.\u00a0Pero el Mensajero ha sido preparado por un Poder Mayor y enviado por la Divinidad para estar en el mundo de acuerdo con un Plan y un destino Mayores.<\/p>\n<p>Ten cuidado entonces en c\u00f3mo te acercas a este raro y significativo individuo.\u00a0Ten cuidado con tus expectativas, tus creencias, tus ideas preconcebidas, tus juicios y tus quejas. Pues todas estas cosas pueden impedir que veas qui\u00e9n es \u00e9l y lo que puede ofrecerte a ti y a todo el mundo.<\/p>\n<p>Que la Bendici\u00f3n le acompa\u00f1e.\u00a0El Poder y la Presencia est\u00e1n con \u00e9l.<\/p>\n<p>\u00c9l es falible.\u00a0No es perfecto.\u00a0\u00c9l se enfrentar\u00e1 a muchas dificultades.\u00a0Es lo que est\u00e1 en \u00e9l, con \u00e9l y a trav\u00e9s de \u00e9l lo que es perfecto.\u00a0Su vida es un veh\u00edculo para esto, como tambi\u00e9n tu vida es un veh\u00edculo para algo importante. Pero \u00e9l es la semilla de un futuro mayor para la humanidad, de una nueva comprensi\u00f3n de vuestra existencia dentro de una Comunidad Mayor de vida y del gran punto de inflexi\u00f3n que la humanidad est\u00e1 empezando a experimentar.<\/p>\n<p>Deja que esta sea tu comprensi\u00f3n, pero no llegues a conclusiones, pues la conciencia del Mensajero est\u00e1 solo empezando.<\/p>\n","protected":false},"excerpt":{"rendered":"<p>Hoy vamos a contar la historia del Mensajero.\u00a0Es una historia que tiene un gran poder y significado si puede comprenderse. Porque el Mensajero no es una persona com\u00fan, aunque por fuera \u00e9l parece ser com\u00fan.\u00a0Y debido a que es un hombre humilde, no se exalta a s\u00ed mismo en modo alguno.\u00a0\u00c9l no busca el reconocimiento,\u2026 <a class=\"read-more\" href=\"https:\/\/www.v6.newmessage.org\/es\/about-text-shortcode\"><span>Read More<\/span><\/a><\/p>\n","protected":false},"author":1,"featured_media":0,"parent":16489,"menu_order":1,"comment_status":"closed","ping_status":"closed","template":"template-leftsidebar.php","meta":{"_monsterinsights_skip_tracking":false,"_monsterinsights_sitenote_active":false,"_monsterinsights_sitenote_note":"","_monsterinsights_sitenote_category":0,"footnotes":""},"categories":[76,119,30,465,460],"tags":[127,219,398,399],"_links":{"self":[{"href":"https:\/\/www.v6.newmessage.org\/es\/wp-json\/wp\/v2\/pages\/625"}],"collection":[{"href":"https:\/\/www.v6.newmessage.org\/es\/wp-json\/wp\/v2\/pages"}],"about":[{"href":"https:\/\/www.v6.newmessage.org\/es\/wp-json\/wp\/v2\/types\/page"}],"author":[{"embeddable":true,"href":"https:\/\/www.v6.newmessage.org\/es\/wp-json\/wp\/v2\/users\/1"}],"replies":[{"embeddable":true,"href":"https:\/\/www.v6.newmessage.org\/es\/wp-json\/wp\/v2\/comments?post=625"}],"version-history":[{"count":28,"href":"https:\/\/www.v6.newmessage.org\/es\/wp-json\/wp\/v2\/pages\/625\/revisions"}],"predecessor-version":[{"id":27004,"href":"https:\/\/www.v6.newmessage.org\/es\/wp-json\/wp\/v2\/pages\/625\/revisions\/27004"}],"up":[{"embeddable":true,"href":"https:\/\/www.v6.newmessage.org\/es\/wp-json\/wp\/v2\/pages\/16489"}],"wp:attachment":[{"href":"https:\/\/www.v6.newmessage.org\/es\/wp-json\/wp\/v2\/media?parent=625"}],"wp:term":[{"taxonomy":"category","embeddable":true,"href":"https:\/\/www.v6.newmessage.org\/es\/wp-json\/wp\/v2\/categories?post=625"},{"taxonomy":"post_tag","embeddable":true,"href":"https:\/\/www.v6.newmessage.org\/es\/wp-json\/wp\/v2\/tags?post=625"}],"curies":[{"name":"wp","href":"https:\/\/api.w.org\/{rel}","templated":true}]}}