{"id":548,"date":"2011-10-21T12:29:33","date_gmt":"2011-10-21T19:29:33","guid":{"rendered":"http:\/\/wp.www.newmessage.org\/?p=548"},"modified":"2017-09-15T09:49:38","modified_gmt":"2017-09-15T09:49:38","slug":"la-carga-del-mensajero","status":"publish","type":"page","link":"https:\/\/www.v6.newmessage.org\/es\/el-mensaje\/otras-revelaciones\/la-carga-del-mensajero","title":{"rendered":"La carga del Mensajero"},"content":{"rendered":"<div><!-- Versi\u00f3n espa\u00f1ola 1.3 --><\/div>\n\n<div class=\"tabgroup \"><ul class=\"tabs\"><li><a href=\"#tabs-1\">Acerca de<\/a><\/li>\n<li><a href=\"#tabs-2\">Nota<\/a><\/li><\/ul>\n <div id=\"tabs-1\"><br \/>\n<i>Como le fue revelado a<\/i><br \/>\n<i>Marshall Vian Summers<\/i><br \/>\n<i>el 5 de abril de 2011<\/i><br \/>\n<i>en Boulder, Colorado, Estados Unidos<\/i><\/p>\n<p>Texto original: <a href=\"https:\/\/www.newmessage.org\/the-message\/volume-1\/new-messenger\/the-burden-of-the-messenger\">The Burden of The Messenger<\/a><\/p>\n<p>Escucha el audio original aqu\u00ed (en ingl\u00e9s):<\/p>\n<div id=\"jquery_jplayer_1\" class=\"jp-jplayer\"><\/div>\n\t\t\t\t<div id=\"jp_container_1\" class=\"jp-audio\">\n\t\t\t\t<div class=\"jp-type-single\"><div class=\"jp-control\"><a href=\"javascript:;\" class=\"jp-play\" tabindex=\"1\">play<\/a><a href=\"javascript:;\" class=\"jp-pause\" tabindex=\"1\">pause<\/a><\/div> <div class=\"jp-gui jp-interface\"><div class=\"jp-volume\"><div class=\"jp-volume-bar\"><div class=\"jp-volume-bar-value\"><\/div><\/div><\/div><div class=\"jp-progress\"><div class=\"jp-seek-bar\"><div class=\"jp-play-bar\"><\/div><\/div><\/div><\/div>\t\t\t\t\t<div class=\"jp-no-solution\"><span>Update Required<\/span>To play the media you will need to either update your browser to a recent version or update your <a href=\"http:\/\/get.adobe.com\/flashplayer\/\" target=\"_blank\">Flash plugin<\/a>.<\/div><\/div><\/div>\n\t\t\t<script type='text\/javascript'>\n\t\t\t\tjQuery(document).ready(function() {\n\t\t\t\t\tif (typeof (sermonMedia) == 'function') {\n\t\t\t\t\t\tsermonMedia.addAudio('', \"jquery_jplayer_1\");\n\t\t\t\t\t}\n\t\t\t\t\tjQuery.jPlayer.timeFormat.showHour = true;\n\t\t\t\t\tjQuery(\"#jquery_jplayer_1\").jPlayer({\n\t\t\t\t\t\tready: function(event) {\n\t\t\t\t\t\t\tjQuery(this).jPlayer(\"setMedia\", {mp3: 'https:\/\/www.newmessage.org\/av\/the-burden-of-the-messenger.mp3'});\n\t\t\t\t\t\t},\n\t\t\t\t\t\tplay: function() {\n\t\t\t\t\t\t\tjQuery(this).jPlayer(\"pauseOthers\");\n\t\t\t\t\t\t},\n\t\t\t\t\t\tswfPath: ThemeData.directory_uri+\"\/swf\",\n\t\t\t\t\t\tsolution: \"html, flash\",\n\t\t\t\t\t\tpreload: \"metadata\",\n\t\t\t\t\t\twmode: \"window\",\n\t\t\t\t\t\tsupplied: \"mp3\",\n\t\t\t\t\t\tcssSelectorAncestor: '#jp_container_1'\n\t\t\t\t\t});\n\t\t\t\t});\n\t\t\t<\/script><\/p>\n<p><a title=\"La carga del Mensajero\" href=\"https:\/\/www.newmessage.org\/av\/the-burden-of-the-messenger.mp3\">Descargar<\/a> (cliquea en el bot\u00f3n derecho y selecciona \u201cguardar enlace como\u201d)<\/p>\n<div class=\"toggle toggle-white\"><h4 class=\"trigger \"><span class=\"t_ico\"><\/span><a href=\"#\">M\u00e1s informaci\u00f3n sobre este texto<\/a><\/h4><div class=\"toggle_container \"><br \/>\n<p>Lo que est\u00e1s leyendo en este texto es la transcripci\u00f3n de la voz original de la Asamblea Ang\u00e9lica hablando a trav\u00e9s del Mensajero Marshall Vian Summers.<\/p>\n<p>Aqu\u00ed, la comunicaci\u00f3n original de Dios, que existe m\u00e1s all\u00e1 de las palabras, es traducida al lenguaje y el entendimiento humanos por la Asamblea Ang\u00e9lica que supervisa el mundo. La Asamblea despu\u00e9s entrega el Mensaje de Dios a trav\u00e9s del Mensajero, tras lo cual es transcrito y puesto a tu disposici\u00f3n y a disposici\u00f3n de todos.<\/p>\n<p>En este extraordinario proceso, la Voz de la Revelaci\u00f3n est\u00e1 hablando de nuevo. La Palabra y el Sonido est\u00e1n en el mundo. Que puedas ser el receptor de este regalo de Revelaci\u00f3n y puedas estar abierto a recibir su Mensaje \u00fanico para ti y para tu vida.<\/p>\n<br \/>\n<\/div><\/div><br \/>\n<\/div>\n<div id=\"tabs-2\"><br \/>\n<em>Nota a los lectores:<br \/>\nEsta traducci\u00f3n fue provista a la <\/em>Society<em> por estudiantes del Nuevo Mensaje que se han ofrecido voluntariamente a traducir el texto original en ingl\u00e9s. La publicamos en esta forma inicial para que todo el mundo tenga una oportunidad de interactuar con una porci\u00f3n del Nuevo Mensaje en un su propio idioma.<\/em><br \/>\n<\/div>\n\t\t\t\t<div align=\"right\">\n\t\t\t<div class=\"fb-like\" data-href=\"\" data-layout=\"button_count\" data-action=\"like\" data-show-faces=\"false\" data-share=\"false\"><\/div>\n\t\t\t<div class=\"fb-share-button\" data-layout=\"button_count\"> <\/div>\n\t\t\t<div class=\"fb_iframe_widget\"><a href=\"https:\/\/twitter.com\/godsnewmessage?ref_src=twsrc%5Etfw\" class=\"twitter-follow-button\" data-show-count=\"false\">Follow @godsnewmessage<\/a><script async src=\"https:\/\/platform.twitter.com\/widgets.js\" charset=\"utf-8\"><\/script><\/div>\n\t\t\t<\/div> <\/div> \n\n<p>Dios ha enviado un Nuevo Mensaje al mundo. Porque la humanidad est\u00e1 entrando en una nueva era, una era dif\u00edcil, una era de grandes cambios ambientales e inestabilidad pol\u00edtica y econ\u00f3mica. La humanidad est\u00e1 enfrentando competencia de razas en el universo que est\u00e1n en el mundo para tomar ventaja de los conflictos humanos para sus propios fines.<\/p>\n<p>Se trata de un umbral que determinar\u00e1 el destino y el futuro de la civilizaci\u00f3n humana. El desaf\u00edo ser\u00e1 enorme, pero tambi\u00e9n lo ser\u00e1 la llamada a que las personas cooperen, as\u00ed como al ingenio, la creatividad y la unidad humanas. Es un momento sin precedentes. Es un tiempo de Revelaci\u00f3n.<\/p>\n<p>Las Revelaciones anteriores de Dios no pueden preparar a la humanidad para lo que tendr\u00e1 que hacer frente ahora. Por eso Dios ha hablado de nuevo para la familia humana, enviando una Nueva Revelaci\u00f3n al mundo. Esta es la Revelaci\u00f3n.<\/p>\n<p>Un Mensajero ha sido enviado aqu\u00ed para recibir la Nueva Revelaci\u00f3n, llevarla adelante en el mundo y construir su comunidad esencial de modo que su pureza y su eficacia puedan ser aseguradas.<\/p>\n<p>La Revelaci\u00f3n es mayor que cualquier cosa que se haya dado antes a la humanidad. Incluye su propio comentario. No solo te da la verdad mayor. Te dice lo que significa y c\u00f3mo puede expresarse y aplicarse.<\/p>\n<p>La determinaci\u00f3n del significado y el valor de la Revelaci\u00f3n en la Tierra no va a dejarse en manos de individuos, por muy bien intencionados que estos sean. Esto ha conducido, por supuesto, tanto a la sabidur\u00eda como al error en el pasado.<\/p>\n<p>La Revelaci\u00f3n ahora es demasiado cr\u00edticamente importante para depender de la comprensi\u00f3n y la invenci\u00f3n humanas. Es por eso que el Mensajero est\u00e1 aqu\u00ed. Es por eso que el Nuevo Mensaje contiene su propio comentario y ense\u00f1anzas\u2014un millar de ense\u00f1anzas para un mundo cambiante.<\/p>\n<p>El Mensajero lleva una gran carga. \u00c9l ha dedicado d\u00e9cadas a recibir algo de una magnitud inmensa, un nuevo umbral de conciencia y comprensi\u00f3n para la familia humana.<\/p>\n<p>\u00c9l ha tra\u00eddo aqu\u00ed sabidur\u00eda y Conocimiento del universo para que la humanidad pueda prepararse para su encuentro con la vida m\u00e1s all\u00e1 de sus fronteras.<\/p>\n<p>\u00c9l ha tra\u00eddo una Nueva Revelaci\u00f3n acerca de Dios y la Creaci\u00f3n. Ha tra\u00eddo una nueva comprensi\u00f3n de las relaciones humanas y de la naturaleza y el prop\u00f3sito de la espiritualidad humana.<\/p>\n<p>\u00c9l est\u00e1 trayendo una Revelaci\u00f3n que no ha sido contaminada ni cambiada por el mundo. \u00c9l est\u00e1 permitiendo a la gente escuchar la Voz que le ha hablado a \u00e9l para que el Mensaje mismo pueda ser muy claro.<\/p>\n<p>Se trata de una Revelaci\u00f3n diferente a todo lo que se ha dado antes a la humanidad. No es simplemente un comentario en curso sobre la espiritualidad humana. No es simplemente un refinamiento de lo que se ha dado antes. No es una reacci\u00f3n a las religiones o instituciones religiosas.<\/p>\n<p>Se trata de un nuevo umbral para la humanidad. Porque ahora la humanidad est\u00e1 emergiendo a una Comunidad Mayor de vida y debe aprender acerca de esta Comunidad Mayor, la cual cambiar\u00e1 su comprensi\u00f3n de la divinidad, el prop\u00f3sito y el significado en la vida.<\/p>\n<p>La humanidad est\u00e1 entrando en un mundo m\u00e1s dif\u00edcil, un nuevo mundo de inestabilidad ambiental, con el gran riesgo de conflicto humano y guerra. La humanidad est\u00e1 funcionando ahora a una escala planetaria, implicando a todos. No es solo un problema para una naci\u00f3n, una tribu o un grupo.<\/p>\n<p>Hablamos con la autoridad del Creador, y el Mensajero debe hablar con la autoridad del Creador. \u00c9l ser\u00e1 juzgado mal. Ser\u00e1 difamado. Ser\u00e1 negado. Pues esto siempre sucede en el tiempo de Revelaci\u00f3n.<\/p>\n<p>Sin embargo, \u00e9l es un hombre humilde. \u00c9l carece de ambici\u00f3n o enga\u00f1o. En cierto sentido, \u00e9l es demasiado bueno para el mundo, pero su bondad es necesaria para representar a la Revelaci\u00f3n.<\/p>\n<p>Esta es una gran carga para \u00e9l. Comunicar algo de esta magnitud requiere habilidad, claridad y determinaci\u00f3n de su parte y por parte de las muchas personas que ser\u00e1n sus testigos al comienzo de su ministerio mayor.<\/p>\n<p>La Revelaci\u00f3n no cumple con las expectativas de la gente. No se trata de un cumplimiento del pasado. No est\u00e1 atada a la comprensi\u00f3n humana, a las convenciones humanas o incluso a la comprensi\u00f3n teol\u00f3gica humana.<\/p>\n<p>Todo esto lo debe comunicar el Mensajero. Se le har\u00e1n preguntas tontas. Se le har\u00e1n preguntas maliciosas. La duda y la culpa y terribles asociaciones ser\u00e1n arrojadas sobre \u00e9l por los necios y los ignorantes.<\/p>\n<p>Las personas se sentir\u00e1n amenazadas por sus declaraciones, no porque las declaraciones sean incorrectas, sino porque ellas no quieren o son incapaces de reexaminar sus propias ideas. No pueden responder a la Nueva Revelaci\u00f3n. No pueden aceptar que Dios ha hablado de nuevo. Tienen demasiado miedo y demasiada inversi\u00f3n en el pasado para ser capaces de reconsiderar sus creencias, sus ideas y sus asociaciones.<\/p>\n<p>Sin embargo, hay muchas mentes en el mundo que est\u00e1n abiertas. Hay muchas personas que est\u00e1n en busca de la Nueva Revelaci\u00f3n. Les ser\u00eda muy provechoso si pudieran saber del Mensajero durante su vida. \u00c9l ahora es un hombre de edad avanzada. No dispone de muchos a\u00f1os. Y por eso es una gran bendici\u00f3n reunirse con \u00e9l, saber de \u00e9l y escucharle hablar, incluso si no puedes estar con \u00e9l en persona.<\/p>\n<p>Por primera vez, la Revelaci\u00f3n se est\u00e1 grabando en forma precisa y completa en el tiempo del Mensajero. Esto no es algo que se formular\u00e1 despu\u00e9s de que el Mensajero se haya ido y que ser\u00e1 integrado en un entendimiento religioso por personas que realmente no tienen la comprensi\u00f3n religiosa.<\/p>\n<p>Es por eso que la Revelaci\u00f3n ha tomado tanto tiempo. Se est\u00e1 entregando con gran cuidado. Est\u00e1 proporcionando su propio comentario para limitar el gran riesgo de la incomprensi\u00f3n y la mala aplicaci\u00f3n.<\/p>\n<p>Al Mensajero se le ha dado sabidur\u00eda y Conocimiento del universo que la humanidad necesitar\u00e1 para enfrentar sus dificultades aqu\u00ed en la Tierra, as\u00ed como para enfrentar el enorme reto de hacer frente a un universo no humano, un universo competitivo, un universo del que la humanidad no sabe nada.<\/p>\n<p>El Mensajero debe hablar de la realidad y la espiritualidad de esta Comunidad Mayor de vida, por lo menos en t\u00e9rminos generales, para que la gente pueda entender con que est\u00e1n tratando \u2014las ventajas que la humanidad tiene y tambi\u00e9n sus desventajas.<\/p>\n<p>El Mensajero hablar\u00e1 de cosas para el presente y para el futuro. \u00c9l proveer\u00e1 respuestas para preguntas que ni siquiera han surgido. \u00c9l hablar\u00e1 a las necesidades de la gente en el futuro tanto como a las necesidades de la gente de hoy, porque la Revelaci\u00f3n no es solo para este tiempo, sino [tambi\u00e9n] para los tiempos por venir.<\/p>\n<p>El Mensajero tiene una devota esposa y un hijo y un peque\u00f1o grupo de individuos que est\u00e1n comprometidos y dedicados a ayudarle a traer la Nueva Revelaci\u00f3n de Dios al mundo.<\/p>\n<p>Aquellos que son llamados a ser los primeros en responder, en muchas naciones y de muchas culturas, tendr\u00e1n que dar testimonio del Mensajero porque est\u00e1n viviendo en el tiempo de Revelaci\u00f3n y en el tiempo del Mensajero.<\/p>\n<p>Muchas personas querr\u00e1n muchas cosas del Mensajero. Querr\u00e1n que haga milagros y que sea un sanador y que tenga respuestas para todos los problemas pol\u00edticos y sociales en el mundo de hoy. Quiz\u00e1 querr\u00e1n que sea puro e inmaculado. Querr\u00e1n que est\u00e9 presente a sus necesidades. Creer\u00e1n que \u00e9l deber\u00eda ser muchas cosas diferentes. Esto siempre confronta a un Mensajero que trae una Revelaci\u00f3n no solo para los tiempos en los que se introduce, sino tambi\u00e9n para el futuro.<\/p>\n<p>El Mensajero tendr\u00e1 que decepcionar muchas de estas expectativas, pues \u00e9l no puede ser todo para todo el mundo. No puede encajar en las expectativas morales que mucha gente tendr\u00e1. Pues ellos no entienden al Mensajero. No entienden los medios de la Revelaci\u00f3n.<\/p>\n<p>Muchas personas se resistir\u00e1n al Mensajero porque no quieren enfrentar el hecho de que un individuo as\u00ed se encuentre en su presencia y lo que esto podr\u00eda significar para ellas y qu\u00e9 tipo de responsabilidad les podr\u00eda provocar. Ellas dir\u00e1n: \u201cOh, hay muchos mensajeros y muchos profetas y muchas ense\u00f1anzas. No puede ser solo una persona\u201d. La gente se puede indignar sobre esta cuesti\u00f3n.<\/p>\n<p>Luego, por supuesto, hay muchas personas que creen que un nuevo profeta no puede venir al mundo, que siglos atr\u00e1s Dios ya ha dicho todo lo que Dios va a decir a la humanidad. Dios no tiene nada m\u00e1s que decir a la humanidad. Dios ya no se preocupa. Dios ya dio las prescripciones hace siglos y eso es suficiente por siempre y para siempre.<\/p>\n<p>Pero nadie puede decir, ni siquiera los Mensajeros de Dios, lo que Dios va a hacer a continuaci\u00f3n. Nadie puede honestamente afirmar que no puede darse al mundo una Nueva Revelaci\u00f3n, porque esta es una posici\u00f3n de ignorancia y arrogancia. Incluso los Mensajeros anteriores de Dios no pueden hacer estas afirmaciones.<\/p>\n<p>As\u00ed que la gente tendr\u00e1 que enfrentar la realidad y el significado de la Nueva Revelaci\u00f3n. Ellos tendr\u00e1n que enfrentar su respuesta al Mensajero. Tendr\u00e1n que enfrentar las consecuencias del \u00e9xito o el fracaso en este encuentro. Ser\u00e1 una gran prueba, una prueba de integridad, honestidad, claridad y sabidur\u00eda.<\/p>\n<p>Si eres realmente honesto contigo mismo, entonces te dar\u00e1s cuenta de que no puedes decir lo que Dios har\u00e1 o no har\u00e1. No puedes afirmar que tu religi\u00f3n es la \u00fanica religi\u00f3n o la gran religi\u00f3n o la \u00faltima religi\u00f3n o la religi\u00f3n final, porque esto es decir que conoces el Plan y Prop\u00f3sito de Dios ahora y en el futuro, y nadie en la Tierra, nadie en el universo f\u00edsico, puede hacer tal afirmaci\u00f3n.<\/p>\n<p>Aqu\u00ed empiezas a ver la carga del Mensajero. \u00c9l apuntar\u00e1 a la Revelaci\u00f3n \u2014a su empoderamiento para el individuo, a su direcci\u00f3n para los l\u00edderes de las naciones, a su mensaje de prop\u00f3sito, unidad y urgencia\u2014. \u00c9l hablar\u00e1 de grandes problemas que las personas no quieren enfrentar. Sus palabras ir\u00e1n contra la negaci\u00f3n y la presunci\u00f3n humanas.<\/p>\n<p>Pero el Mensajero no est\u00e1 aqu\u00ed para condenar naciones, gobiernos e instituciones, sino para proporcionar una aclaraci\u00f3n del significado y el prop\u00f3sito de la espiritualidad humana y lo que se debe hacer para prepararse para las Grandes Olas de cambio que vienen al mundo y para el futuro y el destino de la humanidad dentro de una Comunidad Mayor de vida en el universo.<\/p>\n<p>Las cosas que \u00e9l dir\u00e1 solo puede decirlas el Mensajero, ya que nadie en la Tierra podr\u00eda saber las cosas que \u00e9l est\u00e1 diciendo. Nadie en la Tierra ha vivido en la Comunidad Mayor en tiempos recientes.<\/p>\n<p>Muchas personas est\u00e1n viendo un gran peligro en t\u00e9rminos del medioambiente del mundo y el futuro de la civilizaci\u00f3n, pero nadie tiene toda la imagen, porque solo Dios puede proporcionarla.<\/p>\n<p>Dios tiene que comunicarse a trav\u00e9s de un solo Mensajero. De lo contrario, el Mensaje estar\u00e1 dividido y en conflicto y en competencia, dando lugar a una gran confusi\u00f3n y desilusi\u00f3n.<\/p>\n<p>El Mensajero est\u00e1 proporcionando un paradigma de comprensi\u00f3n completamente nuevo \u2014una conciencia de la Comunidad Mayor, una nueva comprensi\u00f3n acerca de Dios y la naturaleza de la Presencia, la Voluntad y la influencia Divinas en el mundo.<\/p>\n<p>Este no es un Dios de un pueblo o un mundo. Es un Dios de todos los universos.<\/p>\n<p>No es un Dios paternal que solo se preocupa por los asuntos humanos y todas las particularidades de la vida de cada individuo.<\/p>\n<p>Este es un Dios que ha puesto en marcha las fuerzas de la evoluci\u00f3n y el cambio geol\u00f3gico y biol\u00f3gico, en el principio de los tiempos.<\/p>\n<p>Este es un Dios que no se sentar\u00e1 a juzgar arrojando a la gente a los fuegos del infierno, porque Dios ha dado a cada persona el poder del Conocimiento. Con el tiempo pueden responder a esto, porque esta es la parte de ellas que nunca ha dejado a Dios, la parte de ellas que nunca se ha separado. Es el Plan de redenci\u00f3n que muy pocas personas en el mundo actual entienden realmente.<\/p>\n<p>El Mensajero tendr\u00e1 que hablar de estas cosas, algunas de las cuales est\u00e1n mucho m\u00e1s all\u00e1 del pensamiento y la comprensi\u00f3n convencional, cosas a las que hay que responder a un nivel m\u00e1s profundo \u2014a un nivel m\u00e1s profundo de reconocimiento, a un nivel m\u00e1s profundo de honestidad\u2014. \u00c9l no est\u00e1 meramente presentando teor\u00edas, perspectivas o ideas que considerar y debatir. Est\u00e1 entregando la Revelaci\u00f3n.<\/p>\n<p>Le ha tomado d\u00e9cadas recibirla. Es muy grande. Parte de ella ser\u00e1 desconcertante para la gente, [pues] est\u00e1 mucho m\u00e1s all\u00e1 de su comprensi\u00f3n y sus preocupaciones actuales. Y, sin embargo, su esencia es intr\u00ednseca y natural a cada persona, ya que habla de la inteligencia m\u00e1s profunda dentro de cada persona, una inteligencia nacida de su relaci\u00f3n con la Divinidad.<\/p>\n<p>Esto est\u00e1 m\u00e1s all\u00e1 del debate filos\u00f3fico y el argumento teol\u00f3gico. Est\u00e1 m\u00e1s all\u00e1 de la perspectiva nacional o el orgullo religioso. Est\u00e1 m\u00e1s all\u00e1 de todo lo que distingue a las personas entre s\u00ed y los pone en contraste y en conflicto mutuo aqu\u00ed en el mundo.<\/p>\n<p>El Mensajero presentar\u00e1 la espiritualidad como ha sido practicada por razas avanzadas en el universo. Esto no nace de su entendimiento, sino de la Revelaci\u00f3n misma.<\/p>\n<p>El Mensajero hablar\u00e1 de la Intervenci\u00f3n que est\u00e1 sucediendo en el mundo actual por peque\u00f1os grupos de exploradores y oportunistas extranjeros que est\u00e1n aqu\u00ed para tomar ventaja de la debilidad y la expectativa humana.<\/p>\n<p>El Mensajero hablar\u00e1 de los asuntos de la Comunidad Mayor, no porque \u00e9l mismo haya estado all\u00ed y haya recorrido y visitado infinidad de lugares, sino porque esta es la Revelaci\u00f3n.<\/p>\n<p>El Mensajero hablar\u00e1 de las relaciones de prop\u00f3sito superior. Esto lo ha experimentado y demostrado en su vida, pero lo que dir\u00e1 ser\u00e1 parte de la Revelaci\u00f3n, porque la Revelaci\u00f3n habla de muchas cosas.<\/p>\n<p>Esta es la carga del Mensajero. Esto est\u00e1 en su interior. Esto le ha sido revelado a \u00e9l.<\/p>\n<p>El proceso de la Revelaci\u00f3n no es entendido en el mundo. La gente piensa que los Mensajeros son dioses, o bien los descartan por completo como si fueran simplemente maestros, ofreciendo diferentes perspectivas.<\/p>\n<p>La gente quiere venir a Dios en sus propios t\u00e9rminos, pero Dios establece los t\u00e9rminos de participaci\u00f3n. Dios establece los t\u00e9rminos del acercamiento. T\u00fa no conoces tu camino hacia Dios, pero Dios conoce el camino hacia ti. No puedes determinar bajo qu\u00e9 circunstancias aceptar\u00e1s, creer\u00e1s y recibir\u00e1s la Revelaci\u00f3n, porque esto es ser ciego y arrogante.<\/p>\n<p>T\u00fa no sabes lo que la Revelaci\u00f3n revelar\u00e1. No est\u00e1 aqu\u00ed para hacerte rico, perezoso y feliz. Est\u00e1 aqu\u00ed para llamarte a un mayor servicio y prepararte para un mundo m\u00e1s dif\u00edcil y desafiante, un mundo en el que ahora se implican factores e influencias nunca antes vistas en el mundo, influencias del universo a su alrededor.<\/p>\n<p>Todo el mundo fue enviado al mundo para estar en el mundo en este momento, para hacer frente a estas grandes circunstancias emergentes. As\u00ed que afirmar que esto es demasiado para ti es simplemente admitir tu debilidad y no reconocer tu responsabilidad para prepararte.<\/p>\n<p>Todo el mundo es d\u00e9bil al empezar, por supuesto. No te haces fuerte simplemente porque quieres. Te haces fuerte en respuesta a las necesidades y las circunstancias de la vida.<\/p>\n<p>Este es el significado de la Revelaci\u00f3n. Este es el poder de la Revelaci\u00f3n. El tiempo est\u00e1 corriendo y pasando. La humanidad no tiene mucho tiempo para adaptarse a un mundo nuevo y prepararse para la Comunidad Mayor.<\/p>\n<p>Eso es parte de la carga del Mensajero. La humanidad no tiene d\u00e9cadas y siglos para considerar el significado y el valor de la Revelaci\u00f3n, ya que el destino y futuro de la humanidad est\u00e1n en un gran punto de inflexi\u00f3n. Las decisiones de hoy determinar\u00e1n el resultado de muchas cosas.<\/p>\n<p>La negligencia humana, la irresponsabilidad humana, la negaci\u00f3n humana \u2014todas estas cosas garantizan un futuro mucho m\u00e1s dif\u00edcil para ti y para tus hijos y para las generaciones futuras.<\/p>\n<p>La libertad y la soberan\u00eda humanas en este mundo est\u00e1n siendo desafiadas. No pod\u00e9is asumir que las tendr\u00e9is en el futuro sin una gran preparaci\u00f3n y acci\u00f3n decidida.<\/p>\n<p>La libertad es rara en el universo. Las naciones que son libres deben prepararse y deben actuar con mucha discreci\u00f3n y discernimiento. Para la humanidad, todas estas son cosas que aprender, apreciar y priorizar.<\/p>\n<p>Esta es la carga del Mensajero. \u00c9l se ver\u00e1 limitado por las limitaciones de la respuesta de la gente. \u00c9l ser\u00e1 retenido por la ignorancia de los dem\u00e1s. \u00c9l tendr\u00e1 que contender con proyecciones de culpa y condena. \u00c9l tendr\u00e1 que enhebrar su curso muy cuidadosamente, con mucha atenci\u00f3n. Todo lo que dice puede ser recordado. Todo lo que hace es una demostraci\u00f3n.<\/p>\n<p>Aquellos que son enviados a estar cerca de \u00e9l deben desarrollarse, instruirse y fortalecerse, fortalecerse con el poder del Conocimiento, o podr\u00edan traicionarlo a aquellas fuerzas que tratar\u00e1n de socavar y contrarrestar su presencia en el mundo.<\/p>\n<p>Una gran responsabilidad acompa\u00f1a a todos los que estar\u00e1n cerca del Mensajero y a todos los que recibir\u00e1n la Revelaci\u00f3n. Porque recibes esto no solo para ti mismo sino tambi\u00e9n para permitir que la Revelaci\u00f3n se mueva a trav\u00e9s de ti a los dem\u00e1s.<\/p>\n<p>Debe compartirse de persona a persona. Esto le da su m\u00e1xima eficacia. Pero para que esto mantenga la claridad y la integridad del Nuevo Mensaje, la pureza del Mensaje debe darse y grabarse. De lo contrario, su significado y su valor se perder\u00e1n en la traducci\u00f3n.<\/p>\n<p>Esto es parte de la carga del Mensajero.<\/p>\n<p>Piensa en estas cosas. Considera estas cosas. Y considera tus responsabilidades al responder a la Revelaci\u00f3n y al considerar el hecho de que est\u00e1s viviendo en el tiempo del Mensajero.<\/p>\n<p>Piensa en estas cosas seriamente ahora. Es de gran importancia para tu vida y para el futuro y el bienestar de la familia humana.<\/p>\n","protected":false},"excerpt":{"rendered":"<p>Dios ha enviado un Nuevo Mensaje al mundo. Porque la humanidad est\u00e1 entrando en una nueva era, una era dif\u00edcil, una era de grandes cambios ambientales e inestabilidad pol\u00edtica y econ\u00f3mica. La humanidad est\u00e1 enfrentando competencia de razas en el universo que est\u00e1n en el mundo para tomar ventaja de los conflictos humanos para sus\u2026 <a class=\"read-more\" href=\"https:\/\/www.v6.newmessage.org\/es\/about-text-shortcode\"><span>Read More<\/span><\/a><\/p>\n","protected":false},"author":1,"featured_media":0,"parent":16358,"menu_order":0,"comment_status":"closed","ping_status":"closed","template":"template-leftsidebar.php","meta":{"_monsterinsights_skip_tracking":false,"_monsterinsights_sitenote_active":false,"_monsterinsights_sitenote_note":"","_monsterinsights_sitenote_category":0,"footnotes":""},"categories":[501,76,119,30],"tags":[127,351,384,411],"_links":{"self":[{"href":"https:\/\/www.v6.newmessage.org\/es\/wp-json\/wp\/v2\/pages\/548"}],"collection":[{"href":"https:\/\/www.v6.newmessage.org\/es\/wp-json\/wp\/v2\/pages"}],"about":[{"href":"https:\/\/www.v6.newmessage.org\/es\/wp-json\/wp\/v2\/types\/page"}],"author":[{"embeddable":true,"href":"https:\/\/www.v6.newmessage.org\/es\/wp-json\/wp\/v2\/users\/1"}],"replies":[{"embeddable":true,"href":"https:\/\/www.v6.newmessage.org\/es\/wp-json\/wp\/v2\/comments?post=548"}],"version-history":[{"count":26,"href":"https:\/\/www.v6.newmessage.org\/es\/wp-json\/wp\/v2\/pages\/548\/revisions"}],"predecessor-version":[{"id":28912,"href":"https:\/\/www.v6.newmessage.org\/es\/wp-json\/wp\/v2\/pages\/548\/revisions\/28912"}],"up":[{"embeddable":true,"href":"https:\/\/www.v6.newmessage.org\/es\/wp-json\/wp\/v2\/pages\/16358"}],"wp:attachment":[{"href":"https:\/\/www.v6.newmessage.org\/es\/wp-json\/wp\/v2\/media?parent=548"}],"wp:term":[{"taxonomy":"category","embeddable":true,"href":"https:\/\/www.v6.newmessage.org\/es\/wp-json\/wp\/v2\/categories?post=548"},{"taxonomy":"post_tag","embeddable":true,"href":"https:\/\/www.v6.newmessage.org\/es\/wp-json\/wp\/v2\/tags?post=548"}],"curies":[{"name":"wp","href":"https:\/\/api.w.org\/{rel}","templated":true}]}}