{"id":3707,"date":"2012-03-01T10:00:25","date_gmt":"2012-03-01T10:00:25","guid":{"rendered":"http:\/\/wp.www.newmessage.org\/?p=3707"},"modified":"2018-02-02T15:21:25","modified_gmt":"2018-02-02T15:21:25","slug":"el-regalo-de-una-nueva-vida","status":"publish","type":"page","link":"https:\/\/www.v6.newmessage.org\/es\/el-mensaje\/volumen-1\/el-viaje-a-una-nueva-vida\/el-regalo-de-una-nueva-vida","title":{"rendered":"El regalo de una nueva vida"},"content":{"rendered":"<div><!-- Versi\u00f3n espa\u00f1ola 1.45 --><\/div>\n\n<div class=\"tabgroup \"><ul class=\"tabs\"><li><a href=\"#tabs-1\">Acerca de<\/a><\/li>\n<li><a href=\"#tabs-2\">Nota<\/a><\/li><\/ul>\n <div id=\"tabs-1\"><br \/>\n<em>Como le fue revelado a<br \/>\nMarshall Vian Summers<br \/>\nel 14 de mayo de 2011<br \/>\nen Boulder, Colorado, Estados Unidos<\/em><\/p>\n<p>Texto original: <a href=\"https:\/\/www.newmessage.org\/the-message\/volume-1\/new-life\/the-gift-of-a-new-life\">The Gift of a New Life<\/a><\/p>\n<p>Escucha el audio original aqu\u00ed (en ingl\u00e9s):<\/p>\n<div id=\"jquery_jplayer_1\" class=\"jp-jplayer\"><\/div>\n\t\t\t\t<div id=\"jp_container_1\" class=\"jp-audio\">\n\t\t\t\t<div class=\"jp-type-single\"><div class=\"jp-control\"><a href=\"javascript:;\" class=\"jp-play\" tabindex=\"1\">play<\/a><a href=\"javascript:;\" class=\"jp-pause\" tabindex=\"1\">pause<\/a><\/div> <div class=\"jp-gui jp-interface\"><div class=\"jp-volume\"><div class=\"jp-volume-bar\"><div class=\"jp-volume-bar-value\"><\/div><\/div><\/div><div class=\"jp-progress\"><div class=\"jp-seek-bar\"><div class=\"jp-play-bar\"><\/div><\/div><\/div><\/div>\t\t\t\t\t<div class=\"jp-no-solution\"><span>Update Required<\/span>To play the media you will need to either update your browser to a recent version or update your <a href=\"http:\/\/get.adobe.com\/flashplayer\/\" target=\"_blank\">Flash plugin<\/a>.<\/div><\/div><\/div>\n\t\t\t<script type='text\/javascript'>\n\t\t\t\tjQuery(document).ready(function() {\n\t\t\t\t\tif (typeof (sermonMedia) == 'function') {\n\t\t\t\t\t\tsermonMedia.addAudio('', \"jquery_jplayer_1\");\n\t\t\t\t\t}\n\t\t\t\t\tjQuery.jPlayer.timeFormat.showHour = true;\n\t\t\t\t\tjQuery(\"#jquery_jplayer_1\").jPlayer({\n\t\t\t\t\t\tready: function(event) {\n\t\t\t\t\t\t\tjQuery(this).jPlayer(\"setMedia\", {mp3: 'https:\/\/www.newmessage.org\/av\/the-gift-of-a-new-life.mp3'});\n\t\t\t\t\t\t},\n\t\t\t\t\t\tplay: function() {\n\t\t\t\t\t\t\tjQuery(this).jPlayer(\"pauseOthers\");\n\t\t\t\t\t\t},\n\t\t\t\t\t\tswfPath: ThemeData.directory_uri+\"\/swf\",\n\t\t\t\t\t\tsolution: \"html, flash\",\n\t\t\t\t\t\tpreload: \"metadata\",\n\t\t\t\t\t\twmode: \"window\",\n\t\t\t\t\t\tsupplied: \"mp3\",\n\t\t\t\t\t\tcssSelectorAncestor: '#jp_container_1'\n\t\t\t\t\t});\n\t\t\t\t});\n\t\t\t<\/script><\/p>\n<p><a title=\"El regalo de una nueva vida\" href=\"https:\/\/www.newmessage.org\/av\/the-gift-of-a-new-life.mp3\">Descargar<\/a> (cliquea en el bot\u00f3n derecho y selecciona \u201cguardar enlace como\u201d)<\/p>\n<div class=\"toggle toggle-white\"><h4 class=\"trigger \"><span class=\"t_ico\"><\/span><a href=\"#\">M\u00e1s informaci\u00f3n sobre este texto<\/a><\/h4><div class=\"toggle_container \"><br \/>\n<p>Lo que est\u00e1s leyendo en este texto es la transcripci\u00f3n de la voz original de la Asamblea Ang\u00e9lica hablando a trav\u00e9s del Mensajero Marshall Vian Summers.<\/p>\n<p>Aqu\u00ed, la comunicaci\u00f3n original de Dios, que existe m\u00e1s all\u00e1 de las palabras, es traducida al lenguaje y el entendimiento humanos por la Asamblea Ang\u00e9lica que supervisa el mundo. La Asamblea despu\u00e9s entrega el Mensaje de Dios a trav\u00e9s del Mensajero, tras lo cual es transcrito y puesto a tu disposici\u00f3n y a disposici\u00f3n de todos.<\/p>\n<p>En este extraordinario proceso, la Voz de la Revelaci\u00f3n est\u00e1 hablando de nuevo. La Palabra y el Sonido est\u00e1n en el mundo. Que puedas ser el receptor de este regalo de Revelaci\u00f3n y puedas estar abierto a recibir su Mensaje \u00fanico para ti y para tu vida.<\/p>\n<br \/>\n<\/div><\/div><br \/>\n<\/div>\n<div id=\"tabs-2\"><br \/>\n<em>Nota a los lectores:<br \/>\nEsta traducci\u00f3n fue provista a la <\/em>Society<em> por estudiantes del Nuevo Mensaje que se han ofrecido voluntariamente a traducir el texto original en ingl\u00e9s. La publicamos en esta forma inicial para que todo el mundo tenga una oportunidad de interactuar con una porci\u00f3n del Nuevo Mensaje en un su propio idioma.<\/em><br \/>\n<\/div>\n\t\t\t\t<div align=\"right\">\n\t\t\t<div class=\"fb-like\" data-href=\"\" data-layout=\"button_count\" data-action=\"like\" data-show-faces=\"false\" data-share=\"false\"><\/div>\n\t\t\t<div class=\"fb-share-button\" data-layout=\"button_count\"> <\/div>\n\t\t\t<div class=\"fb_iframe_widget\"><a href=\"https:\/\/twitter.com\/godsnewmessage?ref_src=twsrc%5Etfw\" class=\"twitter-follow-button\" data-show-count=\"false\">Follow @godsnewmessage<\/a><script async src=\"https:\/\/platform.twitter.com\/widgets.js\" charset=\"utf-8\"><\/script><\/div>\n\t\t\t<\/div> <\/div> \n\n<p>La Nueva Revelaci\u00f3n de Dios no est\u00e1 aqu\u00ed para simplemente a\u00f1adir valor a tu existencia actual o para validar tus ideas y b\u00fasquedas. No est\u00e1 aqu\u00ed para validar las religiones del mundo o para ajustarse a sus creencias o expectativas, pues Dios no est\u00e1 limitado por esas cosas. No est\u00e1 aqu\u00ed para validar tus expectativas, porque el Creador de todos los universos ciertamente no est\u00e1 limitado por ellas.<\/p>\n<p>En realidad, el Nuevo Mensaje de Dios est\u00e1 aqu\u00ed para proveer una nueva vida a aquellos que pueden verdaderamente responder a \u00e9l, para darles una mayor base sobre la que construir una vida valiosa \u2014una vida inspirada, una vida guiada por el Conocimiento, una vida de verdaderas relaciones y significativo compromiso con el mundo.<\/p>\n<p>Aqu\u00ed no se asignan roles, sino que se le da a la gente la base para que el Conocimiento en su interior, el Poder Mayor que Dios les ha dado para guiarles, pueda hac\u00e9rseles evidente y puedan aprender con el tiempo a confiar en \u00e9l y a seguirlo, navegando las dificultades de la vida y las dificultades mayores que tendr\u00e1n que enfrentar en un nuevo mundo de recursos en disminuci\u00f3n y mayor inestabilidad.<\/p>\n<p>Las personas vienen al Nuevo Mensaje para ver si se ajusta a sus creencias, sus ideas y sus expectativas. Naturalmente, no lo hace.<\/p>\n<p>Las personas vienen al Nuevo Mensaje de Dios queriendo usarlo como un recurso para conseguir lo que quieren para s\u00ed mismas, pero la Nueva Revelaci\u00f3n tiene un mayor plan y una mayor promesa para ellas.<\/p>\n<p>Las personas vienen al Nuevo Mensaje con la esperanza de que encontrar\u00e1n la sabidur\u00eda necesaria para corregir sus errores y hacer sus actuales inversiones provechosas y significantes, pero el Nuevo Mensaje est\u00e1 aqu\u00ed para darles una nueva vida \u2014no simplemente una nueva idea a colocar sobre una vieja vida, no simplemente un endulzante para hacer del sabor amargo de su experiencia actual algo m\u00e1s pasable y aceptable\u2014. La gente espera demasiado poco y quiere demasiado poco, y sus expectativas no est\u00e1n en concordancia con el significado y el poder de la Revelaci\u00f3n.<\/p>\n<p>Las personas vienen al Nuevo Mensaje de Dios queriendo ver c\u00f3mo pueden usarlo ahora mismo, como si no fuera m\u00e1s que una serie de herramientas que la gente pudiera usar para intentar mejorar sus vidas. Pero ellas no pueden mejorar sus vidas porque no saben lo que est\u00e1n haciendo. No saben d\u00f3nde est\u00e1n yendo, y sus suposiciones y creencias, m\u00e1s frecuentemente que no, no est\u00e1n en armon\u00eda con su mayor prop\u00f3sito y su verdadera direcci\u00f3n en la vida.<\/p>\n<p>Las personas pueden pensar que Dios es grande e inexplicable, pero ellas intentan utilizar a Dios como una especie de sirviente, un chico de los recados para sus deseos, sus apetencias y sus dificultades. Dicen, \u201cBien, \u00bfqu\u00e9 puede hacer Dios por m\u00ed? \u00bfQu\u00e9 puede la Nueva Revelaci\u00f3n de Dios hacer por m\u00ed?\u201d<\/p>\n<p>T\u00fa puedes ver en estas preguntas que su actitud y su aproximaci\u00f3n no son apropiadas. No hay reverencia. No hay respeto. No comprenden que est\u00e1n tratando con algo mucho mayor que su entendimiento, algo que excede de lejos sus expectativas, sus valores y sus preferencias. Por tanto, \u00bfqu\u00e9 puede hacer Dios por ellos salvo alentarles, mediante los cambios y las decepciones de la vida, a venir a este gran compromiso con una intenci\u00f3n m\u00e1s clara y m\u00e1s honesta?<\/p>\n<p>El Nuevo Mensaje est\u00e1 aqu\u00ed para salvar a la humanidad de la calamidad y de la subyugaci\u00f3n en el universo a medida que comenz\u00e1is a emerger en una Comunidad Mayor de vida, una Comunidad Mayor en la cual siempre hab\u00e9is vivido y con la que ahora deb\u00e9is aprender a tratar.<\/p>\n<p>Pero tambi\u00e9n est\u00e1 aqu\u00ed para dar a los individuos una nueva experiencia, una nueva fundaci\u00f3n y la oportunidad de restaurar sus vidas, de redimirse a s\u00ed mismos y de utilizar sus capacidades y el poder del Conocimiento en su interior para servir a un mundo cuyas necesidades y dificultades est\u00e1n aumentando con cada d\u00eda que pasa.<\/p>\n<p>Muchas personas se han rendido en la b\u00fasqueda de un mayor significado, o ni siquiera la cultivaron para empezar. Para ellas, la Nueva Revelaci\u00f3n ser\u00e1 una curiosidad o un objeto de condena, algo sobre lo que pueden proyectar sus miedos, sus juicios y sus quejas, sin entender qu\u00e9 es lo que tienen delante.<\/p>\n<p>Habr\u00e1 toda clase de respuestas a esto, por supuesto, pero para aquellos que est\u00e1n viniendo con una intenci\u00f3n honesta y con humildad y sinceridad, es importante reconocer el poder y la potencia de la Revelaci\u00f3n de Dios y lo que puede significar para ellos \u2014para restaurarles y darles una direcci\u00f3n y un prop\u00f3sito mayores, los cuales viven ya en su interior.<\/p>\n<p>T\u00fa no inventas el prop\u00f3sito y la direcci\u00f3n, pues es algo que est\u00e1 incorporado dentro de ti, como ves. Forma parte del plan de tu naturaleza m\u00e1s profunda, m\u00e1s all\u00e1 del dominio del intelecto. M\u00e1s all\u00e1 del debate y la especulaci\u00f3n, es as\u00ed. Puedes discutir esto indefinidamente, pero ello solo significa que no comprendes.<\/p>\n<p>Para las personas que vienen a la Revelaci\u00f3n con sinceridad, es importante entender desde el principio que est\u00e1n tratando con algo de una mayor magnitud. No es simplemente una ense\u00f1anza entre otras ense\u00f1anzas. No es simplemente algo prometedor que va a darles lo que quieren en la vida. Es por completo un nivel enteramente diferente. Es por eso que es un Nuevo Mensaje de Dios, el \u00fanico Mensaje de Dios hoy en el mundo.<\/p>\n<p>Esto no significa que el Nuevo Mensaje vaya a modelar una nueva vida para ti y darte un papel que jugar, pues eso debe venir desde dentro de ti \u2014entre t\u00fa y t\u00fa mismo, entre t\u00fa y tu compromiso con la vida.<\/p>\n<p>Muchas personas necesitar\u00e1n que el Nuevo Mensaje sea el centro de su pr\u00e1ctica y su foco, y algunas ser\u00e1n llamadas a servir directamente al Nuevo Mensaje, porque esa es su llamada. Pero para muchos otros, este les dar\u00e1 la fuerza para discernir una mayor direcci\u00f3n y un mayor poder y fuerza interior para tomar las decisiones necesarias, doblar las esquinas que han de doblar y comenzar a moverse en una direcci\u00f3n significativa y positiva.<\/p>\n<p>Hay muchas personas en el mundo hoy que saben que deben prepararse para algo, que se sienten llamadas a una mayor participaci\u00f3n, que tienen la sensaci\u00f3n de que su vida es m\u00e1s importante que las actividades cotidianas del d\u00eda. Algunas no encontrar\u00e1n su camino en las tradiciones religiosas del mundo, porque est\u00e1n siendo preparadas y llamadas para algo nuevo en el mundo. Ellas est\u00e1n m\u00e1s conectadas con el futuro que con el pasado, y el futuro est\u00e1 llam\u00e1ndolas y empuj\u00e1ndolas hacia delante.<\/p>\n<p>Hay personas destinadas a recibir la Revelaci\u00f3n de Dios y a estudiarla y aplicarla. Ellas no van a encontrar su camino en ning\u00fan otro lugar. Si t\u00fa est\u00e1s destinado para algo de esta magnitud, entonces no encontrar\u00e1s satisfacci\u00f3n y realizaci\u00f3n en ning\u00fan otro sitio \u2014no importa cu\u00e1nto lo intentes, ni cu\u00e1n firmemente puedas creer\u2014. Intenta alterar tu vida como un tirano, y aun as\u00ed no podr\u00e1s hacer el compromiso primario, a menos que tu vida sea apuntada en la direcci\u00f3n correcta y la naturaleza del compromiso que te est\u00e1 destinado sea claramente discernida y aceptada.<\/p>\n<p>Es para estas personas que la Revelaci\u00f3n proveer\u00e1 una nueva vida, no simplemente una mejora de su vieja vida, no simplemente una justificaci\u00f3n para lo que han hecho o no han hecho en el pasado. No es simplemente algo reconfortante para decir \u201cBien, t\u00fa est\u00e1s bien. Todo lo que has hecho est\u00e1 bien. Est\u00e1 ok.\u201d<\/p>\n<p>No. La Revelaci\u00f3n har\u00e1 tus errores m\u00e1s patentes, tus decepciones m\u00e1s evidentes, tu carencia de direcci\u00f3n m\u00e1s profundamente sentida. Puede incluso incrementar tu sufrimiento al principio, hasta que puedas discernir el verdadero regalo de la Revelaci\u00f3n y reconocer que ahora est\u00e1s comenzando un mayor viaje, quiz\u00e1 un viaje en el que has estado por alg\u00fan tiempo y que ahora est\u00e1 dando un gran paso hacia delante.<\/p>\n<p>Aqu\u00ed no hay margen para una soluci\u00f3n intermedia. No puedes hacer un trato con Dios. No puedes hacer un trato con tu propio prop\u00f3sito y destino, porque t\u00fa no puedes cambiar estas cosas. Solo puedes evitarlas, denegarlas o atravesar el proceso de aceptarlas y reclamarlas.<\/p>\n<p>C\u00f3mo ser\u00e1 expresado tu prop\u00f3sito depende de las cambiantes circunstancias del mundo. Por tanto, en esto no todo est\u00e1 predeterminadas, ciertamente no. Tu \u00e9xito o tu fracaso no est\u00e1 solo basado en tu participaci\u00f3n, sino en la participaci\u00f3n y en la preparaci\u00f3n de otros que est\u00e1n destinados a jugar un papel importante en tu vida. Si ellos fracasan en esto, ello afectar\u00e1 el resultado para ti, porque tu progreso depende del desarrollo de ciertas otras personas.<\/p>\n<p>Esto no es una b\u00fasqueda individual en la que tratas de iluminarte a ti mismo individualmente. Es una conexi\u00f3n y una uni\u00f3n con otros con un mayor prop\u00f3sito. Si ellos fracasan, ello afectar\u00e1 el resultado para ti. Si t\u00fa fracasas, ello afectar\u00e1 el resultado para ellos. Por eso tu fracaso aqu\u00ed es de tan gran consecuencia. T\u00fa todav\u00eda est\u00e1s pensando como si vivieras en separaci\u00f3n, de modo que no puedes ver que tu destino est\u00e1 vinculado a otros.<\/p>\n<p>Estos son otros que tendr\u00e1s que encontrar en la vida. Ellos no ser\u00e1n las encantadoras personalidades, los hermosos rostros y el refinado comportamiento social que atraen a tanta gente. Ni siquiera ser\u00e1n gente que pudieras amar o con quienes tengas alguna asociaci\u00f3n pasada. La mayor\u00eda de esas personas no compartir\u00e1n tu futuro incluso si tuviste una pasada asociaci\u00f3n con ellos. T\u00fa necesitar\u00e1s al Conocimiento ahora, pues solo \u00e9l dentro de ti sabr\u00e1. \u00c9l ver\u00e1. \u00c9l responder\u00e1.<\/p>\n<p>Si la otra persona no est\u00e1 preparada, ello ser\u00e1 una tragedia para ti. Esto no significa que tu vida est\u00e9 acabada. Solo significa que tendr\u00e1 que establecerse otro plan para ti. El viaje ser\u00e1 m\u00e1s largo y m\u00e1s incierto como resultado.<\/p>\n<p>Hay mucho que desaprender. Hay mucho condicionamiento que no solo es contraproducente, sino realmente destructivo para el individuo. Hay muchas expectativas que te mueven y te llevan a comprometerte antes incluso de que sepas qu\u00e9 est\u00e1s haciendo en la vida, antes de que hayas hecho una conexi\u00f3n en el Conocimiento, el cual es el \u00fanico que mantiene para ti tu mayor prop\u00f3sito y destino.<\/p>\n<p>Dios nunca revelar\u00eda estas cosas al intelecto, una parte de tu mente que est\u00e1 condicionada por el mundo y es tan poco fiable, tan d\u00e9bil y tan f\u00e1cil de persuadir por otras fuerzas. No, el regalo es dado a una parte m\u00e1s profunda de ti que no es influenciada por el mundo, que no es influenciada por tus cambiantes sentimientos y actitudes, tus cambiantes emociones, tu esperanza, tu miedo, tu \u00e9xtasis, tu miseria, que no es afectada por ninguna de estas cosas. Esta parte est\u00e1 viviendo en lo profundo del oc\u00e9ano, no en la turbulenta superficie.<\/p>\n<p>Tomar los Pasos al Conocimiento entonces se hace esencial, o tu vida seguir\u00e1 siendo una b\u00fasqueda vana \u2014persiguiendo gente, persiguiendo promesas, persiguiendo ambiciones, persiguiendo sue\u00f1os, persiguiendo esperanzas, huyendo del miedo en todos los casos, aterrorizado de que puedas estar solo y perdido, aterrorizado de que tu vida nunca tome forma.<\/p>\n<p>El Conocimiento existe m\u00e1s all\u00e1 del dominio del deseo y el miedo, y es por eso que es s\u00f3lido. Es por eso que es fuerte. Es por eso que es inalterable, y t\u00fa no puedes cambiarlo. Esto, sin embargo, representa tu redenci\u00f3n. No importa lo que piensas o haces o lo que has hecho o no has hecho, el poder de redenci\u00f3n vive dentro de ti.<\/p>\n<p>Dios no tiene que resolver tu situaci\u00f3n. El Se\u00f1or del universo no est\u00e1 focalizado en tu vida. Pero Dios ha puesto el Conocimiento dentro de ti, y este tiene tu prop\u00f3sito y direcci\u00f3n. Este encontrar\u00e1 a la gente a la que debes encontrar. Este traer\u00e1 correcci\u00f3n, armon\u00eda y equilibrio a tu vida si eres capaz de discernirlo y seguirlo y aplicarlo, all\u00e1 donde sea necesario.<\/p>\n<p>Esto es lo que crea una nueva vida \u2014no una vieja vida con unas pocas mejoras; no una vieja vida con un nuevo sistema de creencias; no una vieja vida con un nuevo conjunto de ropas o una elaborada explicaci\u00f3n religiosa para todo; no una persona tr\u00e1gica vestida para el \u00e9xito; no una persona solitaria y aislada que se ha vuelto ahora socialmente aceptable porque dice y hace todas las cosas correctas.<\/p>\n<p>T\u00fa no eres simplemente una cartelera para las creencias de alg\u00fan otro. Hay una promesa mayor para ti. Dios cuida de ti porque Dios est\u00e1 provey\u00e9ndote una nueva vida. De otro modo, Dios permitir\u00eda que todo el mundo fracasara y vacilase y no estar\u00eda preocupado. Esto es lo que la gente cree realmente, porque si uno cree que las Revelaciones de Dios fueron dadas hace siglos y que Dios no tiene nada m\u00e1s que decir a la humanidad, entonces debe concluir que Dios realmente no se preocupa y no tiene nada m\u00e1s que decir mientras la humanidad encara ahora umbrales, colectivamente, que nunca ha tenido que encarar antes.<\/p>\n<p>\u00bfC\u00f3mo tratar\u00e1s con un mundo en declive? \u00bfC\u00f3mo tratar\u00e1s con una intervenci\u00f3n de razas predadoras del universo, las cuales est\u00e1n aqu\u00ed para aprovecharse de la divisi\u00f3n y la debilidad humanas? \u00bfC\u00f3mo tratar\u00e1s con una agitaci\u00f3n pol\u00edtica y econ\u00f3mica a una escala nunca vista antes en el mundo?<\/p>\n<p>Si eres honesto contigo mismo, tendr\u00e1s que admitir en alg\u00fan momento que no tienes ni siquiera una pista. Pero esta es la condici\u00f3n del mundo y lo que tendr\u00e1s que encarar, t\u00fa y todo el mundo contigo.<\/p>\n<p>Dios est\u00e1 enviando una preparaci\u00f3n para el Nuevo Mundo como parte del Nuevo Mensaje. Dios est\u00e1 mand\u00e1ndote los planos y la preparaci\u00f3n para comenzar a establecer una nueva vida. Est\u00e1 el Mensaje para el mundo y todos los que est\u00e1n en \u00e9l. Luego est\u00e1 el Mensaje para el individuo que siente que tiene un mayor prop\u00f3sito y destino en el mundo. T\u00fa tendr\u00e1s que decidir si esto te habla a ti.<\/p>\n<p>Dios no invent\u00f3 tus ideas y creencias. Dios no cre\u00f3 tus preferencias y tus miedos. Dios no cre\u00f3 el mundo que es un producto de las preferencias y los miedos de todo el mundo. No puedes culpar a Dios por las condiciones sociales de la humanidad. No puedes culpar a Dios por las guerras y la crueldad, la explotaci\u00f3n, la esclavitud y la pobreza. Todo eso es una creaci\u00f3n humana basada en la codicia y la ignorancia, basada en que no hay suficiente gente contribuyendo lo suficiente al mundo a su alrededor.<\/p>\n<p>Pero Dios cre\u00f3 la presencia del Conocimiento dentro de ti, y solo la Nueva Revelaci\u00f3n de Dios deja esto muy claro, sin un revestimiento de historia e interpretaci\u00f3n humana para nublar tu entendimiento. La corriente es clara. El Mensaje es puro. T\u00fa est\u00e1s recibi\u00e9ndolo de su Fuente, en vez de una interpretaci\u00f3n que fue hecha siglos antes para el consumo humano.<\/p>\n<p>Para tener una nueva vida, debes hacer el trabajo. No es un hechizo que se pone sobre ti. No es como tomar alguna poci\u00f3n m\u00e1gica y que de pronto todo sea diferente. No es una forma de adicci\u00f3n o intoxicaci\u00f3n.<\/p>\n<p>T\u00fa tendr\u00e1s que hacer el trabajo. Tendr\u00e1s que asumir los riesgos. Tendr\u00e1s que tomar las decisiones. Tendr\u00e1s que decepcionar a otras personas. Tendr\u00e1s que decepcionar tus propios objetivos y ambiciones. Tendr\u00e1s que cambiar tus planes.<\/p>\n<p>Aqu\u00ed es donde te haces fuerte. Aqu\u00ed es donde te unes dentro de ti mismo. Aqu\u00ed es donde sigues una voz en vez de muchas voces en tu mente. Aqu\u00ed es donde tu verdadera lealtad emerge entre tus otros compromisos y obligaciones. Aqu\u00ed es donde recuperas tu fortaleza y tu autoconfianza. Aqu\u00ed es donde dejas de comportarte tontamente, entregando tu vida a cosas absurdas y sin significado. Aqu\u00ed es donde sabes elegir con qui\u00e9n estar y c\u00f3mo resistir las tentaciones que te conducen a otra parte en la vida.<\/p>\n<p>T\u00fa te haces fuerte porque el Conocimiento est\u00e1 dentro de ti. Resistes la dificultad porque el Conocimiento est\u00e1 dentro de ti. Puedes encarar el dolor y la p\u00e9rdida, la enfermedad e incluso el rechazo de otros que te importan porque el poder del Conocimiento est\u00e1 dentro de ti. Y cuando te encuentras con alguien que ha desarrollado este poder, vuestra relaci\u00f3n estar\u00e1 por completo en otro nivel \u2014extraordinaria en el mundo, capaz de crear cosas mucho m\u00e1s grandes de lo que t\u00fa solo podr\u00edas jam\u00e1s producir.<\/p>\n<p>Dios te da la fuente de tu fuerza, pero t\u00fa debes ejercitar su gu\u00eda, y debes desarrollar las habilidades personales que te permiten ser un veh\u00edculo para el Conocimiento \u2014una persona de poder e integridad, una persona que puede inspirar a otros y puede traerles confianza, confort y direcci\u00f3n.<\/p>\n<p>Esto es la Nueva Revelaci\u00f3n de Dios. Esto es lo que pretende lograr. Debe haber muchos contribuidores fuertes en el mundo ahora, de lo contrario la humanidad se enfrenta a un gran y precipitado declive.<\/p>\n<p>Permite que este sea tu entendimiento.<\/p>\n","protected":false},"excerpt":{"rendered":"<p>La Nueva Revelaci\u00f3n de Dios no est\u00e1 aqu\u00ed para simplemente a\u00f1adir valor a tu existencia actual o para validar tus ideas y b\u00fasquedas. No est\u00e1 aqu\u00ed para validar las religiones del mundo o para ajustarse a sus creencias o expectativas, pues Dios no est\u00e1 limitado por esas cosas. No est\u00e1 aqu\u00ed para validar tus expectativas,\u2026 <a class=\"read-more\" href=\"https:\/\/www.v6.newmessage.org\/es\/about-text-shortcode\"><span>Read More<\/span><\/a><\/p>\n","protected":false},"author":1,"featured_media":0,"parent":16480,"menu_order":1,"comment_status":"closed","ping_status":"closed","template":"template-leftsidebar.php","meta":{"_monsterinsights_skip_tracking":false,"_monsterinsights_sitenote_active":false,"_monsterinsights_sitenote_note":"","_monsterinsights_sitenote_category":0,"footnotes":""},"categories":[76,117,30,462,460],"tags":[127,128,333,360],"_links":{"self":[{"href":"https:\/\/www.v6.newmessage.org\/es\/wp-json\/wp\/v2\/pages\/3707"}],"collection":[{"href":"https:\/\/www.v6.newmessage.org\/es\/wp-json\/wp\/v2\/pages"}],"about":[{"href":"https:\/\/www.v6.newmessage.org\/es\/wp-json\/wp\/v2\/types\/page"}],"author":[{"embeddable":true,"href":"https:\/\/www.v6.newmessage.org\/es\/wp-json\/wp\/v2\/users\/1"}],"replies":[{"embeddable":true,"href":"https:\/\/www.v6.newmessage.org\/es\/wp-json\/wp\/v2\/comments?post=3707"}],"version-history":[{"count":22,"href":"https:\/\/www.v6.newmessage.org\/es\/wp-json\/wp\/v2\/pages\/3707\/revisions"}],"predecessor-version":[{"id":29140,"href":"https:\/\/www.v6.newmessage.org\/es\/wp-json\/wp\/v2\/pages\/3707\/revisions\/29140"}],"up":[{"embeddable":true,"href":"https:\/\/www.v6.newmessage.org\/es\/wp-json\/wp\/v2\/pages\/16480"}],"wp:attachment":[{"href":"https:\/\/www.v6.newmessage.org\/es\/wp-json\/wp\/v2\/media?parent=3707"}],"wp:term":[{"taxonomy":"category","embeddable":true,"href":"https:\/\/www.v6.newmessage.org\/es\/wp-json\/wp\/v2\/categories?post=3707"},{"taxonomy":"post_tag","embeddable":true,"href":"https:\/\/www.v6.newmessage.org\/es\/wp-json\/wp\/v2\/tags?post=3707"}],"curies":[{"name":"wp","href":"https:\/\/api.w.org\/{rel}","templated":true}]}}