{"id":30444,"date":"2024-01-16T10:42:10","date_gmt":"2024-01-16T10:42:10","guid":{"rendered":"https:\/\/www.newmessage.org\/es\/?page_id=30444"},"modified":"2024-01-16T11:00:41","modified_gmt":"2024-01-16T11:00:41","slug":"enfermedad-y-sanacion","status":"publish","type":"page","link":"https:\/\/www.v6.newmessage.org\/es\/el-mensaje\/otras-revelaciones\/enfermedad-y-sanacion","title":{"rendered":"Enfermedad y sanaci\u00f3n"},"content":{"rendered":"<div><!--Versi\u00f3n espa\u00f1ola 1.2--><\/div>\n\n<div class=\"tabgroup \"><ul class=\"tabs\"><li><a href=\"#tabs-1\">Acerca de<\/a><\/li>\n<li><a href=\"#tabs-2\">Nota<\/a><\/li><\/ul>\n <div id=\"tabs-1\"><br \/>\n<i>Como le fue revelado a<\/i><br \/>\n<i>Marshall Vian Summers<\/i><br \/>\n<i>el 28 de mayo de 2011<\/i><br \/>\n<i>en Boulder, Colorado, Estados Unidos<\/i><\/p>\n<p>Texto original: <a href=\"https:\/\/www.newmessage.org\/the-message\/volume-2\/building-the-foundation-for-a-new-life\/illness-and-healing\">Illness and Healing<\/a><\/p>\n<p>Escucha el audio original aqu\u00ed (en ingl\u00e9s):<\/p>\n<div id=\"jquery_jplayer_1\" class=\"jp-jplayer\"><\/div>\n\t\t\t\t<div id=\"jp_container_1\" class=\"jp-audio\">\n\t\t\t\t<div class=\"jp-type-single\"><div class=\"jp-control\"><a href=\"javascript:;\" class=\"jp-play\" tabindex=\"1\">play<\/a><a href=\"javascript:;\" class=\"jp-pause\" tabindex=\"1\">pause<\/a><\/div> <div class=\"jp-gui jp-interface\"><div class=\"jp-volume\"><div class=\"jp-volume-bar\"><div class=\"jp-volume-bar-value\"><\/div><\/div><\/div><div class=\"jp-progress\"><div class=\"jp-seek-bar\"><div class=\"jp-play-bar\"><\/div><\/div><\/div><\/div>\t\t\t\t\t<div class=\"jp-no-solution\"><span>Update Required<\/span>To play the media you will need to either update your browser to a recent version or update your <a href=\"http:\/\/get.adobe.com\/flashplayer\/\" target=\"_blank\">Flash plugin<\/a>.<\/div><\/div><\/div>\n\t\t\t<script type='text\/javascript'>\n\t\t\t\tjQuery(document).ready(function() {\n\t\t\t\t\tif (typeof (sermonMedia) == 'function') {\n\t\t\t\t\t\tsermonMedia.addAudio('', \"jquery_jplayer_1\");\n\t\t\t\t\t}\n\t\t\t\t\tjQuery.jPlayer.timeFormat.showHour = true;\n\t\t\t\t\tjQuery(\"#jquery_jplayer_1\").jPlayer({\n\t\t\t\t\t\tready: function(event) {\n\t\t\t\t\t\t\tjQuery(this).jPlayer(\"setMedia\", {mp3: 'https:\/\/s3.us-east-1.wasabisys.com\/nmfg-av\/illness-and-healing.mp3'});\n\t\t\t\t\t\t},\n\t\t\t\t\t\tplay: function() {\n\t\t\t\t\t\t\tjQuery(this).jPlayer(\"pauseOthers\");\n\t\t\t\t\t\t},\n\t\t\t\t\t\tswfPath: ThemeData.directory_uri+\"\/swf\",\n\t\t\t\t\t\tsolution: \"html, flash\",\n\t\t\t\t\t\tpreload: \"metadata\",\n\t\t\t\t\t\twmode: \"window\",\n\t\t\t\t\t\tsupplied: \"mp3\",\n\t\t\t\t\t\tcssSelectorAncestor: '#jp_container_1'\n\t\t\t\t\t});\n\t\t\t\t});\n\t\t\t<\/script><\/p>\n<p><a title=\"Illness and Healing\" href=\"https:\/\/s3.us-east-1.wasabisys.com\/nmfg-av\/illness-and-healing.mp3\">Descargar<\/a> (cliquea en el bot\u00f3n derecho y selecciona \u201cguardar enlace como\u201d)<\/p>\n<div class=\"toggle toggle-white\"><h4 class=\"trigger \"><span class=\"t_ico\"><\/span><a href=\"#\">M\u00e1s informaci\u00f3n sobre este texto<\/a><\/h4><div class=\"toggle_container \"><br \/>\n<p>Lo que est\u00e1s leyendo en este texto es la transcripci\u00f3n de la voz original de la Asamblea Ang\u00e9lica hablando a trav\u00e9s del Mensajero Marshall Vian Summers.<\/p>\n<p>Aqu\u00ed, la comunicaci\u00f3n original de Dios, que existe m\u00e1s all\u00e1 de las palabras, es traducida al lenguaje y el entendimiento humanos por la Asamblea Ang\u00e9lica que supervisa el mundo. La Asamblea despu\u00e9s entrega el Mensaje de Dios a trav\u00e9s del Mensajero, tras lo cual es transcrito y puesto a tu disposici\u00f3n y a disposici\u00f3n de todos.<\/p>\n<p>En este extraordinario proceso, la Voz de la Revelaci\u00f3n est\u00e1 hablando de nuevo. La Palabra y el Sonido est\u00e1n en el mundo. Que puedas ser el receptor de este regalo de Revelaci\u00f3n y puedas estar abierto a recibir su Mensaje \u00fanico para ti y para tu vida.<\/p>\n<br \/>\n<\/div><\/div><br \/>\n<\/div>\n<div id=\"tabs-2\"><br \/>\n<em>Nota a los lectores:<br \/>\nEsta traducci\u00f3n fue provista a la <\/em>Society<em> por estudiantes del Nuevo Mensaje que se han ofrecido voluntariamente a traducir el texto original en ingl\u00e9s. La publicamos en esta forma inicial para que todo el mundo tenga una oportunidad de interactuar con una porci\u00f3n del Nuevo Mensaje en un su propio idioma.<\/em><br \/>\n<\/div>\n\t\t\t\t<div align=\"right\">\n\t\t\t<div class=\"fb-like\" data-href=\"\" data-layout=\"button_count\" data-action=\"like\" data-show-faces=\"false\" data-share=\"false\"><\/div>\n\t\t\t<div class=\"fb-share-button\" data-layout=\"button_count\"> <\/div>\n\t\t\t<div class=\"fb_iframe_widget\"><a href=\"https:\/\/twitter.com\/godsnewmessage?ref_src=twsrc%5Etfw\" class=\"twitter-follow-button\" data-show-count=\"false\">Follow @godsnewmessage<\/a><script async src=\"https:\/\/platform.twitter.com\/widgets.js\" charset=\"utf-8\"><\/script><\/div>\n\t\t\t<\/div> <\/div> \n\n<p>Enfermarse es parte de la vida, es un peligro de la vida, una consecuencia de la vida. Existen muchas causas: exposici\u00f3n a sustancias peligrosas, estr\u00e9s, decepci\u00f3n, deseo de alejarse del desaf\u00edo de la vida propia, exposici\u00f3n a otras personas enfermas, depresi\u00f3n, dolor. Cualquiera o todas estas cosas pueden estar presentes para iniciar la enfermedad.<\/p>\n<p>Si vas a estar con personas, a servir a la gente, a involucrarte con el mundo, la enfermedad, hasta cierto punto, ser\u00e1 parte de tu experiencia. Y si bien hay muchas teor\u00edas sobre la causa de la enfermedad y las curas para la enfermedad, existe algo que es esencial en el n\u00facleo del asunto, y es, la intenci\u00f3n de vivir y la experiencia de tener un prop\u00f3sito mayor en la vida.<\/p>\n<p>Sin esta intenci\u00f3n y este prop\u00f3sito emanando fuertemente de ti, existe una ambivalencia, una posici\u00f3n ambivalente hacia la vida. Estar\u00e1s en la vida mientras la decepci\u00f3n no sea demasiado grande. Participar\u00e1s en cierto grado solo si puedes adquirir las cosas que deseas.<\/p>\n<p>Si estas intenciones son decepcionadas, entonces surge la ambivalencia. Dejas de cuidarte bien. No haces lo que sabes que debes hacer para estar bien y tener salud. Te descuidas. Evitas lo que es beneficioso y comienzas a pensar en aquellas cosas que son da\u00f1inas o incluso peligrosas para ti. Esto es tanto fisiol\u00f3gico como psicol\u00f3gico.<\/p>\n<p>Muchas personas parecen estar sanas, pero no est\u00e1n bien por dentro. Ellas son extra\u00f1as para s\u00ed mismas. No conocen su naturaleza m\u00e1s profunda. Ellas intentan vivir el momento y adquirir tanto placer, comodidad y seguridad como puedan, pero dentro de s\u00ed mismas est\u00e1n perdidas, son v\u00edctimas de las circunstancias. Ellas no pueden ganar contacto con su fuerza m\u00e1s profunda, su coraje m\u00e1s hondo y su prop\u00f3sito m\u00e1s profundo.<\/p>\n<p>Incluso, hay personas muy atl\u00e9ticas, que parecen ser la viva imagen de la salud f\u00edsica, pero sus mentes son oscuras; el alma est\u00e1 alejada. Ellas tambi\u00e9n est\u00e1n muy agobiadas por el miedo y la decepci\u00f3n, y por una gran incertidumbre sobre s\u00ed mismas y sobre el significado de sus vidas.<\/p>\n<p>As\u00ed, esta cualidad insana, de estar disociado de ti mismo, es la precursora de dificultades f\u00edsicas: de lesiones y enfermedades. No puede ser que, si tu estado interno es fundamentalmente insano, esto no se manifieste en alg\u00fan momento en tu vida f\u00edsica externa.<\/p>\n<p>Las decisiones que tomas cada d\u00eda en cuanto a c\u00f3mo vivir\u00e1s, qu\u00e9 comer\u00e1s, qu\u00e9 har\u00e1s, el grado en que te comunicar\u00e1s o el grado en el que te alejar\u00e1s de la gente, todo ello influye en tu salud y bienestar.<\/p>\n<p>Quienes est\u00e1n realmente sanos est\u00e1n comprometidos con un profundo y mayor prop\u00f3sito. Ellos pueden entrever las penas y los placeres del mundo con una perspectiva mayor, con una sabidur\u00eda m\u00e1s profunda. No desperdiciar\u00e1n su vida ni su tiempo, aqu\u00ed en la tierra, en actividades sin sentido, en romances desesperados o en relaciones peligrosas; todas las cosas que conducen a una mayor y profunda condici\u00f3n de estar enfermo.<\/p>\n<p>Se necesita una gran intenci\u00f3n para vivir en el mundo con determinaci\u00f3n, paciencia y compasi\u00f3n por los dem\u00e1s. El mundo parece erosionar estas cosas, decepcionarlas o incluso socavar estas cosas.<\/p>\n<p>Si eres honesto contigo mismo, habr\u00e1 decepciones. Cometer\u00e1s errores. Fallar\u00e1s en ciertos objetivos. Otras personas fracasar\u00e1n en sus objetivos. Toda una naci\u00f3n puede fracasar en sus objetivos.<\/p>\n<p>El fracaso est\u00e1 a tu alrededor. La depresi\u00f3n est\u00e1 a tu alrededor. El desaliento est\u00e1 a tu alrededor. La deshonestidad est\u00e1 a tu alrededor. Por lo tanto, se necesita una gran determinaci\u00f3n para superar estas cosas, para alterar tu compromiso con las personas y para buscar a aquellas que tienen mayor coraje e incentivo en la vida.<\/p>\n<p>El mundo, en cierto sentido, es un lugar muy insano teniendo en cuenta qui\u00e9n eres realmente. Es constantemente problem\u00e1tico. Tiene peligros tremendos, muchos de los cuales son invisibles e imprevisibles.<\/p>\n<p>El entorno humano est\u00e1 lleno de des\u00e1nimo, desilusi\u00f3n, agravios y corrupci\u00f3n. El cuerpo f\u00edsico requiere mucho cuidado para funcionar bien e incluso aqu\u00ed te pueden afectar enfermedades o lesiones. El espectro del des\u00e1nimo puede ser abrumador y muchas personas se sienten abrumadas por ello.<\/p>\n<p>Por eso, se necesita una gran determinaci\u00f3n, y esta determinaci\u00f3n debe surgir de un sentido de prop\u00f3sito mayor en la vida, un prop\u00f3sito que es m\u00e1s fuerte, m\u00e1s persistente y m\u00e1s generador de vida que todos los dem\u00e1s factores en tu vida que buscar\u00edan debilitarte y socavar este incentivo.<\/p>\n<p>Aqu\u00ed afrontas la enfermedad con mayor valent\u00eda y paciencia. T\u00fa la superar\u00e1s y tendr\u00e1s la intenci\u00f3n de superarla porque tienes cosas importantes que hacer, y esta importancia no es meramente circunstancial. Va m\u00e1s all\u00e1 de la simple obligaci\u00f3n de regresar al trabajo o de ser productivo para tu familia. Este incentivo es m\u00e1s fuerte incluso que estas cosas.<\/p>\n<p>Es este incentivo el que te permite no sucumbir al des\u00e1nimo y la ira, a la desilusi\u00f3n y la desesperanza, que se apoderan de tantas otras personas, de muchas otras personas que est\u00e1n muertas incluso antes de haber abandonado este mundo: muertas para s\u00ed mismas, muertas para el mundo, muertas para la belleza y la maravilla del momento, muertas incluso para los milagros y ventajas que contienen sus vidas.<\/p>\n<p>La luz se ha atenuado dentro de ellas. Aunque parezcan estar sanas y saludables por fuera, no les ir\u00e1 bien en la vida. Y con las Grandes Olas de cambio que llegan al mundo, ellas no tendr\u00e1n el coraje, la fuerza o la perspicacia para prepararse.<\/p>\n<p>\u00bfQu\u00e9 puede hacer Dios por ellas m\u00e1s que intentar hablarles a trav\u00e9s de su desilusi\u00f3n, su depresi\u00f3n, su des\u00e1nimo, sus agravios hacia otras y hacia ellas mismas?<\/p>\n<p>Por eso Nosotros te llevamos a las preguntas m\u00e1s importantes de tu vida: por qu\u00e9 est\u00e1s aqu\u00ed, qu\u00e9 est\u00e1s destinado a hacer. \u00bfEst\u00e1s realmente viviendo la vida que estabas destinado a vivir? \u00bfEst\u00e1s realmente haciendo las cosas que estabas destinado a hacer, aunque en este momento no sepas cu\u00e1les son?<\/p>\n<p>M\u00e1s all\u00e1 de toda la especulaci\u00f3n sobre la causa de la enfermedad y todos los remedios \u2014algunos de los cuales son muy \u00fatiles\u2014 existe esta pregunta esencial porque esta determinar\u00e1 si tienes esa mayor determinaci\u00f3n en la vida: ese mayor compromiso para estar aqu\u00ed, para resistir las tormentas del mundo, para superar los desalientos y decepciones que vivir\u00e1s y ver\u00e1s a tu alrededor. \u00bfTendr\u00e1s t\u00fa esa mayor determinaci\u00f3n?<\/p>\n<p>Esta no es producto de la fuerza de voluntad o de la afirmaci\u00f3n personal. Debe provenir de un lugar m\u00e1s profundo dentro de ti, de una Mente m\u00e1s profunda: la Mente que Nosotros llamamos Conocimiento, la Mente que Dios ha creado, la Mente que ten\u00edas antes de venir aqu\u00ed y la Mente que tendr\u00e1s despu\u00e9s de partir.<\/p>\n<p>Tomar los Pasos al Conocimiento, por lo tanto, es lo que te lleva a la fuente de tu fuerza, de tu integridad y de tu determinaci\u00f3n. Es esta determinaci\u00f3n, m\u00e1s all\u00e1 incluso de la voluntad de vivir y del miedo a perder tu vida, la que te impulsar\u00e1 hacia el mundo con mayor fortaleza y \u200b\u200bcoraje.<\/p>\n<p>No es sencillamente que est\u00e9s resistiendo la enfermedad y la vejez. Es que tienes cosas importantes que hacer y a\u00fan no est\u00e1n hechas. Y ahora est\u00e1s siendo impulsado, no por el miedo, la ira o la fuerza personal. Est\u00e1s siendo impulsado por un incentivo mayor desde el centro de tu Ser.<\/p>\n<p>Sabes que has venido al mundo para un prop\u00f3sito. Sabes que ese prop\u00f3sito fue establecido antes de que t\u00fa vinieras. Sabes que est\u00e1 conectado a tu Fuente. Sabes que este es la fuente del significado y del valor de tu vida.<\/p>\n<p>No es una idea. No es un concepto. No es una teor\u00eda ni una filosof\u00eda. Es una potente experiencia dentro de ti. Debes seguir adelante. Debes levantarte de enfermedades y lesiones. Debes continuar. Y esto no es simplemente una terrible obligaci\u00f3n. Es un est\u00edmulo, lleno de intenci\u00f3n y de compromiso para el \u00e9xito.<\/p>\n<p>\u00bfQu\u00e9 encender\u00e1 el esp\u00edritu humano? \u00c9sa es la pregunta que rara vez se hace en cuestiones relativas a la salud y el bienestar.<\/p>\n<p>\u00bfCu\u00e1ndo es activada tu alma? \u00bfCu\u00e1ndo tu vida se vuelve realmente importante, no s\u00f3lo para asegurar placeres y ventajas y evitar dificultades, sino realmente para alcanzar algo que sabes que tienes que lograr aqu\u00ed?<\/p>\n<p>Entonces, si est\u00e1s enfermo, incluso gravemente, tienes el compromiso de cambiar tu vida, de alterar tus h\u00e1bitos y tu relaci\u00f3n con otros si es necesario. Te enfocar\u00e1s en seguir adelante en vez de sucumbir a las condiciones del momento.<\/p>\n<p>\u00bfQu\u00e9 encender\u00e1 el esp\u00edritu en una persona? Eso es lo que nos preocupa a Nosotros. No cu\u00e1n bien lo est\u00e1s haciendo circunstancialmente, ni si est\u00e1s ganando dinero o cumpliendo tus metas, porque puedes hacer eso incluso en un estado muy poco saludable.<\/p>\n<p>La pregunta para Nosotros es: \u00bfQu\u00e9 encender\u00e1 el esp\u00edritu de la persona y de la gente? \u00bfEstar\u00e1n a la altura de una gran ocasi\u00f3n, no impulsadas \u200b\u200bpor el miedo y el pavor sino impulsadas por una inspiraci\u00f3n mayor?<\/p>\n<p>Ese ser\u00eda el punto de inflexi\u00f3n para la humanidad, que se enfrenta a un mundo en decadencia, un mundo con recursos menguantes y con creciente perturbaci\u00f3n y convulsi\u00f3n pol\u00edtica y econ\u00f3mica.<\/p>\n<p>\u00bfQu\u00e9 inspirar\u00e1 a las personas a unirse, cooperar y renovar la salud y el bienestar de este mundo, del que todos dependen tan completamente?<\/p>\n<p>\u00bfQui\u00e9n dar\u00e1 valor, inspiraci\u00f3n e \u00edmpetu a la persona que est\u00e1 gravemente enferma o gravemente herida? \u00bfSucumbir\u00e1n a la tragedia y el trauma de su situaci\u00f3n, y estos dominar\u00e1n el resto de sus vidas y toda su visi\u00f3n de s\u00ed mismas y del mundo? \u00bfO se levantar\u00e1n de nuevo, no bas\u00e1ndose en la fuerza de las ideas, sino en el poder del Conocimiento que hay dentro de ellas?<\/p>\n<p>Al final, cuando este mundo ya no sea parte de tu experiencia, reflexionar\u00e1s sobre este prop\u00f3sito con tu Familia Espiritual. Ese ser\u00e1 para ti el marcador del \u00e9xito o del fracaso.<\/p>\n<p>Todos tus otros grandes logros, si no sirvieron directamente a este prop\u00f3sito mayor y no te dieron la fuerza, el coraje y la sabidur\u00eda para encontrarlo y seguirlo, bueno, al final no importa si vives en una mansi\u00f3n o si tienes gran riqueza o est\u00e1s rodeado de gente atractiva o hace grandes proclamas sobre ti mismo mientras te pavoneas. Tuviste \u00e9xito o no lo tuviste en tu mayor compromiso en la vida.<\/p>\n<p>Si fracasaste a causa de la pobreza y la opresi\u00f3n, no habr\u00e1 juicio alguno contra ti por ello. S\u00f3lo quedar\u00e1 el deseo de retornar e intentarlo de nuevo.<\/p>\n<p>Por eso, como en todos los asuntos de la vida, debes volver al prop\u00f3sito esencial que te ha tra\u00eddo hasta aqu\u00ed. Este no es simplemente una definici\u00f3n o una afirmaci\u00f3n que t\u00fa mismo haces. Es el producto de una involucraci\u00f3n m\u00e1s profunda con el Conocimiento, una participaci\u00f3n que altera tu perspectiva y tus prioridades. Este cambia tus relaciones y aporta claridad y armon\u00eda a tus esfuerzos. La participaci\u00f3n es lo que enciende el compromiso y la conciencia de un prop\u00f3sito superior. Esa es la fuerza y \u200b\u200bel poder que produce m\u00e1s vida y salud dentro de ti.<\/p>\n<p>Puedes pasar el resto de tus d\u00edas tomando medicinas y pociones para intentar corregir o mejorar tu situaci\u00f3n y tu condici\u00f3n de salud, pero si no est\u00e1s implicado en la participaci\u00f3n, y en la expresi\u00f3n de esa participaci\u00f3n en t\u00e9rminos de tu prop\u00f3sito e involucraci\u00f3n en la vida, entonces s\u00f3lo es cuesti\u00f3n de alargar tus d\u00edas, de prolongar una vida que realmente nunca lleg\u00f3 a su verdadera realizaci\u00f3n. Y te sentir\u00e1s ambivalente al respecto, tal como lo son tantas personas.<\/p>\n<p>La ambivalencia es una se\u00f1al segura de que no est\u00e1s involucrado con el Conocimiento, porque al nivel del Conocimiento, las cosas son un s\u00ed o un no. Lo que es posible, lo que es un tal vez en la vida, estas cosas son atenuadas aqu\u00ed, porque te roban energ\u00eda. Te hacen perder el tiempo. Desperdician tu concentraci\u00f3n. Desperdician tu salud.<\/p>\n<p>Entonces, a medida que llegas a este prop\u00f3sito superior, te das cuenta de que debes desarrollar una salud muy buena para tu cuerpo y tambi\u00e9n para tu mente. Deb\u00e9is nutrir tus veh\u00edculos de comunicaci\u00f3n y no contaminarlos con las cosas m\u00e1s oscuras del mundo ni con las cosas peligrosas del mundo.<\/p>\n<p>El incentivo para hacer esto surgir\u00e1 dentro de ti y encontrar\u00e1s la disciplina para hacer esto realidad. Superar\u00e1s la ambivalencia, que es quien te roba tu compromiso y tu autodisciplina.<\/p>\n<p>Una fuerza mayor surgir\u00e1 y superar\u00e1 las otras voces en tu mente \u2014la pereza, la indolencia, la indecisi\u00f3n, las laxitudes, las emociones pat\u00e9ticas, la autocompasi\u00f3n\u2014 porque est\u00e1s aqu\u00ed para hacer algo importante. Esto es lo que te restaura. Esto es lo que te redime. Esto es lo que te saca del abismo y te lleva hacia adelante.<\/p>\n<p>As\u00ed que, si est\u00e1s enfermo o herido, haz lo que sea necesario para ayudar a tu cuerpo, pero considera realmente lo que encender\u00e1 tu esp\u00edritu y te inspirar\u00e1 hacia una vida mayor. Estas son las grandes preguntas que determinar\u00e1n el valor de tu vida. Porque si tu vida no tiene un valor que puedas experimentar, ser\u00e1s ambivalente sobre ello. Una parte de ti querr\u00e1 vivir y otra parte querr\u00e1 darse por vencida; todo ocurriendo, probablemente, por debajo de tu conciencia.<\/p>\n<p>Eres ambivalente acerca de estar en tu vida actual. Eres ambivalente incluso acerca de estar en la vida. \u00bfQu\u00e9 mensaje env\u00eda eso a tu cuerpo f\u00edsico, a tu veh\u00edculo de comunicaci\u00f3n? Es como si le estuvieras diciendo a tu cuerpo que est\u00e9 bien o que no est\u00e9 bien, todo a la vez. Est\u00e1s recibiendo mensajes contradictorios de tu mente porque tu mente est\u00e1 confundida. Ella quiere cosas que son muy diferentes.<\/p>\n<p>Quiere vivir, pero tambi\u00e9n quiere escapar y aplazar. Quiere avanzar, pero tambi\u00e9n quiere darse por vencida. Y si las cosas se vuelven demasiado dif\u00edciles o hay demasiadas p\u00e9rdidas en tu vida, la parte de ti que quiere darse por vencida prevalecer\u00e1. Ah\u00ed es cuando comenzar\u00e1s tu verdadero declive.<\/p>\n<p>Estar en el mundo pero no ser del mundo, significa que tienes un Poder que te est\u00e1 llevando adelante y que es mayor que todas las dem\u00e1s fuerzas que te destrozar\u00edan o te derribar\u00edan. Es este Poder Mayor el que te impedir\u00e1 entregar tu vida a personas y situaciones que no tienen ninguna promesa, independientemente de la apariencia que puedan tener en el momento. No te desperdiciar\u00e1s en personas o actividades que no van a donde t\u00fa necesitas ir.<\/p>\n<p>Por eso vivir para el momento es realmente posicionarte para ser una v\u00edctima del mundo. Eso es como decir: \u00abSer\u00e9 feliz si todo va como quiero\u00bb. Pero las cosas no van a salir como t\u00fa quieres. Incluso si intentas controlarte a ti mismo y a otras personas para lograr los resultados deseados, las cosas no saldr\u00e1n como t\u00fa quieres; no siempre ni frecuentemente.<\/p>\n<p>Entonces, decir \u00abYo vivo para el momento\u00bb es decir \u00abYo depender\u00e9 de mis circunstancias para hacerme feliz\u00bb. Y cuando tus circunstancias te decepcionen, caer\u00e1s en la oscuridad dentro de ti mismo. Cuando tu cuerpo se enferme o se deshabilite, te sentir\u00e1s desesperado e indefenso porque no existe un mayor incentivo para impulsarte.<\/p>\n<p>La parte de ti que es realmente poderosa \u2014la que tiene un prop\u00f3sito para estar en el mundo, la que es determinada, esa parte de ti m\u00e1s grande\u2014 estar\u00e1 m\u00e1s all\u00e1 de tu alcance. No la experimentaste. T\u00fa depend\u00edas de las circunstancias para darte felicidad y satisfacci\u00f3n, y estas te han fallado, tal como te fallar\u00e1n en la vida.<\/p>\n<p>Cuando el barco haga agua, no bajar\u00e1s de ese barco. Caer\u00e1s en la tristeza. Caer\u00e1s en la desesperaci\u00f3n. Y te hundir\u00e1s con ese barco.<\/p>\n<p>La inspiraci\u00f3n debe venir de dentro y debe estar respaldada por una vida que resuene eso y vea eso en otras personas. Debe ser una vida que tenga una influencia y un \u00e9nfasis positivos, no basados \u200b\u200ben meras esperanzas o deseos, sino en la fuerza de tu propio poder del Conocimiento.<\/p>\n<p>Esto es lo que permite a las personas superar y hacer grandes cosas, tener un gran impacto en otras, perseverar donde otras han fracasado, y establecer grandes cosas para el futuro y el bienestar de la civilizaci\u00f3n humana, en cualquier campo, en todos los \u00e1mbitos.<\/p>\n<p>Por lo tanto, si est\u00e1s enfermo, herido o incluso profundamente desanimado y consternado, regresa al poder y a la presencia dentro de ti. Bajo la superficie de tu mente est\u00e1 el Conocimiento. Es fuerte. No est\u00e1 consternado. No le teme al mundo. No teme las p\u00e9rdidas ni las dudas futuras.<\/p>\n<p>Vuelve a esto. Toma los Pasos al Conocimiento. Eso es lo que genera vida y prop\u00f3sito, porque el prop\u00f3sito es vida en este mundo.<\/p>\n<p>Encuentra el manantial de fuerza, bienestar e integridad dentro de ti mismo y eludir\u00e1s la mayor\u00eda de las calamidades de la vida, la mayor\u00eda de los escollos de la vida. No te entregar\u00e1s a personas o situaciones que no tienen promesa ni direcci\u00f3n porque t\u00fa tienes promesa y direcci\u00f3n.<\/p>\n<p>Esto es lo que te sana a ti y al mundo. Eso emana del Conocimiento, m\u00e1s all\u00e1 del reino del intelecto. M\u00e1s all\u00e1 del \u00e1mbito de las ilusiones y las buenas ideas, es este poder y potencia lo que te llevar\u00e1 adelante y le dar\u00e1 a tu vida una gran promesa al servicio de aquello que es profundo y universal.<\/p>\n","protected":false},"excerpt":{"rendered":"<p>&#8220;Enfermarse es parte de la vida, es un peligro de la vida, una consecuencia de la vida. Existen muchas causas: exposici\u00f3n a sustancias peligrosas, estr\u00e9s, decepci\u00f3n, deseo de alejarse del desaf\u00edo de la vida propia, exposici\u00f3n a otras personas enfermas, depresi\u00f3n, dolor. Cualquiera o todas estas cosas pueden estar presentes para iniciar la enfermedad.<\/p>\n<p>Si vas a estar con personas, a servir a la gente, a involucrarte con el mundo, la enfermedad, hasta cierto punto, ser\u00e1 parte de tu experiencia. Y si bien hay muchas teor\u00edas sobre la causa de la enfermedad y las curas para la enfermedad, existe algo que es esencial en el n\u00facleo del asunto, y es, la intenci\u00f3n de vivir y la experiencia de tener un prop\u00f3sito mayor en la vida.<\/p>\n<p>Sin esta intenci\u00f3n y este prop\u00f3sito emanando fuertemente de ti, existe una ambivalencia, una posici\u00f3n ambivalente hacia la vida. Estar\u00e1s en la vida mientras la decepci\u00f3n no sea demasiado grande. Participar\u00e1s en cierto grado solo si puedes adquirir las cosas que deseas.<\/p>\n<p>Si estas intenciones son decepcionadas, entonces surge la ambivalencia. Dejas de cuidarte bien. No haces lo que sabes que debes hacer para estar bien y tener salud. Te descuidas. Evitas lo que es beneficioso y comienzas a pensar en aquellas cosas que son da\u00f1inas o incluso peligrosas para ti. Esto es tanto fisiol\u00f3gico como psicol\u00f3gico.<\/p>\n<p>Muchas personas parecen estar sanas, pero no est\u00e1n bien por dentro. Ellas son extra\u00f1as para s\u00ed mismas. No conocen su naturaleza m\u00e1s profunda. Ellas intentan vivir el momento y adquirir tanto placer, comodidad y seguridad como puedan, pero dentro de s\u00ed mismas est\u00e1n perdidas, son v\u00edctimas de las circunstancias. Ellas no pueden ganar contacto con su fuerza m\u00e1s profunda, su coraje m\u00e1s hondo y su prop\u00f3sito m\u00e1s profundo&#8230;&#8221;<\/p>\n","protected":false},"author":13,"featured_media":0,"parent":16358,"menu_order":0,"comment_status":"closed","ping_status":"closed","template":"template-leftsidebar.php","meta":{"_monsterinsights_skip_tracking":false,"_monsterinsights_sitenote_active":false,"_monsterinsights_sitenote_note":"","_monsterinsights_sitenote_category":0,"footnotes":""},"categories":[501,76],"tags":[1024],"_links":{"self":[{"href":"https:\/\/www.v6.newmessage.org\/es\/wp-json\/wp\/v2\/pages\/30444"}],"collection":[{"href":"https:\/\/www.v6.newmessage.org\/es\/wp-json\/wp\/v2\/pages"}],"about":[{"href":"https:\/\/www.v6.newmessage.org\/es\/wp-json\/wp\/v2\/types\/page"}],"author":[{"embeddable":true,"href":"https:\/\/www.v6.newmessage.org\/es\/wp-json\/wp\/v2\/users\/13"}],"replies":[{"embeddable":true,"href":"https:\/\/www.v6.newmessage.org\/es\/wp-json\/wp\/v2\/comments?post=30444"}],"version-history":[{"count":1,"href":"https:\/\/www.v6.newmessage.org\/es\/wp-json\/wp\/v2\/pages\/30444\/revisions"}],"predecessor-version":[{"id":30445,"href":"https:\/\/www.v6.newmessage.org\/es\/wp-json\/wp\/v2\/pages\/30444\/revisions\/30445"}],"up":[{"embeddable":true,"href":"https:\/\/www.v6.newmessage.org\/es\/wp-json\/wp\/v2\/pages\/16358"}],"wp:attachment":[{"href":"https:\/\/www.v6.newmessage.org\/es\/wp-json\/wp\/v2\/media?parent=30444"}],"wp:term":[{"taxonomy":"category","embeddable":true,"href":"https:\/\/www.v6.newmessage.org\/es\/wp-json\/wp\/v2\/categories?post=30444"},{"taxonomy":"post_tag","embeddable":true,"href":"https:\/\/www.v6.newmessage.org\/es\/wp-json\/wp\/v2\/tags?post=30444"}],"curies":[{"name":"wp","href":"https:\/\/api.w.org\/{rel}","templated":true}]}}