{"id":30399,"date":"2023-01-12T16:16:15","date_gmt":"2023-01-12T16:16:15","guid":{"rendered":"https:\/\/www.newmessage.org\/es\/?page_id=30399"},"modified":"2023-01-12T16:16:15","modified_gmt":"2023-01-12T16:16:15","slug":"el-tiempo-de-la-revelacion","status":"publish","type":"page","link":"https:\/\/www.v6.newmessage.org\/es\/el-mensaje\/otras-revelaciones\/el-tiempo-de-la-revelacion","title":{"rendered":"El tiempo de la Revelaci\u00f3n"},"content":{"rendered":"<div><!--Versi\u00f3n espa\u00f1ola 1.2--><\/div>\n\n<div class=\"tabgroup \"><ul class=\"tabs\"><li><a href=\"#tabs-1\">Acerca de<\/a><\/li>\n<li><a href=\"#tabs-2\">Nota<\/a><\/li><\/ul>\n <div id=\"tabs-1\"><br \/>\n<i>Como le fue revelado a<\/i><br \/>\n<i>Marshall Vian Summers<\/i><br \/>\n<i>el 23 de febrero de 2008<\/i><br \/>\n<i>en Boulder, Colorado, Estados Unidos<\/i><\/p>\n<p>Texto original: <a href=\"https:\/\/www.newmessage.org\/the-message\/volume-1\/the-time-of-revelation\/the-time-of-revelation\">The Time of Revelation<\/a><\/p>\n<p>Escucha el audio original aqu\u00ed (en ingl\u00e9s):<\/p>\n<div id=\"jquery_jplayer_1\" class=\"jp-jplayer\"><\/div>\n\t\t\t\t<div id=\"jp_container_1\" class=\"jp-audio\">\n\t\t\t\t<div class=\"jp-type-single\"><div class=\"jp-control\"><a href=\"javascript:;\" class=\"jp-play\" tabindex=\"1\">play<\/a><a href=\"javascript:;\" class=\"jp-pause\" tabindex=\"1\">pause<\/a><\/div> <div class=\"jp-gui jp-interface\"><div class=\"jp-volume\"><div class=\"jp-volume-bar\"><div class=\"jp-volume-bar-value\"><\/div><\/div><\/div><div class=\"jp-progress\"><div class=\"jp-seek-bar\"><div class=\"jp-play-bar\"><\/div><\/div><\/div><\/div>\t\t\t\t\t<div class=\"jp-no-solution\"><span>Update Required<\/span>To play the media you will need to either update your browser to a recent version or update your <a href=\"http:\/\/get.adobe.com\/flashplayer\/\" target=\"_blank\">Flash plugin<\/a>.<\/div><\/div><\/div>\n\t\t\t<script type='text\/javascript'>\n\t\t\t\tjQuery(document).ready(function() {\n\t\t\t\t\tif (typeof (sermonMedia) == 'function') {\n\t\t\t\t\t\tsermonMedia.addAudio('', \"jquery_jplayer_1\");\n\t\t\t\t\t}\n\t\t\t\t\tjQuery.jPlayer.timeFormat.showHour = true;\n\t\t\t\t\tjQuery(\"#jquery_jplayer_1\").jPlayer({\n\t\t\t\t\t\tready: function(event) {\n\t\t\t\t\t\t\tjQuery(this).jPlayer(\"setMedia\", {mp3: 'https:\/\/s3.us-east-1.wasabisys.com\/nmfg-av\/the-time-of-revelation.mp3'});\n\t\t\t\t\t\t},\n\t\t\t\t\t\tplay: function() {\n\t\t\t\t\t\t\tjQuery(this).jPlayer(\"pauseOthers\");\n\t\t\t\t\t\t},\n\t\t\t\t\t\tswfPath: ThemeData.directory_uri+\"\/swf\",\n\t\t\t\t\t\tsolution: \"html, flash\",\n\t\t\t\t\t\tpreload: \"metadata\",\n\t\t\t\t\t\twmode: \"window\",\n\t\t\t\t\t\tsupplied: \"mp3\",\n\t\t\t\t\t\tcssSelectorAncestor: '#jp_container_1'\n\t\t\t\t\t});\n\t\t\t\t});\n\t\t\t<\/script><\/p>\n<p><a title=\"The Time of Revelation\" href=\"https:\/\/s3.us-east-1.wasabisys.com\/nmfg-av\/the-time-of-revelation.mp3\">Descargar<\/a> (cliquea en el bot\u00f3n derecho y selecciona \u201cguardar enlace como\u201d)<\/p>\n<div class=\"toggle toggle-white\"><h4 class=\"trigger \"><span class=\"t_ico\"><\/span><a href=\"#\">M\u00e1s informaci\u00f3n sobre este texto<\/a><\/h4><div class=\"toggle_container \"><br \/>\n<p>Lo que est\u00e1s leyendo en este texto es la transcripci\u00f3n de la voz original de la Asamblea Ang\u00e9lica hablando a trav\u00e9s del Mensajero Marshall Vian Summers.<\/p>\n<p>Aqu\u00ed, la comunicaci\u00f3n original de Dios, que existe m\u00e1s all\u00e1 de las palabras, es traducida al lenguaje y el entendimiento humanos por la Asamblea Ang\u00e9lica que supervisa el mundo. La Asamblea despu\u00e9s entrega el Mensaje de Dios a trav\u00e9s del Mensajero, tras lo cual es transcrito y puesto a tu disposici\u00f3n y a disposici\u00f3n de todos.<\/p>\n<p>En este extraordinario proceso, la Voz de la Revelaci\u00f3n est\u00e1 hablando de nuevo. La Palabra y el Sonido est\u00e1n en el mundo. Que puedas ser el receptor de este regalo de Revelaci\u00f3n y puedas estar abierto a recibir su Mensaje \u00fanico para ti y para tu vida.<\/p>\n<br \/>\n<\/div><\/div><br \/>\n<\/div>\n<div id=\"tabs-2\"><br \/>\n<em>Nota a los lectores:<br \/>\nEsta traducci\u00f3n fue provista a la <\/em>Society<em> por estudiantes del Nuevo Mensaje que se han ofrecido voluntariamente a traducir el texto original en ingl\u00e9s. La publicamos en esta forma inicial para que todo el mundo tenga una oportunidad de interactuar con una porci\u00f3n del Nuevo Mensaje en un su propio idioma.<\/em><br \/>\n<\/div>\n\t\t\t\t<div align=\"right\">\n\t\t\t<div class=\"fb-like\" data-href=\"\" data-layout=\"button_count\" data-action=\"like\" data-show-faces=\"false\" data-share=\"false\"><\/div>\n\t\t\t<div class=\"fb-share-button\" data-layout=\"button_count\"> <\/div>\n\t\t\t<div class=\"fb_iframe_widget\"><a href=\"https:\/\/twitter.com\/godsnewmessage?ref_src=twsrc%5Etfw\" class=\"twitter-follow-button\" data-show-count=\"false\">Follow @godsnewmessage<\/a><script async src=\"https:\/\/platform.twitter.com\/widgets.js\" charset=\"utf-8\"><\/script><\/div>\n\t\t\t<\/div> <\/div> \n\n<p>Es hora de proclamar el Nuevo Mensaje.<\/p>\n<p>Es hora de proclamar que Dios ha enviado un Nuevo Mensaje al mundo para preparar y proteger a la humanidad del impacto de las Grandes Olas de cambio que se avecinan, as\u00ed como de su vulnerabilidad frente a una Comunidad Mayor de vida inteligente en el universo.<\/p>\n<p>Es hora de que la Voluntad del Creador se conozca de manera fresca y nueva, sin el peso de la historia, la infusi\u00f3n de la cultura y la manipulaci\u00f3n de los gobiernos.<\/p>\n<p>Es hora de que se produzca la gran aclaraci\u00f3n en cuanto a la verdadera naturaleza de la espiritualidad humana y el mayor prop\u00f3sito que ha tra\u00eddo a cada persona al mundo en este momento.<\/p>\n<p>Es tiempo de que la humanidad comprenda que ya no puede ser una raza primitiva, una raza gobernada por la mitolog\u00eda, una raza gobernada por creencias apasionadas que no tienen fundamento en la realidad.<\/p>\n<p>Es tiempo de que la humanidad se eleve para poder tener la madurez, la fuerza, la unidad y la cooperaci\u00f3n para enfrentar las Grandes Olas de cambio que se avecinan, as\u00ed como para prepararse para las dificultades y los peligros de emerger a una Comunidad Mayor de vida inteligente en el universo.<\/p>\n<p>Es por esto que has venido al mundo, pues no has venido aqu\u00ed por accidente. No has venido aqu\u00ed sin un prop\u00f3sito mayor que cumplir en este mundo y en este momento. Has venido a servir al mundo de maneras espec\u00edficas, junto a otros a quienes est\u00e1s destinado a conocer.<\/p>\n<p>Tu regalo est\u00e1 m\u00e1s all\u00e1 de tu comprensi\u00f3n en este momento, porque reside m\u00e1s profundamente dentro de ti, protegido por el Conocimiento, la Mente m\u00e1s grande que Dios te ha dado para guiarte, protegerte y llevarte a una mayor realizaci\u00f3n y logro en la vida.<\/p>\n<p>Es tiempo de superar las pasiones, los agravios y los malentendidos del pasado. Estos no servir\u00e1n a la humanidad ahora y solo pondr\u00e1n en peligro a las personas, arroj\u00e1ndolas al conflicto y la competici\u00f3n mutua, generando conflictos, guerras y represalias.<\/p>\n<p>Es tiempo de que se le d\u00e9 a la familia humana una mayor comprensi\u00f3n, y por eso se ha enviado un Nuevo Mensaje de Dios al mundo. No es lo que las personas esperan. No cumple sus profec\u00edas. No asegura el cumplimiento de sus ambiciones. Porque este es un Nuevo Mensaje de Dios. No es un invento humano. Las personas no inventaron esto. No es una adaptaci\u00f3n. Es una Revelaci\u00f3n en el sentido m\u00e1s puro.<\/p>\n<p>Porque la humanidad debe saber de las Grandes Olas de cambio que est\u00e1n llegando al mundo, y debe comprender que se encuentra en el umbral del espacio en el universo, y que razas peligrosas e interesadas est\u00e1n interviniendo en el mundo para aprovecharse de una humanidad d\u00e9bil y en apuros.<\/p>\n<p>Es ahora cuando se explotar\u00e1 la divisi\u00f3n humana. Es ahora cuando la ignorancia humana ser\u00e1 enfocada y dirigida. Es ahora cuando los grandes agravios que existen entre las naciones, entre los grupos y entre las religiones se utilizar\u00e1n para llevar a la humanidad a un mayor conflicto, a una mayor decadencia, para volverla d\u00e9bil e impotente frente a las fuerzas intervinientes de la Comunidad Mayor del universo a su alrededor, las cuales buscan explotar a la humanidad en este momento en el que es vulnerable a tal abuso y manipulaci\u00f3n.<\/p>\n<p>No conoces la gravedad de tus tiempos. A\u00fan sigues perdido en las antiguas profec\u00edas. A\u00fan sigues desorientado. Todav\u00eda ignoras tu mayor destino y el prop\u00f3sito superior que te ha tra\u00eddo individualmente al mundo, para servir a un mundo necesitado, para generar y apoyar la unidad y la cooperaci\u00f3n humanas m\u00e1s all\u00e1 de los intereses de cualquier naci\u00f3n o gobierno.<\/p>\n<p>Un Mensajero ha sido enviado al mundo para traer este Nuevo Mensaje de Dios. Tal Mensajero es humano, es falible, no es perfecto. Pero es a \u00e9l a quien se le ha dado el Mensaje para toda la humanidad, un Mensaje que te informar\u00e1, un Mensaje que te desafiar\u00e1, un Mensaje que te revelar\u00e1 una realidad mayor y que te redimir\u00e1 en servicio al mayor prop\u00f3sito de Dios en el mundo, un prop\u00f3sito que no se entiende en las naciones del mundo actual.<\/p>\n<p>Es tiempo de una Nueva Revelaci\u00f3n. Es tiempo de que la humanidad comprenda que debe unirse en su propia defensa, que debe cooperar para evitar su declive en un mundo de recursos cada vez m\u00e1s escasos, que debe comprender su vulnerabilidad ante una Comunidad Mayor de vida inteligente, que debe prepararse para defender sus fronteras al espacio y fortalecer sus propias alianzas internas a fin de proteger y preservar el mundo.<\/p>\n<p>Como todos los grandes Mensajes de Dios que han sido enviados para elevar y dirigir a la humanidad a lo largo de la historia, esta Nueva Revelaci\u00f3n no se entender\u00e1 al principio. Ser\u00e1 ignorada, ser\u00e1 negada, ser\u00e1 condenada. Ser\u00e1 as\u00ed porque es una Revelaci\u00f3n de Dios y no una invenci\u00f3n humana. No es una adaptaci\u00f3n a las creencias, expectativas, preferencias y credos humanos.<\/p>\n<p>La Voluntad de Dios se preserva en el Conocimiento m\u00e1s profundo que Dios ha puesto dentro de ti, un Conocimiento que t\u00fa mismo no puedes generar, un Conocimiento que individuos ego\u00edstas y gobiernos u organizaciones no pueden usar ni manipular.<\/p>\n<p>Habr\u00e1 una gran resistencia al Nuevo Mensaje de Dios, particularmente desde las instituciones y autoridades religiosas que se sentir\u00e1n desafiadas por su causa. Pero ellas no entienden que el Nuevo Mensaje de Dios est\u00e1 aqu\u00ed para fortalecer y unir sus creencias religiosas, a fin de que la humanidad pueda avanzar con mayor fuerza y unidad en el futuro.<\/p>\n<p>Est\u00e1s viviendo ahora en un tiempo de Revelaci\u00f3n, una \u00e9poca en la que se est\u00e1 dando al mundo un Nuevo Mensaje del Creador de toda vida, una \u00e9poca en la que el Mensajero est\u00e1 entre vosotros, imbuido con el Mensaje, porque el Mensaje ha sido recibido.<\/p>\n<p>Es puro. No ha sido corrompido ni manipulado. No ha sido usado o aplicado incorrectamente. Es para el mundo entero, para darle a la humanidad un nuevo comienzo, para darle a la humanidad una gran oportunidad de sobrevivir a las Grandes Olas de cambio y de emerger a una Comunidad Mayor de vida inteligente en el universo como una raza libre y autodeterminada.<\/p>\n<p>Sin este Nuevo Mensaje, la humanidad entrar\u00eda en grave competici\u00f3n y conflicto por los recursos restantes del mundo. Y permanecer\u00eda ignorante de esas fuerzas de la Comunidad Mayor que est\u00e1n interviniendo en el mundo actual.<\/p>\n<p>Son estos dos grandes acontecimientos los que dar\u00e1n forma al futuro y al destino de la humanidad. Pero estos a\u00fan no han sido reconocidos, no se tienen en cuenta y la humanidad no est\u00e1 preparada para ellos. Es por eso que un Nuevo Mensaje de Dios ha sido enviado al mundo: para preparar a la humanidad para un futuro que ser\u00e1 diferente al pasado y para protegerla de sus propias inclinaciones peligrosas y autodestructivas.<\/p>\n<p>Esta es la raz\u00f3n por la que has venido al mundo: para formar parte de esto, para fortalecer tu fe, tu tradici\u00f3n y tu cultura, y para unirla con otras a fin de que pueda sobrevivir en los tiempos dif\u00edciles que se avecinan.<\/p>\n<p>Solo Dios sabe c\u00f3mo prepararte para este futuro. Solo la Revelaci\u00f3n de Dios puede ense\u00f1arte c\u00f3mo prepararte para este futuro. Solo la fuerza del Conocimiento que Dios ha puesto dentro de cada persona os dar\u00e1 el coraje, la confianza y la habilidad para superar vuestras propias inhibiciones y tendencias destructivas.<\/p>\n<p>No pienses que una Nueva Revelaci\u00f3n no puede venir al mundo. Esta es la suposici\u00f3n de algunas personas, pero es una suposici\u00f3n arrogante. Porque Dios no mirar\u00eda hacia otro lado frente a las necesidades de la humanidad. Y Dios no dejar\u00eda a la humanidad sin preparaci\u00f3n ante las grandes dificultades que se avecinan y el gran desaf\u00edo del universo a su alrededor.<\/p>\n<p>Es tu responsabilidad, tu deber y tu llamada recibir este Nuevo Mensaje con una mente abierta: leerlo, considerarlo, escucharlo; permitir que te hable a trav\u00e9s del mayor Conocimiento dentro de ti y que te desaf\u00ede, te eleve y te redima.<\/p>\n<p>La Proclamaci\u00f3n est\u00e1 surgiendo ahora. El tiempo apremia, pues la humanidad no tiene mucho tiempo para prepararse para el futuro, para prepararse para las Grandes Olas de cambio, para prepararse para la Comunidad Mayor y aquellas razas del universo que est\u00e1n interviniendo en el mundo en este momento.<\/p>\n<p>La humanidad tendr\u00e1 que unirse para su propia defensa. Tendr\u00e1 que unirse para preservar el mundo. Tendr\u00e1 que unirse para sostener la civilizaci\u00f3n humana. Tendr\u00e1 que renunciar a sus antiguos agravios. Tendr\u00e1 que superar su antigua mitolog\u00eda y sus viejas suposiciones.<\/p>\n<p>Esto ser\u00e1 impulsado ahora por la necesidad, porque los tiempos dif\u00edciles est\u00e1n ya encima y la humanidad no est\u00e1 preparada. La Comunidad Mayor est\u00e1 en el mundo, pero la humanidad no est\u00e1 preparada. Tu vida permanece sin cumplir, porque el mayor Conocimiento que Dios te ha dado a\u00fan no ha surgido en tu conciencia.<\/p>\n<p>Recibe, pues, el Nuevo Mensaje de Dios. Escucha al Mensajero. Escucha la Voz del Nuevo Mensaje, que es la Presencia Ang\u00e9lica hablando a trav\u00e9s del Mensajero. Lee las palabras sagradas que ha recibido el Mensajero para entregarlas al mundo. Y escucha a tu propio coraz\u00f3n, porque el Nuevo Mensaje de Dios habla a tu coraz\u00f3n. No habla a tus creencias, tus preferencias y tus suposiciones, sino a una realidad m\u00e1s profunda dentro de ti, una realidad nacida de Dios.<\/p>\n<p>Esta es una llamada a que esta realidad emerja dentro de ti. Es una llamada a su fuerza, su gracia, su compasi\u00f3n, su valor y su fortaleza.<\/p>\n<p>Este no es un tiempo para perderte ahora en tu propia confusi\u00f3n personal, tus propias indulgencias y tus fantas\u00edas. Es un tiempo para responder a las grandes necesidades de tu \u00e9poca, al gran desaf\u00edo de tu \u00e9poca, al gran umbral de tu \u00e9poca, los cuales son revelados en el Nuevo Mensaje de Dios.<\/p>\n<p>Esto solo hablar\u00e1 al Conocimiento dentro de ti y cumplir\u00e1 tu llamada a estar en el mundo. Porque se habr\u00e1 hecho la conexi\u00f3n, se habr\u00e1 dado la Revelaci\u00f3n, y t\u00fa, que est\u00e1s tan sujeto al error y el malentendido humanos, ver\u00e1s la gran verdad que emerge en el horizonte, y comprender\u00e1s que la humanidad enfrenta su mayor peligro, su mayor desaf\u00edo y su mayor oportunidad para que la unidad y la cooperaci\u00f3n humanas se establezcan.<\/p>\n<p>El Poder de Dios le ha sido dado a la humanidad para que esto suceda, para enfrentar este desaf\u00edo y esta dificultad y unirse ante ello. Pero solo el poder del Conocimiento dentro de ti puede darte esta fuerza y \u200b\u200bvisi\u00f3n. Y solo el Nuevo Mensaje de Dios puede revelar lo que esto realmente significa.<\/p>\n<p>Alabas a Dios realizando lo que Dios te ha dado para hacer, ver y saber. Por eso es esencial la Revelaci\u00f3n, porque sin ella no podr\u00e1s ver ni saber.<\/p>\n<p>Es por eso que una Nueva Revelaci\u00f3n est\u00e1 en el mundo, pues la humanidad debe ver ahora lo que antes no pod\u00eda ver. Debe saber ahora lo que antes no pod\u00eda saber. Debe reconocer que el mundo est\u00e1 cambiando y que la humanidad se encuentra en el umbral del espacio, en las fronteras del encuentro con una Comunidad Mayor de vida inteligente en el universo. La humanidad debe afrontar que el mundo ha sido explotado, que sus entornos han sido degradados, que sus recursos han sido desperdiciados y utilizados sin sabidur\u00eda.<\/p>\n<p>Dios no dar\u00eda una Nueva Revelaci\u00f3n al mundo a menos que la necesidad fuera profunda, a menos que tal necesidad no pudiera ser satisfecha por los Mensajes de Dios que se dieron en el pasado, ni por las creencias y suposiciones de los pueblos del mundo.<\/p>\n<p>Se debe dar una Nueva Revelaci\u00f3n, una nueva visi\u00f3n para la humanidad, una llamada a la fuerza, a \u200b\u200bla unidad y a una resonancia m\u00e1s profunda con el poder de Dios que ha sido puesto dentro de cada persona, el cual debe surgir ahora para guiar y proteger a la humanidad.<\/p>\n<p>Que el poder y la presencia del Conocimiento surjan en tu vida. Y que la Revelaci\u00f3n del Nuevo Mensaje de Dios te alcance y te hable, que te d\u00e9 consuelo y resoluci\u00f3n, y que restaure en ti el mayor poder que Dios te ha conferido para d\u00e1rselo al mundo.<\/p>\n","protected":false},"excerpt":{"rendered":"<p>&#8220;Es hora de proclamar el Nuevo Mensaje.<\/p>\n<p>Es hora de proclamar que Dios ha enviado un Nuevo Mensaje al mundo para preparar y proteger a la humanidad del impacto de las Grandes Olas de cambio que se avecinan, as\u00ed como de su vulnerabilidad frente a una Comunidad Mayor de vida inteligente en el universo.<\/p>\n<p>Es hora de que la Voluntad del Creador se conozca de manera fresca y nueva, sin el peso de la historia, la infusi\u00f3n de la cultura y la manipulaci\u00f3n de los gobiernos.<\/p>\n<p>Es hora de que se produzca la gran aclaraci\u00f3n en cuanto a la verdadera naturaleza de la espiritualidad humana y el mayor prop\u00f3sito que ha tra\u00eddo a cada persona al mundo en este momento.<\/p>\n<p>Es tiempo de que la humanidad comprenda que ya no puede ser una raza primitiva, una raza gobernada por la mitolog\u00eda, una raza gobernada por creencias apasionadas que no tienen fundamento en la realidad.<\/p>\n<p>Es tiempo de que la humanidad se eleve para poder tener la madurez, la fuerza, la unidad y la cooperaci\u00f3n para enfrentar las Grandes Olas de cambio que se avecinan, as\u00ed como para prepararse para las dificultades y los peligros de emerger a una Comunidad Mayor de vida inteligente en el universo&#8230;&#8221;<\/p>\n","protected":false},"author":13,"featured_media":0,"parent":16358,"menu_order":0,"comment_status":"closed","ping_status":"closed","template":"template-leftsidebar.php","meta":{"_monsterinsights_skip_tracking":false,"_monsterinsights_sitenote_active":false,"_monsterinsights_sitenote_note":"","_monsterinsights_sitenote_category":0,"footnotes":""},"categories":[501,76],"tags":[1010],"_links":{"self":[{"href":"https:\/\/www.v6.newmessage.org\/es\/wp-json\/wp\/v2\/pages\/30399"}],"collection":[{"href":"https:\/\/www.v6.newmessage.org\/es\/wp-json\/wp\/v2\/pages"}],"about":[{"href":"https:\/\/www.v6.newmessage.org\/es\/wp-json\/wp\/v2\/types\/page"}],"author":[{"embeddable":true,"href":"https:\/\/www.v6.newmessage.org\/es\/wp-json\/wp\/v2\/users\/13"}],"replies":[{"embeddable":true,"href":"https:\/\/www.v6.newmessage.org\/es\/wp-json\/wp\/v2\/comments?post=30399"}],"version-history":[{"count":1,"href":"https:\/\/www.v6.newmessage.org\/es\/wp-json\/wp\/v2\/pages\/30399\/revisions"}],"predecessor-version":[{"id":30400,"href":"https:\/\/www.v6.newmessage.org\/es\/wp-json\/wp\/v2\/pages\/30399\/revisions\/30400"}],"up":[{"embeddable":true,"href":"https:\/\/www.v6.newmessage.org\/es\/wp-json\/wp\/v2\/pages\/16358"}],"wp:attachment":[{"href":"https:\/\/www.v6.newmessage.org\/es\/wp-json\/wp\/v2\/media?parent=30399"}],"wp:term":[{"taxonomy":"category","embeddable":true,"href":"https:\/\/www.v6.newmessage.org\/es\/wp-json\/wp\/v2\/categories?post=30399"},{"taxonomy":"post_tag","embeddable":true,"href":"https:\/\/www.v6.newmessage.org\/es\/wp-json\/wp\/v2\/tags?post=30399"}],"curies":[{"name":"wp","href":"https:\/\/api.w.org\/{rel}","templated":true}]}}