{"id":30296,"date":"2022-07-14T11:14:51","date_gmt":"2022-07-14T11:14:51","guid":{"rendered":"https:\/\/www.newmessage.org\/es\/?page_id=30296"},"modified":"2022-07-14T11:14:51","modified_gmt":"2022-07-14T11:14:51","slug":"la-reforma","status":"publish","type":"page","link":"https:\/\/www.v6.newmessage.org\/es\/el-mensaje\/otras-revelaciones\/la-reforma","title":{"rendered":"La reforma"},"content":{"rendered":"<div><!--Versi\u00f3n espa\u00f1ola 1.2--><\/div>\n\n<div class=\"tabgroup \"><ul class=\"tabs\"><li><a href=\"#tabs-1\">Acerca de<\/a><\/li>\n<li><a href=\"#tabs-2\">Nota<\/a><\/li><\/ul>\n <div id=\"tabs-1\"><br \/>\n<i>Como le fue revelado a<\/i><br \/>\n<i>Marshall Vian Summers<\/i><br \/>\n<i>el 18 de enero de 2014<\/i><br \/>\n<i>en Boulder, Colorado, Estados Unidos<\/i><\/p>\n<p>Texto original: <a href=\"https:\/\/www.newmessage.org\/the-message\/volume-1\/the-reformation\/the-reformation\">The Reformation<\/a><\/p>\n<p>Escucha el audio original aqu\u00ed (en ingl\u00e9s):<\/p>\n<div id=\"jquery_jplayer_1\" class=\"jp-jplayer\"><\/div>\n\t\t\t\t<div id=\"jp_container_1\" class=\"jp-audio\">\n\t\t\t\t<div class=\"jp-type-single\"><div class=\"jp-control\"><a href=\"javascript:;\" class=\"jp-play\" tabindex=\"1\">play<\/a><a href=\"javascript:;\" class=\"jp-pause\" tabindex=\"1\">pause<\/a><\/div> <div class=\"jp-gui jp-interface\"><div class=\"jp-volume\"><div class=\"jp-volume-bar\"><div class=\"jp-volume-bar-value\"><\/div><\/div><\/div><div class=\"jp-progress\"><div class=\"jp-seek-bar\"><div class=\"jp-play-bar\"><\/div><\/div><\/div><\/div>\t\t\t\t\t<div class=\"jp-no-solution\"><span>Update Required<\/span>To play the media you will need to either update your browser to a recent version or update your <a href=\"http:\/\/get.adobe.com\/flashplayer\/\" target=\"_blank\">Flash plugin<\/a>.<\/div><\/div><\/div>\n\t\t\t<script type='text\/javascript'>\n\t\t\t\tjQuery(document).ready(function() {\n\t\t\t\t\tif (typeof (sermonMedia) == 'function') {\n\t\t\t\t\t\tsermonMedia.addAudio('', \"jquery_jplayer_1\");\n\t\t\t\t\t}\n\t\t\t\t\tjQuery.jPlayer.timeFormat.showHour = true;\n\t\t\t\t\tjQuery(\"#jquery_jplayer_1\").jPlayer({\n\t\t\t\t\t\tready: function(event) {\n\t\t\t\t\t\t\tjQuery(this).jPlayer(\"setMedia\", {mp3: 'https:\/\/www.newmessage.org\/av\/the-reformation.mp3'});\n\t\t\t\t\t\t},\n\t\t\t\t\t\tplay: function() {\n\t\t\t\t\t\t\tjQuery(this).jPlayer(\"pauseOthers\");\n\t\t\t\t\t\t},\n\t\t\t\t\t\tswfPath: ThemeData.directory_uri+\"\/swf\",\n\t\t\t\t\t\tsolution: \"html, flash\",\n\t\t\t\t\t\tpreload: \"metadata\",\n\t\t\t\t\t\twmode: \"window\",\n\t\t\t\t\t\tsupplied: \"mp3\",\n\t\t\t\t\t\tcssSelectorAncestor: '#jp_container_1'\n\t\t\t\t\t});\n\t\t\t\t});\n\t\t\t<\/script><\/p>\n<p><a title=\"The Reformation\" href=\"https:\/\/www.newmessage.org\/av\/the-reformation.mp3\">Descargar<\/a> (cliquea en el bot\u00f3n derecho y selecciona \u201cguardar enlace como\u201d)<\/p>\n<div class=\"toggle toggle-white\"><h4 class=\"trigger \"><span class=\"t_ico\"><\/span><a href=\"#\">M\u00e1s informaci\u00f3n sobre este texto<\/a><\/h4><div class=\"toggle_container \"><br \/>\n<p>Lo que est\u00e1s leyendo en este texto es la transcripci\u00f3n de la voz original de la Asamblea Ang\u00e9lica hablando a trav\u00e9s del Mensajero Marshall Vian Summers.<\/p>\n<p>Aqu\u00ed, la comunicaci\u00f3n original de Dios, que existe m\u00e1s all\u00e1 de las palabras, es traducida al lenguaje y el entendimiento humanos por la Asamblea Ang\u00e9lica que supervisa el mundo. La Asamblea despu\u00e9s entrega el Mensaje de Dios a trav\u00e9s del Mensajero, tras lo cual es transcrito y puesto a tu disposici\u00f3n y a disposici\u00f3n de todos.<\/p>\n<p>En este extraordinario proceso, la Voz de la Revelaci\u00f3n est\u00e1 hablando de nuevo. La Palabra y el Sonido est\u00e1n en el mundo. Que puedas ser el receptor de este regalo de Revelaci\u00f3n y puedas estar abierto a recibir su Mensaje \u00fanico para ti y para tu vida.<\/p>\n<br \/>\n<\/div><\/div><br \/>\n<\/div>\n<div id=\"tabs-2\"><br \/>\n<em>Nota a los lectores:<br \/>\nEsta traducci\u00f3n fue provista a la <\/em>Society<em> por estudiantes del Nuevo Mensaje que se han ofrecido voluntariamente a traducir el texto original en ingl\u00e9s. La publicamos en esta forma inicial para que todo el mundo tenga una oportunidad de interactuar con una porci\u00f3n del Nuevo Mensaje en un su propio idioma.<\/em><br \/>\n<\/div>\n\t\t\t\t<div align=\"right\">\n\t\t\t<div class=\"fb-like\" data-href=\"\" data-layout=\"button_count\" data-action=\"like\" data-show-faces=\"false\" data-share=\"false\"><\/div>\n\t\t\t<div class=\"fb-share-button\" data-layout=\"button_count\"> <\/div>\n\t\t\t<div class=\"fb_iframe_widget\"><a href=\"https:\/\/twitter.com\/godsnewmessage?ref_src=twsrc%5Etfw\" class=\"twitter-follow-button\" data-show-count=\"false\">Follow @godsnewmessage<\/a><script async src=\"https:\/\/platform.twitter.com\/widgets.js\" charset=\"utf-8\"><\/script><\/div>\n\t\t\t<\/div> <\/div> \n\n<p>Claramente, debe haber una gran reforma en el mundo si este se va a preparar para el gran cambio que se avecina: el gran cambio medioambiental, econ\u00f3mico y social y todos los peligros y oportunidades que esto implicar\u00e1.<\/p>\n<p>Claramente, debe haber una gran reforma si la humanidad quiere evitar el riesgo de guerra y conflicto permanentes sobre qui\u00e9n tendr\u00e1 acceso a los recursos restantes en un mundo agotado.<\/p>\n<p>Claramente, hay mucho que debe cambiar y que debe ser renovado, rehecho y restaurado. La interminable b\u00fasqueda de crecimiento y consumo por parte de la humanidad debe llegar a su fin, si quiere establecer alguna estabilidad verdadera en un mundo en declive. Y debe existir una gran cooperaci\u00f3n entre las naciones y los pueblos para que se establezca aqu\u00ed un cambio real: la gran reforma que debe tener lugar en el mundo.<\/p>\n<p>La humanidad se encuentra en el umbral de un universo lleno de vida inteligente. Ya ha comenzado una Intervenci\u00f3n con graves consecuencias. Es el acontecimiento m\u00e1s importante en la historia humana, pero la humanidad no es consciente y no est\u00e1 preparada.<\/p>\n<p>Esta es la reforma exterior que tiene una importancia primordial. Es m\u00e1s importante que el arte o la cultura. Es m\u00e1s importante que los simples inventos para el placer de la humanidad. Es m\u00e1s importante que cualquier cosa que se te ocurra, sin duda alguna.<\/p>\n<p>Pero esta reforma exterior debe ir acompa\u00f1ada de una reforma interior: un cambio de coraz\u00f3n, un cambio de enfoque y direcci\u00f3n, no solo para unas personas santas aqu\u00ed y all\u00e1, porque ellas no tendr\u00e1n la fuerza para alterar el curso de la humanidad. Esto debe suceder en la mente y el coraz\u00f3n de muchos; no de todo el mundo, porque eso no es posible, pero s\u00ed de muchos.<\/p>\n<p>Por eso, Dios ha enviado una Nueva Revelaci\u00f3n al mundo, para que esta reforma pueda ocurrir dentro de los individuos, para prepararlos para un futuro que ser\u00e1 diferente al pasado, y para que puedan ser el gran poder del bien en el mundo tal como estaban destinados a ser, todos y cada uno de ellos.<\/p>\n<p>Porque Dios obra en el mundo a trav\u00e9s de los individuos, obrando desde dentro hacia fuera. Esta es la verdadera evidencia de la Presencia y el Poder Divinos. Porque Dios te ha dado, viviendo en Separaci\u00f3n, la libertad de elegir tu curso y alterar tu mundo para bien o para mal. Dios no interferir\u00e1 en esto, pero el Poder y la Presencia de Dios est\u00e1n disponibles para todos los que lo buscan sinceramente en un estado de humildad y verdadero servicio.<\/p>\n<p>Sin embargo, esto requiere una reforma dentro del individuo \u2014un cambio de coraz\u00f3n, un cambio de \u00e9nfasis\u2014, porque buscar la realizaci\u00f3n y la satisfacci\u00f3n personales en un mundo en declive es, en el mejor de los casos, una aventura sin esperanza y, sin duda alguna, una tragedia al final. Porque esto no producir\u00e1 nada m\u00e1s que desesperaci\u00f3n y desilusi\u00f3n.<\/p>\n<p>Dios est\u00e1 rescat\u00e1ndote de una b\u00fasqueda desesperada y est\u00e1 d\u00e1ndote la base para vivir una vida m\u00e1s grande y realmente plena \u2014plena para tu naturaleza m\u00e1s profunda, plena para tu propia alma\u2014. Pero esta vida es para un prop\u00f3sito mayor en el mundo. Porque la felicidad, por s\u00ed sola, no puede ser tu meta; no si eres honesto, no si comprendes la naturaleza real de tu prop\u00f3sito mayor aqu\u00ed.<\/p>\n<p>La felicidad es un subproducto, una consecuencia de vivir una vida verdadera y aut\u00e9ntica. Y una vida verdadera y aut\u00e9ntica se basa en el prop\u00f3sito superior que has sido capaz de descubrir, aceptar y seguir. Por eso, Dios ha puesto una Inteligencia mayor dentro de ti, una Inteligencia que llamamos el Conocimiento.<\/p>\n<p>Porque t\u00fa no puedes reformarte a ti mismo. Ni siquiera puedes reformar el mundo, porque no tienes el poder para hacerlo. Y ello solo conducir\u00eda a la confusi\u00f3n, la frustraci\u00f3n y la decepci\u00f3n.<\/p>\n<p>Es por esta raz\u00f3n que las personas se enfadan tanto con el mundo y se vuelven rebeldes y revolucionarias, pues no han podido encontrar y seguir el Conocimiento que Dios ha puesto en su interior para que lo sigan. Este Conocimiento trabaja en el cambio de una manera diferente: persona a persona, hablando a grupos de personas, nutriendo una conciencia m\u00e1s profunda, apoyando el surgimiento del Conocimiento en todos a su alrededor.<\/p>\n<p>Porque es el Conocimiento lo que te dar\u00e1 el poder, la claridad y la humildad para llevar a cabo tu papel espec\u00edfico. Y este no se confundir\u00e1 con la ambici\u00f3n personal o el agravio personal contra el mundo. No se corromper\u00e1 por estas cosas, porque su motivo es puro. No se gu\u00eda por la ira, la frustraci\u00f3n o el resentimiento. No se gu\u00eda por el intento de hacer que tu vida separada sea plena. Porque esta nunca puede ser realmente satisfactoria sin este poder y esta presencia contigo para guiarte, protegerte y conducirte hacia delante.<\/p>\n<p>As\u00ed es como el Poder del Cielo comienza a trabajar a trav\u00e9s de ti. Pero no puedes permanecer pasivo, porque esto te llamar\u00e1 a reformar tu vida: a cuestionar tus motivos, tus compromisos, tus obligaciones, tus metas, tus agravios, tus admoniciones. No pienses que entiendes lo que esto significa, porque t\u00fa solo puedes emprender este viaje. No puedes quedarte en su comienzo y entenderlo, o pensar que sabes lo que significa o lo que har\u00e1 por ti y por otros.<\/p>\n<p>Pues esta es una monta\u00f1a que escalar. Aunque los fil\u00f3sofos puedan estar reunidos en la base de esta monta\u00f1a, solo los que la escalen comprender\u00e1n lo que realmente requiere y significa. Este no es un compromiso ocioso, porque es una escalada, un ascenso. En este ascenso, comienzas a despojarte de esas cosas que son innecesarias y onerosas, cosas que no sirven a tu prop\u00f3sito ahora que asumes un Llamado mayor.<\/p>\n<p>El Se\u00f1or del universo ha proporcionado una antigua preparaci\u00f3n a este mundo, una preparaci\u00f3n que se ha proporcionado a innumerables mundos y razas antes de vosotros, razas que existieron incluso antes de que la humanidad estuviera presente en este mundo. Es antigua, tan antigua que ni siquiera puedes determinar su origen. Porque el Dios del universo tiene un Plan para salvar a todos los que viven en Separaci\u00f3n, viviendo en millones y millones de razas diferentes en un vasto universo.<\/p>\n<p>\u00bfC\u00f3mo puede alguna persona entender esto? Es una tonter\u00eda y una arrogancia asumir que t\u00fa puedes. Pero la gracia y poder de esto est\u00e1 contigo ahora, oculto y olvidado en las viejas ense\u00f1anzas de la antig\u00fcedad, excepto para los muy pocos que pudieron reconocerlo y recibir su desaf\u00edo y su gran bendici\u00f3n.<\/p>\n<p>Dios est\u00e1 llamando ahora a toda la humanidad a prepararse para el gran cambio que se avecina en el mundo, as\u00ed como para su encuentro con la vida inteligente en el universo: los dos acontecimientos m\u00e1s grandes e importantes en toda la historia humana, ambos con poder para destruir la civilizaci\u00f3n humana, y tambi\u00e9n con poder para generar un mayor compromiso y un mayor futuro para la humanidad.<\/p>\n<p>Es una serie de grandes decisiones, como ves, que deben tomarse en la mente y el coraz\u00f3n de suficientes personas. Porque los gobiernos no actuar\u00e1n sin este gran cambio en las personas. Los gobiernos se servir\u00e1n a s\u00ed mismos y a los intereses que los sustentan. Vivir\u00e1n para el momento, haciendo todo seg\u00fan sea conveniente. Pero en esto no existe la preparaci\u00f3n para el futuro. No hay consejo sabio. Solo se apuntalan las estructuras y los fundamentos que se est\u00e1n erosionando. No se construye un nuevo fundamento.<\/p>\n<p>Por tanto, la gran reforma debe comenzar contigo y con otros como t\u00fa que est\u00e1n respondiendo al Nuevo Mensaje de Dios para el mundo. Pues solo este trae la verdadera claridad de lo que debe hacerse. Hablando en t\u00e9rminos simples con gran clarificaci\u00f3n y repetici\u00f3n, te brinda a ti y a todos los dem\u00e1s, en todas las naciones y tribus, la gran oportunidad de restaurar la dignidad y poder que es el derecho de nacimiento de cada persona.<\/p>\n<p>Solo la Voluntad y el Poder del Cielo pueden hacer esto. Esto no se basa en la inteligencia o el ingenio humanos. Va incluso m\u00e1s all\u00e1 de la noci\u00f3n de la inspiraci\u00f3n. Porque, de hecho, es la Voluntad y el Poder del Cielo habl\u00e1ndote ahora directamente, en la Voz de la Revelaci\u00f3n, prepar\u00e1ndote para reformar tu vida de manera que puedas ser de mayor servicio en un mundo cuyas necesidades aumentan con cada d\u00eda que pasa.<\/p>\n<p>La necesidad es muy grande. La urgencia est\u00e1 creciendo. Puedes sentirla. Es tu inquietud. Es aquello que te llama a un servicio mayor. Es tu impaciencia con las cosas peque\u00f1as y tontas, porque tu tiempo es precioso, tus decisiones son consecuentes, y el Cielo te pide ahora que dejes de lado las cosas peque\u00f1as y tontas, los peque\u00f1os resentimientos y las b\u00fasquedas vanas que solo te llevar\u00e1n por mal camino y desperdiciar\u00e1n tu gran oportunidad de estar en el mundo en este momento, en estas circunstancias.<\/p>\n<p>Ser llamado significa ser preparado. Ser preparado significa una gran reforma, no solo en tu vida exterior sino en tu experiencia de tu propia naturaleza y destino; un gran cambio desde vivir una vida de miedo, codicia, ambici\u00f3n y agravios constantes, a una vida con un prop\u00f3sito m\u00e1s profundo; un cambio en tu percepci\u00f3n, en la forma de ver todas las cosas, en la forma de responder a las dificultades y decepciones, en la forma en que reconoces los errores y los utilizas para tu propia sabidur\u00eda y preparaci\u00f3n.<\/p>\n<p>Este es el ant\u00eddoto perfecto para la culpa, la verg\u00fcenza y el arrepentimiento interminable, porque solo con este mayor sentido de prop\u00f3sito puedes usar los a\u00f1os malgastados de tu vida y convertirlos en los ingredientes de una mayor sabidur\u00eda y, por tanto, en un mayor regalo para otros.<\/p>\n<p>El Mensajero est\u00e1 en el mundo, aquel que ha pasado treinta a\u00f1os recibiendo la Revelaci\u00f3n m\u00e1s grande y completa jam\u00e1s dada a la familia humana. Es un hombre humilde; un hombre sencillo; un hombre sin pretensiones; un hombre sin una posici\u00f3n elevada en el mundo; un hombre que es fuerte, valiente y \u00e9tico. Pero ahora es un hombre mayor, y deber\u00edas conocerlo si puedes y escuchar sus palabras. Porque parte de la Revelaci\u00f3n est\u00e1 en \u00e9l \u2014aquello que solo \u00e9l puede pronunciar, que solo \u00e9l puede expresar, pues su vida en el mundo forma parte de la Revelaci\u00f3n\u2014.<\/p>\n<p>As\u00ed que no arremetas contra el mundo. No te quejes sin cesar. No sacudas la cabeza sintiendo que todo se desmorona o se descontrola. No fuiste enviado aqu\u00ed para condenar al mundo o ser su cr\u00edtico. No fuiste enviado aqu\u00ed para quejarte sin cesar de cada peque\u00f1a cosa, t\u00fa cuya vida ya est\u00e1 funcionando magn\u00edficamente en tant\u00edsimos aspectos. Esta queja, esta desesperaci\u00f3n, esta angustia, esta ira, este resentimiento, deben transformarse en un mayor sentido de prop\u00f3sito y amor por las personas, coraje, compasi\u00f3n y paciencia.<\/p>\n<p>Esta es la reforma, como ves. No puedes hacer esto por ti mismo, porque necesitas el poder del Conocimiento. Este te dar\u00e1 la fuerza, la direcci\u00f3n y la claridad para tomar las muchas decisiones que debes tomar y que te permitir\u00e1n dar un giro real a tu vida.<\/p>\n<p>As\u00ed es como Dios te rescata de una existencia vac\u00eda y sin esperanza aqu\u00ed. As\u00ed es como Dios te encuentra cual mota en el oc\u00e9ano, y te lleva a la orilla donde tu vida est\u00e1 realmente destinada a expresarse.<\/p>\n<p>La redenci\u00f3n ocurre desde dentro hacia fuera. La reforma ocurre desde dentro hacia fuera. El mundo es bendecido cuando eres capaz de reconciliarte con tu naturaleza real y haces un balance de d\u00f3nde te encuentras ahora. Porque lo que tienes que dar al mundo es m\u00e1s importante que tus deseos, tus esperanzas, tus oraciones y tus palabras. Es la demostraci\u00f3n de una vida mayor que es tuya para que la reclames y te prepares para ella.<\/p>\n<p>Si lo haces, el Poder del Cielo podr\u00e1 moverse a trav\u00e9s de ti para inspirar a otros, alentarles y ser un ant\u00eddoto y un contrapunto a la creciente desesperaci\u00f3n, confusi\u00f3n e ira que est\u00e1 surgiendo ahora entre las personas de todas partes.<\/p>\n<p>El miedo est\u00e1 creciendo en el mundo, porque en todas partes las personas est\u00e1n sintiendo que el futuro ser\u00e1 grave a menos que sucedan grandes cosas, a menos que el curso de la humanidad pueda ser alterado, a menos que existan suficientes personas que hayan pasado por esta preparaci\u00f3n para superar las tendencias de la humanidad hacia la lucha y la contienda consigo misma.<\/p>\n<p>Aqu\u00ed no buscas solo paz, pues la paz y el cambio no coexisten en el mismo momento. Porque el cambio es tumultuoso. Es retador. Es perturbador. Requiere coraje y verdadera autodisciplina. La paz es el resultado, pero el proceso para lograrla es tumultuoso. Por tanto, no demandes ni esperes paz; busca en cambio comprometerte a vivir la aut\u00e9ntica vida que fuiste enviado a vivir aqu\u00ed. Esa es la reforma. Debe suceder dentro de ti y a tu alrededor.<\/p>\n<p>No consiste en pasar veinte a\u00f1os perfeccion\u00e1ndote para luego poder hacer algo por el mundo. Porque haces algo por el mundo cada vez que reconoces y sigues al Conocimiento. T\u00fa fortaleces el poder del Conocimiento en el mundo. Y tus acciones y tu autoexpresi\u00f3n bendecir\u00e1n y armonizar\u00e1n a otras personas que solo encuentran dolor, ansiedad y tensi\u00f3n en el mundo que las rodea.<\/p>\n<p>Dios te est\u00e1 enviando a subir esta monta\u00f1a para que puedas hablar al mundo, para que puedas tocar las mentes y los corazones de otros de tal manera que la reforma pueda comenzar en su interior. Esto suceder\u00e1 a trav\u00e9s de ti de forma natural, sin que tengas que crear un plan, una pr\u00e1ctica o un proceso. Porque Dios ha provisto el camino a trav\u00e9s de los Pasos al Conocimiento y la gran Ense\u00f1anza sobre la reforma, que est\u00e1 en el coraz\u00f3n mismo del nuevo regalo de Dios a la humanidad.<\/p>\n<p>Se debe lograr un gran cambio a trav\u00e9s de los esfuerzos de muchas personas. Una gran compasi\u00f3n debe impulsar sus esfuerzos: un gran prop\u00f3sito, un gran poder, una gran determinaci\u00f3n, liber\u00e1ndolas de todo lo que las detuvo antes, liber\u00e1ndolas de la adicci\u00f3n y la desesperaci\u00f3n, la confusi\u00f3n y el mal uso de su vida y de su precioso tiempo aqu\u00ed en la Tierra. Ellas han sido redimidas a trav\u00e9s de la reforma. Ahora est\u00e1n trabajando en concierto con el Cielo. Aqu\u00ed no est\u00e1n entregando sus vidas a Dios, sino permitiendo que Dios las gu\u00ede a trav\u00e9s del poder y la presencia del Conocimiento, un poder y una presencia que existen m\u00e1s all\u00e1 del \u00e1mbito del intelecto y m\u00e1s all\u00e1 de todo entendimiento humano. Aqu\u00ed tu intelecto debe servir y no intentar ser una autoridad, porque nunca puede ser la autoridad.<\/p>\n<p>Esta es la reforma que tiene el m\u00e1ximo poder. Piensa en la reforma que habl\u00f3 al Jes\u00fas, al Buda, al Mahoma y a muchos otros grandes maestros, y en c\u00f3mo eso ha elevado a la humanidad y la ha protegido del desastre total a lo largo de la historia.<\/p>\n<p>Aunque la religi\u00f3n ha sido profundamente abusada y mal utilizada, el esp\u00edritu de la reforma se ha mantenido vivo. Es por eso que la familia humana tiene promesa en un universo donde el Conocimiento es raro, un universo donde la libertad es rara, un universo donde la humanidad, si puede pasar por esta gran preparaci\u00f3n para el nuevo mundo, tiene un mayor regalo que dar a muchas razas que viven en total servidumbre.<\/p>\n<p>No conoces la importancia de tu vida y de estos tiempos. Los tiempos son perfectos para invocar en ti tus mayores regalos. No condenes la \u00e9poca. La situaci\u00f3n es perfecta. Por eso has venido. No viniste aqu\u00ed para tumbarte indefinidamente en la playa y buscar placer y escape. Viniste para esto: este prop\u00f3sito superior, esta mayor entrega de tu vida. Viniste para la reforma. Todos han venido para la reforma.<\/p>\n<p>Que el poder de esto comience a mostrarte que fuiste destinado a una vida m\u00e1s grande, y que no puedes crear esto por ti mismo. No es un producto de tu ingenio o astucia. Es algo que debe surgir naturalmente dentro de ti y que surgir\u00e1 dentro de ti a medida que des los Pasos al Conocimiento, a medida que seas capaz de ver el gran regalo de Dios para la humanidad: la gran clarificaci\u00f3n que este trae, la gran unidad que exige y los grandes desaf\u00edos que revela ahora por primera vez.<\/p>\n","protected":false},"excerpt":{"rendered":"<p>&#8220;Claramente, debe haber una gran reforma en el mundo si este se va a preparar para el gran cambio que se avecina: el gran cambio medioambiental, econ\u00f3mico y social y todos los peligros y oportunidades que esto implicar\u00e1.<\/p>\n<p>Claramente, debe haber una gran reforma si la humanidad quiere evitar el riesgo de guerra y conflicto permanentes sobre qui\u00e9n tendr\u00e1 acceso a los recursos restantes en un mundo agotado.<\/p>\n<p>Claramente, hay mucho que debe cambiar y que debe ser renovado, rehecho y restaurado. La interminable b\u00fasqueda de crecimiento y consumo por parte de la humanidad debe llegar a su fin, si quiere establecer alguna estabilidad verdadera en un mundo en declive. Y debe existir una gran cooperaci\u00f3n entre las naciones y los pueblos para que se establezca aqu\u00ed un cambio real: la gran reforma que debe tener lugar en el mundo.<\/p>\n<p>La humanidad se encuentra en el umbral de un universo lleno de vida inteligente. Ya ha comenzado una Intervenci\u00f3n con graves consecuencias. Es el acontecimiento m\u00e1s importante en la historia humana, pero la humanidad no es consciente y no est\u00e1 preparada.<\/p>\n<p>Esta es la reforma exterior que tiene una importancia primordial. Es m\u00e1s importante que el arte o la cultura. Es m\u00e1s importante que los simples inventos para el placer de la humanidad. Es m\u00e1s importante que cualquier cosa que se te ocurra, sin duda alguna.<\/p>\n<p>Pero esta reforma exterior debe ir acompa\u00f1ada de una reforma interior: un cambio de coraz\u00f3n, un cambio de enfoque y direcci\u00f3n, no solo para unas personas santas aqu\u00ed y all\u00e1, porque ellas no tendr\u00e1n la fuerza para alterar el curso de la humanidad. Esto debe suceder en la mente y el coraz\u00f3n de muchos; no de todo el mundo, porque eso no es posible, pero s\u00ed de muchos&#8230;&#8221;<\/p>\n","protected":false},"author":13,"featured_media":0,"parent":16358,"menu_order":0,"comment_status":"closed","ping_status":"closed","template":"template-leftsidebar.php","meta":{"_monsterinsights_skip_tracking":false,"_monsterinsights_sitenote_active":false,"_monsterinsights_sitenote_note":"","_monsterinsights_sitenote_category":0,"footnotes":""},"categories":[501,76],"tags":[999],"_links":{"self":[{"href":"https:\/\/www.v6.newmessage.org\/es\/wp-json\/wp\/v2\/pages\/30296"}],"collection":[{"href":"https:\/\/www.v6.newmessage.org\/es\/wp-json\/wp\/v2\/pages"}],"about":[{"href":"https:\/\/www.v6.newmessage.org\/es\/wp-json\/wp\/v2\/types\/page"}],"author":[{"embeddable":true,"href":"https:\/\/www.v6.newmessage.org\/es\/wp-json\/wp\/v2\/users\/13"}],"replies":[{"embeddable":true,"href":"https:\/\/www.v6.newmessage.org\/es\/wp-json\/wp\/v2\/comments?post=30296"}],"version-history":[{"count":1,"href":"https:\/\/www.v6.newmessage.org\/es\/wp-json\/wp\/v2\/pages\/30296\/revisions"}],"predecessor-version":[{"id":30297,"href":"https:\/\/www.v6.newmessage.org\/es\/wp-json\/wp\/v2\/pages\/30296\/revisions\/30297"}],"up":[{"embeddable":true,"href":"https:\/\/www.v6.newmessage.org\/es\/wp-json\/wp\/v2\/pages\/16358"}],"wp:attachment":[{"href":"https:\/\/www.v6.newmessage.org\/es\/wp-json\/wp\/v2\/media?parent=30296"}],"wp:term":[{"taxonomy":"category","embeddable":true,"href":"https:\/\/www.v6.newmessage.org\/es\/wp-json\/wp\/v2\/categories?post=30296"},{"taxonomy":"post_tag","embeddable":true,"href":"https:\/\/www.v6.newmessage.org\/es\/wp-json\/wp\/v2\/tags?post=30296"}],"curies":[{"name":"wp","href":"https:\/\/api.w.org\/{rel}","templated":true}]}}