{"id":30272,"date":"2022-06-15T11:15:39","date_gmt":"2022-06-15T11:15:39","guid":{"rendered":"https:\/\/www.newmessage.org\/es\/?page_id=30272"},"modified":"2022-06-15T11:15:39","modified_gmt":"2022-06-15T11:15:39","slug":"servir-a-otros","status":"publish","type":"page","link":"https:\/\/www.v6.newmessage.org\/es\/el-mensaje\/volumen-5\/sabiduria-de-la-comunidad-mayor-volumen-2\/servir-a-otros","title":{"rendered":"Servir a otros"},"content":{"rendered":"<div><!-- Versi\u00f3n espa\u00f1ola 1.2 --><\/div>\n\n<div class=\"tabgroup \"><ul class=\"tabs\"><li><a href=\"#tabs-1\">Acerca de<\/a><\/li>\n<li><a href=\"#tabs-2\">M\u00e1s<\/a><\/li><\/ul>\n <div id=\"tabs-1\"><br \/>\n<em>Como le fue revelado a<br \/>\nMarshall Vian Summers<br \/>\nel 21 de marzo de 1992<br \/>\nen Boulder, Colorado, Estados Unidos<\/em><\/p>\n<p>Texto original: <a href=\"https:\/\/www.newmessage.org\/the-message\/volume-6\/wisdom-greater-community-book-2\/serve-others\">Serving Others<\/a><\/p>\n<p>Audio original no disponible.<\/p>\n<div class=\"toggle toggle-white\"><h4 class=\"trigger \"><span class=\"t_ico\"><\/span><a href=\"#\">M\u00e1s informaci\u00f3n sobre este texto<\/a><\/h4><div class=\"toggle_container \"><br \/>\n<p>Lo que est\u00e1s leyendo en este texto es la transcripci\u00f3n de la voz original de la Asamblea Ang\u00e9lica hablando a trav\u00e9s del Mensajero Marshall Vian Summers.<\/p>\n<p>Aqu\u00ed, la comunicaci\u00f3n original de Dios, que existe m\u00e1s all\u00e1 de las palabras, es traducida al lenguaje y el entendimiento humanos por la Asamblea Ang\u00e9lica que supervisa el mundo. La Asamblea despu\u00e9s entrega el Mensaje de Dios a trav\u00e9s del Mensajero, tras lo cual es transcrito y puesto a tu disposici\u00f3n y a disposici\u00f3n de todos.<\/p>\n<p>En este extraordinario proceso, la Voz de la Revelaci\u00f3n est\u00e1 hablando de nuevo. La Palabra y el Sonido est\u00e1n en el mundo. Que puedas ser el receptor de este regalo de Revelaci\u00f3n y puedas estar abierto a recibir su Mensaje \u00fanico para ti y para tu vida.<\/p>\n<br \/>\n<\/div><\/div><br \/>\n<\/div>\n<div id=\"tabs-2\"><\/p>\n<div class=\"panel-10 text-align-center\"><img decoding=\"async\" class=\"aligncenter size-full \" src=\"https:\/\/www.newmessage.org\/wp-content\/uploads\/2011\/10\/WV2-english-nkl-250px.jpg\" alt=\"Wisdom from the Greater Community, volume 2\" \/><\/div>\n<div class=\"text-align-center\"><a class='simple_button_link ' style='background-color: #4f8fd6' href='http:\/\/newknowledgelibrary.org\/books\/wisdom-from-the-greater-community-volume-2\/'   ><span>Pide el libro (en ingl\u00e9s)<\/span><\/a><\/div>\n<div class=\"text-align-center text font-size-12 margin-top-10\">Volumen 5 &gt; Sabidur\u00eda de la Comunidad Mayor Volumen 2 &gt; Cap\u00edtulo 4<\/div>\n<p><\/div>\n\t\t\t\t<div align=\"right\">\n\t\t\t<div class=\"fb-like\" data-href=\"\" data-layout=\"button_count\" data-action=\"like\" data-show-faces=\"false\" data-share=\"false\"><\/div>\n\t\t\t<div class=\"fb-share-button\" data-layout=\"button_count\"> <\/div>\n\t\t\t<div class=\"fb_iframe_widget\"><a href=\"https:\/\/twitter.com\/godsnewmessage?ref_src=twsrc%5Etfw\" class=\"twitter-follow-button\" data-show-count=\"false\">Follow @godsnewmessage<\/a><script async src=\"https:\/\/platform.twitter.com\/widgets.js\" charset=\"utf-8\"><\/script><\/div>\n\t\t\t<\/div> <\/div> \n\n<p>Servir a las personas es una idea que te resulta familiar, pero debemos darte una visi\u00f3n m\u00e1s amplia de lo que esto significa. Tambi\u00e9n debemos advertirte sobre los errores y suposiciones que generalmente se tienen cuando las personas se acercan a esta idea y la consideran por s\u00ed mismas. Servir a las personas puede convertirse en una gran excusa, o puede convertirse en una gran apertura. Puede ser utilizada para justificar cosas injustificables, o puede ser utilizada para apoyar cosas que son verdaderamente dignas. \u00bfCu\u00e1l es la diferencia aqu\u00ed? La diferencia aqu\u00ed radica en la preparaci\u00f3n, el temperamento y el motivo.<\/p>\n<p>La preparaci\u00f3n determina hasta d\u00f3nde has llegado en el Camino del Conocimiento, lo honesto que eres contigo mismo, lo consciente que eres de tus propias tendencias y dificultades, y lo consciente que eres del ambiente y de sus influencias, incluyendo tus relaciones primarias. La preparaci\u00f3n determina cu\u00e1nto sabes, el grado de claridad que has establecido y dem\u00e1s.<\/p>\n<p>Luego, existe una cuesti\u00f3n de temperamento. El temperamento determinar\u00e1 cu\u00e1l es tu predisposici\u00f3n \u2014c\u00f3mo interpretas tu propio comportamiento y el de los dem\u00e1s y c\u00f3mo respondes al mundo seg\u00fan tu naturaleza\u00ad\u2014. Si has descubierto tu naturaleza, tu temperamento determinar\u00e1 como puedes trabajar con ella y si puedes hacerlo constructivamente.<\/p>\n<p>En tercer lugar, existe una cuesti\u00f3n de motivaci\u00f3n. \u00bfPor qu\u00e9 buscas contribuir a otras personas? \u00bfQu\u00e9 motivos tienes? \u00bfQu\u00e9 motivos has asumido inconscientemente de otras personas? El motivo es siempre muy importante para lograr discernimiento. Tendr\u00e1s falsos motivos hasta que tus motivos se vuelvan reales, y tus verdaderos motivos deben descubrirse, porque los falsos fracasar\u00e1n. Aqu\u00ed es donde la madurez y el progreso jugar\u00e1n una gran parte en tu \u00e9xito. Cualquiera puede decir, por ejemplo, &#8220;Estoy aqu\u00ed para servir a las personas. Mi prop\u00f3sito es servir a las personas. S\u00e9 que debo servir a las personas&#8221;. Esto generalmente se aprueba porque es una idea virtuosa. Pero el motivo lo determina todo. Si tus motivos son personales, el resultado de tus acciones llevar\u00e1 consigo confusi\u00f3n, divisi\u00f3n de lealtad, temor, ansiedad, incertidumbre, etc.<\/p>\n<p>Sin embargo, si tu motivaci\u00f3n nace de una inclinaci\u00f3n espiritual m\u00e1s profunda, que Nosotros llamamos Conocimiento, entonces tendr\u00e1s un enfoque completamente diferente y los resultados y las recompensas lo reflejar\u00e1n. Si el Conocimiento no es el principio rector en tus motivaciones, entonces no ser\u00e1s capaz de provocar una transmisi\u00f3n espiritual \u2014no podr\u00e1s activar el Conocimiento en otros\u2014 y no podr\u00e1s producir los resultados beneficiosos que ser\u00e1n verdaderamente perdurables. Incluso, tu motivaci\u00f3n personal para ayudar a otros nace de tu deseo de autosatisfacci\u00f3n. Incluso, tu deseo de servir a las personas o de aliviar el sufrimiento en otros, puede nacer de tu deseo de satisfacer un aspecto o una idea de ti mismo. Esta motivaci\u00f3n es fundamentalmente de naturaleza ego\u00edsta. Estos motivos personales anular\u00e1n los beneficios que est\u00e1s intentando lograr, y como resultado, tu dar estar\u00e1 plagado de incertidumbre, temor y contenci\u00f3n.<\/p>\n<p>Todo el mundo tiene motivos personales para hacer cosas buenas. Esto es comprensible. No estamos diciendo que estos motivos sean malos, simplemente decimos que deben dejarse a un lado para que surja algo m\u00e1s grande. El mundo tiene muchos problemas, y requiere una acci\u00f3n desinteresada. Sin embargo, debes prepararte para esto, y debes crecer con esto a medida que avanzas. Entonces se te puede dar algo m\u00e1s grande. Entonces, cuando alimentes al hambriento, alivies el sufrimiento, atiendas a los enfermos, o aportes recursos valiosos para otras personas \u2014sea cual sea el campo o la v\u00eda de tu expresi\u00f3n\u2014, la Presencia Espiritual ser\u00e1 expresada y transmitida. Este es el regalo m\u00e1s grande. Es misterioso. No puedes aprenderlo en la escuela. S\u00f3lo puedes prepararte para ello.<\/p>\n<p>Aquellos que tienen una asociaci\u00f3n con la Comunidad Mayor, que son atra\u00eddos y llamados por la Comunidad Mayor, y cuya naturaleza refleja la Comunidad Mayor, deben estudiar el Camino del Conocimiento de la Comunidad Mayor. Esta Ense\u00f1anza es especialmente para ellos. Estas personas no encontrar\u00e1n su camino en ning\u00fan otro lugar. Ellas quiz\u00e1s deseen que la preparaci\u00f3n fuese diferente de como es. Este suele ser el caso. Cuando encuentras algo que es una respuesta real a tu verdadera pregunta, est\u00e1 a menudo no cumple con tus expectativas. No parece proporcionar las cosas deseadas. Y requiere cosas de ti, que tal vez no est\u00e1s preparado para dar o que no hab\u00edas pensado dar. Por eso es tan importante entender tu motivaci\u00f3n y tu naturaleza.<\/p>\n<p>No puedes ense\u00f1ar el Camino del Conocimiento de la Comunidad Mayor a individuos que no tienen esta asociaci\u00f3n interna. Ellos intentar\u00e1n usarlo como una forma de terapia para s\u00ed mismos. O lo usar\u00e1n para ganar poder, ventaja, relaciones, riqueza, y dem\u00e1s. Se perder\u00e1 y se desperdiciar\u00e1 en ellos. Ellos no pueden reclamarlo, ni entenderlo, ni usarlo. Esta Ense\u00f1anza ofrece algo mucho mayor incluso que esas cosas que son tan valoradas y que son, en algunos casos, muy necesarias. Pero debes tener esa orientaci\u00f3n hacia la Comunidad Mayor dentro de ti. Si no es as\u00ed, entonces, debes buscar una ense\u00f1anza diferente y un camino diferente. Pero si esta Ense\u00f1anza es para ti, entonces necesitas reclamarla y debes reclamarla, tanto si \u00a0parece satisfacer tus expectativas y preferencias como si no.<\/p>\n<p>Si vas a servir a los dem\u00e1s, entonces debes ser servido, y tienes que aprender lo que realmente significa ser servido, tanto en sus aspectos pr\u00e1cticos y obvios como en sus aspectos misteriosos. T\u00fa debes ser servido y debes aceptar el servicio que te corresponde aceptar. Entonces, aprender\u00e1s qu\u00e9 servicio debes prestar, a qui\u00e9n est\u00e1 destinado y c\u00f3mo se puede expresar. Entonces ser\u00e1s capaz de entender tambi\u00e9n la dificultad que tienen las personas para recibir una verdadera respuesta a su solicitud de ayuda, rejuvenecimiento y realizaci\u00f3n.<\/p>\n<p>Las personas hacen incesantemente las mismas preguntas: &#8220;\u00bfQui\u00e9n soy yo? \u00bfPor qu\u00e9 estoy aqu\u00ed? \u00bfQui\u00e9n est\u00e1 conmigo? \u00bfQu\u00e9 debe hacerse?&#8221; Estas son las preguntas esenciales. Estas son las preguntas que subyacen en todos los cuestionamientos &#8220;\u00bfPor qu\u00e9 esto?&#8221; y &#8220;\u00bfPor qu\u00e9 eso?&#8221;. Las personas buscan su verdadera identidad, y est\u00e1n buscando a su Familia Espiritual, porque la verdadera identidad no puede conocerse fuera del contexto de una verdadera relaci\u00f3n.<\/p>\n<p>Al estudiar el Camino del Conocimiento de la Comunidad Mayor, las personas buscan sus relaciones m\u00e1s all\u00e1 de los l\u00edmites de la humanidad, as\u00ed como dentro de ella. Sus requisitos son algo diferentes a los de otras personas. Tu Conocimiento abarca m\u00e1s que solo la humanidad, independientemente de tus ideas, fantas\u00edas o preferencias. Muchas personas est\u00e1n interesadas en la Comunidad Mayor, pero s\u00f3lo como una forma de escapar de sus propios dilemas pr\u00e1cticos y emocionales. Pero aquellos que saben que la Comunidad Mayor es su vida y su destino, deben atender a lo que estamos diciendo con mucho cuidado. Tal vez t\u00fa, que est\u00e1s leyendo este libro, ya sabes que esto se aplica a ti. Si es as\u00ed, entonces \u00e1brete para recibir este regalo. Aprende a ser servido. Aprende a recibir. Aprende a dejar de lado tus preferencias y requisitos sobre cu\u00e1l debe ser tu servicio. Muchas cosas que quieres para ti mismo no son necesarias, mientras que se te deben dar otras, y d\u00e1rsete de una forma que no hab\u00edas esperado o que no puedes anticipar.<\/p>\n<p>Si puedes aprender a ser servido, entonces aprender\u00e1s qu\u00e9 es el servicio. Esto encender\u00e1 tu deseo de dar, y tambi\u00e9n te dar\u00e1 la Sabidur\u00eda para aprender c\u00f3mo dar, a quien debes dar y a quien debes retener tu regalo. Esto es Sabidur\u00eda. Esto tambi\u00e9n se debe aprender. Si puedes aprender pacientemente a ser servido, entonces tu deseo de dar crecer\u00e1 naturalmente y la sabidur\u00eda, que debe asistirlo para que encuentres tu expresi\u00f3n fruct\u00edfera en el mundo, tambi\u00e9n crecer\u00e1.<\/p>\n<p>Para ello, necesitar\u00e1s una comunidad de estudiantes del Conocimiento. Necesitar\u00e1s que otros te demuestren esas cosas que deben ser cultivadas, nutridas y desarrolladas dentro de ti, y aquellas cosas que deben ser contenidas o completamente restringidas. Hasta que algo no se lleve al contexto de las relaciones, todav\u00eda no se ha completado. Es s\u00f3lo un potencial. Por eso el Camino del Conocimiento te lleva a la relaci\u00f3n.<\/p>\n<p>Tal vez t\u00fa no quieres entrar en una relaci\u00f3n, o el \u00fanico tipo de relaci\u00f3n que piensas que quieres es una relaci\u00f3n rom\u00e1ntica. Eso es bastante com\u00fan porque las personas a menudo piensan que la relaci\u00f3n rom\u00e1ntica cubre todas sus necesidades de relaci\u00f3n, y como resultado tienen aqu\u00ed grandes expectativas. Pero de hecho, en general, la relaci\u00f3n rom\u00e1ntica es una parte muy peque\u00f1a de tus necesidades de relaci\u00f3n.<\/p>\n<p>Esto se hace muy evidente en el Camino del Conocimiento, porque aqu\u00ed necesitar\u00e1s individuos para ense\u00f1arte lo que es verdadero y lo que es falso. Aqu\u00ed necesitar\u00e1s que otros te ayuden a mostrarte lo que necesitas ver para que puedas ver objetivamente, lo cual es m\u00e1s f\u00e1cil de hacer con otros que contigo mismo. Ellos te ense\u00f1ar\u00e1n c\u00f3mo verte objetivamente mientras aprendes a reflexionar sobre tus propias acciones y pensamientos, y sobre la naturaleza de tu interacci\u00f3n con otros. Este es un proceso de aprendizaje muy lento. Deben tomarse los pasos esenciales, y a menudo son dif\u00edciles de aprender y de descifrar.<\/p>\n<p>Como hemos dicho muchas veces, el Camino del Conocimiento de la Comunidad Mayor no es una b\u00fasqueda individual. Te lleva a la comunidad, para mostrarte que est\u00e1s unido a la vida y que necesitas unirte con personas espec\u00edficas, de maneras espec\u00edficas para un prop\u00f3sito espec\u00edfico. Aqu\u00ed es donde las personas tienden a sentirse amenazadas y a retirarse porque quieren tenerlo todo, pero dar muy poco de s\u00ed mismas. Incluso su dar es para hacerse m\u00e1s ricos. Es cierto que el verdadero dar te har\u00e1 m\u00e1s rico, pero tu verdadera riqueza se descubre recuperando el Conocimiento. No se contabiliza en cu\u00e1ntos bienes, amigos y placeres has adquirido en la vida. Todos estos son constantemente amenazados y se pierden f\u00e1cilmente. Pero la recuperaci\u00f3n del Conocimiento no puede perderse, a menos que sea descuidada o negada, e incluso entonces permanecer\u00e1 contigo e ir\u00e1 contigo dondequiera que vayas.<\/p>\n<p>Las personas dicen muchas cosas que son verdaderas, pero no entienden la verdad de lo que dicen. Ellas interpretan las cosas de acuerdo con sus motivos personales. Las personas dicen: &#8220;Debo servir a los dem\u00e1s. Debo encontrar mi verdad espiritual. Debo desarrollar mi intuici\u00f3n&#8221;. Puedes decir todas las cosas correctas, por todas las razones equivocadas. Lo importante es el motivo, la preparaci\u00f3n y el temperamento.<\/p>\n<p>Si realmente quieres servir a otros, y si reconoces que esto es necesario para reclamar tu valor y tu regalo, y para discernir tu verdadera naturaleza, entonces debes aprender a ser servido \u2014no seg\u00fan tus dictados, sino acorde a lo que la propia respuesta te llama a hacer y a recibir\u2014. Por ejemplo, si el Camino del Conocimiento de la Comunidad Mayor es la respuesta, entonces debes aprender a recibirlo, a practicarlo y a comprenderlo seg\u00fan sus m\u00e9todos. Ciertamente, la forma en que te aproximas a \u00e9l estar\u00e1 determinada por tu naturaleza, tus motivos y tu temperamento, pero debes desarrollarte de acuerdo a sus dictados. Cuando las personas intentan aprender el Camino del Conocimiento de acuerdo a sus propios motivos personales, fracasar\u00e1n, pero su fracaso les eludir\u00e1 hasta que conozcan sus costos reales.<\/p>\n<p>Por eso decimos que si deseas servir a otros, debes aprender a ser servido. Esto es aprender a recibir. Esto es aprender a aceptar. Esto es aprender a discernir. No es abrirse ciegamente a lo que se te ofrece. Es aprender a trabajar con lo que se te ofrece. Si haces esto, ser\u00e1s capaz de discernir tu propia naturaleza. Ser\u00e1s capaz de reconocer tus motivos. Y podr\u00e1s proceder en tu preparaci\u00f3n, haci\u00e9ndote m\u00e1s fuerte, m\u00e1s sabio y m\u00e1s maduro. La madurez aqu\u00ed, es ser capaz de reconocer lo que es verdadero y lo que es falso, separarlos y elegir en consecuencia. El tiempo, la pr\u00e1ctica y las decisiones sabias traen esto consigo, as\u00ed como la gran ayuda de tus relaciones esenciales \u2014tus relaciones con otras personas y tu relaci\u00f3n con tu Familia Espiritual\u2014 cuya ayuda y gu\u00eda son recibidas y utilizadas inconscientemente para que sus beneficios puedan ser conocidos. Cuando salgas de esta vida, ser\u00e1s capaz de ver m\u00e1s claramente por qu\u00e9 te sucedieron ciertas cosas y qui\u00e9n estaba detr\u00e1s de ellas, despu\u00e9s de todo.<\/p>\n<p>A medida que aprendas a ser servido, aprender\u00e1s que tu regalo est\u00e1 destinado para ciertas personas y para ciertas situaciones, para lograr ciertos tipos de resultados. Con el tiempo, si has estado aprendiendo a discernir tu naturaleza y tus motivos, ser\u00e1s capaz de discernir las naturalezas de otras personas, por diferentes que sean de las tuyas, y tambi\u00e9n sus motivos. La naturaleza de las personas var\u00eda, pero no sus motivos. Independientemente de c\u00f3mo se interpreten y se expresen individualmente, los motivos de las personas se dividen en dos categor\u00edas: Existe la motivaci\u00f3n personal, que es un intento de hacer la identidad individual m\u00e1s segura, m\u00e1s clara y m\u00e1s aut\u00f3noma. Y luego est\u00e1 la motivaci\u00f3n del Conocimiento, que producir\u00e1 un resultado muy diferente. La singularidad que el Conocimiento enfatizar\u00e1 en ti tiene que ver con tu regalo y tu servicio. Te ense\u00f1ar\u00e1 que est\u00e1s unido a toda la vida en el mundo, para llevar a cabo un papel espec\u00edfico.<\/p>\n<p>Ver\u00e1s, el mundo es un lugar para hacer. No es un lugar de ser. De donde has venido, antes de venir al mundo, es un lugar de ser. Por lo tanto, t\u00fa &#8220;eres&#8221; all\u00ed y &#8220;haces&#8221; aqu\u00ed. Aqu\u00ed eres lo que haces. All\u00ed eres quien eres. Este es un mundo donde hay que hacer\u00a0 cosas. Es un mundo de acci\u00f3n y movimiento. Eso es lo que lo hace temporal. Est\u00e1s aqu\u00ed para hacer cosas. Est\u00e1s aqu\u00ed para lograr ciertas cosas, tanto f\u00edsicamente como interiormente. Si quieres trasladar el ser al hacer, entonces debes aprender tanto a ser c\u00f3mo a hacer. No es que no te concentres en ser en el mundo. Se trata de que traduzcas el ser en el hacer, en todo lo que hagas, de modo que seas capaz de expresar la esencia de tu naturaleza y la \u00a0misteriosa fuerza del Conocimiento. Esta es la m\u00e1s alta expresi\u00f3n de servicio; ya sea que cures a los enfermos como m\u00e9dico o cambies los neum\u00e1ticos a los autom\u00f3viles de las personas, ya sea que crees arte para inspirar a las personas o trabajes en la preservaci\u00f3n del medio ambiente.<\/p>\n<p>Sea cual sea tu forma de servicio, si comunicas el Conocimiento, est\u00e1s dando un regalo tremendo, excediendo con creces tu actividad particular y lo que puedas producir. Esto es as\u00ed, porque algo est\u00e1 pasando a trav\u00e9s de ti y es dado a otros. Eres aqu\u00ed como un conducto del Conocimiento. Pero tambi\u00e9n eres una persona funcional que realiza actividades espec\u00edficas.<\/p>\n<p>Por lo tanto, la parte personal de ti no es sacrificada. Es elevada y se le da su lugar leg\u00edtimo dentro del contexto m\u00e1s amplio de tu vida. Entonces, a medida que procedes, har\u00e1s cosas extraordinarias para las personas \u2014a veces sabi\u00e9ndolo, a veces sin saberlo\u2014. Y muchos de los motivos que tuviste anteriormente \u2014de lo que ibas a hacer por las personas y lo que ibas a hacer por ti\u2014 se habr\u00e1n marchado o se habr\u00e1n desgastado. A medida que avances en el Camino del Conocimiento, tus motivos cambiar\u00e1n y tu naturaleza ser\u00e1 realzada y conocida por ti. Y desarrollar\u00e1s la Sabidur\u00eda para recibir su regalo de manera efectiva, y para guiar sus expresiones de la mejor manera posible.<\/p>\n<p>Por lo tanto, mant\u00e9n la idea de que est\u00e1s aqu\u00ed para servir a otros. Nutre esta idea. Pero \u00e1brete a aprender a ser servido. No puedes servir a otros si est\u00e1s descuidando, obstruyendo o negando tu desarrollo. \u00bfC\u00f3mo aprendes a ser servido? Identificando y recibiendo la respuesta que se te est\u00e1 dando, como resultado de tu solicitud para conocer tu prop\u00f3sito, tu significado y tu direcci\u00f3n en la vida. La respuesta siempre es una forma de preparaci\u00f3n. En cierta etapa de tu desarrollo, habr\u00e1 una formaci\u00f3n o una preparaci\u00f3n espec\u00edfica para avanzar. Antes de esto, hay que aprender lecciones, interactuar con otros y cometer errores en la vida. Pero en cierto momento, esta se convierte en una preparaci\u00f3n formal. Esta preparaci\u00f3n requiere pr\u00e1ctica y dedicaci\u00f3n; tiene estructura y forma, entre otras cosas. Tal vez pasar\u00e1s por varias preparaciones diferentes de este tipo, hasta que encuentres la que te llevar\u00e1 a trav\u00e9s del puente, desde tu realidad personal a una Realidad Mayor que est\u00e1 esperando a ser descubierta.<\/p>\n<p>Aqu\u00ed debes aprender una pr\u00e1ctica, una pr\u00e1ctica espiritual. Aqu\u00ed debes aprender el discernimiento. Aqu\u00ed todo lo que has aprendido antes debe venir acompa\u00f1ado de un mayor enfoque y autodeterminaci\u00f3n. Aqu\u00ed te est\u00e1s aplicando sinceramente mientras est\u00e1s llevando a cabo un proceso que trasciende tu entendimiento. Aqu\u00ed est\u00e1s desarrollando tus habilidades en formas tangibles, y te est\u00e1s abriendo al Misterio, que est\u00e1 m\u00e1s all\u00e1 de tu comprensi\u00f3n. Si esto puede lograrse, otros ser\u00e1n servidos porque t\u00fa habr\u00e1s sido servido.<\/p>\n","protected":false},"excerpt":{"rendered":"<p>&#8220;Servir a las personas es una idea que te resulta familiar, pero debemos darte una visi\u00f3n m\u00e1s amplia de lo que esto significa. Tambi\u00e9n debemos advertirte sobre los errores y suposiciones que generalmente se tienen cuando las personas se acercan a esta idea y la consideran por s\u00ed mismas. Servir a las personas puede convertirse en una gran excusa, o puede convertirse en una gran apertura. Puede ser utilizada para justificar cosas injustificables, o puede ser utilizada para apoyar cosas que son verdaderamente dignas. \u00bfCu\u00e1l es la diferencia aqu\u00ed? La diferencia aqu\u00ed radica en la preparaci\u00f3n, el temperamento y el motivo.<\/p>\n<p>La preparaci\u00f3n determina hasta d\u00f3nde has llegado en el Camino del Conocimiento, lo honesto que eres contigo mismo, lo consciente que eres de tus propias tendencias y dificultades, y lo consciente que eres del ambiente y de sus influencias, incluyendo tus relaciones primarias. La preparaci\u00f3n determina cu\u00e1nto sabes, el grado de claridad que has establecido y dem\u00e1s.<\/p>\n<p>Luego, existe una cuesti\u00f3n de temperamento. El temperamento determinar\u00e1 cu\u00e1l es tu predisposici\u00f3n \u2014c\u00f3mo interpretas tu propio comportamiento y el de los dem\u00e1s y c\u00f3mo respondes al mundo seg\u00fan tu naturaleza\u00ad\u2014. Si has descubierto tu naturaleza, tu temperamento determinar\u00e1 como puedes trabajar con ella y si puedes hacerlo constructivamente.<\/p>\n<p>En tercer lugar, existe una cuesti\u00f3n de motivaci\u00f3n. \u00bfPor qu\u00e9 buscas contribuir a otras personas? \u00bfQu\u00e9 motivos tienes? \u00bfQu\u00e9 motivos has asumido inconscientemente de otras personas? El motivo es siempre muy importante para lograr discernimiento. Tendr\u00e1s falsos motivos hasta que tus motivos se vuelvan reales, y tus verdaderos motivos deben descubrirse, porque los falsos fracasar\u00e1n. Aqu\u00ed es donde la madurez y el progreso jugar\u00e1n una gran parte en tu \u00e9xito. Cualquiera puede decir, por ejemplo, &#8220;Estoy aqu\u00ed para servir a las personas. Mi prop\u00f3sito es servir a las personas. S\u00e9 que debo servir a las personas&#8221;. Esto generalmente se aprueba porque es una idea virtuosa. Pero el motivo lo determina todo. Si tus motivos son personales, el resultado de tus acciones llevar\u00e1 consigo confusi\u00f3n, divisi\u00f3n de lealtad, temor, ansiedad, incertidumbre, etc.<\/p>\n<p>Sin embargo, si tu motivaci\u00f3n nace de una inclinaci\u00f3n espiritual m\u00e1s profunda, que Nosotros llamamos Conocimiento, entonces tendr\u00e1s un enfoque completamente diferente y los resultados y las recompensas lo reflejar\u00e1n&#8230;&#8221;<\/p>\n","protected":false},"author":13,"featured_media":0,"parent":13223,"menu_order":0,"comment_status":"closed","ping_status":"closed","template":"template-leftsidebar.php","meta":{"_monsterinsights_skip_tracking":false,"_monsterinsights_sitenote_active":false,"_monsterinsights_sitenote_note":"","_monsterinsights_sitenote_category":0,"footnotes":""},"categories":[44,76,77,498,485,484],"tags":[993],"_links":{"self":[{"href":"https:\/\/www.v6.newmessage.org\/es\/wp-json\/wp\/v2\/pages\/30272"}],"collection":[{"href":"https:\/\/www.v6.newmessage.org\/es\/wp-json\/wp\/v2\/pages"}],"about":[{"href":"https:\/\/www.v6.newmessage.org\/es\/wp-json\/wp\/v2\/types\/page"}],"author":[{"embeddable":true,"href":"https:\/\/www.v6.newmessage.org\/es\/wp-json\/wp\/v2\/users\/13"}],"replies":[{"embeddable":true,"href":"https:\/\/www.v6.newmessage.org\/es\/wp-json\/wp\/v2\/comments?post=30272"}],"version-history":[{"count":1,"href":"https:\/\/www.v6.newmessage.org\/es\/wp-json\/wp\/v2\/pages\/30272\/revisions"}],"predecessor-version":[{"id":30273,"href":"https:\/\/www.v6.newmessage.org\/es\/wp-json\/wp\/v2\/pages\/30272\/revisions\/30273"}],"up":[{"embeddable":true,"href":"https:\/\/www.v6.newmessage.org\/es\/wp-json\/wp\/v2\/pages\/13223"}],"wp:attachment":[{"href":"https:\/\/www.v6.newmessage.org\/es\/wp-json\/wp\/v2\/media?parent=30272"}],"wp:term":[{"taxonomy":"category","embeddable":true,"href":"https:\/\/www.v6.newmessage.org\/es\/wp-json\/wp\/v2\/categories?post=30272"},{"taxonomy":"post_tag","embeddable":true,"href":"https:\/\/www.v6.newmessage.org\/es\/wp-json\/wp\/v2\/tags?post=30272"}],"curies":[{"name":"wp","href":"https:\/\/api.w.org\/{rel}","templated":true}]}}