{"id":29995,"date":"2020-10-08T14:00:54","date_gmt":"2020-10-08T14:00:54","guid":{"rendered":"https:\/\/www.newmessage.org\/es\/?page_id=29995"},"modified":"2020-10-08T16:57:29","modified_gmt":"2020-10-08T16:57:29","slug":"el-barco","status":"publish","type":"page","link":"https:\/\/www.v6.newmessage.org\/es\/el-mensaje\/otras-revelaciones\/el-barco","title":{"rendered":"El barco"},"content":{"rendered":"<div><!--Versi\u00f3n espa\u00f1ola 1.3--><\/div>\n\n<div class=\"tabgroup \"><ul class=\"tabs\"><li><a href=\"#tabs-1\">Acerca de<\/a><\/li>\n<li><a href=\"#tabs-2\">Nota<\/a><\/li><\/ul>\n <div id=\"tabs-1\"><br \/>\n<i>Como le fue revelado a<\/i><br \/>\n<i>Marshall Vian Summers<\/i><br \/>\n<i>el 28 de diciembre de 2013<\/i><br \/>\n<i>en Boulder, Colorado, Estados Unidos<\/i><\/p>\n<p>Texto original: <a href=\"https:\/\/www.newmessage.org\/the-message\/other-revelations\/captain-ship\">The Ship<\/a><\/p>\n<p>Escucha el audio original aqu\u00ed (en ingl\u00e9s):<\/p>\n<div id=\"jquery_jplayer_1\" class=\"jp-jplayer\"><\/div>\n\t\t\t\t<div id=\"jp_container_1\" class=\"jp-audio\">\n\t\t\t\t<div class=\"jp-type-single\"><div class=\"jp-control\"><a href=\"javascript:;\" class=\"jp-play\" tabindex=\"1\">play<\/a><a href=\"javascript:;\" class=\"jp-pause\" tabindex=\"1\">pause<\/a><\/div> <div class=\"jp-gui jp-interface\"><div class=\"jp-volume\"><div class=\"jp-volume-bar\"><div class=\"jp-volume-bar-value\"><\/div><\/div><\/div><div class=\"jp-progress\"><div class=\"jp-seek-bar\"><div class=\"jp-play-bar\"><\/div><\/div><\/div><\/div>\t\t\t\t\t<div class=\"jp-no-solution\"><span>Update Required<\/span>To play the media you will need to either update your browser to a recent version or update your <a href=\"http:\/\/get.adobe.com\/flashplayer\/\" target=\"_blank\">Flash plugin<\/a>.<\/div><\/div><\/div>\n\t\t\t<script type='text\/javascript'>\n\t\t\t\tjQuery(document).ready(function() {\n\t\t\t\t\tif (typeof (sermonMedia) == 'function') {\n\t\t\t\t\t\tsermonMedia.addAudio('', \"jquery_jplayer_1\");\n\t\t\t\t\t}\n\t\t\t\t\tjQuery.jPlayer.timeFormat.showHour = true;\n\t\t\t\t\tjQuery(\"#jquery_jplayer_1\").jPlayer({\n\t\t\t\t\t\tready: function(event) {\n\t\t\t\t\t\t\tjQuery(this).jPlayer(\"setMedia\", {mp3: 'https:\/\/newmessage.org\/av\/the-ship.mp3'});\n\t\t\t\t\t\t},\n\t\t\t\t\t\tplay: function() {\n\t\t\t\t\t\t\tjQuery(this).jPlayer(\"pauseOthers\");\n\t\t\t\t\t\t},\n\t\t\t\t\t\tswfPath: ThemeData.directory_uri+\"\/swf\",\n\t\t\t\t\t\tsolution: \"html, flash\",\n\t\t\t\t\t\tpreload: \"metadata\",\n\t\t\t\t\t\twmode: \"window\",\n\t\t\t\t\t\tsupplied: \"mp3\",\n\t\t\t\t\t\tcssSelectorAncestor: '#jp_container_1'\n\t\t\t\t\t});\n\t\t\t\t});\n\t\t\t<\/script><\/p>\n<p><a title=\"The Ship\" href=\"https:\/\/newmessage.org\/av\/the-ship.mp3\">Descargar<\/a> (cliquea en el bot\u00f3n derecho y selecciona \u201cguardar enlace como\u201d)<\/p>\n<div class=\"toggle toggle-white\"><h4 class=\"trigger \"><span class=\"t_ico\"><\/span><a href=\"#\">M\u00e1s informaci\u00f3n sobre este texto<\/a><\/h4><div class=\"toggle_container \"><br \/>\n<p>Lo que est\u00e1s leyendo en este texto es la transcripci\u00f3n de la voz original de la Asamblea Ang\u00e9lica hablando a trav\u00e9s del Mensajero Marshall Vian Summers.<\/p>\n<p>Aqu\u00ed, la comunicaci\u00f3n original de Dios, que existe m\u00e1s all\u00e1 de las palabras, es traducida al lenguaje y el entendimiento humanos por la Asamblea Ang\u00e9lica que supervisa el mundo. La Asamblea despu\u00e9s entrega el Mensaje de Dios a trav\u00e9s del Mensajero, tras lo cual es transcrito y puesto a tu disposici\u00f3n y a disposici\u00f3n de todos.<\/p>\n<p>En este extraordinario proceso, la Voz de la Revelaci\u00f3n est\u00e1 hablando de nuevo. La Palabra y el Sonido est\u00e1n en el mundo. Que puedas ser el receptor de este regalo de Revelaci\u00f3n y puedas estar abierto a recibir su Mensaje \u00fanico para ti y para tu vida.<\/p>\n<br \/>\n<\/div><\/div><br \/>\n<\/div>\n<div id=\"tabs-2\"><br \/>\n<em>Nota a los lectores:<br \/>\nEsta traducci\u00f3n fue provista a la <\/em>Society<em> por estudiantes del Nuevo Mensaje que se han ofrecido voluntariamente a traducir el texto original en ingl\u00e9s. La publicamos en esta forma inicial para que todo el mundo tenga una oportunidad de interactuar con una porci\u00f3n del Nuevo Mensaje en un su propio idioma.<\/em><br \/>\n<\/div>\n\t\t\t\t<div align=\"right\">\n\t\t\t<div class=\"fb-like\" data-href=\"\" data-layout=\"button_count\" data-action=\"like\" data-show-faces=\"false\" data-share=\"false\"><\/div>\n\t\t\t<div class=\"fb-share-button\" data-layout=\"button_count\"> <\/div>\n\t\t\t<div class=\"fb_iframe_widget\"><a href=\"https:\/\/twitter.com\/godsnewmessage?ref_src=twsrc%5Etfw\" class=\"twitter-follow-button\" data-show-count=\"false\">Follow @godsnewmessage<\/a><script async src=\"https:\/\/platform.twitter.com\/widgets.js\" charset=\"utf-8\"><\/script><\/div>\n\t\t\t<\/div> <\/div> \n\n<p>Tu vida es como un barco que navega por el mundo, que navega en el ambiente f\u00edsico con todos sus desaf\u00edos e influencias, y que tambi\u00e9n navega en el ambiente mental con todos sus desaf\u00edos e influencias.<\/p>\n<p>En este barco, tienes la embarcaci\u00f3n, la tripulaci\u00f3n y el capit\u00e1n. Y m\u00e1s all\u00e1 del capit\u00e1n, tienes la Autoridad que dirige el barco, d\u00e1ndole un prop\u00f3sito, una direcci\u00f3n y un destino.<\/p>\n<p>Con esta simple analog\u00eda, puedes empezar a verte a ti mismo m\u00e1s objetivamente, lo cual ahora es necesario. Porque est\u00e1 llegando un gran cambio al mundo, y las influencias en tus ambientes mental y f\u00edsico te est\u00e1n reteniendo en gran medida.<\/p>\n<p>Tu cuerpo es la embarcaci\u00f3n f\u00edsica adaptada a su entorno, un instrumento maravilloso si es guiado correctamente. Puede navegar por todo el mundo si tiene un capit\u00e1n sabio y una tripulaci\u00f3n capaz. Requiere de muchas cosas para mantenerse a flote y debe ser atendido muy bien, de lo contrario podr\u00eda fallar en alta mar con resultados desastrosos. No es perfecto, pero es capaz de logros maravillosos si se mantiene bien y se dirige adecuadamente.<\/p>\n<p>Tu tripulaci\u00f3n son tus pensamientos y emociones, lo que la mente produce para dirigir el cuerpo. Aqu\u00ed tienes una tripulaci\u00f3n funcional o una disfuncional, una tripulaci\u00f3n fiel o una infiel, una tripulaci\u00f3n competente o una incompetente. Y su competencia o incompetencia determinar\u00e1 hasta d\u00f3nde puede llegar esta embarcaci\u00f3n, cu\u00e1nto puede resistir los vientos y las olas del mundo y lo bien que puede adaptarse a la presencia de otras embarcaciones y a los peligros que estas entra\u00f1an.<\/p>\n<p>Luego est\u00e1 el capit\u00e1n. El capit\u00e1n eres t\u00fa. Es m\u00e1s grande que tu mente porque t\u00fa eres m\u00e1s grande que tu mente, que es la tripulaci\u00f3n. T\u00fa eres el capit\u00e1n. Si no diriges esta tripulaci\u00f3n correctamente, se volver\u00e1 ca\u00f3tica y desordenada, todo comenzar\u00e1 a ser ineficiente y se producir\u00e1 el colapso.<\/p>\n<p>M\u00e1s all\u00e1 del capit\u00e1n, est\u00e1 la Gran Autoridad que le da al barco su prop\u00f3sito, su destino y su carga. Tu tarea es llevar a cabo la misi\u00f3n que se le asigna a este barco en estas aguas, en este mundo. Sin el prop\u00f3sito mayor, bueno, el capit\u00e1n y su tripulaci\u00f3n no tendr\u00e1n un mayor sentido de prop\u00f3sito, y el desorden llegar\u00e1 con toda seguridad.<\/p>\n<p>Para que el capit\u00e1n sea realmente el capit\u00e1n, debe conocer el cargamento y el destino, as\u00ed como todas las vicisitudes de la navegaci\u00f3n en los grandes mares de la vida. Debe tener un pie en ambos mundos, como ves. Debe ser capaz de gobernar y dirigir el barco, y tambi\u00e9n de llevar a cabo el gran prop\u00f3sito del barco, de modo que pueda cumplir con \u00e9xito su viaje en la vida.<\/p>\n<p>Te ofrecemos esta analog\u00eda para que puedas mirar tu vida con m\u00e1s objetividad y no te quedes sumergido en tus propios pensamientos y sentimientos hasta el punto de no poder ver nada.<\/p>\n<p>Porque el capit\u00e1n debe ser objetivo. Debe tener autoridad. Pues la Gran Autoridad no est\u00e1 manejando el barco en el d\u00eda a d\u00eda. No est\u00e1 ajustando las velas en el d\u00eda a d\u00eda. No est\u00e1 navegando las aguas en el d\u00eda a d\u00eda. Ese es el trabajo del capit\u00e1n y de la tripulaci\u00f3n. Ese es tu trabajo y el de tu mente.<\/p>\n<p>Por tanto, no puedes ser pasivo y pensar que la Gran Autoridad va a manejarlo y dirigirlo todo, ya que no es as\u00ed en absoluto, como ves. Ella te da direcci\u00f3n y prop\u00f3sito. Te da advertencias. Te indica las condiciones del mundo. Pero m\u00e1s all\u00e1 de eso, eres t\u00fa quien debe navegar las aguas cambiantes, las condiciones variables, las tormentas y los peligros que todo esto implica.<\/p>\n<p>El capit\u00e1n debe tener autoridad sobre la tripulaci\u00f3n, de lo contrario la tripulaci\u00f3n caer\u00e1 en el caos y se amotinar\u00e1. Esta es la condici\u00f3n de la mayor\u00eda de las personas. No tienen control sobre su mente, sobre d\u00f3nde va. Son llevadas de aqu\u00ed para all\u00e1 por sus pasiones y miedos o por las intenciones de otros. Est\u00e1n absortas en todo momento, porque no pueden enfocar sus mentes adecuadamente. No conocen la contenci\u00f3n.<\/p>\n<p>Pero en un barco en el mar debes tener una gran contenci\u00f3n. No puedes dejarte llevar por las pasiones, las compulsiones y las adicciones, o el barco se hundir\u00e1 y se perder\u00e1 todo.<\/p>\n<p>El capit\u00e1n debe ser fuerte, claro y perspicaz con el entorno en todo momento. El capit\u00e1n debe conocer las condiciones del barco y de la tripulaci\u00f3n en todo momento. El capit\u00e1n debe ver que el barco tiene ciertas necesidades b\u00e1sicas para mantener su estructura: su aparejo, sus velas\u2026 todos sus aspectos y todas sus provisiones. El capit\u00e1n tambi\u00e9n debe proporcionar a la tripulaci\u00f3n lo que necesita, que es estabilidad, certeza y direcci\u00f3n. T\u00fa, como capit\u00e1n, obtienes tu seguridad y direcci\u00f3n de la Gran Autoridad y de la base de tu propia sabidur\u00eda, guiado por el Conocimiento dentro de ti.<\/p>\n<p>Todos tienen un barco, pero la mayor\u00eda de las personas nunca salen a navegar. Ni siquiera pueden salir del puerto. Siempre est\u00e1n en malas condiciones, incapaces de emprender un gran viaje. Sus tripulaciones est\u00e1n dispersas y fuera de control. No pueden funcionar en su verdadera capacidad. Entonces reina la confusi\u00f3n: la frustraci\u00f3n, la adicci\u00f3n y la falta de confianza en uno mismo.<\/p>\n<p>El mundo es un lugar peligroso para un peque\u00f1o barco de vela. Y las comodidades y la seguridad del puerto ya no pueden acompa\u00f1arte una vez que zarpas. No puedes volver corriendo a la orilla por cada peque\u00f1a cosa que necesites. No puedes depender de otras personas. Debes saber lo que necesitas, y debes gobernar lo que tienes.<\/p>\n<p>Esto es lo que significa ser una persona en el mundo que vive un prop\u00f3sito mayor. Tu vida no puede estar desordenada. Tus obligaciones no pueden ser determinadas por personas que no tienen direcci\u00f3n. Tus obligaciones deben estar alineadas con lo que realmente est\u00e1s haciendo aqu\u00ed. Y debes tener la libertad para seguir lo que es necesario para ti.<\/p>\n<p>De lo contrario, no podr\u00e1s ser el capit\u00e1n de tu barco. Este ser\u00e1 gobernado por otros. Ser\u00e1 propiedad de la corporaci\u00f3n, o de las autoridades del puerto. Estar\u00e1s encadenado a los muelles para siempre, sin poder partir. Estar\u00e1s perdido y varado en la orilla. Ser\u00e1 una situaci\u00f3n miserable para ti.<\/p>\n<p>Por tanto, como capit\u00e1n, tus o\u00eddos deben estar en el Cielo, pero tu mente debe estar en los asuntos del d\u00eda. Debes ser espiritual y pr\u00e1ctico a la vez. Debes ser realista en tus asuntos y en las condiciones que te rodean, pero siempre consciente de la direcci\u00f3n mayor que te est\u00e1 proporcionando la Gran Autoridad.<\/p>\n<p>Aqu\u00ed no puedes depender de las escrituras, ya que no pueden indicarte las condiciones cambiantes de este mar, mudables a cada momento. Pueden trazar un mapa del mundo, quiz\u00e1s, pero se necesita una mayor habilidad y sabidur\u00eda en el momento para navegar todo esto.<\/p>\n<p>Por eso Dios te ha dado el Conocimiento para guiarte, ya que no puedes guiarte a ti mismo de forma efectiva. Debes ser el capit\u00e1n de tu barco, o nunca podr\u00e1s emprender tu mayor misi\u00f3n aqu\u00ed. Debes tener autoridad y control sobre tu mente: dirigi\u00e9ndola, conteni\u00e9ndola, reteni\u00e9ndola cuando sea necesario, provey\u00e9ndola en sus necesidades b\u00e1sicas, apreci\u00e1ndola, pero siempre manteniendo tu mayor autoridad sobre ella.<\/p>\n<p>Qu\u00e9 gran desaf\u00edo es este. Es un aprendizaje de por vida aqu\u00ed mismo. En la actualidad, eres tan d\u00e9bil en este aspecto que no tienes noci\u00f3n de lo que significa estar realmente a cargo de ti mismo, de una manera que sea efectiva y compasiva, de una manera que te permita responder al poder del Conocimiento y al significado de tus relaciones.<\/p>\n<p>Dios te ha dado una mayor misi\u00f3n, pero t\u00fa debes trazar el rumbo. El mundo est\u00e1 cambiando tan r\u00e1pidamente que no puedes basar tus acciones en viejas suposiciones o en lo que se ha hecho antes. Debes trazar tu rumbo. Debes guiar a tu tripulaci\u00f3n. Debes asegurarte de que tu barco tiene provisiones completas. Porque pasar\u00e1 mucho tiempo antes de que desembarques en la otra orilla, y debes ser capaz de sobrevivir y mantenerte en el proceso.<\/p>\n<p>Aunque seguramente vives en tierra y est\u00e1s rodeado de gente e infraestructura \u2014tu naci\u00f3n, tu cultura y todas las cosas a las que est\u00e1s acostumbrado\u2014, aun as\u00ed est\u00e1s emprendiendo un mayor curso. Esto requerir\u00e1 que traces tu camino y que te abstengas de entregar tu vida a personas y situaciones que no ofrecen ninguna promesa para ti.<\/p>\n<p>Cuando te embarques, ver\u00e1s que t\u00fa est\u00e1s partiendo mientras que otros no lo hacen, y que ya no est\u00e1s realmente con ellos. Oh, s\u00ed, ellos est\u00e1n all\u00ed. Puedes verlos, pero ellos no se est\u00e1n embarcando, y t\u00fa s\u00ed. En este sentido se est\u00e1n quedando atr\u00e1s, y debes dejarlos atr\u00e1s en tu propia mente y honrar el hecho de que est\u00e1s siendo llamado a algo mayor.<\/p>\n<p>Es como si tu barco dejara el puerto y saliera a aguas abiertas, al gran panorama donde no hay desembarco posible a la vista.<\/p>\n<p>Aqu\u00ed tienes el Conocimiento para guiarte a ti y a tu tripulaci\u00f3n, para servirte a ti y a tu veh\u00edculo, para llevarte hacia delante. Est\u00e1s rodeado de gente, lugares y cosas, pero te embarcas en un viaje totalmente nuevo, en el que no puedes vivir tu vida de acuerdo a las viejas suposiciones. Porque el capit\u00e1n del barco no puede confiar solo en las suposiciones. Debe responder a las condiciones cambiantes y adaptarse a ellas correctamente.<\/p>\n<p>Aquellos que se hayan embarcado de la manera que hablamos se sentir\u00e1n como un barco en el mar. Est\u00e1n yendo a donde otros no van. Est\u00e1n viendo las cosas de manera muy diferente a como lo hac\u00edan antes. Tienen que controlar su pensamiento y restringir sus tendencias para poder continuar. Tienen que ser sensibles a su entorno, a su condici\u00f3n f\u00edsica y a su compromiso con los dem\u00e1s en un grado mucho m\u00e1s alto que el de simplemente actuar de manera informal con la gente.<\/p>\n<p>Ahora tienen un conjunto de requisitos mucho mayor, y deben ganar la autodisciplina y la confianza en s\u00ed mismos para seguir estos requisitos. Mientras los que permanecen atr\u00e1s en el puerto est\u00e1n borrachos y entregados a sus vicios, sin un prop\u00f3sito ni direcci\u00f3n reales, el capit\u00e1n en el mar debe estar siempre alerta, siempre vigilando la tripulaci\u00f3n y el propio entorno; observando, no so\u00f1ando o fantaseando, sino observando, buscando las se\u00f1ales del mundo, siempre consciente de la condici\u00f3n del barco y de la lealtad de la tripulaci\u00f3n.<\/p>\n<p>Para navegar, debes estar preparado. Tu barco debe estar capacitado. Tu tripulaci\u00f3n debe estar unificada. Tus provisiones deben estar ah\u00ed. Te apoyas en el mundo. Te apoyas en la ciencia. Te apoyas en todo lo que sea pr\u00e1ctico. Pero tambi\u00e9n te apoyas en el Misterio para que te diga c\u00f3mo responder a las circunstancias impredecibles que seguramente encontrar\u00e1s.<\/p>\n<p>Trabajas ahora para la Autoridad Mayor que te ha dado este barco, que te ha dado este viaje, que te ha dado este mayor destino que te ha llevado lejos de la orilla. Sabes a qui\u00e9n sirves. Conoces tus deberes. No est\u00e1s confuso al respecto. No eres un pirata que se sirve a s\u00ed mismo, asaltando otros barcos, robando lo que pueda, siendo un peligro en el mar.<\/p>\n<p>Dios te ha enviado al mundo para llevar a cabo cosas espec\u00edficas, y te ha dado el Conocimiento para darte la claridad de lo que debe hacerse y el poder para hacerlo, el poder de anular tu ambivalencia, tu debilidad y las persuasiones de los dem\u00e1s.<\/p>\n<p>Vive solo para ti mismo y no conocer\u00e1s nada de esto. Estar\u00e1s atrapado en la orilla, yendo de taberna en taberna; ser\u00e1s un alma perdida e infeliz, que no quiere y no puede cumplir su mayor destino, buscando placer all\u00ed donde puede, pero nunca en paz consigo misma. Mirar\u00e1s los barcos que zarpan y tu coraz\u00f3n se hundir\u00e1, porque t\u00fa mismo no puedes ir.<\/p>\n<p>No permitas que este sea tu destino. Pero para escapar de esta prisi\u00f3n \u2014la prisi\u00f3n de la orilla\u2014 debes tener una Autoridad Mayor que te gu\u00ede, y debes ser fuerte, organizado, vigilante y cuidadoso en todo lo relacionado con tu prop\u00f3sito y tu capacidad para ponerte en camino.<\/p>\n<p>Aqu\u00ed no puedes estar so\u00f1ando. No hay pereza. No hay indolencia. No hay adicci\u00f3n. Tienes que dejar personas, lugares y cosas para poder partir. Eso es lo que significa ir realmente a alguna parte en la vida. Qu\u00e9date donde est\u00e9s c\u00f3modo, c\u00e1lido y seguro, y nunca satisfar\u00e1s la mayor necesidad de tu alma. Solo ser\u00e1s un espectador de la vida, atrapado en esta orilla con todos sus peligros y su corrupci\u00f3n.<\/p>\n<p>Construyes tu vida aprendiendo a ser el capit\u00e1n de este barco llamado tu vida. Para eso es realmente toda tu educaci\u00f3n: para darte la estabilidad, la claridad y las relaciones que necesitar\u00e1s para vivir esta vida mayor. Aqu\u00ed tus aficiones y pasatiempos no son importantes. Aunque puedan darte placer en ocasiones, no pueden remplazar tus mayores responsabilidades.<\/p>\n<p>Dios te ha dado el barco. Dios te ha dado la mente y la tripulaci\u00f3n. Y Dios est\u00e1 reserv\u00e1ndote tu mayor prop\u00f3sito y destino hasta que tu barco pueda zarpar y se haya liberado de los apegos de estar en la orilla y de los terribles compromisos que pueden retenerte all\u00ed.<\/p>\n<p>Todo aquel que est\u00e9 respondiendo a una llamada mayor en la vida sentir\u00e1 que est\u00e1 partiendo, que est\u00e1 dejando atr\u00e1s personas, lugares y cosas para adentrarse en nuevas aguas, teniendo que asumir una mayor responsabilidad, teniendo que ser realmente responsable de sus decisiones. Porque ahora es el capit\u00e1n quien debe tomar las decisiones, confiando en su experiencia, su sabidur\u00eda y la gu\u00eda del Cielo. Debe tomar las decisiones. No puede delegar en nadie, porque en el mar no hay nadie m\u00e1s en quien delegar.<\/p>\n<p>Esta es la confianza en ti mismo que ahora debes tener, sin depender de tus creencias e ideas, ya que pueden ser incorrectas e incluso enga\u00f1osas. Debes confiar en una experiencia m\u00e1s profunda, una mayor sabidur\u00eda pr\u00e1ctica y un mayor discernimiento de ti mismo, de tu tripulaci\u00f3n, de tu barco y de tu entorno cambiante.<\/p>\n<p>No pienses que es una tarea demasiado grande para ti, porque fuiste dise\u00f1ado para esto. Esta analog\u00eda e imagen que estamos pintando para ti es totalmente relevante para tu condici\u00f3n y para los desaf\u00edos y peligros que hoy enfrentas.<\/p>\n<p>Aqu\u00ed debes seguir lo que es fuerte dentro de ti y no lo que es d\u00e9bil. Aqu\u00ed debes refrenarte una y otra vez para no caer presa de tus propias pasiones y de las persuasiones de otros. Aqu\u00ed debes mantenerte apartado para construir tu fuerza, apartado de aquellos que son d\u00e9biles y no est\u00e1n dispuestos a hacerlo, ya que no pueden ser tus compa\u00f1eros ahora.<\/p>\n<p>Dios te redime d\u00e1ndote algo importante que hacer y d\u00e1ndote el poder para ver lo que debes hacer y la fuerza para dejar la orilla \u2014la orilla de tu pasado, la orilla del mundo indulgente y empobrecido, la orilla de las suposiciones f\u00e1ciles y las alianzas d\u00e9biles, la orilla de la complacencia, la conveniencia y la desilusi\u00f3n.<\/p>\n<p>Dios te ha dado los Pasos al Conocimiento para que puedas construir tu fuerza y los Cuatro Pilares de tu vida: tu Pilar de las Relaciones, tu Pilar de la Salud, tu Pilar del Trabajo y el Aprovisionamiento y tu Pilar del Desarrollo Espiritual; todos ellos, no uno a expensas de los otros, sino todos ellos. Para ser el capit\u00e1n de tu barco, para tener esta libertad, para emprender este viaje, para sentir esta realizaci\u00f3n, debes tener esta mayor responsabilidad y preparaci\u00f3n. No hay otra manera.<\/p>\n<p>Pero tu barco no viajar\u00e1 solo, ya que est\u00e1 destinado a unirse con ciertos barcos. As\u00ed que no atravesar\u00e1s los grandes mares como un solo barco, sino como una peque\u00f1a armada, como ves; como un convoy. Este grupo viaja junto, pero cada barco debe ser capaz de hacerlo. Porque ahora todos son responsables ante los dem\u00e1s en su viaje. Su fracaso tendr\u00e1 un impacto en el \u00e9xito de los otros, e incluso en su supervivencia.<\/p>\n<p>Aqu\u00ed se te da poder, pero tambi\u00e9n una gran responsabilidad. Aqu\u00ed se te da compromiso con los dem\u00e1s, pero tambi\u00e9n grandes relaciones. Aqu\u00ed tu barco se une con otros para hacer un mayor viaje. Aqu\u00ed te unes con ciertas personas para llevar a cabo una mayor tarea en nombre de una mayor necesidad.<\/p>\n<p>Esto es lo que te aparta de la orilla. A partir de entonces podr\u00e1s visitar la orilla, pero no podr\u00e1s vivir all\u00ed. Podr\u00e1s servir en la orilla, pero no podr\u00e1s convertirte en su residente permanente y enclaustrado.<\/p>\n<p>Este es el significado mayor de Nuestras palabras, que compartimos hoy contigo.<\/p>\n","protected":false},"excerpt":{"rendered":"<p>&#8220;Tu vida es como un barco que navega por el mundo, que navega en el ambiente f\u00edsico con todos sus desaf\u00edos e influencias, y que tambi\u00e9n navega en el ambiente mental con todos sus desaf\u00edos e influencias.<\/p>\n<p>En este barco, tienes la embarcaci\u00f3n, la tripulaci\u00f3n y el capit\u00e1n. Y m\u00e1s all\u00e1 del capit\u00e1n, tienes la Autoridad que dirige el barco, d\u00e1ndole un prop\u00f3sito, una direcci\u00f3n y un destino.<\/p>\n<p>Con esta simple analog\u00eda, puedes empezar a verte a ti mismo m\u00e1s objetivamente, lo cual ahora es necesario. Porque est\u00e1 llegando un gran cambio al mundo, y las influencias en tus ambientes mental y f\u00edsico te est\u00e1n reteniendo en gran medida.<\/p>\n<p>Tu cuerpo es la embarcaci\u00f3n f\u00edsica adaptada a su entorno, un instrumento maravilloso si es guiado correctamente. Puede navegar por todo el mundo si tiene un capit\u00e1n sabio y una tripulaci\u00f3n capaz. Requiere de muchas cosas para mantenerse a flote y debe ser atendido muy bien, de lo contrario podr\u00eda fallar en alta mar con resultados desastrosos. No es perfecto, pero es capaz de logros maravillosos si se mantiene bien y se dirige adecuadamente.<\/p>\n<p>Tu tripulaci\u00f3n son tus pensamientos y emociones, lo que la mente produce para dirigir el cuerpo. Aqu\u00ed tienes una tripulaci\u00f3n funcional o una disfuncional, una tripulaci\u00f3n fiel o una infiel, una tripulaci\u00f3n competente o una incompetente. Y su competencia o incompetencia determinar\u00e1 hasta d\u00f3nde puede llegar esta embarcaci\u00f3n, cu\u00e1nto puede resistir los vientos y las olas del mundo y lo bien que puede adaptarse a la presencia de otras embarcaciones y a los peligros que estas entra\u00f1an.<\/p>\n<p>Luego est\u00e1 el capit\u00e1n. El capit\u00e1n eres t\u00fa. Es m\u00e1s grande que tu mente porque t\u00fa eres m\u00e1s grande que tu mente, que es la tripulaci\u00f3n. T\u00fa eres el capit\u00e1n. Si no diriges esta tripulaci\u00f3n correctamente, se volver\u00e1 ca\u00f3tica y desordenada, todo comenzar\u00e1 a ser ineficiente y se producir\u00e1 el colapso.<\/p>\n<p>M\u00e1s all\u00e1 del capit\u00e1n, est\u00e1 la Gran Autoridad que le da al barco su prop\u00f3sito, su destino y su carga. Tu tarea es llevar a cabo la misi\u00f3n que se le asigna a este barco en estas aguas, en este mundo. Sin el prop\u00f3sito mayor, bueno, el capit\u00e1n y su tripulaci\u00f3n no tendr\u00e1n un mayor sentido de prop\u00f3sito, y el desorden llegar\u00e1 con toda seguridad&#8230;.&#8221;<\/p>\n","protected":false},"author":13,"featured_media":0,"parent":16358,"menu_order":0,"comment_status":"closed","ping_status":"closed","template":"template-leftsidebar.php","meta":{"_monsterinsights_skip_tracking":false,"_monsterinsights_sitenote_active":false,"_monsterinsights_sitenote_note":"","_monsterinsights_sitenote_category":0,"footnotes":""},"categories":[501,76,117],"tags":[946],"_links":{"self":[{"href":"https:\/\/www.v6.newmessage.org\/es\/wp-json\/wp\/v2\/pages\/29995"}],"collection":[{"href":"https:\/\/www.v6.newmessage.org\/es\/wp-json\/wp\/v2\/pages"}],"about":[{"href":"https:\/\/www.v6.newmessage.org\/es\/wp-json\/wp\/v2\/types\/page"}],"author":[{"embeddable":true,"href":"https:\/\/www.v6.newmessage.org\/es\/wp-json\/wp\/v2\/users\/13"}],"replies":[{"embeddable":true,"href":"https:\/\/www.v6.newmessage.org\/es\/wp-json\/wp\/v2\/comments?post=29995"}],"version-history":[{"count":2,"href":"https:\/\/www.v6.newmessage.org\/es\/wp-json\/wp\/v2\/pages\/29995\/revisions"}],"predecessor-version":[{"id":29997,"href":"https:\/\/www.v6.newmessage.org\/es\/wp-json\/wp\/v2\/pages\/29995\/revisions\/29997"}],"up":[{"embeddable":true,"href":"https:\/\/www.v6.newmessage.org\/es\/wp-json\/wp\/v2\/pages\/16358"}],"wp:attachment":[{"href":"https:\/\/www.v6.newmessage.org\/es\/wp-json\/wp\/v2\/media?parent=29995"}],"wp:term":[{"taxonomy":"category","embeddable":true,"href":"https:\/\/www.v6.newmessage.org\/es\/wp-json\/wp\/v2\/categories?post=29995"},{"taxonomy":"post_tag","embeddable":true,"href":"https:\/\/www.v6.newmessage.org\/es\/wp-json\/wp\/v2\/tags?post=29995"}],"curies":[{"name":"wp","href":"https:\/\/api.w.org\/{rel}","templated":true}]}}