{"id":29826,"date":"2020-05-14T10:21:07","date_gmt":"2020-05-14T10:21:07","guid":{"rendered":"https:\/\/www.newmessage.org\/es\/?page_id=29826"},"modified":"2020-05-14T10:21:07","modified_gmt":"2020-05-14T10:21:07","slug":"resiliencia","status":"publish","type":"page","link":"https:\/\/www.v6.newmessage.org\/es\/el-mensaje\/volumen-1\/el-nuevo-mundo\/resiliencia","title":{"rendered":"Resiliencia"},"content":{"rendered":"<div><!--Versi\u00f3n espa\u00f1ola 1.2--><\/div>\n\n<div class=\"tabgroup \"><ul class=\"tabs\"><li><a href=\"#tabs-1\">Acerca de<\/a><\/li>\n<li><a href=\"#tabs-2\">Nota<\/a><\/li><\/ul>\n <div id=\"tabs-1\"><br \/>\n<i>Como le fue revelado a<\/i><br \/>\n<i>Marshall Vian Summers<\/i><br \/>\n<i>el 10 de diciembre de 2014<\/i><br \/>\n<i>en Boulder, Colorado, Estados Unidos<\/i><\/p>\n<p>Texto original: <a href=\"https:\/\/www.newmessage.org\/the-message\/volume-1\/new-world\/resilience\">Resilience<\/a><\/p>\n<p>Escucha el audio original aqu\u00ed (en ingl\u00e9s):<\/p>\n<div id=\"jquery_jplayer_1\" class=\"jp-jplayer\"><\/div>\n\t\t\t\t<div id=\"jp_container_1\" class=\"jp-audio\">\n\t\t\t\t<div class=\"jp-type-single\"><div class=\"jp-control\"><a href=\"javascript:;\" class=\"jp-play\" tabindex=\"1\">play<\/a><a href=\"javascript:;\" class=\"jp-pause\" tabindex=\"1\">pause<\/a><\/div> <div class=\"jp-gui jp-interface\"><div class=\"jp-volume\"><div class=\"jp-volume-bar\"><div class=\"jp-volume-bar-value\"><\/div><\/div><\/div><div class=\"jp-progress\"><div class=\"jp-seek-bar\"><div class=\"jp-play-bar\"><\/div><\/div><\/div><\/div>\t\t\t\t\t<div class=\"jp-no-solution\"><span>Update Required<\/span>To play the media you will need to either update your browser to a recent version or update your <a href=\"http:\/\/get.adobe.com\/flashplayer\/\" target=\"_blank\">Flash plugin<\/a>.<\/div><\/div><\/div>\n\t\t\t<script type='text\/javascript'>\n\t\t\t\tjQuery(document).ready(function() {\n\t\t\t\t\tif (typeof (sermonMedia) == 'function') {\n\t\t\t\t\t\tsermonMedia.addAudio('', \"jquery_jplayer_1\");\n\t\t\t\t\t}\n\t\t\t\t\tjQuery.jPlayer.timeFormat.showHour = true;\n\t\t\t\t\tjQuery(\"#jquery_jplayer_1\").jPlayer({\n\t\t\t\t\t\tready: function(event) {\n\t\t\t\t\t\t\tjQuery(this).jPlayer(\"setMedia\", {mp3: 'https:\/\/newmessage.org\/av\/resilience.mp3'});\n\t\t\t\t\t\t},\n\t\t\t\t\t\tplay: function() {\n\t\t\t\t\t\t\tjQuery(this).jPlayer(\"pauseOthers\");\n\t\t\t\t\t\t},\n\t\t\t\t\t\tswfPath: ThemeData.directory_uri+\"\/swf\",\n\t\t\t\t\t\tsolution: \"html, flash\",\n\t\t\t\t\t\tpreload: \"metadata\",\n\t\t\t\t\t\twmode: \"window\",\n\t\t\t\t\t\tsupplied: \"mp3\",\n\t\t\t\t\t\tcssSelectorAncestor: '#jp_container_1'\n\t\t\t\t\t});\n\t\t\t\t});\n\t\t\t<\/script><\/p>\n<p><a title=\"Resilience\" href=\"https:\/\/newmessage.org\/av\/resilience.mp3\">Descargar<\/a> (cliquea en el bot\u00f3n derecho y selecciona \u201cguardar enlace como\u201d)<\/p>\n<div class=\"toggle toggle-white\"><h4 class=\"trigger \"><span class=\"t_ico\"><\/span><a href=\"#\">M\u00e1s informaci\u00f3n sobre este texto<\/a><\/h4><div class=\"toggle_container \"><br \/>\n<p>Lo que est\u00e1s leyendo en este texto es la transcripci\u00f3n de la voz original de la Asamblea Ang\u00e9lica hablando a trav\u00e9s del Mensajero Marshall Vian Summers.<\/p>\n<p>Aqu\u00ed, la comunicaci\u00f3n original de Dios, que existe m\u00e1s all\u00e1 de las palabras, es traducida al lenguaje y el entendimiento humanos por la Asamblea Ang\u00e9lica que supervisa el mundo. La Asamblea despu\u00e9s entrega el Mensaje de Dios a trav\u00e9s del Mensajero, tras lo cual es transcrito y puesto a tu disposici\u00f3n y a disposici\u00f3n de todos.<\/p>\n<p>En este extraordinario proceso, la Voz de la Revelaci\u00f3n est\u00e1 hablando de nuevo. La Palabra y el Sonido est\u00e1n en el mundo. Que puedas ser el receptor de este regalo de Revelaci\u00f3n y puedas estar abierto a recibir su Mensaje \u00fanico para ti y para tu vida.<\/p>\n<br \/>\n<\/div><\/div><br \/>\n<\/div>\n<div id=\"tabs-2\"><br \/>\n<em>Nota a los lectores:<br \/>\nEsta traducci\u00f3n fue provista a la <\/em>Society<em> por estudiantes del Nuevo Mensaje que se han ofrecido voluntariamente a traducir el texto original en ingl\u00e9s. La publicamos en esta forma inicial para que todo el mundo tenga una oportunidad de interactuar con una porci\u00f3n del Nuevo Mensaje en un su propio idioma.<\/em><br \/>\n<\/div>\n\t\t\t\t<div align=\"right\">\n\t\t\t<div class=\"fb-like\" data-href=\"\" data-layout=\"button_count\" data-action=\"like\" data-show-faces=\"false\" data-share=\"false\"><\/div>\n\t\t\t<div class=\"fb-share-button\" data-layout=\"button_count\"> <\/div>\n\t\t\t<div class=\"fb_iframe_widget\"><a href=\"https:\/\/twitter.com\/godsnewmessage?ref_src=twsrc%5Etfw\" class=\"twitter-follow-button\" data-show-count=\"false\">Follow @godsnewmessage<\/a><script async src=\"https:\/\/platform.twitter.com\/widgets.js\" charset=\"utf-8\"><\/script><\/div>\n\t\t\t<\/div> <\/div> \n\n<p>La humanidad se encuentra en el umbral del mayor cambio mundial que haya experimentado jam\u00e1s, un mundo que enfrenta un clima cambiante, graves trastornos y grandes discordias econ\u00f3micas y sociales, a medida que la humanidad encara una nueva experiencia mundial sin preparaci\u00f3n: un mundo m\u00e1s dif\u00edcil, un mundo de recursos cada vez m\u00e1s escasos y meteorolog\u00eda violenta, un mundo en el que la humanidad tendr\u00e1 que tomar decisiones muy fundamentales sobre c\u00f3mo responder y prepararse para una clase diferente de futuro.<\/p>\n<p>Las personas del mundo todav\u00eda est\u00e1n dormidas u oprimidas. Los ricos est\u00e1n durmiendo, todav\u00eda so\u00f1ando sus sue\u00f1os de riqueza y realizaci\u00f3n personal, mientras la mayor parte del mundo lucha por sobrevivir bajo el peso de la pobreza y la opresi\u00f3n pol\u00edtica y religiosa.<\/p>\n<p>En esta situaci\u00f3n aparentemente desesperada, el Se\u00f1or de los universos ha tra\u00eddo un gran Mensaje para la humanidad, una Nueva Revelaci\u00f3n para el mundo: una gran advertencia, un gran empoderamiento y una gran preparaci\u00f3n.<\/p>\n<p>Si pudieras reconocer verdaderamente la condici\u00f3n del mundo y tu propia condici\u00f3n en \u00e9l, ver\u00edas la gran necesidad de que Dios hable de nuevo.\u00a0Y Dios ha hablado de nuevo, dando a la humanidad ahora la mayor Revelaci\u00f3n que jam\u00e1s se ha tra\u00eddo a este mundo, con el fin de preparar a la humanidad para un nuevo mundo y para su interacci\u00f3n con un universo lleno de vida inteligente \u2014una Comunidad Mayor de vida, un gran panorama de vida, una comunidad de la que la humanidad no sabe nada en absoluto, un universo no humano donde la libertad es poco com\u00fan.<\/p>\n<p>Si tienes la honestidad y la humildad para comenzar a enfrentar la condici\u00f3n real de tu vida y de tu mundo, reconocer\u00e1s que las grandes Revelaciones del pasado no pueden preparar a la humanidad para lo que est\u00e1 enfrentando ahora. Dadas en la antig\u00fcedad, fueron apropiadas para su tiempo y su lugar, y todav\u00eda contienen gran sabidur\u00eda y grandes ense\u00f1anzas para la humanidad, pero no pueden prepararte para lo que est\u00e1s enfrentando ahora.<\/p>\n<p>Dios lo sabe, por supuesto, pero la humanidad sigue perdida en sus preocupaciones, sus preceptos, sus conflictos, su lucha religiosa y su sentido de supremac\u00eda.<\/p>\n<p>Es hora de que aprendas la verdadera naturaleza de la espiritualidad humana, tu conexi\u00f3n con tu Fuente y c\u00f3mo Dios trabaja en el mundo, operando a trav\u00e9s de la gente desde dentro hacia fuera.<\/p>\n<p>Dios sabe que la humanidad est\u00e1 en una situaci\u00f3n precaria, de la que no puede salvarse a s\u00ed misma. Est\u00e1 demasiado ciega. Est\u00e1 demasiado absorta. Est\u00e1 demasiado llena de desprecio y conflicto. No es lo suficientemente fuerte ni est\u00e1 lo suficientemente unida como para prepararse por s\u00ed misma. Con honestidad y humildad ver\u00e1s estas cosas, porque son innegables.<\/p>\n<p>Te enfrentas a una situaci\u00f3n de gran complejidad. Necesitar\u00e1s una Revelaci\u00f3n de Dios, as\u00ed como tu propia inteligencia y tus recursos, para lidiar con esto, prepararte para esto, sobrevivir y, si puedes lograr estas cosas, para construir un futuro m\u00e1s grande para la familia humana \u2014una mayor seguridad para el mundo, una mayor unidad para la familia humana, una mayor fuerza y una mayor permanencia en este mundo y dentro de la Comunidad Mayor en la que siempre ha vivido.<\/p>\n<p>Los grandes Mensajeros del pasado, los cuales han venido todos de la Asamblea Ang\u00e9lica \u2014Jes\u00fas, Buda y Mahoma\u2014, est\u00e1n con el Mensajero que ahora est\u00e1 siendo enviado al mundo, el \u00fanico Mensajero enviado con una gran Revelaci\u00f3n de Dios.<\/p>\n<p>Qu\u00e9 desaf\u00edo ser\u00e1 esta para todos los que puedan responder. Ser\u00e1 un desaf\u00edo que se suma al gran desaf\u00edo del nuevo mundo y de la vida en el universo.<\/p>\n<p>Pero Dios te ha dado una mayor fuerza y un mayor prop\u00f3sito para estar en el mundo en este momento. En lo profundo bajo el intelecto y tu mente personal, la cual ha sido tan condicionada, dirigida y manipulada por el mundo que te rodea, esta mayor Inteligencia contiene tu fuerza y el poder para navegar el gran cambio que se avecina. Tiene la claridad y la conexi\u00f3n con Dios para resonar con la Nueva Revelaci\u00f3n de Dios para el mundo.<\/p>\n<p>Las ideolog\u00edas de la gente ser\u00e1n desafiadas, ya que Dios trae una gran correcci\u00f3n a la comprensi\u00f3n de la humanidad de las grandes tradiciones y del significado de la espiritualidad, el prop\u00f3sito de la humanidad y su destino \u00faltimo.<\/p>\n<p>Qu\u00e9 gran desaf\u00edo ser\u00e1 esto para las personas que han construido toda su vida sobre un conjunto de creencias y preceptos, cuando en realidad no saben nada en absoluto sobre el Gran Plan y Prop\u00f3sito de Dios aqu\u00ed.<\/p>\n<p>Dios te ha dado ahora la fuerza. Vive dentro de ti, muy por debajo de la superficie de la mente. Es incorrupta. No tiene miedo. Porque representa la parte eterna de ti que a\u00fan est\u00e1 conectada a Dios, como ves. No est\u00e1 amenazada por el mundo. No vive en un estado de constante ansiedad como lo hace tu mente personal. No vive en un mundo de obsesi\u00f3n, distracci\u00f3n, ansiedad y desprecio \u2014las cosas que rigen tu mente personal y las mentes de todos los que habitan aqu\u00ed.<\/p>\n<p>Dios entiende estas cosas. No hay ning\u00fan juicio contra la humanidad. No hay ning\u00fan castigo esper\u00e1ndote. Pero debes prepararte para las eventualidades. Debes ganar la posici\u00f3n desde la que ver lo que se avecina en el horizonte con ojos despejados, sin todas tus antiguas creencias y persuasiones pol\u00edticas coloreando tu visi\u00f3n y ceg\u00e1ndote.<\/p>\n<p>No basta con que unos pocos individuos clarividentes se den cuenta del gran cambio, e incluso esa comprensi\u00f3n es incompleta, como ves. Pues no pueden ver el cuadro completo, ya que eso debe darse en una Revelaci\u00f3n.<\/p>\n<p>Si eres capaz de comenzar a enfrentar estas cosas, lo cual entendemos que es un gran desaf\u00edo, te sentir\u00e1s d\u00e9bil; te sentir\u00e1s impotente. Puede que incluso te sientas desesperado. Te preguntar\u00e1s c\u00f3mo podr\u00e1 la humanidad superar esto, c\u00f3mo podr\u00e1 unirse y aunar su sabidur\u00eda, su inteligencia, sus habilidades y sus tecnolog\u00edas en una direcci\u00f3n positiva, en lugar de desperdiciarlas en la guerra y el conflicto. Porque no hay tiempo para eso ahora. No hay tiempo para tales tonter\u00edas.<\/p>\n<p>Te preguntar\u00e1s si hay alguna esperanza. Mirar\u00e1s a tu alrededor y ver\u00e1s las mentes dormidas por todas partes. Mirar\u00e1s al mundo y ver\u00e1s corrupci\u00f3n, conflicto, dificultades y disputas, as\u00ed como una terrible pobreza por todas partes. Y te preguntar\u00e1s: &#8220;\u00bfC\u00f3mo podr\u00eda funcionar esto alguna vez?&#8221;.<\/p>\n<p>Aqu\u00ed tu mente personal no tiene una respuesta. Aqu\u00ed lo que has aprendido y te han ense\u00f1ado a pensar no tiene una respuesta. Tus respuestas, incluso si fueran apropiadas, son solo parciales, porque ahora necesitar\u00e1s mil respuestas y no las tienes todas.<\/p>\n<p>Es tu Creador quien intervendr\u00e1 en el mundo, lo cual solo ocurre, quiz\u00e1, una vez cada milenio para alterar la direcci\u00f3n de la humanidad, para plantar las semillas de una mayor sabidur\u00eda, poder, fuerza y cooperaci\u00f3n en el momento de mayor oportunidad y necesidad.<\/p>\n<p>Tendr\u00e1s que recurrir a esta fuerza que Dios ha puesto en ti y en los dem\u00e1s. Y tendr\u00e1s que dar los pasos hacia este mayor Conocimiento, ya que no puedes encontrar el camino por ti mismo. Tendr\u00e1s que reconocer que no puedes gobernar tu vida como un tirano. En realidad, no puedes gobernar tu vida en absoluto, pero debes manejar tu mente y tus asuntos y conocer la fuente de tu fuerza, la cual vive dentro de ti en este momento, esperando a ser descubierta.<\/p>\n<p>Esta fuente est\u00e1 siendo invocada ahora, porque los cielos se est\u00e1n oscureciendo y el gran cambio est\u00e1 llegando, golpeando las costas, abrasando los desiertos, secando las tierras de cultivo. Est\u00e1 aqu\u00ed y all\u00ed, creciendo en frecuencia, potencia y destrucci\u00f3n.<\/p>\n<p>No puedes ser pat\u00e9tico. No puedes ser d\u00e9bil. No puedes simplemente rezar pidiendo milagros, porque Dios te ha enviado aqu\u00ed para hacer el verdadero trabajo que debe hacerse: tu prop\u00f3sito y actividad \u00fanicos, de los que a\u00fan no eres consciente. Porque son muy diferentes de tus metas y tus fantas\u00edas sobre ti mismo.<\/p>\n<p>Si pudieras reconocer tu propia necesidad \u2014siendo un extra\u00f1o para ti mismo, viviendo una vida de lucha, de mundanidad, de indignidad y frustraci\u00f3n\u2014, ver\u00edas tu necesidad de la Revelaci\u00f3n. Ya sea que mires fuera o dentro, es esta misma honestidad lo que te llevar\u00e1 a este punto de reconocimiento.<\/p>\n<p>Tal vez sientas que has logrado grandes cosas. Tal vez te sientas orgulloso. Tal vez desprecies a otros que no tienen nada o que fracasan en sus intentos de tener lo que t\u00fa tienes. Pero t\u00fa tambi\u00e9n est\u00e1s en el umbral del gran cambio y no tienes una respuesta.<\/p>\n<p>Todo lo que has adquirido puede perderse. Todo aquello en lo que crees puede ser destruido. Todo lo que asumes que es verdad puede ser deshecho. Porque a\u00fan no conoces el Poder que te ha tra\u00eddo y lo que realmente has de lograr aqu\u00ed.<\/p>\n<p>Dios est\u00e1 hablando ahora a un mundo alfabetizado, no a tribus primitivas que viven en sociedades guerreras y desconocen el desarrollo social y la libertad personal. Dios est\u00e1 hablando ahora a un mundo de comunicaciones globales y una creciente conciencia mundial.<\/p>\n<p>As\u00ed que ahora la Revelaci\u00f3n no consiste en temas pastorales o an\u00e9cdotas, en historias que deben ser interpretadas por expertos o comentaristas. Se trae en el lenguaje m\u00e1s simple, con mucha repetici\u00f3n y aclaraci\u00f3n. Se trae de esta manera para que pueda traducirse f\u00e1cilmente a otros idiomas, y para sea expresada y entendida f\u00e1cilmente por personas de todas las clases y posiciones sociales. La persona m\u00e1s pobre del mundo puede entenderla. Y, sin embargo, es tan profunda que no puedes sondearla. Su simplicidad expresa su gran profundidad.<\/p>\n<p>Este es el milagro de tu tiempo, dado en un momento de gran necesidad, una necesidad tan grande que pocas personas son conscientes de ella o pueden afrontarla honestamente. Este es el milagro de tu tiempo. Es el milagro de tu vida. Porque has sido encontrado como una mancha en el oc\u00e9ano, a la deriva y sin esperanza. Ya sea que vivas en la pobreza o en el esplendor, es todo lo mismo.<\/p>\n<p>No basta con que unas pocas personas en el mundo sean capaces de recuperar su verdadero estado natural. La llamada debe ser ahora para que un mayor n\u00famero de personas den un paso adelante, ya que este barco se est\u00e1 inclinando. Est\u00e1 entrando agua. Pero la gente sigue durmiendo en la cubierta, deleit\u00e1ndose bajo la luz del sol, sin saber que la misma nave sobre la que se encuentran est\u00e1 en peligro.<\/p>\n<p>\u00bfQui\u00e9n sabr\u00e1 estas cosas? \u00bfQui\u00e9n puede mirar sin condena? \u00bfQui\u00e9n puede mirar con compasi\u00f3n, incluso a aquellos que yerran tan gravemente?<\/p>\n<p>La humanidad est\u00e1 viviendo en un sue\u00f1o, un sue\u00f1o de Separaci\u00f3n. Sin embargo, ahora ha creado una condici\u00f3n para el mundo que cambiar\u00e1 su paisaje y todo lo que hay en \u00e9l.<\/p>\n<p>Ahora ha llegado a un punto en el que otras razas del universo buscar\u00e1n ganar el control de este mundo. Tan valioso es, tan rico es. No comprendes su riqueza en un universo de planetas est\u00e9riles y sociedades en dificultades.<\/p>\n<p>La Revelaci\u00f3n de Dios revelar\u00e1 c\u00f3mo es la vida en el universo, adem\u00e1s de lo que la humanidad debe saber para sobrevivir all\u00ed y construir y preservar all\u00ed su libertad, lo cual ser\u00e1 un gran desaf\u00edo.<\/p>\n<p>Pero primero debes conocer tu fuerza, y debes construir tu resiliencia para vivir en un mundo cambiante, para vivir en un nuevo mundo. Debes tener una mayor fuerza para superar tus dudas, tus miedos, tus debilidades, tus preocupaciones y tus tendencias.<\/p>\n<p>Dios te ha dado esto. Ha estado contigo todo el tiempo \u2014esperando a ser descubierto, esperando el momento en que necesitar\u00eda ser llamado, esperando las circunstancias a tu alrededor que lo har\u00edan necesario e imperativo para tu bienestar y tu realizaci\u00f3n en el mundo.<\/p>\n<p>Porque has venido aqu\u00ed para dar y servir. Tienes regalos \u00fanicos que deben ser abiertos dentro de ti, porque no puedes abrirlos por ti mismo.<\/p>\n<p>El Conocimiento m\u00e1s profundo dentro de ti puede reformar tu vida y prepararte para tu nueva vida en un nuevo mundo. Tal vez no puedas ver todav\u00eda que este es el mayor regalo posible que puedas recibir.<\/p>\n<p>Cualquier oraci\u00f3n que hagas a tu Fuente ya ha sido contestada, debido a lo que se ha puesto dentro de ti para guiarte, corregirte y darte fuerza, certeza y compasi\u00f3n en un mundo donde la gente estar\u00e1 cada vez m\u00e1s desorganizada y desordenada, llena de ansiedad y aprehensi\u00f3n.<\/p>\n<p>Debes crear la conciencia y luego la resiliencia. En este momento, eres perturbado f\u00e1cilmente incluso por tus propios sentimientos, dudas y pesadillas.<\/p>\n<p>Piensa en lo perturbado que estar\u00e1s cuando veas el mundo desmoron\u00e1ndose a tu alrededor, cuando tengas que enfrentarte al nuevo mundo, cuando tengas que enfrentarte a la realidad de que la libertad humana est\u00e1 siendo amenazada por una Intervenci\u00f3n externa.<\/p>\n<p>Con este entendimiento, te dar\u00e1s cuenta de que debes construir tu fuerza. Y Dios ha provisto los Pasos al Conocimiento para construir esta fuerza y esta capacidad para entender, saber y ver; para aprender a ver tus propios errores y debilidades con compasi\u00f3n y aprender a manejarlos, controlarlos y corregirlos si es posible. No tienes esta fuerza todav\u00eda, no lo suficiente.<\/p>\n<p>Te gobierna la debilidad, pero debe gobernarte la fuerza. Sin duda, lo que es d\u00e9bil en tu interior debe seguir a lo que es fuerte dentro de ti. Ciertamente, lo que es tonto en tu interior debe seguir a lo que es sabio.<\/p>\n<p>Lo que es fuerte y sabio en tu interior es el Conocimiento que Dios ha puesto dentro de ti, un Conocimiento que representa tu estado eterno y la conexi\u00f3n con tu Fuente.<\/p>\n<p>Sin esto, solo puedes creer en Dios, arrodill\u00e1ndote y adorando por miedo a que Dios te castigue si fracasas. Pero esta no es la fuerza que necesitar\u00e1s para recuperar tu conexi\u00f3n con tu Fuente o para sobrevivir y navegar el nuevo mundo a tu alrededor.<\/p>\n<p>La astucia, el ingenio, la filosof\u00eda, la tecnolog\u00eda\u2026 sin el Conocimiento, todas estas cosas te fallar\u00e1n. No bastan. Y no sabes c\u00f3mo usarlas eficazmente, porque todav\u00eda te gu\u00eda tu mente personal, la cual es temerosa, impulsiva y arrogante.<\/p>\n<p>La mente debe servir al Conocimiento. El Conocimiento siempre servir\u00e1 a Dios. Esta es la verdadera jerarqu\u00eda dentro de ti. Este es la verdadera ascensi\u00f3n del poder.<\/p>\n<p>Todo es importante aqu\u00ed. Tu cuerpo es importante como veh\u00edculo de comunicaci\u00f3n en el mundo. Tu mente es importante como veh\u00edculo de comunicaci\u00f3n en el mundo. El Conocimiento dentro de ti est\u00e1 en el mundo para comunicarse. Porque has sido enviado por aquellos que est\u00e1n m\u00e1s all\u00e1, los cuales te est\u00e1n observando incluso en este momento.<\/p>\n<p>Es este despertar lo que debe suceder. Es la resiliencia que debe construirse. Es la fuerza, la compasi\u00f3n y la determinaci\u00f3n que debe surgir dentro de ti, no desde tus ideas, no solo desde tu voluntad, sino desde la mayor fuerza que vive dentro de ti.<\/p>\n<p>Solo esto tiene el poder de llevarte a un nuevo mundo y a una Comunidad Mayor de vida, la cual es tu destino, dentro de la cual siempre has vivido, y para la que ahora debes prepararte.<\/p>\n","protected":false},"excerpt":{"rendered":"<p>&#8220;La humanidad se encuentra en el umbral del mayor cambio mundial que haya experimentado jam\u00e1s, un mundo que enfrenta un clima cambiante, graves trastornos y grandes discordias econ\u00f3micas y sociales, a medida que la humanidad encara una nueva experiencia mundial sin preparaci\u00f3n: un mundo m\u00e1s dif\u00edcil, un mundo de recursos cada vez m\u00e1s escasos y meteorolog\u00eda violenta, un mundo en el que la humanidad tendr\u00e1 que tomar decisiones muy fundamentales sobre c\u00f3mo responder y prepararse para una clase diferente de futuro.<\/p>\n<p>Las personas del mundo todav\u00eda est\u00e1n dormidas u oprimidas. Los ricos est\u00e1n durmiendo, todav\u00eda so\u00f1ando sus sue\u00f1os de riqueza y realizaci\u00f3n personal, mientras la mayor parte del mundo lucha por sobrevivir bajo el peso de la pobreza y la opresi\u00f3n pol\u00edtica y religiosa.<\/p>\n<p>En esta situaci\u00f3n aparentemente desesperada, el Se\u00f1or de los universos ha tra\u00eddo un gran Mensaje para la humanidad, una Nueva Revelaci\u00f3n para el mundo: una gran advertencia, un gran empoderamiento y una gran preparaci\u00f3n.<\/p>\n<p>Si pudieras reconocer verdaderamente la condici\u00f3n del mundo y tu propia condici\u00f3n en \u00e9l, ver\u00edas la gran necesidad de que Dios hable de nuevo.\u00a0Y Dios ha hablado de nuevo, dando a la humanidad ahora la mayor Revelaci\u00f3n que jam\u00e1s se ha tra\u00eddo a este mundo, con el fin de preparar a la humanidad para un nuevo mundo y para su interacci\u00f3n con un universo lleno de vida inteligente \u2014una Comunidad Mayor de vida, un gran panorama de vida, una comunidad de la que la humanidad no sabe nada en absoluto, un universo no humano donde la libertad es poco com\u00fan.<\/p>\n<p>Si tienes la honestidad y la humildad para comenzar a enfrentar la condici\u00f3n real de tu vida y de tu mundo, reconocer\u00e1s que las grandes Revelaciones del pasado no pueden preparar a la humanidad para lo que est\u00e1 enfrentando ahora. Dadas en la antig\u00fcedad, fueron apropiadas para su tiempo y su lugar, y todav\u00eda contienen gran sabidur\u00eda y grandes ense\u00f1anzas para la humanidad, pero no pueden prepararte para lo que est\u00e1s enfrentando ahora.<\/p>\n<p>Dios lo sabe, por supuesto, pero la humanidad sigue perdida en sus preocupaciones, sus preceptos, sus conflictos, su lucha religiosa y su sentido de supremac\u00eda.<\/p>\n<p>Es hora de que aprendas la verdadera naturaleza de la espiritualidad humana, tu conexi\u00f3n con tu Fuente y c\u00f3mo Dios trabaja en el mundo, operando a trav\u00e9s de la gente desde dentro hacia fuera.<\/p>\n<p>Dios sabe que la humanidad est\u00e1 en una situaci\u00f3n precaria, de la que no puede salvarse a s\u00ed misma. Est\u00e1 demasiado ciega. Est\u00e1 demasiado absorta. Est\u00e1 demasiado llena de desprecio y conflicto. No es lo suficientemente fuerte ni est\u00e1 lo suficientemente unida como para prepararse por s\u00ed misma. Con honestidad y humildad ver\u00e1s estas cosas, porque son innegables&#8230;&#8221;<\/p>\n","protected":false},"author":13,"featured_media":0,"parent":16482,"menu_order":0,"comment_status":"closed","ping_status":"closed","template":"template-leftsidebar.php","meta":{"_monsterinsights_skip_tracking":false,"_monsterinsights_sitenote_active":false,"_monsterinsights_sitenote_note":"","_monsterinsights_sitenote_category":0,"footnotes":""},"categories":[76,463,460],"tags":[861,912],"_links":{"self":[{"href":"https:\/\/www.v6.newmessage.org\/es\/wp-json\/wp\/v2\/pages\/29826"}],"collection":[{"href":"https:\/\/www.v6.newmessage.org\/es\/wp-json\/wp\/v2\/pages"}],"about":[{"href":"https:\/\/www.v6.newmessage.org\/es\/wp-json\/wp\/v2\/types\/page"}],"author":[{"embeddable":true,"href":"https:\/\/www.v6.newmessage.org\/es\/wp-json\/wp\/v2\/users\/13"}],"replies":[{"embeddable":true,"href":"https:\/\/www.v6.newmessage.org\/es\/wp-json\/wp\/v2\/comments?post=29826"}],"version-history":[{"count":1,"href":"https:\/\/www.v6.newmessage.org\/es\/wp-json\/wp\/v2\/pages\/29826\/revisions"}],"predecessor-version":[{"id":29827,"href":"https:\/\/www.v6.newmessage.org\/es\/wp-json\/wp\/v2\/pages\/29826\/revisions\/29827"}],"up":[{"embeddable":true,"href":"https:\/\/www.v6.newmessage.org\/es\/wp-json\/wp\/v2\/pages\/16482"}],"wp:attachment":[{"href":"https:\/\/www.v6.newmessage.org\/es\/wp-json\/wp\/v2\/media?parent=29826"}],"wp:term":[{"taxonomy":"category","embeddable":true,"href":"https:\/\/www.v6.newmessage.org\/es\/wp-json\/wp\/v2\/categories?post=29826"},{"taxonomy":"post_tag","embeddable":true,"href":"https:\/\/www.v6.newmessage.org\/es\/wp-json\/wp\/v2\/tags?post=29826"}],"curies":[{"name":"wp","href":"https:\/\/api.w.org\/{rel}","templated":true}]}}