{"id":29538,"date":"2019-07-16T14:52:17","date_gmt":"2019-07-16T14:52:17","guid":{"rendered":"http:\/\/www.newmessage.org\/es\/?page_id=29538"},"modified":"2019-07-19T14:50:04","modified_gmt":"2019-07-19T14:50:04","slug":"marshall-vian-summers-en-sur-america","status":"publish","type":"page","link":"https:\/\/www.v6.newmessage.org\/es\/marshall-vian-summers-en-sur-america","title":{"rendered":"Marshall Vian Summers en Sur Am\u00e9rica"},"content":{"rendered":"<p>[vc_row vcmp_padding=&#8221;vcmp_padding_null&#8221; responsive_mode=&#8221;true&#8221; css=&#8221;.vc_custom_1563118156730{margin-top: 0px !important;border-top-width: 0px !important;padding-top: 0px !important;padding-right: 1% !important;padding-bottom: 0px !important;padding-left: 1% !important;border-top-style: groove !important;border-radius: 1px !important;}&#8221;][vc_column][vc_custom_heading text=&#8221;Marshall Vian Summers presenta el Nuevo Mensaje de Dios y los Discursos de los Aliados de la Humanidad en Sudam\u00e9rica&#8221; font_container=&#8221;tag:h1|text_align:center|color:%231e73be|line_height:1.5&#8243; use_theme_fonts=&#8221;yes&#8221; css_animation=&#8221;none&#8221; css=&#8221;.vc_custom_1563239214458{margin-top: 0px !important;border-top-width: 0px !important;padding-top: -1% !important;padding-right: 1% !important;padding-bottom: 1% !important;padding-left: 1% !important;}&#8221;][vc_column_text css=&#8221;.vc_custom_1563238980549{padding-top: 1% !important;padding-right: 1% !important;padding-bottom: 2% !important;padding-left: 1% !important;background-color: #d8cfbe !important;border-radius: 15px !important;}&#8221;]<\/p>\n<h4 style=\"text-align: center;\"><span style=\"color: #333333;\">Escucha la transmisi\u00f3n en vivo del discurso de apertura de Marshall Vian Summers en Brasil<\/span><\/h4>\n<h4 style=\"text-align: center;\"><span style=\"color: #333333;\">S\u00e1bado, 20 de julio, 2019 a las 2:30 pm hora (UTC -6)<\/span><\/h4>\n<p style=\"text-align: center;\"><iframe loading=\"lazy\" width=\"100%\" height=\"180px\" frameborder=\"no\" scrolling=\"no\" marginheight=\"0\" marginwidth=\"0\" src=\"https:\/\/mixlr.com\/users\/1874700\/embed?color=d8cfbe\"><\/iframe><\/p>\n<p style=\"text-align: center;\"><strong>El reproductor de audio en vivo empezar\u00e1 a transmitir cuando la presentaci\u00f3n de Marshall comience. <\/strong><\/p>\n<p>[\/vc_column_text][vc_column_text css=&#8221;.vc_custom_1563239203146{padding-top: 2% !important;padding-bottom: -2% !important;}&#8221;]<\/p>\n<h1 class=\"vc_custom_heading vc_custom_1563041565227\" style=\"font-size: 40px; color: #1e73be; line-height: 1.5; text-align: center;\"><a href=\"#donate\">Apoya este viaje importante a Sudam\u00e9rica<\/a><\/h1>\n<p>[\/vc_column_text][\/vc_column][\/vc_row][vc_row css_animation=&#8221;none&#8221; responsive_mode=&#8221;true&#8221; css=&#8221;.vc_custom_1562991400112{padding-right: 1% !important;padding-left: 1% !important;background-color: #ffffff !important;}&#8221;][vc_column width=&#8221;1\/2&#8243; css=&#8221;.vc_custom_1562991576512{background-position: center !important;background-repeat: no-repeat !important;background-size: cover !important;}&#8221;][vc_column_text css_animation=&#8221;none&#8221;]<\/p>\n<h3><span style=\"color: #996100;\">Acerca del Viaje Sudamericano<\/span><\/h3>\n<p><span style=\"font-weight: 400;\"><strong>Este a\u00f1o, Marshall y su familia est\u00e1n viajando a trav\u00e9s de Sudam\u00e9rica <\/strong>para presentar el Nuevo Mensaje y los Discursos de los Aliados de la Humanidad a las personas de Sudam\u00e9rica por la primera vez. <\/span><\/p>\n<p><strong>A trav\u00e9s de cuatro semanas, Marshall viajar\u00e1 por Brazil, Chile, Bolivia y Colombia para:<\/strong><\/p>\n<ul>\n<li>Comunicar el discurso de apertura en una conferencia de OVNIs grande en S\u00e3o Paulo, Brasil<\/li>\n<li>Lanzar la primera publicaci\u00f3n de los Discursos de los Aliados de la Humanidad, Libro Uno en portugu\u00e9s<\/li>\n<li>Reunirse con estudiantes en <a href=\"https:\/\/www.nuevomensaje.org\/reuniones-con-marshall-vian-summers\">reuniones importantes con Marshall<\/a> en Brasil, Chile, Bolivia y Colombia<\/li>\n<li>Potencialmente recibir la comunicaci\u00f3n de la Asamblea Angelical inspirada por las personas y el ambiente con los cuales se encuentre el Mensajero<\/li>\n<\/ul>\n<p><img loading=\"lazy\" decoding=\"async\" class=\"alignnone wp-image-41798 size-full\" src=\"https:\/\/www.newmessage.org\/wp-content\/uploads\/2019\/07\/Map-of-South-America-travel-2019-1.png\" alt=\"\" width=\"428\" height=\"446\" \/>[\/vc_column_text][vc_custom_heading text=&#8221;Por qu\u00e9 esto es importante&#8221; font_container=&#8221;tag:h3|text_align:left|color:%23996000&#8243; use_theme_fonts=&#8221;yes&#8221; css_animation=&#8221;none&#8221;][vc_column_text css_animation=&#8221;none&#8221; css=&#8221;.vc_custom_1563239692917{margin-top: 0px !important;margin-bottom: 0px !important;border-top-width: 0px !important;border-bottom-width: 0px !important;padding-top: 0px !important;padding-right: 10px !important;padding-bottom: 0px !important;}&#8221;]<span style=\"font-weight: 400;\"><strong>Este viaje marca una oportunidad importante para Marshall <\/strong>para presentar los Discursos de los Aliados de la Humanidad a una audiencia grande de hasta 1500 personas. Adicionalmente, tambi\u00e9n podr\u00e1 conocer a algunos estudiantes del Nuevo Mensaje por la primera vez en Sudam\u00e9rica.<\/span>[\/vc_column_text][vc_custom_heading text=&#8221;Lo que har\u00e1n Marshall y su familia&#8221; font_container=&#8221;tag:h3|text_align:left|color:%23996000&#8243; use_theme_fonts=&#8221;yes&#8221; css_animation=&#8221;none&#8221;][vc_column_text css_animation=&#8221;none&#8221; css=&#8221;.vc_custom_1563239955935{margin-top: 0px !important;margin-bottom: 5px !important;border-top-width: 0px !important;border-bottom-width: 0px !important;padding-top: 0px !important;padding-right: 0px !important;padding-bottom: 0px !important;}&#8221;]<strong>1) Marshall dar\u00e1 una presentaci\u00f3n como el orador principal<\/strong> en una conferencia grande en Brasil enfocada en OVNIs y la realidad del Contacto. 1500 personas est\u00e1n registradas para este evento que toma lugar en las cercan\u00edas de S\u00e3o Paulo, Brasil: <a href=\"http:\/\/www.ufoperuibe.com.br\/\">http:\/\/www.ufoperuibe.com.br\/<\/a>. <strong>El discurso de apertura de Marshall ser\u00e1 transmitido el vivo a trav\u00e9s de esta p\u00e1gina el 20 de julio a las 2:30 (UTC-6)<\/strong>, as\u00ed que favor guarda esta fecha para escuchar.<\/p>\n<p><strong>2) Un publicador brasile\u00f1o ha publicado y lanzar\u00e1 <em>Los Aliados de la Humanidad: Libro Uno <\/em>en portugu\u00e9s <\/strong>en la conferencia. Mil copias del Los Aliados Uno en portugu\u00e9s estar\u00e1n disponibles para la venta en este evento.<\/p>\n<p><strong><img loading=\"lazy\" decoding=\"async\" class=\"alignleft wp-image-41684 size-medium\" src=\"https:\/\/www.newmessage.org\/wp-content\/uploads\/2019\/07\/LIV-051-Frente-200x300.jpg\" alt=\"\" width=\"200\" height=\"300\" \/><\/strong><\/p>\n<p>&nbsp;<\/p>\n<p>&nbsp;<\/p>\n<p>&nbsp;<\/p>\n<p>&nbsp;<\/p>\n<p>&nbsp;<\/p>\n<p>[\/vc_column_text][\/vc_column][vc_column width=&#8221;1\/2&#8243;][vc_column_text css=&#8221;.vc_custom_1563241327462{padding-bottom: 0px !important;}&#8221;]<strong>3) La Sociedad regalar\u00e1 100 copias de <em>Dios ha hablado de nuevo<\/em> en portugu\u00e9s<\/strong> a aquellos que asistan al evento.<\/p>\n<p><img loading=\"lazy\" decoding=\"async\" class=\"wp-image-41686 size-medium alignleft\" src=\"https:\/\/www.newmessage.org\/wp-content\/uploads\/2019\/07\/Screen-Shot-2019-07-12-at-11.22.20-AM-200x300.png\" alt=\"\" width=\"200\" height=\"300\" \/><\/p>\n<p>&nbsp;<\/p>\n<p>&nbsp;<\/p>\n<p>&nbsp;<\/p>\n<p>&nbsp;<\/p>\n<p>&nbsp;<\/p>\n<p>&nbsp;<\/p>\n<p>&nbsp;<\/p>\n<p>&nbsp;<\/p>\n<p><strong>4) La Sociedad proveer\u00e1 cuatro revelaciones y una ense\u00f1anza primaria de Marshall en portugu\u00e9s<\/strong> a quienes asistan al evento de tres d\u00edas. Entre estos est\u00e1n los primeros 50 pasos de <em>Los Pasos al Conocimiento<\/em>, as\u00ed como la revelaci\u00f3n: La agenda extraterrestre y el Programa de Pacificaci\u00f3n, los cuales nunca se han publicado en ning\u00fan lenguaje. Favor <a href=\"https:\/\/drive.google.com\/file\/d\/1Innj8Kmhp_8K4hLd5-9-40LGuKctFxQ5\/view?ts=5d2b3722\">hacer click aqu\u00ed<\/a> para ver las importantes revelaciones e informaci\u00f3n que ser\u00e1n dados a quienes asistan.<\/p>\n<p><img loading=\"lazy\" decoding=\"async\" class=\"aligncenter wp-image-41698 size-medium\" src=\"https:\/\/www.newmessage.org\/wp-content\/uploads\/2019\/07\/bookletsflyers-1-300x225.jpg\" alt=\"\" width=\"300\" height=\"225\" \/><\/p>\n<p><span style=\"font-weight: 400;\"><strong>5) Marshall y su familia organizar\u00e1n tres reuniones gratituitas para estudiantes hispanohablantes<\/strong> del Nuevo Mensaje y los Discursos de los Aliados de la Humanidad en:<\/span><\/p>\n<ul>\n<li><span style=\"font-weight: 400;\">Santiago, Chile<\/span><\/li>\n<li><span style=\"font-weight: 400;\">La Paz, Bolivia<\/span><\/li>\n<li><span style=\"font-weight: 400;\">Bogot\u00e1, Colombia<\/span><\/li>\n<\/ul>\n<p>Estudiantes est\u00e1n invitados a registrarse para estas <a href=\"https:\/\/docs.google.com\/forms\/d\/e\/1FAIpQLSelApM-Ls0daHoZ4SQuLVhj_R6AwUblIaLMjSy0D8fy0pXXyg\/viewform\">reuniones importantes con Marshall aqu<\/a>\u00ed, las cuales ser\u00e1n traducidas al espa\u00f1ol. La sociedad tambi\u00e9n tendr\u00e1 m\u00e1s de 50 copias de <em>Los Aliados de la Humanidad, Libro Uno<\/em> y <em>Dios ha hablado de nuevo<\/em> en espa\u00f1ol para ser regalados a estudiantes en estas tres reuniones programadas y a otras personas a quienes Marshall conocer\u00e1 en el camino.<\/p>\n<p><span style=\"font-weight: 400;\"><strong>6) Marshall viajar\u00e1 a Chile, Bolivia y Colombia para posiblemente recibir nuevas Revelaciones<\/strong> en uno o m\u00e1s de estos pa\u00edses. <\/span><\/p>\n<p>&nbsp;<\/p>\n<h3><span style=\"color: #996100;\">Por qu\u00e9 necesitamos tu apoyo<\/span><\/h3>\n<p><span style=\"font-weight: 400;\"><strong>Este viaje enviar\u00e1 a cuatro personas a trav\u00e9s del continent Sudamericano a trav\u00e9s de un periodo de 4 semanas.<\/strong> Y ser\u00e1 un viaje costoso. Fondos monetarios son necesarios para cumplir muchas de estas metas y para asegurar la seguridad y la salud de Marshall mientras est\u00e1 en el camino.<\/span><\/p>\n<p>Y sin embargo este gasto vale la pena sabiendo el valor que traer\u00e1 a aquellos que tienen la rara oportunidad de aprender de los Discursos de los Aliados de la Humanidad y del Nuevo Mensaje directamente de Marshall. Y ser\u00e1 valioso tambi\u00e9n por Marshall, el Mensajero del Nuevo Mensaje de Dios, llegar\u00e1 a conocer mejor a las personas de Sudam\u00e9rica, sus pa\u00edses y llegar\u00e1 a entender sus necesidades, retos y oportunidades \u00fanicos al enfrentar una Nueva Realidad Mundial.<\/p>\n<p><span style=\"font-weight: 400;\">Con la publicaci\u00f3n de <em><a href=\"https:\/\/www.nuevomensaje.org\/el-mensaje\/volumen-1\/el-nuevo-mundo\">El nuevo<\/a><\/em><a href=\"https:\/\/www.nuevomensaje.org\/el-mensaje\/volumen-1\/el-nuevo-mundo\"> mundo<\/a>, el 1 de julio, 2019, este viaje es uno especialmente oportuno para que Marshall y su familia vivan el poder y el llamado de estos tiempos y entender como el regalo del Nuevo Mensaje puede alcanzar y apoyar a las personas en el futuro.<\/span><\/p>\n<p><strong>Tu contribuci\u00f3n financiera hace posible este viaje.<\/strong>[\/vc_column_text][\/vc_column][\/vc_row][vc_row responsive_mode=&#8221;true&#8221; css=&#8221;.vc_custom_1512781380225{background-color: #ffffff !important;}&#8221;][vc_column css=&#8221;.vc_custom_1499890551228{margin-top: 0px !important;margin-right: 150px !important;margin-bottom: 0px !important;margin-left: 20px !important;border-top-width: 0px !important;border-right-width: 0px !important;border-bottom-width: 0px !important;border-left-width: 0px !important;padding-top: 0px !important;padding-right: 0px !important;padding-bottom: 0px !important;padding-left: 0px !important;}&#8221;][vc_empty_space][vc_column_text css=&#8221;.vc_custom_1563298473812{padding-top: 1% !important;padding-right: 1% !important;padding-bottom: 1% !important;padding-left: 1% !important;background-color: #d8cfbe !important;border-radius: 30px !important;}&#8221;]<\/p>\n<h1 class=\"vc_custom_heading vc_custom_1563041565227\" style=\"font-size: 40px; color: #1e73be; line-height: 1; text-align: center;\"><a href=\"https:\/\/www.newmessage.org\/travel-across-south-america#donate\">Apoya este importante viaje<\/a><\/h1>\n<p>[\/vc_column_text][vc_column_text css=&#8221;.vc_custom_1563241308294{padding-right: 1% !important;padding-left: 1% !important;}&#8221;]<\/p>\n<h1><\/h1>\n<h1><\/h1>\n<h1><\/h1>\n<h1><\/h1>\n<h1><\/h1>\n<h1><\/h1>\n<h1 style=\"text-align: center;\"><span style=\"color: #808080;\">Gracias<\/span><\/h1>\n<h3 style=\"text-align: center;\"><em><span style=\"color: #808080;\">Tu contribuci\u00f3n hace posible que Marshall Vian Summers, su familia y la Sociedad emprenda en este viaje para llegar a las personas de Sudam\u00e9rica.<\/span><\/em><\/h3>\n<p>[\/vc_column_text][\/vc_column][\/vc_row][vc_row][vc_column][\/vc_column][\/vc_row]<\/p>\n","protected":false},"excerpt":{"rendered":"<p>[vc_row vcmp_padding=&#8221;vcmp_padding_null&#8221; responsive_mode=&#8221;true&#8221; css=&#8221;.vc_custom_1563118156730{margin-top: 0px !important;border-top-width: 0px !important;padding-top: 0px !important;padding-right: 1% !important;padding-bottom: 0px !important;padding-left: 1% !important;border-top-style: groove !important;border-radius: 1px !important;}&#8221;][vc_column][vc_custom_heading text=&#8221;Marshall Vian Summers presenta el Nuevo Mensaje de Dios y los Discursos de los Aliados de la Humanidad en Sudam\u00e9rica&#8221; font_container=&#8221;tag:h1|text_align:center|color:%231e73be|line_height:1.5&#8243; use_theme_fonts=&#8221;yes&#8221; css_animation=&#8221;none&#8221; css=&#8221;.vc_custom_1563239214458{margin-top: 0px !important;border-top-width: 0px !important;padding-top: -1% !important;padding-right: 1% !important;padding-bottom: 1% !important;padding-left: 1%\u2026 <a class=\"read-more\" href=\"https:\/\/www.v6.newmessage.org\/es\/marshall-vian-summers-en-sur-america\"><span>Read More<\/span><\/a><\/p>\n","protected":false},"author":24,"featured_media":0,"parent":0,"menu_order":0,"comment_status":"closed","ping_status":"closed","template":"","meta":{"_monsterinsights_skip_tracking":false,"_monsterinsights_sitenote_active":false,"_monsterinsights_sitenote_note":"","_monsterinsights_sitenote_category":0,"footnotes":""},"categories":[],"tags":[],"_links":{"self":[{"href":"https:\/\/www.v6.newmessage.org\/es\/wp-json\/wp\/v2\/pages\/29538"}],"collection":[{"href":"https:\/\/www.v6.newmessage.org\/es\/wp-json\/wp\/v2\/pages"}],"about":[{"href":"https:\/\/www.v6.newmessage.org\/es\/wp-json\/wp\/v2\/types\/page"}],"author":[{"embeddable":true,"href":"https:\/\/www.v6.newmessage.org\/es\/wp-json\/wp\/v2\/users\/24"}],"replies":[{"embeddable":true,"href":"https:\/\/www.v6.newmessage.org\/es\/wp-json\/wp\/v2\/comments?post=29538"}],"version-history":[{"count":5,"href":"https:\/\/www.v6.newmessage.org\/es\/wp-json\/wp\/v2\/pages\/29538\/revisions"}],"predecessor-version":[{"id":29552,"href":"https:\/\/www.v6.newmessage.org\/es\/wp-json\/wp\/v2\/pages\/29538\/revisions\/29552"}],"wp:attachment":[{"href":"https:\/\/www.v6.newmessage.org\/es\/wp-json\/wp\/v2\/media?parent=29538"}],"wp:term":[{"taxonomy":"category","embeddable":true,"href":"https:\/\/www.v6.newmessage.org\/es\/wp-json\/wp\/v2\/categories?post=29538"},{"taxonomy":"post_tag","embeddable":true,"href":"https:\/\/www.v6.newmessage.org\/es\/wp-json\/wp\/v2\/tags?post=29538"}],"curies":[{"name":"wp","href":"https:\/\/api.w.org\/{rel}","templated":true}]}}