{"id":29454,"date":"2019-06-03T14:52:44","date_gmt":"2019-06-03T14:52:44","guid":{"rendered":"http:\/\/www.newmessage.org\/es\/?page_id=29454"},"modified":"2019-06-03T14:52:44","modified_gmt":"2019-06-03T14:52:44","slug":"el-poder-mayor-dentro-de-ti","status":"publish","type":"page","link":"https:\/\/www.v6.newmessage.org\/es\/el-mensaje\/volumen-1\/el-poder-del-conocimiento\/el-poder-mayor-dentro-de-ti","title":{"rendered":"El poder mayor dentro de ti"},"content":{"rendered":"<div><!--Versi\u00f3n espa\u00f1ola 1.4--><\/div>\n\n<div class=\"tabgroup \"><ul class=\"tabs\"><li><a href=\"#tabs-1\">Acerca de<\/a><\/li>\n<li><a href=\"#tabs-2\">Nota<\/a><\/li><\/ul>\n <div id=\"tabs-1\"><br \/>\n<i>Como le fue revelado a<\/i><br \/>\n<i>Marshall Vian Summers<\/i><br \/>\n<i>el 12 de septiembre de 2008<\/i><br \/>\n<i>en Boulder, Colorado, Estados Unidos<\/i><\/p>\n<p>Texto original: <a href=\"https:\/\/www.newmessage.org\/the-message\/volume-1\/power-of-knowledge\/greater-power\">The Greater Power within You<\/a><\/p>\n<p>Escucha el audio original aqu\u00ed (en ingl\u00e9s):<\/p>\n<div id=\"jquery_jplayer_1\" class=\"jp-jplayer\"><\/div>\n\t\t\t\t<div id=\"jp_container_1\" class=\"jp-audio\">\n\t\t\t\t<div class=\"jp-type-single\"><div class=\"jp-control\"><a href=\"javascript:;\" class=\"jp-play\" tabindex=\"1\">play<\/a><a href=\"javascript:;\" class=\"jp-pause\" tabindex=\"1\">pause<\/a><\/div> <div class=\"jp-gui jp-interface\"><div class=\"jp-volume\"><div class=\"jp-volume-bar\"><div class=\"jp-volume-bar-value\"><\/div><\/div><\/div><div class=\"jp-progress\"><div class=\"jp-seek-bar\"><div class=\"jp-play-bar\"><\/div><\/div><\/div><\/div>\t\t\t\t\t<div class=\"jp-no-solution\"><span>Update Required<\/span>To play the media you will need to either update your browser to a recent version or update your <a href=\"http:\/\/get.adobe.com\/flashplayer\/\" target=\"_blank\">Flash plugin<\/a>.<\/div><\/div><\/div>\n\t\t\t<script type='text\/javascript'>\n\t\t\t\tjQuery(document).ready(function() {\n\t\t\t\t\tif (typeof (sermonMedia) == 'function') {\n\t\t\t\t\t\tsermonMedia.addAudio('', \"jquery_jplayer_1\");\n\t\t\t\t\t}\n\t\t\t\t\tjQuery.jPlayer.timeFormat.showHour = true;\n\t\t\t\t\tjQuery(\"#jquery_jplayer_1\").jPlayer({\n\t\t\t\t\t\tready: function(event) {\n\t\t\t\t\t\t\tjQuery(this).jPlayer(\"setMedia\", {mp3: 'https:\/\/www.newmessage.org\/av\/the-greater-power-within-you.mp3'});\n\t\t\t\t\t\t},\n\t\t\t\t\t\tplay: function() {\n\t\t\t\t\t\t\tjQuery(this).jPlayer(\"pauseOthers\");\n\t\t\t\t\t\t},\n\t\t\t\t\t\tswfPath: ThemeData.directory_uri+\"\/swf\",\n\t\t\t\t\t\tsolution: \"html, flash\",\n\t\t\t\t\t\tpreload: \"metadata\",\n\t\t\t\t\t\twmode: \"window\",\n\t\t\t\t\t\tsupplied: \"mp3\",\n\t\t\t\t\t\tcssSelectorAncestor: '#jp_container_1'\n\t\t\t\t\t});\n\t\t\t\t});\n\t\t\t<\/script><\/p>\n<p><a title=\"The Greater Power within You\" href=\"https:\/\/www.newmessage.org\/av\/the-greater-power-within-you.mp3\">Descargar<\/a> (cliquea en el bot\u00f3n derecho y selecciona \u201cguardar enlace como\u201d)<\/p>\n<div class=\"toggle toggle-white\"><h4 class=\"trigger \"><span class=\"t_ico\"><\/span><a href=\"#\">M\u00e1s informaci\u00f3n sobre este texto<\/a><\/h4><div class=\"toggle_container \"><br \/>\n<p>Lo que est\u00e1s leyendo en este texto es la transcripci\u00f3n de la voz original de la Asamblea Ang\u00e9lica hablando a trav\u00e9s del Mensajero Marshall Vian Summers.<\/p>\n<p>Aqu\u00ed, la comunicaci\u00f3n original de Dios, que existe m\u00e1s all\u00e1 de las palabras, es traducida al lenguaje y el entendimiento humanos por la Asamblea Ang\u00e9lica que supervisa el mundo. La Asamblea despu\u00e9s entrega el Mensaje de Dios a trav\u00e9s del Mensajero, tras lo cual es transcrito y puesto a tu disposici\u00f3n y a disposici\u00f3n de todos.<\/p>\n<p>En este extraordinario proceso, la Voz de la Revelaci\u00f3n est\u00e1 hablando de nuevo. La Palabra y el Sonido est\u00e1n en el mundo. Que puedas ser el receptor de este regalo de Revelaci\u00f3n y puedas estar abierto a recibir su Mensaje \u00fanico para ti y para tu vida.<\/p>\n<br \/>\n<\/div><\/div><br \/>\n<\/div>\n<div id=\"tabs-2\"><br \/>\n<em>Nota a los lectores:<br \/>\nEsta traducci\u00f3n fue provista a la <\/em>Society<em> por estudiantes del Nuevo Mensaje que se han ofrecido voluntariamente a traducir el texto original en ingl\u00e9s. La publicamos en esta forma inicial para que todo el mundo tenga una oportunidad de interactuar con una porci\u00f3n del Nuevo Mensaje en un su propio idioma.<\/em><br \/>\n<\/div>\n\t\t\t\t<div align=\"right\">\n\t\t\t<div class=\"fb-like\" data-href=\"\" data-layout=\"button_count\" data-action=\"like\" data-show-faces=\"false\" data-share=\"false\"><\/div>\n\t\t\t<div class=\"fb-share-button\" data-layout=\"button_count\"> <\/div>\n\t\t\t<div class=\"fb_iframe_widget\"><a href=\"https:\/\/twitter.com\/godsnewmessage?ref_src=twsrc%5Etfw\" class=\"twitter-follow-button\" data-show-count=\"false\">Follow @godsnewmessage<\/a><script async src=\"https:\/\/platform.twitter.com\/widgets.js\" charset=\"utf-8\"><\/script><\/div>\n\t\t\t<\/div> <\/div> \n\n<p>Las personas en todas partes est\u00e1n llevando un gran poder en su interior, un poder que a\u00fan no han descubierto. Es una Inteligencia m\u00e1s profunda que el Creador de toda vida le ha dado a cada persona.<\/p>\n<p>Esta Inteligencia m\u00e1s profunda no funciona igual que tu intelecto. No est\u00e1 condicionada por el mundo. No est\u00e1 sujeta a la duda, al miedo, a la confusi\u00f3n, al resentimiento o a la ira. Es serena, clara y poderosa. No puede ser persuadida por ninguna fuerza o poder, ya que solo responde a Dios.<\/p>\n<p>Esta Inteligencia mayor se llama Conocimiento y vive dentro de ti, bajo la superficie de tu mente. Todos los d\u00edas el Conocimiento te aconseja para protegerte, guiarte y conducirte. Pero si est\u00e1s viviendo en la superficie de tu mente, atrapado en la turbulencia de la superficie \u2014que es como la turbulencia en la superficie del oc\u00e9ano\u2014, entonces no escuchar\u00e1s estos mensajes. No sentir\u00e1s esta mayor presencia dentro de ti. No reconocer\u00e1s las advertencias ni la direcci\u00f3n del Conocimiento.<\/p>\n<p>Las personas intentan estar siempre estimuladas \u2014con la radio y la televisi\u00f3n, con libros y conversaciones interminables\u2014, manteni\u00e9ndose a s\u00ed mismas en la superficie de su mente, donde no pueden sentir ni la presencia ni el poder del Conocimiento, donde no pueden escuchar ni responder a la gu\u00eda que el Conocimiento est\u00e1 proporcion\u00e1ndoles.<\/p>\n<p>Quiz\u00e1 de vez en cuando sentir\u00e1n una inclinaci\u00f3n m\u00e1s honda. Reconocer\u00e1n una se\u00f1al o tendr\u00e1n un sentimiento profundo sobre algo, pero estas experiencias son a menudo intermitentes y con frecuencia se interpretan mal. Incluso las personas que sienten que son intuitivas por naturaleza, con frecuencia malinterpretan las se\u00f1ales que est\u00e1n recibiendo, al intentar que todo encaje con lo que quieren, o que cumpla sus deseos y sus metas, o que apoye una filosof\u00eda que tienen sobre la vida. Por tanto, aunque muchas personas responden al poder y a la presencia del Conocimiento, a menudo interpretan mal sus se\u00f1ales, pensando que es otra cosa.<\/p>\n<p>Algunas personas creen que cada se\u00f1al interna debe estar relacionada con el amor, cuando en realidad el Conocimiento advierte sobre cosas. Te est\u00e1 alertando de la presencia del peligro. Est\u00e1 intentando impedir que cometas errores cr\u00edticos o que entregues tu vida a personas o cosas que no tienen un valor real ni futuro.<\/p>\n<p>Esto tambi\u00e9n es amor: la gu\u00eda del amor, la moderaci\u00f3n del amor, las advertencias del amor. Sin embargo, si crees que el amor va sobre la felicidad, la paz y el placer, entonces no entiendes su poder y potencia verdaderos. El amor que un progenitor tiene por su hijo, la preocupaci\u00f3n que tendr\u00e1 por \u00e9l y el intento de los padres de protegerlo de da\u00f1os, peligros o influencias perjudiciales representan el tipo de amor que vive dentro de ti.<\/p>\n<p>\u00bfC\u00f3mo puedes experimentar este Conocimiento, que guarda para ti tu mayor prop\u00f3sito para venir al mundo y que puede ense\u00f1arte a navegar los tiempos dif\u00edciles venideros bajo cualquier tipo de circunstancia? \u00bfC\u00f3mo puedes experimentar esto por ti mismo?<\/p>\n<p>Debes aprender a estar en quietud. Debes aprender a escuchar profundamente dentro de ti, no solo unos momentos aqu\u00ed o all\u00e1, sino de manera m\u00e1s regular, como parte de tu pr\u00e1ctica espiritual. Cuando vengas a orar, no pidas cosas simplemente y aprende a escuchar. Dios ya ha puesto la respuesta dentro de ti, pero est\u00e1 en lo profundo de tu interior, y debes penetrar la superficie de tu mente para experimentarla.<\/p>\n<p>Al igual que el oc\u00e9ano, la superficie es turbulenta y err\u00e1tica, siempre cambiante; pero muy adentro, en lo profundo del oc\u00e9ano, existen fuertes corrientes que est\u00e1n moviendo las aguas del mundo. Tu mente es semejante. En la superficie es arrastrada por los peligros y preocupaciones de tu vida exterior. Es persuadida, influenciada e impactada por el mundo que te rodea: por las opiniones de otras personas, por los requerimientos de tu vida, por tus deseos y tus temores. Pero en lo profundo existe una corriente m\u00e1s profunda de vida que no est\u00e1 sujeta a estas influencias externas. Es fuerte, permanente y tiene una direcci\u00f3n verdadera. Est\u00e1 moviendo tu vida.<\/p>\n<p>A medida que aprendas a seguir los Pasos al Conocimiento, aprender\u00e1s a sentir la presencia de esta Inteligencia mayor. Y con el tiempo, aprender\u00e1s a discernir correctamente sus se\u00f1ales y mensajes y a aceptar su presencia y su poder en tu vida.<\/p>\n<p>As\u00ed es como Dios te hablar\u00e1. As\u00ed es como Dios te influenciar\u00e1 para protegerte y guiarte de manera que tengas y experimentes una vida mayor en el mundo \u2014una vida al servicio del mundo, una vida que est\u00e1 conectada al mundo real que te rodea\u2014. Este es el mayor descubrimiento en la vida, y est\u00e1 esper\u00e1ndote.<\/p>\n<p>Ya has experimentado el poder y la presencia del Conocimiento en los momentos de tu vida en que sentiste un deseo abrumador de emprender un cierto tipo de acci\u00f3n, o una preocupaci\u00f3n por un evento antes de que sucediera, o una preocupaci\u00f3n por un ser querido, solo para encontrar que esa preocupaci\u00f3n estaba bien justificada.<\/p>\n<p>Existe un poder dentro de ti que es sabio. Te est\u00e1 moviendo hacia delante en algunos sentidos y te est\u00e1 reteniendo en otros. Representa tu conciencia m\u00e1s profunda, la conciencia que Dios ha puesto dentro de ti. Puede que le pidas a Dios milagros. Puede que le pidas que intervenga en tu vida. Pero Dios ya ha puesto la respuesta en ti: el poder y la presencia del Conocimiento, la Mente eterna m\u00e1s profunda en tu interior. Solo ella sabe qui\u00e9n eres, por qu\u00e9 est\u00e1s aqu\u00ed, con qui\u00e9n debes encontrarte en esta vida y qu\u00e9 has de contribuir aqu\u00ed en \u00faltima instancia al servicio de la humanidad y del mundo.<\/p>\n<p>Llevas la gran dotaci\u00f3n dentro de ti. Est\u00e1 esperando a ser descubierta. Est\u00e1 esperando a que tomes los Pasos al Conocimiento y adquieras la sabidur\u00eda que necesitar\u00e1s para llevar este Conocimiento al mundo, para proteger este Conocimiento y para discernir su gu\u00eda y experimentar sus regalos.<\/p>\n<p>Esta es la bendici\u00f3n que el Creador de toda vida te ha dado a ti y a cada persona. Y en la medida en que el Conocimiento pueda experimentarse y expresarse en este mundo, el mundo ser\u00e1 bendecido, se evitar\u00e1n grandes desastres y la humanidad continuar\u00e1 avanzando en una direcci\u00f3n positiva.<\/p>\n<p>Este es el ant\u00eddoto contra el mal. Es la bendici\u00f3n para el mundo, una bendici\u00f3n que vive dentro de ti.<\/p>\n","protected":false},"excerpt":{"rendered":"<p>Las personas en todas partes est\u00e1n llevando un gran poder en su interior, un poder que a\u00fan no han descubierto. Es una Inteligencia m\u00e1s profunda que el Creador de toda vida le ha dado a cada persona. Esta Inteligencia m\u00e1s profunda no funciona igual que tu intelecto. No est\u00e1 condicionada por el mundo. No est\u00e1\u2026 <a class=\"read-more\" href=\"https:\/\/www.v6.newmessage.org\/es\/about-text-shortcode\"><span>Read More<\/span><\/a><\/p>\n","protected":false},"author":13,"featured_media":0,"parent":29424,"menu_order":0,"comment_status":"closed","ping_status":"closed","template":"template-leftsidebar.php","meta":{"_monsterinsights_skip_tracking":false,"_monsterinsights_sitenote_active":false,"_monsterinsights_sitenote_note":"","_monsterinsights_sitenote_category":0,"footnotes":""},"categories":[76,851,460],"tags":[854,765,855,853],"_links":{"self":[{"href":"https:\/\/www.v6.newmessage.org\/es\/wp-json\/wp\/v2\/pages\/29454"}],"collection":[{"href":"https:\/\/www.v6.newmessage.org\/es\/wp-json\/wp\/v2\/pages"}],"about":[{"href":"https:\/\/www.v6.newmessage.org\/es\/wp-json\/wp\/v2\/types\/page"}],"author":[{"embeddable":true,"href":"https:\/\/www.v6.newmessage.org\/es\/wp-json\/wp\/v2\/users\/13"}],"replies":[{"embeddable":true,"href":"https:\/\/www.v6.newmessage.org\/es\/wp-json\/wp\/v2\/comments?post=29454"}],"version-history":[{"count":2,"href":"https:\/\/www.v6.newmessage.org\/es\/wp-json\/wp\/v2\/pages\/29454\/revisions"}],"predecessor-version":[{"id":29509,"href":"https:\/\/www.v6.newmessage.org\/es\/wp-json\/wp\/v2\/pages\/29454\/revisions\/29509"}],"up":[{"embeddable":true,"href":"https:\/\/www.v6.newmessage.org\/es\/wp-json\/wp\/v2\/pages\/29424"}],"wp:attachment":[{"href":"https:\/\/www.v6.newmessage.org\/es\/wp-json\/wp\/v2\/media?parent=29454"}],"wp:term":[{"taxonomy":"category","embeddable":true,"href":"https:\/\/www.v6.newmessage.org\/es\/wp-json\/wp\/v2\/categories?post=29454"},{"taxonomy":"post_tag","embeddable":true,"href":"https:\/\/www.v6.newmessage.org\/es\/wp-json\/wp\/v2\/tags?post=29454"}],"curies":[{"name":"wp","href":"https:\/\/api.w.org\/{rel}","templated":true}]}}