{"id":29415,"date":"2019-04-25T17:42:08","date_gmt":"2019-04-25T17:42:08","guid":{"rendered":"http:\/\/www.newmessage.org\/es\/?page_id=29415"},"modified":"2019-04-25T17:42:08","modified_gmt":"2019-04-25T17:42:08","slug":"estas-aqui-con-un-proposito-mayor","status":"publish","type":"page","link":"https:\/\/www.v6.newmessage.org\/es\/el-mensaje\/volumen-1\/el-viaje-a-una-nueva-vida\/estas-aqui-con-un-proposito-mayor","title":{"rendered":"Est\u00e1s aqu\u00ed con un Prop\u00f3sito Mayor"},"content":{"rendered":"<div><!--Versi\u00f3n espa\u00f1ola 1.3--><\/div>\n\n<div class=\"tabgroup \"><ul class=\"tabs\"><li><a href=\"#tabs-1\">Acerca de<\/a><\/li>\n<li><a href=\"#tabs-2\">Nota<\/a><\/li><\/ul>\n <div id=\"tabs-1\"><br \/>\n<i>Como le fue revelado a<\/i><br \/>\n<i>Marshall Vian Summers<\/i><br \/>\n<i>el 18 de agosto de 2008<\/i><br \/>\n<i>en Boulder, Colorado, Estados Unidos<\/i><\/p>\n<p>Texto original: <a href=\"https:\/\/www.newmessage.org\/the-message\/volume-1\/journey-new-life\/here-unique-contribution\">You Are Here for a Greater Purpose<\/a><\/p>\n<p>Escucha el audio original aqu\u00ed (en ingl\u00e9s):<\/p>\n<div id=\"jquery_jplayer_1\" class=\"jp-jplayer\"><\/div>\n\t\t\t\t<div id=\"jp_container_1\" class=\"jp-audio\">\n\t\t\t\t<div class=\"jp-type-single\"><div class=\"jp-control\"><a href=\"javascript:;\" class=\"jp-play\" tabindex=\"1\">play<\/a><a href=\"javascript:;\" class=\"jp-pause\" tabindex=\"1\">pause<\/a><\/div> <div class=\"jp-gui jp-interface\"><div class=\"jp-volume\"><div class=\"jp-volume-bar\"><div class=\"jp-volume-bar-value\"><\/div><\/div><\/div><div class=\"jp-progress\"><div class=\"jp-seek-bar\"><div class=\"jp-play-bar\"><\/div><\/div><\/div><\/div>\t\t\t\t\t<div class=\"jp-no-solution\"><span>Update Required<\/span>To play the media you will need to either update your browser to a recent version or update your <a href=\"http:\/\/get.adobe.com\/flashplayer\/\" target=\"_blank\">Flash plugin<\/a>.<\/div><\/div><\/div>\n\t\t\t<script type='text\/javascript'>\n\t\t\t\tjQuery(document).ready(function() {\n\t\t\t\t\tif (typeof (sermonMedia) == 'function') {\n\t\t\t\t\t\tsermonMedia.addAudio('', \"jquery_jplayer_1\");\n\t\t\t\t\t}\n\t\t\t\t\tjQuery.jPlayer.timeFormat.showHour = true;\n\t\t\t\t\tjQuery(\"#jquery_jplayer_1\").jPlayer({\n\t\t\t\t\t\tready: function(event) {\n\t\t\t\t\t\t\tjQuery(this).jPlayer(\"setMedia\", {mp3: 'https:\/\/www.newmessage.org\/av\/you-are-here-for-a-greater-purpose.mp3'});\n\t\t\t\t\t\t},\n\t\t\t\t\t\tplay: function() {\n\t\t\t\t\t\t\tjQuery(this).jPlayer(\"pauseOthers\");\n\t\t\t\t\t\t},\n\t\t\t\t\t\tswfPath: ThemeData.directory_uri+\"\/swf\",\n\t\t\t\t\t\tsolution: \"html, flash\",\n\t\t\t\t\t\tpreload: \"metadata\",\n\t\t\t\t\t\twmode: \"window\",\n\t\t\t\t\t\tsupplied: \"mp3\",\n\t\t\t\t\t\tcssSelectorAncestor: '#jp_container_1'\n\t\t\t\t\t});\n\t\t\t\t});\n\t\t\t<\/script><\/p>\n<p><a title=\"You Are Here for a Greater Purpose\" href=\"https:\/\/www.newmessage.org\/av\/you-are-here-for-a-greater-purpose.mp3\">Descargar<\/a> (cliquea en el bot\u00f3n derecho y selecciona \u201cguardar enlace como\u201d)<\/p>\n<div class=\"toggle toggle-white\"><h4 class=\"trigger \"><span class=\"t_ico\"><\/span><a href=\"#\">M\u00e1s informaci\u00f3n sobre este texto<\/a><\/h4><div class=\"toggle_container \"><br \/>\n<p>Lo que est\u00e1s leyendo en este texto es la transcripci\u00f3n de la voz original de la Asamblea Ang\u00e9lica hablando a trav\u00e9s del Mensajero Marshall Vian Summers.<\/p>\n<p>Aqu\u00ed, la comunicaci\u00f3n original de Dios, que existe m\u00e1s all\u00e1 de las palabras, es traducida al lenguaje y el entendimiento humanos por la Asamblea Ang\u00e9lica que supervisa el mundo. La Asamblea despu\u00e9s entrega el Mensaje de Dios a trav\u00e9s del Mensajero, tras lo cual es transcrito y puesto a tu disposici\u00f3n y a disposici\u00f3n de todos.<\/p>\n<p>En este extraordinario proceso, la Voz de la Revelaci\u00f3n est\u00e1 hablando de nuevo. La Palabra y el Sonido est\u00e1n en el mundo. Que puedas ser el receptor de este regalo de Revelaci\u00f3n y puedas estar abierto a recibir su Mensaje \u00fanico para ti y para tu vida.<\/p>\n<br \/>\n<\/div><\/div><br \/>\n<\/div>\n<div id=\"tabs-2\"><br \/>\n<em>Nota a los lectores:<br \/>\nEsta traducci\u00f3n fue provista a la <\/em>Society<em> por estudiantes del Nuevo Mensaje que se han ofrecido voluntariamente a traducir el texto original en ingl\u00e9s. La publicamos en esta forma inicial para que todo el mundo tenga una oportunidad de interactuar con una porci\u00f3n del Nuevo Mensaje en un su propio idioma.<\/em><br \/>\n<\/div>\n\t\t\t\t<div align=\"right\">\n\t\t\t<div class=\"fb-like\" data-href=\"\" data-layout=\"button_count\" data-action=\"like\" data-show-faces=\"false\" data-share=\"false\"><\/div>\n\t\t\t<div class=\"fb-share-button\" data-layout=\"button_count\"> <\/div>\n\t\t\t<div class=\"fb_iframe_widget\"><a href=\"https:\/\/twitter.com\/godsnewmessage?ref_src=twsrc%5Etfw\" class=\"twitter-follow-button\" data-show-count=\"false\">Follow @godsnewmessage<\/a><script async src=\"https:\/\/platform.twitter.com\/widgets.js\" charset=\"utf-8\"><\/script><\/div>\n\t\t\t<\/div> <\/div> \n\n<p>Fuiste enviado al mundo para hacer una contribuci\u00f3n \u00fanica a un mundo en necesidad. Has llegado en un momento de grandes cambios y dificultades para la familia humana, un momento en que la humanidad tendr\u00e1 que enfrentar las Grandes Olas de cambio que est\u00e1n llegando al mundo, todas convergiendo en este momento.<\/p>\n<p>Has venido en un momento en que la humanidad est\u00e1 encontr\u00e1ndose con razas de m\u00e1s all\u00e1 del mundo, que est\u00e1n aqu\u00ed para aprovecharse de una familia humana d\u00e9bil y dividida. Est\u00e1s aqu\u00ed para enfrentar y tratar con una serie de circunstancias que tus antepasados nunca tuvieron que considerar antes.<\/p>\n<p>Has venido con un Conocimiento mayor y un poder mayor, que Dios ha puesto dentro de ti para ser descubierto en este momento, para emerger en este momento, en esta gran \u00e9poca de incertidumbre y agitaci\u00f3n.<\/p>\n<p>Si bien tienes una mente personal que ha sido condicionada por el mundo, que est\u00e1 llena de esperanzas y temores, juicios y consideraciones, tienes tambi\u00e9n una Inteligencia m\u00e1s profunda dentro de ti que ha sido puesta all\u00ed por Dios. Esta inteligencia se llama Conocimiento.<\/p>\n<p>Ella no piensa como tu mente personal. No juzga. No delibera. No compara ni contrasta. No usa la raz\u00f3n ni la l\u00f3gica, porque es mucho m\u00e1s poderosa que eso. Las personas la experimentan en destellos de intuici\u00f3n, pero en s\u00ed misma es mayor que la intuici\u00f3n.<\/p>\n<p>Dios sab\u00eda que necesitar\u00edas el poder del Conocimiento para estar en el mundo, especialmente en este momento. Y todos en el mundo tienen este Conocimiento en su interior, esperando a ser descubierto. Pero es un descubrimiento que muy pocos han hecho. Y es esencial en estos tiempos dif\u00edciles que muchas personas hagan este descubrimiento, que t\u00fa hagas este descubrimiento.<\/p>\n<p>Est\u00e1s llevando una gran fuerza sin saberlo. Independientemente de lo que te preocupa, o los problemas o inquietudes que enfrentas en este momento, fuiste enviado al mundo para hacer una contribuci\u00f3n \u00fanica. A\u00fan no sabes qu\u00e9 es, pero tienes pistas. A lo largo de tu vida ha habido indicadores y se\u00f1ales, y tal vez una sensaci\u00f3n creciente de que est\u00e1s aqu\u00ed para algo importante, pero a\u00fan no has visto lo que es.<\/p>\n<p>La comprensi\u00f3n de lo que es vendr\u00e1 a medida que tomes los Pasos al Conocimiento, a medida que vuelvas a conectar con esta Inteligencia m\u00e1s profunda, que representa el n\u00facleo de tu espiritualidad y la naturaleza permanente y verdadera que Dios cre\u00f3 en ti.<\/p>\n<p>Est\u00e1 ah\u00ed seas o no religioso, te adhieras o no a una tradici\u00f3n de fe, sin importar de qu\u00e9 pa\u00eds seas, sin importar de qu\u00e9 cultura, familia o pueblo seas, sin importar cu\u00e1l sea tu situaci\u00f3n econ\u00f3mica. Est\u00e1s llevando el poder del Conocimiento dentro de ti, esperando a ser descubierto.<\/p>\n<p>Este Conocimiento es ahora necesario en el mundo, porque la humanidad necesitar\u00e1 una mayor fortaleza y un mayor compromiso para navegar los tiempos dif\u00edciles que se avecinan. La humanidad necesitar\u00e1 una inspiraci\u00f3n m\u00e1s profunda para superar la grave ansiedad, el miedo y la hostilidad que surgir\u00e1n en estos tiempos inestables.<\/p>\n<p>Dios te ha dado esta fuerza para ver y conocer la verdad m\u00e1s all\u00e1 de todas las apariencias. Pero para hacerlo, debes ver m\u00e1s all\u00e1 de tus juicios y tu condena. Debes renunciar a tu evasi\u00f3n y negaci\u00f3n, para enfrentarte a un mundo cambiante con tanto coraje y objetividad como puedas reunir.<\/p>\n<p>Tu vida es m\u00e1s importante de lo que comprendes. Y el tiempo en el que vives es m\u00e1s decisivo de lo que quiz\u00e1 seas consciente. No te acobardes ante esto, o te apartar\u00e1s de tu verdadera naturaleza y tu verdadero prop\u00f3sito para estar aqu\u00ed.<\/p>\n<p>No es casualidad que hayas venido en este momento, un momento de creciente turbulencia e incertidumbre; un momento en que la humanidad tendr\u00e1 que enfrentar grandes dificultades en su entorno, en la pol\u00edtica y en la religi\u00f3n; grandes dificultades para asegurar los recursos fundamentales que se necesitan con el fin de que las personas vivan una vida estable y segura.<\/p>\n<p>M\u00e1s all\u00e1 de tus puntos de vista pol\u00edticos y tus actitudes, est\u00e1 la capacidad de ver con claridad. Pero debes aclarar tu visi\u00f3n. Debes apartar tus ideas y suposiciones para tener esta claridad y ver con esta fuerza.<\/p>\n<p>El Conocimiento dentro de ti te revelar\u00e1 lo que debes ver, saber y hacer. Te impedir\u00e1 cometer errores y entregar tu vida a personas, cosas o lugares que no tienen un prop\u00f3sito ni un significado reales en tu vida. Y te alentar\u00e1 a encontrar a aquellos individuos que puedan reconocer tu naturaleza m\u00e1s profunda y que formar\u00e1n parte de tu prop\u00f3sito mayor en el mundo.<\/p>\n<p>Tu tarea ahora es descubrir el poder y la presencia del Conocimiento en tu vida y comenzar a enfrentar el mundo con claridad y sobriedad, con fuerza y valor. No sabes qu\u00e9 tienes que hacer aqu\u00ed espec\u00edficamente, pero s\u00ed sabes que est\u00e1s aqu\u00ed para hacer algo importante. Y eso basta para llevarte al siguiente paso, que aportar\u00e1 mayor claridad y libertad a tu vida.<\/p>\n<p>Este es un viaje misterioso. No puedes descifrarlo. El camino se te ofrece paso a paso a medida que avanzas, a medida que demuestras mayor fuerza, coraje y confianza en ti mismo.<\/p>\n<p>Puedes dudar de ti mismo, pero una vez que experimentes el Conocimiento dentro de ti ver\u00e1s que es digno de tu confianza y devoci\u00f3n. Est\u00e1 m\u00e1s all\u00e1 de tu personalidad. Es un poder que compartes con todos los dem\u00e1s que han venido aqu\u00ed en este momento. Y el Conocimiento est\u00e1 aqu\u00ed para contribuir a un mundo en necesidad y realizarte a un nivel m\u00e1s profundo.<\/p>\n<p>Este es el poder y la presencia que llevas dentro de ti. Y Dios ha enviado el Mensaje al mundo para revelar este poder y esta presencia, y para proporcionar los Pasos al Conocimiento, de forma que puedas encontrar y descubrir tu verdadera fuerza, prop\u00f3sito y direcci\u00f3n con la menor p\u00e9rdida de tiempo posible.<\/p>\n<p>Esta es la gran bendici\u00f3n y dotaci\u00f3n de Dios. Te est\u00e1 esperando dentro de ti y m\u00e1s all\u00e1 de ti. Resonar\u00e1s con ella una vez que la distingas, la conozcas y la experimentes, porque representa la verdad m\u00e1s profunda de tu vida.<\/p>\n","protected":false},"excerpt":{"rendered":"<p>Fuiste enviado al mundo para hacer una contribuci\u00f3n \u00fanica a un mundo en necesidad. Has llegado en un momento de grandes cambios y dificultades para la familia humana, un momento en que la humanidad tendr\u00e1 que enfrentar las Grandes Olas de cambio que est\u00e1n llegando al mundo, todas convergiendo en este momento. Has venido en\u2026 <a class=\"read-more\" href=\"https:\/\/www.v6.newmessage.org\/es\/about-text-shortcode\"><span>Read More<\/span><\/a><\/p>\n","protected":false},"author":13,"featured_media":0,"parent":16480,"menu_order":0,"comment_status":"closed","ping_status":"closed","template":"template-leftsidebar.php","meta":{"_monsterinsights_skip_tracking":false,"_monsterinsights_sitenote_active":false,"_monsterinsights_sitenote_note":"","_monsterinsights_sitenote_category":0,"footnotes":""},"categories":[76,117,462,460],"tags":[849,850,848],"_links":{"self":[{"href":"https:\/\/www.v6.newmessage.org\/es\/wp-json\/wp\/v2\/pages\/29415"}],"collection":[{"href":"https:\/\/www.v6.newmessage.org\/es\/wp-json\/wp\/v2\/pages"}],"about":[{"href":"https:\/\/www.v6.newmessage.org\/es\/wp-json\/wp\/v2\/types\/page"}],"author":[{"embeddable":true,"href":"https:\/\/www.v6.newmessage.org\/es\/wp-json\/wp\/v2\/users\/13"}],"replies":[{"embeddable":true,"href":"https:\/\/www.v6.newmessage.org\/es\/wp-json\/wp\/v2\/comments?post=29415"}],"version-history":[{"count":1,"href":"https:\/\/www.v6.newmessage.org\/es\/wp-json\/wp\/v2\/pages\/29415\/revisions"}],"predecessor-version":[{"id":29416,"href":"https:\/\/www.v6.newmessage.org\/es\/wp-json\/wp\/v2\/pages\/29415\/revisions\/29416"}],"up":[{"embeddable":true,"href":"https:\/\/www.v6.newmessage.org\/es\/wp-json\/wp\/v2\/pages\/16480"}],"wp:attachment":[{"href":"https:\/\/www.v6.newmessage.org\/es\/wp-json\/wp\/v2\/media?parent=29415"}],"wp:term":[{"taxonomy":"category","embeddable":true,"href":"https:\/\/www.v6.newmessage.org\/es\/wp-json\/wp\/v2\/categories?post=29415"},{"taxonomy":"post_tag","embeddable":true,"href":"https:\/\/www.v6.newmessage.org\/es\/wp-json\/wp\/v2\/tags?post=29415"}],"curies":[{"name":"wp","href":"https:\/\/api.w.org\/{rel}","templated":true}]}}