{"id":29344,"date":"2019-01-24T16:27:35","date_gmt":"2019-01-24T16:27:35","guid":{"rendered":"http:\/\/www.newmessage.org\/es\/?page_id=29344"},"modified":"2022-12-01T16:39:22","modified_gmt":"2022-12-01T16:39:22","slug":"el-gran-umbral","status":"publish","type":"page","link":"https:\/\/www.v6.newmessage.org\/es\/el-mensaje\/otras-revelaciones\/el-gran-umbral","title":{"rendered":"El gran umbral"},"content":{"rendered":"<div><!--Versi\u00f3n espa\u00f1ola 1.3--><\/div>\n\n<div class=\"tabgroup \"><ul class=\"tabs\"><li><a href=\"#tabs-1\">Acerca de<\/a><\/li>\n<li><a href=\"#tabs-2\">Nota<\/a><\/li><\/ul>\n <div id=\"tabs-1\"><br \/>\n<i>Como le fue revelado a<\/i><br \/>\n<i>Marshall Vian Summers<\/i><br \/>\n<i>el 10 de febrero de 2011<\/i><br \/>\n<i>en Seatlle, Washington, Estados Unidos<\/i><\/p>\n<p>Texto original: <a href=\"https:\/\/www.newmessage.org\/the-message\/other-revelations\/the-great-threshold\">The Great Threshold<\/a><\/p>\n<p>Escucha el audio original aqu\u00ed (en ingl\u00e9s): No disponible<\/p>\n<div class=\"toggle toggle-white\"><h4 class=\"trigger \"><span class=\"t_ico\"><\/span><a href=\"#\">M\u00e1s informaci\u00f3n sobre este texto<\/a><\/h4><div class=\"toggle_container \"><br \/>\n<p>Lo que est\u00e1s leyendo en este texto es la transcripci\u00f3n de la voz original de la Asamblea Ang\u00e9lica hablando a trav\u00e9s del Mensajero Marshall Vian Summers.<\/p>\n<p>Aqu\u00ed, la comunicaci\u00f3n original de Dios, que existe m\u00e1s all\u00e1 de las palabras, es traducida al lenguaje y el entendimiento humanos por la Asamblea Ang\u00e9lica que supervisa el mundo. La Asamblea despu\u00e9s entrega el Mensaje de Dios a trav\u00e9s del Mensajero, tras lo cual es transcrito y puesto a tu disposici\u00f3n y a disposici\u00f3n de todos.<\/p>\n<p>En este extraordinario proceso, la Voz de la Revelaci\u00f3n est\u00e1 hablando de nuevo. La Palabra y el Sonido est\u00e1n en el mundo. Que puedas ser el receptor de este regalo de Revelaci\u00f3n y puedas estar abierto a recibir su Mensaje \u00fanico para ti y para tu vida.<\/p>\n<br \/>\n<\/div><\/div><br \/>\n<\/div>\n<div id=\"tabs-2\"><br \/>\n<em>Nota a los lectores:<br \/>\nEsta traducci\u00f3n fue provista a la <\/em>Society<em> por estudiantes del Nuevo Mensaje que se han ofrecido voluntariamente a traducir el texto original en ingl\u00e9s. La publicamos en esta forma inicial para que todo el mundo tenga una oportunidad de interactuar con una porci\u00f3n del Nuevo Mensaje en un su propio idioma.<\/em><br \/>\n<\/div>\n\t\t\t\t<div align=\"right\">\n\t\t\t<div class=\"fb-like\" data-href=\"\" data-layout=\"button_count\" data-action=\"like\" data-show-faces=\"false\" data-share=\"false\"><\/div>\n\t\t\t<div class=\"fb-share-button\" data-layout=\"button_count\"> <\/div>\n\t\t\t<div class=\"fb_iframe_widget\"><a href=\"https:\/\/twitter.com\/godsnewmessage?ref_src=twsrc%5Etfw\" class=\"twitter-follow-button\" data-show-count=\"false\">Follow @godsnewmessage<\/a><script async src=\"https:\/\/platform.twitter.com\/widgets.js\" charset=\"utf-8\"><\/script><\/div>\n\t\t\t<\/div> <\/div> \n\n<p>Este es un momento en el cual las personas deben comenzar a reconocer que una Nueva Revelaci\u00f3n est\u00e1 en el mundo, una Revelaci\u00f3n del Creador de toda vida. Se ha dado esta Revelaci\u00f3n porque la humanidad enfrenta un gran cambio en el mundo y tambi\u00e9n los peligros y oportunidades de encontrar vida inteligente en el universo.<\/p>\n<p>Es un gran umbral donde se determinar\u00e1 el futuro de la humanidad, si ese futuro ser\u00e1 grande o desastroso. Este es el gran punto de inflexi\u00f3n, como ves. No es simplemente la vida como siempre. No es simplemente una continuaci\u00f3n del pasado. Es un umbral. Es un umbral en tu vida y es un umbral en tu mundo. Es un umbral que afectar\u00e1 todo lo que valoras y aprecias.<\/p>\n<p>Puedes sentir esto en tu naturaleza m\u00e1s profunda: preocupaci\u00f3n, ansiedad, inquietud. Tal vez trates de escapar de estas cosas. Quiz\u00e1 las justifiques como ajenas a ti, pero son reales, y son una se\u00f1al dentro de ti de que est\u00e1s viviendo en un gran punto de inflexi\u00f3n, en un gran umbral.<\/p>\n<p>Es durante este punto de inflexi\u00f3n que la Revelaci\u00f3n de Dios ha venido al mundo \u2014en este punto en el que se determinar\u00e1 el futuro de la humanidad y qu\u00e9 lo moldear\u00e1, ya sea la sabidur\u00eda de la humanidad o bien su ignorancia y arrogancia.<\/p>\n<p>Es una Revelaci\u00f3n diferente a todo lo que el Creador de toda vida ha proporcionado aqu\u00ed antes. Si bien honra las grandes Revelaciones del pasado, proporciona cosas que la humanidad nunca ha visto ni escuchado antes.<\/p>\n<p>Un Mensajero ha sido enviado aqu\u00ed para recibir este Mensaje y traerlo al mundo lo mejor que pueda. Es un hombre humilde, un hombre sin posici\u00f3n en el mundo. Es un hombre al que se han unido ciertas personas valientes, las cuales lo han ayudado a traer esta gran Revelaci\u00f3n. De hecho, es tan grande que recibirla le ha ocupado la mayor parte de su vida adulta.<\/p>\n<p>Las personas que la encuentran por primera vez se sienten abrumadas por la inmensidad de esta Revelaci\u00f3n, la profundidad de su Ense\u00f1anza y la magnitud de su enfoque. Proporciona soluciones a problemas que la humanidad a\u00fan no ha reconocido. Habla de lo que la humanidad est\u00e1 enfrentando hoy, enfrentar\u00e1 ma\u00f1ana y enfrentar\u00e1 dentro de cincuenta a\u00f1os y de cien a\u00f1os.<\/p>\n<p>Este es el umbral, como ves. La vida tiene grandes umbrales. Tu vida individual tiene umbrales importantes. Luego, existen umbrales para toda la humanidad, que tienen que ver con la evoluci\u00f3n y el destino de la humanidad dentro del \u00e1mbito m\u00e1s amplio de la vida en el universo, un destino que est\u00e1 m\u00e1s all\u00e1 del \u00e1mbito de preocupaci\u00f3n o conciencia de la mayor\u00eda de las personas.<\/p>\n<p>Tu capacidad de reconocer la Revelaci\u00f3n estar\u00e1 determinada por la profundidad con la que puedas experimentar tu propia naturaleza, por la honestidad que aportes a tu propia indagaci\u00f3n y por aquello que te digas a ti mismo. Esto es realmente m\u00e1s un comentario sobre el receptor que sobre el propio Mensaje, porque el Mensaje es puro. Viene incorrupto, sin mancha. Es el original, la Ense\u00f1anza pura.<\/p>\n<p>No est\u00e1 siendo simplemente explicado por unas personas siglos m\u00e1s tarde, formulado en una ense\u00f1anza, pr\u00e1ctica y teolog\u00eda religiosas. Es algo vivo, org\u00e1nico. Est\u00e1 ahora en el mundo, esperando a ser descubierto, esperando a ser recibido, esperando a ser aplicado y vivido.<\/p>\n<p>Tal vez no te des cuenta de cu\u00e1n afortunado eres de vivir en un tiempo de Revelaci\u00f3n. Quiz\u00e1 no reconozcas la gran providencia de ser consciente de que existe tal Revelaci\u00f3n ante ti, de estar entre los primeros en descubrirla, en experimentar su gracia y su poder, y en recibir su sabidur\u00eda y su gu\u00eda.<\/p>\n<p>Muchas personas negar\u00e1n esto, por supuesto. Lo negar\u00e1n no porque se den cuenta de que es falsa, sino porque le tienen miedo; temen lo que pueda revelar; temen que tengan que reconsiderar sus creencias, sus puntos de vista y actividades; temen que tengan que reevaluar sus vidas o reconsiderar toda la noci\u00f3n de Dios y del destino, el prop\u00f3sito y el significado.<\/p>\n<p>Muchas personas son demasiado perezosas para considerar estas cosas, por lo que rechazar\u00e1n la Nueva Revelaci\u00f3n sin siquiera mirarla, sin siquiera responder a ella. Sin siquiera recibirla, la rechazar\u00e1n.<\/p>\n<p>Pero, incluso as\u00ed, la Revelaci\u00f3n debe darse, porque este es el tiempo de la Revelaci\u00f3n, y la necesidad de una Revelaci\u00f3n es abrumadora, pues la humanidad no tiene mucho tiempo para prepararse y determinar qu\u00e9 tipo de futuro tendr\u00e1.<\/p>\n<p>Si la Revelaci\u00f3n no se diera ni fuera presentada al mundo, entonces el futuro de la humanidad ser\u00eda nefasto, y su resultado predecible: la humanidad y la civilizaci\u00f3n humana comenzar\u00edan a decaer y colapsar, llevando a un inmenso sufrimiento y a la p\u00e9rdida de vidas.<\/p>\n<p>Grandes civilizaciones han fracasado antes, y tal fracaso es un riesgo real. Por eso Dios est\u00e1 proporcionando un Nuevo Mensaje para la humanidad.<\/p>\n<p>Puede que cuestiones al Mensajero. Puede que intentes encontrar faltas en \u00e9l. \u00c9l es falible. Es un ser humano, y ha vivido una vida normal durante la primera parte de su vida. Ha cometido errores y no pretende ser perfecto. Sin embargo, los Mensajeros nunca son perfectos. Todos han seguido un camino muy similar, y sus Revelaciones fueron muy a menudo modificadas o cambiadas con el tiempo, o incluso se perdieron desde el principio, por lo cual es dif\u00edcil que las personas sepan lo que ellos realmente dijeron e hicieron, as\u00ed como que reciban una grabaci\u00f3n o una transcripci\u00f3n de sus palabras y un recuento honesto de sus acciones y logros.<\/p>\n<p>Por eso la Nueva Revelaci\u00f3n se est\u00e1 dando en su forma pura, para que las personas puedan escucharla, verla y sentirla por s\u00ed mismas, y que no sea traducida siglos m\u00e1s tarde por alguien que nunca estuvo all\u00ed en el principio.<\/p>\n<p>Esto es necesario ahora, porque la humanidad no tiene mucho tiempo. No tiene d\u00e9cadas para considerar estas cosas, pues ha puesto en marcha un cambio en el mundo actual que se acelerar\u00e1 y estar\u00e1 m\u00e1s all\u00e1 de su control, y que incluso hoy est\u00e1 m\u00e1s all\u00e1 de su control.<\/p>\n<p>Este es el tiempo trascendental en el que vives. No te das cuenta de que es un gran punto de inflexi\u00f3n. No comprendes el significado de tu vida en este momento o de tu existencia aqu\u00ed, pues solo piensas en ello en t\u00e9rminos de tus propios deseos y temores. Pero mirado desde un punto de vista superior, est\u00e1s aqu\u00ed para vivir en un tiempo de decisi\u00f3n, un tiempo de reconocimiento, un tiempo de compromiso activo en el mundo, un tiempo de Revelaci\u00f3n.<\/p>\n<p>Este es tu destino. Esta es la llamada. A\u00fan no comprendes lo que est\u00e1 ante ti y lo que est\u00e1 dentro de ti, ni tampoco lo que el mundo requerir\u00e1 de ti y lo que el mundo enfrentar\u00e1.<\/p>\n<p>Es por eso que el Nuevo Mensaje est\u00e1 aqu\u00ed, porque proporciona lo que la humanidad no puede proveerse a s\u00ed misma. Revela lo que la humanidad no puede ver ni saber por s\u00ed misma. Proporciona una preparaci\u00f3n para que cada persona tome los pasos hacia una mayor inteligencia en su interior, una inteligencia llamada Conocimiento.<\/p>\n<p>Los necios se reir\u00e1n, se burlar\u00e1n y lo ridiculizar\u00e1n, porque tienen miedo. El sabio responder\u00e1. Los honestos responder\u00e1n. Los sinceros responder\u00e1n, porque ellos son honestos, sabios y sinceros.<\/p>\n<p>Debes escuchar a tu propio coraz\u00f3n al estar con el Nuevo Mensaje. Este no se ajustar\u00e1 a tus ideas o creencias. No validar\u00e1 las religiones, pues proviene de Dios y Dios no est\u00e1 atado a esas cosas. La Revelaci\u00f3n de Dios no es un producto del logro, la imaginaci\u00f3n o el fracaso humanos. Eso es lo que lo hace puro y poderoso. Eso es lo que hace que su Revelaci\u00f3n sea fuerte y duradera. Eso es lo que le permite descender por los Antiguos Pasillos de tu mente hacia un lugar m\u00e1s profundo y sagrado dentro de ti, un lugar que rara vez se visita y apenas se conoce.<\/p>\n<p>Esto es lo que el Nuevo Mensaje te revela. Revela los secretos m\u00e1s profundos de tu alma. Revela tu naturaleza m\u00e1s profunda al nivel del Conocimiento. Revela lo que est\u00e1 llegando al mundo, y revela lo que la humanidad tendr\u00e1 que enfrentar al encontrarse en el umbral de una Comunidad Mayor de vida en el universo. Responder\u00e1 a preguntas que tal vez nunca hayas hecho, y abrir\u00e1 la puerta para que una Nueva Revelaci\u00f3n llegue a ti.<\/p>\n<p>Este es el umbral. No suceder\u00e1 de nuevo por mucho tiempo, pues los umbrales son infrecuentes. Son grandes puntos de inflexi\u00f3n en la evoluci\u00f3n de una raza, de un mundo.<\/p>\n<p>Saber esto y verlo es responder a los grandes eventos de tu tiempo y a las grandes oportunidades y contribuciones de tu tiempo. El mundo se est\u00e1 oscureciendo con cada d\u00eda que pasa, y con cada d\u00eda que pasa tienes menos y menos respuestas.<\/p>\n<p>S\u00e9 honesto sobre esto. Ac\u00e9ptalo, porque no tienes una respuesta para el mundo, y si eres honesto, comprender\u00e1s que la humanidad est\u00e1 en grave peligro, debido al colapso desde dentro y a la competencia desde el exterior, amenazando todo lo que valoras y todo lo que supones que estar\u00e1 ah\u00ed para ti en el futuro.<\/p>\n<p>Es un tiempo temible, pero es un tiempo importante. Es un tiempo de Revelaci\u00f3n. Es un tiempo en el que los placeres normales, los simples escapes y las fantas\u00edas de la vida pueden traicionarte, porque existe una llamada mayor. Existe un gran umbral.<\/p>\n<p>Este es el momento. No es algo para lo que todav\u00eda queden a\u00f1os. No es cuando t\u00fa quieras que sea, porque no vienes a Dios en tus t\u00e9rminos, sino en los t\u00e9rminos de Dios. No te vuelves sabio en tus t\u00e9rminos, sino en los t\u00e9rminos que la sabidur\u00eda misma prescribe. No te vuelves poderoso porque simplemente quieres ser poderoso, sino porque eliges una voz m\u00e1s grande en tu interior, y permaneces con una fuerza mayor que habita profundamente dentro de ti, m\u00e1s all\u00e1 del \u00e1mbito y el alcance del intelecto.<\/p>\n<p>Este es el gran umbral. Y sentir\u00e1s que tu vida se est\u00e1 moviendo hacia algo importante, que es para algo importante y que siempre fue para algo importante. Si esta es tu experiencia, ya est\u00e1s experimentando el umbral y la Revelaci\u00f3n.<\/p>\n<p>Deja que esta Revelaci\u00f3n ilumine tu vida y hable en la profundidad de tu alma, porque solo Dios puede hablar all\u00ed. La persona m\u00e1s inteligente o elocuente no puede llegar tan hondo, a menos que Dios la haya inspirado.<\/p>\n<p>La Revelaci\u00f3n est\u00e1 ahora en el mundo. Le ha llevado al Mensajero 25 a\u00f1os recibirla. Es muy extensa. Es el mensaje m\u00e1s grande y completo que se haya dado a la humanidad, pues el mundo necesita saber. Y las personas compasivas en todas partes necesitan saber. Y aquellas personas que est\u00e1n sintiendo la gran presi\u00f3n de este tiempo necesitan saber.<\/p>\n<p>Nadie puede responder a sus preguntas. Ning\u00fan gobierno, l\u00edder, persona apasionada o gran artista puede responder esas preguntas, pues deben ser respondidas a un nivel m\u00e1s profundo, por un Poder Mayor. Y eso es lo que el Nuevo Mensaje est\u00e1 aqu\u00ed para hacer.<\/p>\n<p>Porque la humanidad necesita ahora claridad. No puede estar perdida en la fantas\u00eda o la confusi\u00f3n si quiere tomar las decisiones que asegurar\u00e1n su futuro y le dar\u00e1n un gran destino a la familia humana.<\/p>\n<p>Esto requerir\u00e1 tu participaci\u00f3n. Requerir\u00e1 tu coraz\u00f3n y tu esp\u00edritu. Es por eso que has venido. En realidad no puedes crear tu propia vida, pues esta est\u00e1 destinada a algo que ser\u00e1 el producto de lo que todos generen. El mundo la har\u00e1 salir de ti, porque no puedes sacar la grandeza de ti mismo.<\/p>\n<p>Este es el umbral, el gran umbral, en el que tienes esta gran oportunidad de descubrir el prop\u00f3sito superior y la direcci\u00f3n de tu vida, no porque te lo digan, sino porque t\u00fa mismo has recibido los medios para descubrirlo y experimentarlo.<\/p>\n<p>Permite entonces que el gran umbral reforme tu vida y le d\u00e9 el significado que t\u00fa nunca podr\u00edas darle. Deja que te lleve al mundo con ojos despejados. Deja que te libere de la manipulaci\u00f3n y la opresi\u00f3n. Permite que desprenda las cadenas y grilletes que te retienen y que mantienen oprimidas tu mente y tu vida. Deja que te revele que tienes un destino mayor en concierto con otros, y que tienes verdaderos regalos que dar a un mundo necesitado, los cuales deben ser guiados por el Poder Mayor dentro de ti.<\/p>\n<p>Este es el gran umbral. Por eso Dios ha enviado un Nuevo Mensaje al mundo, un Mensaje m\u00e1s completo y exhaustivo que cualquier otra cosa que haya sido dada antes a la familia humana.<\/p>\n<p>Este es el regalo y el momento. Este es el gran umbral.<\/p>\n","protected":false},"excerpt":{"rendered":"<p>Este es un momento en el cual las personas deben comenzar a reconocer que una Nueva Revelaci\u00f3n est\u00e1 en el mundo, una Revelaci\u00f3n del Creador de toda vida. Se ha dado esta Revelaci\u00f3n porque la humanidad enfrenta un gran cambio en el mundo y tambi\u00e9n los peligros y oportunidades de encontrar vida inteligente en el\u2026 <a class=\"read-more\" href=\"https:\/\/www.v6.newmessage.org\/es\/about-text-shortcode\"><span>Read More<\/span><\/a><\/p>\n","protected":false},"author":13,"featured_media":0,"parent":16358,"menu_order":0,"comment_status":"closed","ping_status":"closed","template":"template-leftsidebar.php","meta":{"_monsterinsights_skip_tracking":false,"_monsterinsights_sitenote_active":false,"_monsterinsights_sitenote_note":"","_monsterinsights_sitenote_category":0,"footnotes":""},"categories":[501,76],"tags":[817,752,816,818],"_links":{"self":[{"href":"https:\/\/www.v6.newmessage.org\/es\/wp-json\/wp\/v2\/pages\/29344"}],"collection":[{"href":"https:\/\/www.v6.newmessage.org\/es\/wp-json\/wp\/v2\/pages"}],"about":[{"href":"https:\/\/www.v6.newmessage.org\/es\/wp-json\/wp\/v2\/types\/page"}],"author":[{"embeddable":true,"href":"https:\/\/www.v6.newmessage.org\/es\/wp-json\/wp\/v2\/users\/13"}],"replies":[{"embeddable":true,"href":"https:\/\/www.v6.newmessage.org\/es\/wp-json\/wp\/v2\/comments?post=29344"}],"version-history":[{"count":2,"href":"https:\/\/www.v6.newmessage.org\/es\/wp-json\/wp\/v2\/pages\/29344\/revisions"}],"predecessor-version":[{"id":30319,"href":"https:\/\/www.v6.newmessage.org\/es\/wp-json\/wp\/v2\/pages\/29344\/revisions\/30319"}],"up":[{"embeddable":true,"href":"https:\/\/www.v6.newmessage.org\/es\/wp-json\/wp\/v2\/pages\/16358"}],"wp:attachment":[{"href":"https:\/\/www.v6.newmessage.org\/es\/wp-json\/wp\/v2\/media?parent=29344"}],"wp:term":[{"taxonomy":"category","embeddable":true,"href":"https:\/\/www.v6.newmessage.org\/es\/wp-json\/wp\/v2\/categories?post=29344"},{"taxonomy":"post_tag","embeddable":true,"href":"https:\/\/www.v6.newmessage.org\/es\/wp-json\/wp\/v2\/tags?post=29344"}],"curies":[{"name":"wp","href":"https:\/\/api.w.org\/{rel}","templated":true}]}}