{"id":29275,"date":"2018-09-21T21:17:53","date_gmt":"2018-09-21T21:17:53","guid":{"rendered":"http:\/\/www.newmessage.org\/es\/?page_id=29275"},"modified":"2018-09-21T21:17:53","modified_gmt":"2018-09-21T21:17:53","slug":"usar-el-poder-para-el-bien","status":"publish","type":"page","link":"https:\/\/www.v6.newmessage.org\/es\/el-mensaje\/volumen-5\/sabiduria-de-la-comunidad-mayor-volumen-1\/usar-el-poder-para-el-bien","title":{"rendered":"Usar el poder para el bien"},"content":{"rendered":"<div><!--Versi\u00f3n espa\u00f1ola 1.3--><\/div>\n\n<div class=\"tabgroup \"><ul class=\"tabs\"><li><a href=\"#tabs-1\">Acerca de<\/a><\/li>\n<li><a href=\"#tabs-2\">Nota<\/a><\/li>\n<li><a href=\"#tabs-3\">M\u00e1s<\/a><\/li><\/ul>\n <div id=\"tabs-1\"><br \/>\n<i>Como le fue revelado a<\/i><br \/>\n<i>Marshall Vian Summers<\/i><\/p>\n<p>Texto original: Using Power for Good (no disponible online)<\/p>\n<p>Escucha el audio original aqu\u00ed (en ingl\u00e9s): no disponible online<\/p>\n<div class=\"toggle toggle-white\"><h4 class=\"trigger \"><span class=\"t_ico\"><\/span><a href=\"#\">M\u00e1s informaci\u00f3n sobre este texto<\/a><\/h4><div class=\"toggle_container \"><br \/>\n<p>Lo que est\u00e1s leyendo en este texto es la transcripci\u00f3n de la voz original de la Asamblea Ang\u00e9lica hablando a trav\u00e9s del Mensajero Marshall Vian Summers.<\/p>\n<p>Aqu\u00ed, la comunicaci\u00f3n original de Dios, que existe m\u00e1s all\u00e1 de las palabras, es traducida al lenguaje y el entendimiento humanos por la Asamblea Ang\u00e9lica que supervisa el mundo. La Asamblea despu\u00e9s entrega el Mensaje de Dios a trav\u00e9s del Mensajero, tras lo cual es transcrito y puesto a tu disposici\u00f3n y a disposici\u00f3n de todos.<\/p>\n<p>En este extraordinario proceso, la Voz de la Revelaci\u00f3n est\u00e1 hablando de nuevo. La Palabra y el Sonido est\u00e1n en el mundo. Que puedas ser el receptor de este regalo de Revelaci\u00f3n y puedas estar abierto a recibir su Mensaje \u00fanico para ti y para tu vida.<\/p>\n<br \/>\n<\/div><\/div><br \/>\n<\/div>\n<div id=\"tabs-2\"><br \/>\n<em>Nota a los lectores:<br \/>\nEsta traducci\u00f3n fue provista a la <\/em>Society<em> por estudiantes del Nuevo Mensaje que se han ofrecido voluntariamente a traducir el texto original en ingl\u00e9s. La publicamos en esta forma inicial para que todo el mundo tenga una oportunidad de interactuar con una porci\u00f3n del Nuevo Mensaje en un su propio idioma.<\/em><br \/>\n<\/div>\n<div id=\"tabs-3\"><\/p>\n<div class=\"panel-10 text-align-center\"><img decoding=\"async\" class=\"aligncenter size-full imgborder\" src=\"https:\/\/www.newmessage.org\/wp-content\/uploads\/2011\/10\/WV1-english-nkl-250px.jpg\" alt=\"Wisdom from the Greater community, volume 1\" \/><\/div>\n<div class=\"text-align-center\"><a class='simple_button_link ' style='background-color: #4f8fd6' href='http:\/\/newknowledgelibrary.org\/books\/wisdom-from-the-greater-community-volume-1\/'   ><span>Pide el libro (en ingl\u00e9s)<\/span><\/a><\/div>\n<div class=\"text-align-center text font-size-12 margin-top-10\">Volumen 5 &gt; Sabidur\u00eda de la Comunidad Mayor Volumen 1 &gt; Cap\u00edtulo 28<\/div>\n<p><\/div>\n\t\t\t\t<div align=\"right\">\n\t\t\t<div class=\"fb-like\" data-href=\"\" data-layout=\"button_count\" data-action=\"like\" data-show-faces=\"false\" data-share=\"false\"><\/div>\n\t\t\t<div class=\"fb-share-button\" data-layout=\"button_count\"> <\/div>\n\t\t\t<div class=\"fb_iframe_widget\"><a href=\"https:\/\/twitter.com\/godsnewmessage?ref_src=twsrc%5Etfw\" class=\"twitter-follow-button\" data-show-count=\"false\">Follow @godsnewmessage<\/a><script async src=\"https:\/\/platform.twitter.com\/widgets.js\" charset=\"utf-8\"><\/script><\/div>\n\t\t\t<\/div> <\/div> \n\n<p><em>\u201cT\u00fa ya tienes poder. El objetivo aqu\u00ed no es el poder, sino la Sabidur\u00eda\u201d.<\/em><\/p>\n<p>Ahora hablaremos sobre el uso del poder para el bien. Decimos &#8220;usar&#8221; el poder, que es muy diferente a \u201ctener\u201d poder, y decimos que el poder puede ser usado para el bien. Para que todo el mundo entienda lo que queremos decir con poder, daremos una definici\u00f3n que es relevante para nuestro discurso: El poder es la capacidad de transferir energ\u00eda de un dominio a otro.<\/p>\n<p>Esta es una definici\u00f3n muy espec\u00edfica, que por s\u00ed misma requiere mucha consideraci\u00f3n. Es relevante para tus necesidades individuales, porque su principal objetivo es integrar tu vida. Estar integrado implica que todos tus recursos son aprovechados, est\u00e1n disponibles y eres llevado del conflicto a la armon\u00eda interior dentro de ti. Entonces estar\u00e1s en posici\u00f3n de reconocer esta energ\u00eda y transferirla conscientemente. Muchas personas quieren poder y la capacidad de tener influencia sin esta integraci\u00f3n. Nosotros, como Maestros, nunca podr\u00edamos proporcionar eso, porque no solo ser\u00eda peligroso para el individuo, sino tambi\u00e9n perjudicial para el mundo.<\/p>\n<p>Daremos la definici\u00f3n una vez m\u00e1s: El poder es la capacidad de transferir energ\u00eda de un dominio a otro. En otras palabras, es la capacidad de manifestar algo que has comprendido dentro de ti y de hacerlo realidad en la vida. Es la capacidad de transferir algo desde tu vida espiritual a tu vida en el mundo. Para hacerlo, debes volverte un puente; debes tener acceso a ambos \u00e1mbitos sin intentar dominar ninguno de los dos. Si intentas dominar el \u00e1mbito f\u00edsico, no podr\u00e1s tener una asociaci\u00f3n real con tu vida espiritual. Si intentas dominar tu vida espiritual, entonces no podr\u00e1s acceder a tu vida f\u00edsica o intelectual, porque en este mundo tienes que vivir con tu mente y tu cuerpo y con las mentes y cuerpos de otros. Tener acceso a ambos \u00e1mbitos es esencial para tu felicidad aqu\u00ed y para el cumplimiento exitoso, el cual te dar\u00e1 satisfacci\u00f3n.<\/p>\n<p>Nuestra definici\u00f3n del poder es algo misteriosa, porque requiere un profundo autoexamen. Si no puedes realizar este examen, te parecer\u00e1 extra\u00f1a y no ir\u00e1s m\u00e1s all\u00e1. Sin embargo, deseamos estimular tu pensamiento y darte una perspectiva diferente respecto a tus necesidades y oportunidades individuales.<\/p>\n<p>Tu principal necesidad en este momento es la integraci\u00f3n. Si intentas apaciguar todos los aspectos de ti mismo, tu conflicto interior continuar\u00e1 y se har\u00e1 peor. Si intentas hacer que todas las partes de ti se sientan c\u00f3modas e incluidas, experimentar\u00e1s un profundo conflicto. Pero hay un mayor recurso dentro de ti que puede integrarte naturalmente. La raz\u00f3n por la que no puedes integrarte a ti mismo es que no tienes plena conciencia de todos tus aspectos, y no ves su relevante asociaci\u00f3n mutua. Est\u00e1s demasiado involucrado con algunos de tus aspectos y nada en absoluto con otros, y en todo momento est\u00e1s representando alg\u00fan aspecto de ti sin tener en cuenta los dem\u00e1s. Si estuvieras m\u00e1s all\u00e1 de todos estos aspectos quiz\u00e1 podr\u00edas integrarte a ti mismo, pero aqu\u00ed no podemos esperar eso de nadie.<\/p>\n<p>Necesitas una verdadera asistencia para ayudarte a hacerlo. Necesitas Maestros, porque ellos pueden activar esa parte de ti que te integra de forma natural. Este proceso es algo en lo que participas muy directamente, pero no estar\u00e1s a cargo; debemos dejar esto muy claro. Las personas a veces piensan: \u201cBueno, si voy a ser poderoso e ingenioso dentro de m\u00ed, entonces debo aprender a confiar completamente en mi capacidad para serlo\u201d. O bien, a veces piensan: \u201cDebo confiar completamente en los poderes espirituales y en los Maestros\u201d. Pero en realidad, debes aprender a confiar en ambas cosas. Un verdadero Maestro te pedir\u00e1 que uses tus recursos internos de maneras muy espec\u00edficas, y crear\u00e1 un contexto donde hacerlo ser\u00e1 necesario.<\/p>\n<p>Por tanto, necesitas gu\u00eda, pero tambi\u00e9n necesitas volverte poderoso dentro de ti. Esto lo debes aprender a hacer mediante la participaci\u00f3n. No puedes hacerlo intelectualmente. Cuanto m\u00e1s consciente seas de ti mismo, m\u00e1s reconocer\u00e1s que alg\u00fan aspecto de ti est\u00e1 siempre en un estado de confusi\u00f3n o incluso de sufrimiento. Aqu\u00ed puede que intentes sentirte c\u00f3modo en todo momento, cuidando ese aspecto o permitiendo que se exprese. Eso es un paso hacia la salud, pero a\u00fan no est\u00e1s integrado. A\u00fan est\u00e1s disociado. Cuando est\u00e1s disociado, vacilas entre la infelicidad o la desesperaci\u00f3n y una sensaci\u00f3n temporal de poder y direcci\u00f3n. A\u00fan no eres estable.<\/p>\n<p>Debido a que hablamos de una experiencia de satisfacci\u00f3n, armon\u00eda y capacidad que supera lo que la mayor\u00eda de las personas se esforzar\u00eda por alcanzar, quiz\u00e1 lograr tal estado est\u00e1 m\u00e1s all\u00e1 de tus objetivos individuales. Sin embargo, para usar el poder para el bien debes alcanzar ese estado. Debe haber algo mayor movi\u00e9ndose en ti que puedas aceptar, trasladar y contribuir all\u00ed donde ha de darse. Eres ahora como un canal para el poder \u2014no tratando de controlar o dominar el proceso, sino como un participante activo\u2014. Para serlo, debes ser una persona de tremenda concentraci\u00f3n, capacidad y apertura mental \u2014una persona capaz de tener una experiencia directa de la vida.<\/p>\n<p>El poder en s\u00ed puede medirse en t\u00e9rminos de la capacidad de un individuo para concentrarse \u2014es decir, en t\u00e9rminos de atenci\u00f3n y concentraci\u00f3n\u2014. Si puedes aceptar esta idea, entonces se hace evidente que hay mentes m\u00e1s poderosas que la tuya. En la vida f\u00edsica esto es cierto. No es una idea muy popular, porque todos quieren ser iguales en todo momento, con las mismas capacidades, el mismo potencial, los mismos recursos, el mismo nivel de desarrollo y dem\u00e1s. Pero en realidad no es as\u00ed.<\/p>\n<p>Hay mentes m\u00e1s poderosas que la tuya. Debido a que el poder no es lo mismo que la sabidur\u00eda, hay mentes m\u00e1s poderosas que est\u00e1n trabajando contra el Conocimiento, y hay mentes m\u00e1s poderosas que est\u00e1n trabajando a favor del Conocimiento. Es muy importante que entiendas esto. Requiere discernimiento y sabidur\u00eda dentro de ti. La Sabidur\u00eda proviene del Conocimiento, pero el poder es un recurso en la vida que est\u00e1 disponible para cualquiera. Por tanto, el poder puede usarse para prop\u00f3sitos destructivos. Si eres aplicado y decidido y est\u00e1s concentrado, puedes transferir la energ\u00eda de una forma a otra. Es por eso que nuestro discurso trata sobre usar el poder para el bien.<\/p>\n<p>\u00bfC\u00f3mo sabes si el poder es bueno? Lo sabes porque tienes la capacidad de hacer esta distinci\u00f3n dentro de ti. Eso es el Conocimiento. El Conocimiento viene de m\u00e1s all\u00e1 de este mundo. Tienes un poder innato de discernimiento dentro de ti que aqu\u00ed queremos cultivar. Pero tambi\u00e9n hay poderes en bruto que pueden utilizarse y, de hecho, se utilizan. Hay poder f\u00edsico, hay poder mental y hay poder espiritual. Por eso, concentrarte solo en usar el poder supone una situaci\u00f3n muy peligrosa. Las instituciones mentales est\u00e1n llenas de personas que han intentado usar el poder sin el desarrollo necesario, y se han visto envueltas en algo que no pod\u00edan entender ni controlar. El amor y la gracia que has tra\u00eddo contigo nacen del Conocimiento. El Conocimiento naturalmente utilizar\u00e1 el poder que est\u00e1 disponible aqu\u00ed en la vida para el bien.<\/p>\n<p>Hay mentes m\u00e1s poderosas que la tuya. Una mente que es m\u00e1s poderosa que la tuya puede influir en ti e incluso dominarte. Esa es una de las razones por las que temes tanto las relaciones y perder tu terreno frente a otro. Si has avanzado hasta cierto punto, reconoces que tienes cierta propensi\u00f3n a seguir a una mente que es m\u00e1s poderosa. Esto no es malo; es natural. Debes seguir a una mente m\u00e1s poderosa que la tuya, pero debes aprender a evitar las que son perjudiciales para ti. Esto es sabidur\u00eda, no moralidad. Es simplemente aprender a negociar con \u00e9xito tu entorno y tus relaciones.<\/p>\n<p>Una de las razones por las que los sabios permanecen ocultos en la vida es que no quieren influir en las personas. Su presencia en s\u00ed supone una tremenda influencia. Por tanto, queremos enfatizar este punto, aunque pueda ser inc\u00f3modo: es posible que seas dominado; es posible que domines a otros. No puedes dejar de influir en los dem\u00e1s. Incluso si te ocultas lejos de cualquier contacto con el mundo exterior, aun as\u00ed tu mente ejercer\u00e1 una influencia sobre los dem\u00e1s. Cuanto mayor sea tu concentraci\u00f3n, mayor ser\u00e1 la influencia que otros sentir\u00e1n.<\/p>\n<p>Por eso, en la vida tienes la responsabilidad de cultivarte, de aceptar ayuda y de aprovechar esta oportunidad para aprender a usar el poder, porque ya eres influyente. Cuando no est\u00e1s preocupado con tu propia mente y tus propias circunstancias, comienzas a ver la influencia que las personas tienen entre s\u00ed.<\/p>\n<p>Aqu\u00ed resulta muy ventajoso tener Maestros Internos. Aunque quiz\u00e1 los experimentes muy raramente, es muy reconfortante saber que hay alguien cuid\u00e1ndote que puede intervenir a tu favor si se hace absolutamente necesario. La raz\u00f3n por la que tus Maestros no pasan en general mucho tiempo contigo es porque su influencia es demasiado grande. Si lees sobre los maestros espirituales que viven en la vida f\u00edsica reconocer\u00e1s que, excepto en casos muy excepcionales, rara vez ponen toda su atenci\u00f3n en alguien individualmente, y solo durante muy breves per\u00edodos de tiempo. \u00bfPor qu\u00e9 es as\u00ed? Es porque su influencia es demasiado grande. Ellos deben ser responsables de esta influencia y usarla sabiamente para el bien. Este es un hecho universal. La tentaci\u00f3n del poder \u2014de dominar a los dem\u00e1s para el beneficio personal\u2014 se vuelve aqu\u00ed muy intensa. Si los individuos no han sido debidamente preparados, su preocupaci\u00f3n por su propia supervivencia, que es una fuerza muy poderosa en s\u00ed misma, puede influirles peligrosamente.<\/p>\n<p>La sabidur\u00eda debe acompa\u00f1ar al poder; de lo contrario, es mejor que no tengas poder \u2014mejor para ti y mejor para los dem\u00e1s\u2014. Si est\u00e1s confuso respecto a tu direcci\u00f3n, significado y prop\u00f3sito en la vida, entonces no est\u00e1s concentrado y, por tanto, tu influencia ser\u00e1 m\u00ednima. Una mente que est\u00e1 concentrada y tiene absoluta determinaci\u00f3n es tremendamente poderosa, porque la mayor\u00eda de la gente se encuentra todav\u00eda y en gran parte en un estado de confusi\u00f3n.<\/p>\n<p>No existe la independencia en la vida. Todo el mundo est\u00e1 influyendo a todo el mundo. Pero dentro de ti existe una independencia que te guarda para lo que es bueno y te protege de lo que est\u00e1 mal, y ese es tu Conocimiento. Esto supone un alivio, porque con el Conocimiento tienes la capacidad de sentir lo que est\u00e1 pasando. Con el Conocimiento, en una relaci\u00f3n personal de gran intimidad, ambos se influencian mutuamente para bien. Y su prop\u00f3sito conjunto ser\u00e1 mucho mayor que lo que individualmente podr\u00edan lograr, porque ahora tienen la influencia correcta.<\/p>\n<p>Insistimos mucho en que los estudiantes del Conocimiento se vuelvan muy conscientes de las influencias que reciben. \u00bfQu\u00e9 te est\u00e1 influenciando? A menudo esta pregunta se ve como una limitaci\u00f3n de tu libertad personal, pero es m\u00e1s una forma de protecci\u00f3n para ti, porque a medida que tu mente comienza a abrirse te vuelves mucho m\u00e1s vulnerable. Aqu\u00ed eres m\u00e1s f\u00e1cil de persuadir, y hasta que tus poderes de discernimiento se hayan fortalecido puedes ser influenciado en todo tipo de direcciones. Ahora est\u00e1s menos protegido; est\u00e1s m\u00e1s abierto y, por tanto, es importante que seas m\u00e1s discerniente y atento.<\/p>\n<p>Queremos que pienses en si eres una buena influencia en las personas. Es muy reconfortante pensar \u201csoy una buena influencia\u201d, pero esto requiere una mayor discriminaci\u00f3n y observaci\u00f3n. En cada persona hay buenas y malas influencias. Nadie es una influencia totalmente buena, y nadie es una influencia totalmente mala. Algunos de ustedes ya tienen alg\u00fan grado de poder. \u00bfQu\u00e9 est\u00e1s haciendo con el poder que ya tienes? Las personas quieren m\u00e1s poder, pero no saben lo que est\u00e1n haciendo con lo que ya tienen. \u00bfQuieres que todo en tu vida se acent\u00fae? \u00bfQuieres que el miedo se acent\u00fae \u2014m\u00e1s miedo, m\u00e1s emoci\u00f3n, m\u00e1s todo\u2014? Si no es as\u00ed, entonces no busques m\u00e1s poder. En cambio, busca tener m\u00e1s claridad con el poder que ya tienes ahora.<\/p>\n<p>T\u00fa ya tienes poder. El objetivo aqu\u00ed no es el poder, sino la sabidur\u00eda. No ser\u00e1s feliz con m\u00e1s poder. Simplemente conseguir\u00e1s que todo lo que est\u00e1s experimentando ahora se acent\u00fae m\u00e1s. Por eso, no estamos animando a las personas a tener poder. Estamos anim\u00e1ndolas a tener sabidur\u00eda. Entonces el poder se vuelve una fuente de satisfacci\u00f3n y no de frustraci\u00f3n o conflicto.<\/p>\n<p>Te diremos un secreto. Hay personas que est\u00e1n sufriendo porque tienen m\u00e1s poder del que pueden manejar. Ni siquiera han aceptado el poder que ahora tienen. No podemos de buena fe darles m\u00e1s. La pr\u00f3xima vez que tengas miedo, \u00bfquieres tener tres veces m\u00e1s miedo? Si agregas poder, acent\u00faas todo en tu experiencia. Eso significa que eres tres veces m\u00e1s feliz, pero tu felicidad no es estable. Por tanto, cuando caigas de la felicidad te hundir\u00e1s en un hoyo m\u00e1s profundo.<\/p>\n<p>La cuesti\u00f3n no es tener m\u00e1s poder, sino tener m\u00e1s sabidur\u00eda. Ya existe mucho poder alrededor, pero \u00bfqui\u00e9n puede manejarlo? \u00bfQui\u00e9n puede usarlo para el bien? Hay personas con una gran visi\u00f3n en la vida que est\u00e1n matando a miles de personas. A esa persona eso le resulta justificable, \u00bfno es as\u00ed? Los que comienzan las guerras siempre piensan que lo est\u00e1n haciendo por una buena raz\u00f3n. Las guerras no las inician las naciones, sino individuos. En todos los casos, las devastadoras guerras que la humanidad ha visto en su mundo fueron generadas, mantenidas y ejecutadas por la voluntad de muy pocas personas. En otras palabras, unas pocas personas usaron a muchas otras para llevar a cabo su intenci\u00f3n. Las personas pueden ser utilizadas si tienen miedo, si son vulnerables, si son d\u00e9biles, si est\u00e1n desnutridas o est\u00e1n en desventaja.<\/p>\n<p>Hay poder en todas partes. El Conocimiento te guiar\u00e1 a usarlo en la proporci\u00f3n apropiada para el curso de acci\u00f3n correcto. Sin esta gu\u00eda, podr\u00edas intentar aprovecharlo con otros fines. Es por eso que ponemos un gran \u00e9nfasis en el desarrollo de tus capacidades. Las personas a menudo no pueden ver esto, porque solo est\u00e1n pensando en sus motivos y objetivos personales. No ven su valor para los dem\u00e1s. Por eso estamos hablando en un contexto m\u00e1s amplio.<\/p>\n<p>Cuando no est\u00e1s preocupado por ti mismo, comienzas a verte como un participante en un \u00e1mbito mayor. Aqu\u00ed es donde el Conocimiento es significativo. No fuiste enviado a este mundo para averiguar qui\u00e9n eres. Fuiste enviado aqu\u00ed para utilizar una capacidad que es inherente dentro de ti y que requerir\u00e1 que reconozcas tu verdadera naturaleza, incluso mientras te preparas para reconocerla. Todos han venido preparados para hacer algo muy bueno para la vida. Eso produce satisfacci\u00f3n. Cuando est\u00e1s haciendo algo muy bueno para la vida y no te da\u00f1as a ti mismo, eso es muy satisfactorio y produce la mayor felicidad. Entonces puedes estar tranquilo. No est\u00e1s en guerra contigo mismo. Tienes compasi\u00f3n por las dificultades de la vida y puedes disfrutar de sus placeres.<\/p>\n<p>Nosotros tenemos poder. Es por eso que no nos experimentas mucho. Incluso el poder para el bien puede ser una influencia demasiado fuerte si se prolonga. Como receptor, debes tener capacidad para esta influencia. Puede tomarte a\u00f1os tener una verdadera intimidad con tu Maestro Interior, si est\u00e1s dispuesto y si es necesario. Al igual que cualquier relaci\u00f3n muy importante, esta cambia tu experiencia de ti mismo y tu experiencia de lo que realmente es tu individualidad.<\/p>\n<p>Hemos advertido a las personas sobre sus relaciones \u00edntimas, debido al nivel de influencia que suponen. Si un individuo tiene una adicci\u00f3n o discapacidad muy fuerte, \u00e9l o ella la promover\u00e1 en otros de manera natural. Todo el mundo tiene peque\u00f1as discapacidades. Eso est\u00e1 bien. No puedes hacer nada al respecto.<\/p>\n<p>Tu experiencia interna determinar\u00e1 si debes involucrarte con alguien. No es necesario juzgar o analizar a la persona. El Conocimiento te guiar\u00e1 hacia aquellas influencias que son las mejores para ti. Es muy f\u00e1cil estar extasiado o enamorado de alguien que no es bueno para ti y, en nombre del amor, comprometerte con esa situaci\u00f3n. Eso es da\u00f1ino. Las personas se fascinan de forma natural con otras personas que son muy diferentes. Esa es una fascinaci\u00f3n normal.<\/p>\n<p>En todos tus a\u00f1os teniendo relaciones \u00edntimas con otros, puedes aprender sabidur\u00eda \u2014d\u00f3nde darte, d\u00f3nde no darte y c\u00f3mo las relaciones comienzan, sobreviven y terminan\u2014. \u00a1Todo es cuesti\u00f3n de sabidur\u00eda! Las relaciones son muy f\u00e1ciles de comenzar, pero muy dif\u00edciles de terminar.<\/p>\n<p>Usar el poder para el bien es importante, porque es la fuente de tu satisfacci\u00f3n. Pero cuanto mayor sea el recurso para el bien que puedes contribuir, m\u00e1s competente debes ser. Esto te eleva y te desarrolla a un nivel individual. Esta es verdaderamente tu educaci\u00f3n. Si no est\u00e1s comprometido con hacer solo el bien, entonces tus regalos pueden ser malinterpretados, abusados o malversados. La evidencia de esto es muy grande y conduce a una tremenda decepci\u00f3n.<\/p>\n<p>Hemos subrayado que hay mentes que son m\u00e1s poderosas que la tuya. Por esta raz\u00f3n, debes aprender a protegerte o a abrirte seg\u00fan sea apropiado. Este es un acto voluntario. Si est\u00e1s completamente abierto, encontrar\u00e1s que la vida es muy dura. Igual que tienes piel y huesos para proteger tus \u00f3rganos internos, debes tener un refugio para ti mismo mentalmente. No tiene que ser una prisi\u00f3n. Debe ser una morada en la que puedas entrar y salir a voluntad. Entonces podr\u00e1s usar tus emociones a voluntad, y no al rev\u00e9s. Utilizar\u00e1s tu refugio a voluntad. No te ocultar\u00e1 como una prisi\u00f3n. Podr\u00e1s usar tus capacidades, en vez de que operen a pesar de ti o solo est\u00e9n latentes en tu interior. Nosotros hablamos de estas cosas porque te deseamos una gran felicidad.<\/p>\n<p>Ver\u00e1s, nunca hay realmente un cierre o una apertura; solo tienes que transferir tu atenci\u00f3n. Si te est\u00e1s abriendo internamente, parece que te est\u00e1s cerrando externamente. Si te abres externamente, a veces parece que te est\u00e1s cerrando internamente. Tu atenci\u00f3n debe enfocarse en alguna parte; no puede estar en todas partes a la vez. As\u00ed es como se altera el equilibrio. Solo eres tan consciente como lo eres en cualquier momento dado, y en cada momento puedes alterar el equilibrio de tu enfoque.<\/p>\n<p>Por tanto, debes ver entonces lo que te est\u00e1 influenciando ahora, y debes comenzar a determinar lo que es sano y lo que no lo es, o te sentir\u00e1s cada vez m\u00e1s agravado estando en el mundo. Esto es muy confuso para la persona ambiciosa, porque en el desarrollo del verdadero poder uno se vuelve m\u00e1s sensible. Con verdadero poder, parece que eres menos capaz de estar en el mundo. Pareces menos poderoso; pareces d\u00e9bil. Y piensas que, debido a que no puedes manejarlo todo, no eres una persona fuerte.<\/p>\n<p>Por tanto, toma nota de las influencias que recibes. Comienza a determinar qu\u00e9 influencias son buenas y cu\u00e1les no. Ya sabes esto, pero hay muchas cosas de las que a\u00fan no puedes desengancharte. Est\u00e1s demasiado fascinado con demasiadas cosas. Como ves, el poder conlleva responsabilidad \u2014la capacidad de responder\u2014. Hay sabidur\u00eda y hay responsabilidad. Cuanto mayores sean tu sabidur\u00eda y tu responsabilidad, mayor ser\u00e1 el poder al que puedes acceder y m\u00e1s energ\u00eda podr\u00e1s transferir de un \u00e1mbito a otro.<\/p>\n<p>Por tanto, cultiva la sabidur\u00eda y la responsabilidad. Esto significa que debes hacer en la vida lo que necesitas hacer \u2014debes reconocer lo que hay que hacer y tener la fuerza para hacerlo\u2014. Entonces todo avanzar\u00e1. Debes encontrar a personas que te ayuden a hacerlo, pues no puedes hacerlo solo.<\/p>\n<p>\u00bfSabes c\u00f3mo el Conocimiento se hace fuerte dentro de ti? La capacidad de saber\u2026 \u00bfsabes c\u00f3mo se fortalece? Se fortalece sigui\u00e9ndola cuando es necesario, a pesar de todo lo dem\u00e1s. Algo surgir\u00e1 y tendr\u00e1s que seguirlo.<\/p>\n","protected":false},"excerpt":{"rendered":"<p>\u201cT\u00fa ya tienes poder. El objetivo aqu\u00ed no es el poder, sino la Sabidur\u00eda\u201d. Ahora hablaremos sobre el uso del poder para el bien. Decimos &#8220;usar&#8221; el poder, que es muy diferente a \u201ctener\u201d poder, y decimos que el poder puede ser usado para el bien. Para que todo el mundo entienda lo que queremos\u2026 <a class=\"read-more\" href=\"https:\/\/www.v6.newmessage.org\/es\/about-text-shortcode\"><span>Read More<\/span><\/a><\/p>\n","protected":false},"author":13,"featured_media":0,"parent":13089,"menu_order":0,"comment_status":"closed","ping_status":"closed","template":"template-leftsidebar.php","meta":{"_monsterinsights_skip_tracking":false,"_monsterinsights_sitenote_active":false,"_monsterinsights_sitenote_note":"","_monsterinsights_sitenote_category":0,"footnotes":""},"categories":[44,76,77,498,483],"tags":[792,791,780,790],"_links":{"self":[{"href":"https:\/\/www.v6.newmessage.org\/es\/wp-json\/wp\/v2\/pages\/29275"}],"collection":[{"href":"https:\/\/www.v6.newmessage.org\/es\/wp-json\/wp\/v2\/pages"}],"about":[{"href":"https:\/\/www.v6.newmessage.org\/es\/wp-json\/wp\/v2\/types\/page"}],"author":[{"embeddable":true,"href":"https:\/\/www.v6.newmessage.org\/es\/wp-json\/wp\/v2\/users\/13"}],"replies":[{"embeddable":true,"href":"https:\/\/www.v6.newmessage.org\/es\/wp-json\/wp\/v2\/comments?post=29275"}],"version-history":[{"count":1,"href":"https:\/\/www.v6.newmessage.org\/es\/wp-json\/wp\/v2\/pages\/29275\/revisions"}],"predecessor-version":[{"id":29276,"href":"https:\/\/www.v6.newmessage.org\/es\/wp-json\/wp\/v2\/pages\/29275\/revisions\/29276"}],"up":[{"embeddable":true,"href":"https:\/\/www.v6.newmessage.org\/es\/wp-json\/wp\/v2\/pages\/13089"}],"wp:attachment":[{"href":"https:\/\/www.v6.newmessage.org\/es\/wp-json\/wp\/v2\/media?parent=29275"}],"wp:term":[{"taxonomy":"category","embeddable":true,"href":"https:\/\/www.v6.newmessage.org\/es\/wp-json\/wp\/v2\/categories?post=29275"},{"taxonomy":"post_tag","embeddable":true,"href":"https:\/\/www.v6.newmessage.org\/es\/wp-json\/wp\/v2\/tags?post=29275"}],"curies":[{"name":"wp","href":"https:\/\/api.w.org\/{rel}","templated":true}]}}