{"id":29267,"date":"2018-09-14T12:10:38","date_gmt":"2018-09-14T12:10:38","guid":{"rendered":"http:\/\/www.newmessage.org\/es\/?page_id=29267"},"modified":"2018-09-14T12:10:38","modified_gmt":"2018-09-14T12:10:38","slug":"secretos-del-cielo-51-100","status":"publish","type":"page","link":"https:\/\/www.v6.newmessage.org\/es\/el-mensaje\/volumen-6\/secretos-del-cielo\/secretos-del-cielo-51-100","title":{"rendered":"Secretos del Cielo | 51-100"},"content":{"rendered":"<div><!-- Versi\u00f3n espa\u00f1ola 1.3 --><\/div>\n\n<div class=\"tabgroup \"><ul class=\"tabs\"><li><a href=\"#tabs-1\">Acerca de<\/a><\/li>\n<li><a href=\"#tabs-2\">Nota<\/a><\/li>\n<li><a href=\"#tabs-3\">M\u00e1s<\/a><\/li><\/ul>\n <div id=\"tabs-1\"><br \/>\n<em>Como le fue revelado a<br \/>\nMarshall Vian Summers<\/em><\/p>\n<p>Texto original: Secrets of Heaven (no disponible online)<\/p>\n<div class=\"toggle toggle-white\"><h4 class=\"trigger \"><span class=\"t_ico\"><\/span><a href=\"#\">M\u00e1s informaci\u00f3n sobre este texto<\/a><\/h4><div class=\"toggle_container \"><br \/>\n<p>Lo que est\u00e1s leyendo en este texto es la transcripci\u00f3n de la voz original de la Asamblea Ang\u00e9lica hablando a trav\u00e9s del Mensajero Marshall Vian Summers.<\/p>\n<p>Aqu\u00ed, la comunicaci\u00f3n original de Dios, que existe m\u00e1s all\u00e1 de las palabras, es traducida al lenguaje y el entendimiento humanos por la Asamblea Ang\u00e9lica que supervisa el mundo. La Asamblea despu\u00e9s entrega el Mensaje de Dios a trav\u00e9s del Mensajero, tras lo cual es transcrito y puesto a tu disposici\u00f3n y a disposici\u00f3n de todos.<\/p>\n<p>En este extraordinario proceso, la Voz de la Revelaci\u00f3n est\u00e1 hablando de nuevo. La Palabra y el Sonido est\u00e1n en el mundo. Que puedas ser el receptor de este regalo de Revelaci\u00f3n y puedas estar abierto a recibir su Mensaje \u00fanico para ti y para tu vida.<\/p>\n<br \/>\n<\/div><\/div><br \/>\n<\/div>\n<div id=\"tabs-2\"><br \/>\n<em>Nota a los lectores:<br \/>\nEsta traducci\u00f3n fue provista a la <\/em>Society<em> por estudiantes del Nuevo Mensaje que se han ofrecido voluntariamente a traducir el texto original en ingl\u00e9s. La publicamos en esta forma inicial para que todo el mundo tenga una oportunidad de interactuar con una porci\u00f3n del Nuevo Mensaje en un su propio idioma.<\/em><br \/>\n<\/div>\n<div id=\"tabs-3\"><\/p>\n<div class=\"panel-10 text-align-center\"><img decoding=\"async\" class=\"aligncenter size-full \" src=\"https:\/\/www.newmessage.org\/es\/wp-content\/uploads\/sites\/40\/2014\/07\/volume6_book1-200x300-200x300.jpg\" alt=\"Secretos del Cielo\" \/><\/div>\n<div class=\"text-align-center text font-size-12 margin-top-10\">Volumen 6 &gt; Secretos del Cielo<\/div>\n<p><\/div>\n\t\t\t\t<div align=\"right\">\n\t\t\t<div class=\"fb-like\" data-href=\"\" data-layout=\"button_count\" data-action=\"like\" data-show-faces=\"false\" data-share=\"false\"><\/div>\n\t\t\t<div class=\"fb-share-button\" data-layout=\"button_count\"> <\/div>\n\t\t\t<div class=\"fb_iframe_widget\"><a href=\"https:\/\/twitter.com\/godsnewmessage?ref_src=twsrc%5Etfw\" class=\"twitter-follow-button\" data-show-count=\"false\">Follow @godsnewmessage<\/a><script async src=\"https:\/\/platform.twitter.com\/widgets.js\" charset=\"utf-8\"><\/script><\/div>\n\t\t\t<\/div> <\/div> \n\n<p><strong>Secreto 51<\/strong><\/p>\n<p>Representamos un buen modelo de relaci\u00f3n, porque no se nos puede ver a menos que lo deseemos. Pero aquellos que nos permiten entrar en su conciencia sienten nuestra Presencia muy profundamente. Si fallecieras y dejaras tu cuerpo esta noche, simplemente te despertar\u00edas en nuestra presencia.<\/p>\n<p><strong>Secreto 52<\/strong><\/p>\n<p>Siempre debes buscar por ti mismo, porque puede que te digamos cosas para desafiarte. Deseamos estimular tu pensamiento, no remplazarlo.<\/p>\n<p><strong>Secreto 53<\/strong><\/p>\n<p>El mundo rara vez estar\u00e1 de acuerdo contigo. Sin embargo, posees algo que todos conocen. Es una oportunidad para pasar por alto lo que tiene poco valor y enfatizar lo que realmente importa.<\/p>\n<p><strong>Secreto 54<\/strong><\/p>\n<p>Descender al mundo requiere una p\u00e9rdida de visi\u00f3n y comunicaci\u00f3n. Es la propia naturaleza del mundo lo que requiere que as\u00ed sea.<\/p>\n<p><strong>Secreto 55<\/strong><\/p>\n<p>Tu peque\u00f1o mundo, aparentemente tan aislado y alejado de la vida, una peque\u00f1a bola flotando en la oscuridad, est\u00e1 rodeado por una vasta red de desarrollos y civilizaciones, tanto dentro como fuera de tu rango de percepci\u00f3n.<\/p>\n<p><strong>Secreto 56<\/strong><\/p>\n<p>A aquellos que responden a una llamada interna se les presta una especial atenci\u00f3n. Ellos tienen mucha importancia. Nosotros nos reunimos a su alrededor. Ellos guardan la promesa de renovaci\u00f3n y rejuvenecimiento para tu mundo.<\/p>\n<p><strong>Secreto 57<\/strong><\/p>\n<p>Solo buscamos ense\u00f1ar lo que sea natural para ti y tus necesidades. Cuando no est\u00e1s en tu cuerpo, en el siguiente plano, muchas cosas te resultan obvias. Tu deseo de regresar y remediar tu situaci\u00f3n es muy grande. Es por eso que quieres regresar aqu\u00ed. Pero hasta que ese prop\u00f3sito inicial se restablece en tu conciencia, est\u00e1s perdido \u2014la supervivencia es tu inter\u00e9s predominante; protegerte a ti mismo es tu principal preocupaci\u00f3n.<\/p>\n<p><strong>Secreto 58<\/strong><\/p>\n<p>Al aprender a comunicarte, reconoces tu renuencia a hacerlo y tu h\u00e1bito de estar ensimismado contigo mismo \u2014de entretenerte con tus propios pensamientos en vez de descubrir lo que es verdad\u2014. Este intento de estar solo produjo sufrimiento y nada m\u00e1s.<\/p>\n<p><strong>Secreto 59<\/strong><\/p>\n<p>Cuando no est\u00e1s en un cuerpo f\u00edsico, te encuentras entre niveles. En esa posici\u00f3n tienes una mayor conciencia de lo que es posible, pero no puedes participar plenamente.<\/p>\n<p><strong>Secreto 60<\/strong><\/p>\n<p>Tu \u00fanico inter\u00e9s est\u00e1 en la relaci\u00f3n. Debido a tus experiencias infelices cuando intentas comunicarte con otros, puede que creas que no vale la pena el esfuerzo. Sin embargo, nunca te rendir\u00e1s.<\/p>\n<p><strong>Secreto 61<\/strong><\/p>\n<p>Para tu propio progreso de aprendizaje, est\u00e1s vinculado a ciertas ligas de seres. No pienses que su establecimiento se limita a asociaciones de naciones y razas de personas. Este sistema impregna e incluye todos los mundos como el tuyo, de los cuales te aseguramos que hay muchos miles.<\/p>\n<p><strong>Secreto 62<\/strong><\/p>\n<p>Todas las Familias convergen en una sola. Pero hasta que eso ocurra, tendr\u00e1s llamadas espec\u00edficas para personas espec\u00edficas. Tendr\u00e1s que tomar cursos de acci\u00f3n espec\u00edficos con personas espec\u00edficas. Se te han asignado maestros espec\u00edficos. T\u00fa no tienes la capacidad de descartarlos.<\/p>\n<p><strong>Secreto 63<\/strong><\/p>\n<p>Para muchos, Jes\u00fas es el s\u00edmbolo y el factor gu\u00eda en su desarrollo. Pero perm\u00edtenos asegurarte que \u00e9l no es el \u00fanico. Existe una mayor asociaci\u00f3n; por tanto, no hagas de \u00e9l un \u00eddolo o un objeto, pues eso es algo que \u00e9l no quiere.<\/p>\n<p><strong>Secreto 64<\/strong><\/p>\n<p>Debemos cuidar mucho nuestras palabras. Ver\u00e1s, eres muy propenso a las predicciones y las cosas sensacionales. No deseamos hablar de tales cosas, pues se abusa de ellas. Es dif\u00edcil usar una informaci\u00f3n espec\u00edfica de una manera constructiva, particularmente cuando habla del futuro. Tu mundo futuro depende de ti y tambi\u00e9n de los dem\u00e1s. No puedes entenderlo solo en base a tu propio camino de vida.<\/p>\n<p><strong>Secreto 65<\/strong><\/p>\n<p>No pienses que el aprendizaje terminar\u00e1 cuando dejes el mundo. Este mundo es solo un comienzo.<\/p>\n<p><strong>Secreto 66<\/strong><\/p>\n<p>Para protegerte en tu aprendizaje y asegurar tu progreso, Nosotros hemos permanecido ocultos.<\/p>\n<p><strong>Secreto 67<\/strong><\/p>\n<p>Mi Maestro me habl\u00f3 de estas cosas hace m\u00e1s de dieciocho mil a\u00f1os. No le cre\u00ed. \u00c9l vino una y otra vez y yo no quer\u00eda escuchar, pues me parec\u00eda irrelevante. Eran tiempos dif\u00edciles. El antiguo imperio hab\u00eda pasado. La civilizaci\u00f3n se dispers\u00f3 y se perdi\u00f3, y muchos grandes fueron conducidos bajo tierra y destruidos. Eran perseguidos. Los registros de la historia fueron destruidos. Fue un per\u00edodo de grandes desgracias. Frente a tales calamidades, las palabras que \u00e9l dijo apenas me parecieron relevantes. Y aun as\u00ed eleg\u00ed escuchar, porque hab\u00eda escuchado antes sus palabras. Ellas tocaron en m\u00ed un acorde antiguo, un recuerdo ancestral. Record\u00e9 una experiencia antes de nacer que no pude olvidar: Me colocaron en un estrado y me prepararon para entrar al mundo. Arrojaron una luz sobre mi cabeza y dijeron: \u201cNo olvidar\u00e1s esta luz\u201d. Y record\u00e9. Mi Maestro, quien ahora est\u00e1 conmigo igual que antes, me prepar\u00f3. Las cosas que t\u00fa encuentras son mucho menos dif\u00edciles, aunque tienes muchas m\u00e1s necesidades y complejidades en tu vida que nosotros. Comida y refugio: esas eran nuestras preocupaciones. Tienes muchas preocupaciones con las que nosotros ni siquiera so\u00f1\u00e1bamos.<\/p>\n<p><strong>Secreto 68<\/strong><\/p>\n<p>Estar dentro de un cuerpo en el mundo requiere cierto nivel de ignorancia. Ac\u00e9ptalo. No busques tener una conciencia completa, de lo contrario descuidar\u00e1s lo que realmente puedes hacer aqu\u00ed.<\/p>\n<p><strong>Secreto 69<\/strong><\/p>\n<p>Mi Maestro es antiguo. \u00c9l no existe en mi nivel ahora. Me habla puramente a trav\u00e9s del pensamiento. Nuestros pensamientos son compartidos; as\u00ed es como lo conozco. \u00c9l ha dejado de ser un individuo separado, y aun as\u00ed, es f\u00e1cilmente reconocible. Sus pensamientos son demasiado refinados para ti. Pasar\u00edan por tu mente como si esta no estuviera all\u00ed.<\/p>\n<p><strong>Secreto 70<\/strong><\/p>\n<p>Somos muy cuidadosos. Ya hay mucha controversia y filosof\u00eda respecto a los Grandes Maestros y mucha evidencia parcial. Sin embargo, te aseguramos que la naturaleza y la organizaci\u00f3n de los Maestros est\u00e1 m\u00e1s all\u00e1 de tu capacidad de apreciaci\u00f3n.<\/p>\n<p><strong>Secreto 71<\/strong><\/p>\n<p>Las tragedias que percibes en tu mundo son menores. Todo lo que hacen es destruir el proceso de comunicaci\u00f3n. El prop\u00f3sito del ataque no es otro que inhabilitar la comunicaci\u00f3n.<\/p>\n<p><strong>Secreto 72<\/strong><\/p>\n<p>Tu trabajo ahora est\u00e1 dentro del mundo. No puedes irte de aqu\u00ed hasta que hayas terminado tu trabajo. Si destruyes tu veh\u00edculo de aprendizaje, simplemente tendr\u00e1s que esperar y regresar de nuevo. De hecho, estar\u00e1s ansioso por regresar, porque, mientras esperas, reconocer\u00e1 las oportunidades que perdiste. Al reconocer tus errores, estar\u00e1s ansioso por regresar.<\/p>\n<p><strong>Secreto 73<\/strong><\/p>\n<p>Los ni\u00f1os sue\u00f1an con ser adultos, pero deben seguir siendo ni\u00f1os para poder crecer.<\/p>\n<p><strong>Secreto 74<\/strong><\/p>\n<p>Tenemos la llave, pero t\u00fa posees el tesoro. Nosotros no podemos contribuir sin ti, y t\u00fa no puedes contribuir sin nosotros. Es un buen Plan.<\/p>\n<p><strong>Secreto 75<\/strong><\/p>\n<p>Muchos de ustedes est\u00e1n experimentando un gran cambio, lo sabemos. No es una tarea f\u00e1cil. Pero no puedes volver a tus valores anteriores, porque has visto que no satisfacen tu necesidad. Debes seguir avanzando.<\/p>\n<p><strong>Secreto 76<\/strong><\/p>\n<p>Dinos, \u00bfqu\u00e9 es lo que t\u00fa sabes? Ver\u00e1s, si respondi\u00e9ramos a tus preguntas, dir\u00edas: \u201cMis Maestros dijeron esto y dijeron aquello, y mis Maestros me dijeron que hiciera esto, y yo no quiero hacerlo\u201d. Y entonces ser\u00eda el problema de tus Maestros. \u00bfQu\u00e9 es lo que t\u00fa sabes?<\/p>\n<p><strong>Secreto 77<\/strong><\/p>\n<p>Todos ustedes son miembros de una Familia Espiritual. Sobre esto no tienes control. Esta revelaci\u00f3n llegar\u00e1 a su tiempo, aunque tal vez no dentro de tu propia vida, a menos que sea importante que la reconozcas. Cuando salgas de este mundo, te reagrupar\u00e1s con aquellos que te han atendido, as\u00ed como con aquellos que han entrado en el mundo contigo para aprender en paralelo. Quiz\u00e1s a muchos de ellos nunca los encontrar\u00e1s en el mundo, pero a algunos s\u00ed los encontrar\u00e1s. Has estado trabajando con este grupo por alg\u00fan tiempo. Es por eso que existe un gran reconocimiento entre los que comparten tu cooperaci\u00f3n grupal. Tu grupo tambi\u00e9n interact\u00faa con otros grupos. No puedes imaginar la complejidad de esto. Sin embargo, opera sin desviarse de la ley natural. Tu grupo Familiar tiene un nombre, porque a este nivel los nombres son importantes para ti. M\u00e1s all\u00e1 de este nivel, tienen sonidos o frecuencias.<\/p>\n<p><strong>Secreto 78<\/strong><\/p>\n<p>Las Familias Espirituales se establecieron antes de que existiera el universo f\u00edsico. Se establecieron como un plan de uni\u00f3n, organizando a todos los seres separados en un procedimiento de aprendizaje que les servir\u00eda con precisi\u00f3n en sus necesidades individuales, a la vez que los organizaba en grupos de aprendizaje que aspirar\u00edan a niveles cada vez m\u00e1s altos de comprensi\u00f3n. Estos niveles trascender\u00edan todos los planos f\u00edsicos hasta el et\u00e9rico y m\u00e1s all\u00e1. El establecimiento de la Familia estaba de acuerdo con el gran Plan, porque, en efecto, existe un gran Plan.<\/p>\n<p><strong>Secreto 79<\/strong><\/p>\n<p>El \u00fanico prop\u00f3sito de presentar esta idea de las Familias Espirituales en este momento, es prepararte para el contacto con la vida m\u00e1s all\u00e1 del mundo. Dentro de la Tierra esto significa poco. Sin embargo, la Tierra forma parte de una Comunidad Mayor.<\/p>\n<p><strong>Secreto 80<\/strong><\/p>\n<p>En este momento, conforme crezca tu compromiso de participar, tambi\u00e9n debe crecer tu sabidur\u00eda. Esta no es una tarea f\u00e1cil, porque debes participar sin reservas en algo que no puedes entender y que tal vez solo experimentas raras veces.<\/p>\n<p><strong>Secreto 81<\/strong><\/p>\n<p>Todas estas ideas deben purificarse y limpiarse de las asociaciones m\u00e1s antiguas que hayas tenido con ellas, porque existe una gran desconfianza. Nosotros lo reconocemos.<\/p>\n<p><strong>Secreto 82<\/strong><\/p>\n<p>A los estudiantes del Conocimiento que est\u00e1n aprendiendo a aceptar nuestra Presencia, les honramos por estar aqu\u00ed. De nuevo, reconocemos las dificultades que implica. Es una transici\u00f3n de un nivel de pensamiento a otro. Los niveles tienen poco que ver uno con otro, y para alcanzar un nivel m\u00e1s alto debes abandonar el anterior. Las etapas intermedias de transici\u00f3n pueden ser muy confusas. Sin embargo, lo que te motiva est\u00e1 m\u00e1s all\u00e1 de tu control, y este es el poder que buscas.<\/p>\n<p><strong>Secreto 83<\/strong><\/p>\n<p>El Conocimiento trae responsabilidad, y el prop\u00f3sito siempre tiene una llamada. De hecho, la funci\u00f3n del prop\u00f3sito es responder a una llamada. No puedes entender tu prop\u00f3sito sin actuar en consecuencia. Esta acci\u00f3n requerir\u00e1 quiz\u00e1 una mayor participaci\u00f3n y comprensi\u00f3n de la que jam\u00e1s hayas conocido.<\/p>\n<p><strong>Secreto 84<\/strong><\/p>\n<p>Cuando sabes, sabes, y tu elecci\u00f3n ya est\u00e1 hecha. En este punto, esta es la experiencia que querr\u00e1s buscar en tu toma de decisiones. Las decisiones tomadas sin esto son simplemente presunciones. Puede que en ellas haya mucha emoci\u00f3n, pero no tienen base. Aquellos que tienen un prop\u00f3sito no est\u00e1n cargados con decisiones.<\/p>\n<p><strong>Secreto 85<\/strong><\/p>\n<p>Aprendes a relacionarte con los Maestros que te son asignados para desarrollar tus habilidades y revelar tu prop\u00f3sito. Ser\u00e1 mucho m\u00e1s f\u00e1cil para ellos, ya que no est\u00e1n enga\u00f1ados ni confundidos. No puedes imaginar una asistencia tan grande. Pero entrar en esta relaci\u00f3n es adscribirte a tu prop\u00f3sito y su llamada. No puedes usar tu prop\u00f3sito para ti mismo, porque la mente no puede usar el Esp\u00edritu.<\/p>\n<p><strong>Secreto 86<\/strong><\/p>\n<p>Lo que Dios te ha dado es una relaci\u00f3n completa y un prop\u00f3sito superior. Ver\u00e1s ambas cosas como cargas hasta que las reconozcas como los medios para recuperar tu libertad.<\/p>\n<p><strong>Secreto 87<\/strong><\/p>\n<p>Por supuesto, nuestras palabras no pueden expresar la esencia de la Ense\u00f1anza que te comunicamos. Esto siempre debe suceder en lo m\u00e1s profundo de ti. Pero nuestras palabras traen consigo un recuerdo.<\/p>\n<p><strong>Secreto 88<\/strong><\/p>\n<p>Es esencial que el mundo lleve a cabo su transici\u00f3n a la Comunidad Mayor. Es el final de la infancia, y con ella terminar\u00e1n muchas cosas. No temas una destrucci\u00f3n completa, porque ese no es el camino de las cosas. Preoc\u00fapate en cambio por apoyar al mundo a trav\u00e9s de este estado de transici\u00f3n.<\/p>\n<p><strong>Secreto 89<\/strong><\/p>\n<p>Es para tu protecci\u00f3n que el Plan est\u00e9 completamente fuera de tu control. No puedes gobernarlo, cambiarlo o convertirlo para que sirva a tus propios dise\u00f1os. Es pr\u00e1cticamente imposible. Por tanto, est\u00e1 seguro para tu protecci\u00f3n.<\/p>\n<p><strong>Secreto 90<\/strong><\/p>\n<p>Lo que establece una comunidad nunca es el carisma de un l\u00edder, sino la Presencia de aquello que gu\u00eda al l\u00edder. Esta es la verdadera comunidad. Esto es lo que debes aprender y ense\u00f1ar.<\/p>\n<p><strong>Secreto 91<\/strong><\/p>\n<p>El desarrollo en el individuo implica siempre la capacidad de participar en relaci\u00f3n. Si piensas en tu propio avance de esta manera, reconocer\u00e1s tu verdadero camino. Ha habido muchos que han sido rechazados porque no han podido ver esto. Aunque sus pr\u00e1cticas les dieron una gran comprensi\u00f3n y penetraci\u00f3n, no pudieron unirse a la Comunidad Mayor porque no hab\u00edan desarrollado esta capacidad.<\/p>\n<p><strong>Secreto 92<\/strong><\/p>\n<p>En efecto, el reconocimiento de la Jerarqu\u00eda asigna todo el poder y la autoridad m\u00e1s all\u00e1 de cualquier sociedad. Para que una sociedad lo permita y le d\u00e9 licencia, debe haber alcanzado un estado elevado en su desarrollo. Este mundo no ofrece ese lujo, y hay pocos que lo hagan. Cuando s\u00ed ocurre, el mundo puede realmente refinar su expresi\u00f3n manifiesta y pasar a otra dimensi\u00f3n. Hay mundos que han desaparecido literalmente de la vista de aquellos que se quedan atr\u00e1s.<\/p>\n<p><strong>Secreto 93<\/strong><\/p>\n<p>Y entonces tenemos la paradoja de las palabras. \u00bfC\u00f3mo puedes existir como individuo pero no ser un individuo? \u00bfC\u00f3mo puedes tener libertad total y ninguna opci\u00f3n? Estas cosas no pueden entenderse aqu\u00ed. De hecho, pueden causar miedo y malas interpretaciones. Es por eso que el Plan Mayor establece en cada mundo su propio proceso educativo, dependiendo de la naturaleza de las costumbres de ese mundo, de la composici\u00f3n de sus sociedades y de los dilemas que experimenta.<\/p>\n<p><strong>Secreto 94<\/strong><\/p>\n<p>Hay muchos Maestros que sirven a este mundo, porque es el mundo de su linaje. Existen Maestros de estos Maestros que sirven a la Comunidad Mayor en general, y hay Maestros de esos Maestros, y as\u00ed sucesivamente. No se te pide que lo comprendas, porque no podr\u00edas estar en el mundo y tener este entendimiento. Pero a todos se les pide que reciban a aquellos que han sido enviados para ayudarlos y guiarlos.<\/p>\n<p><strong>Secreto 95<\/strong><\/p>\n<p>Piensas que tu iluminaci\u00f3n ocurre dentro de ti en solitario, pero todo progreso es fruto de una relaci\u00f3n. Tu iluminaci\u00f3n es el reconocimiento de una relaci\u00f3n completa.<\/p>\n<p><strong>Secreto 96<\/strong><\/p>\n<p>Los Maestros no lo saben todo, pero poseen la Sabidur\u00eda que debes buscar y lograr. Ellos tambi\u00e9n son guiados. De esta manera, no hay nadie que no sea atendido, porque todos forman parte.<\/p>\n<p><strong>Secreto 97<\/strong><\/p>\n<p>Ser\u00eda sabio renunciar por completo a la idea de la iluminaci\u00f3n personal. Es un nombre inapropiado. La persona que buscas iluminar es el obst\u00e1culo que se interpone en tu camino. Qui\u00e9n eres no es la persona que buscas iluminar.<\/p>\n<p><strong>Secreto 98<\/strong><\/p>\n<p>A los Maestros no les preocupa cualquier intento de usar tu relaci\u00f3n con ellos para satisfacer tus fines personales. Ellos reconocen su prop\u00f3sito y nada m\u00e1s. Y como no tienen fines personales, no pueden corromper el v\u00ednculo que estableces con ellos.<\/p>\n<p><strong>Secreto 99<\/strong><\/p>\n<p>Si tienes un prop\u00f3sito, lo ense\u00f1ar\u00e1s. Si no tienes un prop\u00f3sito, debes buscarlo.<\/p>\n<p><strong>Secreto 100<\/strong><\/p>\n<p>Todos quieren conocer la respuesta sin hacer el viaje. Sin embargo, el viaje es la respuesta.<\/p>\n","protected":false},"excerpt":{"rendered":"<p>Secreto 51 Representamos un buen modelo de relaci\u00f3n, porque no se nos puede ver a menos que lo deseemos. Pero aquellos que nos permiten entrar en su conciencia sienten nuestra Presencia muy profundamente. Si fallecieras y dejaras tu cuerpo esta noche, simplemente te despertar\u00edas en nuestra presencia. Secreto 52 Siempre debes buscar por ti mismo,\u2026 <a class=\"read-more\" href=\"https:\/\/www.v6.newmessage.org\/es\/about-text-shortcode\"><span>Read More<\/span><\/a><\/p>\n","protected":false},"author":13,"featured_media":0,"parent":13075,"menu_order":0,"comment_status":"closed","ping_status":"closed","template":"template-leftsidebar.php","meta":{"_monsterinsights_skip_tracking":false,"_monsterinsights_sitenote_active":false,"_monsterinsights_sitenote_note":"","_monsterinsights_sitenote_category":0,"footnotes":""},"categories":[76,77,499],"tags":[659],"_links":{"self":[{"href":"https:\/\/www.v6.newmessage.org\/es\/wp-json\/wp\/v2\/pages\/29267"}],"collection":[{"href":"https:\/\/www.v6.newmessage.org\/es\/wp-json\/wp\/v2\/pages"}],"about":[{"href":"https:\/\/www.v6.newmessage.org\/es\/wp-json\/wp\/v2\/types\/page"}],"author":[{"embeddable":true,"href":"https:\/\/www.v6.newmessage.org\/es\/wp-json\/wp\/v2\/users\/13"}],"replies":[{"embeddable":true,"href":"https:\/\/www.v6.newmessage.org\/es\/wp-json\/wp\/v2\/comments?post=29267"}],"version-history":[{"count":1,"href":"https:\/\/www.v6.newmessage.org\/es\/wp-json\/wp\/v2\/pages\/29267\/revisions"}],"predecessor-version":[{"id":29268,"href":"https:\/\/www.v6.newmessage.org\/es\/wp-json\/wp\/v2\/pages\/29267\/revisions\/29268"}],"up":[{"embeddable":true,"href":"https:\/\/www.v6.newmessage.org\/es\/wp-json\/wp\/v2\/pages\/13075"}],"wp:attachment":[{"href":"https:\/\/www.v6.newmessage.org\/es\/wp-json\/wp\/v2\/media?parent=29267"}],"wp:term":[{"taxonomy":"category","embeddable":true,"href":"https:\/\/www.v6.newmessage.org\/es\/wp-json\/wp\/v2\/categories?post=29267"},{"taxonomy":"post_tag","embeddable":true,"href":"https:\/\/www.v6.newmessage.org\/es\/wp-json\/wp\/v2\/tags?post=29267"}],"curies":[{"name":"wp","href":"https:\/\/api.w.org\/{rel}","templated":true}]}}