{"id":29159,"date":"2018-05-03T16:28:06","date_gmt":"2018-05-03T16:28:06","guid":{"rendered":"http:\/\/www.newmessage.org\/es\/?page_id=29159"},"modified":"2019-03-14T15:36:56","modified_gmt":"2019-03-14T15:36:56","slug":"la-union-profunda-con-dios","status":"publish","type":"page","link":"https:\/\/www.v6.newmessage.org\/es\/el-mensaje\/otras-revelaciones\/la-union-profunda-con-dios","title":{"rendered":"La uni\u00f3n profunda con Dios"},"content":{"rendered":"<div><!--Versi\u00f3n espa\u00f1ola 1.4--><\/div>\n\n<div class=\"tabgroup \"><ul class=\"tabs\"><li><a href=\"#tabs-1\">Acerca de<\/a><\/li>\n<li><a href=\"#tabs-2\">Nota<\/a><\/li><\/ul>\n <div id=\"tabs-1\"><br \/>\n<i>Como le fue revelado a<\/i><br \/>\n<i>Marshall Vian Summers<\/i><br \/>\n<i>el 24 de mayo de 2014<\/i><br \/>\n<i>en Boulder, Colorado, Estados Unidos<\/i><\/p>\n<p>Texto original: <a href=\"https:\/\/www.newmessage.org\/the-message\/volume-1\/new-life\/deep-union-god\">The Deep Union with God<\/a><\/p>\n<p>Escucha el audio original aqu\u00ed (en ingl\u00e9s):<\/p>\n<div id=\"jquery_jplayer_1\" class=\"jp-jplayer\"><\/div>\n\t\t\t\t<div id=\"jp_container_1\" class=\"jp-audio\">\n\t\t\t\t<div class=\"jp-type-single\"><div class=\"jp-control\"><a href=\"javascript:;\" class=\"jp-play\" tabindex=\"1\">play<\/a><a href=\"javascript:;\" class=\"jp-pause\" tabindex=\"1\">pause<\/a><\/div> <div class=\"jp-gui jp-interface\"><div class=\"jp-volume\"><div class=\"jp-volume-bar\"><div class=\"jp-volume-bar-value\"><\/div><\/div><\/div><div class=\"jp-progress\"><div class=\"jp-seek-bar\"><div class=\"jp-play-bar\"><\/div><\/div><\/div><\/div>\t\t\t\t\t<div class=\"jp-no-solution\"><span>Update Required<\/span>To play the media you will need to either update your browser to a recent version or update your <a href=\"http:\/\/get.adobe.com\/flashplayer\/\" target=\"_blank\">Flash plugin<\/a>.<\/div><\/div><\/div>\n\t\t\t<script type='text\/javascript'>\n\t\t\t\tjQuery(document).ready(function() {\n\t\t\t\t\tif (typeof (sermonMedia) == 'function') {\n\t\t\t\t\t\tsermonMedia.addAudio('', \"jquery_jplayer_1\");\n\t\t\t\t\t}\n\t\t\t\t\tjQuery.jPlayer.timeFormat.showHour = true;\n\t\t\t\t\tjQuery(\"#jquery_jplayer_1\").jPlayer({\n\t\t\t\t\t\tready: function(event) {\n\t\t\t\t\t\t\tjQuery(this).jPlayer(\"setMedia\", {mp3: 'https:\/\/www.newmessage.org\/av\/the-deep-union-with-god.mp3'});\n\t\t\t\t\t\t},\n\t\t\t\t\t\tplay: function() {\n\t\t\t\t\t\t\tjQuery(this).jPlayer(\"pauseOthers\");\n\t\t\t\t\t\t},\n\t\t\t\t\t\tswfPath: ThemeData.directory_uri+\"\/swf\",\n\t\t\t\t\t\tsolution: \"html, flash\",\n\t\t\t\t\t\tpreload: \"metadata\",\n\t\t\t\t\t\twmode: \"window\",\n\t\t\t\t\t\tsupplied: \"mp3\",\n\t\t\t\t\t\tcssSelectorAncestor: '#jp_container_1'\n\t\t\t\t\t});\n\t\t\t\t});\n\t\t\t<\/script><\/p>\n<p><a title=\"The Deep Union with God\" href=\"https:\/\/www.newmessage.org\/av\/the-deep-union-with-god.mp3\">Descargar<\/a> (cliquea en el bot\u00f3n derecho y selecciona \u201cguardar enlace como\u201d)<\/p>\n<div class=\"toggle toggle-white\"><h4 class=\"trigger \"><span class=\"t_ico\"><\/span><a href=\"#\">M\u00e1s informaci\u00f3n sobre este texto<\/a><\/h4><div class=\"toggle_container \"><br \/>\n<p>Lo que est\u00e1s leyendo en este texto es la transcripci\u00f3n de la voz original de la Asamblea Ang\u00e9lica hablando a trav\u00e9s del Mensajero Marshall Vian Summers.<\/p>\n<p>Aqu\u00ed, la comunicaci\u00f3n original de Dios, que existe m\u00e1s all\u00e1 de las palabras, es traducida al lenguaje y el entendimiento humanos por la Asamblea Ang\u00e9lica que supervisa el mundo. La Asamblea despu\u00e9s entrega el Mensaje de Dios a trav\u00e9s del Mensajero, tras lo cual es transcrito y puesto a tu disposici\u00f3n y a disposici\u00f3n de todos.<\/p>\n<p>En este extraordinario proceso, la Voz de la Revelaci\u00f3n est\u00e1 hablando de nuevo. La Palabra y el Sonido est\u00e1n en el mundo. Que puedas ser el receptor de este regalo de Revelaci\u00f3n y puedas estar abierto a recibir su Mensaje \u00fanico para ti y para tu vida.<\/p>\n<br \/>\n<\/div><\/div><br \/>\n<\/div>\n<div id=\"tabs-2\"><br \/>\n<em>Nota a los lectores:<br \/>\nEsta traducci\u00f3n fue provista a la <\/em>Society<em> por estudiantes del Nuevo Mensaje que se han ofrecido voluntariamente a traducir el texto original en ingl\u00e9s. La publicamos en esta forma inicial para que todo el mundo tenga una oportunidad de interactuar con una porci\u00f3n del Nuevo Mensaje en un su propio idioma.<\/em><br \/>\n<\/div>\n\t\t\t\t<div align=\"right\">\n\t\t\t<div class=\"fb-like\" data-href=\"\" data-layout=\"button_count\" data-action=\"like\" data-show-faces=\"false\" data-share=\"false\"><\/div>\n\t\t\t<div class=\"fb-share-button\" data-layout=\"button_count\"> <\/div>\n\t\t\t<div class=\"fb_iframe_widget\"><a href=\"https:\/\/twitter.com\/godsnewmessage?ref_src=twsrc%5Etfw\" class=\"twitter-follow-button\" data-show-count=\"false\">Follow @godsnewmessage<\/a><script async src=\"https:\/\/platform.twitter.com\/widgets.js\" charset=\"utf-8\"><\/script><\/div>\n\t\t\t<\/div> <\/div> \n\n<p>La realidad de Dios y su Plan para el universo sobrepasan tu capacidad y comprensi\u00f3n intelectual, pero la oportunidad de experimentar la uni\u00f3n profunda con Dios est\u00e1 siempre presente en tu interior.<\/p>\n<p>Esta es la experiencia de una relaci\u00f3n profunda, la relaci\u00f3n m\u00e1s profunda que puedes tener y tendr\u00e1s. Es una relaci\u00f3n que ya posees, porque aunque tu alma deambula por esta realidad f\u00edsica, viviendo en un estado separado de conciencia, la parte m\u00e1s profunda de ti nunca dej\u00f3 a Dios. Esa profunda uni\u00f3n con Dios todav\u00eda vive en tu interior, esperando a ser descubierta, experimentada y cumplida.<\/p>\n<p>Tener una comprensi\u00f3n intelectual de Dios siempre ser\u00e1 muy insuficiente e inadecuado. Aunque las personas pueden basar sus creencias, ideas y admoniciones en dicha comprensi\u00f3n, ello indica que no est\u00e1n experimentando la uni\u00f3n profunda, y que est\u00e1n tratando de confiar en que las facultades de su intelecto les digan qu\u00e9 es realmente la realidad.<\/p>\n<p>Cuando Nosotros hablamos de Dios, estamos hablando del Dios del universo entero y todas sus dimensiones, con innumerables razas de seres e innumerables religiones, todas diferentes en forma y orientaci\u00f3n. Estamos hablando de un Dios de un universo no humano donde la libertad es rara.<\/p>\n<p>Por tanto, nunca pienses que el ser humano fue creado a semejanza de Dios, porque Dios no tiene semejanza, estando siempre presente e impregn\u00e1ndolo todo. Porque aunque vivas en Separaci\u00f3n y est\u00e9s recorriendo la vida en este mundo, sigues siendo parte de la C\u00ad\u00ad\u00adreaci\u00f3n, la cual nunca cambia y es para siempre, sin principio ni fin.<\/p>\n<p>Tales cosas est\u00e1n claramente m\u00e1s all\u00e1 de la imaginaci\u00f3n y la capacidad del intelecto para comprenderlas. No puedes crear im\u00e1genes al respecto, porque no hay imagen que sea eterna. No podr\u00e1s realmente crear conceptos adecuados, porque los conceptos no son eternos y est\u00e1s tratando con algo que s\u00ed lo es. La imaginaci\u00f3n solo puede considerar cosas en el tiempo, en la realidad f\u00edsica. Es por eso que no puede concebir la paz. No puede concebir la verdadera ecuanimidad. No puede concebir la verdadera felicidad. No puede concebir una relaci\u00f3n pura. Porque estas cosas son eternas.<\/p>\n<p>Por tanto, tu intelecto est\u00e1 dise\u00f1ado para navegar el mundo y resolver problemas en \u00e9l, ya que este es un mundo para resolver problemas. Y hay Grandes Olas de cambio en el horizonte que desafiar\u00e1n tu intelecto m\u00e1s de lo que ahora puedes imaginar. Pero tu experiencia de relaci\u00f3n verdadera, felicidad profunda y ecuanimidad requiere una orientaci\u00f3n diferente en tu interior. Est\u00e1 bien tener im\u00e1genes que representen esto de alguna manera, pero nunca confundas estas im\u00e1genes, ideas y par\u00e1bolas con la realidad misma, que es mucho mayor y es completa.<\/p>\n<p>Necesitas una uni\u00f3n con Dios para conocer tu fuerza m\u00e1s profunda y ser capaz de comprender que est\u00e1s en el mundo con prop\u00f3sito superior, un prop\u00f3sito que te ser\u00e1 revelado gradualmente a medida que avances.<\/p>\n<p>Aqu\u00ed debes alejarte de la vida en la superficie y de tu mente operando en la superficie, una mente que siempre est\u00e1 atrapada en planes, metas y resoluci\u00f3n de problemas, as\u00ed como en la fantas\u00eda, el conflicto y la disociaci\u00f3n. Aqu\u00ed enfocas tu atenci\u00f3n hacia la gran quietud y tranquilidad que existe bajo la superficie de la mente. Encuentras m\u00e9todos para adentrarte en este \u00e1mbito m\u00e1s profundo y expansivo, que es muy diferente a tu vida en la superficie.<\/p>\n<p>Tu mente es como el oc\u00e9ano: siempre turbulento en su superficie, azotado por los vientos del mundo, aparentemente ca\u00f3tico y sin un claro prop\u00f3sito o direcci\u00f3n. Sin embargo, cuando te sumerges en las profundidades encuentras una realidad completamente distinta. All\u00ed est\u00e1 silencioso; es una realidad omnipresente, que apenas muestra nada de los impactos que est\u00e1n ocurriendo en la superficie. All\u00ed arriba podr\u00eda estar sucediendo la tormenta m\u00e1s grande del mundo, pero cuando est\u00e1s en las profundidades, de hecho incluso justo debajo de la superficie, encuentras una realidad y una experiencia completamente diferentes.<\/p>\n<p>All\u00ed no vas para obtener respuestas, buscar dispensaciones o rezar pidiendo solo resultados favorables. Vas simplemente para estar en la Presencia.<\/p>\n<p>La Nueva Revelaci\u00f3n de Dios para el mundo te ha dado los Pasos al Conocimiento, la gran ense\u00f1anza universal que te preparar\u00e1 para esta involucraci\u00f3n m\u00e1s profunda, de manera que puedas comenzar a comprender que vives con dos mentes: tu mente mundana, que ha sido condicionada por tu familia, tu cultura y probablemente tu religi\u00f3n, y la mente m\u00e1s profunda del Conocimiento, que representa la parte de ti que todav\u00eda est\u00e1 conectada a Dios. Ambas mentes son completamente diferentes.<\/p>\n<p>El Conocimiento en tu interior es silencioso y observador. Siempre est\u00e1 abierto a la Voluntad del Creador. No te hablar\u00e1 particularmente con palabras, salvo tal vez en frases muy cortas. Es m\u00e1s probable que te d\u00e9 impulsos: contenci\u00f3n para detenerte o aliento para avanzar cuando eso es necesario. Es un poder y una fuerza en tu interior. Representa la corriente m\u00e1s profunda de tu vida. Solo el Conocimiento contiene tu verdadero prop\u00f3sito y el reconocimiento de aquellos que servir\u00e1n a este prop\u00f3sito y desempe\u00f1ar\u00e1n un papel importante en su descubrimiento y su expresi\u00f3n. Tambi\u00e9n es tu experiencia de uni\u00f3n con Dios, que es silenciosa y omnipresente.<\/p>\n<p>Aqu\u00ed tu deseo y tu capacidad deben crecer. Tu deseo debe crecer, porque debes ver que esto necesita ser alimentado, restaurado y fortalecido, de modo que con el tiempo puedas ser m\u00e1s valiente, m\u00e1s claro y m\u00e1s capaz de participar en el mundo en nombre de un prop\u00f3sito superior.<\/p>\n<p>Necesitas esta uni\u00f3n profunda, porque se trata de tu relaci\u00f3n primordial. Tu incapacidad para experimentarla representa tu incapacidad para experimentar reconocimiento, armon\u00eda e incluso intimidad con otros.<\/p>\n<p>Lo que limita tu involucraci\u00f3n con Dios es lo que limita tu involucraci\u00f3n con las personas y con el mundo en general. Es por eso que las personas viven en sus ideas, creencias y conceptos, rara vez en el momento, sin experimentar casi nunca la Presencia de Dios y el significado de su existencia.<\/p>\n<p>Aqu\u00ed, en esta involucraci\u00f3n m\u00e1s profunda, tus ideas no son importantes; tus creencias son solo impedimentos; tus miedos, preocupaciones, planes y metas son simplemente distracciones. Porque en la uni\u00f3n profunda no son importantes.<\/p>\n<p>Aqu\u00ed comienzas a expandir tu capacidad. En este momento quiz\u00e1 solo puedes experimentar esto durante uno o dos segundos, por periodos muy breves, antes de que tu mente se cierre y suba a la superficie. Experimentar\u00e1s esto repetidamente a medida que comiences a prepararte para la involucraci\u00f3n.<\/p>\n<p>Ver\u00e1s lo dominado que est\u00e1s por tus pensamientos y por el mundo a tu alrededor. Debes verlo para entender tu estado actual y el estado de casi todas las personas a tu alrededor. No te culpes; no es sino la evidencia de vivir en Separaci\u00f3n.<\/p>\n<p>Sin embargo, a medida que tomes los Pasos al Conocimiento construir\u00e1s tu capacidad para experimentar la inefable Presencia de Dios, y encontrar\u00e1s maneras de sumergirte bajo la superficie. Nosotros te recomendamos que repitas las palabras <em>Na Rahn<\/em>, <em>Na Rahn<\/em>, poniendo en ellas toda su atenci\u00f3n. Es como un elevador que puede llevarte a las profundidades, bajo la superficie de la mente.<\/p>\n<p>Las relaciones son invisibles. La verdadera evidencia de una gran relaci\u00f3n no es lo que ves y tocas, sino lo que sientes y sabes, ya se trate de una gran relaci\u00f3n con una persona, con el trabajo en el mundo, con un lugar o con el mundo entero.<\/p>\n<p>Tu relaci\u00f3n primordial es con Dios. Es invisible. Lo que t\u00fa eres es realmente invisible. Quien eras antes de venir al mundo y quien ser\u00e1s cuando te vayas de \u00e9l, es algo que no puedes percibir con tus ojos.<\/p>\n<p>Entras en un \u00e1mbito m\u00e1s profundo, y est\u00e1 oscuro; pero a medida que contin\u00faas, est\u00e1 lleno de Presencia. Cada momento que puedas dedicar a esta Presencia \u2014comprometido, sin preguntas ni conceptos, sin la superficie de tu mente\u2014 te restaurar\u00e1 y te dar\u00e1 una fuerza y un coraje que no podr\u00edas recibir de ninguna otra forma.<\/p>\n<p>Cuando escuchas Nuestras Voces, habl\u00e1ndote ahora unidas, ello puede evocar este sentido profundo de relaci\u00f3n, el poder invisible de la verdadera uni\u00f3n. Cada momento que pasas aqu\u00ed te vuelves menos esclavo del mundo, menos esclavo de tus sentidos, menos esclavo de tus miedos y obligaciones con los dem\u00e1s, menos esclavo de tus fantas\u00edas y deseos \u2014todo ello se ve debilitado con cada momento que pasas profundamente en la Presencia.<\/p>\n<p>Hay otro gran beneficio aqu\u00ed, y es que cuando esta conexi\u00f3n se va construyendo cada vez m\u00e1s, el Conocimiento podr\u00e1 hablarte y t\u00fa podr\u00e1s escucharlo y sentirlo. El Conocimiento te habla de todos modos, pero rara vez lo escuchas o lo sientes. Sin embargo, ahora est\u00e1s construyendo la conexi\u00f3n, que es mucho m\u00e1s importante que obtener ideas o respuestas a tus preguntas, ya que, construyendo paso a paso esta conexi\u00f3n, todo lo que necesitas ver, saber y escuchar podr\u00e1 venir a ti y ser\u00e1s capaz de escucharlo. Ser\u00e1s capaz de permanecer con ello y de sacar adelante lo que sea que requiera en tu vida.<\/p>\n<p>Cuando te canses de las relaciones vac\u00edas, de las b\u00fasquedas sin esperanza, del costo de tratar de obtener lo que quieres del mundo y de toda la corrupci\u00f3n que eso crea en tu interior y a tu alrededor, buscar\u00e1s la uni\u00f3n profunda cada vez m\u00e1s. Ninguna otra cosa podr\u00e1 darte lo que realmente necesitas, las verdaderas necesidades de tu alma.<\/p>\n<p>Es aqu\u00ed donde comienza el retorno a Dios, quiz\u00e1 de manera imperceptible al principio. Es el gran punto de inflexi\u00f3n, porque Dios es la gran atracci\u00f3n de tu vida, mayor que cualquier imagen de riqueza, belleza o encanto de este mundo o de cualquier mundo; m\u00e1s penetrante, completo, profundo y permanente que cualquier otra cosa que puedas pensar o tener.<\/p>\n<p>Por tanto, construir\u00e1s de manera natural la capacidad para esto y el deseo de esto, pues cuando hayas doblado esta esquina buscar\u00e1s cada vez m\u00e1s aquello que es real y permanente, y podr\u00e1s lidiar con el mundo del cambio y la forma de manera m\u00e1s efectiva, con menos agravamiento, miseria y sufrimiento. Podr\u00e1s ver cosas que antes no pod\u00edas ver, escuchar cosas que antes no escuchabas y ver el poder del Conocimiento trabajando en los dem\u00e1s y en ti mismo.<\/p>\n<p>Tu pr\u00e1ctica espiritual m\u00e1s primaria es experimentar esta Presencia m\u00e1s profunda. No es la presencia de una persona, de un \u00e1ngel o de alguna deidad. Es la Presencia de tu Fuente y toda la Creaci\u00f3n.<\/p>\n<p>Es m\u00e1s grande de lo que jam\u00e1s podr\u00e1s experimentar plenamente en esta vida. Sin embargo, a medida que te abras a ella tu coraz\u00f3n se llenar\u00e1, tu mente ser\u00e1 purificada y aliviada y sabr\u00e1s que eres permanente, aunque est\u00e9s viajando por este mundo. Sabr\u00e1s que eres amado, aunque el verdadero amor parezca muy remoto y dif\u00edcil de encontrar aqu\u00ed. Sabr\u00e1s que est\u00e1s aqu\u00ed con un prop\u00f3sito, porque Dios te env\u00edo aqu\u00ed con un prop\u00f3sito. Ser\u00e1s paciente, sabiendo que te desarrollar\u00e1s a medida que avances, alivi\u00e1ndote as\u00ed de la constante especulaci\u00f3n.<\/p>\n<p>Comenzar\u00e1s a experimentar como nunca antes las maravillas de la vida aqu\u00ed, las peque\u00f1as alegr\u00edas y placeres simples de estar en el mundo, porque ahora puedes sentir cosas que antes no pod\u00edas sentir, ver cosas que no pod\u00edas ver y escuchar cosas que no pod\u00edas escuchar.<\/p>\n<p>La Presencia es sabia m\u00e1s all\u00e1 de su imaginaci\u00f3n. Te mantendr\u00e1 alejado de muchas cosas que te distraer\u00edan y te llevar\u00edan por el mal camino. Debes estar dispuesto a que esto suceda y aceptarlo para tu propia protecci\u00f3n y seguridad. Como a un ni\u00f1o peque\u00f1o al que se le quita un objeto peligroso, puede que llores en ciertas ocasiones porque no se te est\u00e1n dando ciertas cosas que quieres, o bien por no poder aferrarte a algo que crees que necesitas, y llorar\u00e1s como llora el beb\u00e9. Pero debes confiar en que esto se hace para tu protecci\u00f3n, aunque en este momento no puedas ver ni por qu\u00e9 ni c\u00f3mo.<\/p>\n<p>Dios no te dar\u00e1 todo lo que quieras. Dios te dar\u00e1 la oportunidad de vivir la verdadera vida que viniste a vivir aqu\u00ed; te dar\u00e1 la oportunidad de encontrar las verdaderas relaciones que ser\u00e1n parte de esta vida mayor; te dar\u00e1 la oportunidad de liberarte de muchas de las cosas esclavizantes del mundo y de gran parte del sufrimiento, la miseria y la desesperaci\u00f3n que ver\u00e1s a su alrededor. Tendr\u00e1s esta profunda libertad, que es m\u00e1s grande que la libertad pol\u00edtica y m\u00e1s grande que cualquier libertad que puedas imaginar. Pero es todo para un prop\u00f3sito superior. Es para prepararte para este prop\u00f3sito, de manera que tengas libertad para verlo, conocerlo y seguirlo cada vez m\u00e1s.<\/p>\n<p>Aqu\u00ed no est\u00e1s buscando felicidad, sino relaci\u00f3n: tu relaci\u00f3n de prop\u00f3sito con Dios y la profunda uni\u00f3n con Dios que est\u00e1 m\u00e1s all\u00e1 de la expresi\u00f3n, la descripci\u00f3n, las palabras y las im\u00e1genes, y no obstante siempre presente en tu interior, llam\u00e1ndote, esperando a que respondas.<\/p>\n","protected":false},"excerpt":{"rendered":"<p>La realidad de Dios y su Plan para el universo sobrepasan tu capacidad y comprensi\u00f3n intelectual, pero la oportunidad de experimentar la uni\u00f3n profunda con Dios est\u00e1 siempre presente en tu interior. Esta es la experiencia de una relaci\u00f3n profunda, la relaci\u00f3n m\u00e1s profunda que puedes tener y tendr\u00e1s. Es una relaci\u00f3n que ya posees,\u2026 <a class=\"read-more\" href=\"https:\/\/www.v6.newmessage.org\/es\/about-text-shortcode\"><span>Read More<\/span><\/a><\/p>\n","protected":false},"author":13,"featured_media":0,"parent":16358,"menu_order":0,"comment_status":"closed","ping_status":"closed","template":"template-leftsidebar.php","meta":{"_monsterinsights_skip_tracking":false,"_monsterinsights_sitenote_active":false,"_monsterinsights_sitenote_note":"","_monsterinsights_sitenote_category":0,"footnotes":""},"categories":[501,76,117],"tags":[733],"_links":{"self":[{"href":"https:\/\/www.v6.newmessage.org\/es\/wp-json\/wp\/v2\/pages\/29159"}],"collection":[{"href":"https:\/\/www.v6.newmessage.org\/es\/wp-json\/wp\/v2\/pages"}],"about":[{"href":"https:\/\/www.v6.newmessage.org\/es\/wp-json\/wp\/v2\/types\/page"}],"author":[{"embeddable":true,"href":"https:\/\/www.v6.newmessage.org\/es\/wp-json\/wp\/v2\/users\/13"}],"replies":[{"embeddable":true,"href":"https:\/\/www.v6.newmessage.org\/es\/wp-json\/wp\/v2\/comments?post=29159"}],"version-history":[{"count":4,"href":"https:\/\/www.v6.newmessage.org\/es\/wp-json\/wp\/v2\/pages\/29159\/revisions"}],"predecessor-version":[{"id":29170,"href":"https:\/\/www.v6.newmessage.org\/es\/wp-json\/wp\/v2\/pages\/29159\/revisions\/29170"}],"up":[{"embeddable":true,"href":"https:\/\/www.v6.newmessage.org\/es\/wp-json\/wp\/v2\/pages\/16358"}],"wp:attachment":[{"href":"https:\/\/www.v6.newmessage.org\/es\/wp-json\/wp\/v2\/media?parent=29159"}],"wp:term":[{"taxonomy":"category","embeddable":true,"href":"https:\/\/www.v6.newmessage.org\/es\/wp-json\/wp\/v2\/categories?post=29159"},{"taxonomy":"post_tag","embeddable":true,"href":"https:\/\/www.v6.newmessage.org\/es\/wp-json\/wp\/v2\/tags?post=29159"}],"curies":[{"name":"wp","href":"https:\/\/api.w.org\/{rel}","templated":true}]}}