{"id":29098,"date":"2018-01-05T13:16:00","date_gmt":"2018-01-05T13:16:00","guid":{"rendered":"http:\/\/www.newmessage.org\/es\/?page_id=29098"},"modified":"2018-01-13T15:07:53","modified_gmt":"2018-01-13T15:07:53","slug":"la-llamada","status":"publish","type":"page","link":"https:\/\/www.v6.newmessage.org\/es\/el-mensaje\/otras-revelaciones\/la-llamada","title":{"rendered":"La Llamada"},"content":{"rendered":"<div><!--Versi\u00f3n espa\u00f1ola 1.3--><\/div>\n\n<div class=\"tabgroup \"><ul class=\"tabs\"><li><a href=\"#tabs-1\">Acerca de<\/a><\/li>\n<li><a href=\"#tabs-2\">Nota<\/a><\/li><\/ul>\n <div id=\"tabs-1\"><br \/>\n<i>Como le fue revelado a<\/i><br \/>\n<i>Marshall Vian Summers<\/i><br \/>\n<i>en abril de 2001<\/i><br \/>\n<i>en Boulder, Colorado, Estados Unidos<\/i><\/p>\n<p>Texto original: The Calling (no disponible online)<\/p>\n<p>Esta revelaci\u00f3n es el cap\u00edtulo 7 de un antiguo libro introductorio.<\/p>\n<div class=\"toggle toggle-white\"><h4 class=\"trigger \"><span class=\"t_ico\"><\/span><a href=\"#\">Ver \u00edndice<\/a><\/h4><div class=\"toggle_container \"><\/p>\n<ol>\n<li><a href=\"https:\/\/www.nuevomensaje.org\/el-mensaje\/otras-revelaciones\/por-que-un-nuevo-mensaje-de-dios\"><em>\u00bfPor qu\u00e9 un Nuevo Mensaje de Dios?<\/em><\/a><\/li>\n<li><a href=\"https:\/\/www.nuevomensaje.org\/el-mensaje\/otras-revelaciones\/la-oscuridad-mayor-sobre-el-mundo\"><em>La Oscuridad Mayor sobre el mundo<\/em><\/a><\/li>\n<li><a href=\"https:\/\/www.nuevomensaje.org\/el-mensaje\/otras-revelaciones\/amor-y-miedo\"><em>Amor y miedo<\/em><\/a><\/li>\n<li><a href=\"https:\/\/www.nuevomensaje.org\/el-mensaje\/otras-revelaciones\/encontrar-vuestro-proposito-en-el-mundo\"><em>Encontrar tu prop\u00f3sito en el mundo<\/em><\/a><\/li>\n<li><a href=\"https:\/\/www.nuevomensaje.org\/el-mensaje\/otras-revelaciones\/poderes-espirituales-en-el-universo\"><em>Poderes espirituales en el universo<\/em><\/a><\/li>\n<li><a href=\"https:\/\/www.nuevomensaje.org\/el-mensaje\/otras-revelaciones\/la-gran-presencia-dentro-de-ti\"><em>La Gran Presencia dentro de ti<\/em><\/a><\/li>\n<li><a href=\"https:\/\/www.nuevomensaje.org\/el-mensaje\/otras-revelaciones\/la-llamada\"><em>La Llamada<\/em><\/a><\/li>\n<\/ol>\n<p><\/div><\/div>\n<div class=\"toggle toggle-white\"><h4 class=\"trigger \"><span class=\"t_ico\"><\/span><a href=\"#\">M\u00e1s informaci\u00f3n sobre este texto<\/a><\/h4><div class=\"toggle_container \"><br \/>\n<p>Lo que est\u00e1s leyendo en este texto es la transcripci\u00f3n de la voz original de la Asamblea Ang\u00e9lica hablando a trav\u00e9s del Mensajero Marshall Vian Summers.<\/p>\n<p>Aqu\u00ed, la comunicaci\u00f3n original de Dios, que existe m\u00e1s all\u00e1 de las palabras, es traducida al lenguaje y el entendimiento humanos por la Asamblea Ang\u00e9lica que supervisa el mundo. La Asamblea despu\u00e9s entrega el Mensaje de Dios a trav\u00e9s del Mensajero, tras lo cual es transcrito y puesto a tu disposici\u00f3n y a disposici\u00f3n de todos.<\/p>\n<p>En este extraordinario proceso, la Voz de la Revelaci\u00f3n est\u00e1 hablando de nuevo. La Palabra y el Sonido est\u00e1n en el mundo. Que puedas ser el receptor de este regalo de Revelaci\u00f3n y puedas estar abierto a recibir su Mensaje \u00fanico para ti y para tu vida.<\/p>\n<br \/>\n<\/div><\/div><br \/>\n<\/div>\n<div id=\"tabs-2\"><br \/>\n<em>Nota a los lectores:<br \/>\nEsta traducci\u00f3n fue provista a la <\/em>Society<em> por estudiantes del Nuevo Mensaje que se han ofrecido voluntariamente a traducir el texto original en ingl\u00e9s. La publicamos en esta forma inicial para que todo el mundo tenga una oportunidad de interactuar con una porci\u00f3n del Nuevo Mensaje en un su propio idioma.<\/em><br \/>\n<\/div>\n\t\t\t\t<div align=\"right\">\n\t\t\t<div class=\"fb-like\" data-href=\"\" data-layout=\"button_count\" data-action=\"like\" data-show-faces=\"false\" data-share=\"false\"><\/div>\n\t\t\t<div class=\"fb-share-button\" data-layout=\"button_count\"> <\/div>\n\t\t\t<div class=\"fb_iframe_widget\"><a href=\"https:\/\/twitter.com\/godsnewmessage?ref_src=twsrc%5Etfw\" class=\"twitter-follow-button\" data-show-count=\"false\">Follow @godsnewmessage<\/a><script async src=\"https:\/\/platform.twitter.com\/widgets.js\" charset=\"utf-8\"><\/script><\/div>\n\t\t\t<\/div> <\/div> \n\n<p>El Nuevo Mensaje de Dios no es solo una idea. No es una simple advertencia. No es una simple receta. Realmente presenta la base para toda una nueva forma de vivir dentro de la realidad de una Comunidad Mayor. Por tanto, debe abordar las actividades fundamentales de la vida humana, as\u00ed como lo que la humanidad debe aprender y hacer para preservar su libertad en la Comunidad Mayor. El Nuevo Mensaje incluye una ense\u00f1anza completa sobre las relaciones, el trabajo, la contribuci\u00f3n, la salud, el desarrollo espiritual, el discernimiento, la discreci\u00f3n y el aprendizaje del Camino del Conocimiento. Esto implica desarrollar aquellas ideas que ayuden en el descubrimiento del Conocimiento. Una Ense\u00f1anza as\u00ed debe ser muy completa. Debe dirigirse a una gran variedad de personas que tienen diferentes naturalezas y diferentes maneras de aprender. Debe dirigirse a personas de diferentes tradiciones. Debe atender tanto las necesidades fundamentales que la humanidad reconoce como las que a\u00fan no ha reconocido.<\/p>\n<p>Este peque\u00f1o libro es solo una introducci\u00f3n al Nuevo Mensaje de Dios, porque el Mensaje mismo es muy grande. Implica una educaci\u00f3n sobre la vida en la Comunidad Mayor. Implica aprender el Camino del Conocimiento y aprender c\u00f3mo dar los pasos al Conocimiento. Implica aprender la sabidur\u00eda que se ha logrado en la Comunidad Mayor y que la humanidad puede poner en pr\u00e1ctica en este momento. Ense\u00f1a acerca de los Cuatro Pilares de la vida y proporciona a las personas los medios para construir una verdadera certidumbre, estabilidad y claridad en sus vidas. Muestra a las personas c\u00f3mo pueden encontrar su verdadera v\u00eda de expresi\u00f3n y contribuci\u00f3n y c\u00f3mo pueden responder, incluso en este momento, para ayudar a la humanidad a recuperar su conciencia y preservar su libertad.<\/p>\n<p>En el centro de todo esto hay una llamada a la acci\u00f3n. La gente debe hacer algo. El Nuevo Mensaje de Dios no es solo alimento para una mayor contemplaci\u00f3n. No es solo un conjunto de ideas sobre las que la gente puede especular o discutir o que pueden ser compararas y contrastadas con otras ideas. Al nivel de las ideas, el Nuevo Mensaje de Dios es profundo, pero su verdadero mensaje no est\u00e1 al nivel de las ideas. Realmente es una comunicaci\u00f3n del Creador a la Gran Presencia que vive dentro de cada persona.<\/p>\n<p>Este tipo de comunicaci\u00f3n sobrepasa toda comprensi\u00f3n, toda especulaci\u00f3n, todos los argumentos, todos los problemas y todas las controversias. Es la comunicaci\u00f3n m\u00e1s fundamental que puede haber en el universo. Es una comunicaci\u00f3n directa del Creador a lo Creado. Habla del coraz\u00f3n del Creador al coraz\u00f3n de la persona que recibe el Nuevo Mensaje. La comprensi\u00f3n es muy importante, pero la comprensi\u00f3n puede no ser inmediata. Lo verdaderamente importante es la misteriosa comunicaci\u00f3n entre t\u00fa y el Creador. Puedes hacer millones de preguntas, pero lo que realmente necesitas saber se est\u00e1 comunicando en el Nuevo Mensaje de Dios. Esto requiere una consideraci\u00f3n m\u00e1s profunda y una aplicaci\u00f3n m\u00e1s activa de tu mente que simplemente tratar de que todas tus preguntas sean respondidas. Porque, \u00bfqu\u00e9 es una respuesta del Creador sino una invitaci\u00f3n a participar, a emprender un mayor camino de aprendizaje, a penetrar m\u00e1s profundamente en el misterio y el significado de tu vida y a ser m\u00e1s interactivo con el mundo que te rodea en vez de serlo menos? Si bien es cierto que algunas personas necesitan retirarse del mundo por un tiempo para construir sus cimientos espirituales, en \u00faltima instancia todo verdadero trabajo espiritual te lleva de vuelta al mundo como contribuidor.<\/p>\n<p>El Nuevo Mensaje de Dios enfatiza esto tremendamente. Es una llamada a la conciencia y al mismo tiempo una llamada a la acci\u00f3n. La Intervenci\u00f3n que est\u00e1 ocurriendo actualmente en el mundo, la Oscuridad Mayor que est\u00e1 sobre la humanidad, no puede evitarse. No puedes posponer las cosas al respecto. Es demasiado vital, demasiado desafiante, demasiado real. \u00bfC\u00f3mo sabr\u00e1s su realidad? La sabr\u00e1s al nivel de Conocimiento. \u00bfC\u00f3mo sabr\u00e1s lo que realmente significa? Lo sabr\u00e1s al nivel de Conocimiento. \u00bfC\u00f3mo sabr\u00e1s que el Nuevo Mensaje de Dios y el Camino del Conocimiento de la Comunidad Mayor en el que est\u00e1 incorporado son genuinos e importantes? Lo sabr\u00e1s al nivel de Conocimiento.<\/p>\n<p>Por tanto, acercar a las personas al Conocimiento es acercarlas a todo lo que es vital e importante para sus vidas. Es acercarlas a su comunicaci\u00f3n con el Creador. Es acercarlas a la realizaci\u00f3n de que el mundo tiene una gran necesidad de libertad. Es acercarlas a su certidumbre sobre lo que deben hacer, incluso en las circunstancias cotidianas de sus vidas.<\/p>\n<p>Un Nuevo Mensaje de Dios tambi\u00e9n enfatiza tu relaci\u00f3n con el entorno. Aqu\u00ed comienza a abrir nuevos caminos en la comprensi\u00f3n humana. Algunas personas piensan que son el producto del entorno, y otras piensan que el entorno es de alguna manera fruto de su propia creaci\u00f3n. Sin embargo, el Nuevo Mensaje de Dios re\u00fane estos diferentes puntos de vista al ense\u00f1arte que est\u00e1s en una relaci\u00f3n din\u00e1mica con tu entorno. T\u00fa lo influencias y \u00e9l te influye. Esto incluye tanto el ambiente f\u00edsico que puedes tocar como el ambiente mental que afecta a tus pensamientos y sentimientos.<\/p>\n<p>El Nuevo Mensaje de Dios comienza a abrir la puerta a lo que esto realmente significa y a c\u00f3mo puede ser experimentado cada d\u00eda. Cuando comienzas a dar los pasos al Conocimiento, empiezas a practicar esta conciencia y la llevas contigo en cada encuentro que tienes, en cada situaci\u00f3n en la que entras, en cada pensamiento, sentimiento y estado de \u00e1nimo que experimentas. Esto se llama emprender el viaje espiritual. Leer sobre el viaje y emprenderlo son dos cosas diferentes. Puedes leer sobre el viaje para averiguar si es real para ti y si debes emprenderlo. Pero solo cuando emprendes el viaje descubres realmente lo que es.<\/p>\n<p>Esta llamada es a la vez inmediata y vital. Las personas que est\u00e1n listas para responder deben empezar a educarse sobre la Comunidad Mayor. Deben educarse sobre la Intervenci\u00f3n y deben aprender a hablar en nombre de la libertad y la autodeterminaci\u00f3n humanas. No todo el mundo podr\u00e1 hacer esto al principio, pero algunas personas ya est\u00e1n preparadas. La vida las ha preparado. Su propio desarrollo interior las ha preparado. Aqu\u00ed el Nuevo Mensaje de Dios sirve como confirmaci\u00f3n. Es el Mensaje que han estado esperando, y ahora lo han encontrado.<\/p>\n<p>Para otros, este reconocimiento llevar\u00e1 m\u00e1s tiempo. Pero, una vez m\u00e1s, hay que enfatizar que el significado del Nuevo Mensaje de Dios es fundamental para cada persona y habla a las necesidades reales de cada persona. Por supuesto, ninguna palabra o idea atraer\u00e1 a todo el mundo, pero una conciencia de la Comunidad Mayor es algo que todo el mundo necesita, incluso si no puede emprender el viaje que aqu\u00ed se prescribe. Todo el mundo necesita aprender que vive dentro de una Comunidad Mayor, y que ciertas fuerzas de esta Comunidad Mayor est\u00e1n interviniendo en los asuntos humanos y est\u00e1n amenazando la libertad y la autodeterminaci\u00f3n humanas.<\/p>\n<p>Todo el mundo necesita escuchar esto, tanto si puede aceptarlo en este momento como si no. Es una responsabilidad. Esta comunicaci\u00f3n debe comenzar inmediatamente. No puede esperar. Esto es as\u00ed porque se trata de un fen\u00f3meno natural y no de uno m\u00edstico. La intervenci\u00f3n no espera, sino que contin\u00faa todos los d\u00edas. Por tanto, las actividades necesarias para contrarrestar los efectos de la intervenci\u00f3n deben generarse de inmediato. El Nuevo Mensaje de Dios revela lo que puedes hacer y lo que debes hacer para elevar tu propia conciencia, recuperar tu verdadera fuerza, defender los derechos que Dios te ha dado y educar a otras personas. Esto har\u00e1 la diferencia.<\/p>\n<p>Puede que te preguntes: \u201c\u00bfQu\u00e9 puedo hacer yo?\u201d. La respuesta est\u00e1 en el Nuevo Mensaje de Dios. Las verdaderas preguntas son: \u00bfTienes el coraje para hacer lo que se necesita? \u00bfEres suficientemente fuerte en el Conocimiento para hacer lo que se necesita? \u00bfTienes la confianza necesaria en ti mismo, o tu fe en ti y en la humanidad ha sido tan erosionada que te apartar\u00e1s y te dir\u00e1s: \u201cOh, bueno, que sea lo que sea, no importa\u201d?<\/p>\n<p>La erosi\u00f3n de la fe humana, de la fe en la humanidad, ha sido tan sustancial que muchas personas dir\u00e1n: \u201cOh, bueno, pase lo que pase no me importa\u201d, o bien: \u201c\u00bfQu\u00e9 podr\u00eda hacer yo?\u201d. Han perdido el sentido de su propio poder y fuerza. Han perdido contacto con el Conocimiento. Pero estas cosas pueden restaurarse y deben restaurarse, tanto a trav\u00e9s de la demostraci\u00f3n como de la promoci\u00f3n.<\/p>\n<p>La persona escogida para recibir y representar el Nuevo Mensaje de Dios servir\u00e1 como defensora, pero la suya es solo una voz. Debe haber muchas voces que hablen a favor de la libertad y la autodeterminaci\u00f3n humanas en la Comunidad Mayor. Debe haber una gran sobriedad con respecto al contacto con otras razas en el universo. Debe haber un gran entendimiento de que los aliados de la humanidad nunca intervendr\u00edan en los asuntos humanos tratando de eludir la autoridad humana. Debe haber una educaci\u00f3n sobre la Intervenci\u00f3n y las realidades de la vida en el universo.<\/p>\n<p>Hay mucho que la gente puede hacer ahora mismo. No hay excusas. En esto, las personas expresan su confianza en s\u00ed mismas o bien su falta de confianza. El Nuevo Mensaje de Dios llega en un momento cr\u00edtico. El tiempo ahora es esencial. Si no se hace nada la Intervenci\u00f3n tendr\u00e1 \u00e9xito, y entonces casi no habr\u00e1 vuelta atr\u00e1s. La autoridad humana habr\u00e1 dejado el mundo, el mundo ser\u00e1 gobernado desde lejos y la capacidad de la familia humana para responder o actuar contra esta autoridad ser\u00e1 muy limitada. No permitas que esto suceda. Debe emprenderse una gran actividad. Todos los d\u00edas son cr\u00edticos en este sentido.<\/p>\n<p>Recuerda, est\u00e1s tratando con algo m\u00e1s grande que nunca antes. Si buscas encontrar tu grandeza, la Gran Presencia que vive dentro de ti, es as\u00ed como la encontrar\u00e1s. No lo encontrar\u00e1s meditando interminablemente. Encontrar\u00e1s tu grandeza ejerci\u00e9ndola al servicio de una gran necesidad y una causa digna. Las personas encuentran su grandeza haciendo grandes cosas. Escapan de su pat\u00e9tica idea de s\u00ed mismas asumiendo una mayor responsabilidad.<\/p>\n<p>Esto es Dios en acci\u00f3n. Es amor en acci\u00f3n. Es la verdad en acci\u00f3n. Su demostraci\u00f3n es de gran alcance. Nunca subestimes lo que una vida puede hacer cuando es gobernada por la fuerza m\u00e1s grande del universo. Esta fuerza y poder vive dentro de ti. No puedes controlarlo. No puedes manipularlo. Pero puedes permitir que emerja en tu conciencia y que se exprese a trav\u00e9s de ti. Esto supone el mayor regalo y la mayor satisfacci\u00f3n.<\/p>\n<p>En esto no hay ninguna potencia extranjera, ni hay manipulaci\u00f3n. Es la esencia de lo que significa ser sincero contigo mismo y honesto con el mundo. Esto sana tu relaci\u00f3n contigo mismo, sana tu relaci\u00f3n con los dem\u00e1s, sana tu relaci\u00f3n con el mundo, y en \u00faltima instancia sana tu relaci\u00f3n con el Creador, que es la relaci\u00f3n m\u00e1s primaria que tienes.<\/p>\n<p>Aqu\u00ed se llama a todo el mundo: a las personas de todas las religiones y tradiciones, a las personas que no tienen tradici\u00f3n religiosa, a las personas de todas las condiciones sociales, de todas las nacionalidades, de todas partes. El Nuevo Mensaje de Dios es para ellas y es para ti. Primero lo recibir\u00e1n las personas que sean m\u00e1s capaces de responder, pero en \u00faltima instancia es un regalo para toda la humanidad.<\/p>\n<p>Hay mucho que puedes hacer ahora mismo para aprender m\u00e1s sobre el Nuevo Mensaje de Dios y sobre c\u00f3mo reconstruir y reavivar tu antigua relaci\u00f3n con el Conocimiento. Se est\u00e1n dando los pasos al Conocimiento. Estos forman parte de aprender y vivir el Nuevo Mensaje. Hay mucho que puedes hacer ahora mismo, pero debes empezar por alguna parte. Debes encontrar un lugar para empezar. Incluso el propio acto de empezar es un acto de libertad y autodeterminaci\u00f3n. Incluso dar el primer paso te permite romper los lazos de tus pasados condicionamientos y compensar los efectos del programa de pacificaci\u00f3n que la Intervenci\u00f3n est\u00e1 generando.<\/p>\n<p>El primer paso es vital. Cada paso es vital. Cada paso te establece como una autoridad en tu propia vida y apela a la mayor autoridad que vive dentro de ti en tu Conocimiento. Esto es lo que la humanidad necesita. La humanidad no va a desarrollar en tan poco tiempo la tecnolog\u00eda necesaria para contrarrestar la intervenci\u00f3n. Tampoco tiene a\u00fan la cohesi\u00f3n social necesaria para hablar como una sola voz en el universo. Por tanto, corresponde a los individuos y a los peque\u00f1os grupos de individuos hacer la diferencia. Aqu\u00ed no hay ning\u00fan santo o gur\u00fa que gu\u00ede el camino. Incluso el elegido para recibir el Nuevo Mensaje de Dios, aunque sea el Mensajero, no es el l\u00edder de todo este movimiento. Es como una revoluci\u00f3n sin l\u00edderes. Debe surgir de todas partes, y puede hacerlo. Dios tiene fe en esto. Los aliados de la humanidad tienen fe en esto. Y tambi\u00e9n t\u00fa debes tener fe en esto. No dejes que las apariencias del mundo te desanimen. No permitas que los efectos del programa de pacificaci\u00f3n te lleven a consentir o a sentirte desamparado o impotente. Todo eso es un enga\u00f1o. Debes enfrentar la Intervenci\u00f3n y recordarte a ti mismo que la semilla de la conciencia de Dios est\u00e1 dentro de ti, que la Gran Presencia est\u00e1 dentro de ti, y que debes poner tu fe en ella porque es ah\u00ed a donde verdaderamente pertenece.<\/p>\n<p>Algunas personas acusar\u00e1n al receptor del Nuevo Mensaje de tratar de enriquecerse y convertirse en un gur\u00fa o algo parecido. Eso es una tonter\u00eda. \u00c9l est\u00e1 asumiendo el m\u00e1ximo riesgo. No hay riqueza personal para \u00e9l en esto. Es un acto de completo sacrificio de su vida por el bienestar de todos los dem\u00e1s. Tendr\u00e1s que ver esto para saberlo, pero es la verdad. Dios no seleccionar\u00eda a alguien que pudiera corromper el mensaje m\u00e1s vital de Dios en este tiempo. Ahora no se trata de h\u00e9roes, sino de que la gente sea responsable. Se trata de asumir una mayor responsabilidad y una mayor conciencia. Se trata de ver m\u00e1s all\u00e1 de los l\u00edmites de tu propia vida y de ser responsable all\u00ed. Como se ha dicho, todo el mundo necesita aprender sobre la Comunidad Mayor, pero el trabajo ocurre a todos los niveles, desde las actividades mundanas m\u00e1s simples hasta aquello que se hace para llegar a un gran n\u00famero de personas. As\u00ed es como todo avanzar\u00e1.<\/p>\n<p>El Nuevo Mensaje de Dios est\u00e1 en el mundo. Este peque\u00f1o libro no es m\u00e1s que el principio. Es la chispa. Tras la chispa hay una gran riqueza de informaci\u00f3n y comprensi\u00f3n, una gran comunicaci\u00f3n del Creador. Tal comunicaci\u00f3n debe tener un tremendo poder detr\u00e1s para compensar los efectos de la Intervenci\u00f3n y contrarrestar todo el pensamiento perjudicial y las fuerzas negativas que existen en el mundo actual.<\/p>\n<p>Hay mucho que est\u00e1 destruyendo la confianza y la cooperaci\u00f3n humanas. Por tanto, el ant\u00eddoto debe ser muy poderoso en s\u00ed mismo. No puede ser fruto de las ideas o la ideolog\u00eda de una persona. Debe llevar consigo la fuerza del Creador. En verdad, esto es lo que se le est\u00e1 dando al mundo en este tiempo. La humanidad ha perdido la confianza en s\u00ed misma. Ha perdido su aprecio por s\u00ed misma. Esto est\u00e1 llevando a la humanidad a apelar a otros poderes del universo para su salvaci\u00f3n. Est\u00e1 llevando a muchas personas a someterse sin resistencia a las nuevas fuerzas dominantes dentro de este mundo. Sin embargo, como se ha dicho, la humanidad est\u00e1 entrando en el periodo de la cooperaci\u00f3n y la responsabilidad humanas. Esto enfatiza el poder del individuo, el poder de las relaciones y el poder de la comunidad \u2014el poder del Conocimiento expres\u00e1ndose en los tres niveles.<\/p>\n<p>Como se dijo al principio de este libro, los Nuevos Mensajes de Dios son poco frecuentes. Sin embargo, llevan consigo un tremendo poder y resonancia, as\u00ed como una tremenda permanencia y profundidad. Ver\u00e1s esto en la gente que puede responder al Nuevo Mensaje de Dios, as\u00ed como en el propio Nuevo Mensaje.<\/p>\n<p>El Nuevo Mensaje comienza a sanar la divisi\u00f3n entre t\u00fa y el Creador porque ahora est\u00e1s sirviendo a la Creaci\u00f3n. Te est\u00e1s volviendo una fuerza para el bien en la vida manifiesta. Est\u00e1s empezando a reducir el compromiso o grado de transigencia que existe dentro de este mundo. Est\u00e1s empezando a ser un defensor del Conocimiento y de la libertad. La necesidad de que haya estos defensores es tremenda.<\/p>\n<p>No se trata de creer en Jes\u00fas, en Buda o en Mahoma. No se trata de una adhesi\u00f3n estricta a una tradici\u00f3n religiosa. Se trata de la esencia misma de tu espiritualidad y de tu responsabilidad con el Creador. La humanidad debe encontrar un terreno com\u00fan, aun cuando mantenga su diversidad religiosa y cultural. Su terreno com\u00fan es su futuro y su libertad. Sin esto, la humanidad se perder\u00e1. Con esto, sin embargo, la humanidad puede ganar la fuerza que siempre ha anhelado sin alcanzarla nunca.<\/p>\n<p>\u00bfQu\u00e9 puede dar lugar a un logro tan grande? Solo un problema tan grande que todos deben responder. La intervenci\u00f3n representa ese problema. Es un problema que desaf\u00eda a todos por igual. No es un reto solo para h\u00e9roes o hero\u00ednas; es un reto al que todos deben responder. Es inmediato, es urgente, y la respuesta no puede esperar. \u00bfQu\u00e9 otra cosa, aparte de la degradaci\u00f3n total del entorno natural del planeta, podr\u00eda eclipsar a la humanidad de tal manera que todos se vean desafiados?<\/p>\n<p>Por tanto, cuando veas la Intervenci\u00f3n y pienses: \u201c\u00a1Oh, Dios m\u00edo! \u00a1Esto es lo m\u00e1s espantoso que ha pasado nunca!\u201d, debes darte cuenta de que tambi\u00e9n podr\u00eda ser lo mejor que haya pasado, pues se trata de la \u00fanica gran oportunidad de que la humanidad se una para su propio bienestar.<\/p>\n<p>Aqu\u00ed reconoces el poder y la permanencia del Nuevo Mensaje de Dios. Puedes empezar a estudiarlo hoy. Puedes empezar a aprenderlo hoy. Puedes empezar a vivirlo hoy. Hoy es el d\u00eda. Mira hacia el mundo. No has venido aqu\u00ed por accidente. Has venido aqu\u00ed en una misi\u00f3n.<\/p>\n<p>Esto puede no parecer cierto al nivel de tus pensamientos, pero al nivel del Conocimiento dentro de ti es verdadero con toda seguridad. El Conocimiento anhela expresarse y est\u00e1 esperando para hacerlo, esperando a que te vuelvas un veh\u00edculo a trav\u00e9s del cual pueda expresar la voluntad y el amor de Dios.<\/p>\n<p>Mientras tu mente contin\u00faa siendo estimulada y distra\u00edda, tu alma permanece prisionera dentro de ti, y esta es la fuente de todo tu sufrimiento. Deja salir a tu alma. Abre un camino para ella y comenzar\u00e1 a manifestarse en ti. Ella despejar\u00e1 todas las telara\u00f1as de tu mente y toda la confusi\u00f3n que nubla tu visi\u00f3n y tu entendimiento. Te permitir\u00e1 ver el enga\u00f1o en todas sus formas, tanto humanas como extraterrestres. Y te permitir\u00e1 ver la verdad del Conocimiento en todas sus formas, tanto humanas como extraterrestres.<\/p>\n<p>El Nuevo Mensaje de Dios ha llegado en un momento cr\u00edtico, en el momento oportuno. El resto depende de la responsabilidad humana, de la capacidad de la humanidad para responder. Por eso es la era de la cooperaci\u00f3n y la responsabilidad humanas.<\/p>\n<p>Aqu\u00ed ya no hay m\u00e1s intentos de escapar. No hay m\u00e1s inmersi\u00f3n en ti mismo. No hay m\u00e1s esconderte. Es demasiado tarde para eso, porque la vida te llama a salir de las sombras. Te est\u00e1 llamando a salir de tu preocupaci\u00f3n contigo mismo. Te est\u00e1 llamando a salir de tu confusi\u00f3n e incluso de tus creencias.<\/p>\n<p>Una gran necesidad impera en el mundo. Una Oscuridad Mayor est\u00e1 sobre el mundo. Dios ha dado un Nuevo Mensaje, una nueva respuesta y un nuevo comienzo. Es hora de comenzar.<\/p>\n","protected":false},"excerpt":{"rendered":"<p>El Nuevo Mensaje de Dios no es solo una idea. No es una simple advertencia. No es una simple receta. Realmente presenta la base para toda una nueva forma de vivir dentro de la realidad de una Comunidad Mayor. Por tanto, debe abordar las actividades fundamentales de la vida humana, as\u00ed como lo que la\u2026 <a class=\"read-more\" href=\"https:\/\/www.v6.newmessage.org\/es\/about-text-shortcode\"><span>Read More<\/span><\/a><\/p>\n","protected":false},"author":13,"featured_media":0,"parent":16358,"menu_order":0,"comment_status":"closed","ping_status":"closed","template":"template-leftsidebar.php","meta":{"_monsterinsights_skip_tracking":false,"_monsterinsights_sitenote_active":false,"_monsterinsights_sitenote_note":"","_monsterinsights_sitenote_category":0,"footnotes":""},"categories":[501,76],"tags":[727],"_links":{"self":[{"href":"https:\/\/www.v6.newmessage.org\/es\/wp-json\/wp\/v2\/pages\/29098"}],"collection":[{"href":"https:\/\/www.v6.newmessage.org\/es\/wp-json\/wp\/v2\/pages"}],"about":[{"href":"https:\/\/www.v6.newmessage.org\/es\/wp-json\/wp\/v2\/types\/page"}],"author":[{"embeddable":true,"href":"https:\/\/www.v6.newmessage.org\/es\/wp-json\/wp\/v2\/users\/13"}],"replies":[{"embeddable":true,"href":"https:\/\/www.v6.newmessage.org\/es\/wp-json\/wp\/v2\/comments?post=29098"}],"version-history":[{"count":3,"href":"https:\/\/www.v6.newmessage.org\/es\/wp-json\/wp\/v2\/pages\/29098\/revisions"}],"predecessor-version":[{"id":29105,"href":"https:\/\/www.v6.newmessage.org\/es\/wp-json\/wp\/v2\/pages\/29098\/revisions\/29105"}],"up":[{"embeddable":true,"href":"https:\/\/www.v6.newmessage.org\/es\/wp-json\/wp\/v2\/pages\/16358"}],"wp:attachment":[{"href":"https:\/\/www.v6.newmessage.org\/es\/wp-json\/wp\/v2\/media?parent=29098"}],"wp:term":[{"taxonomy":"category","embeddable":true,"href":"https:\/\/www.v6.newmessage.org\/es\/wp-json\/wp\/v2\/categories?post=29098"},{"taxonomy":"post_tag","embeddable":true,"href":"https:\/\/www.v6.newmessage.org\/es\/wp-json\/wp\/v2\/tags?post=29098"}],"curies":[{"name":"wp","href":"https:\/\/api.w.org\/{rel}","templated":true}]}}