{"id":29085,"date":"2018-01-05T12:48:01","date_gmt":"2018-01-05T12:48:01","guid":{"rendered":"http:\/\/www.newmessage.org\/es\/?page_id=29085"},"modified":"2018-01-13T15:11:22","modified_gmt":"2018-01-13T15:11:22","slug":"la-oscuridad-mayor-sobre-el-mundo","status":"publish","type":"page","link":"https:\/\/www.v6.newmessage.org\/es\/el-mensaje\/otras-revelaciones\/la-oscuridad-mayor-sobre-el-mundo","title":{"rendered":"La Oscuridad Mayor sobre el mundo"},"content":{"rendered":"<div><!--Versi\u00f3n espa\u00f1ola 1.3--><\/div>\n\n<div class=\"tabgroup \"><ul class=\"tabs\"><li><a href=\"#tabs-1\">Acerca de<\/a><\/li>\n<li><a href=\"#tabs-2\">Nota<\/a><\/li><\/ul>\n <div id=\"tabs-1\"><br \/>\n<i>Como le fue revelado a<\/i><br \/>\n<i>Marshall Vian Summers<\/i><br \/>\n<i>en abril de 2001<\/i><br \/>\n<i>en Boulder, Colorado, Estados Unidos<\/i><\/p>\n<p>Texto original: The Greater Darkness Upon the World (no disponible online)<\/p>\n<p>Esta revelaci\u00f3n es el cap\u00edtulo 2 de un antiguo libro introductorio.<\/p>\n<div class=\"toggle toggle-white\"><h4 class=\"trigger \"><span class=\"t_ico\"><\/span><a href=\"#\">Ver \u00edndice<\/a><\/h4><div class=\"toggle_container \"><\/p>\n<ol>\n<li><a href=\"https:\/\/www.nuevomensaje.org\/el-mensaje\/otras-revelaciones\/por-que-un-nuevo-mensaje-de-dios\"><em>\u00bfPor qu\u00e9 un Nuevo Mensaje de Dios?<\/em><\/a><\/li>\n<li><a href=\"https:\/\/www.nuevomensaje.org\/el-mensaje\/otras-revelaciones\/la-oscuridad-mayor-sobre-el-mundo\"><em>La Oscuridad Mayor sobre el mundo<\/em><\/a><\/li>\n<li><a href=\"https:\/\/www.nuevomensaje.org\/el-mensaje\/otras-revelaciones\/amor-y-miedo\"><em>Amor y miedo<\/em><\/a><\/li>\n<li><a href=\"https:\/\/www.nuevomensaje.org\/el-mensaje\/otras-revelaciones\/encontrar-vuestro-proposito-en-el-mundo\"><em>Encontrar tu prop\u00f3sito en el mundo<\/em><\/a><\/li>\n<li><a href=\"https:\/\/www.nuevomensaje.org\/el-mensaje\/otras-revelaciones\/poderes-espirituales-en-el-universo\"><em>Poderes espirituales en el universo<\/em><\/a><\/li>\n<li><a href=\"https:\/\/www.nuevomensaje.org\/el-mensaje\/otras-revelaciones\/la-gran-presencia-dentro-de-ti\"><em>La Gran Presencia dentro de ti<\/em><\/a><\/li>\n<li><a href=\"https:\/\/www.nuevomensaje.org\/el-mensaje\/otras-revelaciones\/la-llamada\"><em>La Llamada<\/em><\/a><\/li>\n<\/ol>\n<p><\/div><\/div>\n<div class=\"toggle toggle-white\"><h4 class=\"trigger \"><span class=\"t_ico\"><\/span><a href=\"#\">M\u00e1s informaci\u00f3n sobre este texto<\/a><\/h4><div class=\"toggle_container \"><br \/>\n<p>Lo que est\u00e1s leyendo en este texto es la transcripci\u00f3n de la voz original de la Asamblea Ang\u00e9lica hablando a trav\u00e9s del Mensajero Marshall Vian Summers.<\/p>\n<p>Aqu\u00ed, la comunicaci\u00f3n original de Dios, que existe m\u00e1s all\u00e1 de las palabras, es traducida al lenguaje y el entendimiento humanos por la Asamblea Ang\u00e9lica que supervisa el mundo. La Asamblea despu\u00e9s entrega el Mensaje de Dios a trav\u00e9s del Mensajero, tras lo cual es transcrito y puesto a tu disposici\u00f3n y a disposici\u00f3n de todos.<\/p>\n<p>En este extraordinario proceso, la Voz de la Revelaci\u00f3n est\u00e1 hablando de nuevo. La Palabra y el Sonido est\u00e1n en el mundo. Que puedas ser el receptor de este regalo de Revelaci\u00f3n y puedas estar abierto a recibir su Mensaje \u00fanico para ti y para tu vida.<\/p>\n<br \/>\n<\/div><\/div><br \/>\n<\/div>\n<div id=\"tabs-2\"><br \/>\n<em>Nota a los lectores:<br \/>\nEsta traducci\u00f3n fue provista a la <\/em>Society<em> por estudiantes del Nuevo Mensaje que se han ofrecido voluntariamente a traducir el texto original en ingl\u00e9s. La publicamos en esta forma inicial para que todo el mundo tenga una oportunidad de interactuar con una porci\u00f3n del Nuevo Mensaje en un su propio idioma.<\/em><br \/>\n<\/div>\n\t\t\t\t<div align=\"right\">\n\t\t\t<div class=\"fb-like\" data-href=\"\" data-layout=\"button_count\" data-action=\"like\" data-show-faces=\"false\" data-share=\"false\"><\/div>\n\t\t\t<div class=\"fb-share-button\" data-layout=\"button_count\"> <\/div>\n\t\t\t<div class=\"fb_iframe_widget\"><a href=\"https:\/\/twitter.com\/godsnewmessage?ref_src=twsrc%5Etfw\" class=\"twitter-follow-button\" data-show-count=\"false\">Follow @godsnewmessage<\/a><script async src=\"https:\/\/platform.twitter.com\/widgets.js\" charset=\"utf-8\"><\/script><\/div>\n\t\t\t<\/div> <\/div> \n\n<p>Seguramente un Nuevo Mensaje de Dios debe responder a una gran necesidad, una necesidad tan grande que la humanidad no podr\u00eda entenderla o prepararse para ella por s\u00ed misma. En cierto sentido, esto debe provocar una intervenci\u00f3n de Dios, porque Dios no puede permitir que la humanidad entre en un nuevo escenario y un nuevo desaf\u00edo sin una gran ayuda.<\/p>\n<p>Las intervenciones de Dios son infrecuentes, pero son vitalmente necesarias. La llegada de grandes emisarios espirituales como Jes\u00fas, Buda y Mahoma representa tales intervenciones. Sea como sea que su presencia pueda haber sido interpretada y cualquiera que fuera la respuesta, estos grandes representantes trajeron a la humanidad algo que necesitaba desesperadamente, algo que no pod\u00eda encontrar por s\u00ed sola.<\/p>\n<p>La humanidad ha llegado ahora a un gran punto de inflexi\u00f3n en el que una revelaci\u00f3n as\u00ed debe darse de nuevo. No es una reiteraci\u00f3n de lo que se ha proporcionado antes. Es un Nuevo Mensaje, una nueva comprensi\u00f3n, un entendimiento que se basa en todos los Mensajes de Dios que han sido enviados al mundo para asistir a la humanidad. Sin embargo, debido a que es nuevo, puede suscitar mucha disensi\u00f3n y confusi\u00f3n. Esto no puede evitarse. Ha llegado el momento para una Nueva Revelaci\u00f3n. Esto ha sido motivado tanto por la evoluci\u00f3n de la humanidad como por la llegada de vida inteligente desde m\u00e1s all\u00e1 del mundo.<\/p>\n<p>Una Oscuridad Mayor est\u00e1 sobre el mundo, una oscuridad que la humanidad no ha encontrado nunca antes. Representa un desaf\u00edo a su libertad e integridad como nunca antes hab\u00eda experimentado. Una Intervenci\u00f3n extraterrestre est\u00e1 ocurriendo en el mundo, y ha estado en marcha por alg\u00fan tiempo. Su intenci\u00f3n es ganar el control del mundo y de la gente del mundo. Es enga\u00f1osa, porque se presenta como una fuerza benigna que ha venido para ayudar a la humanidad en sus grandes necesidades pr\u00e1cticas. Se presenta bajo una luz m\u00e1s espiritual. Sin embargo, en realidad trata de persuadir y pacificar a la gente para que piense que la humanidad necesita su ayuda y que, por su propio bien, debe seguir las instrucciones dadas por la propia Intervenci\u00f3n.<\/p>\n<p>Tal Intervenci\u00f3n ha estado sucediendo en el mundo durante muchos a\u00f1os, pero sigue sin ser reconocida. Incluso aquellos que se dan cuenta de que se est\u00e1 produciendo una visita no est\u00e1n discerni\u00e9ndola correctamente.<\/p>\n<p>La humanidad no est\u00e1 preparada. Nunca se ha enfrentado a una Intervenci\u00f3n as\u00ed. Sin embargo, debido a que la Intervenci\u00f3n es un evento natural y no uno m\u00edstico, la propia naturaleza puede ense\u00f1arte lo que realmente significa. Porque ya entiendes que la preeminencia es desafiada en la naturaleza, que la competencia forma parte de la naturaleza y que los fuertes dominan a los d\u00e9biles si pueden.<\/p>\n<p>Esta es una realidad de la vida en todo el universo f\u00edsico. Sin embargo, no es la realidad de la vida en el Antiguo Hogar del que provienes. El mundo en el que vives no es el Antiguo Hogar del que viniste y al que retornar\u00e1s. No es tu realidad espiritual. Es una realidad diferente. Y en esta realidad, los fuertes dominar\u00e1n a los d\u00e9biles si pueden.<\/p>\n<p>La Comunidad Mayor a la que la humanidad est\u00e1 emergiendo est\u00e1 repleta de vida inteligente en todas las etapas de la evoluci\u00f3n y el desarrollo. Hay muchas razas tecnol\u00f3gicamente avanzadas, pero su avance tecnol\u00f3gico no significa en absoluto que sean espiritualmente avanzadas. La humanidad tiene mucho que aprender sobre la vida en el universo, porque es como un ni\u00f1o arrogante saliendo a un vecindario m\u00e1s grande de la vida. \u00bfC\u00f3mo puede entender estas cosas, y c\u00f3mo puede prepararse para este gran umbral de manera que se cumpla su destino en la Comunidad Mayor y pueda emerger a este gran escenario de vida inteligente como una raza libre?<\/p>\n<p>Este es el mayor desaf\u00edo que enfrenta la humanidad. Prepararse para esto es su mayor necesidad. Pero qu\u00e9 poca gente en el mundo es consciente de esto y puede verlo correctamente. Esto ha provocado que un Nuevo Mensaje de Dios sea dado al mundo, porque una Oscuridad Mayor est\u00e1 sobre la humanidad. El propio Nuevo Mensaje debe dar a la familia humana una conciencia de su situaci\u00f3n, y debe proporcionarle las herramientas que necesita a fin de crear la conciencia que debe tener para mantener su libertad y construir la unidad humana en el mundo. Porque solo una humanidad unida ser\u00e1 libre en el universo. Solo una humanidad unida ser\u00e1 suficientemente fuerte para mantener su posici\u00f3n preeminente en el mundo.<\/p>\n<p>Es la voluntad de Dios que la humanidad se prepare para el futuro. Es la voluntad de Dios que la humanidad pueda sobrevivir como una raza libre dentro de un escenario m\u00e1s grande de vida inteligente, donde existen muchos desaf\u00edos a la libertad. Sin embargo, la voluntad de Dios y lo que la gente entiende son cosas muy diferentes. \u00bfEst\u00e1s dispuesto a cerrar esta gran brecha? \u00bfEst\u00e1s dispuesto a aprender a reconocer tu verdadera situaci\u00f3n y a aceptar el regalo que se te ha dado para tu propia preparaci\u00f3n, preservaci\u00f3n y bienestar?<\/p>\n<p>Estas son preguntas que todos los que reciben el Nuevo Mensaje de Dios deben contemplar. Son preguntas que debes responder por ti mismo. Una Oscuridad Mayor est\u00e1 sobre el mundo. La libertad y el bienestar de la humanidad est\u00e1n en juego. Aquellos que est\u00e1n visitando este mundo no valoran la libertad humana, y aunque quieren preservar la comunidad humana a su servicio ellos no la consideran su igual. Piensan en la humanidad de la misma manera que esta piensa en sus animales dom\u00e9sticos. Creen que la familia humana es ca\u00f3tica y destructiva y que est\u00e1 arruinando el mundo, un mundo que ellos quieren tener para s\u00ed mismos. El hecho de que su presencia aqu\u00ed se est\u00e9 consolidando y que la humanidad no est\u00e9 respondiendo ha motivado el Nuevo Mensaje de Dios.<\/p>\n<p>Si una sola persona expresara estas opiniones no ser\u00eda tomada en serio, incluso si comprendiera plenamente la situaci\u00f3n, lo cual le resultar\u00eda muy dif\u00edcil de lograr por su cuenta. Incluso si esta persona tuviera una comprensi\u00f3n completa, su voz ser\u00eda d\u00e9bil y la gente la descartar\u00eda. Las personas dir\u00edan: \u201c\u00a1Bueno, esta persona est\u00e1 loca! \u00a1Esto es una tonter\u00eda! Debemos preocuparnos por los problemas reales que enfrenta la humanidad\u201d.<\/p>\n<p>Es por eso que hay un Nuevo Mensaje de Dios, porque el Mensaje debe venir de Dios. Debe venir de Dios para ser realmente entendido. No puede ser la voz de una sola persona. Una persona en el mundo no podr\u00eda entender el significado o las realidades de la vida en el universo. Una persona no podr\u00eda entender lo que la Intervenci\u00f3n realmente significa y c\u00f3mo est\u00e1 operando. Para esto se necesita un Nuevo Mensaje de Dios.<\/p>\n<p>El Creador no quiere que la humanidad fracase. Pero la humanidad todav\u00eda puede fracasar, porque este es su mundo. La humanidad quiso tener su propia realidad. Esto es cierto para toda la vida inteligente en el universo. Esto es lo que cre\u00f3 la separaci\u00f3n de Dios en el principio, y es lo que cre\u00f3 el universo que puedes ver y puedes tocar, un universo lleno de cambio, belleza y peligro. Por eso el Creador solo puede aconsejar. Por eso el Creador no dirige el universo que ves. Sin embargo, existen grandes fuerzas espirituales trabajando en esta realidad f\u00edsica, alentando el Conocimiento, la cooperaci\u00f3n y la verdad en todas las manifestaciones de la vida.<\/p>\n<p>Ahora se te est\u00e1 dando esta perspectiva para que puedas comenzar a ver, sentir y saber lo que el Nuevo Mensaje de Dios realmente significa para ti. La Oscuridad Mayor en el mundo de hoy est\u00e1 oculta. Es enga\u00f1osa. Se presenta a s\u00ed misma como benigna y beneficiosa. Alienta a la gente a aceptar su presencia y a compartir su misi\u00f3n aqu\u00ed. No es una fuerza espiritual. Es una fuerza f\u00edsica. No se compone de seres multidimensionales. Se compone de seres f\u00edsicos del universo, que se presentan de tal manera que la gente pensar\u00e1 que dichos &#8220;visitantes&#8221; son m\u00edsticos, espirituales y tienen poderes m\u00e1gicos. Los \u00fanicos poderes que tienen son su tecnolog\u00eda y su habilidad para convencer a trav\u00e9s de la persuasi\u00f3n en el ambiente mental.<\/p>\n<p>El verdadero poder es el poder que <em>t\u00fa<\/em> tienes. Es el poder del Conocimiento, el poder de ver y saber m\u00e1s all\u00e1 del enga\u00f1o. Pero este poder es d\u00e9bil en la humanidad y debe ser fortalecido. No es un poder que usen los que est\u00e1n interviniendo en este mundo, pues ni siquiera son conscientes de \u00e9l. Si lo fueran, no estar\u00edan interviniendo en este mundo. No estar\u00edan buscando ganar el control de este mundo y de sus pueblos. Porque el conocimiento nace de Dios y Dios no puede atacarse a s\u00ed mismo.<\/p>\n<p>El mayor poder del universo est\u00e1 dentro de la familia humana, pero la humanidad no lo est\u00e1 usando. Este poder est\u00e1 siendo llamado ahora como nunca antes. El desaf\u00edo a la libertad humana no tiene precedentes. Sin embargo, las personas siguen con su vida diaria sin pensar en ello. O si son conscientes de esta posibilidad, tienden a interpretarla de tal manera que las haga sentirse seguras y c\u00f3modas. \u00bfC\u00f3mo puede la humanidad dar cuenta, entonces, de la Intervenci\u00f3n extraterrestre? \u00bfC\u00f3mo puede la humanidad dar cuenta de la Oscuridad Mayor en el mundo? \u00bfQui\u00e9n puede llevar esto a la conciencia de la humanidad? \u00bfY c\u00f3mo puede la humanidad prepararse para contrarrestar a la Intervenci\u00f3n y comenzar a cumplir su destino de emerger a una Comunidad Mayor de vida inteligente como una raza libre? Solo Dios tiene la respuesta a esto. Nadie podr\u00eda tener la respuesta a esto, ni ninguna filosof\u00eda. Por eso hay un Nuevo Mensaje de Dios.<\/p>\n<p>La Oscuridad Mayor en el mundo afectar\u00e1 a todas las personas que hoy viven en el mundo. Afectar\u00e1 a sus hijos y al futuro de la propia humanidad. Esto no es un problema para una sola naci\u00f3n. Es un problema para la gente de todas partes, porque todos enfrentan el mismo desaf\u00edo y todos enfrentan las mismas consecuencias si fracasan. Esto comienza a mostrar a la familia humana que sus problemas entre s\u00ed y su desconfianza mutua no tienen una base real en el universo, porque los que est\u00e1n interviniendo en este mundo consideran a todos los seres humanos iguales. No valoran a unos sobre otros, excepto en la medida en que puedan ser \u00fatiles para su causa.<\/p>\n<p>La sanaci\u00f3n de la humanidad vendr\u00e1 como resultado de su encuentro conjunto con un mayor desaf\u00edo. La resoluci\u00f3n de sus viejas disputas y su falta de perd\u00f3n mutua vendr\u00e1 enfrent\u00e1ndose unida a un mayor desaf\u00edo. Este desaf\u00edo est\u00e1 aqu\u00ed ahora. Es un desaf\u00edo que est\u00e1 ensombreciendo al mundo entero. Este es ciertamente el gran cambio que sientes. Es la causa de tu ansiedad sobre el futuro. Es precisamente lo que te llama a responder.<\/p>\n<p>El gran renacimiento espiritual que est\u00e1 ocurriendo actualmente en este mundo no es solo para traer una mayor sensaci\u00f3n de bienestar. Es una llamada a responder a un gran desaf\u00edo. Sin embargo, si el desaf\u00edo no es reconocido, entonces la llamada ser\u00e1 malinterpretada y no se entender\u00e1.<\/p>\n<p>El universo que la humanidad encontrar\u00e1 es un entorno muy competitivo, y existen grandes fuerzas que buscan explotar mundos emergentes como este. Sin embargo, puedes resistir tal explotaci\u00f3n. Puedes detenerla. Pero para hacerlo debes comenzar a aceptar el mayor poder espiritual que vive dentro de ti, debes encontrarlo dentro de otras personas y debes afirmarlo en toda la familia humana.<\/p>\n<p>La humanidad tiene la promesa de ser una raza libre y fuerte. Sin embargo, para esto debe ser autosuficiente. Las personas deben reconocer su terreno com\u00fan y sus necesidades comunes, y deben compensar sus tendencias a explotarse mutuamente para obtener ventajas personales. Esto ahora no es solo una recomendaci\u00f3n, sino algo esencial para su supervivencia y su libertad.<\/p>\n<p>Las fuerzas extraterrestres presentes hoy en el mundo buscan arrebatar a humanidad esta libertad. Sin embargo, solo pueden hacerlo con su cooperaci\u00f3n, su consentimiento y su evitaci\u00f3n y negaci\u00f3n de la verdad. Si la familia humana resiste activamente estas fuerzas entonces la Intervenci\u00f3n se ver\u00e1 forzada a retirarse, ya que depende enteramente de la sumisi\u00f3n humana. Depende de su debilidad y no de su fuerza.<\/p>\n<p>El Nuevo Mensaje de Dios revela el verdadero significado de la Oscuridad Mayor en el mundo, c\u00f3mo est\u00e1 operando aqu\u00ed y c\u00f3mo debes responder a ella. Est\u00e1 llamando a lo que sabes m\u00e1s profundamente. Te est\u00e1 diciendo que eres capaz de comprender lo que realmente est\u00e1 sucediendo en el mundo actual.<\/p>\n<p>Puedes entenderlo y debes entenderlo. Te est\u00e1 llamando a elevarte por encima de tus preocupaciones personales para reconocer una mayor necesidad, una necesidad que es esencial para tu libertad y tu bienestar.<\/p>\n<p>A trav\u00e9s del Nuevo Mensaje Dios est\u00e1 llamando a todos por igual, no para creer en una filosof\u00eda o una religi\u00f3n por encima de otra, sino para tomar conciencia de una mayor necesidad en el mundo. Est\u00e1 llamando a todas las personas a que usen su cultura, su religi\u00f3n y la sabidur\u00eda que ambas proveen para responder a esta gran necesidad. En el coraz\u00f3n de todas las religiones del mundo hay una \u00fanica verdad, y es la realidad de la naturaleza espiritual de la humanidad. Por m\u00e1s nublada que pueda estar esta verdad, por m\u00e1s perdida que parezca estar en aquello en lo que se ha convertido la religi\u00f3n o en c\u00f3mo se promueve, esta verdad esencial permanece. El Nuevo Mensaje de Dios habla de esta \u00fanica verdad, la amplifica y le da un campo de aplicaci\u00f3n m\u00e1s amplio.<\/p>\n<p>Algunas personas pueden responder al Nuevo Mensaje de Dios diciendo: \u201cBueno, esto es muy aterrador. \u00a1No creo que pueda lidiar con esto!\u201d. Pero esta es tu vida. Este es tu mundo. Puedes y debes responder. El Conocimiento, o Esp\u00edritu dentro de ti, puede responder y responder\u00e1 si se lo permites.<\/p>\n<p>Hay una Oscuridad Mayor en el mundo. No puedes evitarlo. No hay donde puedas huir y esconderte. La negaci\u00f3n y la evitaci\u00f3n solo debilitan tu posici\u00f3n y hacen que la preservaci\u00f3n del futuro y la autodeterminaci\u00f3n sean m\u00e1s dif\u00edciles, tanto para ti como para todos los dem\u00e1s.<\/p>\n<p>El Nuevo Mensaje de Dios llama a las personas a seguir lo que el Conocimiento, o el Esp\u00edritu en su interior, les est\u00e1 diciendo: no a seguir lo que quieren, o lo que creen, o lo que prefieren, sino a seguir la mayor inteligencia espiritual que es el coraz\u00f3n y el alma de su Ser. Aqu\u00ed no se pide creer, sino reconocimiento y responsabilidad.<\/p>\n<p>Todas las personas han venido a esta vida preparadas para lidiar con las realidades del mundo en este tiempo. Quiz\u00e1 te sientas d\u00e9bil e indefenso. Quiz\u00e1 sientas que no puedes hacer nada, pero esa no es la verdad. Quiz\u00e1 tu cultura y tu sociedad te hayan convencido de que no puedes hacer nada y eres ineficaz, pero esa no es la verdad.<\/p>\n<p>El Nuevo Mensaje de Dios apela a la responsabilidad humana. Esta es la era de la unidad y la responsabilidad humanas. No es la era en la que uno solo cree en un gran santo o en un gran avatar. No es la era en la que uno sigue a un l\u00edder oculto o lejano. Es un momento para la responsabilidad y la cooperaci\u00f3n humanas. No se trata solo una buena idea: es la <em>\u00fanica<\/em> idea.<\/p>\n<p>Aqu\u00ed comenzar\u00e1s a ver que la Intervenci\u00f3n extraterrestre, la Oscuridad Mayor en el mundo, aunque grave y seria y con enormes riesgos, es al mismo tiempo lo \u00fanico que puede unir a la humanidad y hacer posible que supere sus viejos conflictos y construya los cimientos para una nueva realidad aqu\u00ed. Porque la humanidad solo puede esperar permanecer libre en el universo si est\u00e1 unida y es autosuficiente.<\/p>\n<p>El Nuevo Mensaje de Dios te lo revelar\u00e1 de tal manera que puedas entenderlo. Porque puedes comprender la realidad aunque la temas, aunque no est\u00e9s seguro de quererla, aunque no est\u00e9s seguro de poder ser poderoso en ella.<\/p>\n<p>El Nuevo Mensaje de Dios no apela a las creencias de la gente. Apela a una parte m\u00e1s profunda de cada persona. La capacidad de las personas para responder se basa en cu\u00e1n conectadas est\u00e1n a su verdadera naturaleza e inteligencia espiritual.<\/p>\n","protected":false},"excerpt":{"rendered":"<p>Seguramente un Nuevo Mensaje de Dios debe responder a una gran necesidad, una necesidad tan grande que la humanidad no podr\u00eda entenderla o prepararse para ella por s\u00ed misma. En cierto sentido, esto debe provocar una intervenci\u00f3n de Dios, porque Dios no puede permitir que la humanidad entre en un nuevo escenario y un nuevo\u2026 <a class=\"read-more\" href=\"https:\/\/www.v6.newmessage.org\/es\/about-text-shortcode\"><span>Read More<\/span><\/a><\/p>\n","protected":false},"author":13,"featured_media":0,"parent":16358,"menu_order":0,"comment_status":"closed","ping_status":"closed","template":"template-leftsidebar.php","meta":{"_monsterinsights_skip_tracking":false,"_monsterinsights_sitenote_active":false,"_monsterinsights_sitenote_note":"","_monsterinsights_sitenote_category":0,"footnotes":""},"categories":[501,76],"tags":[726],"_links":{"self":[{"href":"https:\/\/www.v6.newmessage.org\/es\/wp-json\/wp\/v2\/pages\/29085"}],"collection":[{"href":"https:\/\/www.v6.newmessage.org\/es\/wp-json\/wp\/v2\/pages"}],"about":[{"href":"https:\/\/www.v6.newmessage.org\/es\/wp-json\/wp\/v2\/types\/page"}],"author":[{"embeddable":true,"href":"https:\/\/www.v6.newmessage.org\/es\/wp-json\/wp\/v2\/users\/13"}],"replies":[{"embeddable":true,"href":"https:\/\/www.v6.newmessage.org\/es\/wp-json\/wp\/v2\/comments?post=29085"}],"version-history":[{"count":6,"href":"https:\/\/www.v6.newmessage.org\/es\/wp-json\/wp\/v2\/pages\/29085\/revisions"}],"predecessor-version":[{"id":29108,"href":"https:\/\/www.v6.newmessage.org\/es\/wp-json\/wp\/v2\/pages\/29085\/revisions\/29108"}],"up":[{"embeddable":true,"href":"https:\/\/www.v6.newmessage.org\/es\/wp-json\/wp\/v2\/pages\/16358"}],"wp:attachment":[{"href":"https:\/\/www.v6.newmessage.org\/es\/wp-json\/wp\/v2\/media?parent=29085"}],"wp:term":[{"taxonomy":"category","embeddable":true,"href":"https:\/\/www.v6.newmessage.org\/es\/wp-json\/wp\/v2\/categories?post=29085"},{"taxonomy":"post_tag","embeddable":true,"href":"https:\/\/www.v6.newmessage.org\/es\/wp-json\/wp\/v2\/tags?post=29085"}],"curies":[{"name":"wp","href":"https:\/\/api.w.org\/{rel}","templated":true}]}}