{"id":29063,"date":"2017-12-22T12:15:12","date_gmt":"2017-12-22T12:15:12","guid":{"rendered":"http:\/\/www.newmessage.org\/es\/?page_id=29063"},"modified":"2017-12-22T12:27:34","modified_gmt":"2017-12-22T12:27:34","slug":"los-dias-sagrados","status":"publish","type":"page","link":"https:\/\/www.v6.newmessage.org\/es\/el-mensaje\/otras-revelaciones\/los-dias-sagrados","title":{"rendered":"Los D\u00edas Sagrados"},"content":{"rendered":"<div><!--Versi\u00f3n espa\u00f1ola 1.3--><\/div>\n\n<div class=\"tabgroup \"><ul class=\"tabs\"><li><a href=\"#tabs-1\">Acerca de<\/a><\/li>\n<li><a href=\"#tabs-2\">Nota<\/a><\/li><\/ul>\n <div id=\"tabs-1\"><br \/>\n<i>Como le fue revelado a<\/i><br \/>\n<i>Marshall Vian Summers<\/i><br \/>\n<i>el 25 de diciembre de 2014<\/i><br \/>\n<i>en Estambul, Turqu\u00eda<\/i><\/p>\n<p>Texto original: <a href=\"https:\/\/www.newmessage.org\/the-message\/other-revelations\/the-holy-days\">The Holy Days<\/a><\/p>\n<p>Escucha el audio original aqu\u00ed (en ingl\u00e9s): no disponible online<\/p>\n<div class=\"toggle toggle-white\"><h4 class=\"trigger \"><span class=\"t_ico\"><\/span><a href=\"#\">M\u00e1s informaci\u00f3n sobre este texto<\/a><\/h4><div class=\"toggle_container \"><br \/>\n<p>Lo que est\u00e1s leyendo en este texto es la transcripci\u00f3n de la voz original de la Asamblea Ang\u00e9lica hablando a trav\u00e9s del Mensajero Marshall Vian Summers.<\/p>\n<p>Aqu\u00ed, la comunicaci\u00f3n original de Dios, que existe m\u00e1s all\u00e1 de las palabras, es traducida al lenguaje y el entendimiento humanos por la Asamblea Ang\u00e9lica que supervisa el mundo. La Asamblea despu\u00e9s entrega el Mensaje de Dios a trav\u00e9s del Mensajero, tras lo cual es transcrito y puesto a tu disposici\u00f3n y a disposici\u00f3n de todos.<\/p>\n<p>En este extraordinario proceso, la Voz de la Revelaci\u00f3n est\u00e1 hablando de nuevo. La Palabra y el Sonido est\u00e1n en el mundo. Que puedas ser el receptor de este regalo de Revelaci\u00f3n y puedas estar abierto a recibir su Mensaje \u00fanico para ti y para tu vida.<\/p>\n<br \/>\n<\/div><\/div><br \/>\n<\/div>\n<div id=\"tabs-2\"><br \/>\n<em>Nota a los lectores:<br \/>\nEsta traducci\u00f3n fue provista a la <\/em>Society<em> por estudiantes del Nuevo Mensaje que se han ofrecido voluntariamente a traducir el texto original en ingl\u00e9s. La publicamos en esta forma inicial para que todo el mundo tenga una oportunidad de interactuar con una porci\u00f3n del Nuevo Mensaje en un su propio idioma.<\/em><br \/>\n<\/div>\n\t\t\t\t<div align=\"right\">\n\t\t\t<div class=\"fb-like\" data-href=\"\" data-layout=\"button_count\" data-action=\"like\" data-show-faces=\"false\" data-share=\"false\"><\/div>\n\t\t\t<div class=\"fb-share-button\" data-layout=\"button_count\"> <\/div>\n\t\t\t<div class=\"fb_iframe_widget\"><a href=\"https:\/\/twitter.com\/godsnewmessage?ref_src=twsrc%5Etfw\" class=\"twitter-follow-button\" data-show-count=\"false\">Follow @godsnewmessage<\/a><script async src=\"https:\/\/platform.twitter.com\/widgets.js\" charset=\"utf-8\"><\/script><\/div>\n\t\t\t<\/div> <\/div> \n\n<p>Hoy hablaremos de los D\u00edas Sagrados, en este D\u00eda Sagrado en el que la humanidad honra a uno de los grandes Mensajeros enviado a la Tierra desde la Asamblea Ang\u00e9lica. Aunque esta no es la fecha exacta en que naci\u00f3, se conmemora en esta fecha.<\/p>\n<p>Los D\u00edas Sagrados representan una remembranza de tu Fuente, tu origen y tu destino, y si se practican verdaderamente son tambi\u00e9n una remembranza del prop\u00f3sito mayor que te trajo al mundo, aunque a\u00fan no lo puedas definir.<\/p>\n<p>Est\u00e1s aqu\u00ed con un prop\u00f3sito, lo que significa que tienes un destino estando en el mundo, un destino que est\u00e1 m\u00e1s all\u00e1 de tus pensamientos, planes y objetivos, aguardando el momento en el que estar\u00e1s listo para comenzar a prepararte.<\/p>\n<p>Lo que hace que estos d\u00edas sean sagrados es la remembranza, el tornar tu mente hacia el Cielo y hacia lo que el Cielo ha puesto en tu interior, el Conocimiento m\u00e1s profundo muy por debajo de la superficie de la mente.<\/p>\n<p>Cualquier d\u00eda en que esto pueda practicarse y considerarse es un D\u00eda Sagrado. Pues debes construir tu puente hacia Dios tal y como Dios ya ha construido su puente hacia ti. Y cada d\u00eda que practiques verdadera, seria e intencionadamente, esforz\u00e1ndote e involucr\u00e1ndote, estar\u00e1s construyendo este puente, esa parte del puente que t\u00fa debes construir.<\/p>\n<p>No se trata solo de una cuesti\u00f3n de creencia, de asociaci\u00f3n, de ritual o de visitar la mezquita, la iglesia o el templo. La actividad sagrada es construir la involucraci\u00f3n, un lugar en tu mente donde esta pueda ocurrir \u2014un espacio sagrado, un clareo en la jungla de los pensamientos y las influencias del mundo; un lugar sagrado, un lugar de involucraci\u00f3n y remembranza, un lugar de oraci\u00f3n, un lugar de entrega y sumisi\u00f3n.<\/p>\n<p>T\u00fa no sabes lo que realmente necesitas en la vida m\u00e1s all\u00e1 de lograr los requerimientos b\u00e1sicos necesarios para vivir en un ambiente f\u00edsico como este. Por tanto, debes rezar para que esto te pueda ser revelado.<\/p>\n<p>Esto requiere una aproximaci\u00f3n seria, una aproximaci\u00f3n humilde. Pues Dios no est\u00e1 aqu\u00ed para reforzar tu idea de ti mismo, sino para devolverte al prop\u00f3sito por el que has venido y a la fortaleza, la humildad y la compasi\u00f3n que necesitar\u00e1s para poder aproximarte a este prop\u00f3sito con el tiempo. Y esto es lo que hace que este d\u00eda sea sagrado, as\u00ed como todos los d\u00edas en los que practiques y entres en esta involucraci\u00f3n.<\/p>\n<p>Pues tu remembranza de Jes\u00fas, Mahoma o Buda o de los grandes profetas de anta\u00f1o debe ser una remembranza de tu antigua relaci\u00f3n con tu Fuente, pues eso es lo que sus vidas demostraron y contin\u00faan demostrando, resonando a trav\u00e9s de todos los reflejos de los tiempos: las eras, las civilizaciones, la historia, la expansi\u00f3n de la conciencia humana, la ciencia, la educaci\u00f3n\u2026 \u00a0todo.<\/p>\n<p>Lo que impregna todos estos esfuerzos y actividades es la remembranza de tu Fuente. Y si esta remembranza es verdadera y aut\u00e9ntica y est\u00e1s suficientemente libre de la opresi\u00f3n religiosa y las restricciones culturales, podr\u00e1s ver con claridad que has sido enviado aqu\u00ed con un prop\u00f3sito, y que no puedes definir ese prop\u00f3sito por ti mismo, pues debe serte revelado a trav\u00e9s del tiempo. Para ello, te debes preparar.<\/p>\n<p>Dios ha enviado ahora la gran preparaci\u00f3n a todas las tribus y pueblos de la Tierra para que tomen los Pasos al Conocimiento \u2014a la inteligencia m\u00e1s profunda que Dios ha colocado en el interior de cada persona y que espera a ser descubierta\u2014, una preparaci\u00f3n dada en un lenguaje muy simple y claro, pero con tal profundidad que no podr\u00e1s agotarla; dada en un lenguaje muy simple y claro para que pueda ser traducida f\u00e1cilmente, con un m\u00ednimo de distorsi\u00f3n y confusi\u00f3n; dada con repetici\u00f3n para que cada frase pueda entenderse de manera m\u00e1s clara, efectiva y pura.<\/p>\n<p>Esto es lo que practicas en los D\u00edas Sagrados \u2014los d\u00edas de remembranza, de confesi\u00f3n, de sumisi\u00f3n, de reverencia por tu vida y por las vidas de otros\u2014. Este es un d\u00eda de compasi\u00f3n, un d\u00eda en el que no juzgas ni condenas a otros ni tampoco a ti mismo, un d\u00eda para practicar mucha tolerancia en este sentido, un d\u00eda para suspender tus creencias, tus convicciones y tus actitudes, de modo que puedas escuchar, sentir y o\u00edr m\u00e1s all\u00e1 de tus obsesiones habituales y las preocupaciones de tu mente.<\/p>\n<p>All\u00ed de donde has venido cada d\u00eda es sagrado, pero no hay d\u00edas que no sean sagrados, por tanto estos pensamientos nunca surgir\u00e1n. Pero en esta vida, en este mundo, debe haber un esfuerzo y una remembranza. Debe haber una aproximaci\u00f3n y medios para la preparaci\u00f3n. No consiste simplemente en recitar las escrituras de manera mec\u00e1nica o en realizar rituales en un ambiente religioso. Se trata de algo m\u00e1s puro que puede hacerse en cualquier parte, por cualquiera, bajo casi cualquier circunstancia.<\/p>\n<p>Es tu petici\u00f3n honesta de conocer tu mayor prop\u00f3sito y, a trav\u00e9s de esto, de reinvolucrarte con aquellos que te enviaron al mundo, aquellos que representan el origen de tu vida y el prop\u00f3sito por el que est\u00e1s aqu\u00ed, cosas que no puedes definir por ti mismo, cosas que incluso la religi\u00f3n misma no puede definir por completo, pues excede con mucho la conciencia y la comprensi\u00f3n humanas.<\/p>\n<p>Ya sea que hayas sido formado en el pensamiento religioso o no, la involucraci\u00f3n debe ser pura y debe estar libre de preocupaciones humanas, admoniciones humanas e ideas fijas en la mente para ser clara y efectiva.<\/p>\n<p>Aqu\u00ed renuncias a lo que piensas y crees \u2014incluso a tus creencias religiosas\u2014 por un periodo de tiempo, para abrir tu mente a la revelaci\u00f3n \u2014a la revelaci\u00f3n de tu verdadera naturaleza y tu verdadera relaci\u00f3n con tu Fuente y con aquellos que te enviaron al mundo, los cuales velan por ti incluso en este momento.<\/p>\n<p>Aqu\u00ed podr\u00edas celebrar las fechas de nacimiento conmemoradas de todos los grandes Mensajeros, pues todos han venido de la Asamblea Ang\u00e9lica, como ves. Todos han sido enviados por Dios en un momento cr\u00edtico en la evoluci\u00f3n de la humanidad y en el crecimiento, la expansi\u00f3n y el cambio de la civilizaci\u00f3n humana \u2014un Plan tan perfecto, tan grande, tan incluyente que ninguna mente en el mundo podr\u00eda concebirlo.<\/p>\n<p>Pues Dios habla no solo para este momento, sino tambi\u00e9n para el futuro. Y Dios ha hablado de nuevo ahora en un tiempo de mayores retos y penalidades, mientras la humanidad enfrenta un mundo con recursos en declive y una creciente poblaci\u00f3n; un tiempo de turbulencia, un tiempo de perturbaci\u00f3n e inestabilidad medioambiental, un tiempo como ning\u00fan otro tiempo que haya ocurrido en la historia y memoria de los seres humanos.<\/p>\n<p>Dios ha hablado de nuevo, y nadie en el mundo puede decir que Dios no puede hablar de nuevo \u2014ning\u00fan santo, ning\u00fan profeta, ning\u00fan Mensajero; ni siquiera la Asamblea Ang\u00e9lica puede decir lo que Dios har\u00e1 a continuaci\u00f3n\u2014. Dios act\u00faa cuando Dios quiere. Esto est\u00e1 m\u00e1s all\u00e1 de la comprensi\u00f3n y el entendimiento humanos.<\/p>\n<p>Para que estos d\u00edas sean sagrados, debes entender lo que estamos diciendo aqu\u00ed hoy, o tu conmemoraci\u00f3n ser\u00e1 superficial. Ser\u00e1 solo para reforzar tus ideas y nociones sobre ti mismo y las ideas sobre el mundo a tu alrededor. Pero esas son solo tus ideas y las ideas de otros. La involucraci\u00f3n sagrada todav\u00eda no ha sucedido.<\/p>\n<p>Debes renunciar a tu entendimiento a cambio de un entendimiento mayor. Y en estos tiempos de pr\u00e1ctica y conmemoraci\u00f3n, esto es lo que debes hacer, como ves.<\/p>\n<p>Aqu\u00ed no entregas tu vida a Dios, pues Dios necesita tu inteligencia. Dios necesita tu experiencia en el mundo. Dios necesita tus habilidades aqu\u00ed en la Tierra para llevar a cabo el Plan Mayor.<\/p>\n<p>Debes ser el capit\u00e1n de tu propio barco, pero solo Dios sabe a d\u00f3nde va, cu\u00e1l es la verdadera carga y el significado del viaje en s\u00ed mismo.<\/p>\n<p>Aqu\u00ed no puedes renunciar a tu mente por completo, pues tu mente debe tener un mayor consejero que la gu\u00ede, una mayor relaci\u00f3n que la una, un mayor amor que la sane y un mayor prop\u00f3sito que la d\u00e9 direcci\u00f3n.<\/p>\n<p>Debes escuchar estas palabras que decimos, o la santidad ser\u00e1 una idea solamente, un pensamiento, una creencia. Venerar\u00e1s a personas, lugares y cosas en vez de a tu Fuente. Incluso el esplendor de las ceremonias religiosas te cautivar\u00e1, pero esto a\u00fan no es la involucraci\u00f3n sagrada de la que hablamos aqu\u00ed ahora.<\/p>\n<p>Los d\u00edas sagrados que se conmemoran en memoria de los grandes Profetas y Mensajeros representan una oportunidad para que experimentes esto, as\u00ed como un alivio de tu vida social, tu vida secular; representan una oportunidad para involucrarte en una relaci\u00f3n m\u00e1s profunda con la Fuente de tu vida y con aquellos que te enviaron al mundo, los cuales velan por ti incluso en este momento.<\/p>\n<p>Esto es misterioso y no puedes entenderlo. Debes aprender a participar en lo que no puedes entender, o tu mente permanecer\u00e1 peque\u00f1a y gobernada por el mundo \u2014por las fuerzas del mundo, por las persuasiones del mundo, por la angustia y la ira del mundo, por la opresi\u00f3n y la corrupci\u00f3n del mundo.<\/p>\n<p>Esto es lo que Jes\u00fas tuvo que hacer. Esto es lo que Mahoma tuvo que hacer. Esto es lo que Buda tuvo que hacer. Todos ellos permitieron que su entendimiento fuera eclipsado, no por una mayor creencia sino por una mayor direcci\u00f3n, para ser guiados m\u00e1s all\u00e1 de su entendimiento en servicio a un mundo que ni siquiera pod\u00edan ver o entender, en servicio al futuro, que estaba mucho m\u00e1s all\u00e1 de su experiencia de entonces en ese tiempo.<\/p>\n<p>Podr\u00e1s alabarlos, pero la involucraci\u00f3n est\u00e1 frente a ti. No ser\u00e1s igual a ellos, pero debes aprender de su ejemplo. Debes practicar lo que ellos practicaron, quiz\u00e1 en un menor grado al principio, pero no obstante la involucraci\u00f3n est\u00e1 ah\u00ed, esper\u00e1ndote.<\/p>\n<p>Dios est\u00e1 contigo, pero t\u00fa est\u00e1s mirando hacia otro lado, con la mente atrapada en el mundo: en tus planes, en tus miedos, en tus juicios, en tus memorias tormentosas, en tus desilusiones, en tus opresiones, en tu vida sobrecargada de trabajo, en tu vida sin un prop\u00f3sito mayor para guiarte.<\/p>\n<p>Para ser un verdadero seguidor de uno de los grandes Mensajeros, debes prepararte para tu propia revelaci\u00f3n personal, que es de lo que Nosotros hablamos aqu\u00ed ahora. No ser\u00e1 una cosa grandiosa, pero ser\u00e1 la experiencia m\u00e1s importante de tu vida y te proveer\u00e1 todo lo que buscas en el exterior sin poder encontrarlo.<\/p>\n<p>La satisfacci\u00f3n, el significado, el aliento y la fortaleza deben de venir de esta involucraci\u00f3n, de lo contrario ser\u00e1s un prisionero en el mundo y nada m\u00e1s. Sin importar lo grandes que sean tus creencias, incluso si eres el l\u00edder de una iglesia o una mezquita, incluso si eres un gran orador religioso, tan elocuente con las palabras, seguir\u00e1s siendo aqu\u00ed un prisionero, no liberado todav\u00eda, no verdaderamente guiado todav\u00eda, a\u00fan sin verdadera inspiraci\u00f3n.<\/p>\n<p>No creas que lo que estamos diciendo es inalcanzable, demasiado grande o demasiado abrumador y confuso para considerarlo. Pues tu coraz\u00f3n responder\u00e1 si eres lo suficientemente libre para responder. Fuiste hecho para esto. No fuiste hecho para ser un esclavo en el mundo, un esclavo de la pobreza o de la riqueza, o un esclavo de las obligaciones familiares solamente.<\/p>\n<p>Fuiste hecho para un prop\u00f3sito mayor. Aunque su expresi\u00f3n en el mundo ser\u00e1 simple y humilde, es un prop\u00f3sito mayor debido a su Fuente y debido a aquello a lo que sirve, lo cual est\u00e1 m\u00e1s all\u00e1 del entendimiento humano, porque no solo sirve a todos los que conoces a tu alrededor, sino al mundo entero como parte del Plan Mayor de Dios.<\/p>\n<p>Esta es la bendici\u00f3n que te traemos hoy: una invitaci\u00f3n, un aliento. La traemos con respeto, valorando tu vida al hacerlo. Te estamos dando ahora el camino despejado a trav\u00e9s del laberinto y la jungla de la comprensi\u00f3n y la confusi\u00f3n humanas.<\/p>\n<p>Estamos ofreci\u00e9ndote un camino para salir de una situaci\u00f3n sin esperanza y dirigirte hacia una vida mayor, mayor no solo en t\u00e9rminos de circunstancias, sino tambi\u00e9n en t\u00e9rminos de tu experiencia, de tu capacidad para apreciar cada peque\u00f1a cosa maravillosa, de tu capacidad para ser feliz en el momento, de tu capacidad para ver a la gente con compasi\u00f3n en lugar de condenarla, de tu capacidad para ver la vida como una oportunidad continua para conectarte con tu Fuente y prepararte para la misi\u00f3n y el prop\u00f3sito mayor por el que has venido y que representa el \u00fanico significado real de tu presencia aqu\u00ed.<\/p>\n<p>Deja que estos d\u00edas sagrados sean entonces una remembranza, una oportunidad para ver m\u00e1s all\u00e1 de tu perspectiva actual, una oportunidad para abrirte a la Gracia sin peticiones, sin buscar dispensaciones, sin tratar de usar a Dios como una especie de sirviente personal, porque eso es arrogante y tonto y nunca tendr\u00e1 un buen resultado.<\/p>\n<p>Vienes a darte a ti mismo, a ofrecerte a ti mismo, y para esto Dios te ha dado una pr\u00e1ctica, una forma de prepararte, porque necesitas prepararte. No puedes ir a ninguna parte sin esto. Y tu disposici\u00f3n para prepararte, d\u00eda tras d\u00eda y sin importar cu\u00e1l sea tu experiencia diaria, es tu respuesta a Dios. Es la forma en que conmemoras tu relaci\u00f3n con Dios: construyendo tu parte del puente hacia tu Fuente.<\/p>\n<p>Este es el trabajo que debes hacer. Rezar y creer es solo una parte de la ecuaci\u00f3n. Debes construir el puente, siguiendo el camino que Dios te ha dado, un mayor camino que se extiende ante ti ahora.<\/p>\n","protected":false},"excerpt":{"rendered":"<p>Hoy hablaremos de los D\u00edas Sagrados, en este D\u00eda Sagrado en el que la humanidad honra a uno de los grandes Mensajeros enviado a la Tierra desde la Asamblea Ang\u00e9lica. Aunque esta no es la fecha exacta en que naci\u00f3, se conmemora en esta fecha. Los D\u00edas Sagrados representan una remembranza de tu Fuente, tu\u2026 <a class=\"read-more\" href=\"https:\/\/www.v6.newmessage.org\/es\/about-text-shortcode\"><span>Read More<\/span><\/a><\/p>\n","protected":false},"author":13,"featured_media":0,"parent":16358,"menu_order":0,"comment_status":"closed","ping_status":"closed","template":"template-leftsidebar.php","meta":{"_monsterinsights_skip_tracking":false,"_monsterinsights_sitenote_active":false,"_monsterinsights_sitenote_note":"","_monsterinsights_sitenote_category":0,"footnotes":""},"categories":[501,76],"tags":[723],"_links":{"self":[{"href":"https:\/\/www.v6.newmessage.org\/es\/wp-json\/wp\/v2\/pages\/29063"}],"collection":[{"href":"https:\/\/www.v6.newmessage.org\/es\/wp-json\/wp\/v2\/pages"}],"about":[{"href":"https:\/\/www.v6.newmessage.org\/es\/wp-json\/wp\/v2\/types\/page"}],"author":[{"embeddable":true,"href":"https:\/\/www.v6.newmessage.org\/es\/wp-json\/wp\/v2\/users\/13"}],"replies":[{"embeddable":true,"href":"https:\/\/www.v6.newmessage.org\/es\/wp-json\/wp\/v2\/comments?post=29063"}],"version-history":[{"count":2,"href":"https:\/\/www.v6.newmessage.org\/es\/wp-json\/wp\/v2\/pages\/29063\/revisions"}],"predecessor-version":[{"id":29065,"href":"https:\/\/www.v6.newmessage.org\/es\/wp-json\/wp\/v2\/pages\/29063\/revisions\/29065"}],"up":[{"embeddable":true,"href":"https:\/\/www.v6.newmessage.org\/es\/wp-json\/wp\/v2\/pages\/16358"}],"wp:attachment":[{"href":"https:\/\/www.v6.newmessage.org\/es\/wp-json\/wp\/v2\/media?parent=29063"}],"wp:term":[{"taxonomy":"category","embeddable":true,"href":"https:\/\/www.v6.newmessage.org\/es\/wp-json\/wp\/v2\/categories?post=29063"},{"taxonomy":"post_tag","embeddable":true,"href":"https:\/\/www.v6.newmessage.org\/es\/wp-json\/wp\/v2\/tags?post=29063"}],"curies":[{"name":"wp","href":"https:\/\/api.w.org\/{rel}","templated":true}]}}