{"id":28395,"date":"2016-11-02T16:21:49","date_gmt":"2016-11-02T16:21:49","guid":{"rendered":"http:\/\/www.newmessage.org\/es\/?page_id=28395"},"modified":"2020-02-25T16:57:52","modified_gmt":"2020-02-25T16:57:52","slug":"mahoma-muhammad-y-el-nuevo-mensaje-de-dios","status":"publish","type":"page","link":"https:\/\/www.v6.newmessage.org\/es\/el-mensaje\/otras-revelaciones\/mahoma-muhammad-y-el-nuevo-mensaje-de-dios","title":{"rendered":"Mahoma [Muhammad] y el Nuevo Mensaje de Dios"},"content":{"rendered":"<div><!-- Versi\u00f3n de la traducci\u00f3n: 1.2 --><\/div>\n\n<div class=\"tabgroup \"><ul class=\"tabs\"><li><a href=\"#tabs-1\">Acerca de<\/a><\/li><\/ul>\n <div id=\"tabs-1\"><br \/>\n<i>Como le fue revelado a<\/i><br \/>\n<i>Marshall Vian Summers<\/i><br \/>\n<i>el 19 de julio de 2014<\/i><br \/>\n<i>en Boulder, Colorado, Estados Unidos<\/i><\/p>\n<p>Texto original: <a href=\"https:\/\/www.newmessage.org\/the-message\/volume-1\/pure-religion\/muhammad-and-the-nm\">Muhammad and the New Message from God<\/a>;<\/p>\n<p>Escucha el audio original aqu\u00ed (en ingl\u00e9s):<\/p>\n<div id=\"jquery_jplayer_1\" class=\"jp-jplayer\"><\/div>\n\t\t\t\t<div id=\"jp_container_1\" class=\"jp-audio\">\n\t\t\t\t<div class=\"jp-type-single\"><div class=\"jp-control\"><a href=\"javascript:;\" class=\"jp-play\" tabindex=\"1\">play<\/a><a href=\"javascript:;\" class=\"jp-pause\" tabindex=\"1\">pause<\/a><\/div> <div class=\"jp-gui jp-interface\"><div class=\"jp-volume\"><div class=\"jp-volume-bar\"><div class=\"jp-volume-bar-value\"><\/div><\/div><\/div><div class=\"jp-progress\"><div class=\"jp-seek-bar\"><div class=\"jp-play-bar\"><\/div><\/div><\/div><\/div>\t\t\t\t\t<div class=\"jp-no-solution\"><span>Update Required<\/span>To play the media you will need to either update your browser to a recent version or update your <a href=\"http:\/\/get.adobe.com\/flashplayer\/\" target=\"_blank\">Flash plugin<\/a>.<\/div><\/div><\/div>\n\t\t\t<script type='text\/javascript'>\n\t\t\t\tjQuery(document).ready(function() {\n\t\t\t\t\tif (typeof (sermonMedia) == 'function') {\n\t\t\t\t\t\tsermonMedia.addAudio('', \"jquery_jplayer_1\");\n\t\t\t\t\t}\n\t\t\t\t\tjQuery.jPlayer.timeFormat.showHour = true;\n\t\t\t\t\tjQuery(\"#jquery_jplayer_1\").jPlayer({\n\t\t\t\t\t\tready: function(event) {\n\t\t\t\t\t\t\tjQuery(this).jPlayer(\"setMedia\", {mp3: 'https:\/\/www.newmessage.org\/av\/muhammad-and-the-new-message-from-god.mp3'});\n\t\t\t\t\t\t},\n\t\t\t\t\t\tplay: function() {\n\t\t\t\t\t\t\tjQuery(this).jPlayer(\"pauseOthers\");\n\t\t\t\t\t\t},\n\t\t\t\t\t\tswfPath: ThemeData.directory_uri+\"\/swf\",\n\t\t\t\t\t\tsolution: \"html, flash\",\n\t\t\t\t\t\tpreload: \"metadata\",\n\t\t\t\t\t\twmode: \"window\",\n\t\t\t\t\t\tsupplied: \"mp3\",\n\t\t\t\t\t\tcssSelectorAncestor: '#jp_container_1'\n\t\t\t\t\t});\n\t\t\t\t});\n\t\t\t<\/script><\/p>\n<p><a title=\"Muhammad and the New Message from God\" href=\"https:\/\/www.newmessage.org\/av\/muhammad-and-the-new-message-from-god.mp3\">Descargar<\/a> (cliquea en el bot\u00f3n derecho y selecciona \u201cguardar enlace como\u201d)<\/p>\n<div class=\"toggle toggle-white\"><h4 class=\"trigger \"><span class=\"t_ico\"><\/span><a href=\"#\">M\u00e1s informaci\u00f3n sobre este texto<\/a><\/h4><div class=\"toggle_container \"><br \/>\n<p>Lo que est\u00e1s leyendo en este texto es la transcripci\u00f3n de la voz original de la Asamblea Ang\u00e9lica hablando a trav\u00e9s del Mensajero Marshall Vian Summers.<\/p>\n<p>Aqu\u00ed, la comunicaci\u00f3n original de Dios, que existe m\u00e1s all\u00e1 de las palabras, es traducida al lenguaje y el entendimiento humanos por la Asamblea Ang\u00e9lica que supervisa el mundo. La Asamblea despu\u00e9s entrega el Mensaje de Dios a trav\u00e9s del Mensajero, tras lo cual es transcrito y puesto a tu disposici\u00f3n y a disposici\u00f3n de todos.<\/p>\n<p>En este extraordinario proceso, la Voz de la Revelaci\u00f3n est\u00e1 hablando de nuevo. La Palabra y el Sonido est\u00e1n en el mundo. Que puedas ser el receptor de este regalo de Revelaci\u00f3n y puedas estar abierto a recibir su Mensaje \u00fanico para ti y para tu vida.<\/p>\n<br \/>\n<\/div><\/div>\n<p><\/div>\n\t\t\t\t<div align=\"right\">\n\t\t\t<div class=\"fb-like\" data-href=\"\" data-layout=\"button_count\" data-action=\"like\" data-show-faces=\"false\" data-share=\"false\"><\/div>\n\t\t\t<div class=\"fb-share-button\" data-layout=\"button_count\"> <\/div>\n\t\t\t<div class=\"fb_iframe_widget\"><a href=\"https:\/\/twitter.com\/godsnewmessage?ref_src=twsrc%5Etfw\" class=\"twitter-follow-button\" data-show-count=\"false\">Follow @godsnewmessage<\/a><script async src=\"https:\/\/platform.twitter.com\/widgets.js\" charset=\"utf-8\"><\/script><\/div>\n\t\t\t<\/div> <\/div> \n\n<p>Hoy hablaremos sobre Mahoma [Muhammad] y el Nuevo Mensaje de Dios.<\/p>\n<p>Es importante para ti entender que todos los grandes Mensajeros han venido de la Asamblea Ang\u00e9lica. Han venido de esta \u00fanica gran Asamblea que est\u00e1 a cargo de supervisar el bienestar y el progreso de la humanidad.<\/p>\n<p>Si esto puede entenderse, entonces la guerra y el conflicto entre las religiones podr\u00edan quiz\u00e1 finalizar, pues esto es lo que ahora debe suceder en un mundo que enfrenta las Grandes Olas de cambio.<\/p>\n<p>Mahoma fue uno de los grandes Mensajeros enviados desde la Asamblea Ang\u00e9lica para hablar a una parte del mundo que estaba destinada a emerger y a tener una influencia global. Se dio en un momento espec\u00edfico en la historia en el que dicha posibilidad pod\u00eda realizarse. El momento y el lugar eran esenciales para esto.<\/p>\n<p>\u00c9l recibi\u00f3 la muy dif\u00edcil misi\u00f3n de hablar a tribus de personas que no ten\u00edan noci\u00f3n de la verdadera libertad y el desarrollo social m\u00e1s all\u00e1 de aquello a lo que estaban acostumbradas en su \u00e9poca, viviendo con tremendas dificultades y conflictos constantes. Poco sab\u00edan que les llegar\u00eda un gran Mensaje para el mundo en su tiempo, en el tiempo del Mensajero.<\/p>\n<p>La Revelaci\u00f3n de Mahoma para ellos ser\u00eda muy simple y muy en\u00e9rgica, porque solo entend\u00edan el poder en esos t\u00e9rminos, siendo a\u00fan inconscientes de las dimensiones mayores de sus vidas.<\/p>\n<p>El Mensaje de Mahoma fue para construir una sociedad basada en la fe y en una gran asociaci\u00f3n en torno a la propia Revelaci\u00f3n, un establecimiento social nunca visto antes en esa parte del mundo. Fue revolucionario en muchos sentidos, un gran avance. Pero, como todas las grandes tradiciones del pasado, cay\u00f3 bajo el patrocinio de los l\u00edderes pol\u00edticos. Se convirti\u00f3 en parte de la clase dirigente. Como resultado, su misterio y su potencia fueron eliminados.<\/p>\n<p>Mahoma recibi\u00f3 la Palabra de Dios para aquella gente en ese tiempo, un tiempo muy diferente del tiempo en el que vives hoy. Fue un Mensaje para ese tiempo, pero tambi\u00e9n conten\u00eda las semillas de una mayor sabidur\u00eda y compasi\u00f3n, muchas de las cuales afortunadamente han sido preservadas.<\/p>\n<p>Pero Mahoma no compil\u00f3 el Cor\u00e1n [Qur\u2019an] como se le encarg\u00f3 hacer, porque falleci\u00f3 antes de poder completarlo. Por tanto, fue ensamblado por diferentes individuos con diferentes intenciones, y los grandes Suras de revelaci\u00f3n personal se dejaron fuera. El islam se volvi\u00f3 una religi\u00f3n de obediencia y sumisi\u00f3n, que fueron necesarias en ese tiempo especialmente. Pero las revelaciones de realizaci\u00f3n personal y el amor de Dios no se incluyeron.<\/p>\n<p>El hecho de que las grandes religiones fuesen establecidas tras la vida de los grandes Mensajeros es un problema, como ves, una tragedia por derecho propio, un problema que se ha repetido muchas veces con numerosas consecuencias desafortunadas.<\/p>\n<p>Mahoma tuvo la muy dif\u00edcil tarea de establecer, construir y proteger un nuevo orden social: una comunidad de creyentes, una comunidad de adherentes, una comunidad distinta a todo lo que se hab\u00eda visto hasta entonces en esa parte del mundo. Sus dificultades estuvieron en establecer esta [comunidad] de modo que su Mensaje pudiera expandirse m\u00e1s all\u00e1 de su regi\u00f3n, tal como lo ha hecho.<\/p>\n<p>Es una de las grandes Revelaciones para la humanidad, pero est\u00e1 incompleta. Y se cometieron muchos errores con ella. Para protegerla, sus seguidores insistieron en que \u00e9l [Mahoma] fue el \u00faltimo profeta y Dios no dir\u00eda nada m\u00e1s.<\/p>\n<p>En cierto sentido, eso fue cierto durante un tiempo, pero no podr\u00eda ser cierto para siempre. Porque Dios tiene m\u00e1s cosas que decir al mundo. Y en estos tiempos de gran cambio y convulsi\u00f3n para el mundo en conjunto, Dios ha dado una Nueva Revelaci\u00f3n y ha quebrado el Sello de los Profetas, como fue previsto y ser\u00eda necesario cuando el momento llegase.<\/p>\n<p>El Cielo entiende esto perfectamente, por supuesto, porque forma parte de un Gran Plan que est\u00e1 m\u00e1s all\u00e1 de la comprensi\u00f3n humana, un Plan no solo para este mundo, sino para el propio universo. Un Plan para billones y billones de razas y m\u00e1s, muy distintas a vosotros, viviendo en diferentes ambientes en todos los estados de la evoluci\u00f3n social y espiritual, en un universo tan complejo que ninguna raza puede comprenderlo por completo.<\/p>\n<p>Lo que es importante que sepas es que Dios est\u00e1 dando una serie de Revelaciones progresivas, cada una a\u00f1adiendo algo esencial a la construcci\u00f3n y la protecci\u00f3n de la civilizaci\u00f3n humana \u2014no solo para una \u00fanica naci\u00f3n, no solo para una \u00fanica cultura o tribu, sino para el mundo entero, como ves.<\/p>\n<p>El islam fue en \u00faltima instancia para el mundo entero, como ves, aunque no todo el mundo ser\u00eda su seguidor. Pero el Cielo sabe que ser\u00eda as\u00ed. Nunca se pretendi\u00f3 que fuera la \u00fanica religi\u00f3n de este mundo, porque el Cielo sabe que nunca ser\u00eda as\u00ed.<\/p>\n<p>Porque Dios ha dado diferentes Revelaciones en puntos de inflexi\u00f3n para la humanidad, no solo para atender las necesidades de esos tiempos, sino para atender la necesidad de todos los tiempos. Pues la humanidad tiene un mayor destino en el universo, para el que no est\u00e1 preparada.<\/p>\n<p>Todas las grandes religiones han dado a la humanidad la oportunidad de construir una base \u00e9tica y moral m\u00e1s alta, de aprender contenci\u00f3n, de aprender reverencia, de aprender a ver m\u00e1s all\u00e1 de la raza, la tribu y la naci\u00f3n de uno mismo. Porque est\u00e1is destinados a ser una humanidad \u2014una comunidad, una humanidad con todas las divergencias de cultura, de raza, de costumbres, etc.<\/p>\n<p>El Gran Plan es para esto, un Plan para el que la humanidad en este momento no est\u00e1 preparada y del que no tiene conciencia.<\/p>\n<p>Los seguidores de Mahoma cometieron la equivocaci\u00f3n de afirmar que \u00e9l era el Profeta final y \u00fanico para el futuro, pues ning\u00fan hombre puede afirmar esto. Ni siquiera el Profeta, el Mensajero, puede decir esto. Ni siquiera la Asamblea Ang\u00e9lica, de la que todos los Mensajeros han surgido, puede decir esto.<\/p>\n<p>Pues Dios habla cuando Dios lo quiere. Y nadie aparte de Dios puede decir lo contrario, ni entender el momento y la \u00e9poca en los que se dar\u00e1 una Gran Revelaci\u00f3n.<\/p>\n<p>Los seguidores de Mahoma en muchos casos forzaron la religi\u00f3n sobre los pueblos que subyugaron, en contra de la voluntad del Mensajero. La transmisi\u00f3n del liderazgo en la comunidad se cedi\u00f3 a fuerzas m\u00e1s all\u00e1 de la voluntad del Mensajero y lo estipulado por \u00e9l.<\/p>\n<p>En la actualidad el islam est\u00e1 sufriendo e incluso declinando, debido a los conflictos que han surgido a lo largo del tiempo \u2014la gran fractura dentro de la religi\u00f3n y sus seguidores, la gran discordia social, las grandes guerras, la gran degradaci\u00f3n, el gran sufrimiento.<\/p>\n<p>Cuando la religi\u00f3n cae bajo el gobierno del estado, su verdadera eficacia comienza a decaer y deja de tener la potencia con la que originalmente se dio.<\/p>\n<p>El islam se volvi\u00f3 en muchas ocasiones la religi\u00f3n del estado, lo cual nunca fue la intenci\u00f3n del Creador. Aunque en la \u00e9poca de Mahoma fue necesario para establecer la tradici\u00f3n y la ense\u00f1anza, nunca se pretendi\u00f3 que fuera el gobierno del estado.<\/p>\n<p>Porque la religi\u00f3n nunca debe gobernar. Solo debe alentar, inspirar y aconsejar, de lo contrario ser\u00e1 corrompida por todas las fuerzas que corrompieron los gobiernos, por todas las fuerzas que corrompen a la humanidad, buscando poder y dominio, buscando proteger la riqueza y el privilegio.<\/p>\n<p>La verdadera esencia del islam ha sido mantenida viva por aquellos que no se rigen por esas cosas. La verdadera esencia de todas las grandes tradiciones la mantienen viva aquellos que no se rigen por esas cosas.<\/p>\n<p>Pues el islam trata sobre el retorno al misterio de tu relaci\u00f3n con lo Divino. No es meramente un c\u00f3digo \u00e9tico o de comportamiento para la conducta social o para establecer un modelo de servicio religioso. M\u00e1s all\u00e1 de esto, es para generar el retorno a Dios mediante un gran servicio en el mundo, mediante la compasi\u00f3n, mediante el perd\u00f3n, mediante la humildad, mediante el coraje.<\/p>\n<p>No puede ser la bandera de la guerra, porque no hay guerreros sagrados. No hay guerras sagradas. Toda guerra representa un fracaso de las naciones, las tribus y los grupos humanos a la hora de trabajar juntos por el beneficio y el bienestar mutuos.<\/p>\n<p>No hay guerra que sea \u201cyihad,\u201d porque la \u201cyihad\u201d trata sobre la purificaci\u00f3n de uno mismo, no sobre hacer la guerra contra tus vecinos o contra poderes externos. Este es un error que tanto el cristianismo como el islam han fomentado causando gran destrucci\u00f3n \u2014un gran error de entendimiento, el resultado de que la religi\u00f3n se vuelva una instituci\u00f3n, una instituci\u00f3n pol\u00edtica con poder y dominio.<\/p>\n<p>El islam y el cristianismo han sido mantenidos vivos por aquellos que no se rigen por esas fuerzas.<\/p>\n<p>Mahoma se convirti\u00f3 en un modelo de liderazgo, pero no de liderazgo pol\u00edtico. Se volvi\u00f3 un modelo de servicio, pero cometi\u00f3 equivocaciones, pues todos los Mensajeros han cometido equivocaciones.<\/p>\n<p>El prop\u00f3sito del islam es el prop\u00f3sito de todas las grandes religiones: acercarte a lo que Dios ha puesto dentro de ti para que lo sigas, y que Nosotros llamamos \u201cConocimiento\u201d, tu conexi\u00f3n divina con Dios. Esto es lo que te permitir\u00e1 responder y ser fiel. Sin este Conocimiento, la fidelidad se forzar\u00e1 mediante la amenaza del infierno y la condenaci\u00f3n, mediante el castigo por las autoridades humanas, e incluso el castigo de Dios.<\/p>\n<p>Pero Dios no te castigar\u00e1, porque Dios sabe que sin el Conocimiento para guiarte estar\u00e1s en el error. Cometer\u00e1s una equivocaci\u00f3n tras otra. Vivir\u00e1s en la confusi\u00f3n y asumir\u00e1s que tus creencias y tus exhortaciones son la verdad misma, cuando en realidad ni siquiera est\u00e1s involucrado con la verdad, la verdad mayor que te redimir\u00e1 a ti y contigo al mundo entero.<\/p>\n<p>El \u00e9nfasis en el infierno y la condenaci\u00f3n en las antiguas tradiciones era la creencia y suposici\u00f3n que permeaba todo el mundo antiguo. Porque la gente no sab\u00eda del Conocimiento, excepto unos muy escasos individuos clarividentes. Todos se convirtieron bajo la amenaza de castigo. Todos creyeron, pensando que encarar\u00edan terribles consecuencias si no lo hac\u00edan. Todos se comportaron, pensando que no solo el gobierno les castigar\u00eda, sino que Dios les castigar\u00eda \u2014el dios o los dioses.<\/p>\n<p>Es por eso que a Dios se le presenta como amoral al principio, un dios m\u00e1s como vosotros mismos \u2014amable con aquellos que est\u00e1n de acuerdo contigo y cruel con aquellos que no; una proyecci\u00f3n de la psicolog\u00eda, las quejas, la naturaleza y el temperamento humanos.<\/p>\n<p>Pero al progresar la humanidad en su evoluci\u00f3n tambi\u00e9n ha progresado el entendimiento de Dios. Para que Dios sea todo-misericordioso, no puede haber infierno y condenaci\u00f3n. Pero \u00bfc\u00f3mo puede ser Dios todo-misericordioso cuando la humanidad vive en tal grado de error y degradaci\u00f3n?<\/p>\n<p>La respuesta es que Dios ha puesto el Conocimiento dentro de cada persona, esperando a ser descubierto. Y hasta que sea descubierto y alentado, las personas vivir\u00e1n en el error y su entendimiento de Dios se basar\u00e1 en creencias y tradiciones y c\u00f3digos y leyes. Ellas no han descubierto todav\u00eda la verdadera involucraci\u00f3n, un mayor camino m\u00e1s all\u00e1 de simplemente seguir los preceptos de ser fiel a la Palabra, lo cual por s\u00ed mismo es un desaf\u00edo suficientemente grande.<\/p>\n<p>Pero Dios te est\u00e1 llamando a retornar \u2014no a dejar el mundo, sino a volverte un agente del bien en el mundo\u2014. Es por esto que has venido. Es por eso que est\u00e1s aqu\u00ed. M\u00e1s all\u00e1 de tu necesidad de supervivencia y seguridad, esta es la mayor necesidad del Alma \u2014reconocer esto y cumplirlo en la vida.<\/p>\n<p>El islam cometi\u00f3 el error de condenar a aquellos que dejasen la fe por otras religiones, hasta sancion\u00e1ndolo con la muerte en ciertas partes del mundo, incluso en la actualidad.<\/p>\n<p>Esto es una invenci\u00f3n humana. A Dios no le preocupa cu\u00e1l sea tu tradici\u00f3n de fe siempre y cuando puedas utilizarla para ganar acceso al Conocimiento que Dios ha puesto dentro de ti y seas fiel a eso, de manera primaria y fundamental \u2014aprendiendo a distinguirlo de todos los impulsos de tu propia mente; aprendiendo a distinguirlo del miedo y la codicia, de la agresi\u00f3n y la hostilidad, de la pasi\u00f3n y el enga\u00f1o.<\/p>\n<p>Cuando se pierde este Conocimiento en la religi\u00f3n, esta se vuelve el estado. No le importa lo que la realidad espiritual significa a un nivel individual. Solo le importan el gobierno y el orden. Quiere librarse de la controversia. Quiere librarse de la contradicci\u00f3n. Quiere suprimir la disensi\u00f3n, incluso la exploraci\u00f3n natural que cada persona espiritualmente inspirada llevar\u00e1 a cabo \u2014incluso esto lo desalentar\u00e1 y lo negar\u00e1.<\/p>\n<p>No puedes amar a un Dios que va a castigarte por tus errores naturales e inevitables. No puedes amar a un Dios al que no puedes acercarte de alguna manera. Aunque Dios es grande, m\u00e1s grande incluso de lo que puedes imaginar, el Conocimiento dentro de ti te acerca a Dios y a la Voluntad de Dios, y mitiga todos los errores y tendencias peligrosas en tu mente y tus circunstancias.<\/p>\n<p>En \u00faltima instancia, si suficientes personas pueden seguir esto, ello supondr\u00e1 el fin de todas las guerras y conflictos.<\/p>\n<p>Mahoma jug\u00f3 su parte esencial moviendo a la humanidad hacia esta mayor dimensi\u00f3n, este mayor destino, este mayor futuro.<\/p>\n<p>Si entiendes Nuestras palabras, ver\u00e1s que no debe haber conflicto entre las religiones del mundo. No debe haber conflicto ni siquiera dentro de las religiones del mundo en lo que respecta a la interpretaci\u00f3n, porque siempre habr\u00e1 una variedad de interpretaciones.<\/p>\n<p>Lo que trae verdadera unidad a las personas es el poder del Conocimiento, pues esa es la verdadera moralidad. Porque al nivel del Conocimiento no puedes estar en conflicto con otros. Incluso si ellos tienen diferentes interpretaciones o ideas, no puedes realmente estar en conflicto con ellos.<\/p>\n<p>Si no est\u00e1s usando la religi\u00f3n para conseguir poder o simplemente para escapar de tu propia inseguridad, entonces puedes asumir sus mayores responsabilidades y sus mayores bendiciones.<\/p>\n<p>Dios ha hablado de nuevo. El Sello de los Profetas ha sido quebrado de nuevo porque debe darse una Nueva Revelaci\u00f3n al mundo. Debe darse a un mundo que enfrenta Grandes Olas de cambio medioambiental, social y econ\u00f3mico que afectan ahora a todo el mundo a la vez. Debe darse ahora porque la humanidad est\u00e1 encontrando un universo lleno de vida inteligente.<\/p>\n<p>Dos grandes umbrales para los que las tradiciones antiguas no fueron dise\u00f1adas para prepararos. Aunque su sabidur\u00eda es desde luego grande y v\u00e1lida para todos los tiempos, no puede prepararos para el gran umbral en el que la humanidad ahora se est\u00e1 embarcando.<\/p>\n<p>Las religiones est\u00e1n divididas e incluso en disputa internamente. Muchas personas en el mundo actual est\u00e1n alej\u00e1ndose de la religi\u00f3n, pensando que la tecnolog\u00eda es su nueva religi\u00f3n. La religi\u00f3n est\u00e1 generando guerra y conflicto de manera creciente, a medida que las Grandes Olas de cambio llegan \u2014disminuyendo los recursos del mundo, cambiando el clima del mundo, creando creciente presi\u00f3n, dificultad e incertidumbre.<\/p>\n<p>Todo esto ha tra\u00eddo una Nueva Revelaci\u00f3n de Dios, una Revelaci\u00f3n dada no a un mundo antiguo de gente analfabeta bajo subyugaci\u00f3n, sino a un mundo moderno de comunicaciones globales, comercio global y, para muchos, de creciente conciencia global. Dios est\u00e1 dando una Revelaci\u00f3n m\u00e1s completa y detallada que cualquier otra cosa que se haya dado antes a la familia humana \u2014no para reemplazar las religiones del mundo, sino para expandirlas y unirlas, pues todas ellas forman parte del Plan de Dios, como ves.<\/p>\n<p>Toda la tragedia y el error que se ha creado en nombre de la religi\u00f3n es una invenci\u00f3n humana, nacida del error y el malentendido humanos.<\/p>\n<p>Ahora la humanidad ha alcanzado un nivel de desarrollo social y conciencia colectiva desde el que puede entender al Dios de todo el universo, as\u00ed como comenzar a responder a lo que Dios ha puesto en vuestro interior, que es el mayor regalo que Dios os ha dado \u2014el poder y la presencia del Conocimiento, que es puro y eterno y no puede ser corrompido por el mundo ni por ninguna otra fuerza en el universo.<\/p>\n<p>Aqu\u00ed el islam se vuelve un islam del universo. Aqu\u00ed el cristianismo y el islam se vuelven diferentes expresiones del mismo Poder, la misma Fuerza y el mismo Plan. Aqu\u00ed todas las religiones del mundo, a pesar de las diferencias en pr\u00e1cticas y entendimiento teol\u00f3gico, vienen todas de la misma Fuente para servir al desarrollo y la protecci\u00f3n de la civilizaci\u00f3n humana, particularmente ahora que enfrenta un declive medioambiental, as\u00ed como una intervenci\u00f3n procedente del universo a su alrededor, para la que la humanidad est\u00e1 completamente falta de preparaci\u00f3n.<\/p>\n<p>Si pudieras entender la religi\u00f3n a este nivel, m\u00e1s cercano a la comprensi\u00f3n del Cielo, podr\u00edas ver todas estas cosas de las que hablamos, y te resultar\u00edan tan claras como la luz del d\u00eda.<\/p>\n<p>No necesitas defender tu fe, porque tu fe debe estar m\u00e1s all\u00e1 de las ideas, las creencias y la tradici\u00f3n. Es tu involucraci\u00f3n esencial con el Conocimiento que Dios ha puesto dentro de ti para guiarte, protegerte y conducirte a un nivel mayor de servicio y realizaci\u00f3n en el mundo \u2014en este mundo, en el mundo bajo estas mismas circunstancias para las que has venido.<\/p>\n<p>Entonces honrar\u00e1s todas las religiones y reconocer\u00e1s los errores que han cometido aquellos que las siguieron y aquellos que las mantuvieron a lo largo del tiempo. Podr\u00e1s ver la esencia m\u00e1s all\u00e1 de la forma. Podr\u00e1s discernir el prop\u00f3sito m\u00e1s all\u00e1 de la manifestaci\u00f3n.<\/p>\n<p>Dios os est\u00e1 dando ahora el entendimiento de la religi\u00f3n al nivel del Conocimiento, no d\u00e1ndoselo solo a individuos expertos, sino poni\u00e9ndolo a disposici\u00f3n del mundo entero. Porque mucha gente lo necesita ahora. Lo necesita mucha gente para que la humanidad sobreviva a las Grandes Olas de cambio y se prepare para su interacci\u00f3n con la vida en el universo, el mayor umbral que la familia humana ha enfrentado nunca.<\/p>\n<p>La religi\u00f3n pretende acercarte a Dios y a lo que Dios ha puesto dentro de ti para que lo sigas \u2014[esto es lo que pretende] toda religi\u00f3n que es verdadera y eficaz, toda religi\u00f3n que nace de las Grandes Revelaciones que el Creador de toda vida ha dado, mediante la Presencia Ang\u00e9lica, en grandes puntos de inflexi\u00f3n para la humanidad.<\/p>\n<p>Comprende que pasan siglos y milenios entre las Grandes Revelaciones. Porque Dios solo habla a la humanidad en conjunto en estos grandes puntos de inflexi\u00f3n, y ahora provee la Gran Revelaci\u00f3n que os preparar\u00e1 para restaurar vuestro mundo y os dar\u00e1 la fuerza, el coraje y la unidad para enfrentar un futuro que ser\u00e1 distinto del pasado.<\/p>\n","protected":false},"excerpt":{"rendered":"<p>Hoy hablaremos sobre Mahoma [Muhammad] y el Nuevo Mensaje de Dios. Es importante para ti entender que todos los grandes Mensajeros han venido de la Asamblea Ang\u00e9lica. Han venido de esta \u00fanica gran Asamblea que est\u00e1 a cargo de supervisar el bienestar y el progreso de la humanidad. Si esto puede entenderse, entonces la guerra\u2026 <a class=\"read-more\" href=\"https:\/\/www.v6.newmessage.org\/es\/about-text-shortcode\"><span>Read More<\/span><\/a><\/p>\n","protected":false},"author":13,"featured_media":0,"parent":16358,"menu_order":0,"comment_status":"closed","ping_status":"closed","template":"template-leftsidebar.php","meta":{"_monsterinsights_skip_tracking":false,"_monsterinsights_sitenote_active":false,"_monsterinsights_sitenote_note":"","_monsterinsights_sitenote_category":0,"footnotes":""},"categories":[501,76],"tags":[622],"_links":{"self":[{"href":"https:\/\/www.v6.newmessage.org\/es\/wp-json\/wp\/v2\/pages\/28395"}],"collection":[{"href":"https:\/\/www.v6.newmessage.org\/es\/wp-json\/wp\/v2\/pages"}],"about":[{"href":"https:\/\/www.v6.newmessage.org\/es\/wp-json\/wp\/v2\/types\/page"}],"author":[{"embeddable":true,"href":"https:\/\/www.v6.newmessage.org\/es\/wp-json\/wp\/v2\/users\/13"}],"replies":[{"embeddable":true,"href":"https:\/\/www.v6.newmessage.org\/es\/wp-json\/wp\/v2\/comments?post=28395"}],"version-history":[{"count":3,"href":"https:\/\/www.v6.newmessage.org\/es\/wp-json\/wp\/v2\/pages\/28395\/revisions"}],"predecessor-version":[{"id":28398,"href":"https:\/\/www.v6.newmessage.org\/es\/wp-json\/wp\/v2\/pages\/28395\/revisions\/28398"}],"up":[{"embeddable":true,"href":"https:\/\/www.v6.newmessage.org\/es\/wp-json\/wp\/v2\/pages\/16358"}],"wp:attachment":[{"href":"https:\/\/www.v6.newmessage.org\/es\/wp-json\/wp\/v2\/media?parent=28395"}],"wp:term":[{"taxonomy":"category","embeddable":true,"href":"https:\/\/www.v6.newmessage.org\/es\/wp-json\/wp\/v2\/categories?post=28395"},{"taxonomy":"post_tag","embeddable":true,"href":"https:\/\/www.v6.newmessage.org\/es\/wp-json\/wp\/v2\/tags?post=28395"}],"curies":[{"name":"wp","href":"https:\/\/api.w.org\/{rel}","templated":true}]}}