{"id":28374,"date":"2016-10-27T17:42:02","date_gmt":"2016-10-27T17:42:02","guid":{"rendered":"http:\/\/www.newmessage.org\/es\/?page_id=28374"},"modified":"2017-09-15T09:28:19","modified_gmt":"2017-09-15T09:28:19","slug":"el-viaje-del-mensajero","status":"publish","type":"page","link":"https:\/\/www.v6.newmessage.org\/es\/el-mensaje\/volumen-1\/el-nuevo-mensajero\/el-viaje-del-mensajero","title":{"rendered":"El viaje del Mensajero"},"content":{"rendered":"<div><!--Versi\u00f3n espa\u00f1ola 1.2--><\/div>\n\n<div class=\"tabgroup \"><ul class=\"tabs\"><li><a href=\"#tabs-1\">Acerca de<\/a><\/li>\n<li><a href=\"#tabs-2\">V\u00eddeo<\/a><\/li>\n<li><a href=\"#tabs-3\">Nota<\/a><\/li><\/ul>\n <div id=\"tabs-1\"><br \/>\n<i>Como le fue revelado a<\/i><br \/>\n<i>Marshall Vian Summers<\/i><br \/>\n<i>el 14 de julio de 2013<\/i><br \/>\n<i>en Boulder, Colorado, Estados Unidos<\/i><\/p>\n<p>Texto original: <a href=\"https:\/\/www.newmessage.org\/the-message\/volume-1\/new-messenger\/the-journey-of-the-messenger\">The Journey of the Messenger<\/a><\/p>\n<p>Escucha el audio original aqu\u00ed (en ingl\u00e9s):<\/p>\n<div id=\"jquery_jplayer_1\" class=\"jp-jplayer\"><\/div>\n\t\t\t\t<div id=\"jp_container_1\" class=\"jp-audio\">\n\t\t\t\t<div class=\"jp-type-single\"><div class=\"jp-control\"><a href=\"javascript:;\" class=\"jp-play\" tabindex=\"1\">play<\/a><a href=\"javascript:;\" class=\"jp-pause\" tabindex=\"1\">pause<\/a><\/div> <div class=\"jp-gui jp-interface\"><div class=\"jp-volume\"><div class=\"jp-volume-bar\"><div class=\"jp-volume-bar-value\"><\/div><\/div><\/div><div class=\"jp-progress\"><div class=\"jp-seek-bar\"><div class=\"jp-play-bar\"><\/div><\/div><\/div><\/div>\t\t\t\t\t<div class=\"jp-no-solution\"><span>Update Required<\/span>To play the media you will need to either update your browser to a recent version or update your <a href=\"http:\/\/get.adobe.com\/flashplayer\/\" target=\"_blank\">Flash plugin<\/a>.<\/div><\/div><\/div>\n\t\t\t<script type='text\/javascript'>\n\t\t\t\tjQuery(document).ready(function() {\n\t\t\t\t\tif (typeof (sermonMedia) == 'function') {\n\t\t\t\t\t\tsermonMedia.addAudio('', \"jquery_jplayer_1\");\n\t\t\t\t\t}\n\t\t\t\t\tjQuery.jPlayer.timeFormat.showHour = true;\n\t\t\t\t\tjQuery(\"#jquery_jplayer_1\").jPlayer({\n\t\t\t\t\t\tready: function(event) {\n\t\t\t\t\t\t\tjQuery(this).jPlayer(\"setMedia\", {mp3: 'https:\/\/www.newmessage.org\/av\/the-journey-of-the-messenger.mp3'});\n\t\t\t\t\t\t},\n\t\t\t\t\t\tplay: function() {\n\t\t\t\t\t\t\tjQuery(this).jPlayer(\"pauseOthers\");\n\t\t\t\t\t\t},\n\t\t\t\t\t\tswfPath: ThemeData.directory_uri+\"\/swf\",\n\t\t\t\t\t\tsolution: \"html, flash\",\n\t\t\t\t\t\tpreload: \"metadata\",\n\t\t\t\t\t\twmode: \"window\",\n\t\t\t\t\t\tsupplied: \"mp3\",\n\t\t\t\t\t\tcssSelectorAncestor: '#jp_container_1'\n\t\t\t\t\t});\n\t\t\t\t});\n\t\t\t<\/script><\/p>\n<p><a title=\"The Journey of the Messenger\" href=\"https:\/\/www.newmessage.org\/av\/the-journey-of-the-messenger.mp3\">Descargar<\/a> (cliquea en el bot\u00f3n derecho y selecciona \u201cguardar enlace como\u201d)<\/p>\n<div class=\"toggle toggle-white\"><h4 class=\"trigger \"><span class=\"t_ico\"><\/span><a href=\"#\">M\u00e1s informaci\u00f3n sobre este texto<\/a><\/h4><div class=\"toggle_container \"><br \/>\n<p>Lo que est\u00e1s leyendo en este texto es la transcripci\u00f3n de la voz original de la Asamblea Ang\u00e9lica hablando a trav\u00e9s del Mensajero Marshall Vian Summers.<\/p>\n<p>Aqu\u00ed, la comunicaci\u00f3n original de Dios, que existe m\u00e1s all\u00e1 de las palabras, es traducida al lenguaje y el entendimiento humanos por la Asamblea Ang\u00e9lica que supervisa el mundo. La Asamblea despu\u00e9s entrega el Mensaje de Dios a trav\u00e9s del Mensajero, tras lo cual es transcrito y puesto a tu disposici\u00f3n y a disposici\u00f3n de todos.<\/p>\n<p>En este extraordinario proceso, la Voz de la Revelaci\u00f3n est\u00e1 hablando de nuevo. La Palabra y el Sonido est\u00e1n en el mundo. Que puedas ser el receptor de este regalo de Revelaci\u00f3n y puedas estar abierto a recibir su Mensaje \u00fanico para ti y para tu vida.<\/p>\n<br \/>\n<\/div><\/div><br \/>\n<\/div>\n<div id=\"tabs-2\"><br \/>\n<iframe loading=\"lazy\" width=\"275\" height=\"155\" src=\"https:\/\/www.youtube.com\/embed\/HQgyxShBzCY?feature=oembed&#038;enablejsapi=1&#038;origin=http:\/\/www.newmessage.org\/es\" frameborder=\"0\" allowfullscreen><\/iframe><br \/>\n<\/div>\n<div id=\"tabs-3\"><br \/>\n<em>Nota a los lectores:<br \/>\nEsta traducci\u00f3n fue provista a la <\/em>Society<em> por estudiantes del Nuevo Mensaje que se han ofrecido voluntariamente a traducir el texto original en ingl\u00e9s. La publicamos en esta forma inicial para que todo el mundo tenga una oportunidad de interactuar con una porci\u00f3n del Nuevo Mensaje en un su propio idioma.<\/em><br \/>\n<\/div>\n\t\t\t\t<div align=\"right\">\n\t\t\t<div class=\"fb-like\" data-href=\"\" data-layout=\"button_count\" data-action=\"like\" data-show-faces=\"false\" data-share=\"false\"><\/div>\n\t\t\t<div class=\"fb-share-button\" data-layout=\"button_count\"> <\/div>\n\t\t\t<div class=\"fb_iframe_widget\"><a href=\"https:\/\/twitter.com\/godsnewmessage?ref_src=twsrc%5Etfw\" class=\"twitter-follow-button\" data-show-count=\"false\">Follow @godsnewmessage<\/a><script async src=\"https:\/\/platform.twitter.com\/widgets.js\" charset=\"utf-8\"><\/script><\/div>\n\t\t\t<\/div> <\/div> \n\n<p>Dios ha enviado al Mensajero al mundo en un tiempo de gran cambio y creciente incertidumbre. \u00c9l es el Mensajero para el mundo, aunque a muchas personas les resultar\u00e1 dif\u00edcil aceptarlo, dadas sus nociones e inversiones previas.<\/p>\n<p>\u00c9l se ha preparado durante mucho tiempo para esto. Ha venido desde la Asamblea Ang\u00e9lica, de la cual forma parte. En el mundo es un hombre. Es imperfecto, pero todos los grandes Mensajeros han sido imperfectos.<\/p>\n<p>\u00c9l es el \u00fanico, porque ha sido enviado al mundo con este prop\u00f3sito y viene desde la Asamblea. Lo que proveer\u00e1 no lo puede proveer ning\u00fan individuo, no importa lo inspirado o culto que pueda ser, porque nadie puede traer la Voluntad y el Poder del Cielo mediante sus palabras y su proclamaci\u00f3n.<\/p>\n<p>Pero el verdadero Mensajero no solo trae la Voluntad y el Poder del Cielo, sino la propia Voz del Cielo: la Voz de la Asamblea hablando como uno solo, los muchos hablando como uno, una realidad que no puedes considerar con tu intelecto. Es demasiado limitado para esto.<\/p>\n<p>Habr\u00e1 aquellos que podr\u00e1n reconocer al Mensajero inmediatamente, pero la mayor\u00eda tendr\u00e1 que aprenderlo con el tiempo y la demostraci\u00f3n, pues tienen mucho que despejar en sus propias mentes antes de poder ver algo de esta magnitud. Ellos querr\u00e1n pruebas en varias formas. Y algunas de sus expectativas ser\u00e1n satisfechas y otras no, pues Dios no est\u00e1 atado por estas cosas.<\/p>\n<p>Las vidas de los Mensajeros de la antig\u00fcedad han sido tan alteradas e interpretadas a lo largo de las eras que ahora nadie sabe realmente qui\u00e9nes eran en un sentido pr\u00e1ctico y real. Pero en verdad nadie puede entender la vida del Mensajero. Porque los Mensajeros vienen de la Asamblea Ang\u00e9lica. No son los hijos e hijas de Dios, porque Dios no tiene hijos e hijas. Eso es meramente un entendimiento mundano. No se aplica a la Creaci\u00f3n.<\/p>\n<p>Por tanto, el Mensajero est\u00e1 en el mundo. Ha sido preparado durante mucho tiempo. Ha llevado mucho tiempo recibir una Revelaci\u00f3n m\u00e1s extensa e inclusiva que todo lo que se ha dado alguna vez a este mundo, dada ahora de manera sencilla y clara, en un mundo de comercio y comunicaciones globales, sin presentarse ya con an\u00e9cdotas, temas pastorales o im\u00e1genes po\u00e9ticas, sino expresada con claridad y mucha repetici\u00f3n, de modo que pueda ser escuchada con el tiempo; dada ahora usando la tecnolog\u00eda de esta era, que nunca antes estuvo disponible; dada ahora para hablar al mundo entero a la vez, no solo a una tribu, un grupo o una regi\u00f3n; un Mensaje muy grande, porque representa al Dios del universo y lo que Dios est\u00e1 haciendo en todo el universo, lo cual nunca antes se ha revelado. Porque la humanidad no estaba lo bastante educada o desarrollada para considerar estas grandes cosas, salvo en el caso de unos pocos individuos.<\/p>\n<p>Aun no comprendes la perfecci\u00f3n de esto y por qu\u00e9 debe ser as\u00ed. Porque lo que Dios est\u00e1 haciendo en el mundo solo puede saberse si entiendes lo que Dios est\u00e1 haciendo en el universo en conjunto. Y tal Revelaci\u00f3n no se ha dado nunca hasta ahora. Est\u00e1 con el Mensajero. Se da en la Revelaci\u00f3n.<\/p>\n<p>El futuro de este mundo y el gran desaf\u00edo que enfrenta la familia humana son revelados en la Revelaci\u00f3n.<\/p>\n<p>El significado de la espiritualidad de cada persona y lo que une a la gente en todas partes est\u00e1 contenido en la Revelaci\u00f3n.<\/p>\n<p>El significado y el prop\u00f3sito de todas las tradiciones religiosas, que parecen tan diferentes en contraste unas con otras, son dados en la Revelaci\u00f3n.<\/p>\n<p>El significado de la verdadera relaci\u00f3n, del verdadero amor, del verdadero compromiso y de la verdadera devoci\u00f3n se da en la Revelaci\u00f3n.<\/p>\n<p>Solo alguien de la Asamblea Ang\u00e9lica podr\u00eda traer algo de esta magnitud al mundo, presentado en una forma nunca vista antes, uniendo antigua sabidur\u00eda con comprensiones y verdades que nunca antes se han entendido con claridad, salvo por muy, muy pocos.<\/p>\n<p>Pero ahora es el mundo entero el que debe recibir esto, para prepararse para el gran cambio que est\u00e1 llegando al mundo y prepararse para el encuentro de la humanidad con un universo de vida inteligente, un universo no humano donde la libertad es rara. Es el mayor desaf\u00edo que la humanidad ha enfrentado nunca, y tendr\u00e1 las mayores consecuencias para tu vida y para el futuro de toda persona, tanto ahora como en el futuro.<\/p>\n<p>El Mensajero porta esto como un fuego. Ha sido presentado de una manera tan pura que puedes escuchar la Voz de la Revelaci\u00f3n, algo que nunca fue posible antes por razones obvias. Pura, incorrupta, inmaculada, sin unir a otras ideas, creencias o tradiciones. Es pura. Pero para reconocer esto y recibirlo tu mente debe ser pura o lo bastante pura para poder ver, escuchar y entender.<\/p>\n<p>Sin esto est\u00e1s atrapado por tus juicios, por tu condena, por tus opiniones y por todo aquello en lo que te has invertido, que ahora se interpone en el mayor evento de tu vida, que est\u00e1 ocurriendo a tu lado, durante el tiempo del Mensajero.<\/p>\n<p>El camina como un hombre humilde, pero las personas no ven. No lo reconocen. \u00c9l habla con claridad, sinceridad y humildad, pero las personas no escuchan. No pueden responder.<\/p>\n<p>Pero este es el desaf\u00edo que han enfrentado todos los Mensajeros en todas las eras. Es el resultado de vivir en Separaci\u00f3n en un mundo que ha sido tan oscurecido por la violencia, la tragedia y la ignorancia humanas que las personas no saben c\u00f3mo ver. No saben c\u00f3mo escuchar. No saben c\u00f3mo saber. Han perdido su conexi\u00f3n con el Conocimiento m\u00e1s profundo que Dios ha puesto en su interior, que est\u00e1 aqu\u00ed para guiarlas, protegerlas y prepararlas para una vida mayor de servicio en el mundo.<\/p>\n<p>As\u00ed, el Mensajero camina y habla, pero muy pocos pueden escuchar al principio. Y para escuchar al Mensajero debes realmente escuchar, no intentando comparar lo que dice con lo que ya piensas, sino con un deseo de ver m\u00e1s all\u00e1 de tus actuales nociones y tu confusi\u00f3n. \u00c9l trae la luz de la claridad, pero si est\u00e1s viviendo en la niebla de la confusi\u00f3n no ver\u00e1s esta luz. Estar\u00e1 junto a ti, pero t\u00fa solo ver\u00e1s otras cosas.<\/p>\n<p>\u00bfC\u00f3mo entonces este Mensajero \u2014un individuo que viene al mundo quiz\u00e1 solo una vez cada milenio\u2014 hablar\u00e1 a un mundo entero y lo hablar\u00e1 de tal manera que su Mensaje pueda encontrar suficiente respuesta para preparar a la humanidad para el gran cambio que est\u00e1 llegando y que ya tiene encima? Porque es tarde y las personas est\u00e1n todav\u00eda viviendo en un sue\u00f1o o en una pesadilla, dependiendo de sus circunstancias.<\/p>\n<p>\u00bfC\u00f3mo hablar\u00e1 a un mundo entero a la vez? Esto no suceder\u00e1 con \u00e9l predicando desde una esquina en la calle o hablando solo a peque\u00f1os grupos. Debe retransmitir el Mensaje usando la tecnolog\u00eda y la libertad que tiene para hacer esto. En el futuro esta libertad puede no existir, y por tanto esta es la gran ventana de oportunidad y necesidad para el mundo.<\/p>\n<p>Para muchos ser\u00e1 un gran desaf\u00edo escuchar la Revelaci\u00f3n. Desafiar\u00e1 sus ideas, sus suposiciones, sus quejas, sus actitudes y, sin ninguna duda, los compromisos que han hecho en sus propias vidas, los cuales les han puesto en tal situaci\u00f3n de peligro, miseria e infelicidad. Pero es mejor escapar de la oscuridad que intentar pensar que est\u00e1 llena de luz.<\/p>\n<p>El Mensajero retransmitir\u00e1 al mundo y seguir\u00e1 haci\u00e9ndolo, porque para \u00e9l es demasiado arriesgado hablar en p\u00fablico muy a menudo. Ser\u00e1 entrevistado ocasionalmente, pero los entrevistadores probablemente no comprender\u00e1n. Porque \u00e9l debe proclamar lo que es esencial, aquello que habla m\u00e1s all\u00e1 de los intereses de una \u00fanica persona, aquello que habla a la gran necesidad del alma y el coraz\u00f3n humanos y a la mayor necesidad de que la humanidad se prepare para un mundo que ser\u00e1 muy diferente, que est\u00e1 cambiando a un ritmo fenomenal, incluso en este momento.<\/p>\n<p>\u00c9l traer\u00e1 Sabidur\u00eda y Conocimiento del universo. Abrir\u00e1 las puertas a la vida en el universo. Hablar\u00e1 de las Grandes Olas de cambio que est\u00e1n llegando al mundo. Hablar\u00e1 de las relaciones y el prop\u00f3sito mayor. Hablar\u00e1 del poder del Conocimiento, la gran inteligencia que vive dentro de cada persona, esperando a ser descubierta.<\/p>\n<p>\u00c9l hablar\u00e1 del viaje del alma. Hablar\u00e1 de aquello que es verdadero en toda religi\u00f3n. Y hablar\u00e1 contra mucho de lo que es falso en toda religi\u00f3n, porque trae consigo una gran correcci\u00f3n. Porque esta correcci\u00f3n debe darse, o la Revelaci\u00f3n no se entender\u00e1. Porque cuando Dios habla lo hace siempre en gran contraste con lo que la humanidad ha asumido colectivamente que es cierto y los muchos errores en su pensamiento, sus suposiciones y su comprensi\u00f3n del pasado.<\/p>\n<p>Dios trae la gran promesa de redimirse a la parte de la Creaci\u00f3n que vive en Separaci\u00f3n, y lo hace sin la amenaza del infierno y la condena, porque Dios no condena a ninguna parte de la Creaci\u00f3n.<\/p>\n<p>Pero el Mensaje debe ser puro. Debe ser claro. No puede ser un compromiso. No puede ser dise\u00f1ado solo para gustar a los apetitos y nociones actuales de la gente. Debe traer una gran advertencia, un gran poder y una gran restauraci\u00f3n. Porque estas grandes Revelaciones solo ocurren en momentos cruciales de la historia y la evoluci\u00f3n de la humanidad.<\/p>\n<p>Tienes la fortuna de estar viviendo en un tiempo de Revelaci\u00f3n. Es el tiempo m\u00e1s grande de todos para estar en el mundo. Y t\u00fa est\u00e1s aqu\u00ed. Has sido enviado aqu\u00ed para vivir en este tiempo \u2014un tiempo de gran tribulaci\u00f3n y convulsi\u00f3n, un tiempo de gran dificultad, viviendo en un mundo de recursos en declive y creciente poblaci\u00f3n.<\/p>\n<p>\u00bfQu\u00e9 dar\u00e1 a la humanidad la fuerza y el poder para evitar la guerra y la lucha constantes? Hasta las religiones han tomado las armas una vez m\u00e1s. En un mundo lleno de combatientes luchando por qui\u00e9n tendr\u00e1 acceso a lo que queda, \u00bfc\u00f3mo se establecer\u00e1 la cooperaci\u00f3n, la justicia y la provisi\u00f3n en un mundo bajo tales condiciones?<\/p>\n<p>Las personas tienen ideas, por supuesto, pero solo Dios sabe lo que realmente ser\u00e1 cierto y ser\u00e1 realmente eficaz y fruct\u00edfero con el tiempo.<\/p>\n<p>Dios ama el mundo y no quiere ver a la humanidad destruir la civilizaci\u00f3n humana debido a la ignorancia, el miedo y la codicia. Se ha invertido mucho en este mundo. Es un mundo importante en un universo lleno de incontables razas, incontables religiones. Solo Dios sabe.<\/p>\n<p>Estar en contra de esto, negarlo, es el ep\u00edtome de la arrogancia, la ignorancia y la presunci\u00f3n. Pensar que Dios no puede enviar un nuevo Mensajero al mundo es pura necedad y arrogancia. Porque ni siquiera los Mensajeros de Dios sabr\u00e1n lo que Dios har\u00e1 a continuaci\u00f3n. Ni siquiera las escrituras pueden decir lo que Dios har\u00e1 a continuaci\u00f3n.<\/p>\n<p>El Mensajero retransmitir\u00e1 al mundo y har\u00e1 cuanto est\u00e9 en su mano para que la Revelaci\u00f3n est\u00e9 disponible. Y \u00e9l requerir\u00e1 tremendo apoyo y asistencia para hacer esto. Y seg\u00fan emprenda esta gran misi\u00f3n, su vida estar\u00e1 en peligro por parte de muchas fuerzas diferentes.<\/p>\n<p>Y tendr\u00e1 que encontrar a aquellos que tengan los ojos para ver y los o\u00eddos para escuchar, aquellos que han sido enviados al mundo para asistirle. Pero ellos tendr\u00e1n que seguirle. Tendr\u00e1n que recibir. Y tendr\u00e1n que dar.<\/p>\n<p>Un hombre no puede hacer esto solo. Incluso si es elegido entre los Ang\u00e9licos, \u00e9l no puede hacer esto solo. Necesitar\u00e1 mucha asistencia y apoyo.<\/p>\n<p>Y en tu coraz\u00f3n sabr\u00e1s si esa es tu llamada. Pero para saber con tu coraz\u00f3n, debes descender bajo la superficie de tu mente y escapar de los estragos de tus propias ideas, de la confusi\u00f3n de tu mente, hacia un dominio m\u00e1s profundo dentro de ti donde pueden verse y saberse cosas mayores.<\/p>\n<p>Y para hacer esto posible, el Creador de toda vida ha provisto los Pasos al Conocimiento, un mapa de ruta hacia la parte de ti que es permanente y verdadera, poderosa y carente de miedo, gentil, pero fuerte y determinada \u2014una parte de ti que apenas conoces o que nunca has conocido, pero que reside en los cimientos de tu Ser.<\/p>\n<p>El prop\u00f3sito de toda religi\u00f3n es llevarte a esto. Pero el prop\u00f3sito de toda religi\u00f3n se ha perdido y ha sido recubierto por la adopci\u00f3n, las instituciones y las ideolog\u00edas humanas, as\u00ed como por el poder y la dominaci\u00f3n humanos. Har\u00eda falta un gran maestro en cualquier tradici\u00f3n para encontrar en ella el verdadero camino al Conocimiento.<\/p>\n<p>Y ahora ya no queda tiempo para esto, porque la humanidad debe tener la oportunidad de prepararse para el universo, para la Comunidad Mayor de vida. Debe tener la oportunidad, la sabidur\u00eda y la necesidad para prepararse para un mundo que experimenta cambios convulsivos.<\/p>\n<p>Suficiente gente debe ver y saber esto para que la Revelaci\u00f3n arraigue y su poder se sienta y se exprese lo suficiente en el mundo para superar el miedo, el odio, el enfado y la angustia que dominan las mentes de tantas personas y que determinan tantas consecuencias por todo el mundo.<\/p>\n<p>El Mensajero es un hombre mayor. Sus a\u00f1os son preciosos. \u00c9l ha atravesado grandes dificultades: adversidad, enfermedad, oposici\u00f3n. Esto ha requerido notable paciencia y dominio de s\u00ed mismo, as\u00ed como humildad y sacrificio para traer esto al mundo.<\/p>\n<p>Ahora \u00e9l retransmitir\u00e1 y presentar\u00e1. Y unos pocos ser\u00e1n asignados para ense\u00f1ar, asignados por \u00e9l y por la Asamblea, de modo que la gente entienda su declaraci\u00f3n y entienda qui\u00e9n es \u00e9l, por qu\u00e9 est\u00e1 aqu\u00ed y qu\u00e9 ha tra\u00eddo a la humanidad \u2014aquello que la humanidad no puede darse a s\u00ed misma.<\/p>\n<p>Es la gran bendici\u00f3n sobre el mundo. Es la gran esperanza para la humanidad. Promete la restauraci\u00f3n de las tradiciones religiosas y provee la base para su unidad conjunta. Es un contrapunto a todo lo que se ha hecho para corromperlas. Es la respuesta de Dios y la direcci\u00f3n de Dios, el Poder y la Presencia de Dios, como ves.<\/p>\n<p>Para venir al Mensajero, primero debes venir a la Revelaci\u00f3n, porque la ense\u00f1anza es m\u00e1s importante que el maestro. El Mensaje es m\u00e1s importante que el Mensajero con el tiempo. El Mensajero se ir\u00e1 de este mundo, pero el Mensaje permanecer\u00e1. La pureza de sus seguidores y de aquellos que pueden responder a un Nuevo Mensaje de Dios determinar\u00e1 si se corromper\u00e1 y se mezclar\u00e1 con otras cosas [o no lo har\u00e1].<\/p>\n<p>El Mensajero dar\u00e1 ense\u00f1anzas y clarificaci\u00f3n, pero \u00e9l no estar\u00e1 disponible para todos, pues su tiempo es precioso. Su viaje es grande. Su misi\u00f3n es tremenda.<\/p>\n<p>El Cielo observa para ver qui\u00e9n puede responder. El Cielo observa para ver qui\u00e9n lo recibir\u00e1 como el Mensajero. El Cielo observa para ver a aquellos que le negar\u00e1n, le ridiculizar\u00e1n o le condenar\u00e1n.<\/p>\n<p>Es una gran prueba para la humanidad. Es un gran test. \u00bfPuede la humanidad recibir un Nuevo Mensaje de Dios, dado no a una tribu, una regi\u00f3n o un grupo, sino al mundo entero? \u00bfY puede recibirse a tiempo para preparar a la humanidad para el gran cambio que est\u00e1 llegando al mundo?<\/p>\n<p>El tiempo apremia ahora. No ten\u00e9is un siglo para considerar estas cosas. Esto no es un juguete para los ociosos o los indolentes. No es meramente una filosof\u00eda para que los fil\u00f3sofos la discutan y la debatan. No es una forma de entretenimiento para aquellos que no tienen seriedad sobre su vida ni se valoran a s\u00ed mismos.<\/p>\n<p>Puedes escuchar al Mensajero. Puedes ver al Mensajero. Puedes recibir la Revelaci\u00f3n, dada ahora en la forma m\u00e1s pura imaginable.<\/p>\n<p>Este es tu desaf\u00edo. Esta es tu oportunidad. Esto te traer\u00e1 aquello que vive dentro de ti y que es grande. Te mostrar\u00e1 el camino para salir de la jungla de la confusi\u00f3n. Te dar\u00e1 la fuerza que Dios te ha dado y la responsabilidad que proclamaste antes de venir a este mundo. Esto te retornar\u00e1 tu fuerza, tu dignidad, tu poder y tu prop\u00f3sito. \u00bfPuedes recibir estas cosas?<\/p>\n<p>La bendici\u00f3n est\u00e1 aqu\u00ed. Dios ha hablado de nuevo. El Mensajero ha sido enviado al mundo. \u00c9l trae consigo un Mensaje de tremendo alcance, poder e inclusi\u00f3n. \u00c9l ha dado su vida por esto. Es una gran llamada a asistirle y apoyarle. Esto har\u00e1 toda la diferencia para la humanidad, la gran diferencia en los tiempos venideros.<\/p>\n","protected":false},"excerpt":{"rendered":"<p>Dios ha enviado al Mensajero al mundo en un tiempo de gran cambio y creciente incertidumbre. \u00c9l es el Mensajero para el mundo, aunque a muchas personas les resultar\u00e1 dif\u00edcil aceptarlo, dadas sus nociones e inversiones previas. \u00c9l se ha preparado durante mucho tiempo para esto. Ha venido desde la Asamblea Ang\u00e9lica, de la cual\u2026 <a class=\"read-more\" href=\"https:\/\/www.v6.newmessage.org\/es\/about-text-shortcode\"><span>Read More<\/span><\/a><\/p>\n","protected":false},"author":13,"featured_media":0,"parent":16489,"menu_order":0,"comment_status":"closed","ping_status":"closed","template":"template-leftsidebar.php","meta":{"_monsterinsights_skip_tracking":false,"_monsterinsights_sitenote_active":false,"_monsterinsights_sitenote_note":"","_monsterinsights_sitenote_category":0,"footnotes":""},"categories":[76,119,30,465,460],"tags":[619],"_links":{"self":[{"href":"https:\/\/www.v6.newmessage.org\/es\/wp-json\/wp\/v2\/pages\/28374"}],"collection":[{"href":"https:\/\/www.v6.newmessage.org\/es\/wp-json\/wp\/v2\/pages"}],"about":[{"href":"https:\/\/www.v6.newmessage.org\/es\/wp-json\/wp\/v2\/types\/page"}],"author":[{"embeddable":true,"href":"https:\/\/www.v6.newmessage.org\/es\/wp-json\/wp\/v2\/users\/13"}],"replies":[{"embeddable":true,"href":"https:\/\/www.v6.newmessage.org\/es\/wp-json\/wp\/v2\/comments?post=28374"}],"version-history":[{"count":3,"href":"https:\/\/www.v6.newmessage.org\/es\/wp-json\/wp\/v2\/pages\/28374\/revisions"}],"predecessor-version":[{"id":28904,"href":"https:\/\/www.v6.newmessage.org\/es\/wp-json\/wp\/v2\/pages\/28374\/revisions\/28904"}],"up":[{"embeddable":true,"href":"https:\/\/www.v6.newmessage.org\/es\/wp-json\/wp\/v2\/pages\/16489"}],"wp:attachment":[{"href":"https:\/\/www.v6.newmessage.org\/es\/wp-json\/wp\/v2\/media?parent=28374"}],"wp:term":[{"taxonomy":"category","embeddable":true,"href":"https:\/\/www.v6.newmessage.org\/es\/wp-json\/wp\/v2\/categories?post=28374"},{"taxonomy":"post_tag","embeddable":true,"href":"https:\/\/www.v6.newmessage.org\/es\/wp-json\/wp\/v2\/tags?post=28374"}],"curies":[{"name":"wp","href":"https:\/\/api.w.org\/{rel}","templated":true}]}}