{"id":28368,"date":"2016-10-27T17:21:16","date_gmt":"2016-10-27T17:21:16","guid":{"rendered":"http:\/\/www.newmessage.org\/es\/?page_id=28368"},"modified":"2016-11-14T17:04:26","modified_gmt":"2016-11-14T17:04:26","slug":"el-nuevo-mensajero-introduccion","status":"publish","type":"page","link":"https:\/\/www.v6.newmessage.org\/es\/el-mensaje\/volumen-1\/el-nuevo-mensajero\/el-nuevo-mensajero-introduccion","title":{"rendered":"El Nuevo Mensajero &#8211; Introducci\u00f3n"},"content":{"rendered":"<div><!--Versi\u00f3n espa\u00f1ola 1.4--><\/div>\n\n<div class=\"tabgroup \"><ul class=\"tabs\"><li><a href=\"#tabs-1\"><\/a><\/li><\/ul>\n <div id=\"tabs-1\"><\/p>\n<div class=\"panel-10 text-align-center\"><a href=\"https:\/\/www.newmessage.org\/wp-content\/uploads\/2014\/10\/the-new-messenger-205x300.jpg\"><img decoding=\"async\" class=\" size-medium aligncenter\" src=\"https:\/\/www.newmessage.org\/wp-content\/uploads\/2014\/10\/the-new-messenger-205x300.jpg\" alt=\"GHS-front cover\" \/><\/a><\/div>\n<p><\/div>\n\t\t\t\t<div align=\"right\">\n\t\t\t<div class=\"fb-like\" data-href=\"\" data-layout=\"button_count\" data-action=\"like\" data-show-faces=\"false\" data-share=\"false\"><\/div>\n\t\t\t<div class=\"fb-share-button\" data-layout=\"button_count\"> <\/div>\n\t\t\t<div class=\"fb_iframe_widget\"><a href=\"https:\/\/twitter.com\/godsnewmessage?ref_src=twsrc%5Etfw\" class=\"twitter-follow-button\" data-show-count=\"false\">Follow @godsnewmessage<\/a><script async src=\"https:\/\/platform.twitter.com\/widgets.js\" charset=\"utf-8\"><\/script><\/div>\n\t\t\t<\/div> <\/div> \n\n<p><em>El Nuevo Mensajero<\/em> es un libro de Revelaci\u00f3n dado a la familia humana por el Creador de toda vida, a trav\u00e9s del Mensajero Marshall Vian Summers.<\/p>\n<p>Aqu\u00ed Dios est\u00e1 revelando el origen, el linaje y la misi\u00f3n de los Mensajeros de Dios que, en diferentes momentos de la historia humana, han sido enviados al mundo para recibir y presentar Nuevas Revelaciones para la familia humana. Ahora, en este punto de inflexi\u00f3n en la historia y la evoluci\u00f3n de nuestro mundo, Dios ha enviado un Nuevo Mensajero al mundo para recibir una Revelaci\u00f3n distinta a todo lo que se ha dado antes.<\/p>\n<p>A lo largo de la historia, el Creador ha dado Revelaci\u00f3n y Sabidur\u00eda para atender las crecientes necesidades de la gente y las naciones en diferentes momentos y en diferentes partes del mundo. A trav\u00e9s de los Mensajeros del pasado, las Revelaciones progresivas de Dios han fluido sobre la conciencia humana, avanzando la civilizaci\u00f3n humana y volviendo a despertar la experiencia de la Presencia Divina en el mundo.<\/p>\n<p>Las Revelaciones progresivas de Dios contin\u00faan ahora de nuevo mediante un Nuevo Mensaje de Dios, entregado a trav\u00e9s de un Nuevo Mensajero, un hombre llamado Marshall Vian Summers. El Mensajero ha estado involucrado en un largo y misterioso proceso de Revelaci\u00f3n. Este proceso comenz\u00f3 para \u00e9l a la edad de 33 a\u00f1os y ha continuado durante m\u00e1s de tres d\u00e9cadas. Trabajando la mayor\u00eda de estos a\u00f1os en anonimato, con solo su familia y unos pocos asistentes a su lado, \u00e9l ha recibido la mayor y m\u00e1s completa Revelaci\u00f3n que se ha dado nunca a la familia humana.<\/p>\n<p><em>El Nuevo Mensajero<\/em> no es sino una peque\u00f1a parte del texto m\u00e1s extenso del Nuevo Mensaje de Dios. Las palabras del Nuevo Mensaje son una comunicaci\u00f3n directa de Dios, traducida al lenguaje humano por la Presencia Ang\u00e9lica que vela por este mundo y luego expresada oralmente a trav\u00e9s del Mensajero Marshall Vian Summers. Esta comunicaci\u00f3n hablada es luego grabada y transcrita, y est\u00e1 siendo compilada en un texto \u00edntegro por el propio Mensajero. Esta es la primera vez en la historia que la Voz de la Revelaci\u00f3n se ha grabado y se est\u00e1 poniendo ahora a disposici\u00f3n de todos en todas partes para que la escuchen por s\u00ed mismos.<\/p>\n<p>La Voz de la Revelaci\u00f3n contin\u00faa hablando a trav\u00e9s del Mensajero. La Palabra y el Sonido de la comunicaci\u00f3n de Dios est\u00e1n escuch\u00e1ndose ahora por todo el mundo.<\/p>\n<p>\u00bfPor qu\u00e9 el mundo necesita un Nuevo Mensaje de Dios? El Nuevo Mensaje declara que est\u00e1 aqu\u00ed para alertar, empoderar y preparar a la familia humana para atender las crecientes necesidades cr\u00edticas de nuestra \u00e9poca, mientras enfrentamos ahora Grandes Olas de convulsi\u00f3n medioambiental, pol\u00edtica y econ\u00f3mica y la realidad oculta del contacto con vida inteligente del universo. Para enfrentar y navegar desaf\u00edos de esta magnitud necesitamos un Nuevo Mensaje de Dios. Aqu\u00ed el Nuevo Mensaje deja claro que las tradiciones del pasado no pueden prepararnos para los umbrales que tenemos ante nosotros ahora, especialmente en un mundo de creciente divisi\u00f3n, desintegraci\u00f3n y violencia religiosas.<\/p>\n<p><em>El Nuevo Mensajero<\/em> es el tercer libro del Volumen 1 del Nuevo Mensaje de Dios. Contiene 13 revelaciones individuales, cada una dada en diferentes momentos y lugares durante los viajes del Mensajero en el mundo. <em>El Nuevo Mensajero<\/em> contiene muchas de las revelaciones de la Fuente relacionadas con el propio Mensajero. \u00bfQui\u00e9n es \u00e9l? \u00bfPor qu\u00e9 fue elegido? \u00bfC\u00f3mo se entreg\u00f3 la Revelaci\u00f3n a trav\u00e9s suya, realmente? \u00bfC\u00f3mo saber que \u00e9l es real y aut\u00e9ntico? \u00bfC\u00f3mo est\u00e1 este Mensajero conectado con los Mensajeros del pasado?<\/p>\n<p>Estas son preguntas que todas las personas podr\u00edan hacer. Ahora Dios ha hablado de nuevo con una serie de revelaciones que contestan estas preguntas y muchas m\u00e1s. Mediante los libros del Nuevo Mensaje, Dios est\u00e1 revelando la verdadera identidad de los Mensajeros actuales y pasados de Dios: su selecci\u00f3n, su preparaci\u00f3n, su relaci\u00f3n mutua y el verdadero significado de su aparici\u00f3n y su emergencia en el mundo.<\/p>\n<p><em>El Nuevo Mensajero<\/em> ense\u00f1a que todos los Mensajeros de Dios son miembros de la Asamblea Ang\u00e9lica que supervisa este mundo. A lo largo de la historia humana, esta Asamblea, en respuesta al Plan de Dios, ha enviado al mundo a uno de los suyos en ciertos momentos y lugares para recibir una Revelaci\u00f3n original del Creador. Estos son los Mensajeros de Dios. La llegada de un Nuevo Mensajero representa el comienzo de un nuevo cap\u00edtulo en la Revelaci\u00f3n progresiva de la Voluntad y el Plan de Dios para el mundo.<\/p>\n<p>El Nuevo Mensaje ense\u00f1a que la presencia y la comunicaci\u00f3n de Dios se transmiten al mundo a muchos niveles diferentes: a trav\u00e9s de la mente espiritual del Conocimiento en cada persona; a trav\u00e9s de maestros que ofrecen instrucci\u00f3n y gu\u00eda mediante las tradiciones existentes; a trav\u00e9s de reformadores que tratan de corregir y renovar estas tradiciones; y a trav\u00e9s de profetas que pueden traer advertencias y direcci\u00f3n originales respecto a eventos o cambios inminentes en el mundo. En todo momento, Dios est\u00e1 movi\u00e9ndose y comunic\u00e1ndose en el mundo a trav\u00e9s de una mir\u00edada de expresiones y demostraciones de inspiraci\u00f3n, perd\u00f3n, compasi\u00f3n y cooperaci\u00f3n entre la gente.<\/p>\n<p>Pero <em>El Nuevo Mensajero<\/em> revela que es a trav\u00e9s de los Mensajeros como el Creador habla al mundo entero, presentando toda una nueva realidad de entendimiento y conciencia que pretende afectar las vidas de la gente en todas las naciones, culturas y religiones. Es en grandes puntos de inflexi\u00f3n cuando Dios se mueve para afectar al mundo entero a la vez, mover a la familia humana en una nueva direcci\u00f3n y preparar a la humanidad para los inmensos umbrales evolutivos que determinar\u00e1n su \u00e9xito y su supervivencia en el futuro. La llegada de un Nuevo Mensajero se\u00f1ala que se ha alcanzado uno de estos umbrales y que Dios est\u00e1 ahora hablando al mundo entero.<\/p>\n<p>Los Mensajeros aparecen en el mundo con muy poca frecuencia, separados por muchos siglos o incluso milenios, y han sido muy incomprendidos con el paso del tiempo. Se ha imaginado que eran individuos perfectos e inmaculados, que hac\u00edan milagros para impresionar a las masas, que eran reflejos puros de Dios o que incluso eran una aparici\u00f3n directa de Dios encarnado. Aqu\u00ed la imaginaci\u00f3n humana se amplifica a s\u00ed misma con el tiempo, enturbiando y distorsionando las verdaderas vidas e historias de estos raros individuos y el verdadero significado de su aparici\u00f3n en el mundo, tanto en el pasado como ahora, en el presente.<\/p>\n<p>Mediante los libros del Nuevo Mensaje de Dios, el origen, la identidad y el viaje verdaderos de los Mensajeros tanto conocidos como desconocidos se clarifican y se revelan de nuevo. Aqu\u00ed se nos muestra que los Mensajeros son a la vez seres humanos y tambi\u00e9n miembros de la Asamblea Ang\u00e9lica, seleccionados y preparados m\u00e1s all\u00e1 de este mundo para entrar en la forma humana como Mensajeros de Dios y recibir la Nueva Revelaci\u00f3n de Dios para el mundo. Mientras est\u00e1n en el mundo los Mensajeros son imperfectos, falibles y vulnerables a los muchos riesgos e influencias de la vida humana, y aun as\u00ed portan una presencia que arde en su interior como un fuego sagrado. Portan la presencia y el poder de la realidad mayor de la Creaci\u00f3n m\u00e1s all\u00e1 del mundo, y buscan ofrecer esto a todos los que puedan recibir la Nueva Revelaci\u00f3n de Dios para ese tiempo y los tiempos venideros.<\/p>\n<p><em>El Nuevo Mensajero<\/em> revela la misi\u00f3n y la llamada de Marshall Vian Summers, el Mensajero vivo ahora en el mundo. Aqu\u00ed se nos invita a comprender al Mensajero de nuestra \u00e9poca y a recibir el regalo que trae. Aqu\u00ed se nos da una l\u00ednea de vida a la misteriosa realidad de nuestro Antiguo Hogar m\u00e1s all\u00e1 del mundo y a aquellos que nos enviaron al mundo con un prop\u00f3sito que cumplir: vivir una vida de verdadera inspiraci\u00f3n, relaci\u00f3n y servicio a otros. Este es el regalo y la demostraci\u00f3n del Mensajero: que cada uno de nosotros podemos recordar y retornar a nuestra verdadera identidad, permitiendo que se exprese a trav\u00e9s nuestra durante nuestro tiempo en el mundo.<\/p>\n<p>Aunque en las manos parece ser un libro, <em>El Nuevo Mensajero<\/em> es algo mucho mayor. Es una llamada y una comunicaci\u00f3n de Dios a ti. Es una comunicaci\u00f3n viva del Creador de toda vida a la familia humana, y la comunicaci\u00f3n contin\u00faa fluyendo a trav\u00e9s del Mensajero hasta el d\u00eda de hoy.<\/p>\n<p>Incre\u00edblemente, has encontrado el Nuevo Mensaje de Dios o \u00e9l te ha encontrado a ti. No es una coincidencia que as\u00ed fuera. Esto inicia el siguiente cap\u00edtulo en el misterio de tu vida y de tu presencia en el mundo en este momento. La puerta se abre ante ti. Solo necesitas entras para comenzar.<\/p>\n<p>Seg\u00fan te adentres m\u00e1s profundamente en el Nuevo Mensaje de Dios, el impacto en tu vida crecer\u00e1, trayendo a tu vida una mayor experiencia de claridad, certidumbre interna y verdadera direcci\u00f3n. En su momento, tus preguntas ser\u00e1n respondidas, a medida que te liberes cada vez m\u00e1s de la duda, del conflicto interno y de las limitaciones del pasado. Aqu\u00ed la llamada y el regalo del Mensajero cobrar\u00e1n vida en tu vida, record\u00e1ndote siempre que hay una vida mayor que est\u00e1s destinado a vivir.<\/p>\n<p><em>New Knowledge Library<\/em><\/p>\n","protected":false},"excerpt":{"rendered":"<p>El Nuevo Mensajero es un libro de Revelaci\u00f3n dado a la familia humana por el Creador de toda vida, a trav\u00e9s del Mensajero Marshall Vian Summers. Aqu\u00ed Dios est\u00e1 revelando el origen, el linaje y la misi\u00f3n de los Mensajeros de Dios que, en diferentes momentos de la historia humana, han sido enviados al mundo\u2026 <a class=\"read-more\" href=\"https:\/\/www.v6.newmessage.org\/es\/el-mensaje\/volumen-1\/el-nuevo-mensajero\/el-nuevo-mensajero-introduccion\"><span>Read More<\/span><\/a><\/p>\n","protected":false},"author":13,"featured_media":0,"parent":16489,"menu_order":0,"comment_status":"closed","ping_status":"closed","template":"template-leftsidebar.php","meta":{"_monsterinsights_skip_tracking":false,"_monsterinsights_sitenote_active":false,"_monsterinsights_sitenote_note":"","_monsterinsights_sitenote_category":0,"footnotes":""},"categories":[465,460],"tags":[616],"_links":{"self":[{"href":"https:\/\/www.v6.newmessage.org\/es\/wp-json\/wp\/v2\/pages\/28368"}],"collection":[{"href":"https:\/\/www.v6.newmessage.org\/es\/wp-json\/wp\/v2\/pages"}],"about":[{"href":"https:\/\/www.v6.newmessage.org\/es\/wp-json\/wp\/v2\/types\/page"}],"author":[{"embeddable":true,"href":"https:\/\/www.v6.newmessage.org\/es\/wp-json\/wp\/v2\/users\/13"}],"replies":[{"embeddable":true,"href":"https:\/\/www.v6.newmessage.org\/es\/wp-json\/wp\/v2\/comments?post=28368"}],"version-history":[{"count":4,"href":"https:\/\/www.v6.newmessage.org\/es\/wp-json\/wp\/v2\/pages\/28368\/revisions"}],"predecessor-version":[{"id":28423,"href":"https:\/\/www.v6.newmessage.org\/es\/wp-json\/wp\/v2\/pages\/28368\/revisions\/28423"}],"up":[{"embeddable":true,"href":"https:\/\/www.v6.newmessage.org\/es\/wp-json\/wp\/v2\/pages\/16489"}],"wp:attachment":[{"href":"https:\/\/www.v6.newmessage.org\/es\/wp-json\/wp\/v2\/media?parent=28368"}],"wp:term":[{"taxonomy":"category","embeddable":true,"href":"https:\/\/www.v6.newmessage.org\/es\/wp-json\/wp\/v2\/categories?post=28368"},{"taxonomy":"post_tag","embeddable":true,"href":"https:\/\/www.v6.newmessage.org\/es\/wp-json\/wp\/v2\/tags?post=28368"}],"curies":[{"name":"wp","href":"https:\/\/api.w.org\/{rel}","templated":true}]}}