{"id":28351,"date":"2016-10-25T10:10:38","date_gmt":"2016-10-25T10:10:38","guid":{"rendered":"http:\/\/www.newmessage.org\/es\/?page_id=28351"},"modified":"2016-10-25T13:34:27","modified_gmt":"2016-10-25T13:34:27","slug":"la-religion-mayor","status":"publish","type":"page","link":"https:\/\/www.v6.newmessage.org\/es\/el-mensaje\/volumen-5\/sabiduria-de-la-comunidad-mayor-volumen-1\/la-religion-mayor","title":{"rendered":"La Religi\u00f3n Mayor"},"content":{"rendered":"<div><!--Versi\u00f3n espa\u00f1ola 1.3--><\/div>\n\n<div class=\"tabgroup \"><ul class=\"tabs\"><li><a href=\"#tabs-1\">Acerca de<\/a><\/li>\n<li><a href=\"#tabs-2\">M\u00e1s<\/a><\/li><\/ul>\n <div id=\"tabs-1\"><br \/>\n<i>Como le fue revelado a<\/i><br \/>\n<i>Marshall Vian Summers<\/i><br \/>\n<i>el 6 de junio de 1986<\/i><br \/>\n<i>en Estados Unidos<\/i><\/p>\n<p>Texto original: <a href=\"https:\/\/www.newmessage.org\/the-message\/volume-5\/wisdom-greater-community-volume-1\/the-greater-religion\">The Greater Religion<\/a><\/p>\n<p>Escucha el audio original aqu\u00ed (en ingl\u00e9s): no disponible online<\/p>\n<div class=\"toggle toggle-white\"><h4 class=\"trigger \"><span class=\"t_ico\"><\/span><a href=\"#\">M\u00e1s informaci\u00f3n sobre este texto<\/a><\/h4><div class=\"toggle_container \"><br \/>\n<p>Lo que est\u00e1s leyendo en este texto es la transcripci\u00f3n de la voz original de la Asamblea Ang\u00e9lica hablando a trav\u00e9s del Mensajero Marshall Vian Summers.<\/p>\n<p>Aqu\u00ed, la comunicaci\u00f3n original de Dios, que existe m\u00e1s all\u00e1 de las palabras, es traducida al lenguaje y el entendimiento humanos por la Asamblea Ang\u00e9lica que supervisa el mundo. La Asamblea despu\u00e9s entrega el Mensaje de Dios a trav\u00e9s del Mensajero, tras lo cual es transcrito y puesto a tu disposici\u00f3n y a disposici\u00f3n de todos.<\/p>\n<p>En este extraordinario proceso, la Voz de la Revelaci\u00f3n est\u00e1 hablando de nuevo. La Palabra y el Sonido est\u00e1n en el mundo. Que puedas ser el receptor de este regalo de Revelaci\u00f3n y puedas estar abierto a recibir su Mensaje \u00fanico para ti y para tu vida.<\/p>\n<br \/>\n<\/div><\/div><br \/>\n<\/div>\n<div id=\"tabs-2\"><\/p>\n<div class=\"panel-10 text-align-center\"><img decoding=\"async\" class=\"aligncenter size-full imgborder\" src=\"https:\/\/www.newmessage.org\/wp-content\/uploads\/2011\/10\/WV1-english-nkl-250px.jpg\" alt=\"Wisdom from the Greater community, volume 1\" \/><\/div>\n<div class=\"text-align-center\"><a class='simple_button_link ' style='background-color: #4f8fd6' href='http:\/\/newknowledgelibrary.org\/books\/wisdom-from-the-greater-community-volume-1\/'   ><span>Pide el libro (en ingl\u00e9s)<\/span><\/a><\/div>\n<div class=\"text-align-center text font-size-12 margin-top-10\">Volumen 5 &gt; Sabidur\u00eda de la Comunidad Mayor Volumen 1 &gt; Cap\u00edtulo 1<\/div>\n<p><\/div>\n\t\t\t\t<div align=\"right\">\n\t\t\t<div class=\"fb-like\" data-href=\"\" data-layout=\"button_count\" data-action=\"like\" data-show-faces=\"false\" data-share=\"false\"><\/div>\n\t\t\t<div class=\"fb-share-button\" data-layout=\"button_count\"> <\/div>\n\t\t\t<div class=\"fb_iframe_widget\"><a href=\"https:\/\/twitter.com\/godsnewmessage?ref_src=twsrc%5Etfw\" class=\"twitter-follow-button\" data-show-count=\"false\">Follow @godsnewmessage<\/a><script async src=\"https:\/\/platform.twitter.com\/widgets.js\" charset=\"utf-8\"><\/script><\/div>\n\t\t\t<\/div> <\/div> \n\n<p>Para comenzar discutiremos la Religi\u00f3n Mayor, un asunto de gran importancia. Desarrollar el Conocimiento es un tema fundamental en esta Ense\u00f1anza. El Conocimiento, las relaciones y la comunicaci\u00f3n impregnan toda actividad, desarrollo y progreso verdaderos. Estas cosas dan lugar a tu naturaleza y destino espirituales. Llaman a tu relaci\u00f3n con Dios, aunque tambi\u00e9n hay muchos aspectos pr\u00e1cticos de la vida a los que debes aplicar estas cosas de manera continuada.<\/p>\n<p>Debido a que has sido enviado aqu\u00ed por un prop\u00f3sito y no solo para tu propio desarrollo, tu contribuci\u00f3n al mundo es un factor primario. Al igual que recibes debes dar, y esto contin\u00faa en este mundo y m\u00e1s all\u00e1. Este procedimiento est\u00e1 ocurriendo en todos los mundos, no solo en este. Por tanto, el Plan de Dios debe tomar en consideraci\u00f3n las necesidades de muchas clases diferentes de seres en muchos tipos diferentes de ambientes. \u00bfC\u00f3mo se relaciona la Religi\u00f3n Mayor contigo, que est\u00e1s preocupado con los asuntos humanos en este mundo particular? Es directamente relevante por tres razones.<\/p>\n<p>Primero, no eres enteramente humano. No has hecho tus principales desarrollos solo en este mundo. Lo que has acumulado en Conocimiento abarca no solo tu existencia humana, sino tambi\u00e9n tu existencia no humana. Por tanto, recuperar el Conocimiento es recuperar estas memorias vitales. Estas no son memorias de traumas personales o eventos hist\u00f3ricos. Son memorias de relaciones que han sido establecidas en la verdad. Por tanto, si vas a recuperar lo que tu Conocimiento realmente es, entonces debes estar preparado para experimentar este aspecto de ti. De lo contrario, no nunca podr\u00e1s integrar en la vida humana lo que est\u00e1s experimentando, y tu recuperaci\u00f3n del Conocimiento ser\u00e1 cada vez m\u00e1s alienante para ti. Sentir\u00e1s creciente distanciamiento del mundo, y no es ese Nuestro prop\u00f3sito.<\/p>\n<p>Por tanto, debes aceptar tu humanidad y debes aceptar tambi\u00e9n tu lugar en el orden mayor. Solo as\u00ed puedes integrarte aqu\u00ed completamente, sirviendo a este mundo en sus propias necesidades y aun as\u00ed manteniendo una mayor perspectiva, que aqu\u00ed est\u00e1 ausente.<\/p>\n<p>La segunda raz\u00f3n por la que la Religi\u00f3n Mayor es relevante para ti es que vuestro mundo est\u00e1 emergiendo a una Comunidad Mayor de mundos. Esta es la gran transici\u00f3n. Es una transici\u00f3n tan grande que no puedes imaginar sus consecuencias ni cu\u00e1nto afectar\u00e1 vuestro pensamiento y vuestras actividades mundanas.<\/p>\n<p>La tercera raz\u00f3n es que necesitas una mayor perspectiva para comprender la obra de Dios. Dios no es humano. No piensa como un humano. No est\u00e1 hecho a vuestra imagen. Dios no tiene imagen. La Fuente de toda vida abarca a toda la vida. No pienses que Dios est\u00e1 preocupado con tu vida hasta la exclusi\u00f3n de otras vidas. Para comenzar a acercarte a la Sabidur\u00eda de Dios, que es el Conocimiento de Dios y del cual mantienes una parte peque\u00f1a pero vital, debes comenzar a tener una perspectiva m\u00e1s grande de la propia vida.<\/p>\n<p>La evoluci\u00f3n de la humanidad es solo un aspecto de la propia vida. No puedes conocer el conjunto desde solo un aspecto. La vida humana no refleja toda la vida, aunque el reflejo de toda la vida se encuentra dentro de ti. Por tanto, la religi\u00f3n, que en realidad es la experiencia de la presencia de Dios y de tu relaci\u00f3n con Dios, debe tener en cuenta los aspectos mayores de la vida.<\/p>\n<p>Esto es tambi\u00e9n muy importante para tu [experiencia como] ser humano, porque para ser realmente humano debes tener esta perspectiva. No puedes tener perspectiva si ser humano es todo lo que eres. Ser humano es muy contradictorio en muchos sentidos. Es un estado muy adolescente y absorto en s\u00ed mismo. Si vas a entender y apreciar la naturaleza de aquellos que Dios ha enviado a ayudarte, entonces en su momento comenzar\u00e1s a compartir su perspectiva, y ver\u00e1s lo que la evoluci\u00f3n significa a una mayor escala. Entonces comenzar\u00e1s a entender tus deberes y a saber lo que significa el crecimiento aqu\u00ed en la Tierra.<\/p>\n<p>La gente muy a menudo ha establecido objetivos \u00faltimos para su crecimiento espiritual y ha tratado de vivir en funci\u00f3n de esos objetivos. Esto es muy presuntuoso y da\u00f1ino, porque el fracaso es inevitable. No est\u00e1 en el Plan de Dios que debas fracasar por exceder tus verdaderos objetivos en la vida.<\/p>\n<p>Muchos de vosotros hab\u00e9is sentido un deseo de uni\u00f3n con lo Divino, as\u00ed como un deseo de servir a un mayor prop\u00f3sito. Esto es encomiable, por supuesto, pero si deseas servir a un mayor prop\u00f3sito y experimentar una fuente mayor, entonces debes aprender lo que esto significa. No puedes definir [por ti mismo] el camino.<\/p>\n<p>La gente intenta la perfecci\u00f3n porque est\u00e1 convencida del error, pero no conoce la perfecci\u00f3n. No puedes conocer la perfecci\u00f3n desde el error. Solo puedes conocer el error. La perfecci\u00f3n no es borrar el error. Es ganar sabidur\u00eda, compasi\u00f3n, habilidad, capacidad y amor. Extirpar el error no produce perfecci\u00f3n. Si pudieras ver la evoluci\u00f3n a una mayor escala, sin duda ajustar\u00edas tus expectativas de ti mismo.<\/p>\n<p>Tras dejar esta vida, aquellos pocos individuos que han logrado una aparente perfecci\u00f3n se encuentran a s\u00ed mismos en un nuevo comienzo. Pero no necesitan estar aqu\u00ed por m\u00e1s tiempo. En vez de trascender su humanidad, deben ahora encontrar las identidades del universo. Para esto necesitar\u00e1n gran asistencia.<\/p>\n<p>Su destino y su camino no son de tu incumbencia. Lo que te incumbe es tu vida inmediata, tu capacidad para tomar decisiones y seguirlas, tu capacidad para discernir y tu sentido de prop\u00f3sito e identidad.<\/p>\n<p>La gente a menudo pregunta: \u201c\u00bfPor qu\u00e9 necesito Maestros Internos?\u201d La respuesta es muy simple. Es porque no sabes nada. S\u00ed, puedes creer muchas, muchas cosas, pero tu Conocimiento es solo una peque\u00f1a luz. Crees que perfeccionando tu personalidad o tu cuerpo alcanzar\u00e1s grandes alturas, pero te aseguramos que alcanzar\u00e1s gran frustraci\u00f3n. Una personalidad perfecta puede no tener m\u00e1s Conocimiento que una imperfecta. De hecho, vuestros grandes maestros en el mundo han sido muy notorios \u2014no personalidades perfectas\u2014. Ese no es el \u00e9nfasis, aunque hay ajustes que hacer en tu comportamiento y tu pensamiento, por supuesto.<\/p>\n<p>Perfeccionar tu comportamiento para satisfacer tus est\u00e1ndares no es el Camino del Conocimiento. El Conocimiento no es ideas. Es experiencia. Es relaci\u00f3n. Es Dios. Dios es relaci\u00f3n. Es la atracci\u00f3n entre iguales, entre aquello que es lo mismo. Eso es Dios en una definici\u00f3n pr\u00e1ctica.<\/p>\n<p>Por tanto, aqu\u00ed tenemos esta idea de la Religi\u00f3n Mayor. \u00bfPor qu\u00e9 es mayor? Mayor no significa mejor. Solo es mayor porque tiene en cuenta una mayor realidad. Debes entender la evoluci\u00f3n de la vida, no solo la evoluci\u00f3n de la gente. No puedes entender esto intelectualmente, porque es demasiado vasto e inclusivo, pero puedes experimentarlo y puedes saber lo que significa en tu vida diaria.<\/p>\n<p>Los seres humanos no son enviados aqu\u00ed para lograr la realidad \u00faltima. Ese no es tu prop\u00f3sito. Tu prop\u00f3sito estando aqu\u00ed es estar completamente aqu\u00ed. \u00bfPiensas que puedes ir de la Tierra al Cielo saltando todos los pasos intermedios? Esperanzadoramente, si tu progreso es verdadero expandir\u00e1s tu capacidad y abrazar\u00e1s una mayor experiencia de la vida, tanto mayor que [el hecho de] ser humano ser\u00eda demasiado confinante. \u00bfPor qu\u00e9? Porque estar\u00e1s implicado en demasiadas relaciones.<\/p>\n<p>Vuestro mundo est\u00e1 a punto de dejar atr\u00e1s su fascinaci\u00f3n consigo mismo, una fase necesaria de maduraci\u00f3n. Por tanto, es apropiada una mayor experiencia de la religi\u00f3n o, digamos, una religi\u00f3n de muchos mundos. Es apropiada no solo para [tener] una mayor perspectiva; es tambi\u00e9n apropiada para entender a esos seres de la Comunidad Mayor que encontrar\u00e9is. Ellos no piensan como vosotros necesariamente. No todos ellos son amistosos. Sois tan extra\u00f1os para ellos como ellos lo son para vosotros. Deb\u00e9is verles con el Conocimiento. Esta es la perspectiva.<\/p>\n<p>Antes dijimos que las personas necesitan Maestros Internos porque no saben nada. Algunas personas necesitan Maestros Internos pero nunca permitir\u00edan que su presencia se diera a conocer. Para otros, ser\u00eda mejor si sus Maestros nunca se dieran a conocer. Pero todos necesitan Maestros Internos. Apenas pod\u00e9is generar suficiente energ\u00eda para pasar por la vida, mucho menos para elevaros a vosotros mismos en ella. Deb\u00e9is tener asistencia. Aceptar este hecho es muy importante y te dar\u00e1 un gran sentido de apoyo, gracia y apreciaci\u00f3n. Tambi\u00e9n significa que tienes un prop\u00f3sito que es importante y que no lo sabes todo.<\/p>\n<p>Es cierto que el Conocimiento debe ganarse mediante la experiencia. No es una b\u00fasqueda intelectual. Tu intelecto no fue creado para comprender el universo. Fue creado para negociar los pormenores de tu vida f\u00edsica, algo en lo que se ha vuelto bastante sofisticado. Pero no puede apreciar lo que se siente y lo que se sabe. Por tanto, no uses esta capacidad intelectual inapropiadamente. Tiene su verdadera aplicaci\u00f3n y en ella es muy \u00fatil. Pero debes buscar un enfoque diferente.<\/p>\n<p>Nuestro trabajo entonces es religioso en su naturaleza, porque trata de Dios. Trata de una vida mayor. En este mundo no puedes acercarte a la vida m\u00e1s grande de todas; solo puedes acercarte a una vida mayor. Debes pasar por las etapas de la evoluci\u00f3n. No puedes salt\u00e1rtelas todas. No puedes.<\/p>\n<p>Si puedes comprender esto ahora, entonces podr\u00e1s reconocer lo que necesitas hacer, lo que puedes hacer y lo que no puedes hacer. Ver\u00e1s tu verdadera involucraci\u00f3n y tus verdaderos requerimientos, sin poner sobre tus hombros cargas imposibles. Esto es muy importante. Con cargas imposibles ni siquiera reconocer\u00e1s lo que es esencial, y eso producir\u00e1 fracaso, que agravar\u00e1 tu agon\u00eda. No esperamos un comportamiento perfecto. Pero no podemos ayudarte eficazmente si insistes en logros personales absolutamente rid\u00edculos. Hay seres mayores que t\u00fa para operar el universo.<\/p>\n<p>Por tanto, el trabajo que tienes por delante ser\u00e1 sobre experimentar el trabajo de Dios en las tradiciones religiosas presentes, tanto aqu\u00ed como en la Comunidad Mayor. \u00bfPor qu\u00e9 es esto importante? No es solo fascinante para la mente. Es importante porque estimula el contacto con tu Familia Espiritual, tanto aqu\u00ed como en la Comunidad Mayor. Regenera antiguas memorias que son absolutamente fundamentales para tu experiencia de continuidad, integridad e inclusi\u00f3n en la vida.<\/p>\n<p>Las personas est\u00e1n siempre buscando su Familia Espiritual. La buscan en las relaciones personales. La buscan en causas pol\u00edticas y religiosas. La buscan en la paz y la buscan en la guerra. No saben lo que est\u00e1n buscando, pero estar solo en este mundo es un terrible destino.<\/p>\n<p>Pero no est\u00e1s solo. Antes de que vinieras a este mundo no estabas solo, y aquellos que estaban contigo entonces est\u00e1n contigo ahora. Recuperar esta memoria es recuperar la conciencia de la vida en lo visible y en la vida m\u00e1s all\u00e1. Entonces las barreras de las ilusiones comienzan a decaer. Entonces puedes comenzar a comprender la presencia espiritual m\u00e1s que solo sentirla. Entonces tu percepci\u00f3n se refina. Si no estuvieras en este mundo ser\u00eda mucho m\u00e1s f\u00e1cil tomar decisiones apropiadas. Pero est\u00e1s aqu\u00ed. Has asumido la vida natural en este mundo en un cuerpo f\u00edsico, pero la posibilidad de una verdadera percepci\u00f3n todav\u00eda existe.<\/p>\n<p>En preparaci\u00f3n para los eventos que vendr\u00e1n en los pr\u00f3ximos ciento cincuenta a\u00f1os y en preparaci\u00f3n de las religiones que vendr\u00e1n en los pr\u00f3ximos mil a tres mil a\u00f1os, se compartir\u00e1n las pr\u00e1cticas de la Comunidad Mayor para vuestro desarrollo. Estas no se comparten filos\u00f3ficamente, sino que se dan como pr\u00e1cticas. No son generadas solo mediante la especulaci\u00f3n intelectual. Son iniciatorias para experimentar el Conocimiento, la presencia espiritual y el contacto. Estas pr\u00e1cticas son antiguas. Su prop\u00f3sito es permitirte recuperar tus antiguas memorias y la conciencia de tus verdaderos amigos aqu\u00ed en este mundo y en otras partes tambi\u00e9n. De esto surgir\u00e1 un sentido de prop\u00f3sito mucho mayor, y es por esta raz\u00f3n que se comparten estas pr\u00e1cticas.<\/p>\n<p>Esta es la experiencia religiosa. La experiencia religiosa evoluciona y necesita un punto de vista cada vez m\u00e1s alto. Si lees la historia de vuestras religiones y vuestra historia conocida, a pesar de lo breve que es ver\u00e1s un desarrollo. Comenzar\u00e1s a ver una expansi\u00f3n definida, y esta expansi\u00f3n contin\u00faa.<\/p>\n<p>El prop\u00f3sito de esto es el Conocimiento. No hay nadie a quien idolatrar. Aqu\u00ed no hay h\u00e9roes. Nosotros permanecemos invisibles. No puedes adorarnos. En su momento, entender\u00e1s la sabidur\u00eda de esto y por qu\u00e9 resulta tan esencial para que podamos ser efectivos. Incluso los grandes en vuestro mundo que han llegado muy lejos y que contribuyeron su Conocimiento no buscaron ser \u00eddolos de adoraci\u00f3n. Es su Conocimiento lo que ha sido descuidado. La gente teme al Conocimiento, pero el Conocimiento es el prop\u00f3sito.<\/p>\n<p>Si anhelas el Conocimiento, b\u00fascalo. No puedes definirlo. No puedes predecir el resultado. Lo buscas porque es natural para ti buscarlo. Pues tu Conocimiento contiene el recuerdo de tu Creador, de los que te ayudan y de tu significado en este mundo.<\/p>\n","protected":false},"excerpt":{"rendered":"<p>Para comenzar discutiremos la Religi\u00f3n Mayor, un asunto de gran importancia. Desarrollar el Conocimiento es un tema fundamental en esta Ense\u00f1anza. El Conocimiento, las relaciones y la comunicaci\u00f3n impregnan toda actividad, desarrollo y progreso verdaderos. Estas cosas dan lugar a tu naturaleza y destino espirituales. Llaman a tu relaci\u00f3n con Dios, aunque tambi\u00e9n hay muchos\u2026 <a class=\"read-more\" href=\"https:\/\/www.v6.newmessage.org\/es\/about-text-shortcode\"><span>Read More<\/span><\/a><\/p>\n","protected":false},"author":13,"featured_media":0,"parent":13089,"menu_order":0,"comment_status":"closed","ping_status":"closed","template":"template-leftsidebar.php","meta":{"_monsterinsights_skip_tracking":false,"_monsterinsights_sitenote_active":false,"_monsterinsights_sitenote_note":"","_monsterinsights_sitenote_category":0,"footnotes":""},"categories":[44,76,77,498,483],"tags":[614],"_links":{"self":[{"href":"https:\/\/www.v6.newmessage.org\/es\/wp-json\/wp\/v2\/pages\/28351"}],"collection":[{"href":"https:\/\/www.v6.newmessage.org\/es\/wp-json\/wp\/v2\/pages"}],"about":[{"href":"https:\/\/www.v6.newmessage.org\/es\/wp-json\/wp\/v2\/types\/page"}],"author":[{"embeddable":true,"href":"https:\/\/www.v6.newmessage.org\/es\/wp-json\/wp\/v2\/users\/13"}],"replies":[{"embeddable":true,"href":"https:\/\/www.v6.newmessage.org\/es\/wp-json\/wp\/v2\/comments?post=28351"}],"version-history":[{"count":1,"href":"https:\/\/www.v6.newmessage.org\/es\/wp-json\/wp\/v2\/pages\/28351\/revisions"}],"predecessor-version":[{"id":28352,"href":"https:\/\/www.v6.newmessage.org\/es\/wp-json\/wp\/v2\/pages\/28351\/revisions\/28352"}],"up":[{"embeddable":true,"href":"https:\/\/www.v6.newmessage.org\/es\/wp-json\/wp\/v2\/pages\/13089"}],"wp:attachment":[{"href":"https:\/\/www.v6.newmessage.org\/es\/wp-json\/wp\/v2\/media?parent=28351"}],"wp:term":[{"taxonomy":"category","embeddable":true,"href":"https:\/\/www.v6.newmessage.org\/es\/wp-json\/wp\/v2\/categories?post=28351"},{"taxonomy":"post_tag","embeddable":true,"href":"https:\/\/www.v6.newmessage.org\/es\/wp-json\/wp\/v2\/tags?post=28351"}],"curies":[{"name":"wp","href":"https:\/\/api.w.org\/{rel}","templated":true}]}}