{"id":28221,"date":"2016-06-06T07:43:17","date_gmt":"2016-06-06T07:43:17","guid":{"rendered":"http:\/\/www.newmessage.org\/es\/?page_id=28221"},"modified":"2017-09-15T09:37:31","modified_gmt":"2017-09-15T09:37:31","slug":"la-llamada-del-mensajero","status":"publish","type":"page","link":"https:\/\/www.v6.newmessage.org\/es\/el-mensaje\/volumen-1\/el-nuevo-mensajero\/la-llamada-del-mensajero","title":{"rendered":"La Llamada del Mensajero"},"content":{"rendered":"<div><!--Versi\u00f3n espa\u00f1ola 1.3--><\/div>\n\n<div class=\"tabgroup \"><ul class=\"tabs\"><li><a href=\"#tabs-1\">Acerca de<\/a><\/li>\n<li><a href=\"#tabs-2\">V\u00eddeo<\/a><\/li>\n<li><a href=\"#tabs-3\">Nota<\/a><\/li><\/ul>\n <div id=\"tabs-1\"><br \/>\n<i>Como le fue revelado a<\/i><br \/>\n<i>Marshall Vian Summers<\/i><br \/>\n<i>el 3 de septiembre de 2014<\/i><br \/>\n<i>en Boulder, Colorado, Estados Unidos<\/i><\/p>\n<p>Texto original: <a href=\"https:\/\/www.newmessage.org\/the-message\/volume-1\/new-messenger\/the-messengers-calling\">The Messenger\u2019s Calling<\/a><\/p>\n<p>Escucha el audio original aqu\u00ed (en ingl\u00e9s):<\/p>\n<div id=\"jquery_jplayer_1\" class=\"jp-jplayer\"><\/div>\n\t\t\t\t<div id=\"jp_container_1\" class=\"jp-audio\">\n\t\t\t\t<div class=\"jp-type-single\"><div class=\"jp-control\"><a href=\"javascript:;\" class=\"jp-play\" tabindex=\"1\">play<\/a><a href=\"javascript:;\" class=\"jp-pause\" tabindex=\"1\">pause<\/a><\/div> <div class=\"jp-gui jp-interface\"><div class=\"jp-volume\"><div class=\"jp-volume-bar\"><div class=\"jp-volume-bar-value\"><\/div><\/div><\/div><div class=\"jp-progress\"><div class=\"jp-seek-bar\"><div class=\"jp-play-bar\"><\/div><\/div><\/div><\/div>\t\t\t\t\t<div class=\"jp-no-solution\"><span>Update Required<\/span>To play the media you will need to either update your browser to a recent version or update your <a href=\"http:\/\/get.adobe.com\/flashplayer\/\" target=\"_blank\">Flash plugin<\/a>.<\/div><\/div><\/div>\n\t\t\t<script type='text\/javascript'>\n\t\t\t\tjQuery(document).ready(function() {\n\t\t\t\t\tif (typeof (sermonMedia) == 'function') {\n\t\t\t\t\t\tsermonMedia.addAudio('', \"jquery_jplayer_1\");\n\t\t\t\t\t}\n\t\t\t\t\tjQuery.jPlayer.timeFormat.showHour = true;\n\t\t\t\t\tjQuery(\"#jquery_jplayer_1\").jPlayer({\n\t\t\t\t\t\tready: function(event) {\n\t\t\t\t\t\t\tjQuery(this).jPlayer(\"setMedia\", {mp3: 'https:\/\/www.newmessage.org\/av\/the-messengers-calling.mp3'});\n\t\t\t\t\t\t},\n\t\t\t\t\t\tplay: function() {\n\t\t\t\t\t\t\tjQuery(this).jPlayer(\"pauseOthers\");\n\t\t\t\t\t\t},\n\t\t\t\t\t\tswfPath: ThemeData.directory_uri+\"\/swf\",\n\t\t\t\t\t\tsolution: \"html, flash\",\n\t\t\t\t\t\tpreload: \"metadata\",\n\t\t\t\t\t\twmode: \"window\",\n\t\t\t\t\t\tsupplied: \"mp3\",\n\t\t\t\t\t\tcssSelectorAncestor: '#jp_container_1'\n\t\t\t\t\t});\n\t\t\t\t});\n\t\t\t<\/script><\/p>\n<p><a title=\"The Messenger\u2019s Calling\" href=\"https:\/\/www.newmessage.org\/av\/the-messengers-calling.mp3\">Descargar<\/a> (cliquea en el bot\u00f3n derecho y selecciona \u201cguardar enlace como\u201d)<\/p>\n<div class=\"toggle toggle-white\"><h4 class=\"trigger \"><span class=\"t_ico\"><\/span><a href=\"#\">M\u00e1s informaci\u00f3n sobre este texto<\/a><\/h4><div class=\"toggle_container \"><br \/>\n<p>Lo que est\u00e1s leyendo en este texto es la transcripci\u00f3n de la voz original de la Asamblea Ang\u00e9lica hablando a trav\u00e9s del Mensajero Marshall Vian Summers.<\/p>\n<p>Aqu\u00ed, la comunicaci\u00f3n original de Dios, que existe m\u00e1s all\u00e1 de las palabras, es traducida al lenguaje y el entendimiento humanos por la Asamblea Ang\u00e9lica que supervisa el mundo. La Asamblea despu\u00e9s entrega el Mensaje de Dios a trav\u00e9s del Mensajero, tras lo cual es transcrito y puesto a tu disposici\u00f3n y a disposici\u00f3n de todos.<\/p>\n<p>En este extraordinario proceso, la Voz de la Revelaci\u00f3n est\u00e1 hablando de nuevo. La Palabra y el Sonido est\u00e1n en el mundo. Que puedas ser el receptor de este regalo de Revelaci\u00f3n y puedas estar abierto a recibir su Mensaje \u00fanico para ti y para tu vida.<\/p>\n<br \/>\n<\/div><\/div><br \/>\n<\/div>\n<div id=\"tabs-2\"><br \/>\n<iframe loading=\"lazy\" width=\"275\" height=\"155\" src=\"https:\/\/www.youtube.com\/embed\/hDibcrtq_Bw?feature=oembed&#038;enablejsapi=1&#038;origin=http:\/\/www.newmessage.org\/es\" frameborder=\"0\" allowfullscreen><\/iframe><br \/>\n<\/div>\n<div id=\"tabs-3\"><br \/>\n<em>Nota a los lectores:<br \/>\nEsta traducci\u00f3n fue provista a la <\/em>Society<em> por estudiantes del Nuevo Mensaje que se han ofrecido voluntariamente a traducir el texto original en ingl\u00e9s. La publicamos en esta forma inicial para que todo el mundo tenga una oportunidad de interactuar con una porci\u00f3n del Nuevo Mensaje en un su propio idioma.<\/em><br \/>\n<\/div>\n\t\t\t\t<div align=\"right\">\n\t\t\t<div class=\"fb-like\" data-href=\"\" data-layout=\"button_count\" data-action=\"like\" data-show-faces=\"false\" data-share=\"false\"><\/div>\n\t\t\t<div class=\"fb-share-button\" data-layout=\"button_count\"> <\/div>\n\t\t\t<div class=\"fb_iframe_widget\"><a href=\"https:\/\/twitter.com\/godsnewmessage?ref_src=twsrc%5Etfw\" class=\"twitter-follow-button\" data-show-count=\"false\">Follow @godsnewmessage<\/a><script async src=\"https:\/\/platform.twitter.com\/widgets.js\" charset=\"utf-8\"><\/script><\/div>\n\t\t\t<\/div> <\/div> \n\n<p>Dios ha enviado un Mensajero al mundo, enviado desde la Asamblea Ang\u00e9lica. Es el primer Mensajero que llega desde los d\u00edas de Mahoma. Y no se enviar\u00e1 otro durante mucho tiempo.<\/p>\n<p>Su papel es muy importante. Est\u00e1 trayendo al mundo algo que nunca antes se ha tra\u00eddo aqu\u00ed, continuando la gran serie de Revelaciones tra\u00eddas a la humanidad en puntos de inflexi\u00f3n cr\u00edticos en su historia y su evoluci\u00f3n.<\/p>\n<p>Viene en un tiempo de gran y creciente necesidad, cuando la humanidad enfrenta un mundo de inmenso cambio medioambiental y toda la convulsi\u00f3n pol\u00edtica y econ\u00f3mica que se producir\u00e1. Est\u00e1 llegando en un tiempo en el que la humanidad se encuentra en el umbral de un universo lleno de vida inteligente. Llega en un tiempo en el que la humanidad debe prepararse.<\/p>\n<p>Su llamada al mundo es que el mundo debe recibir esto. Gente de todas las naciones, culturas y afiliaciones religiosas, \u00e9l os est\u00e1 llamando \u2014a aquellos que pueden escuchar, a aquellos que pueden recibir, a aquellos que reconocen que debe venir una Nueva Revelaci\u00f3n.<\/p>\n<p>Porque la religi\u00f3n se ha hundido en la confusi\u00f3n y est\u00e1 en conflicto consigo misma y entre sus expresiones principales. Se ha vuelto una herramienta del estado y de aquellos que buscan poder y dominio sobre los dem\u00e1s.<\/p>\n<p>Pero esto por s\u00ed solo no ha tra\u00eddo la Nueva Revelaci\u00f3n al mundo. Es en efecto el gran umbral que la humanidad enfrenta, que solo el Nuevo Mensaje de Dios puede revelaros por completo. Es un umbral de inmenso cambio en el mundo, que requerir\u00e1 preparaci\u00f3n y adaptaci\u00f3n a una escala nunca vista antes. Requerir\u00e1 preparaci\u00f3n para la interacci\u00f3n de la humanidad con la vida en el universo, que ya ha comenzado, pero de un modo que es muy peligroso para la familia humana.<\/p>\n<p>Gente de todas las naciones, culturas y tradiciones religiosas: el Mensajero os est\u00e1 llamando a tener coraje y honestidad y a sentir la gran necesidad de que Dios os hable de nuevo. Porque Dios solo habla a la humanidad en grandes puntos de inflexi\u00f3n, en tiempos de gran necesidad y oportunidad.<\/p>\n<p>Las oraciones y peticiones sinceras y las necesidades verdaderas de gente de todo el mundo est\u00e1n siendo contestadas ahora mediante la Revelaci\u00f3n. Pero Dios no da a la gente lo que esta espera. Dios da a la gente lo que necesita para este tiempo y los tiempos venideros. Y las Revelaciones son tan vastas y profundas que hablan de las necesidades de la gente que a\u00fan ha de nacer, la gente de dentro de cincuenta a\u00f1os y de dentro de doscientos a\u00f1os. As\u00ed de grande es la Revelaci\u00f3n. Es por eso que las Revelaciones previas de Dios han crecido en el tiempo y fueron capaces de proveer de manera continua a gente de eras diferentes y naciones diferentes, en toda clase de circunstancias.<\/p>\n<p>As\u00ed ocurrir\u00e1 con la Nueva Revelaci\u00f3n de Dios si esta puede recibirse y aceptarse, estudiarse y aplicarse. No est\u00e1 aqu\u00ed para reemplazar las religiones del mundo, sino para dar a estas un mayor alcance y dimensi\u00f3n, as\u00ed como para unirlas. Pues todas ellas fueron iniciadas por Dios, y todas ellas han sido cambiadas por el hombre mediante la adopci\u00f3n, la confusi\u00f3n y la corrupci\u00f3n.<\/p>\n<p>Gente de todas las naciones, culturas y tradiciones religiosas, el Mensajero os est\u00e1 llamando a reconocer vuestra necesidad m\u00e1s profunda, la necesidad de vuestra Alma. Esta no es solo la necesidad del d\u00eda, o los eventos del mundo, o las crisis de este momento. Es una necesidad que es m\u00e1s omnipresente y profunda \u2014la necesidad de reuniros con vuestra Fuente, la necesidad de obtener la fuerza que solo el Cielo puede proporcionar, la necesidad de conocer vuestro verdadero prop\u00f3sito y direcci\u00f3n m\u00e1s all\u00e1 de lo que vuestra cultura o incluso vuestra religi\u00f3n os han prescrito. Porque solo Dios puede daros esto.<\/p>\n<p>La necesidad de perdonar, de integridad y de verdadero prop\u00f3sito y direcci\u00f3n m\u00e1s all\u00e1 de lo que vuestra cultura y otros han prescrito para vosotros \u2014esto debe venir de Dios para poder ser verdadero y eficaz, para poder serviros en todo momento y en todo tipo de situaciones, m\u00e1s all\u00e1 de todas las divisiones, todos los conflictos y todos los fracasos de la humanidad.<\/p>\n<p>Dios sabe lo que est\u00e1 llegando desde el horizonte y busca advertiros, bendeciros y prepararos.<\/p>\n<p>El Mensajero te est\u00e1 ahora llamando a escuchar, a responder, a encontrar esto, a recibirlo, a dejar a un lado tus juicios, tus preferencias y tus exhortaciones para poder recibir las bendiciones del Creador, dadas ahora de nuevo bajo una serie de circunstancias muy diferente, cuando la humanidad est\u00e1 a punto de enfrentar sus mayores pruebas.<\/p>\n<p>No todo el mundo ser\u00e1 capaz de responder al principio, pero hay muchos en el mundo actual que est\u00e1n listos para escuchar esto, en todas las naciones y en todas las culturas. En todas las tradiciones de fe hay muchos que est\u00e1n listos para escuchar esta llamada.<\/p>\n<p>El Mensajero es ahora un hombre mayor. Por tanto, el tiempo es vital para que le escuches, le recibas y le reconozcas en sus a\u00f1os restantes en la Tierra.<\/p>\n<p>\u00c9l te est\u00e1 llamando a recibir, a aprender y a tomar los Pasos al Conocimiento, el Conocimiento m\u00e1s profundo que Dios ha puesto dentro de ti, que fue puesto all\u00ed antes incluso de que vinieras al mundo, para guiarte, protegerte y conducirte a una mayor vida de prop\u00f3sito y satisfacci\u00f3n en el mundo. T\u00fa no puedes darte a ti mismo estas cosas.<\/p>\n<p>Sin este Conocimiento, las personas seguir\u00e1n a la tribu. Seguir\u00e1n su cultura. Seguir\u00e1n las exhortaciones de otros. Se perder\u00e1n en un mundo de deseos, fantas\u00edas y quejas. Vivir\u00e1n vidas de desesperaci\u00f3n y a menudo violencia. No estar\u00e1n preparadas para las fuerzas mayores que est\u00e1n cambiando el mundo incluso en este momento.<\/p>\n<p>Sin el Conocimiento, las personas se enfrentar\u00e1n las unas a las otras como siempre lo han hecho, luchando, compitiendo, peleando, destruy\u00e9ndose mutuamente como siempre lo han hecho.<\/p>\n<p>Es solo gracias a los grandes Mensajeros y Mensajes que la humanidad ha llegado hasta donde ha llegado con tanto \u00e9xito, a pesar de sus muchos fracasos y errores.<\/p>\n<p>Pero ahora debe darse una Nueva Revelaci\u00f3n. El Mensajero ha pasado cuarenta a\u00f1os recibi\u00e9ndola en aislamiento. Ahora debe proclamar al mundo en sus a\u00f1os restantes. \u00c9l est\u00e1 llamando entonces no solo a un grupo, a una naci\u00f3n o a una regi\u00f3n. Llama al mundo entero, y es por eso que est\u00e1 retransmitiendo al mundo entero, proveyendo la Revelaci\u00f3n para el mundo entero y proveyendo, por primera vez en toda la historia humana, la Voz de la Revelaci\u00f3n.<\/p>\n<p>La Voz que habl\u00f3 a Jes\u00fas, Buda y Mahoma, puedes escucharla por primera vez \u2014Nuestra Voz, esta Voz, la Voz de la Asamblea Ang\u00e9lica hablando unida como uno solo, una realidad y un fen\u00f3meno que tu intelecto no puede entender, pero que tu coraz\u00f3n puede recibir poderosamente.<\/p>\n<p>Porque el Se\u00f1or es el Se\u00f1or del universo entero, con incontables razas de seres muy distintas a vosotros, y de otras dimensiones del universo f\u00edsico, y de la Creaci\u00f3n que est\u00e1 por completo m\u00e1s all\u00e1 del reino f\u00edsico.<\/p>\n<p>Dios ha puesto el Conocimiento dentro de ti. Si despiertas a esto y respondes a esto, entonces la Voluntad de Dios puede moverte y protegerte y guiarte, porque necesitas esto ahora m\u00e1s que nunca antes.<\/p>\n<p>Gente de todas las naciones, culturas y tradiciones religiosas, escuchad al Mensajero llam\u00e1ndoos. No lo disput\u00e9is. No lo negu\u00e9is, o negar\u00e9is la Gracia y el Poder de Dios. Y negar\u00e9is el regalo de Dios para vosotros, que ahora necesit\u00e1is m\u00e1s que ninguna otra cosa.<\/p>\n<p>Porque las grandes tradiciones del pasado no pueden preparar a la humanidad para el gran cambio que est\u00e1 llegando al mundo ni para el encuentro de la humanidad con la vida inteligente en el universo \u2014los dos mayores eventos en toda la historia humana; los dos eventos que, m\u00e1s que ninguna otra cosa, pueden afectar el futuro de toda persona en la Tierra y de aquellas a\u00fan por venir\u2014. Es tan grande la necesidad que apenas puedes reconocerla. Est\u00e1 m\u00e1s all\u00e1 de las necesidades en las que piensas.<\/p>\n<p>Pero el mundo est\u00e1 comenzando a descomponerse. La civilizaci\u00f3n humana est\u00e1 comenzando a descomponerse. Esto te afectar\u00e1 a ti y toda persona, sea rica o pobre, en todos los pa\u00edses, en todos los rincones del mundo.<\/p>\n<p>Debes escuchar la llamada que te hace el Mensajero. Dios le ha enviado aqu\u00ed para ser el receptor y el representante principal de la Nueva Revelaci\u00f3n para el mundo.<\/p>\n<p>No disputes esto por razones religiosas, porque no puedes determinar lo que Dios har\u00e1 o cu\u00e1ndo hablar\u00e1. No puedes determinar que no se enviar\u00e1 al mundo otro Mensajero. Solo la arrogancia y la necedad podr\u00edan proclamar esto.<\/p>\n<p>Est\u00e1is entrando en un nuevo mundo de recursos en disminuci\u00f3n, meteorolog\u00eda violenta, cosechas fallidas e inmenso cambio f\u00edsico y biol\u00f3gico en el mundo creado por la necedad y la codicia de la humanidad y su abuso del mundo. Es un tiempo de creciente necesidad, aumentando con cada d\u00eda que pasa. Pocas personas son conscientes de lo que esto realmente significar\u00e1 y cu\u00e1nto cambiar\u00e1 sus circunstancias. Pero Dios lo sabe, y la Revelaci\u00f3n revela esto con mucha claridad.<\/p>\n<p>\u00bfQu\u00e9 persona en el mundo sabe lo que es la vida en el universo, o lo que requerir\u00e1n para la humanidad los encuentros de esta naturaleza, o c\u00f3mo distinguir amigo de enemigo en dichos encuentros? Solo Dios lo sabe, y Dios ha enviado la Revelaci\u00f3n para revelaros esto y prepararos para esto, porque nada en el mundo puede prepararos para esto.<\/p>\n<p>Gente de todas las naciones, culturas y tradiciones religiosas, escuchad la llamada del Mensajero. \u00c9l es la \u00fanica persona que puede hacer esto. Porque ha sido enviado desde la Asamblea Ang\u00e9lica. No es una persona ordinaria. No es un Dios, porque ninguna persona es un Dios. Pero es un miembro de la Asamblea, y est\u00e1 en el mundo. Porque todos los grandes Mensajeros han venido desde la Asamblea. Eso es lo que les ha dado el poder y la asociaci\u00f3n para traer las grandes Revelaciones que han tra\u00eddo al mundo.<\/p>\n<p>Ahora est\u00e1s viviendo en un tiempo de Revelaci\u00f3n. Es un tiempo que desafiar\u00e1 tu fe, tu coraje, tu confianza y tu fe en ti mismo y en otros de maneras nunca vistas antes. Incluso las grandes guerras del siglo pasado significar\u00e1n muy poco comparadas con lo que vais a enfrentar ahora \u2014el producto del abuso del mundo por parte de la humanidad.<\/p>\n<p>Solo Dios puede mostraros el camino. Porque, hasta ahora, la humanidad no ha podido corregir su comportamiento por su cuenta. Solo Dios puede mostraros un camino hacia un mayor futuro para la familia humana, porque la gente no puede inventarlo por s\u00ed misma.<\/p>\n<p>Para esto, debes ver que Dios es mucho m\u00e1s grande de lo que previamente pensaste \u2014un Dios de incontables razas en el universo, un Dios de un reino de vida tan extenso que tu intelecto dif\u00edcilmente puede entenderlo, ni siquiera una parte.<\/p>\n<p>Este es el Dios que te ha enviado al mundo a trav\u00e9s de tu Familia Espiritual. Este es el Dios que ha puesto el Conocimiento dentro de ti para guiarte y darte Sabidur\u00eda de m\u00e1s all\u00e1 del mundo. Este es el Dios que te devolver\u00e1 tu verdadera integridad, tu naturaleza m\u00e1s profunda y el verdadero prop\u00f3sito que te ha tra\u00eddo al mundo bajo las circunstancias mismas que buscas negar o evitar.<\/p>\n<p>Gente de todas las naciones, culturas y tradiciones de fe, escuchad la llamada del Mensajero, porque es la llamada de Dios. \u00c9l es el Mensajero. No est\u00e1 aqu\u00ed meramente para entregar el Mensaje, sino para representarlo y hablar en su nombre. Lo que hace esto posible es qui\u00e9n es \u00e9l y de d\u00f3nde ha venido.<\/p>\n<p>No hay nadie m\u00e1s en el mundo que pueda apoderarse de la Revelaci\u00f3n de Dios y usarla para s\u00ed, porque nadie tiene el poder o la conexi\u00f3n para hacerlo. Y el Cielo no honrar\u00e1 a esa persona, no importa lo que proclame para s\u00ed misma.<\/p>\n<p>Solo uno ha sido enviado, porque as\u00ed es como sucede. Solo uno ha sido enviado, y \u00e9l est\u00e1 en el mundo, y te est\u00e1 llamando. Te est\u00e1 llamando con su voz, y te est\u00e1 llamando mediante la propia Revelaci\u00f3n, que est\u00e1 poni\u00e9ndose a disposici\u00f3n del mundo lo m\u00e1s r\u00e1pidamente posible.<\/p>\n<p>El Mensajero es un hombre humilde. No tiene posici\u00f3n en el mundo. Ha pasado por una preparaci\u00f3n distinta a todo lo que puedas imaginar, para [cumplir] una llamada y una misi\u00f3n mayores aqu\u00ed en la Tierra. \u00c9l debe hablar a la gente de la Tierra y llegar a tantos como pueda en sus a\u00f1os restantes.<\/p>\n<p>Esta es su llamada a ti. Este es tu desaf\u00edo. \u00bfPuedes encarar la Luz de la Revelaci\u00f3n? \u00bfPuedes ser receptivo a la Nueva Revelaci\u00f3n de Dios para el mundo? \u00bfPuedes llevarla a tu coraz\u00f3n y aplicarla en tu vida? Porque la Revelaci\u00f3n proveer\u00e1 mucho para ti ahora mismo en todo lo que est\u00e1s haciendo y en todo lo que necesitas.<\/p>\n<p>Dios ha dado la Revelaci\u00f3n para el mundo, pero esta tambi\u00e9n provee la restauraci\u00f3n para cada persona que pueda recibirla y aplicarla en su vida. Solo el genio del Creador podr\u00eda hacer esto. Solo el genio del Creador podr\u00eda hablar a la gente de cada naci\u00f3n, cada cultura y cada tradici\u00f3n de fe a trav\u00e9s de la Nueva Revelaci\u00f3n.<\/p>\n<p>La Bendici\u00f3n est\u00e1 sobre ti. El Mensajero est\u00e1 llam\u00e1ndote a recibirla. El Mensajero est\u00e1 llam\u00e1ndote a ser verdaderamente honesto y receptivo. El Mensajero est\u00e1 llam\u00e1ndote a dejar a un lado tus creencias y exhortaciones para poder ser receptivo a la Revelaci\u00f3n. Si no puedes hacer esto, entonces Dios no puede ayudarte. No puede asistirte.<\/p>\n<p>Porque Dios sigue presente en el mundo, y la Revelaci\u00f3n de Dios para la humanidad ha llegado de nuevo.<\/p>\n","protected":false},"excerpt":{"rendered":"<p>Dios ha enviado un Mensajero al mundo, enviado desde la Asamblea Ang\u00e9lica. Es el primer Mensajero que llega desde los d\u00edas de Mahoma. Y no se enviar\u00e1 otro durante mucho tiempo. Su papel es muy importante. Est\u00e1 trayendo al mundo algo que nunca antes se ha tra\u00eddo aqu\u00ed, continuando la gran serie de Revelaciones tra\u00eddas\u2026 <a class=\"read-more\" href=\"https:\/\/www.v6.newmessage.org\/es\/about-text-shortcode\"><span>Read More<\/span><\/a><\/p>\n","protected":false},"author":13,"featured_media":0,"parent":16489,"menu_order":0,"comment_status":"closed","ping_status":"closed","template":"template-leftsidebar.php","meta":{"_monsterinsights_skip_tracking":false,"_monsterinsights_sitenote_active":false,"_monsterinsights_sitenote_note":"","_monsterinsights_sitenote_category":0,"footnotes":""},"categories":[490,76,119,465,460],"tags":[689],"_links":{"self":[{"href":"https:\/\/www.v6.newmessage.org\/es\/wp-json\/wp\/v2\/pages\/28221"}],"collection":[{"href":"https:\/\/www.v6.newmessage.org\/es\/wp-json\/wp\/v2\/pages"}],"about":[{"href":"https:\/\/www.v6.newmessage.org\/es\/wp-json\/wp\/v2\/types\/page"}],"author":[{"embeddable":true,"href":"https:\/\/www.v6.newmessage.org\/es\/wp-json\/wp\/v2\/users\/13"}],"replies":[{"embeddable":true,"href":"https:\/\/www.v6.newmessage.org\/es\/wp-json\/wp\/v2\/comments?post=28221"}],"version-history":[{"count":4,"href":"https:\/\/www.v6.newmessage.org\/es\/wp-json\/wp\/v2\/pages\/28221\/revisions"}],"predecessor-version":[{"id":28909,"href":"https:\/\/www.v6.newmessage.org\/es\/wp-json\/wp\/v2\/pages\/28221\/revisions\/28909"}],"up":[{"embeddable":true,"href":"https:\/\/www.v6.newmessage.org\/es\/wp-json\/wp\/v2\/pages\/16489"}],"wp:attachment":[{"href":"https:\/\/www.v6.newmessage.org\/es\/wp-json\/wp\/v2\/media?parent=28221"}],"wp:term":[{"taxonomy":"category","embeddable":true,"href":"https:\/\/www.v6.newmessage.org\/es\/wp-json\/wp\/v2\/categories?post=28221"},{"taxonomy":"post_tag","embeddable":true,"href":"https:\/\/www.v6.newmessage.org\/es\/wp-json\/wp\/v2\/tags?post=28221"}],"curies":[{"name":"wp","href":"https:\/\/api.w.org\/{rel}","templated":true}]}}