{"id":28216,"date":"2016-05-30T18:20:39","date_gmt":"2016-05-30T18:20:39","guid":{"rendered":"http:\/\/www.newmessage.org\/es\/?page_id=28216"},"modified":"2017-09-18T18:09:08","modified_gmt":"2017-09-18T18:09:08","slug":"acerca-del-proceso-de-traduccion","status":"publish","type":"page","link":"https:\/\/www.v6.newmessage.org\/es\/acerca-del-proceso-de-traduccion","title":{"rendered":"Acerca del proceso de traducci\u00f3n"},"content":{"rendered":"<p>El Mensajero, Marshall Vian Summers, ha estado recibiendo un Nuevo Mensaje de Dios desde 1983. El Nuevo Mensaje de Dios es la mayor Revelaci\u00f3n que se ha dado nunca a la humanidad, dada ahora a un mundo alfabetizado de comunicaciones globales y creciente conciencia global. No se da solo para una tribu, una naci\u00f3n o una religi\u00f3n \u00fanicas, sino para llegar al mundo entero. Esto demanda que se traduzca en tantos idiomas como sea posible.<\/p>\n<p>El proceso de Revelaci\u00f3n est\u00e1 mostr\u00e1ndose ahora por primera vez en la historia. En este extraordinario proceso, la Presencia de Dios se comunica m\u00e1s all\u00e1 de las palabras con la Asamblea Ang\u00e9lica que supervisa el mundo. Luego la Asamblea traduce esta comunicaci\u00f3n al lenguaje humano y habla toda ella como uno solo a trav\u00e9s de su Mensajero, cuya voz se vuelve el veh\u00edculo para esta mayor Voz, la Voz de la Revelaci\u00f3n. Las palabras se expresan en ingl\u00e9s y se graban directamente en formato de audio, luego se transcriben y se ponen a disposici\u00f3n del p\u00fablico en los textos y grabaciones de audio del Nuevo Mensaje. De este modo, la pureza del Mensaje original de Dios se preserva y puede ofrecerse a todo el mundo.<\/p>\n<p>Pero tambi\u00e9n hay un proceso de traducci\u00f3n. Como la Revelaci\u00f3n original se entreg\u00f3 en idioma ingl\u00e9s, este es la base para todas las traducciones en los muchos idiomas de la humanidad. Debido a que en nuestro mundo se hablan muchas lenguas, las traducciones son vitalmente necesarias para traer el Nuevo Mensaje a la gente de todas partes. Estudiantes del Nuevo Mensaje se han ofrecido a lo largo del tiempo a traducir voluntariamente el Mensaje a sus idiomas nativos.<\/p>\n<p>En este momento en la historia, la <em>Society<\/em> no puede permitirse pagar traducciones en tantos idiomas y para un Mensaje tan vasto, un Mensaje que tiene que llegar al mundo con urgencia cr\u00edtica. Adem\u00e1s, la <em>Society<\/em> cree que es importante que nuestros traductores sean estudiantes del Nuevo Mensaje para entender y experimentar, tanto como sea posible, la esencia de lo que est\u00e1n traduciendo.<\/p>\n<p>Dada la urgencia y la necesidad de compartir el Nuevo Mensaje por todo el mundo, invitamos a una mayor asistencia en la traducci\u00f3n para ampliar el alcance del Nuevo Mensaje en el mundo, trayendo m\u00e1s partes de la Revelaci\u00f3n a idiomas cuya traducci\u00f3n ya ha comenzado y a\u00f1adiendo nuevos idiomas tambi\u00e9n. Con el tiempo, buscamos adem\u00e1s mejorar la calidad de estas traducciones. Todav\u00eda hay mucho que hacer.<\/p>\n","protected":false},"excerpt":{"rendered":"<p>El Mensajero, Marshall Vian Summers, ha estado recibiendo un Nuevo Mensaje de Dios desde 1983. El Nuevo Mensaje de Dios es la mayor Revelaci\u00f3n que se ha dado nunca a la humanidad, dada ahora a un mundo alfabetizado de comunicaciones globales y creciente conciencia global. No se da solo para una tribu, una naci\u00f3n o\u2026 <a class=\"read-more\" href=\"https:\/\/www.v6.newmessage.org\/es\/acerca-del-proceso-de-traduccion\"><span>Read More<\/span><\/a><\/p>\n","protected":false},"author":13,"featured_media":0,"parent":0,"menu_order":0,"comment_status":"closed","ping_status":"closed","template":"template-leftsidebar.php","meta":{"_monsterinsights_skip_tracking":false,"_monsterinsights_sitenote_active":false,"_monsterinsights_sitenote_note":"","_monsterinsights_sitenote_category":0,"footnotes":""},"categories":[],"tags":[639],"_links":{"self":[{"href":"https:\/\/www.v6.newmessage.org\/es\/wp-json\/wp\/v2\/pages\/28216"}],"collection":[{"href":"https:\/\/www.v6.newmessage.org\/es\/wp-json\/wp\/v2\/pages"}],"about":[{"href":"https:\/\/www.v6.newmessage.org\/es\/wp-json\/wp\/v2\/types\/page"}],"author":[{"embeddable":true,"href":"https:\/\/www.v6.newmessage.org\/es\/wp-json\/wp\/v2\/users\/13"}],"replies":[{"embeddable":true,"href":"https:\/\/www.v6.newmessage.org\/es\/wp-json\/wp\/v2\/comments?post=28216"}],"version-history":[{"count":4,"href":"https:\/\/www.v6.newmessage.org\/es\/wp-json\/wp\/v2\/pages\/28216\/revisions"}],"predecessor-version":[{"id":28935,"href":"https:\/\/www.v6.newmessage.org\/es\/wp-json\/wp\/v2\/pages\/28216\/revisions\/28935"}],"wp:attachment":[{"href":"https:\/\/www.v6.newmessage.org\/es\/wp-json\/wp\/v2\/media?parent=28216"}],"wp:term":[{"taxonomy":"category","embeddable":true,"href":"https:\/\/www.v6.newmessage.org\/es\/wp-json\/wp\/v2\/categories?post=28216"},{"taxonomy":"post_tag","embeddable":true,"href":"https:\/\/www.v6.newmessage.org\/es\/wp-json\/wp\/v2\/tags?post=28216"}],"curies":[{"name":"wp","href":"https:\/\/api.w.org\/{rel}","templated":true}]}}