{"id":28178,"date":"2016-05-04T17:20:32","date_gmt":"2016-05-04T17:20:32","guid":{"rendered":"http:\/\/www.newmessage.org\/es\/?page_id=28178"},"modified":"2017-08-23T18:21:28","modified_gmt":"2017-08-23T18:21:28","slug":"acerca-del-proceso-de-revelacion","status":"publish","type":"page","link":"https:\/\/www.v6.newmessage.org\/es\/el-mensaje\/acerca-del-proceso-de-revelacion","title":{"rendered":"Acerca del proceso de Revelaci\u00f3n"},"content":{"rendered":"<p><a href=\"https:\/\/www.newmessage.org\/es\/wp-content\/uploads\/sites\/40\/2014\/07\/Volume-1-CD-Cover1.jpg\"><\/a><a href=\"https:\/\/www.newmessage.org\/es\/wp-content\/uploads\/sites\/40\/2014\/07\/Volume-1-CD-Cover1.jpg\"><img loading=\"lazy\" decoding=\"async\" class=\"imgborder alignright wp-image-28179\" src=\"https:\/\/www.newmessage.org\/es\/wp-content\/uploads\/sites\/40\/2014\/07\/Volume-1-CD-Cover1.jpg\" alt=\"Volume-1-CD-Cover1-172x300\" width=\"300\" height=\"523\" \/><\/a>Los textos del Nuevo Mensaje de Dios fueron hablados originalmente por la Voz de la Asamblea Ang\u00e9lica a trav\u00e9s del Mensajero, Marshall Vian Summers. Este proceso de Revelaci\u00f3n Divina ha estado ocurriendo desde 1983. La Revelaci\u00f3n ha continuado hasta la actualidad.<\/p>\n<p>Aqu\u00ed, la comunicaci\u00f3n de Dios, que existe m\u00e1s all\u00e1 de las palabras, es traducida al lenguaje y el entendimiento humanos por la Asamblea Ang\u00e9lica que supervisa el mundo. La Asamblea entonces habla el Mensaje de Dios a trav\u00e9s del Mensajero, lo cual se graba en audio, se transcribe y ahora se pone a disposici\u00f3n del mundo en la vasta biblioteca de revelaciones en texto en <a href=\"https:\/\/www.newmessage.org\/\">www.NewMessage.org<\/a> (originales en ingl\u00e9s; <a href=\"http:\/\/www.nuevomensaje.org\/el-mensaje\">traduciones en espa\u00f1ol aqu\u00ed<\/a>).<\/p>\n<p>Adem\u00e1s, por primera vez en la historia puedes escuchar las grabaciones originales de la Voz de la Revelaci\u00f3n, una Voz como la que habl\u00f3 a los profetas y Mensajeros del pasado y que ahora est\u00e1 hablando de nuevo a trav\u00e9s de un Nuevo Mensajero en el mundo actual. Nunca antes hab\u00eda sido registrada la grabaci\u00f3n original de la Revelaci\u00f3n ni hab\u00eda sido puesta a disposici\u00f3n del mundo en su forma pura.<\/p>\n<p>La Palabra y el Sonido est\u00e1n en el mundo. Por primera vez en la historia, t\u00fa y todas las personas pod\u00e9is escuchar la grabaci\u00f3n original de la Voz de la Revelaci\u00f3n. Esta Voz no es la voz de un individuo, sino la de toda la Asamblea Ang\u00e9lica hablando junta, toda como uno.<\/p>\n<p>Aqu\u00ed la humanidad puede recibir el testamento original de la Revelaci\u00f3n de Dios, que ha sido capturado en audio en su forma hablada, luego transcrito y compilado por su Mensajero y ahora presentado al mundo.<\/p>\n<p>Para escuchar la Voz de la Revelaci\u00f3n, que es la fuente del texto que contienen todos los libros del Nuevo Mensaje, por favor visita <a href=\"https:\/\/www.newmessage.org\/the-message\">www.NewMessage.org\/experience<\/a>. Las grabaciones originales en audio de la Voz se ponen ahora a disposici\u00f3n de todo el mundo.<\/p>\n<p>Que puedas ser el receptor de este regalo de Revelaci\u00f3n y puedas estar abierto a recibir su poderoso Mensaje para ti y para tu vida.<\/p>\n","protected":false},"excerpt":{"rendered":"<p>Los textos del Nuevo Mensaje de Dios fueron hablados originalmente por la Voz de la Asamblea Ang\u00e9lica a trav\u00e9s del Mensajero, Marshall Vian Summers. Este proceso de Revelaci\u00f3n Divina ha estado ocurriendo desde 1983. La Revelaci\u00f3n ha continuado hasta la actualidad. Aqu\u00ed, la comunicaci\u00f3n de Dios, que existe m\u00e1s all\u00e1 de las palabras, es traducida\u2026 <a class=\"read-more\" href=\"https:\/\/www.v6.newmessage.org\/es\/el-mensaje\/acerca-del-proceso-de-revelacion\"><span>Read More<\/span><\/a><\/p>\n","protected":false},"author":13,"featured_media":0,"parent":15090,"menu_order":0,"comment_status":"closed","ping_status":"closed","template":"template-leftsidebar.php","meta":{"_monsterinsights_skip_tracking":false,"_monsterinsights_sitenote_active":false,"_monsterinsights_sitenote_note":"","_monsterinsights_sitenote_category":0,"footnotes":""},"categories":[],"tags":[],"_links":{"self":[{"href":"https:\/\/www.v6.newmessage.org\/es\/wp-json\/wp\/v2\/pages\/28178"}],"collection":[{"href":"https:\/\/www.v6.newmessage.org\/es\/wp-json\/wp\/v2\/pages"}],"about":[{"href":"https:\/\/www.v6.newmessage.org\/es\/wp-json\/wp\/v2\/types\/page"}],"author":[{"embeddable":true,"href":"https:\/\/www.v6.newmessage.org\/es\/wp-json\/wp\/v2\/users\/13"}],"replies":[{"embeddable":true,"href":"https:\/\/www.v6.newmessage.org\/es\/wp-json\/wp\/v2\/comments?post=28178"}],"version-history":[{"count":8,"href":"https:\/\/www.v6.newmessage.org\/es\/wp-json\/wp\/v2\/pages\/28178\/revisions"}],"predecessor-version":[{"id":28768,"href":"https:\/\/www.v6.newmessage.org\/es\/wp-json\/wp\/v2\/pages\/28178\/revisions\/28768"}],"up":[{"embeddable":true,"href":"https:\/\/www.v6.newmessage.org\/es\/wp-json\/wp\/v2\/pages\/15090"}],"wp:attachment":[{"href":"https:\/\/www.v6.newmessage.org\/es\/wp-json\/wp\/v2\/media?parent=28178"}],"wp:term":[{"taxonomy":"category","embeddable":true,"href":"https:\/\/www.v6.newmessage.org\/es\/wp-json\/wp\/v2\/categories?post=28178"},{"taxonomy":"post_tag","embeddable":true,"href":"https:\/\/www.v6.newmessage.org\/es\/wp-json\/wp\/v2\/tags?post=28178"}],"curies":[{"name":"wp","href":"https:\/\/api.w.org\/{rel}","templated":true}]}}