{"id":28160,"date":"2016-04-13T09:05:23","date_gmt":"2016-04-13T09:05:23","guid":{"rendered":"http:\/\/www.newmessage.org\/es\/?page_id=28160"},"modified":"2017-12-28T15:17:56","modified_gmt":"2017-12-28T15:17:56","slug":"la-importancia-de-la-comunidad-mayor","status":"publish","type":"page","link":"https:\/\/www.v6.newmessage.org\/es\/el-mensaje\/volumen-1\/la-comunidad-mayor\/la-importancia-de-la-comunidad-mayor","title":{"rendered":"La importancia de la Comunidad Mayor"},"content":{"rendered":"<div><!--Versi\u00f3n espa\u00f1ola 1.35--><\/div>\n\n<div class=\"tabgroup \"><ul class=\"tabs\"><li><a href=\"#tabs-1\">Acerca de<\/a><\/li>\n<li><a href=\"#tabs-2\">Nota<\/a><\/li><\/ul>\n <div id=\"tabs-1\"><br \/>\n<i>Como le fue revelado a<\/i><br \/>\n<i>Marshall Vian Summers<\/i><br \/>\n<i>el 11 de diciembre de 2009<\/i><br \/>\n<i>en Phnom Penh, Camboya<\/i><\/p>\n<p>Texto original: <a href=\"https:\/\/www.newmessage.org\/the-message\/volume-1\/greater-community\/importance-greater-community\">The Importance of the Greater Community<\/a><\/p>\n<p>Escucha el audio original aqu\u00ed (en ingl\u00e9s):<\/p>\n<div id=\"jquery_jplayer_1\" class=\"jp-jplayer\"><\/div>\n\t\t\t\t<div id=\"jp_container_1\" class=\"jp-audio\">\n\t\t\t\t<div class=\"jp-type-single\"><div class=\"jp-control\"><a href=\"javascript:;\" class=\"jp-play\" tabindex=\"1\">play<\/a><a href=\"javascript:;\" class=\"jp-pause\" tabindex=\"1\">pause<\/a><\/div> <div class=\"jp-gui jp-interface\"><div class=\"jp-volume\"><div class=\"jp-volume-bar\"><div class=\"jp-volume-bar-value\"><\/div><\/div><\/div><div class=\"jp-progress\"><div class=\"jp-seek-bar\"><div class=\"jp-play-bar\"><\/div><\/div><\/div><\/div>\t\t\t\t\t<div class=\"jp-no-solution\"><span>Update Required<\/span>To play the media you will need to either update your browser to a recent version or update your <a href=\"http:\/\/get.adobe.com\/flashplayer\/\" target=\"_blank\">Flash plugin<\/a>.<\/div><\/div><\/div>\n\t\t\t<script type='text\/javascript'>\n\t\t\t\tjQuery(document).ready(function() {\n\t\t\t\t\tif (typeof (sermonMedia) == 'function') {\n\t\t\t\t\t\tsermonMedia.addAudio('', \"jquery_jplayer_1\");\n\t\t\t\t\t}\n\t\t\t\t\tjQuery.jPlayer.timeFormat.showHour = true;\n\t\t\t\t\tjQuery(\"#jquery_jplayer_1\").jPlayer({\n\t\t\t\t\t\tready: function(event) {\n\t\t\t\t\t\t\tjQuery(this).jPlayer(\"setMedia\", {mp3: 'https:\/\/www.newmessage.org\/av\/the-importance-of-the-greater-community.mp3'});\n\t\t\t\t\t\t},\n\t\t\t\t\t\tplay: function() {\n\t\t\t\t\t\t\tjQuery(this).jPlayer(\"pauseOthers\");\n\t\t\t\t\t\t},\n\t\t\t\t\t\tswfPath: ThemeData.directory_uri+\"\/swf\",\n\t\t\t\t\t\tsolution: \"html, flash\",\n\t\t\t\t\t\tpreload: \"metadata\",\n\t\t\t\t\t\twmode: \"window\",\n\t\t\t\t\t\tsupplied: \"mp3\",\n\t\t\t\t\t\tcssSelectorAncestor: '#jp_container_1'\n\t\t\t\t\t});\n\t\t\t\t});\n\t\t\t<\/script><\/p>\n<p><a title=\"The Importance of the Greater Community\" href=\"https:\/\/www.newmessage.org\/av\/the-importance-of-the-greater-community.mp3\">Descargar<\/a> (cliquea en el bot\u00f3n derecho y selecciona \u201cguardar enlace como\u201d)<\/p>\n<div class=\"toggle toggle-white\"><h4 class=\"trigger \"><span class=\"t_ico\"><\/span><a href=\"#\">M\u00e1s informaci\u00f3n sobre este texto<\/a><\/h4><div class=\"toggle_container \"><br \/>\n<p>Lo que est\u00e1s leyendo en este texto es la transcripci\u00f3n de la voz original de la Asamblea Ang\u00e9lica hablando a trav\u00e9s del Mensajero Marshall Vian Summers.<\/p>\n<p>Aqu\u00ed, la comunicaci\u00f3n original de Dios, que existe m\u00e1s all\u00e1 de las palabras, es traducida al lenguaje y el entendimiento humanos por la Asamblea Ang\u00e9lica que supervisa el mundo. La Asamblea despu\u00e9s entrega el Mensaje de Dios a trav\u00e9s del Mensajero, tras lo cual es transcrito y puesto a tu disposici\u00f3n y a disposici\u00f3n de todos.<\/p>\n<p>En este extraordinario proceso, la Voz de la Revelaci\u00f3n est\u00e1 hablando de nuevo. La Palabra y el Sonido est\u00e1n en el mundo. Que puedas ser el receptor de este regalo de Revelaci\u00f3n y puedas estar abierto a recibir su Mensaje \u00fanico para ti y para tu vida.<\/p>\n<br \/>\n<\/div><\/div><br \/>\n<\/div>\n<div id=\"tabs-2\"><br \/>\n<em>Nota a los lectores:<br \/>\nEsta traducci\u00f3n fue provista a la <\/em>Society<em> por estudiantes del Nuevo Mensaje que se han ofrecido voluntariamente a traducir el texto original en ingl\u00e9s. La publicamos en esta forma inicial para que todo el mundo tenga una oportunidad de interactuar con una porci\u00f3n del Nuevo Mensaje en un su propio idioma.<\/em><br \/>\n<\/div>\n\t\t\t\t<div align=\"right\">\n\t\t\t<div class=\"fb-like\" data-href=\"\" data-layout=\"button_count\" data-action=\"like\" data-show-faces=\"false\" data-share=\"false\"><\/div>\n\t\t\t<div class=\"fb-share-button\" data-layout=\"button_count\"> <\/div>\n\t\t\t<div class=\"fb_iframe_widget\"><a href=\"https:\/\/twitter.com\/godsnewmessage?ref_src=twsrc%5Etfw\" class=\"twitter-follow-button\" data-show-count=\"false\">Follow @godsnewmessage<\/a><script async src=\"https:\/\/platform.twitter.com\/widgets.js\" charset=\"utf-8\"><\/script><\/div>\n\t\t\t<\/div> <\/div> \n\n<p>La importancia de la Comunidad Mayor no puede subestimarse en el Nuevo Mensaje, porque en \u00faltima instancia la humanidad se est\u00e1 preparando para su futuro dentro de este mayor escenario de vida inteligente. Pero no est\u00e1 preparada y no tiene modo de prepararse por s\u00ed misma, enfrentando ahora una intervenci\u00f3n desde m\u00e1s all\u00e1 del mundo por razas que buscan aprovecharse de la debilidad y la ingenuidad de la humanidad. Esto, m\u00e1s que ninguna otra cosa, ha llamado el Nuevo Mensaje de Dios al mundo.<\/p>\n<p>La necesidad de esta Revelaci\u00f3n es muy grande, pero las personas no ven la necesidad. No reconocen todav\u00eda lo vulnerables que son frente al poder de persuasi\u00f3n que incluso ahora est\u00e1 ejerci\u00e9ndose sobre el mundo y que solo se incrementar\u00e1 en los tiempos futuros. La humanidad se encuentra en una posici\u00f3n muy d\u00e9bil, porque est\u00e1 agotando el mundo a un ritmo tremendo y se enfrenta a las Grandes Olas de cambio. Se enfrenta a un declive medioambiental y a la disminuci\u00f3n de sus recursos fundamentales.<\/p>\n<p>Las personas no ven y no comprenden el poder de estos tiempos para alterar el destino de la humanidad. No ven el poder de las Grandes Olas de cambio, y no ven el poder y la influencia de la Comunidad Mayor. As\u00ed que sus mentes est\u00e1n en otra parte, preocupadas con otras cosas. Pero Dios vela por el mundo y env\u00eda al mundo lo que la humanidad necesita, incluso si la humanidad misma no puede ver esta necesidad.<\/p>\n<p>La Comunidad Mayor es vuestro destino. Pero es tambi\u00e9n vuestro gran riesgo, porque la humanidad se encuentra en camino de perder su autosuficiencia de una manera alarmante, quedando a\u00fan m\u00e1s vulnerable ante la persuasi\u00f3n y la intervenci\u00f3n externas, y quedando a\u00fan m\u00e1s vulnerable frente a la introducci\u00f3n de tecnolog\u00eda externa como incentivo, como una gran tentaci\u00f3n.<\/p>\n<p>Hay muy pocas personas en el mundo actual que entiendan el verdadero aprieto de la humanidad en esto. \u00bfC\u00f3mo podr\u00edan, sin saber c\u00f3mo es la vida m\u00e1s all\u00e1 de las fronteras de este mundo, sin entender la importancia de este mundo para otras razas, sin ver que la humanidad no est\u00e1 muy bien considerada en esta regi\u00f3n del espacio? Porque todav\u00eda no os hab\u00e9is ganado el respeto, y sois muy vulnerables porque est\u00e1is malgastando el mundo, un mundo que otros valoran, y esto ha propiciado la Intervenci\u00f3n que ahora est\u00e1 en marcha.<\/p>\n<p>Incluso si esta Intervenci\u00f3n fuera contrarrestada, lo cual es enteramente posible y est\u00e1 en vuestro poder conseguir, habr\u00e1 intervenciones futuras. Por tanto, vuestra posici\u00f3n en la vida ha cambiado. Vuestro aislamiento termin\u00f3. Ahora deb\u00e9is enfrentar la Comunidad Mayor.<\/p>\n<p>La humanidad tiene aliados afuera, en vuestra vecindad del espacio, que entienden vuestro aprieto y que valoran el hecho de que la humanidad ha mantenido vivas en el mundo la religi\u00f3n y la espiritualidad y la familia humana muestra una mayor promesa, una promesa que han perdido en su avance muchas razas en el universo.<\/p>\n<p>La humanidad es ahora vulnerable a la persuasi\u00f3n y la intervenci\u00f3n, y est\u00e1 debilitando su posici\u00f3n y el tejido de la unidad humana. Las Grandes Olas de cambio solo har\u00e1n que esto sea m\u00e1s fr\u00e1gil y peligroso frente a la Comunidad Mayor.<\/p>\n<p>La conquista no se permite en esta regi\u00f3n del espacio y ni siquiera se considera, porque ser\u00eda demasiado destructiva para el mundo. En cambio, existe un intento de convencer a la humanidad \u2014de prometer a la humanidad lo que esta no puede proveerse por s\u00ed misma, de debilitar la confianza de la gente en sus gobiernos y l\u00edderes, de debilitar el esp\u00edritu humano, de llevar a la gente a consentir y a creer que la Intervenci\u00f3n est\u00e1 aqu\u00ed para ayudar y redimir a una humanidad en lucha.<\/p>\n<p>Pero es todo un enga\u00f1o. Es todo una gran mentira. La gente est\u00e1 creyendo en esto. Cada d\u00eda hay personas que est\u00e1n siendo tornadas hacia la Intervenci\u00f3n. Habiendo perdido la fe en la humanidad y en s\u00ed mismas, estas personas buscar\u00e1n ahora la gu\u00eda y las promesas de otros poderes en el universo, poderes que no son humanos, que no valoran la libertad humana y que no comprenden el esp\u00edritu humano o las aspiraciones humanas.<\/p>\n<p>Esto supone un gran umbral en el entendimiento. Pero en esencia, es la naturaleza lo que ahora est\u00e1is enfrentando: la competici\u00f3n en la naturaleza, la competici\u00f3n por el mundo, una competici\u00f3n que no se ejercer\u00e1 en los campos de batalla, sino en las mentes y corazones de los hombres y mujeres.<\/p>\n<p>La humanidad se est\u00e1 moviendo ya hacia una posici\u00f3n de extrema impotencia en el universo. Porque cuando uno pierde su autosuficiencia, cuando uno no puede proveerse por s\u00ed mismo, su posici\u00f3n es d\u00e9bil e insostenible y est\u00e1 sujeta a toda clase de persuasi\u00f3n y manipulaci\u00f3n.<\/p>\n<p>As\u00ed es como el mundo ser\u00e1 entregado, como veis. Una humanidad d\u00e9bil y desanimada, debilitada por el conflicto y la guerra, debilitada por la privaci\u00f3n, debilitada por la corrupci\u00f3n y la ignorancia humanas, se tornar\u00e1 hacia sus nuevos amos, sin saber que est\u00e1 cediendo su propia libertad y su destino a poderes que no comprende.<\/p>\n<p>Pod\u00e9is pensar que esto es imposible. \u201cEso no puede pasar,\u201d dec\u00eds. Pero ha pasado incontables veces en la Comunidad Mayor, cuando razas j\u00f3venes emergentes han agotado sus mundos tan severamente que ahora deben pedir e implorar a otros para que vengan e intervengan, abriendo la puerta para que ocurran los peores tipos de intrusi\u00f3n.<\/p>\n<p>La gente no ve esto y no est\u00e1 respondiendo de manera adecuada a la presencia externa que hay actualmente en el mundo, que est\u00e1 aqu\u00ed solo con ese fin. Es por eso que el Creador de toda vida ha enviado un Nuevo Mensaje al mundo para alertar y preparar a la humanidad. Es por eso que el Creador de toda vida ha pedido a los Aliados de la humanidad que enviaran al mundo su sabidur\u00eda en una serie de discursos, los Discursos de Los Aliados de la Humanidad, para prepararos para la Comunidad Mayor y advertiros contra el contacto prematuro y la realidad de la Intervenci\u00f3n que est\u00e1 sucediendo actualmente en el mundo.<\/p>\n<p>Sin duda, deb\u00e9is saber que la intervenci\u00f3n siempre conduce a la subyugaci\u00f3n, a menos que las gentes nativas puedan resistir. Ha sido as\u00ed a lo largo de la historia de vuestro mundo y es cierto tambi\u00e9n en la Comunidad Mayor de vida. Es una situaci\u00f3n desafortunada, pero tiene el poder de unir a la humanidad en su propia defensa. Tiene el poder de elevaros y requeriros que os volv\u00e1is responsables y cooper\u00e9is con otros para la preservaci\u00f3n del mundo. Pero hay mucho enga\u00f1o respecto a estas cosas y mucha confusi\u00f3n como resultado, as\u00ed como mucha esperanza y creencia de que cualquiera que venga al mundo estar\u00e1 aqu\u00ed para ayudar a la humanidad en sus grandes dificultades.<\/p>\n<p>Pero no es as\u00ed, como veis. Es por eso que Dios ha enviado un Nuevo Mensaje al mundo para proveer lo que la humanidad no puede proveerse por s\u00ed misma, para daros el poder y la sabidur\u00eda para ver lo que realmente est\u00e1 sucediendo en el mundo actual y ver lo que los grandes desaf\u00edos y oportunidades de la humanidad realmente significan estando en el umbral del espacio.<\/p>\n<p>Hay solo una Ense\u00f1anza en el mundo actual que pueda prepararos para la vida en el universo. Hay solo una Ense\u00f1anza hoy que pueda deciros lo que est\u00e1 llegando en el horizonte del mundo con verdadera precisi\u00f3n y profec\u00eda. Hay solo una Ense\u00f1anza en el mundo que sea un Nuevo Mensaje de Dios y que sea tan amplia y completa que deba considerarse de ese modo.<\/p>\n<p>Est\u00e1is de espaldas al universo. Deb\u00e9is encarar esto, por chocante que pueda parecer al principio. Deb\u00e9is encarar esto. Sin duda, deb\u00e9is pensar y considerar, de manera razonable, que tarde o temprano la humanidad tendr\u00e1 que tratar con la realidad de la vida en el universo, no meramente como una hip\u00f3tesis cient\u00edfica o alguna posibilidad futura, sino como una dram\u00e1tica realidad en el mundo actual.<\/p>\n<p>Pero las personas no est\u00e1n conscientes de esto, no piensan en esto y no est\u00e1n preparadas para esto \u2014el mayor de todos los eventos en la historia humana, el mayor peligro de perder vuestra libertad y soberan\u00eda en este mundo y la mayor oportunidad para forjar la unidad humana por pura necesidad y prop\u00f3sito\u2014. Porque nada de lo que valor\u00e1is en el mundo se mantendr\u00e1 si ca\u00e9is bajo la persuasi\u00f3n y la dominaci\u00f3n externas.<\/p>\n<p>Ning\u00fan verdadero aliado de la humanidad interferir\u00eda nunca en el mundo de este modo, ni intentar\u00eda quitar el control del mundo a los l\u00edderes e instituciones humanos. Pero ese es exactamente el prop\u00f3sito y el intento de la Intervenci\u00f3n.<\/p>\n<p>Por ello, ahora deb\u00e9is comenzar a comprender que viv\u00eds en una Comunidad Mayor de vida inteligente, en un universo lleno de incontables razas de seres. Pero no sab\u00e9is nada de este entorno, ni c\u00f3mo interactuar con \u00e9l, ni c\u00f3mo distinguir amigo de enemigo, ni c\u00f3mo discernir el enga\u00f1o cuando este ocurre, ni c\u00f3mo protegeros de la manipulaci\u00f3n y de las grandes influencias que se ejercer\u00e1n sobre las mentes y los corazones de la gente en el mundo. No sab\u00e9is c\u00f3mo hacer estas cosas, como veis; \u00bfy qui\u00e9n en el mundo podr\u00eda ense\u00f1aros? \u00bfQui\u00e9n en el mundo sabe lo que est\u00e1 llegando y sabe c\u00f3mo prepararse?<\/p>\n<p>Esto requiere una Nueva Revelaci\u00f3n del Creador. Porque incluso las razas externas amistosas, como los Aliados de la Humanidad, no conocen lo suficiente sobre el coraz\u00f3n y el esp\u00edritu humanos, ni las particularidades de la cultura y la sociedad humana, ni la dimensi\u00f3n completa de la historia humana, para poder guiaros en este asunto por completo.<\/p>\n<p>Esto requerir\u00e1 una Revelaci\u00f3n de Dios, una Revelaci\u00f3n distinta a cualquier otra Revelaci\u00f3n que se haya enviado antes al mundo, una Revelaci\u00f3n para este tiempo y los tiempos venideros, una Revelaci\u00f3n para prepararos para las Grandes Olas de cambio, una Revelaci\u00f3n para prepararos para las realidades de la vida en el universo, una Revelaci\u00f3n que est\u00e1 aqu\u00ed para ense\u00f1aros el poder de la espiritualidad al nivel del Conocimiento, una Ense\u00f1anza que nunca antes se ha puesto a disposici\u00f3n de la familia humana, una Revelaci\u00f3n para traeros Conocimiento y Sabidur\u00eda del universo de modo que pod\u00e1is ser preparados para este vasto y complejo escenario de vida, una Revelaci\u00f3n que est\u00e1 aqu\u00ed para ense\u00f1aros lo que el destino humano realmente significa y c\u00f3mo puede cumplirse de la manera m\u00e1s alta posible.<\/p>\n<p>Est\u00e1is viviendo en un tiempo de Revelaci\u00f3n, y est\u00e1is viviendo en un tiempo de Intervenci\u00f3n. Est\u00e1is viviendo en un tiempo en el que los recursos cr\u00edticos del mundo est\u00e1n siendo derrochados y usados en exceso. Est\u00e1is viviendo en un tiempo en el que la civilizaci\u00f3n humana enfrenta un gran peligro de colapso desde dentro e intrusi\u00f3n desde fuera, desde el exterior.<\/p>\n<p>Es un tiempo para que la humanidad termine sus comportamientos adolescentes, para que termine sus interminables conflictos internos y se prepare para interactuar con la Comunidad Mayor. Lograr esto requerir\u00e1 el genio de la humanidad, todos sus talentos y todos sus verdaderos l\u00edderes y expertos. Pero ninguno de ellos sabr\u00e1 que hacer y ni ver\u00e1 la importancia sin esta Revelaci\u00f3n.<\/p>\n<p>Un Mensajero ha tra\u00eddo esto al mundo. Ha tra\u00eddo sabidur\u00eda de la Comunidad Mayor. Ha tra\u00eddo la Ense\u00f1anza sobre la espiritualidad de la Comunidad Mayor. Ha tra\u00eddo la preparaci\u00f3n en el Camino del Conocimiento para que la gente pueda tomar los Pasos al Conocimiento por s\u00ed misma. Ha tra\u00eddo la advertencia sobre las Grandes Olas de cambio. Y ha tra\u00eddo la advertencia sobre la Comunidad Mayor.<\/p>\n<p>Esto tiene total relaci\u00f3n con qui\u00e9n eres y con por qu\u00e9 est\u00e1s en el mundo en este tiempo. Porque no llegaste aqu\u00ed por accidente. No viniste aqu\u00ed para vivir en un mundo pac\u00edfico, en un mundo est\u00e1tico, en un mundo que no encarar\u00eda las Grandes Olas de cambio. Has venido en este tiempo debido a la Comunidad Mayor y debido a las grandes penalidades que la humanidad enfrenta viviendo en un mundo en declive.<\/p>\n<p>Quiz\u00e1 no piensas todav\u00eda en esto ni concibes tu vida en este contexto, pero desde una perspectiva m\u00e1s alta, desde una posici\u00f3n de claridad y discernimiento, esto es as\u00ed de manera muy obvia. Pero lo que es obvio se pierde en aquellos que no pueden ver. Aquellos cuyas mentes est\u00e1n atrapadas en otras cosas nunca lo consideran.<\/p>\n<p>Es por esto que la Revelaci\u00f3n debe ocurrir, y es por esto que debe llegar con el poder del Creador. Porque el Creador no est\u00e1 meramente enviando ideas al mundo. El Creador est\u00e1 enviando poder al mundo, el poder para redimir al individuo y traer claridad y prop\u00f3sito al individuo, de modo que sus mayores regalos puedan emerger en servicio a un mundo en necesidad.<\/p>\n<p>Enfrent\u00e1is un futuro dif\u00edcil y turbulento en el mundo, un mundo que estar\u00e1 sometido a gran dificultad y estr\u00e9s. Realmente todo est\u00e1 relacionado con la Comunidad Mayor, pero todav\u00eda no pod\u00e9is verlo quiz\u00e1s, porque vuestra mente a\u00fan est\u00e1 focalizada solo en la familia humana y sus problemas. Es debido a que la humanidad est\u00e1 declinando que la Comunidad Mayor est\u00e1 en el mundo, viendo su gran oportunidad de conseguir controlar este mundo mediante el poder de la persuasi\u00f3n y la inducci\u00f3n. Vosotros no veis que esto forma parte de la evoluci\u00f3n de la humanidad.<\/p>\n<p>Como muchas otras razas en la historia del universo, tendr\u00e9is que enfrentar intervenciones. Pero solo la Revelaci\u00f3n de Dios os dir\u00e1 lo que esto significa y lo que necesitar\u00e9is hacer para tener \u00e9xito al respecto.<\/p>\n<p>Hay muchas ense\u00f1anzas en el mundo actual que tratan muchos problemas y necesidades diferentes, pero no hay mayor problema ni mayor necesidad para la familia humana que prepararse para las Grandes Olas de cambio y para la Comunidad Mayor. Porque la gente no sabe esto, no lo ve y no comprende que este es realmente el problema esencial, como veis.<\/p>\n<p>Si vuestras naciones y sus l\u00edderes supieran el peligro que enfrenta la humanidad, la guerra finalizar\u00eda ma\u00f1ana. No se hablar\u00eda de conflictos. Se hablar\u00eda de preparaci\u00f3n. Se hablar\u00eda de contribuci\u00f3n. Se hablar\u00eda de cooperaci\u00f3n, porque el mundo est\u00e1 en peligro.<\/p>\n<p>Son grandes tiempos los que ten\u00e9is por delante. Por ello deb\u00e9is aprender sobre la Comunidad Mayor, para verla como realmente es y no como la gente quiere que sea, llena de proyecciones de esperanza y temor. Deb\u00e9is ver la verdadera Comunidad Mayor, y solo la Nueva Revelaci\u00f3n de Dios puede mostr\u00e1rosla.<\/p>\n<p>No pod\u00e9is esperar un siglo a que la ciencia descubra las cosas esenciales. No pueden pasar generaciones hasta ser capaces de llegar m\u00e1s all\u00e1 de los l\u00edmites de este sistema solar, porque la Intervenci\u00f3n est\u00e1 en marcha y se est\u00e1 fortaleciendo d\u00eda tras d\u00eda.<\/p>\n<p>La humanidad se encuentra ahora en medio de una mayor serie de circunstancias, encarando mayores desaf\u00edos y as\u00ed sucesivamente. No retroced\u00e1is ante esto, porque es por esto que hab\u00e9is venido. Este es el gran punto de inflexi\u00f3n para la humanidad. Pero lo que la humanidad escoja y el grado de conciencia que tenga har\u00e1 toda la diferencia en cu\u00e1l ser\u00e1 el resultado. \u00bfEs este el fin de la civilizaci\u00f3n y la libertad humanas, o es el comienzo de un nuevo cap\u00edtulo en la larga evoluci\u00f3n de la humanidad en el mundo? La respuesta todav\u00eda es incierta, porque las decisiones todav\u00eda no se han tomado realmente.<\/p>\n<p>Por tanto, la vida os est\u00e1 retando, pero tambi\u00e9n os est\u00e1 dando fuerza. Os est\u00e1 llamando a salir de las sombras, a salir de la b\u00fasqueda vana de realizaci\u00f3n \u2014una b\u00fasqueda que solo puede llevar a la confusi\u00f3n y la desesperaci\u00f3n\u2014. Os est\u00e1 llamando a proteger el mundo y a proteger a la familia humana. Os est\u00e1 llamando a aprender sobre la Comunidad Mayor y a recibir los regalos de aquellos en el espacio que son conscientes de vosotros y de vuestro aprieto y que est\u00e1n buscando ayudaros compartiendo su sabidur\u00eda con vosotros. Ellos no vendr\u00e1n al mundo ni buscar\u00e1n influenciar el pensamiento humano o manipular el comportamiento humano. Pero ellos no os quieren ver caer bajo la persuasi\u00f3n de poderes externos. Ellos saben que ten\u00e9is el poder para resistir \u2014el poder para resistir la intervenci\u00f3n, el poder para resistir la subyugaci\u00f3n, el poder para resistir el enga\u00f1o, el enga\u00f1o que tan a menudo se practica en el universo contra los d\u00e9biles y desprevenidos.<\/p>\n<p>Es tiempo de que vuestra educaci\u00f3n sobre la vida entre en una fase mayor y m\u00e1s madura. Aqu\u00ed se os debe revelar cosas que no pudisteis encontrar antes. Aqu\u00ed se os debe mostrar cosas que no pudisteis ver antes y que probablemente nunca averiguar\u00edais por vuestra cuenta. Aqu\u00ed se debe dar a la humanidad una nueva visi\u00f3n y sabidur\u00eda. Aqu\u00ed el individuo debe hacerse fuerte y debe ser guiado por el poder del Conocimiento en su interior. Aqu\u00ed la humanidad debe unirse para proteger el mundo, renovar el mundo y establecer una base que pueda sostener a la humanidad en el futuro.<\/p>\n<p>Lo que Dios sabe que es cierto y lo que la humanidad quiere no es lo mismo, y ese es el gran desaf\u00edo ante vosotros. Lo que Dios sabe a\u00fan no lo pod\u00e9is ver. Por tanto, os est\u00e1 siendo revelado ahora en los t\u00e9rminos m\u00e1s claros posibles. Est\u00e1 siendo revelado de tal forma que haga surgir de vosotros vuestra determinaci\u00f3n y vuestras mayores fortalezas. Es para mostraros el poder del Conocimiento en vuestro interior, que os proteger\u00e1 del enga\u00f1o y os dar\u00e1 el coraje para ver lo que debe hacerse y la fuerza para realizarlo.<\/p>\n<p>Os enviamos nuestras bendiciones y nuestro aliento. Que todo lo que se le ha dado ahora a la humanidad pueda utilizarse al m\u00e1ximo frente a la Oscuridad Mayor en el mundo, frente a un gran punto de inflexi\u00f3n para la humanidad.<\/p>\n","protected":false},"excerpt":{"rendered":"<p>La importancia de la Comunidad Mayor no puede subestimarse en el Nuevo Mensaje, porque en \u00faltima instancia la humanidad se est\u00e1 preparando para su futuro dentro de este mayor escenario de vida inteligente. Pero no est\u00e1 preparada y no tiene modo de prepararse por s\u00ed misma, enfrentando ahora una intervenci\u00f3n desde m\u00e1s all\u00e1 del mundo\u2026 <a class=\"read-more\" href=\"https:\/\/www.v6.newmessage.org\/es\/about-text-shortcode\"><span>Read More<\/span><\/a><\/p>\n","protected":false},"author":13,"featured_media":0,"parent":16486,"menu_order":0,"comment_status":"closed","ping_status":"closed","template":"template-leftsidebar.php","meta":{"_monsterinsights_skip_tracking":false,"_monsterinsights_sitenote_active":false,"_monsterinsights_sitenote_note":"","_monsterinsights_sitenote_category":0,"footnotes":""},"categories":[110,76,118,30,464,460],"tags":[661],"_links":{"self":[{"href":"https:\/\/www.v6.newmessage.org\/es\/wp-json\/wp\/v2\/pages\/28160"}],"collection":[{"href":"https:\/\/www.v6.newmessage.org\/es\/wp-json\/wp\/v2\/pages"}],"about":[{"href":"https:\/\/www.v6.newmessage.org\/es\/wp-json\/wp\/v2\/types\/page"}],"author":[{"embeddable":true,"href":"https:\/\/www.v6.newmessage.org\/es\/wp-json\/wp\/v2\/users\/13"}],"replies":[{"embeddable":true,"href":"https:\/\/www.v6.newmessage.org\/es\/wp-json\/wp\/v2\/comments?post=28160"}],"version-history":[{"count":8,"href":"https:\/\/www.v6.newmessage.org\/es\/wp-json\/wp\/v2\/pages\/28160\/revisions"}],"predecessor-version":[{"id":29080,"href":"https:\/\/www.v6.newmessage.org\/es\/wp-json\/wp\/v2\/pages\/28160\/revisions\/29080"}],"up":[{"embeddable":true,"href":"https:\/\/www.v6.newmessage.org\/es\/wp-json\/wp\/v2\/pages\/16486"}],"wp:attachment":[{"href":"https:\/\/www.v6.newmessage.org\/es\/wp-json\/wp\/v2\/media?parent=28160"}],"wp:term":[{"taxonomy":"category","embeddable":true,"href":"https:\/\/www.v6.newmessage.org\/es\/wp-json\/wp\/v2\/categories?post=28160"},{"taxonomy":"post_tag","embeddable":true,"href":"https:\/\/www.v6.newmessage.org\/es\/wp-json\/wp\/v2\/tags?post=28160"}],"curies":[{"name":"wp","href":"https:\/\/api.w.org\/{rel}","templated":true}]}}