{"id":28116,"date":"2016-03-17T09:16:22","date_gmt":"2016-03-17T09:16:22","guid":{"rendered":"http:\/\/www.newmessage.org\/es\/?page_id=28116"},"modified":"2019-04-25T17:24:19","modified_gmt":"2019-04-25T17:24:19","slug":"el-viaje-a-una-nueva-vida","status":"publish","type":"page","link":"https:\/\/www.v6.newmessage.org\/es\/el-mensaje\/volumen-1\/el-viaje-a-una-nueva-vida\/el-viaje-a-una-nueva-vida","title":{"rendered":"El viaje a una nueva vida"},"content":{"rendered":"<div><!--Versi\u00f3n espa\u00f1ola 1.2--><\/div>\n\n<div class=\"tabgroup \"><ul class=\"tabs\"><li><a href=\"#tabs-1\">Acerca de<\/a><\/li>\n<li><a href=\"#tabs-2\">Nota<\/a><\/li><\/ul>\n <div id=\"tabs-1\"><br \/>\n<i>Como le fue revelado a<\/i><br \/>\n<i>Marshall Vian Summers<\/i><br \/>\n<i>el 21 de diciembre de 2012<\/i><br \/>\n<i>en Boulder, Colorado, Estados Unidos<\/i><\/p>\n<p>Texto original: <a href=\"https:\/\/www.newmessage.org\/the-message\/volume-1\/new-life\/the-journey\">The Journey to a New Life<\/a><\/p>\n<p>Escucha el audio original aqu\u00ed (en ingl\u00e9s):<\/p>\n<div id=\"jquery_jplayer_1\" class=\"jp-jplayer\"><\/div>\n\t\t\t\t<div id=\"jp_container_1\" class=\"jp-audio\">\n\t\t\t\t<div class=\"jp-type-single\"><div class=\"jp-control\"><a href=\"javascript:;\" class=\"jp-play\" tabindex=\"1\">play<\/a><a href=\"javascript:;\" class=\"jp-pause\" tabindex=\"1\">pause<\/a><\/div> <div class=\"jp-gui jp-interface\"><div class=\"jp-volume\"><div class=\"jp-volume-bar\"><div class=\"jp-volume-bar-value\"><\/div><\/div><\/div><div class=\"jp-progress\"><div class=\"jp-seek-bar\"><div class=\"jp-play-bar\"><\/div><\/div><\/div><\/div>\t\t\t\t\t<div class=\"jp-no-solution\"><span>Update Required<\/span>To play the media you will need to either update your browser to a recent version or update your <a href=\"http:\/\/get.adobe.com\/flashplayer\/\" target=\"_blank\">Flash plugin<\/a>.<\/div><\/div><\/div>\n\t\t\t<script type='text\/javascript'>\n\t\t\t\tjQuery(document).ready(function() {\n\t\t\t\t\tif (typeof (sermonMedia) == 'function') {\n\t\t\t\t\t\tsermonMedia.addAudio('', \"jquery_jplayer_1\");\n\t\t\t\t\t}\n\t\t\t\t\tjQuery.jPlayer.timeFormat.showHour = true;\n\t\t\t\t\tjQuery(\"#jquery_jplayer_1\").jPlayer({\n\t\t\t\t\t\tready: function(event) {\n\t\t\t\t\t\t\tjQuery(this).jPlayer(\"setMedia\", {mp3: 'https:\/\/www.newmessage.org\/av\/the-journey-to-a-new-life.mp3'});\n\t\t\t\t\t\t},\n\t\t\t\t\t\tplay: function() {\n\t\t\t\t\t\t\tjQuery(this).jPlayer(\"pauseOthers\");\n\t\t\t\t\t\t},\n\t\t\t\t\t\tswfPath: ThemeData.directory_uri+\"\/swf\",\n\t\t\t\t\t\tsolution: \"html, flash\",\n\t\t\t\t\t\tpreload: \"metadata\",\n\t\t\t\t\t\twmode: \"window\",\n\t\t\t\t\t\tsupplied: \"mp3\",\n\t\t\t\t\t\tcssSelectorAncestor: '#jp_container_1'\n\t\t\t\t\t});\n\t\t\t\t});\n\t\t\t<\/script><\/p>\n<p><a title=\"The Journey\" href=\"https:\/\/www.newmessage.org\/av\/the-journey-to-a-new-life.mp3\">Descargar<\/a> (cliquea en el bot\u00f3n derecho y selecciona \u201cguardar enlace como\u201d)<\/p>\n<div class=\"toggle toggle-white\"><h4 class=\"trigger \"><span class=\"t_ico\"><\/span><a href=\"#\">M\u00e1s informaci\u00f3n sobre este texto<\/a><\/h4><div class=\"toggle_container \"><br \/>\n<p>Lo que est\u00e1s leyendo en este texto es la transcripci\u00f3n de la voz original de la Asamblea Ang\u00e9lica hablando a trav\u00e9s del Mensajero Marshall Vian Summers.<\/p>\n<p>Aqu\u00ed, la comunicaci\u00f3n original de Dios, que existe m\u00e1s all\u00e1 de las palabras, es traducida al lenguaje y el entendimiento humanos por la Asamblea Ang\u00e9lica que supervisa el mundo. La Asamblea despu\u00e9s entrega el Mensaje de Dios a trav\u00e9s del Mensajero, tras lo cual es transcrito y puesto a tu disposici\u00f3n y a disposici\u00f3n de todos.<\/p>\n<p>En este extraordinario proceso, la Voz de la Revelaci\u00f3n est\u00e1 hablando de nuevo. La Palabra y el Sonido est\u00e1n en el mundo. Que puedas ser el receptor de este regalo de Revelaci\u00f3n y puedas estar abierto a recibir su Mensaje \u00fanico para ti y para tu vida.<\/p>\n<br \/>\n<\/div><\/div><br \/>\n<\/div>\n<div id=\"tabs-2\"><br \/>\n<em>Nota a los lectores:<br \/>\nEsta traducci\u00f3n fue provista a la <\/em>Society<em> por estudiantes del Nuevo Mensaje que se han ofrecido voluntariamente a traducir el texto original en ingl\u00e9s. La publicamos en esta forma inicial para que todo el mundo tenga una oportunidad de interactuar con una porci\u00f3n del Nuevo Mensaje en un su propio idioma.<\/em><br \/>\n<\/div>\n\t\t\t\t<div align=\"right\">\n\t\t\t<div class=\"fb-like\" data-href=\"\" data-layout=\"button_count\" data-action=\"like\" data-show-faces=\"false\" data-share=\"false\"><\/div>\n\t\t\t<div class=\"fb-share-button\" data-layout=\"button_count\"> <\/div>\n\t\t\t<div class=\"fb_iframe_widget\"><a href=\"https:\/\/twitter.com\/godsnewmessage?ref_src=twsrc%5Etfw\" class=\"twitter-follow-button\" data-show-count=\"false\">Follow @godsnewmessage<\/a><script async src=\"https:\/\/platform.twitter.com\/widgets.js\" charset=\"utf-8\"><\/script><\/div>\n\t\t\t<\/div> <\/div> \n\n<p>La vida comienza de nuevo con la Nueva Revelaci\u00f3n. Es como un nuevo comienzo en la vida. Es una nueva promesa. Es una Nueva Revelaci\u00f3n de Dios, dada ahora con el Gran Amor del Creador, dada ahora con profunda compasi\u00f3n por la dif\u00edcil situaci\u00f3n de la humanidad, sus dificultades, su problem\u00e1tica historia, sus destructivas tendencias y dem\u00e1s.<\/p>\n<p>Es como tener un nuevo comienzo para cada persona que puede responder y para el mundo, que ahora est\u00e1 siendo tocado una vez m\u00e1s por el Amor del Creador.<\/p>\n<p>Esto presenta un viaje, que deben iniciar aquellos que pueden responder a la Nueva Revelaci\u00f3n, que pueden recibir su instrucci\u00f3n y que pueden comenzar a aprender lo que tiene que ense\u00f1ar y a compartir de manera natural su sabidur\u00eda con otros.<\/p>\n<p>Esto no pretende ser meramente una filosof\u00eda sobre la que especular y debatir en las salas acad\u00e9micas o en los caf\u00e9s y restaurantes del mundo. La gente que hace eso no est\u00e1 respondiendo a la Revelaci\u00f3n \u2014no profundamente, no con honestidad, no por completo.<\/p>\n<p>La reconciliaci\u00f3n con el Creador es un viaje, como ves \u2014tomando los Pasos al Conocimiento, comenzando a traer orden y claridad a la vida de uno mismo, resolviendo los dilemas y la falta de perd\u00f3n del pasado, estableciendo un nuevo curso con la gu\u00eda, la instrucci\u00f3n y la protecci\u00f3n de una gran Revelaci\u00f3n.<\/p>\n<p>Es como si se ofreciera el regalo de una nueva vida para aquellos que pueden recibir y los que se beneficiar\u00e1n de aquellos que pueden recibir. Porque el regalo resuena de mente en mente y es demostrado por aquellos que est\u00e1n comenzando a responder.<\/p>\n<p>Es una gran esperanza en un mundo que se oscurece. Es una gran promesa para la humanidad que est\u00e1 perdiendo su esperanza y su confianza en s\u00ed misma.<\/p>\n<p>El Mensajero est\u00e1 en el mundo. Est\u00e1 aqu\u00ed hoy. Pero \u00e9l es un hombre mayor, y en sus a\u00f1os restantes en la Tierra proclamar\u00e1 el Nuevo Mensaje para llevarlo a las personas y que estas puedan escuchar y comprender.<\/p>\n<p>\u00c9l hablar\u00e1 de la gran promesa para la humanidad. Hablar\u00e1 de los grandes desaf\u00edos para la humanidad. Hablar\u00e1 del poder y la presencia del Conocimiento que vive dentro de cada persona como la mayor y m\u00e1s poderosa dotaci\u00f3n de Dios, esperando a ser descubierta. Hablar\u00e1 de tomar los Pasos al Conocimiento. Hablar\u00e1 de poner la vida de uno mismo en orden y de restablecer la integridad y la certidumbre interna propias. Hablar\u00e1 de prepararse para un Nuevo Mundo, un mundo de inestabilidad medioambiental, pol\u00edtica y econ\u00f3mica. Hablar\u00e1 de seguir aquello que es poderoso y carece de miedo, que es la gran dotaci\u00f3n.<\/p>\n<p>\u00c9l hablar\u00e1 de estas cosas, como ves, para dar a la gente confianza y mostrar el camino. Porque esto no es meramente una promesa, como ves. No es meramente una esperanza basada en deseos, porque \u00e9l tiene la preparaci\u00f3n, pues forma parte de la Nueva Revelaci\u00f3n de Dios. Esta hablar\u00e1 del Dios revelado, desvelado \u2014el Dios de la Comunidad Mayor; el Dios de tu vida; el Dios de tu coraz\u00f3n; el Dios de tu memoria, tu profunda memoria; un Dios de tu Antiguo Hogar; un Dios de tu mayor futuro; un Dios de tu redenci\u00f3n; un Dios de tu origen; un Dios que te ha enviado al mundo con un mayor prop\u00f3sito, que a\u00fan tienes que descubrir, pero que espera por ti\u2014. Ahora tienes la promesa y la gran oportunidad de descubrir esto y de tomar los pasos, los grandes pasos, hacia su realizaci\u00f3n y su cumplimiento.<\/p>\n<p>Con esto, dejas de estar perdido en el mundo. Es como ser pescado en el oc\u00e9ano. Est\u00e1s siendo recogido por la Gran Atracci\u00f3n de lo Divino y por el poder del Conocimiento dentro de ti, que responde solo a esto, porque este mayor poder no tiene otro compromiso aparte del que tiene con su Fuente.<\/p>\n<p>Esta es la promesa de redenci\u00f3n. Sin importar lo dif\u00edcil o infeliz que tu vida se haya vuelto, sin importar lo que hayas hecho en el pasado, sin importar cu\u00e1ntos pesares puedas tener, esta es tu redenci\u00f3n. Porque el Conocimiento dentro de ti no est\u00e1 contaminado por el mundo ni por tu propio malentendido y confusi\u00f3n. Permanece puro dentro de ti.<\/p>\n<p>Esto significa que Dios no est\u00e1 contaminado por la historia del mundo y la historia de la religi\u00f3n. Lo que es puro dentro de ti no est\u00e1 contaminado por todo lo que ha sucedido \u2014por la infeliz historia de la humanidad y por tu [propia] infeliz historia.<\/p>\n<p>Dios est\u00e1 siendo experimentado de nuevo, como un nuevo Dios \u2014nuevo para ti, pero atemporal e inalterable.<\/p>\n<p>Comienzas el viaje de muchos pasos. Comienzas a aprender c\u00f3mo dirigir tu mente en vez de ser dirigido por ella. Aprendes c\u00f3mo tomar verdaderas decisiones con la certeza del Conocimiento. Aprendes c\u00f3mo liberarte de ciertas situaciones y obligaciones que no representan tu destino ni tu prop\u00f3sito mayor aqu\u00ed.<\/p>\n<p>Mucho antes de que descubras este mayor prop\u00f3sito, estar\u00e1s tomando estos pasos para liberarte, para recuperar tu vida perdida, para recuperar tu poder y tu confianza en ti mismo. Porque tu mayor prop\u00f3sito no es simplemente una gran definici\u00f3n. Es un destino. Pero para moverte en la direcci\u00f3n de tu destino, debes liberarte lo suficiente de tu pasado para poder moverte hacia delante con una mayor inspiraci\u00f3n. As\u00ed que comienzas el viaje.<\/p>\n<p>Aunque todos deben aprender ciertas cosas, el viaje de cada persona es \u00fanico a su situaci\u00f3n, a su naturaleza, a su historia y a sus circunstancias. Cada viaje es \u00fanico en este sentido, pero todos est\u00e1n aprendiendo las mismas cosas y liber\u00e1ndose de las mismas cosas.<\/p>\n<p>No est\u00e1s perdido en la Separaci\u00f3n en el retorno a Dios. [Este retorno] est\u00e1 empezando ahora a reunirte con otros de una manera profunda y significativa. Es aqu\u00ed donde surgir\u00e1n tus relaciones del destino. Es aqu\u00ed donde encontrar\u00e1s verdadero compa\u00f1erismo, basado no en la familiaridad o en tu personalidad, sino en una resonancia m\u00e1s profunda en la que pod\u00e9is ayudaros mutuamente en este viaje, y est\u00e1is haciendo este viaje juntos. Aunque es algo misterioso y est\u00e1 m\u00e1s all\u00e1 del dominio y el alcance del intelecto, os apoy\u00e1is mutuamente a la hora de hacer lo que no se hab\u00eda hecho antes y tener el coraje y la confianza para establecer una nueva aventura en la vida.<\/p>\n<p>Aqu\u00ed tus mayores relaciones se manifestar\u00e1n. Aqu\u00ed tus mayores fortalezas se renovar\u00e1n. Aqu\u00ed aprender\u00e1s a ver el mundo con compasi\u00f3n y objetividad en vez de con miedo, anhelo y condena.<\/p>\n<p>Aqu\u00ed observar\u00e1s tu pasado, sin importar lo dificultoso que pueda haber sido, para obtener de \u00e9l la sabidur\u00eda que pueda proveer, porque te est\u00e1 ense\u00f1ando lo que significa vivir una vida sin el Conocimiento, una vida sin prop\u00f3sito, una vida sin verdadera direcci\u00f3n. Puede servirte ahora si puedes utilizarlo objetivamente. Es la demostraci\u00f3n de que debes responder a la llamada m\u00e1s profunda de tu vida, debes reconocer el nuevo Dios, que es el viejo Dios desvelado, y debes responder a lo que Dios ha puesto dentro de ti para que lo sigas y lo experimentes.<\/p>\n<p>Aqu\u00ed comienzas a resolver los dilemas de tu vida para poder recuperar tu fuerza, que antes se hab\u00eda perdido \u2014perdida en [las relaciones con] la gente, en las circunstancias, perdida en la desesperanza y los esfuerzos sin sentido, perdida en la falta de perd\u00f3n y la condena de ti mismo y de otros.<\/p>\n<p>Ahora est\u00e1s empezando a recuperar este poder perdido, esta parte perdida de tu vida, pues necesitar\u00e1s esta fuerza en el futuro para enfrentar un nuevo mundo de mayor cambio e incertidumbre. Necesitar\u00e1s esta fuerza para vencer tu propio miedo y tus debilidades, que antes te han perseguido e incapacitado.<\/p>\n<p>Porque ahora te encuentras en un viaje. Solo conoces este viaje porque lo sientes, porque algo se est\u00e1 moviendo en lo profundo de tu interior. Este es el principio mismo de tu revelaci\u00f3n personal, que se desplegar\u00e1 cada vez m\u00e1s a medida que avances, y siempre y cuando avances ella continuar\u00e1. Siempre y cuando sigas dando pasos, ascender\u00e1s a esta monta\u00f1a. Encontrar\u00e1s tu camino. Aflojar\u00e1s los lazos que te retuvieron y te mantuvieron abajo en los valles. Ver\u00e1s qu\u00e9 decisiones has de tomar y c\u00f3mo ver las decepciones y pesares del pasado.<\/p>\n<p>No entender\u00e1s este viaje, porque est\u00e1 m\u00e1s all\u00e1 del dominio de tu entendimiento. Pero lo sentir\u00e1s. Lo percibir\u00e1s. Y, en ciertos momentos, reconocer\u00e1s su completa necesidad en tu vida. En otros momentos, tendr\u00e1s que sostener este sentimiento y encontrar a otros que puedan asistirte a hacerlo. Este es el retorno natural a aquello que es grande dentro de ti.<\/p>\n<p>Aqu\u00ed Dios no te est\u00e1 llamando a salir del mundo, sino a estar en el mundo de una manera enteramente diferente \u2014no como una persona d\u00e9bil y pat\u00e9tica; no como un seguidor ciego de tu cultura y tu religi\u00f3n; no como alguien que es acorralado para trabajar e ir a la guerra, sino como alguien que ha sido enviado al mundo con un mayor prop\u00f3sito, como un contribuidor, como alguien que puede traer a otros lo que ellos no pueden darse a s\u00ed mismos y traer resoluci\u00f3n y fuerza de una manera \u00fanica a la vida de las personas a tu alrededor.<\/p>\n<p>La necesidad es muy grande y est\u00e1 creciendo cada d\u00eda. El sufrimiento y la privaci\u00f3n y la miseria est\u00e1n creciendo cada d\u00eda. El riesgo de guerra entre grupos y naciones por los recursos restantes est\u00e1 creciendo cada d\u00eda. Por tanto, la llamada a la redenci\u00f3n es poderosa y deber sonar de nuevo por todo el mundo, a trav\u00e9s de una Nueva Revelaci\u00f3n de Dios.<\/p>\n<p>T\u00fa que est\u00e1s escuchando y leyendo esto est\u00e1s entre los primeros en responder. Es una llamada que viene de la Fuente de tu vida, hablando a esa parte de ti, esa parte m\u00e1s profunda de ti. Es esto lo que te dar\u00e1 el poder para responder, para atravesar periodos de incertidumbre, para resolver lo que antes parec\u00eda irresoluble y liberarte de lo que no pod\u00edas liberarte antes. Porque ahora te encuentras en un viaje, como ves, un viaje de muchos pasos.<\/p>\n<p>El Conocimiento sabe el camino. Pero tu intelecto tendr\u00e1 que seguirlo, porque ha de servir a este mayor poder dentro de ti, ya que por s\u00ed solo el intelecto no puede ser este poder. Dios est\u00e1 llam\u00e1ndote a responder. En tu coraz\u00f3n, responder\u00e1s.<\/p>\n<p>Aqu\u00ed aprender\u00e1s sobre la vida en el universo. Aqu\u00ed aprender\u00e1s sobre el origen del universo. Aqu\u00ed aprender\u00e1s sobre el milagro de la Creaci\u00f3n. Aqu\u00ed ganar\u00e1s todo un nuevo entendimiento sobre la evoluci\u00f3n de la humanidad dentro de un mayor \u00e1mbito de vida en el universo.<\/p>\n<p>Aqu\u00ed descubrir\u00e1s cosas que nunca antes se ense\u00f1aron o revelaron a la humanidad, salvo a ciertos sabios e individuos escogidos. Aqu\u00ed obtendr\u00e1s una mayor educaci\u00f3n sobre el destino de la humanidad y lo que se requerir\u00e1 para liberar a la humanidad en un universo donde la libertad es poco frecuente y existe mucha competici\u00f3n por el poder.<\/p>\n<p>Aqu\u00ed aprender\u00e1s cosas m\u00e1s all\u00e1 de tus intereses personales. Aqu\u00ed descubrir\u00e1s que est\u00e1s viviendo en un momento clave de la historia humana, un gran punto de inflexi\u00f3n, un tiempo de gran desaf\u00edo y dificultad, pero tambi\u00e9n de gran promesa para una humanidad en lucha. Aqu\u00ed ver\u00e1s m\u00e1s all\u00e1 de tus miedos y tus previas obsesiones. Aqu\u00ed ver\u00e1s m\u00e1s all\u00e1 de tus anteriores ideas. Aqu\u00ed tendr\u00e1s una ventana hacia una vida y un destino mayores, que solo pueden serte revelados mediante una Revelaci\u00f3n de Dios.<\/p>\n<p>Esta Revelaci\u00f3n est\u00e1 siendo dada ahora a toda la humanidad. No es algo que se imparta simplemente a una o dos personas. Se est\u00e1 dando porque el Mensajero est\u00e1 en el mundo, y Dios ha hablado de nuevo para dar a la humanidad un mayor entendimiento de su realidad, de su mayor promesa y de los desaf\u00edos que debe enfrentar y superar.<\/p>\n<p>Este es el viaje para toda la humanidad. Pero tambi\u00e9n es tu viaje. Porque no tienes un viaje aparte de este. Tu parte ser\u00e1 una parte peque\u00f1a, pero una grande e importante, una parte que tiene el poder de redimirte y restaurarte, de darte dignidad y prop\u00f3sito y un verdadero sentido de tu riqueza y tus mayores capacidades.<\/p>\n<p>As\u00ed es como Dios te renueva y te restaura. No es meramente creyendo en ciertas cosas o teniendo ciertas ideas. Es haciendo el viaje, como ves, e involucr\u00e1ndote con el Conocimiento m\u00e1s profundo dentro de ti, lo cual es algo que aprender\u00e1s a hacer a medida que tomes los Pasos al Conocimiento.<\/p>\n<p>La humanidad tiene un mayor viaje que hacer para prepararse para vivir en un nuevo mundo de inestabilidad medioambiental, un mundo de recursos en declive y creciente poblaci\u00f3n, un mundo donde el riesgo de guerra y competici\u00f3n es mayor que en cualquier otro momento anterior. Pero es en este mundo donde la humanidad puede comprender, finalmente y por necesidad \u2014gran necesidad\u2014, que debe cooperar para rescatar la civilizaci\u00f3n humana y asegurar su posici\u00f3n en un universo que ahora debe enfrentar y debe comprender.<\/p>\n<p>No es como si se te llamara a hacer un viaje mientras todos los dem\u00e1s est\u00e1n yendo a otra parte, porque todos est\u00e1n siendo llamados a este viaje mayor para jugar su parte peque\u00f1a pero esencial. Pero para hacerlo, debes tener el poder del Cielo dentro de ti para guiarte. Debes tener la fuerza m\u00e1s profunda del Conocimiento dentro de ti para guiarte hacia delante, llevarte a trav\u00e9s de periodos de gran incertidumbre y confusi\u00f3n y tratar con la confusi\u00f3n, la duda y la cr\u00edtica de otros. Necesitar\u00e1s esta mayor fuerza m\u00e1s de lo que comprendes, as\u00ed como todo lo que est\u00e1 fuerza te otorgar\u00e1, y que no puedes producir por ti mismo.<\/p>\n<p>Solo Dios sabe c\u00f3mo dirigirte hacia aquello que te redimir\u00e1 y te restaurar\u00e1. T\u00fa no puedes descifrarlo. No es una idea o una filosof\u00eda o una invenci\u00f3n humana.<\/p>\n<p>Dios te da el camino y te llama a retornar. Este camino se est\u00e1 dando ahora con gran claridad, pues el Mensaje es puro. No est\u00e1 contaminado por la historia y la manipulaci\u00f3n humanas ni por los compromisos de la adopci\u00f3n humana. Es puro. Est\u00e1 \u00edntegro. Est\u00e1 completo. Es grande en su alcance. Y aun as\u00ed te da el siguiente paso a tomar en tu vida.<\/p>\n<p>Porque el Se\u00f1or de todos los universos habla a tu coraz\u00f3n y a tu alma, el lugar m\u00e1s \u00edntimo dentro de ti, donde ni siquiera el mundo puede llegar \u2014esa parte de ti que el mundo no puede corromper ni tomar.<\/p>\n<p>Esta es tu libertad. Este es tu poder. Este es tu destino. Esto es lo que te propusiste hacer antes de venir a este mundo. Esto es aquello sobre lo que reflexionar\u00e1s cuando abandones este mundo. Todo lo dem\u00e1s se olvidar\u00e1. No tendr\u00e1 importancia entonces.<\/p>\n<p>En un mundo de cielos que se oscurecen y mayor ansiedad y confusi\u00f3n, debes tener esta certidumbre. Pero debe ser una verdadera certidumbre. Debe tener el Poder del Cielo en su interior, y debe tener tu apoyo incondicional para que se te revele por completo.<\/p>\n<p>El viaje te dar\u00e1 esta oportunidad de elegir la Revelaci\u00f3n una y otra vez en cada punto de inflexi\u00f3n, donde te detendr\u00e1s sinti\u00e9ndote incierto sobre qu\u00e9 hacer, temiendo lo que podr\u00eda requerir. Es solo dando un paso hacia delante, a trav\u00e9s de esa puerta, a trav\u00e9s de ese umbral, que encontrar\u00e1s que est\u00e1s siguiendo aquello que es lo m\u00e1s natural y f\u00e1cil que puedes seguir, y que cualquier otra decisi\u00f3n que tomes ser\u00e1 una decisi\u00f3n de re-entrar en la confusi\u00f3n y caer de nuevo en las sombras de la vida.<\/p>\n<p>Hay parte de ti que es d\u00e9bil y parte de ti que es fuerte; parte de ti que es tonta y parte de ti que es sabia. Sin duda, la parte de ti que es d\u00e9bil debe seguir a la parte de ti que es fuerte. La parte de ti que es tonta debe seguir a la parte de ti que es sabia. Esto es lo que significa tomar los Pasos al Conocimiento \u2014retornar a aquello que es esencial para tu vida y hacer el viaje, que es el viaje m\u00e1s importante que puedas hacer en la vida y el m\u00e1s importante que nunca har\u00e1s.<\/p>\n<p>No mires a otros buscando tus se\u00f1ales, porque ahora est\u00e1s siendo llamado por la Fuente. No sigas a la multitud, pues ellos est\u00e1n perdidos. Pero t\u00fa est\u00e1s siendo llamado a ser recuperado, restaurado y renovado.<\/p>\n<p>Mira tu vida. Escucha dentro de ti. Porque sabes que no est\u00e1s viviendo la vida que has de vivir. No est\u00e1s cumpliendo el prop\u00f3sito que realmente fuiste enviado aqu\u00ed a cumplir. Esta es una honestidad m\u00e1s profunda que tiene el poder de vencer la ambivalencia y la incertidumbre, as\u00ed como el miedo y la necesidad de tener la aprobaci\u00f3n de los dem\u00e1s.<\/p>\n<p>As\u00ed es como Dios te restaura, liber\u00e1ndote de una cosa tras otra, de modo que tu mente pueda estar libre y puedas tener el poder del Cielo dentro de ti para que te lleve hacia delante. Porque debes ser una luz en un mundo que se est\u00e1 oscureciendo. Debes tener la fuerza y la confianza para hacer esto. Debes tener la fuerza para experimentar gran alegr\u00eda y felicidad en un mundo donde la alegr\u00eda y la felicidad parecen estar desapareciendo, porque eso forma parte de tu regalo a otros.<\/p>\n<p>Aqu\u00ed la Revelaci\u00f3n te est\u00e1 restaurando d\u00eda tras d\u00eda, paso a paso, a medida que aprendes a traer fuerza y prop\u00f3sito a tus asuntos, a medida que aprendes a aprender sobre la vida en el universo a vuestro alrededor y el significado de la evoluci\u00f3n humana. Aqu\u00ed incluso tus errores te sirven. Y los errores de otros te sirven para recordarte la gran necesidad de Conocimiento y la necesidad de recibir y recuperar tu vida mayor.<\/p>\n<p>Este es el viaje. Este es el Poder del Cielo. Esta es la promesa para toda la humanidad. Si suficientes personas pueden emprender este viaje y avanzar en \u00e9l, la promesa para la humanidad crece; la fuerza de la humanidad crece; el coraje, el prop\u00f3sito y la integridad de la humanidad crecen. Este es el contrapunto a todo lo que parece estar desmoronando la civilizaci\u00f3n humana y el poder, la potencia y la creatividad de la humanidad.<\/p>\n<p>Este es el viaje \u2014tu viaje, el viaje de la humanidad\u2014. Este es el Poder del Cielo trabajando dentro de ti en las circunstancias cotidianas de tu vida. Este es el regalo que da, que restaura, que renueva, que libera y que nutre la certidumbre m\u00e1s profunda en aquellos que te rodean.<\/p>\n","protected":false},"excerpt":{"rendered":"<p>La vida comienza de nuevo con la Nueva Revelaci\u00f3n. Es como un nuevo comienzo en la vida. Es una nueva promesa. Es una Nueva Revelaci\u00f3n de Dios, dada ahora con el Gran Amor del Creador, dada ahora con profunda compasi\u00f3n por la dif\u00edcil situaci\u00f3n de la humanidad, sus dificultades, su problem\u00e1tica historia, sus destructivas tendencias\u2026 <a class=\"read-more\" href=\"https:\/\/www.v6.newmessage.org\/es\/about-text-shortcode\"><span>Read More<\/span><\/a><\/p>\n","protected":false},"author":13,"featured_media":0,"parent":16480,"menu_order":7,"comment_status":"closed","ping_status":"closed","template":"template-leftsidebar.php","meta":{"_monsterinsights_skip_tracking":false,"_monsterinsights_sitenote_active":false,"_monsterinsights_sitenote_note":"","_monsterinsights_sitenote_category":0,"footnotes":""},"categories":[76,117,462,460],"tags":[843],"_links":{"self":[{"href":"https:\/\/www.v6.newmessage.org\/es\/wp-json\/wp\/v2\/pages\/28116"}],"collection":[{"href":"https:\/\/www.v6.newmessage.org\/es\/wp-json\/wp\/v2\/pages"}],"about":[{"href":"https:\/\/www.v6.newmessage.org\/es\/wp-json\/wp\/v2\/types\/page"}],"author":[{"embeddable":true,"href":"https:\/\/www.v6.newmessage.org\/es\/wp-json\/wp\/v2\/users\/13"}],"replies":[{"embeddable":true,"href":"https:\/\/www.v6.newmessage.org\/es\/wp-json\/wp\/v2\/comments?post=28116"}],"version-history":[{"count":10,"href":"https:\/\/www.v6.newmessage.org\/es\/wp-json\/wp\/v2\/pages\/28116\/revisions"}],"predecessor-version":[{"id":29408,"href":"https:\/\/www.v6.newmessage.org\/es\/wp-json\/wp\/v2\/pages\/28116\/revisions\/29408"}],"up":[{"embeddable":true,"href":"https:\/\/www.v6.newmessage.org\/es\/wp-json\/wp\/v2\/pages\/16480"}],"wp:attachment":[{"href":"https:\/\/www.v6.newmessage.org\/es\/wp-json\/wp\/v2\/media?parent=28116"}],"wp:term":[{"taxonomy":"category","embeddable":true,"href":"https:\/\/www.v6.newmessage.org\/es\/wp-json\/wp\/v2\/categories?post=28116"},{"taxonomy":"post_tag","embeddable":true,"href":"https:\/\/www.v6.newmessage.org\/es\/wp-json\/wp\/v2\/tags?post=28116"}],"curies":[{"name":"wp","href":"https:\/\/api.w.org\/{rel}","templated":true}]}}