{"id":27952,"date":"2016-02-28T18:10:48","date_gmt":"2016-02-28T18:10:48","guid":{"rendered":"http:\/\/www.newmessage.org\/spanish-international\/?page_id=27952"},"modified":"2019-11-04T17:54:20","modified_gmt":"2019-11-04T17:54:20","slug":"directrices-para-la-vida","status":"publish","type":"page","link":"https:\/\/www.v6.newmessage.org\/es\/el-mensaje\/otras-revelaciones\/directrices-para-la-vida","title":{"rendered":"Directrices para la vida"},"content":{"rendered":"<div><!--Versi\u00f3n espa\u00f1ola 1.2--><\/div>\n\n<div class=\"tabgroup \"><ul class=\"tabs\"><li><a href=\"#tabs-1\">Acerca de<\/a><\/li>\n<li><a href=\"#tabs-2\">Nota<\/a><\/li><\/ul>\n <div id=\"tabs-1\"><br \/>\n<i>Como le fue revelado a<\/i><br \/>\n<i>Marshall Vian Summers<\/i><br \/>\n<i>el 18 de marzo de 2007<\/i><br \/>\n<i>en Boulder, Colorado, Estados Unidos<\/i><\/p>\n<p>Texto original: Guidelines for Living (no disponible online)<\/p>\n<div class=\"toggle toggle-white\"><h4 class=\"trigger \"><span class=\"t_ico\"><\/span><a href=\"#\">M\u00e1s informaci\u00f3n sobre este texto<\/a><\/h4><div class=\"toggle_container \"><br \/>\n<p>Lo que est\u00e1s leyendo en este texto es la transcripci\u00f3n de la voz original de la Asamblea Ang\u00e9lica hablando a trav\u00e9s del Mensajero Marshall Vian Summers.<\/p>\n<p>Aqu\u00ed, la comunicaci\u00f3n original de Dios, que existe m\u00e1s all\u00e1 de las palabras, es traducida al lenguaje y el entendimiento humanos por la Asamblea Ang\u00e9lica que supervisa el mundo. La Asamblea despu\u00e9s entrega el Mensaje de Dios a trav\u00e9s del Mensajero, tras lo cual es transcrito y puesto a tu disposici\u00f3n y a disposici\u00f3n de todos.<\/p>\n<p>En este extraordinario proceso, la Voz de la Revelaci\u00f3n est\u00e1 hablando de nuevo. La Palabra y el Sonido est\u00e1n en el mundo. Que puedas ser el receptor de este regalo de Revelaci\u00f3n y puedas estar abierto a recibir su Mensaje \u00fanico para ti y para tu vida.<\/p>\n<br \/>\n<\/div><\/div><br \/>\n<\/div>\n<div id=\"tabs-2\"><br \/>\n<em>Nota a los lectores:<br \/>\nEsta traducci\u00f3n fue provista a la <\/em>Society<em> por estudiantes del Nuevo Mensaje que se han ofrecido voluntariamente a traducir el texto original en ingl\u00e9s. La publicamos en esta forma inicial para que todo el mundo tenga una oportunidad de interactuar con una porci\u00f3n del Nuevo Mensaje en un su propio idioma.<\/em><br \/>\n<\/div>\n\t\t\t\t<div align=\"right\">\n\t\t\t<div class=\"fb-like\" data-href=\"\" data-layout=\"button_count\" data-action=\"like\" data-show-faces=\"false\" data-share=\"false\"><\/div>\n\t\t\t<div class=\"fb-share-button\" data-layout=\"button_count\"> <\/div>\n\t\t\t<div class=\"fb_iframe_widget\"><a href=\"https:\/\/twitter.com\/godsnewmessage?ref_src=twsrc%5Etfw\" class=\"twitter-follow-button\" data-show-count=\"false\">Follow @godsnewmessage<\/a><script async src=\"https:\/\/platform.twitter.com\/widgets.js\" charset=\"utf-8\"><\/script><\/div>\n\t\t\t<\/div> <\/div> \n\n<p><strong>Recomendaciones del Nuevo Mensaje de Dios para la gente en todas partes:<\/strong><\/p>\n<p>1.\u00a0\u00a0\u00a0\u00a0 Reserva cada d\u00eda un tiempo de quietud para reflexionar sobre la sabidur\u00eda de tus pensamientos y tus acciones.<\/p>\n<p>2.\u00a0\u00a0\u00a0\u00a0 No hagas opiniones sobre nada, a no ser que hayas pasado un tiempo considerable estudiando el problema y sus muchas soluciones presentadas. Cuesti\u00f3nate si est\u00e1s realmente seguro sobre algo o est\u00e1s s\u00f3lo haciendo suposiciones.<\/p>\n<p>3.\u00a0\u00a0\u00a0\u00a0 No desperdicies tu valioso tiempo y tu energ\u00eda quej\u00e1ndote de algo si no est\u00e1s preparado para tomar acci\u00f3n al respecto.<\/p>\n<p>4.\u00a0\u00a0\u00a0\u00a0 Perdona a aquellos que parecen errar contra ti o contra el mundo. Preg\u00fantate qu\u00e9 necesidad genuina est\u00e1n intentando expresar y satisfacer mediante su comportamiento.<\/p>\n<p>5.\u00a0\u00a0\u00a0\u00a0 Considera que todas las religiones fueron iniciadas por Dios y luego alteradas por la gente. Por lo tanto, no deber\u00eda haber conflicto o competici\u00f3n entre ellas.<\/p>\n<p>6.\u00a0\u00a0\u00a0\u00a0 Aseg\u00farate de que todo lo que posees realmente te sirve. Mu\u00e9vete ligero de equipaje y libera tiempo para cosas m\u00e1s importantes.<\/p>\n<p>7.\u00a0\u00a0\u00a0\u00a0 Considera que tienes Cuatro Pilares sosteniendo tu vida:<\/p>\n<p>\u2014 El Pilar de las Relaciones.<\/p>\n<p>\u2014 El Pilar de la Salud.<\/p>\n<p>\u2014 El Pilar del Trabajo y la Provisi\u00f3n.<\/p>\n<p>\u2014 El Pilar del Desarrollo Espiritual.<\/p>\n<p>Para ser feliz y tener \u00e9xito, necesitar\u00e1s construir cada uno de estos Pilares y no sacrificar ninguno a cambio de otro.<\/p>\n<p>8.\u00a0\u00a0\u00a0\u00a0 Conserva energ\u00eda tanto como sea posible. Reduce tu consumo de energ\u00eda en un 25-50% para salvar a tu comunidad y al mundo del agotamiento y la ruina.<\/p>\n<p>9.\u00a0\u00a0\u00a0\u00a0 Honra a tus padres e intenta entender las circunstancias que determinaron sus decisiones y su comportamiento.<\/p>\n<p>10.\u00a0 Conoce que hay un Nuevo Mensaje de Dios en el mundo y que este Mensaje est\u00e1 aqu\u00ed para elevar a una humanidad en dificultades, comenzando por el individuo.<\/p>\n<p><strong>Directrices para aquellos que est\u00e1n aprendiendo y viviendo el Nuevo Mensaje:<\/strong><\/p>\n<p>1.\u00a0\u00a0\u00a0\u00a0 Practica las recomendaciones dadas para la gente en todas partes.<\/p>\n<p>2.\u00a0\u00a0\u00a0\u00a0 Dos veces al d\u00eda, practica tu paso de los Pasos al Conocimiento, estar en quietud y silencio o contemplar una cuesti\u00f3n o decisi\u00f3n importante.<\/p>\n<p>3.\u00a0\u00a0\u00a0\u00a0 Revisa semanalmente los Cuatro Pilares de tu vida y un plan de acci\u00f3n para construir cada uno de ellos en la pr\u00f3xima semana.<\/p>\n<p>4.\u00a0\u00a0\u00a0\u00a0 Lee diariamente los libros del Nuevo Mensaje, incluso aunque sea s\u00f3lo por unos pocos momentos, para permanecer conectado a tu trabajo y llamamiento mayores.<\/p>\n<p>5.\u00a0\u00a0\u00a0\u00a0 Comparte partes de la Ense\u00f1anza en el Nuevo Mensaje con otros, incluso si no mencionas de donde vienen. Otros pueden beneficiarse de lo que t\u00fa est\u00e1s aprendiendo ahora.<\/p>\n<p>6.\u00a0\u00a0\u00a0\u00a0 Reserva una tarde-noche cada semana para la quietud, la meditaci\u00f3n y el estudio.<\/p>\n<p>7.\u00a0\u00a0\u00a0\u00a0 Recuerda al Mensajero y mant\u00e9n su imagen cerca de ti para apoyar su gran esfuerzo en el mundo.<\/p>\n<p>8.\u00a0\u00a0\u00a0\u00a0 Ven a estar con el Mensajero al menos una vez al a\u00f1o, si te lo puedes permitir, para permanecer conectado a \u00e9l y al gran regalo que te ha entregado mediante el Nuevo Mensaje y los Pasos al Conocimiento.<\/p>\n<p>9.\u00a0\u00a0\u00a0\u00a0 Prep\u00e1rate para la Comunidad Mayor estudiando los discursos de los \u201cAliados de la Humanidad\u201d, la \u201cEspiritualidad de la Comunidad Mayor\u201d y el texto introductorio \u201cHay un Nuevo Mensaje de Dios en el Mundo\u201d, de manera que puedas ganar un punto de vista desde el que ver tanto el gran peligro que la humanidad encara como la gran oportunidad para la unidad humana que la Comunidad Mayor presenta.<\/p>\n<p>10.\u00a0 Apoya el Mensaje y al Mensajero en cualquier forma que puedas. Su tarea es inmensa, y \u00e9l necesitar\u00e1 tu apoyo continuado.<\/p>\n<p>11.\u00a0 Edifica fortaleza mediante tus Cuatro Pilares para resistir las Grandes Olas del Cambio, de modo que puedas ser una fuente de fuerza, certidumbre y paz en los tiempos dif\u00edciles por delante.<\/p>\n<hr \/>\n<p>Otras directrices y recomendaciones del Nuevo Mensaje de Dios:<\/p>\n<ul>\n<li><a href=\"https:\/\/www.nuevomensaje.org\/el-mensaje\/otras-revelaciones\/directrices-para-las-relaciones-del-destino\">Directrices para las relaciones del destino<\/a><\/li>\n<li><a href=\"https:\/\/www.nuevomensaje.org\/el-mensaje\/otras-revelaciones\/directrices-para-preparase-para-la-comunidad-mayor\">Directrices para prepararse para la Comunidad Mayor<\/a><\/li>\n<li><a href=\"https:\/\/www.nuevomensaje.org\/el-mensaje\/volumen-4\/las-grandes-olas-de-cambio\/recomendaciones-para-vivir-en-un-mundo-de-grandes-olas\">Recomendaciones para vivir en un mundo de Grandes Olas<\/a><\/li>\n<\/ul>\n","protected":false},"excerpt":{"rendered":"<p>Recomendaciones del Nuevo Mensaje de Dios para la gente en todas partes: 1.\u00a0\u00a0\u00a0\u00a0 Reserva cada d\u00eda un tiempo de quietud para reflexionar sobre la sabidur\u00eda de tus pensamientos y tus acciones. 2.\u00a0\u00a0\u00a0\u00a0 No hagas opiniones sobre nada, a no ser que hayas pasado un tiempo considerable estudiando el problema y sus muchas soluciones presentadas. Cuesti\u00f3nate\u2026 <a class=\"read-more\" href=\"https:\/\/www.v6.newmessage.org\/es\/about-text-shortcode\"><span>Read More<\/span><\/a><\/p>\n","protected":false},"author":13,"featured_media":0,"parent":16358,"menu_order":0,"comment_status":"closed","ping_status":"closed","template":"template-leftsidebar.php","meta":{"_monsterinsights_skip_tracking":false,"_monsterinsights_sitenote_active":false,"_monsterinsights_sitenote_note":"","_monsterinsights_sitenote_category":0,"footnotes":""},"categories":[501,76],"tags":[707],"_links":{"self":[{"href":"https:\/\/www.v6.newmessage.org\/es\/wp-json\/wp\/v2\/pages\/27952"}],"collection":[{"href":"https:\/\/www.v6.newmessage.org\/es\/wp-json\/wp\/v2\/pages"}],"about":[{"href":"https:\/\/www.v6.newmessage.org\/es\/wp-json\/wp\/v2\/types\/page"}],"author":[{"embeddable":true,"href":"https:\/\/www.v6.newmessage.org\/es\/wp-json\/wp\/v2\/users\/13"}],"replies":[{"embeddable":true,"href":"https:\/\/www.v6.newmessage.org\/es\/wp-json\/wp\/v2\/comments?post=27952"}],"version-history":[{"count":6,"href":"https:\/\/www.v6.newmessage.org\/es\/wp-json\/wp\/v2\/pages\/27952\/revisions"}],"predecessor-version":[{"id":29609,"href":"https:\/\/www.v6.newmessage.org\/es\/wp-json\/wp\/v2\/pages\/27952\/revisions\/29609"}],"up":[{"embeddable":true,"href":"https:\/\/www.v6.newmessage.org\/es\/wp-json\/wp\/v2\/pages\/16358"}],"wp:attachment":[{"href":"https:\/\/www.v6.newmessage.org\/es\/wp-json\/wp\/v2\/media?parent=27952"}],"wp:term":[{"taxonomy":"category","embeddable":true,"href":"https:\/\/www.v6.newmessage.org\/es\/wp-json\/wp\/v2\/categories?post=27952"},{"taxonomy":"post_tag","embeddable":true,"href":"https:\/\/www.v6.newmessage.org\/es\/wp-json\/wp\/v2\/tags?post=27952"}],"curies":[{"name":"wp","href":"https:\/\/api.w.org\/{rel}","templated":true}]}}