{"id":27950,"date":"2016-02-28T17:45:34","date_gmt":"2016-02-28T17:45:34","guid":{"rendered":"http:\/\/www.newmessage.org\/spanish-international\/?page_id=27950"},"modified":"2018-01-13T15:14:36","modified_gmt":"2018-01-13T15:14:36","slug":"por-que-un-nuevo-mensaje-de-dios","status":"publish","type":"page","link":"https:\/\/www.v6.newmessage.org\/es\/el-mensaje\/otras-revelaciones\/por-que-un-nuevo-mensaje-de-dios","title":{"rendered":"\u00bfPor qu\u00e9 un Nuevo Mensaje de Dios?"},"content":{"rendered":"<div><!--Versi\u00f3n espa\u00f1ola 1.4--><\/div>\n\n<div class=\"tabgroup \"><ul class=\"tabs\"><li><a href=\"#tabs-1\">Acerca de<\/a><\/li>\n<li><a href=\"#tabs-2\">Nota<\/a><\/li><\/ul>\n <div id=\"tabs-1\"><br \/>\n<i>Como le fue revelado a<\/i><br \/>\n<i>Marshall Vian Summers<\/i><br \/>\n<i>en abril de 2001<\/i><br \/>\n<i>en Boulder, Colorado, Estados Unidos<\/i><\/p>\n<p>Texto original: Why a New Message from God? (no disponible online)<\/p>\n<p>Esta revelaci\u00f3n es el cap\u00edtulo 1 de un antiguo libro introductorio.<\/p>\n<div class=\"toggle toggle-white\"><h4 class=\"trigger \"><span class=\"t_ico\"><\/span><a href=\"#\">Ver \u00edndice<\/a><\/h4><div class=\"toggle_container \"><\/p>\n<ol>\n<li><a href=\"https:\/\/www.nuevomensaje.org\/el-mensaje\/otras-revelaciones\/por-que-un-nuevo-mensaje-de-dios\"><em>\u00bfPor qu\u00e9 un Nuevo Mensaje de Dios?<\/em><\/a><\/li>\n<li><a href=\"https:\/\/www.nuevomensaje.org\/el-mensaje\/otras-revelaciones\/la-oscuridad-mayor-sobre-el-mundo\"><em>La Oscuridad Mayor sobre el mundo<\/em><\/a><\/li>\n<li><a href=\"https:\/\/www.nuevomensaje.org\/el-mensaje\/otras-revelaciones\/amor-y-miedo\"><em>Amor y miedo<\/em><\/a><\/li>\n<li><a href=\"https:\/\/www.nuevomensaje.org\/el-mensaje\/otras-revelaciones\/encontrar-vuestro-proposito-en-el-mundo\"><em>Encontrar tu prop\u00f3sito en el mundo<\/em><\/a><\/li>\n<li><a href=\"https:\/\/www.nuevomensaje.org\/el-mensaje\/otras-revelaciones\/poderes-espirituales-en-el-universo\"><em>Poderes espirituales en el universo<\/em><\/a><\/li>\n<li><a href=\"https:\/\/www.nuevomensaje.org\/el-mensaje\/otras-revelaciones\/la-gran-presencia-dentro-de-ti\"><em>La Gran Presencia dentro de ti<\/em><\/a><\/li>\n<li><a href=\"https:\/\/www.nuevomensaje.org\/el-mensaje\/otras-revelaciones\/la-llamada\"><em>La Llamada<\/em><\/a><\/li>\n<\/ol>\n<p><\/div><\/div>\n<div class=\"toggle toggle-white\"><h4 class=\"trigger \"><span class=\"t_ico\"><\/span><a href=\"#\">M\u00e1s informaci\u00f3n sobre este texto<\/a><\/h4><div class=\"toggle_container \"><br \/>\n<p>Lo que est\u00e1s leyendo en este texto es la transcripci\u00f3n de la voz original de la Asamblea Ang\u00e9lica hablando a trav\u00e9s del Mensajero Marshall Vian Summers.<\/p>\n<p>Aqu\u00ed, la comunicaci\u00f3n original de Dios, que existe m\u00e1s all\u00e1 de las palabras, es traducida al lenguaje y el entendimiento humanos por la Asamblea Ang\u00e9lica que supervisa el mundo. La Asamblea despu\u00e9s entrega el Mensaje de Dios a trav\u00e9s del Mensajero, tras lo cual es transcrito y puesto a tu disposici\u00f3n y a disposici\u00f3n de todos.<\/p>\n<p>En este extraordinario proceso, la Voz de la Revelaci\u00f3n est\u00e1 hablando de nuevo. La Palabra y el Sonido est\u00e1n en el mundo. Que puedas ser el receptor de este regalo de Revelaci\u00f3n y puedas estar abierto a recibir su Mensaje \u00fanico para ti y para tu vida.<\/p>\n<br \/>\n<\/div><\/div><br \/>\n<\/div>\n<div id=\"tabs-2\"><br \/>\n<em>Nota a los lectores:<br \/>\nEsta traducci\u00f3n fue provista a la <\/em>Society<em> por estudiantes del Nuevo Mensaje que se han ofrecido voluntariamente a traducir el texto original en ingl\u00e9s. La publicamos en esta forma inicial para que todo el mundo tenga una oportunidad de interactuar con una porci\u00f3n del Nuevo Mensaje en un su propio idioma.<\/em><br \/>\n<\/div>\n\t\t\t\t<div align=\"right\">\n\t\t\t<div class=\"fb-like\" data-href=\"\" data-layout=\"button_count\" data-action=\"like\" data-show-faces=\"false\" data-share=\"false\"><\/div>\n\t\t\t<div class=\"fb-share-button\" data-layout=\"button_count\"> <\/div>\n\t\t\t<div class=\"fb_iframe_widget\"><a href=\"https:\/\/twitter.com\/godsnewmessage?ref_src=twsrc%5Etfw\" class=\"twitter-follow-button\" data-show-count=\"false\">Follow @godsnewmessage<\/a><script async src=\"https:\/\/platform.twitter.com\/widgets.js\" charset=\"utf-8\"><\/script><\/div>\n\t\t\t<\/div> <\/div> \n\n<p>Dios vigila el mundo, supervisando el desarrollo de la humanidad. Peri\u00f3dicamente, Dios debe enviar al mundo un Nuevo Mensaje, un Nuevo Mensaje en respuesta a una necesidad m\u00e1s grande que la humanidad no podr\u00eda reconocer ni resolver por s\u00ed misma. Estos mensajes son por su misma naturaleza poco frecuentes, porque mucho ha sido dado ya a la humanidad para ense\u00f1arla c\u00f3mo vivir en cooperaci\u00f3n, en paz y con un mayor sentido de compromiso y de contribuci\u00f3n al mundo. De hecho, muchas personas en todas partes siguen teniendo problemas con estos mensajes y revelaciones, mientras que muchas otras los niegan por completo. Sin embargo, la realidad sigue siendo que Dios supervisa el mundo y que, mediante los emisarios de Dios, los \u00c1ngeles de Dios, el est\u00edmulo para que la humanidad recupere su verdadera identidad y conciencia espiritual contin\u00faa cada momento de cada d\u00eda.<\/p>\n<p>En esta \u00e9poca, a medida que la evoluci\u00f3n humana se acelera, un Nuevo Mensaje de Dios est\u00e1 siendo enviado al mundo. Este Nuevo Mensaje est\u00e1 siendo enviado porque la humanidad debe tener un entendimiento nuevo de su situaci\u00f3n en relaci\u00f3n con la vida inteligente de m\u00e1s all\u00e1 del mundo.<\/p>\n<p>De hecho, es correcto decir que la humanidad ha llegado a un gran momento decisivo. No es simplemente la culminaci\u00f3n de eventos pasados. Es el principio de una realidad completamente nueva donde la humanidad descubre que no est\u00e1 sola en el universo y ni siquiera en su propio mundo. Es en este gran momento decisivo que el sentido de supremac\u00eda de la humanidad y su sentido de aislamiento en el universo llegan a su fin para siempre.<\/p>\n<p>Desde una perspectiva superior se trata de una mayor\u00eda de edad. Significa que la humanidad entra a un estado m\u00e1s maduro, porque en realidad siempre ha vivido dentro de una Comunidad Mayor de vida inteligente en el universo. La humanidad no es sino una joven raza entre muchas otras. El universo est\u00e1 repleto de vida, y esta existe en todas las fases del desarrollo y la evoluci\u00f3n. Pero la familia humana ha crecido en un estado de relativo aislamiento, con solo visitas infrecuentes al mundo por parte de otros en la Comunidad Mayor a su alrededor.<\/p>\n<p>Este aislamiento est\u00e1 ahora llegando a su fin. Tras este fin, un episodio y un cap\u00edtulo enteramente nuevos comienzan en el gran viaje de la humanidad en el mundo. Es un punto de inflexi\u00f3n con grandes riesgos, grandes retos y aun as\u00ed con oportunidades enormes. Pero \u00bfc\u00f3mo puede la humanidad saber sobre estas cosas? \u00bfC\u00f3mo puede la humanidad prepararse adecuadamente para los nuevos eventos que va a encontrar? Porque incluso en este momento la mayor\u00eda de las personas del mundo est\u00e1n centradas solo en las cosas inmediatas, y todav\u00eda forcejean con conflictos del pasado que no se han resuelto.<\/p>\n<p>La emergencia de la humanidad a la Comunidad Mayor y su contacto con vida inteligente de m\u00e1s all\u00e1 del mundo son cosas que mucha gente ha considerado como posibles. Sin embargo, \u00bfqui\u00e9n es consciente de lo que esto significa en realidad? \u00bfC\u00f3mo puede prepararse la humanidad sin una gran asistencia del Creador?<\/p>\n<p>Dios es plenamente consciente de estas cosas y ha enviado un Nuevo Mensaje al mundo para preparar a la humanidad para su nueva vida en la Comunidad Mayor. Esta Nueva Revelaci\u00f3n est\u00e1 siendo presentada de manera muy simple y humilde. No se ajusta a las expectativas, creencias o tradiciones de la gente. Dios no est\u00e1 limitado por estas cosas, y solo da a la humanidad lo que esta necesita espec\u00edficamente para dar el siguiente paso y poder enfrentar un nuevo reto.<\/p>\n<p>Tales revelaciones raramente son bien acogidas al principio, y adem\u00e1s son muy mal entendidas por la gente que las encuentra por primera vez. Dios lo comprende. No obstante, cada Nuevo Mensaje que se da a la humanidad tiene vital importancia, debe ser recibido en una forma pura y debe ser comunicado por personas muy valientes a las que se les ha confiado el Nuevo Mensaje.<\/p>\n<p>Contrariamente a las expectativas de mucha gente, el Nuevo Mensaje siempre se da a una sola persona. Muchas otras son llamadas para ayudar a esta persona a recibir el Mensaje y a comunicarlo eficazmente. As\u00ed es como las grandes revelaciones son presentadas en este mundo y en todos los mundos de la Comunidad Mayor. Esto se hace simplemente por una cuesti\u00f3n de eficacia.<\/p>\n<p>Si este \u00fanico individuo puede responder y ser preparado para recibir una carga y responsabilidad tan grandes, y si otros pueden responder y ayudar a esta persona, entonces la Nueva Revelaci\u00f3n puede ser presentada en una forma pura. Si esta se diera a muchas personas entonces habr\u00eda disensi\u00f3n y malentendido, y la gente tendr\u00eda versiones e interpretaciones diferentes de lo que recibieron. Es por esta raz\u00f3n que una Nueva Revelaci\u00f3n solo se da a trav\u00e9s de una persona. Por supuesto, esto ser\u00e1 rebatido y muchas personas se sentir\u00e1n ofendidas, tal vez porque ellas no fueron escogidas para recibir la Nueva Revelaci\u00f3n. Ellas creen que mucha gente deber\u00eda ser escogida, pero no es as\u00ed como las cosas ocurren en la vida. No es as\u00ed como Dios trabaja en este mundo o en cualquier mundo en el universo.<\/p>\n<p>La Revelaci\u00f3n, el Nuevo Mensaje, debe darse en una forma pura. Debe darse a una persona que pueda recibirlo y no lo vaya a negar ni corromper de ninguna forma. Debe darse a alguien que fue enviado al mundo con el prop\u00f3sito de recibir y comunicar un Nuevo Mensaje de Dios. Una Revelaci\u00f3n as\u00ed es demasiado importante como para confi\u00e1rsela a alguien que no satisfaga estos requisitos.<\/p>\n<p>Algunas personas creen que Dios est\u00e1 continuamente enviando nuevos mensajes al mundo, pero esto no es cierto. Nuevos Mensajes son enviados a la humanidad con muy poca frecuencia. Y son presentados solamente para permitir que la familia humana pueda atender una necesidad sin precedentes. Son presentados en grandes momentos decisivos, en grandes hitos en la evoluci\u00f3n y el desarrollo de la humanidad.<\/p>\n<p>La humanidad est\u00e1 ahora en el umbral de encontrar razas inteligentes de la Comunidad Mayor. Est\u00e1 en el umbral de tener el poder de destruir su propia vida en el mundo. Estas cosas por s\u00ed solas bastan para provocar un Nuevo Mensaje de Dios, y de hecho ha sido as\u00ed.<\/p>\n<p>Muchas personas sienten que est\u00e1 llegando al mundo un gran cambio, y muchas sienten que este cambio esta ocurriendo ya. Ellas pueden interpretarlo de muchas formas diferentes, seg\u00fan su rango de experiencia y entendimiento, pero el sentimiento es el mismo. El Conocimiento, o Esp\u00edritu, est\u00e1 movi\u00e9ndose en muchas personas, alert\u00e1ndolas de la realidad de que un gran cambio est\u00e1 sobre la humanidad \u2014un gran reto y una gran oportunidad\u2014. El sentimiento es el mismo, a pesar de c\u00f3mo pueda ser interpretarse. Tanto si se predice un resultado bueno o uno malo, es el sentimiento lo que es importante, porque se\u00f1ala que un gran cambio est\u00e1 pr\u00f3ximo. Se\u00f1ala que el Nuevo Mensaje de Dios est\u00e1 viniendo.<\/p>\n<p>El Creador es muy pr\u00e1ctico, pero la gente es muy impr\u00e1ctica, por lo que a menudo hay una mala comprensi\u00f3n al principio. La gente piensa que un Nuevo Mensaje de Dios ser\u00e1 muy dram\u00e1tico. Las nubes se separar\u00e1n y una gran voz del cielo hablar\u00e1 a la gente. Pero no es as\u00ed en absoluto. Lo que pasa en realidad es que una persona es llamada y preparada para empezar a recibir el Nuevo Mensaje. Esta persona debe pasar por un proceso de convulsi\u00f3n tremendo, y debe construir la necesaria aceptaci\u00f3n de s\u00ed misma y la necesaria fe en Dios para poder hacerlo. Despu\u00e9s, unas pocas personas son llamadas a asistir a la persona elegida. Para ser capaces de asumir una responsabilidad m\u00e1s grande, tambi\u00e9n ellas deben trascender sus intereses y preocupaciones personales.<\/p>\n<p>Esto puede llevar bastante tiempo, pero cuando se logre el Nuevo Mensaje de Dios comenzar\u00e1 a fluir. Y ser\u00e1 muy grande, mayor que lo que las palabras puedan expresar, porque no solo ser\u00e1 una serie de ideas y preceptos, sino una conciencia y un entendimiento completamente nuevos. La persona escogida y aquellos que son llamados a asistirla deben aprender a comunicar eficazmente a otros esta conciencia y entendimiento nuevos.<\/p>\n<p>Es cierto que la humanidad no es muy receptiva a las Revelaciones de Dios. Por eso, el proceso comunicativo de trasladar un Nuevo Mensaje de Dios al mundo est\u00e1 plagado de muchas dificultades. Las personas que est\u00e1n tratando de traer esta verdad mayor al mundo son el foco de mucha resistencia, enjuiciamiento y condenaci\u00f3n. Pero aunque la respuesta sea imperfecta, el proceso de comunicaci\u00f3n debe suceder.<\/p>\n<p>Dios solo puede comunicarse con lo que Dios ha creado dentro de ti. Tu mente puede oponerse a esta comunicaci\u00f3n, puede sentirse molesta y puede estar en desacuerdo por varias razones. Pero la comunicaci\u00f3n intenta alcanzar la parte m\u00e1s profunda de ti. Solo a este nivel m\u00e1s profundo puedes comprender verdaderamente el Nuevo Mensaje de Dios.<\/p>\n<p>Seg\u00fan pase el tiempo habr\u00e1 rechazo, habr\u00e1 resistencia, habr\u00e1 malentendidos. Habr\u00e1 todo tipo de confusi\u00f3n y negaci\u00f3n. Pero con el tiempo, el Nuevo Mensaje de Dios se volver\u00e1 evidente. Sin embargo, a causa de la naturaleza acelerada de la evoluci\u00f3n de la humanidad, no hay demasiado tiempo para comunicar el Nuevo Mensaje de Dios que esta siendo enviado hoy al mundo. Las circunstancias est\u00e1n cambiando demasiado r\u00e1pido. Las cosas est\u00e1n aceler\u00e1ndose, y la presencia de visitantes extraterrestres en el mundo est\u00e1 llegando a ser tan considerable e influyente aqu\u00ed que la humanidad no tiene mucho tiempo para pensarlo o aclimatarse a una nueva comprensi\u00f3n. Debido a la naturaleza acelerada de su evoluci\u00f3n, todo debe ocurrir m\u00e1s r\u00e1pidamente.<\/p>\n<p>El Nuevo Mensaje de Dios debe ser presentado a la humanidad r\u00e1pidamente, y esta debe integrarlo r\u00e1pidamente para que el Mensaje pueda tener su pleno impacto y provea su gran servicio a la humanidad. Esto es absolutamente fundamental para la supervivencia y el bienestar de la familia humana en la Comunidad Mayor.<\/p>\n<p>Se te est\u00e1 dando esta comprensi\u00f3n mayor para que puedas estar en posici\u00f3n de recibir las bendiciones del Creador. Cuando las personas piensan en el Creador proveyendo bendiciones en su vida, con mucha frecuencia piensan en cosas muy inmediatas y en asuntos inconsecuentes. Piensan en t\u00e9rminos que son muy peque\u00f1os y relacionados solo con sus preocupaciones personales. Pero cuando el Creador provee una verdadera bendici\u00f3n para la humanidad, esta es muy grande y de largo alcance.<\/p>\n<p>El Creador entiende que la humanidad no puede comprender todo por su cuenta. La humanidad ni siquiera puede comprender el movimiento de la naturaleza por su cuenta. Necesita asistencia para prepararse para los eventos seminales que ocurrir\u00e1n en su futuro. Debido a que Dios no quiere intervenir en el mundo directamente, deben enviarse comunicaciones a trav\u00e9s de ciertos individuos inspirados.<\/p>\n<p>Existen \u00c1ngeles del Creador que ayudan a la humanidad con cosas m\u00e1s inmediatas, con asuntos pr\u00e1cticos, con necesidades urgentes para el bienestar de las comunidades y el avance de los esfuerzos verdaderamente beneficiosos de la gente. Pero un Nuevo Mensaje de Dios es otra cosa.<\/p>\n<p>Hoy hay una gran llamada pidiendo un Nuevo Mensaje de Dios. La humanidad est\u00e1 encarando un gran umbral, tal vez el mayor que nunca encarar\u00e1. Su aislamiento en el mundo ha terminado. Este mundo est\u00e1 experimentando una Intervenci\u00f3n por parte de razas inteligentes del espacio. Los conflictos tribales de la familia humana, su falta de unidad y el agotamiento de los recursos del mundo hacen que la humanidad sea extremadamente vulnerable a una Intervenci\u00f3n as\u00ed y tambi\u00e9n a la persuasi\u00f3n y manipulaci\u00f3n desde m\u00e1s all\u00e1 de su mundo.<\/p>\n<p>Pero la humanidad tiene gran fortaleza. Tiene una base espiritual que muchas otras razas tecnol\u00f3gicamente avanzadas en la Comunidad Mayor no tienen. La familia humana tiene tanto fortalezas como debilidades seg\u00fan se aproxima a este gran momento de decisi\u00f3n. El momento oportuno aqu\u00ed es cr\u00edtico. La conciencia es vital. No es meramente una opci\u00f3n. No es meramente para la edificaci\u00f3n de ciertos individuos inspirados. Es esencial para la supervivencia y el bienestar de toda la humanidad.<\/p>\n<p>Quiz\u00e1 puedes sentir este gran momento de decisi\u00f3n dentro de ti. Quiz\u00e1 puedes sentir que la esencia misma de la vida, el entorno de la vida, el sentimiento de la vida, est\u00e1n cambiando. No es meramente que t\u00fa est\u00e9s cambiando, sino que est\u00e1s sintiendo que algo en el mundo a tu alrededor est\u00e1 cambiando. Este cambio es mayor que las econom\u00edas de la humanidad; es mayor que sus experiencias culturales; es mayor que su arte. Es algo que la gente de todo el mundo puede sentir. Es este sentimiento el que se experimenta tan universalmente. El Nuevo Mensaje de Dios se dirige a este sentimiento.<\/p>\n<p>El Nuevo Mensaje de Dios es para todos en el mundo \u2014de cualquier cultura, de cualquier religi\u00f3n, para los ricos, para los pobres, para los enfermos, para los j\u00f3venes, y para los viejos\u2014. Habla a todos. Es el momento ahora de explorar el Nuevo Mensaje de Dios y aquello que lo est\u00e1 llamando al mundo.<\/p>\n","protected":false},"excerpt":{"rendered":"<p>Dios vigila el mundo, supervisando el desarrollo de la humanidad. Peri\u00f3dicamente, Dios debe enviar al mundo un Nuevo Mensaje, un Nuevo Mensaje en respuesta a una necesidad m\u00e1s grande que la humanidad no podr\u00eda reconocer ni resolver por s\u00ed misma. Estos mensajes son por su misma naturaleza poco frecuentes, porque mucho ha sido dado ya\u2026 <a class=\"read-more\" href=\"https:\/\/www.v6.newmessage.org\/es\/about-text-shortcode\"><span>Read More<\/span><\/a><\/p>\n","protected":false},"author":13,"featured_media":0,"parent":16358,"menu_order":0,"comment_status":"closed","ping_status":"closed","template":"template-leftsidebar.php","meta":{"_monsterinsights_skip_tracking":false,"_monsterinsights_sitenote_active":false,"_monsterinsights_sitenote_note":"","_monsterinsights_sitenote_category":0,"footnotes":""},"categories":[501,76],"tags":[431],"_links":{"self":[{"href":"https:\/\/www.v6.newmessage.org\/es\/wp-json\/wp\/v2\/pages\/27950"}],"collection":[{"href":"https:\/\/www.v6.newmessage.org\/es\/wp-json\/wp\/v2\/pages"}],"about":[{"href":"https:\/\/www.v6.newmessage.org\/es\/wp-json\/wp\/v2\/types\/page"}],"author":[{"embeddable":true,"href":"https:\/\/www.v6.newmessage.org\/es\/wp-json\/wp\/v2\/users\/13"}],"replies":[{"embeddable":true,"href":"https:\/\/www.v6.newmessage.org\/es\/wp-json\/wp\/v2\/comments?post=27950"}],"version-history":[{"count":9,"href":"https:\/\/www.v6.newmessage.org\/es\/wp-json\/wp\/v2\/pages\/27950\/revisions"}],"predecessor-version":[{"id":29111,"href":"https:\/\/www.v6.newmessage.org\/es\/wp-json\/wp\/v2\/pages\/27950\/revisions\/29111"}],"up":[{"embeddable":true,"href":"https:\/\/www.v6.newmessage.org\/es\/wp-json\/wp\/v2\/pages\/16358"}],"wp:attachment":[{"href":"https:\/\/www.v6.newmessage.org\/es\/wp-json\/wp\/v2\/media?parent=27950"}],"wp:term":[{"taxonomy":"category","embeddable":true,"href":"https:\/\/www.v6.newmessage.org\/es\/wp-json\/wp\/v2\/categories?post=27950"},{"taxonomy":"post_tag","embeddable":true,"href":"https:\/\/www.v6.newmessage.org\/es\/wp-json\/wp\/v2\/tags?post=27950"}],"curies":[{"name":"wp","href":"https:\/\/api.w.org\/{rel}","templated":true}]}}