{"id":27944,"date":"2016-02-28T17:11:22","date_gmt":"2016-02-28T17:11:22","guid":{"rendered":"http:\/\/www.newmessage.org\/spanish-international\/?page_id=27944"},"modified":"2020-10-23T10:09:27","modified_gmt":"2020-10-23T10:09:27","slug":"directrices-para-preparase-para-la-comunidad-mayor","status":"publish","type":"page","link":"https:\/\/www.v6.newmessage.org\/es\/el-mensaje\/volumen-2\/prepararse-para-la-comunidad-mayor\/directrices-para-preparase-para-la-comunidad-mayor","title":{"rendered":"Directrices para preparase para la Comunidad Mayor"},"content":{"rendered":"<p><!--Versi\u00f3n espa\u00f1ola 1.3--><\/p>\n\n<div class=\"tabgroup \"><ul class=\"tabs\"><li><a href=\"#tabs-1\">Acerca de<\/a><\/li>\n<li><a href=\"#tabs-2\">Nota<\/a><\/li><\/ul>\n <div id=\"tabs-1\"><br \/>\n<i>Como le fue revelado a<\/i><br \/>\n<i>Marshall Vian Summers<\/i><br \/>\n<i>el 19 de junio de 2008<\/i><br \/>\n<i>en Boulder, Colorado, Estados Unidos<\/i><\/p>\n<p>Texto original: <a href=\"https:\/\/www.newmessage.org\/the-message\/other-revelations\/guidelines-for-preparing-for-the-greater-community\">Guidelines for preparing to the Greater Community<\/a><\/p>\n<p>Escucha el audio original aqu\u00ed (en ingl\u00e9s):<\/p>\n<div id=\"jquery_jplayer_1\" class=\"jp-jplayer\"><\/div>\n\t\t\t\t<div id=\"jp_container_1\" class=\"jp-audio\">\n\t\t\t\t<div class=\"jp-type-single\"><div class=\"jp-control\"><a href=\"javascript:;\" class=\"jp-play\" tabindex=\"1\">play<\/a><a href=\"javascript:;\" class=\"jp-pause\" tabindex=\"1\">pause<\/a><\/div> <div class=\"jp-gui jp-interface\"><div class=\"jp-volume\"><div class=\"jp-volume-bar\"><div class=\"jp-volume-bar-value\"><\/div><\/div><\/div><div class=\"jp-progress\"><div class=\"jp-seek-bar\"><div class=\"jp-play-bar\"><\/div><\/div><\/div><\/div>\t\t\t\t\t<div class=\"jp-no-solution\"><span>Update Required<\/span>To play the media you will need to either update your browser to a recent version or update your <a href=\"http:\/\/get.adobe.com\/flashplayer\/\" target=\"_blank\">Flash plugin<\/a>.<\/div><\/div><\/div>\n\t\t\t<script type='text\/javascript'>\n\t\t\t\tjQuery(document).ready(function() {\n\t\t\t\t\tif (typeof (sermonMedia) == 'function') {\n\t\t\t\t\t\tsermonMedia.addAudio('', \"jquery_jplayer_1\");\n\t\t\t\t\t}\n\t\t\t\t\tjQuery.jPlayer.timeFormat.showHour = true;\n\t\t\t\t\tjQuery(\"#jquery_jplayer_1\").jPlayer({\n\t\t\t\t\t\tready: function(event) {\n\t\t\t\t\t\t\tjQuery(this).jPlayer(\"setMedia\", {mp3: 'https:\/\/www.newmessage.org\/av\/guidelines-for-preparing-for-the-greater-community.mp3'});\n\t\t\t\t\t\t},\n\t\t\t\t\t\tplay: function() {\n\t\t\t\t\t\t\tjQuery(this).jPlayer(\"pauseOthers\");\n\t\t\t\t\t\t},\n\t\t\t\t\t\tswfPath: ThemeData.directory_uri+\"\/swf\",\n\t\t\t\t\t\tsolution: \"html, flash\",\n\t\t\t\t\t\tpreload: \"metadata\",\n\t\t\t\t\t\twmode: \"window\",\n\t\t\t\t\t\tsupplied: \"mp3\",\n\t\t\t\t\t\tcssSelectorAncestor: '#jp_container_1'\n\t\t\t\t\t});\n\t\t\t\t});\n\t\t\t<\/script><\/p>\n<p><a title=\"Guidelines for preparing to the Greater Community\" href=\"https:\/\/www.newmessage.org\/av\/guidelines-for-preparing-for-the-greater-community.mp3\">Descargar<\/a> (cliquea en el bot\u00f3n derecho y selecciona \u201cguardar enlace como\u201d)<\/p>\n<div class=\"toggle toggle-white\"><h4 class=\"trigger \"><span class=\"t_ico\"><\/span><a href=\"#\">M\u00e1s informaci\u00f3n sobre este texto<\/a><\/h4><div class=\"toggle_container \"><br \/>\n<p>Lo que est\u00e1s leyendo en este texto es la transcripci\u00f3n de la voz original de la Asamblea Ang\u00e9lica hablando a trav\u00e9s del Mensajero Marshall Vian Summers.<\/p>\n<p>Aqu\u00ed, la comunicaci\u00f3n original de Dios, que existe m\u00e1s all\u00e1 de las palabras, es traducida al lenguaje y el entendimiento humanos por la Asamblea Ang\u00e9lica que supervisa el mundo. La Asamblea despu\u00e9s entrega el Mensaje de Dios a trav\u00e9s del Mensajero, tras lo cual es transcrito y puesto a tu disposici\u00f3n y a disposici\u00f3n de todos.<\/p>\n<p>En este extraordinario proceso, la Voz de la Revelaci\u00f3n est\u00e1 hablando de nuevo. La Palabra y el Sonido est\u00e1n en el mundo. Que puedas ser el receptor de este regalo de Revelaci\u00f3n y puedas estar abierto a recibir su Mensaje \u00fanico para ti y para tu vida.<\/p>\n<br \/>\n<\/div><\/div><br \/>\n<\/div>\n<div id=\"tabs-2\"><br \/>\n<em>Nota a los lectores:<br \/>\nEsta traducci\u00f3n fue provista a la <\/em>Society<em> por estudiantes del Nuevo Mensaje que se han ofrecido voluntariamente a traducir el texto original en ingl\u00e9s. La publicamos en esta forma inicial para que todo el mundo tenga una oportunidad de interactuar con una porci\u00f3n del Nuevo Mensaje en un su propio idioma.<\/em><br \/>\n<\/div>\n\t\t\t\t<div align=\"right\">\n\t\t\t<div class=\"fb-like\" data-href=\"\" data-layout=\"button_count\" data-action=\"like\" data-show-faces=\"false\" data-share=\"false\"><\/div>\n\t\t\t<div class=\"fb-share-button\" data-layout=\"button_count\"> <\/div>\n\t\t\t<div class=\"fb_iframe_widget\"><a href=\"https:\/\/twitter.com\/godsnewmessage?ref_src=twsrc%5Etfw\" class=\"twitter-follow-button\" data-show-count=\"false\">Follow @godsnewmessage<\/a><script async src=\"https:\/\/platform.twitter.com\/widgets.js\" charset=\"utf-8\"><\/script><\/div>\n\t\t\t<\/div> <\/div> \n\n<ol>\n<li>Comienza a leer los Discursos de los Aliados de la Humanidad y est\u00fadialos en profundidad.<\/li>\n<li>Lee todo lo que puedas acerca de la Comunidad Mayor en la Ense\u00f1anza del Camino del Conocimiento de la Comunidad Mayor.<\/li>\n<li>Aprende lo que puedas acerca de la presencia de fuerzas extranjeras en el mundo.<\/li>\n<li>Fomenta la unidad humana, haciendo hincapi\u00e9 en la vulnerabilidad de la humanidad frente a la Intervenci\u00f3n y la persuasi\u00f3n en el universo, y en que la humanidad tiene a\u00fan poca o ninguna defensa establecida para hacer frente a las influencias de la Comunidad Mayor en la que vive.<\/li>\n<li>Apoya la divulgaci\u00f3n de informaci\u00f3n de la presencia extraterrestre \u2014la divulgaci\u00f3n por parte de los gobiernos, la divulgaci\u00f3n por parte de la propia Intervenci\u00f3n y la divulgaci\u00f3n por parte del p\u00fablico, que ya se ha visto afectado de muchas maneras.<\/li>\n<li>Piensa que vives dentro de una Comunidad Mayor de vida inteligente, una Comunidad Mayor donde la vida ha evolucionado y donde la tecnolog\u00eda se ha acelerado, pero una Comunidad Mayor con las limitaciones de la vida f\u00edsica todav\u00eda afectando a todos los que viven en el universo f\u00edsico.<\/li>\n<li>No caigas presa de la persuasi\u00f3n y los incentivos de cualquier presencia extraterrestre que est\u00e9 activa en el mundo, interfiriendo en los asuntos humanos. No creas que alquien vendr\u00e1 aqu\u00ed para salvar o rescatar a una humanidad en apuros, y reconoce que quienes pretenden hacerlo est\u00e1n aqu\u00ed para sus propios fines: para aprovecharse de la debilidad de la humanidad, de sus divisiones y de sus supersticiones.<\/li>\n<li>Considera a la humanidad y a ti mismo como los pueblos originarios del mundo que ahora se enfrentan a una Intervenci\u00f3n. \u00bfQu\u00e9 deben hacer los pueblos nativos para asegurar sus fronteras y determinar c\u00f3mo, cu\u00e1ndo y d\u00f3nde deber\u00eda producirse la interacci\u00f3n con el exterior en beneficio de los pueblos originarios del mundo?<\/li>\n<li>No creas que cualquier otra raza puede reclamar este mundo, est\u00e1 vinculada gen\u00e9ticamente a la raza humana o son los padres o gu\u00edas de la humanidad, en ning\u00fan aspecto. Esto es una falsedad que est\u00e1n presentando las fuerzas que est\u00e1n interviniendo hoy en el mundo.<\/li>\n<li>Entiende por qu\u00e9 los Aliados de la humanidad no est\u00e1n presentes en el mundo y que ellos tienen una pol\u00edtica de no intervenci\u00f3n; solo comparten su sabidur\u00eda y su perspicacia con aquellos que buscan saber sobre la vida m\u00e1s all\u00e1 de este mundo.<\/li>\n<li>Prep\u00e1rate para las Grandes Olas de cambio que est\u00e1n llegando al mundo, de modo que puedas estar en una posici\u00f3n fuerte para navegar por estas Grandes Olas y servir a los dem\u00e1s. Esto apoyar\u00e1 a la humanidad y la preparar\u00e1 para su futuro dentro de una Comunidad Mayor de vida inteligente.<\/li>\n<li>No dejes que nadie te persuada de que las fuerzas que est\u00e1n interviniendo est\u00e1n aqu\u00ed para beneficio de la humanidad. Esto representa confusi\u00f3n por parte de la familia humana y enga\u00f1o por parte de esas fuerzas que ya est\u00e1n aqu\u00ed.<\/li>\n<li>Entiende que la humanidad debe establecer una frontera frente al espacio, que los intentos de Intervenci\u00f3n y persuasi\u00f3n ser\u00e1n continuos y que la humanidad, debido a que est\u00e1 dividida e ignora las realidades de la vida en el universo, es especialmente vulnerable a la persuasi\u00f3n y la intervenci\u00f3n externa.<\/li>\n<li>Mira para ver si t\u00fa mismo tienes alg\u00fan contacto con fuerzas extraterrestres, ya sea a trav\u00e9s del ambiente mental o por contacto f\u00edsico directo. Ten el valor de preguntarte: \u201c\u00bfHe tenido alg\u00fan contacto directo con una fuerza extraterrestre? Y si es as\u00ed, \u00bfcu\u00e1l fue la naturaleza del contacto y qu\u00e9 ocurri\u00f3?\u201d<\/li>\n<li>Denuncia la guerra como un debilitamiento de la familia humana frente a la Comunidad Mayor. Haz hincapi\u00e9 en la unidad y la cooperaci\u00f3n de la humanidad frente a las Grandes Olas de cambio y en la preparaci\u00f3n para sus grandes encuentros con la Comunidad Mayor en la que existe.<\/li>\n<li>Comparte los Discursos de los Aliados de la Humanidad con el mayor n\u00famero de personas posible y env\u00eda la Declaraci\u00f3n de la Soberan\u00eda Humana a tus amigos y socios y a los l\u00edderes del gobierno. Cuanta m\u00e1s gente pueda enterarse de esto, m\u00e1s fuerte ser\u00e1 la humanidad y m\u00e1s capaz ser\u00e1 de protegerse de la Intervenci\u00f3n y la persuasi\u00f3n, con el fin de fijar su propio rumbo y convertirse en una raza libre y de progreso en el universo.<\/li>\n<li>No creas que el secuestro de seres humanos por parte de fuerzas extraterrestres tiene alg\u00fan beneficio para la humanidad. Entiende que estas abducciones son solo con fines de crear un ser h\u00edbrido capaz de influir en los gobiernos, el comercio y las instituciones religiosas, y tambi\u00e9n para crear una red de defensores de la propia Intervenci\u00f3n. Esta es una grave violaci\u00f3n de vuestros derechos y vuestro bienestar, y supone una tremenda amenaza para el futuro de la humanidad.<\/li>\n<li>Reconoce que la tecnolog\u00eda avanzada no equivale a una \u00e9tica y moral avanzadas. Utiliza a la humanidad como un buen ejemplo de esto. No creas que quienes han ganado la capacidad de viajar en el espacio representan un avance en la \u00e9tica, la moral, la religi\u00f3n o la espiritualidad. No creas que pueden ense\u00f1ar a la humanidad algo en este sentido, ya que en muchos casos la humanidad est\u00e1 m\u00e1s avanzada que ellos en su conciencia de la realidad de Dios y de la naturaleza de su propia espiritualidad.<\/li>\n<li>Entiende que para ser libre en el universo la humanidad tendr\u00e1 que cumplir con tres requisitos: unidad, autosuficiencia y discreci\u00f3n. La humanidad tendr\u00e1 que lograr estos objetivos en un grado muy alto. En la actualidad, ninguno de estos requisitos est\u00e1 siendo cultivado adecuadamente. Esto representa el \u00e9nfasis y el centro de atenci\u00f3n para unir a la humanidad en su propia defensa y prepararla para emerger a un mayor \u00e1mbito de la vida.<\/li>\n<li>Entiende que la Intervenci\u00f3n que est\u00e1 actualmente en el mundo est\u00e1 aqu\u00ed para romper la unidad humana. Est\u00e1 aqu\u00ed para romper la capacidad de la humanidad de ser autosuficiente, y est\u00e1 aqu\u00ed para aprender tanto sobre la naturaleza humana, el comportamiento humano y la sociedad humana como sea posible, socavando as\u00ed vuestra discreci\u00f3n y exponiendo vuestras debilidades.<\/li>\n<li>Mira a las estrellas con claridad y sobriedad. Es un ambiente dif\u00edcil pero maravilloso el del universo; sin embargo, hay que ser fuerte y decidido para emerger a este \u00e1mbito m\u00e1s amplio.<\/li>\n<li>Aprende el Camino del Conocimiento y construye tu base en el Conocimiento, para que este pueda protegerte de la persuasi\u00f3n y la Intervenci\u00f3n y pueda guiarte hacia delante en servicio a la humanidad \u2014para preparar a la humanidad para estar m\u00e1s unida y ser m\u00e1s decidida y m\u00e1s capaz de responder y funcionar dentro de una Comunidad Mayor de vida.<\/li>\n<li>Comprende que Dios ha provisto una advertencia y una preparaci\u00f3n para la Comunidad Mayor, de modo que la humanidad pueda pasar con seguridad a trav\u00e9s de este gran umbral, logre una mayor unidad y cooperaci\u00f3n entre la familia humana y se prepare para la realidad y la espiritualidad de la vida en el universo.<\/li>\n<li>No creas que ninguna raza vendr\u00e1 f\u00edsicamente aqu\u00ed a rescatar a la humanidad. Es la humanidad misma quien debe construir su unidad y su cooperaci\u00f3n, su fuerza y \u200b\u200bsu determinaci\u00f3n. Educar a las personas sobre la realidad y la espiritualidad de la vida en el universo es una preparaci\u00f3n esencial para apoyar este avance. Cualquier raza que venga aqu\u00ed y diga que est\u00e1 aqu\u00ed para salvar o rescatar a la humanidad representa un gran peligro y un gran enga\u00f1o.<\/li>\n<li>Mant\u00e9n tu confianza en ti mismo y en el poder y la potencia de la familia humana. No pierdas la confianza en las instituciones y l\u00edderes humanos, con independencia de sus falacias y sus errores. La humanidad tiene la fuerza para protegerse de la Intervenci\u00f3n y de la persuasi\u00f3n y emerger a una Comunidad Mayor de vida inteligente como una raza libre y autodeterminada. Nunca permitas que nada sustituya esta fe y esta confianza, porque hay muchas fuerzas hoy en el mundo que est\u00e1n tratando de hacer precisamente eso.<\/li>\n<li>Reconoce en qu\u00e9 medida puedes tener dentro de ti mismo una herencia y una realidad de la Comunidad Mayor. Existe la posibilidad de que hayas vivido en otros mundos y de que la experiencia de la Comunidad Mayor sea parte de tu fundaci\u00f3n. Ac\u00e9ptalo como una posibilidad, y permite que las revelaciones respecto a esto, sean las que sean, surjan en tu mente con el tiempo. Eres un ciudadano no solo de este mundo, sino de una Comunidad Mayor de vida inteligente, y esto representa, en un contexto mayor, el significado y el poder de tus relaciones y tu espiritualidad.<\/li>\n<li>Entiende que la humanidad tiene un destino en la Comunidad Mayor, un destino como una raza libre y autodeterminada. Pero para lograrlo y cumplir con este destino, la humanidad debe estar unida, debe cesar la guerra y el conflicto y debe aprender a limitar el da\u00f1o que est\u00e1 creando en la Tierra para crear una existencia sostenible y autosuficiente en este mundo.<\/li>\n<li>Entiende que la humanidad no podr\u00e1 salir a explotar y saquear la Comunidad Mayor, porque m\u00e1s all\u00e1 de este sistema solar las tierras, las regiones y las rutas de viaje son propiedad de otros. La humanidad tendr\u00e1 que aprender a ser autosuficiente en el \u00e1mbito de su propia influencia, dentro de este sistema solar. Si puede lograr esto, entonces podr\u00e1 evitar la Intervenci\u00f3n y la influencia desde el exterior y establecerse como una raza libre y autodeterminada en el universo.<\/li>\n<\/ol>\n","protected":false},"excerpt":{"rendered":"<p>Comienza a leer los Discursos de los Aliados de la Humanidad y est\u00fadialos en profundidad. Lee todo lo que puedas acerca de la Comunidad Mayor en la Ense\u00f1anza del Camino del Conocimiento de la Comunidad Mayor. Aprende lo que puedas acerca de la presencia de fuerzas extranjeras en el mundo. Fomenta la unidad humana, haciendo\u2026 <a class=\"read-more\" href=\"https:\/\/www.v6.newmessage.org\/es\/about-text-shortcode\"><span>Read More<\/span><\/a><\/p>\n","protected":false},"author":13,"featured_media":0,"parent":29172,"menu_order":0,"comment_status":"closed","ping_status":"closed","template":"template-leftsidebar.php","meta":{"_monsterinsights_skip_tracking":false,"_monsterinsights_sitenote_active":false,"_monsterinsights_sitenote_note":"","_monsterinsights_sitenote_category":0,"footnotes":""},"categories":[923,76,467],"tags":[708],"_links":{"self":[{"href":"https:\/\/www.v6.newmessage.org\/es\/wp-json\/wp\/v2\/pages\/27944"}],"collection":[{"href":"https:\/\/www.v6.newmessage.org\/es\/wp-json\/wp\/v2\/pages"}],"about":[{"href":"https:\/\/www.v6.newmessage.org\/es\/wp-json\/wp\/v2\/types\/page"}],"author":[{"embeddable":true,"href":"https:\/\/www.v6.newmessage.org\/es\/wp-json\/wp\/v2\/users\/13"}],"replies":[{"embeddable":true,"href":"https:\/\/www.v6.newmessage.org\/es\/wp-json\/wp\/v2\/comments?post=27944"}],"version-history":[{"count":5,"href":"https:\/\/www.v6.newmessage.org\/es\/wp-json\/wp\/v2\/pages\/27944\/revisions"}],"predecessor-version":[{"id":30030,"href":"https:\/\/www.v6.newmessage.org\/es\/wp-json\/wp\/v2\/pages\/27944\/revisions\/30030"}],"up":[{"embeddable":true,"href":"https:\/\/www.v6.newmessage.org\/es\/wp-json\/wp\/v2\/pages\/29172"}],"wp:attachment":[{"href":"https:\/\/www.v6.newmessage.org\/es\/wp-json\/wp\/v2\/media?parent=27944"}],"wp:term":[{"taxonomy":"category","embeddable":true,"href":"https:\/\/www.v6.newmessage.org\/es\/wp-json\/wp\/v2\/categories?post=27944"},{"taxonomy":"post_tag","embeddable":true,"href":"https:\/\/www.v6.newmessage.org\/es\/wp-json\/wp\/v2\/tags?post=27944"}],"curies":[{"name":"wp","href":"https:\/\/api.w.org\/{rel}","templated":true}]}}