{"id":27941,"date":"2016-02-28T17:06:07","date_gmt":"2016-02-28T17:06:07","guid":{"rendered":"http:\/\/www.newmessage.org\/spanish-international\/?page_id=27941"},"modified":"2018-01-13T15:12:30","modified_gmt":"2018-01-13T15:12:30","slug":"amor-y-miedo","status":"publish","type":"page","link":"https:\/\/www.v6.newmessage.org\/es\/el-mensaje\/otras-revelaciones\/amor-y-miedo","title":{"rendered":"Amor y miedo"},"content":{"rendered":"<div><!--Versi\u00f3n espa\u00f1ola 1.4--><\/div>\n\n<div class=\"tabgroup \"><ul class=\"tabs\"><li><a href=\"#tabs-1\">Acerca de<\/a><\/li>\n<li><a href=\"#tabs-2\">Nota<\/a><\/li><\/ul>\n <div id=\"tabs-1\"><br \/>\n<i>Como le fue revelado a<\/i><br \/>\n<i>Marshall Vian Summers<\/i><br \/>\n<i>el 11 de abril de 2001<\/i><br \/>\n<i>en Boulder, Colorado, Estados Unidos<\/i><\/p>\n<p>Texto original: <a href=\"https:\/\/www.newmessage.org\/the-message\/other-revelations\/love-and-fear\">Love and Fear<\/a><\/p>\n<p>Esta revelaci\u00f3n es el cap\u00edtulo 3 de un antiguo libro introductorio.<\/p>\n<div class=\"toggle toggle-white\"><h4 class=\"trigger \"><span class=\"t_ico\"><\/span><a href=\"#\">Ver \u00edndice<\/a><\/h4><div class=\"toggle_container \"><\/p>\n<ol>\n<li><a href=\"https:\/\/www.nuevomensaje.org\/el-mensaje\/otras-revelaciones\/por-que-un-nuevo-mensaje-de-dios\"><em>\u00bfPor qu\u00e9 un Nuevo Mensaje de Dios?<\/em><\/a><\/li>\n<li><a href=\"https:\/\/www.nuevomensaje.org\/el-mensaje\/otras-revelaciones\/la-oscuridad-mayor-sobre-el-mundo\"><em>La Oscuridad Mayor sobre el mundo<\/em><\/a><\/li>\n<li><a href=\"https:\/\/www.nuevomensaje.org\/el-mensaje\/otras-revelaciones\/amor-y-miedo\"><em>Amor y miedo<\/em><\/a><\/li>\n<li><a href=\"https:\/\/www.nuevomensaje.org\/el-mensaje\/otras-revelaciones\/encontrar-vuestro-proposito-en-el-mundo\"><em>Encontrar tu prop\u00f3sito en el mundo<\/em><\/a><\/li>\n<li><a href=\"https:\/\/www.nuevomensaje.org\/el-mensaje\/otras-revelaciones\/poderes-espirituales-en-el-universo\"><em>Poderes espirituales en el universo<\/em><\/a><\/li>\n<li><a href=\"https:\/\/www.nuevomensaje.org\/el-mensaje\/otras-revelaciones\/la-gran-presencia-dentro-de-ti\"><em>La Gran Presencia dentro de ti<\/em><\/a><\/li>\n<li><a href=\"https:\/\/www.nuevomensaje.org\/el-mensaje\/otras-revelaciones\/la-llamada\"><em>La Llamada<\/em><\/a><\/li>\n<\/ol>\n<p><\/div><\/div>\n<div class=\"toggle toggle-white\"><h4 class=\"trigger \"><span class=\"t_ico\"><\/span><a href=\"#\">M\u00e1s informaci\u00f3n sobre este texto<\/a><\/h4><div class=\"toggle_container \"><br \/>\n<p>Lo que est\u00e1s leyendo en este texto es la transcripci\u00f3n de la voz original de la Asamblea Ang\u00e9lica hablando a trav\u00e9s del Mensajero Marshall Vian Summers.<\/p>\n<p>Aqu\u00ed, la comunicaci\u00f3n original de Dios, que existe m\u00e1s all\u00e1 de las palabras, es traducida al lenguaje y el entendimiento humanos por la Asamblea Ang\u00e9lica que supervisa el mundo. La Asamblea despu\u00e9s entrega el Mensaje de Dios a trav\u00e9s del Mensajero, tras lo cual es transcrito y puesto a tu disposici\u00f3n y a disposici\u00f3n de todos.<\/p>\n<p>En este extraordinario proceso, la Voz de la Revelaci\u00f3n est\u00e1 hablando de nuevo. La Palabra y el Sonido est\u00e1n en el mundo. Que puedas ser el receptor de este regalo de Revelaci\u00f3n y puedas estar abierto a recibir su Mensaje \u00fanico para ti y para tu vida.<\/p>\n<br \/>\n<\/div><\/div><br \/>\n<\/div>\n<div id=\"tabs-2\"><br \/>\n<em>Nota a los lectores:<br \/>\nEsta traducci\u00f3n fue provista a la <\/em>Society<em> por estudiantes del Nuevo Mensaje que se han ofrecido voluntariamente a traducir el texto original en ingl\u00e9s. La publicamos en esta forma inicial para que todo el mundo tenga una oportunidad de interactuar con una porci\u00f3n del Nuevo Mensaje en un su propio idioma.<\/em><br \/>\n<\/div>\n\t\t\t\t<div align=\"right\">\n\t\t\t<div class=\"fb-like\" data-href=\"\" data-layout=\"button_count\" data-action=\"like\" data-show-faces=\"false\" data-share=\"false\"><\/div>\n\t\t\t<div class=\"fb-share-button\" data-layout=\"button_count\"> <\/div>\n\t\t\t<div class=\"fb_iframe_widget\"><a href=\"https:\/\/twitter.com\/godsnewmessage?ref_src=twsrc%5Etfw\" class=\"twitter-follow-button\" data-show-count=\"false\">Follow @godsnewmessage<\/a><script async src=\"https:\/\/platform.twitter.com\/widgets.js\" charset=\"utf-8\"><\/script><\/div>\n\t\t\t<\/div> <\/div> \n\n<p>En este punto es importante tratar la realidad del amor y el miedo. La Oscuridad Mayor sobre el mundo puede inducir un tremendo miedo, particularmente a medida que aprendes lo que realmente es y c\u00f3mo est\u00e1 operando en el mundo con muy poca conciencia y resistencia humana. Algunas personas piensan que no pueden aceptar el Nuevo Mensaje porque parece estar lleno de miedo, porque piensan que no surge desde un lugar de amor. Pero surge absolutamente desde un lugar de amor, pues Dios ama a la humanidad y no desea que pierda su libertad y sea esclavizada por otras fuerzas de la Comunidad Mayor.<\/p>\n<p>Aqu\u00ed debes recordar que el universo f\u00edsico en el que vives no es tu Antiguo Hogar. Es una realidad relativa, porque es una realidad que cambia constantemente. Dios vigila el universo f\u00edsico, pero raramente interviene de un modo directo, salvo para entregar Mensajes esenciales como el que aqu\u00ed se est\u00e1 presentando.<\/p>\n<p>La gente est\u00e1 muy confusa acerca de este asunto de la realidad. Algunas personas piensan que la realidad espiritual y la realidad f\u00edsica son lo mismo, e intentan aplicar su entendimiento espiritual al mundo f\u00edsico. Otras piensan que no hay realidad espiritual, que solo existe el mundo. Sin embargo, ambas evaluaciones son incorrectas.<\/p>\n<p>En la vida f\u00edsica existe competici\u00f3n en la naturaleza. Esta forma parte de la naturaleza. Este es el mundo natural en el que vives. Esta competici\u00f3n tambi\u00e9n existe por toda la Comunidad Mayor. En la Comunidad Mayor existen razas que est\u00e1n avanzadas espiritualmente, y muchas otras que no lo est\u00e1n. Algunas est\u00e1n avanzadas tecnol\u00f3gicamente, y otras no. Hay fuerzas comerciales poderosas en esta parte de la galaxia en donde vive la humanidad. Estas fuerzas buscan aprovecharse de nuevos descubrimientos biol\u00f3gicos y minerales. Buscan aprovecharse de mundos emergentes como el de la familia humana. Estas fuerzas no est\u00e1n avanzadas espiritualmente, de lo contrario no estar\u00edan comport\u00e1ndose de esta manera ego\u00edsta.<\/p>\n<p>Estas fuerzas viven en una realidad relativa, como t\u00fa. Pero esta es tu realidad solo mientras est\u00e1s en el mundo. En \u00faltima instancia, est\u00e1s en el mundo para hacer una contribuci\u00f3n a esta realidad, para ayudar al bienestar y al desarrollo espiritual de la gente en todas partes.<\/p>\n<p>En la Comunidad Mayor no es diferente. Existen fuerzas que hablan a favor del bien y fuerzas que trabajan en su contra. En el universo no hay fuerzas neutrales. Todos est\u00e1n ayudando o estorbando a esta gran redenci\u00f3n, a este gran proceso de renovar y revivificar la realidad espiritual. O dicho de otro modo, todo el mundo est\u00e1 ayudando o bien estorbando en el retorno al Creador. Aqu\u00ed es necesario hablar en t\u00e9rminos muy generales, porque necesitas ver las cosas de esta forma. Esto aportar\u00e1 gran claridad a tu comprensi\u00f3n y te permitir\u00e1 reconocer las fuerzas que apoyan la libertad de la humanidad y aquellas que se le oponen.<\/p>\n<p>El miedo solo sirve a un \u00fanico prop\u00f3sito beneficioso, que es alertarte de la presencia del peligro. Este tipo de miedo forma parte de tu dise\u00f1o natural. Est\u00e1 aqu\u00ed para proteger tu bienestar y darte una conciencia de aquellos elementos en tu entorno natural \u2014el mundo f\u00edsico\u2014 que podr\u00edan amenazar dicho bienestar. Pero la mayor parte del miedo que atormenta a las personas es fruto de su imaginaci\u00f3n. Es algo que crean por s\u00ed mismas y que no se basa en la realidad. Aunque en tu realidad f\u00edsica puedes ver evidencia de cosas terribles, los miedos que mueven a la gente son en su mayor parte fruto de su imaginaci\u00f3n. Estos miedos son miedos puramente destructivos.<\/p>\n<p>El amor es la emanaci\u00f3n del Conocimiento dentro de ti, siendo el Conocimiento tu realidad y tu inteligencia espirituales. Pero incluso las manifestaciones del amor pueden no parecer siempre amables, suaves o tranquilizadoras, porque a veces el amor debe desafiarte, a veces debe corregirte, y a veces debe reconducir tus acciones. La gente tiene una visi\u00f3n muy rom\u00e1ntica del amor, pero el amor realmente no es eso. Si pudieras ver que el Creador est\u00e1 siendo amoroso por el hecho de alertar a la familia humana de las realidades de la Intervenci\u00f3n e intentar prepararla para su futuro en la Comunidad Mayor, ver\u00edas muy claramente esta expresi\u00f3n de amor. Entonces no tendr\u00edas un conflicto sobre el amor y el miedo. Ver\u00edas el miedo que te incapacita, el miedo que te debilita, el miedo que te dice que eres pat\u00e9tico y no puedes establecer realmente una posici\u00f3n de poder y autoridad en el mundo. El amor saca a la luz el miedo, lo revela y lo transforma.<\/p>\n<p>Cuando las personas toman conciencia de la Oscuridad Mayor en el mundo, su primera reacci\u00f3n puede ser el miedo. Parte de este miedo es su miedo natural, al tomar conciencia del peligro, pero gran parte de este miedo ser\u00e1 su imaginaci\u00f3n y lo que piensan que esto significa, y este miedo las incapacitar\u00e1.<\/p>\n<p>Mientras que tu miedo natural surge como precauci\u00f3n, tu miedo imaginario es puramente destructivo. La realidad pondr\u00e1 de manifiesto este miedo destructivo. Lo que reemplazar\u00e1 este miedo es un tipo de amor que es consciente, que est\u00e1 presente y que es responsable. No es el tipo de amor que te hace sentir pasivo y reconfortado. El amor realmente no es eso. El amor no es pensar que todo va a salir bien y que Dios cuidar\u00e1 de todo. \u00a1De hecho, Dios te ha enviado aqu\u00ed para que t\u00fa cuides de todo! El amor es una posici\u00f3n de aceptaci\u00f3n propia, de responsabilidad, de cooperaci\u00f3n y de contribuci\u00f3n.<\/p>\n<p>Eso es el amor. Es claro. Es sobrio. Y es capaz de encarar cualquier cosa que la vida ponga en su camino. El amor trata cada dificultad como una oportunidad. No niega las realidades de la vida. No busca ganar una ventaja personal negando la realidad. No busca poner un rostro feliz a cada evento de la vida. Esto es el amor. Esto es el amor de Dios.<\/p>\n<p>Algunas personas creen que el amor de Dios es como un afrodisiaco. Piensan que este amor les har\u00e1 olvidar todo lo dem\u00e1s y les pondr\u00e1 en alg\u00fan tipo de estado ext\u00e1tico. El \u00fanico \u00e9xtasis real es estar asentado en el amor de Dios, porque este te da toda la seguridad interna que puedas necesitar. Pero tambi\u00e9n te da la responsabilidad de contribuir a un mundo en necesidad. Aqu\u00ed no hay confusi\u00f3n entre la vida f\u00edsica y tu Antiguo Hogar. Aqu\u00ed est\u00e1s enraizado espiritualmente, pero est\u00e1s aprendiendo a ser efectivo en el mundo natural. Aqu\u00ed ver\u00e1s que el Nuevo Mensaje de Dios es un regalo incomparable. Ver\u00e1s que la Intervenci\u00f3n, aunque grave, seria y distinta a cualquier cosa que la humanidad haya encarado antes, puede en s\u00ed misma dar a la humanidad la base para unirse en su propio beneficio.<\/p>\n<p>En la Comunidad Mayor, que es el universo f\u00edsico en que la humanidad vive, los fuertes dominar\u00e1n si pueden a los d\u00e9biles. Esta es una realidad de la vida en el reino f\u00edsico. Esto puedes verlo en la naturaleza que te rodea. La evoluci\u00f3n de las especies y la competici\u00f3n por el entorno son fundamentales al mundo natural en el que vives. Negarlo es negar el mundo natural, la realidad de tu cuerpo y la realidad de que te encuentras en el mundo. Pero actualmente hay muchas personas en el mundo que niegan esta realidad, porque tienen miedo. Como resultado, no pueden ver que el mundo f\u00edsico y el estado celestial son dos realidades completamente diferentes. Debe responderse de manera diferente a cada una de ellas.<\/p>\n<p>La realidad espiritual vive dentro de ti, en tu Conocimiento. Esta es la realidad que el Creador te ha dado. Ya la tienes. Esta es la fuente del verdadero amor, la verdadera compasi\u00f3n y la verdadera contribuci\u00f3n. El Conocimiento en ti no busca escapar. No intenta enga\u00f1arse pensando que todo es maravilloso. No afirma que Dios se har\u00e1 cargo de todo por ti, como si fueras un ni\u00f1o desvalido. El Conocimiento en ti est\u00e1 aqu\u00ed en una misi\u00f3n. Est\u00e1 aqu\u00ed para encarar el mundo tal y como es, contribuir a \u00e9l y beneficiarlo, de modo que puedan cultivarse aqu\u00ed las posibilidades de una mayor conciencia espiritual.<\/p>\n<p>En la Comunidad Mayor a la que la humanidad est\u00e1 emergiendo, las razas tecnol\u00f3gicamente avanzadas pocas veces son avanzadas a nivel espiritual. Aquellos que buscan explorar y explotar otras naciones no son espiritualmente avanzados. Esto puedes entenderlo. En la Comunidad Mayor sucede igual que en tu mundo. La cuesti\u00f3n entonces es si puedes aceptarlo.<\/p>\n<p>El amor siempre te animar\u00e1 a encarar la realidad y enfrentar sus desaf\u00edos y oportunidades. El miedo siempre te alejar\u00e1 de la realidad, porque temes por ti mismo: temes que tus ideas est\u00e9n equivocadas, que tu seguridad resulte desafiada, que no sepas qu\u00e9 hacer, que te quedes desamparado, que seas dominado, que fracases. El amor te llevar\u00e1 a enfrentar estos desaf\u00edos, mientras que el miedo te alejar\u00e1. El amor encarar\u00e1 la Intervenci\u00f3n, mientras que el miedo la negar\u00e1. El amor recibir\u00e1 el Nuevo Mensaje de Dios, mientras que el miedo lo disputar\u00e1.<\/p>\n<p>Dios debe darte este verdadero entendimiento del amor y el miedo, pues de lo contrario te sentir\u00e1s muy confuso. El miedo es siempre la base de la preferencia en estos asuntos. Negar\u00e1s la realidad porque quieres otra cosa. Quiz\u00e1 no quieres que las realidades de la vida turben tus objetivos personales, y por tanto niegas esas realidades. Quiz\u00e1 quieres que el universo sea un lugar lleno de seres iluminados, para as\u00ed no tener que ser desafiado.<\/p>\n<p>La Intervenci\u00f3n presente en el mundo ya se est\u00e1 aprovechando de estas preferencias y estos miedos, alentando a la gente a pensar que la Intervenci\u00f3n est\u00e1 aqu\u00ed por su bien, si es que la gente es consciente de ella. Hay personas en el mundo actual que est\u00e1n motivadas por el miedo, y estas personas ser\u00e1n naturalmente receptivas a estas persuasiones \u2014para su propio beneficio personal, por supuesto.<\/p>\n<p>\u00bfQui\u00e9n en el mundo quiere realmente una Intervenci\u00f3n? La mayor\u00eda no la quiere, pero est\u00e1 sucediendo una Intervenci\u00f3n. Es una realidad de la vida. Si puedes encararla, el amor se fortalecer\u00e1. Si la niegas, se fortalecer\u00e1 el miedo. Dios solo puede hablar a esa parte de ti que es capaz de sentir verdadero amor. La Intervenci\u00f3n solo puede hablar a esa parte de ti que ya siente miedo.<\/p>\n<p>Es posible que aquellos que est\u00e1n interviniendo en el mundo puedan ser redimidos mediante el Conocimiento, pero ese es trabajo de Dios y no tuyo. Tu trabajo aqu\u00ed y ahora es preservar la libertad humana y ayudar a que la humanidad se establezca en el universo como una raza libre e independiente. Si la humanidad fracasa, todo lo que esta ha logrado se perder\u00e1. Puede perderse toda la ense\u00f1anza, todo el verdadero entendimiento espiritual, todo el arte, toda la cultura, todos los avances de la familia humana. \u00bfPiensas que es imposible? Bueno, piensa en todas las civilizaciones humanas que han desaparecido de este mundo. Todo lo que establecieron se perdi\u00f3, dejando solo unas pocas trazas.<\/p>\n<p>Ahora tienes la posibilidad de establecer una mayor base para la humanidad, un entendimiento y una conciencia de la Comunidad Mayor y una unidad y cooperaci\u00f3n verdaderas, basadas en una necesidad real. Si huyes de esto, entonces est\u00e1s siguiendo al miedo. Si huyes de esto, entonces est\u00e1s sirviendo a la Intervenci\u00f3n, consciente o inconscientemente.<\/p>\n<p>Establecer esta base supone un gran desaf\u00edo. El problema no es que la verdad sea dif\u00edcil de comprender; el problema es: \u00bfquiere la gente realmente la verdad? No es que la vida sea demasiado dif\u00edcil; la pregunta es: \u00bfpuede la gente afrontarla, elevarse sobre ella y usarla para ganar mayor madurez, mayor ecuanimidad y mayor poder? El regalo del Nuevo Mensaje de Dios es puro. \u00bfPuede recibirse de forma pura? Esa es la aut\u00e9ntica cuesti\u00f3n.<\/p>\n<p>La Intervenci\u00f3n en s\u00ed es un regalo que puede unificar a la humanidad en su propia defensa. Pero solo ser\u00e1 un regalo si puede recibir el Nuevo Mensaje de Dios, porque la humanidad no puede prepararse por su cuenta para la Intervenci\u00f3n. Desde su posici\u00f3n no puede entender c\u00f3mo es la vida tras sus fronteras, qu\u00e9 ha provocado la Intervenci\u00f3n, c\u00f3mo esta est\u00e1 funcionando o cu\u00e1l es la naturaleza y organizaci\u00f3n de aquellos que la est\u00e1n generando. Para esto la familia humana necesita una mayor conciencia. Necesita un Nuevo Mensaje de Dios.<\/p>\n<p>Por tanto, reconoce lo que es realmente el amor en ti. El amor afirma tu fuerza, tu integridad, tu responsabilidad, tu honor, tu coraje y tu contribuci\u00f3n a otros. El amor alienta la participaci\u00f3n desinteresada en el mundo. El amor es la esencia de tu fuerza. No es sentimental. No es como las rid\u00edculas im\u00e1genes rom\u00e1nticas que la gente ha creado para describirlo. No es una fuente de evasi\u00f3n e irresponsabilidad personal.<\/p>\n<p>\u00bfQu\u00e9 es el miedo? El miedo es la creencia de que eres impotente y no puedes hacer nada. El miedo te empuja a entregarte a tus preferencias y compulsiones. El miedo es lo que te mantiene d\u00e9bil. El miedo impide que respondas a las verdaderas necesidades del mundo y te impide hacer lo que sabes que debes hacer por ti mismo. El miedo evita que sirvas a otros de un modo real y genuino.<\/p>\n<p>Tanto el amor como el miedo son algo omnipresente en tu mundo, pero la gente sigue confundida. La Intervenci\u00f3n hablar\u00e1 a tu miedo. El Nuevo Mensaje de Dios hablar\u00e1 a tu amor. Pero para poder verlo debes considerar profundamente estas cosas. Debes encarar el gran desaf\u00edo de tu tiempo y debes estar dispuesto a ver la relevancia de la respuesta que Dios ha dado.<\/p>\n<p>Estar en el mundo, por su misma naturaleza, es un estado comprometido de conciencia. Tu ser personal quiere sobrevivir. Teme la muerte y no quiere sufrir. Y aun as\u00ed, no puedes destruir lo que Dios ha creado dentro de ti. Puedes perderlo de vista, evitarlo, negarlo. Puedes creer que no existe, pero sigue siendo real en tu interior. Es permanente y no puede ser destruido. Solo puede ser rechazado. Y ahora est\u00e1 siendo llamado como nunca antes.<\/p>\n<p>Cuando comiences a reconocer que hay una Oscuridad Mayor en el mundo, cuando veas que esta puede quitarte todo lo que tienes y todo lo que la humanidad ha ganado y desarrollado a lo largo de su historia, comenzar\u00e1s a entender verdaderamente lo que la familia humana est\u00e1 enfrentando. Quiz\u00e1 perder\u00e1s la fe en ti mismo, pensando, \u201c\u00bfQu\u00e9 podr\u00eda hacer yo? \u00a1Ya es demasiado tarde!\u201d. Pero <em>no<\/em> es demasiado tarde. Si fuera demasiado tarde, Dios no dar\u00eda un Nuevo Mensaje al mundo. Esto habr\u00eda acabado.<\/p>\n<p>Sin embargo, no ha acabado, salvo quiz\u00e1 en tu imaginaci\u00f3n. Est\u00e1 solo comenzando. La Intervenci\u00f3n es el mayor desaf\u00edo que la humanidad ha encarado nunca, pero puede darle a la humanidad su mayor oportunidad de fortalecerse y unirse. Nadie en el mundo tendr\u00e1 ninguna ventaja encarando la Intervenci\u00f3n en solitario. Incluso los individuos que son reclutados para servir a la Intervenci\u00f3n no tendr\u00e1n aqu\u00ed ninguna ventaja real.<\/p>\n<p>Es solo enfrentando un mayor desaf\u00edo en la vida que la humanidad puede superar y vencer sus antiguos conflictos. Este desaf\u00edo no ser\u00e1 moment\u00e1neo, sino continuo, pues la familia humana vive en un mundo hermoso que otros valoran mucho. Vive en un mundo que es rico en recursos minerales y biol\u00f3gicos, una gema en el universo. Lugares as\u00ed son mucho m\u00e1s raros de lo que crees. Otras naciones en el universo que han despojado de recursos sus mundos deben ahora comerciar y trocar para conseguir lo que necesitan. Deben explorar y buscar lo que necesitan. La humanidad est\u00e1 viviendo en lo que otros consideran una isla paradis\u00edaca en el universo. Pero la humanidad no sabe lo que tiene y lo est\u00e1 arruinando.<\/p>\n<p>Solo una verdadera conciencia de la Comunidad Mayor cambiar\u00e1 esto. Con esta conciencia la humanidad no saquear\u00eda un lugar as\u00ed. No arruinar\u00eda el mundo si comprendiera lo que realmente est\u00e1 aqu\u00ed en juego. Mucha gente piensa en el universo como tan solo un gran espacio vac\u00edo que la humanidad explorar\u00e1 y colonizar\u00e1 en su propio beneficio. Ten claro que esto no ser\u00e1 as\u00ed.<\/p>\n<p>La situaci\u00f3n se ha vuelto muy grave. Sin embargo, la humanidad tiene el poder de detener la Intervenci\u00f3n. Para hacerlo, debe ganar una mayor cooperaci\u00f3n. Para hacerlo, debe responder suficiente gente. Esta respuesta debe nacer del amor y no del miedo. Servir a las verdaderas necesidades de la humanidad, incluso frente a un gran peligro, es un acto de profundo amor y generosidad. Permite que esta sea tu comprensi\u00f3n.<\/p>\n<p>Incluso al Creador le preocupa que la humanidad pueda fracasar. Esta preocupaci\u00f3n nace del amor. Como en el caso de un padre que se preocupa del bienestar de su hijo o su hija, esta preocupaci\u00f3n nace del amor. No rechaces esta preocupaci\u00f3n pensando que es negativa o injustificada. De hecho, el Nuevo Mensaje de Dios afirma que tras todas las manifestaciones de la vida en el universo f\u00edsico est\u00e1 el gran amor y compasi\u00f3n del Creador por lo creado.<\/p>\n<p>Al principio no puedes entender completamente el gran amor de Dios, porque ganar este entendimiento representa un viaje, un viaje de muchos pasos. Debes comenzar desde donde est\u00e1s. Aqu\u00ed se te salva de tu propio apuro personal, porque Dios te ha dado un mayor problema que considerar y una mayor serie de necesidades que satisfacer en el mundo. Aqu\u00ed se te salva de tu intento f\u00fatil de realizarte solo a ti mismo, d\u00e1ndote algo que verdaderamente puede servir al mundo.<\/p>\n<p>No hay realizaci\u00f3n en la realizaci\u00f3n personal. Si solo buscas la felicidad, te comprometer\u00e1s y seguir\u00e1s al miedo. Negar\u00e1s la realidad y dar\u00e1s la espalda a las grandes necesidades del mundo, las cuales te est\u00e1n llamando. En tu intento de realizar tus propios planes, negar\u00e1s hasta las grandes necesidades que has de servir y que se te ha enviado aqu\u00ed a servir. Puedes intentar realizar lo que piensas que quieres, pero tu coraz\u00f3n solo se satisfar\u00e1 haciendo lo que viniste a hacer aqu\u00ed.<\/p>\n","protected":false},"excerpt":{"rendered":"<p>En este punto es importante tratar la realidad del amor y el miedo. La Oscuridad Mayor sobre el mundo puede inducir un tremendo miedo, particularmente a medida que aprendes lo que realmente es y c\u00f3mo est\u00e1 operando en el mundo con muy poca conciencia y resistencia humana. Algunas personas piensan que no pueden aceptar el\u2026 <a class=\"read-more\" href=\"https:\/\/www.v6.newmessage.org\/es\/about-text-shortcode\"><span>Read More<\/span><\/a><\/p>\n","protected":false},"author":13,"featured_media":0,"parent":16358,"menu_order":0,"comment_status":"closed","ping_status":"closed","template":"template-leftsidebar.php","meta":{"_monsterinsights_skip_tracking":false,"_monsterinsights_sitenote_active":false,"_monsterinsights_sitenote_note":"","_monsterinsights_sitenote_category":0,"footnotes":""},"categories":[501,76],"tags":[290],"_links":{"self":[{"href":"https:\/\/www.v6.newmessage.org\/es\/wp-json\/wp\/v2\/pages\/27941"}],"collection":[{"href":"https:\/\/www.v6.newmessage.org\/es\/wp-json\/wp\/v2\/pages"}],"about":[{"href":"https:\/\/www.v6.newmessage.org\/es\/wp-json\/wp\/v2\/types\/page"}],"author":[{"embeddable":true,"href":"https:\/\/www.v6.newmessage.org\/es\/wp-json\/wp\/v2\/users\/13"}],"replies":[{"embeddable":true,"href":"https:\/\/www.v6.newmessage.org\/es\/wp-json\/wp\/v2\/comments?post=27941"}],"version-history":[{"count":6,"href":"https:\/\/www.v6.newmessage.org\/es\/wp-json\/wp\/v2\/pages\/27941\/revisions"}],"predecessor-version":[{"id":29109,"href":"https:\/\/www.v6.newmessage.org\/es\/wp-json\/wp\/v2\/pages\/27941\/revisions\/29109"}],"up":[{"embeddable":true,"href":"https:\/\/www.v6.newmessage.org\/es\/wp-json\/wp\/v2\/pages\/16358"}],"wp:attachment":[{"href":"https:\/\/www.v6.newmessage.org\/es\/wp-json\/wp\/v2\/media?parent=27941"}],"wp:term":[{"taxonomy":"category","embeddable":true,"href":"https:\/\/www.v6.newmessage.org\/es\/wp-json\/wp\/v2\/categories?post=27941"},{"taxonomy":"post_tag","embeddable":true,"href":"https:\/\/www.v6.newmessage.org\/es\/wp-json\/wp\/v2\/tags?post=27941"}],"curies":[{"name":"wp","href":"https:\/\/api.w.org\/{rel}","templated":true}]}}