{"id":27921,"date":"2016-02-28T16:45:42","date_gmt":"2016-02-28T16:45:42","guid":{"rendered":"http:\/\/www.newmessage.org\/spanish-international\/?page_id=27921"},"modified":"2021-11-21T18:29:30","modified_gmt":"2021-11-21T18:29:30","slug":"como-discernir-a-los-mensajeros-de-dios","status":"publish","type":"page","link":"https:\/\/www.v6.newmessage.org\/es\/el-mensaje\/volumen-2\/la-comunidad-global-del-nuevo-mensaje-de-dios\/como-discernir-a-los-mensajeros-de-dios","title":{"rendered":"C\u00f3mo discernir a los Mensajeros de Dios"},"content":{"rendered":"<div><!--Versi\u00f3n espa\u00f1ola 1.2--><\/div>\n\n<div class=\"tabgroup \"><ul class=\"tabs\"><li><a href=\"#tabs-1\">Acerca de<\/a><\/li>\n<li><a href=\"#tabs-2\">Nota<\/a><\/li><\/ul>\n <div id=\"tabs-1\"><br \/>\n<i>Como le fue revelado a<\/i><br \/>\n<i>Marshall Vian Summers<\/i><br \/>\n<i>el 21 de marzo de 2000<\/i><br \/>\n<i>en Boulder, Colorado, Estados Unidos<\/i><\/p>\n<p>Texto original: <a href=\"https:\/\/www.newmessage.org\/the-message\/other-revelations\/discerning-gods-messengers\">Discerning God\u2019s Messengers<\/a><\/p>\n<p>Audio original: no disponible<\/p>\n<div class=\"toggle toggle-white\"><h4 class=\"trigger \"><span class=\"t_ico\"><\/span><a href=\"#\">M\u00e1s informaci\u00f3n sobre este texto<\/a><\/h4><div class=\"toggle_container \"><br \/>\n<p>Lo que est\u00e1s leyendo en este texto es la transcripci\u00f3n de la voz original de la Asamblea Ang\u00e9lica hablando a trav\u00e9s del Mensajero Marshall Vian Summers.<\/p>\n<p>Aqu\u00ed, la comunicaci\u00f3n original de Dios, que existe m\u00e1s all\u00e1 de las palabras, es traducida al lenguaje y el entendimiento humanos por la Asamblea Ang\u00e9lica que supervisa el mundo. La Asamblea despu\u00e9s entrega el Mensaje de Dios a trav\u00e9s del Mensajero, tras lo cual es transcrito y puesto a tu disposici\u00f3n y a disposici\u00f3n de todos.<\/p>\n<p>En este extraordinario proceso, la Voz de la Revelaci\u00f3n est\u00e1 hablando de nuevo. La Palabra y el Sonido est\u00e1n en el mundo. Que puedas ser el receptor de este regalo de Revelaci\u00f3n y puedas estar abierto a recibir su Mensaje \u00fanico para ti y para tu vida.<\/p>\n<br \/>\n<\/div><\/div><br \/>\n<\/div>\n<div id=\"tabs-2\"><br \/>\n<em>Nota a los lectores:<br \/>\nEsta traducci\u00f3n fue provista a la <\/em>Society<em> por estudiantes del Nuevo Mensaje que se han ofrecido voluntariamente a traducir el texto original en ingl\u00e9s. La publicamos en esta forma inicial para que todo el mundo tenga una oportunidad de interactuar con una porci\u00f3n del Nuevo Mensaje en un su propio idioma.<\/em><br \/>\n<\/div>\n\t\t\t\t<div align=\"right\">\n\t\t\t<div class=\"fb-like\" data-href=\"\" data-layout=\"button_count\" data-action=\"like\" data-show-faces=\"false\" data-share=\"false\"><\/div>\n\t\t\t<div class=\"fb-share-button\" data-layout=\"button_count\"> <\/div>\n\t\t\t<div class=\"fb_iframe_widget\"><a href=\"https:\/\/twitter.com\/godsnewmessage?ref_src=twsrc%5Etfw\" class=\"twitter-follow-button\" data-show-count=\"false\">Follow @godsnewmessage<\/a><script async src=\"https:\/\/platform.twitter.com\/widgets.js\" charset=\"utf-8\"><\/script><\/div>\n\t\t\t<\/div> <\/div> \n\n<p>Muchas personas en la actualidad son muy ambiciosas respecto a la espiritualidad y la direcci\u00f3n espiritual.\u00a0Ellas piensan que son mensajeros de Dios y que sus creencias, asociaciones e ideales son realmente algo m\u00e1s grande de lo que son.\u00a0E insisten en esta posici\u00f3n, sin entender que los Mensajes de Dios rara vez se dan.\u00a0Ellas se han designado a s\u00ed mismas como representantes de Dios, pero no lo son, realmente no, no de esa forma.\u00a0Es su ambici\u00f3n y su ideolog\u00eda lo que les mueve, lo que hace que hagan estas suposiciones y lo que les hace pensar y creer, incluso fervientemente, que est\u00e1n tan dotados con lo Divino.\u00a0Afirman que sus mensajes son profundos y provienen de una fuente mayor.\u00a0Pero esto no es cierto porque, como hemos dicho, los Mensajes de Dios son raros.\u00a0No se dan con frecuencia.\u00a0Nunca se dan a los ambiciosos, y nunca se dan a aquellos que se asignan a s\u00ed mismos papeles espl\u00e9ndidos.<\/p>\n<p>De hecho, los elegidos para ser los verdaderos Mensajeros son reacios, incluso hasta el punto de la autonegaci\u00f3n.\u00a0Ellos realmente no quieren el trabajo.\u00a0Pero lo aceptar\u00e1n debido a quien se lo pide.\u00a0Ellos realmente no quieren brillar en el mundo como Emisarios o Mensajeros.\u00a0Esto les resulta casi doloroso.\u00a0Ellos son m\u00e1s retra\u00eddos, m\u00e1s reservados, m\u00e1s discretos, y sin embargo estos son los que son elegidos para ser los verdaderos Mensajeros, y no hay muchos de ellos.\u00a0Todos los dem\u00e1s son elegidos o nombrados para apoyar el Mensaje.<\/p>\n<p>No es necesario que Dios comunique a la humanidad profundos mensajes muy a menudo. Esto es una cosa muy seria. No sucede muy a menudo.\u00a0Y, sin embargo, los ambiciosos se asignar\u00e1n a s\u00ed mismos el papel y el privilegio de la entrega de mensajes de una fuente superior.\u00a0Desafortunadamente, estas personas a menudo se convierten en representantes de la Intervenci\u00f3n y defensores de todo el Programa de Pacificaci\u00f3n.\u00a0Tienen puntos de vista muy fuertes sobre lo que es espiritual, y luego apelan a los poderes superiores para justificar lo que ellos creen y ungirse como representantes de una verdad mayor.\u00a0\u00a1Qu\u00e9 perfecto es esto para la Intervenci\u00f3n!<\/p>\n<p>Las personas que se asignan a s\u00ed mismas estos roles y responsabilidades no son los emisarios del Creador.\u00a0A lo sumo, son los emisarios de su propia ambici\u00f3n y sus propias ideolog\u00edas fallidas. En el peor de los casos, ellos caen al servicio de poderes que ni siquiera pueden reconocer, y comienzan a apoyar, representar y proponer cosas cuya fuente desconocen.\u00a0Ellos dicen que no son los autores de sus propias manifestaciones, y como no quieren pensar siquiera que ellos mismos son sus autores, naturalmente apelan a cualquier otra fuente que para ellos represente un tipo de poder espiritual.<\/p>\n<p>Es este tipo de autoenga\u00f1o, este tipo de glorificaci\u00f3n propia, lo que les deja extremadamente vulnerables a la manipulaci\u00f3n ajena.<\/p>\n<p>Estos individuos son los que renuncian a los verdaderos Mensajeros estos \u00faltimos cuando llegan.\u00a0Ellos ser\u00e1n ofendidos por los verdaderos Mensajeros.\u00a0Ellos no ser\u00e1n impresionados por los verdaderos Mensajeros, porque piensan que los verdaderos Mensajeros deben ser din\u00e1micos, magn\u00edficos y muy seguros de s\u00ed mismos, como son ellos, o como ellos piensan que deber\u00edan ser.\u00a0Sin embargo, los Mensajeros raramente son as\u00ed.<\/p>\n<p>Y as\u00ed, estas personas que se designan a s\u00ed mismas a menudo se convierten en los m\u00e1s duros cr\u00edticos de los verdaderos Mensajeros cuando estos llegan, porque su propia posici\u00f3n queda amenazada.\u00a0Su ideolog\u00eda se pone en peligro.\u00a0Su nombramiento por un poder divino es puesto en duda.\u00a0Ellos dir\u00e1n: \u201cBien, todos somos mensajeros de lo divino.\u201d Y tratar\u00e1n de difundir la idea del autonombramiento a muchas otras personas, algunas de las cuales responder\u00e1n con entusiasmo, viendo esto como una forma de compensar su baja autoestima y recibir un sentido de identidad y direcci\u00f3n del que carecen.<\/p>\n<p>Por supuesto, nada de esto viene del Conocimiento.\u00a0Todo es una creaci\u00f3n de la mente personal para la glorificaci\u00f3n y el reconocimiento propios.\u00a0Ellos recurren a poderes espirituales mayores como un sello de aprobaci\u00f3n, y se conceder\u00e1n a s\u00ed mismos esta aprobaci\u00f3n.\u00a0Las voces que ellos oyen, que ellos seleccionan y que incluso quieren, solo ser\u00e1n aquellas voces que sustenten sus puntos de vista, sus creencias y sus ideas acerca de s\u00ed mismos.<\/p>\n<p>Hay muchas de estas personas justo ahora, en todas las tradiciones de fe.\u00a0Cada tradici\u00f3n religiosa tiene personas como estas, que creen ser mensajeros y tener una verdad m\u00e1s grande que presentar y demostrar.\u00a0Estas personas son las que pueden llegar a ser celosas y destructivas, las que toman el asunto en sus propias manos y las que deciden, creyendo que son guiadas divinamente, por supuesto, que pueden determinar lo que es justo e injusto, lo que es espiritualmente correcto y espiritualmente incorrecto.<\/p>\n<p>Todos los estudiantes del Conocimiento deben ser conscientes de estos individuos.\u00a0Todos los estudiantes del Conocimiento deben preguntarse, \u201c\u00bfEstoy tratando de realizarme a m\u00ed mismo aqu\u00ed?\u201d Si t\u00fa vienes a servir, entonces debes tener una gran humildad.\u00a0Si vienes para ser un verdadero estudiante, entonces debes seguir un camino mayor y no inventar el viaje por ti mismo.\u00a0Si buscas sinceramente la verdad del Conocimiento y la realidad del Conocimiento en tu vida, entonces debes venir con humildad, sin suposiciones sobre ti mismo.\u00a0Y no debes basar tu enfoque sobre una ideolog\u00eda que puede, en efecto, no estar basada en absoluto en el Conocimiento.<\/p>\n<p>Humildad, paciencia, perseverancia, honestidad, discreci\u00f3n, discernimiento \u2014todas ellas son cualidades esenciales para un verdadero logro\u2014.\u00a0Y, sin embargo, esas cualidades no se ven demostradas por muchas personas, en especial por muchas personas que reclaman ser autoridades espirituales.\u00a0Las personas que afirman ser ps\u00edquicos, clarividentes o tener poderes \u00fanicos y especiales, son especialmente vulnerables a la manipulaci\u00f3n ajena.\u00a0Y debido a que se otorgan tan alto rango en la jerarqu\u00eda espiritual, se consideran a s\u00ed mismas tan \u00fanicas entre los seres humanos y buscan el reconocimiento y la aprobaci\u00f3n de sus ideas, estas personas ser\u00e1n muy, muy buenas candidatas para la manipulaci\u00f3n, y bien puede que se adhieran a la Intervenci\u00f3n, en todas sus manifestaciones.\u00a0Dispuestas ahora a servir a un poder mayor y creyendo que est\u00e1n dotadas para hacerlo, ellas se asignan a s\u00ed mismas el papel de emisarios.<\/p>\n<p>S\u00e9 muy prudente con estas personas.\u00a0Permanece en silencio a su alrededor.\u00a0Pero ve claramente.\u00a0Los verdaderos Mensajeros nunca son inflexibles en sus ideas sobre s\u00ed mismos.\u00a0Ellos nunca reclaman dones y poderes especiales para s\u00ed mismos.\u00a0Incluso si tienen que hablar de su propio y genuino nombramiento, lo har\u00e1n m\u00e1s bien con renuencia.\u00a0Ellos no son din\u00e1micos y fuertes.\u00a0No proyectan su personalidad de esta manera.\u00a0No son indiscretos.\u00a0No son ruidosos y presuntuosos.<\/p>\n<p>Hay muchas personas afirmando ser emisarios espirituales, pero cuando los verdaderos aparecen ellos pasan desapercibidos, porque son tranquilos, porque no son ruidosos, presuntuosos e indiscretos. Puede que ellos no ganen mucha atenci\u00f3n, pues toda la atenci\u00f3n est\u00e1 siendo acaparada por los que golpean su propio tambor y se proclaman a s\u00ed mismos orgullosamente, con gran convicci\u00f3n.<\/p>\n<p>\u00bfY qui\u00e9n puede decir qui\u00e9n es el verdadero Emisario?\u00a0\u00bfY c\u00f3mo puedes saberlo?\u00a0Nosotros ya hemos empezado a responder a esta pregunta.\u00a0Puedes saberlo por el contenido de su mensaje.\u00a0Puedes saberlo por la humildad de su enfoque.\u00a0Y puedes saber si se trata de una falsa humildad o si es realmente genuina.\u00a0Porque, como ya hemos dicho, los seleccionados son bastante reacios.\u00a0Ellos realmente no quieren proclamarse.\u00a0Y si lo hacen, es porque se les pide que lo hagan, no porque ellos lo quieran para s\u00ed mismos.<\/p>\n<p>Este es un asunto muy serio.\u00a0Todos los verdaderos Emisarios traen algo \u00fanico y extraordinario al mundo.\u00a0No se limitan simplemente a reafirmar las ideas populares.\u00a0No proclaman sus propios poderes espirituales o intuitivos.\u00a0No invocan su singularidad.\u00a0Mira el contenido de su mensaje.\u00a0\u00bfEs sobre ellos y sus capacidades, o se trata de algo mayor que ellos?\u00a0\u00bfEnfatiza su mensaje su singularidad, o habla de cosas m\u00e1s grandes?\u00a0\u00bfEs su mensaje realmente nuevo y revolucionario, o es simplemente una reafirmaci\u00f3n de lo que muchos otros han afirmado?\u00a0Lo diremos una vez m\u00e1s: aquellos que se autoproclaman no son los verdaderos Emisarios, porque ellos no son elegidos, y no son elegidos debido a estas tendencias que estamos describiendo.<\/p>\n<p>Por tanto, busca lo que es verdadero y lo que es \u00fanico.\u00a0Si son verdaderos Mensajeros, ellos estar\u00e1n presentando algo realmente nuevo.\u00a0Preg\u00fantate: \u201c\u00bfEstos emisarios realmente presentan algo nuevo, o simplemente est\u00e1n present\u00e1ndose a s\u00ed mismos y usando lo que parece popular o convencional o incluso radical en el momento, pero todo cosas que est\u00e1n bien documentadas desde antes?\u00a0\u00bfHay contenido y m\u00e9rito real en su presentaci\u00f3n?\u201d Algunas personas dicen: \u201cBueno, hay ense\u00f1anza a todos los niveles.\u00a0Toda ense\u00f1anza espiritual es v\u00e1lida.\u201d Pero esto es realmente solo una excusa, solo una excusa.<\/p>\n<p>Son muy pocos los verdaderos emisarios.\u00a0Hay muchas personas que est\u00e1n llamadas a servir y muchas personas que pueden servir de una forma real.\u00a0Y hay muchas personas que sirven de una forma real.\u00a0Pero ser un emisario, ser un representante, ser un mensajero, eso es realmente otra cosa.\u00a0Eso est\u00e1 reservado para muy pocas personas.<\/p>\n<p>Una de las razones por las que este papel no es elegido por aquellos que est\u00e1n seleccionados, es que el papel en s\u00ed es bastante dif\u00edcil.\u00a0Se les pide expresar algo nuevo y desafiante.\u00a0Se les pide ir m\u00e1s all\u00e1 de toda idea de s\u00ed mismos para tomar una posici\u00f3n en la vida, para presentar algo que incluso ellos mismos apenas pueden entender.\u00a0Ellos se colocan en una posici\u00f3n expuesta a la condena y el rid\u00edculo, para ponerse en el medio de una gran lucha por la consciencia de la humanidad.\u00a0Pierden sus amigos, su familia, su posici\u00f3n en la vida, y se embarcan en un nuevo viaje, cuyo resultado es incierto y desconocido.<\/p>\n<p>Estas son las tribulaciones de la persona que sirve de una forma genuina.\u00a0Estas son las tribulaciones de la persona que es el verdadero emisario.\u00a0\u00bfEsto es algo que las personas realmente querr\u00edan para s\u00ed mismas? Recorrer este dif\u00edcil viaje, llevar una carga tan grande con tan poco reconocimiento y apoyo aparente\u2026 \u00bfes este el objetivo del ambicioso, del ego\u00edsta y del interesado?<\/p>\n<p>Es por esto que aquellos que son ambiciosos nunca son escogidos.\u00a0Ellos nunca son elegidos por sus tendencias, pero tampoco son nunca elegidos porque no ceder\u00edan a esta mayor responsabilidad.\u00a0Ellos buscan el reconocimiento y la propia glorificaci\u00f3n, pero eso no es lo que ofrece el papel de un verdadero Mensajero y Emisario.<\/p>\n<p>Considera la historia de Jes\u00fas.\u00a0S\u00ed, \u00e9l gan\u00f3 una gran atenci\u00f3n, pero \u00bfqui\u00e9nes eran sus verdaderos aliados?\u00a0\u00bfQui\u00e9nes se mantuvieron fieles a lo largo de su carrera?\u00a0\u00bfQui\u00e9nes se pusieron a s\u00ed mismos en riesgo para ser sus representantes y sus testigos?\u00a0\u00bfLos ambiciosos?\u00a0\u00bfLos ego\u00edstas?\u00a0\u00bfLos que estaban inmersos en su orgullo espiritual, quienes reclamaban poderes y dones \u00fanicos y especiales para s\u00ed mismos?\u00a0No, a estos no se les encontraba por ninguna parte.\u00a0Pero surgieron tras la muerte de Jes\u00fas para afirmar que eran sus representantes.<\/p>\n<p>En todas las tradiciones de fe, esto ocurre y est\u00e1 ocurriendo.\u00a0Es realmente una tendencia muy triste, pero es inherente a la condici\u00f3n de la humanidad hoy en d\u00eda.\u00a0Algunas personas nunca esperar\u00e1n a ser elegidas, por tanto ellas mismas se eligen, porque necesitan algo en que creer, algo a lo que entregarse.\u00a0Ellas necesitan un sentido de identidad, prop\u00f3sito y significado.\u00a0Y a pesar de que realmente no son elegidas por lo Divino, se eligen a s\u00ed mismas en nombre de lo Divino y dicen ser sus representantes y emisarios.\u00a0Pero su mensaje no tiene sustancia ni originalidad.\u00a0El \u00e9nfasis recae sobre ellos mismos, m\u00e1s que en la ense\u00f1anza.\u00a0Cada vez que el profesor se vuelve m\u00e1s importante que la ense\u00f1anza, o cuando el maestro es la ense\u00f1anza misma, presta atenci\u00f3n.\u00a0S\u00e9 prudente.<\/p>\n<p>Cuando estos emisarios fallecen, \u00bfqu\u00e9 es lo que queda?\u00a0\u00bfCu\u00e1l es su legado?\u00a0Ahora que ya no est\u00e1n ah\u00ed para proclamarse a s\u00ed mismos, \u00bfhan dejado atr\u00e1s algo de sustancia y valor real?\u00a0\u00bfO eran solo una cartelera para ellos mismos y sus profesados poderes y habilidades?<\/p>\n<p>Para el estudiante del Conocimiento debe prevalecer aqu\u00ed el discernimiento real.\u00a0Nosotros hemos elegido al Emisario para esta Ense\u00f1anza.\u00a0No hay otras personas que puedan reclamar el papel de Mensajero para el Camino de la Comunidad Mayor.\u00a0Incluso despu\u00e9s de que Marshall deje este mundo, no habr\u00e1 un emisario.\u00a0Solo estar\u00e1n aquellos que son designados para continuar lo que \u00e9l ha comenzado.\u00a0Y no ser\u00e1n elegidos por su agresividad, su encanto o sus ambiciones.\u00a0Los que ser\u00e1n elegidos ser\u00e1n sencillos, humildes y modestos.\u00a0Porque \u00e9stos ser\u00e1n fiables y no corromper\u00e1n el mensaje para su propio beneficio.<\/p>\n<p>Cada estudiante del Conocimiento debe reconocer la falsedad de los que se proclaman a s\u00ed mismos en nombre del Creador o en nombre de los agentes espirituales.\u00a0Usa el discernimiento.\u00a0Usa los criterios que hemos dado.\u00a0Presta especial atenci\u00f3n a los que afirman que todo lo que quieren es convertirse en siervos de Dios.\u00a0Porque antes de que te des cuenta, si no ha sucedido ya, ellos son servidores y est\u00e1n entregando mensajes.\u00a0Y piensan que son realmente elevados, avanzados y muy dotados.\u00a0Mira a estas personas y mira su comunicaci\u00f3n.\u00a0El Conocimiento solo responder\u00e1 al Conocimiento.\u00a0Por tanto, si el Conocimiento en ti no responde, es mejor que te marches.<\/p>\n<p>Ya ha habido quienes se han proclamado a s\u00ed mismos como socios de Marshall en la Revelaci\u00f3n, diciendo que ellos tienen parte del mensaje y que \u00e9l tiene otra.\u00a0Y \u00e9l ha tenido que negarlos, pues todos ellos estaban equivocados.<\/p>\n<p>Escuchar\u00e1s a estas personas, y surgir\u00e1n entre vosotros, proclamando incluso que son emisarios del Camino de la Comunidad Mayor, diciendo que una sola persona no es suficiente, que debe haber muchos mensajeros.\u00a0Pero hemos dejado muy claro que no es as\u00ed como se trae la Revelaci\u00f3n al mundo.\u00a0No es as\u00ed como la verdadera iniciaci\u00f3n se lleva a cabo.<\/p>\n<p>Algunos dir\u00e1n: \u201cBueno, esto va todo sobre Marshall.\u00a0\u00c9l est\u00e1 diciendo que \u00e9l es el \u00fanico y est\u00e1 negando a cualquier otra persona que afirme tener tambi\u00e9n dones espirituales.\u201d Pero esto no es cierto.\u00a0Marshall ha sido elegido.\u00a0\u00c9l no se escogi\u00f3 a s\u00ed mismo.\u00a0Solo ha negado a todos los que quer\u00edan compartir su autoridad con \u00e9l, porque se le requiri\u00f3 que lo hiciera.\u00a0Nosotros sabemos que todo el mundo quiere ser especial, y algunas personas quieren ser espiritualmente especiales hasta el punto de incluso creer que ellas son espiritualmente especiales y que su \u201ccar\u00e1cter \u00fanico\u201d ha sido confirmado y ungido por mayores poderes espirituales.\u00a0Y ver\u00e1n a Marshall y dir\u00e1n: \u201cS\u00ed, s\u00ed, \u00e9l es uno de nosotros, uno de muchos, muchos emisarios.\u201d Y pueden incluso decir a aquellos que les sigan, \u201cOh, s\u00ed, t\u00fa tambi\u00e9n puedes ser un emisario.\u00a0Simplemente \u00e1brete y entr\u00e9gate.\u201d<\/p>\n<p>Esto no es sobre Marshall.\u00a0A pesar de que se le ha dado una tarea especial y \u00fanica, esto no es sobre \u00e9l.\u00a0Porque cuando Marshall muera, lo que dejar\u00e1 ser\u00e1 grande, profundo y duradero.\u00a0Esa es una verdadera se\u00f1al de que es un Emisario real y un verdadero Mensajero, pues el Mensaje no es sobre \u00e9l y es m\u00e1s grande que \u00e9l.\u00a0\u00c9l puede ser la mejor autoridad en el mundo sobre el Mensaje, puede ser el maestro del Mensaje, pero el Mensaje es m\u00e1s grande.\u00a0No es sobre \u00e9l. Marshall tiene poderes especiales, pero no los proclama.\u00a0Nadie sabr\u00e1 nunca realmente qui\u00e9n y qu\u00e9 es, excepto aquellos que est\u00e1n muy cerca de \u00e9l, y esas pocas y raras personas que pueden reconocer esto a trav\u00e9s de los Escritos Sagrados.<\/p>\n<p>S\u00e9 prudente entonces sobre cualquiera que afirme que \u00e9l tambi\u00e9n es un emisario del Camino de la Comunidad Mayor.\u00a0Porque ellos se enga\u00f1an a s\u00ed mismos y, en algunos casos, pueden estar enga\u00f1ados por aquellos que les dirigen.<\/p>\n<p>Solo se necesita una persona para entregar un Nuevo Mensaje de Dios, y esta persona llevar\u00e1 una gran carga, enfrentar\u00e1 graves dificultades en la vida y har\u00e1 muchos sacrificios.\u00a0No ser\u00e1 ambiciosa.\u00a0No se proclamar\u00e1 a s\u00ed misma.\u00a0Aquellos que son elegidos no tienen estas cualidades.<\/p>\n<p>Se necesita una sola persona para llevar el Mensaje.\u00a0Se necesitan muchas personas para implementarlo, corroborarlo y demostrarlo.\u00a0Esto es para todos los dem\u00e1s.\u00a0Ellos tienen en muchos aspectos una tarea m\u00e1s f\u00e1cil, una tarea m\u00e1s feliz, aunque esta tarea tambi\u00e9n tiene sus grandes retos.<\/p>\n<p>Uno debe usar gran discernimiento y discreci\u00f3n en la b\u00fasqueda de su verdadero camino en la vida, ya que se presentan muchas opciones.\u00a0Hay muchas tentaciones.\u00a0Algunos maestros espirituales que se han elegido a s\u00ed mismos afirman que pueden hacer de ti un maestro espiritual. Ellos pueden hacer de cualquiera un maestro espiritual, como si tuvieran el poder de nombrar y ungir a un emisario de Dios.\u00a0Ellos dir\u00e1n: \u201cS\u00ed, t\u00fa tambi\u00e9n tienes un mensaje de Dios; todo el mundo tiene un mensaje de Dios.\u00a0Ven a mi seminario y yo te mostrar\u00e9 c\u00f3mo.\u201d Ellos piensan que pueden proporcionar esta direcci\u00f3n y otorgar a sus seguidores estos regalos especiales.\u00a0Ellos dir\u00e1n: \u201cS\u00ed, todo el mundo tiene un don \u00fanico de Dios.\u201d Lo cual es realmente cierto, todo el mundo lo tiene.\u00a0Pero no es ser un emisario.<\/p>\n<p>Por tanto, s\u00e9 muy prudente.\u00a0El verdadero maestro y el verdadero estudiante pueden pasar a menudo desapercibidos, porque hay mucho ruido producido por aquellos que solo se est\u00e1n proclamando a s\u00ed mismos.\u00a0Y debido a la naturaleza del Programa de Pacificaci\u00f3n de la Intervenci\u00f3n, debes tener especial cuidado en estos asuntos.\u00a0Pues los partidarios de la Intervenci\u00f3n ser\u00e1n, m\u00e1s que probablemente, aquellos que son ego\u00edstas y buscan justificarse a s\u00ed mismos.<\/p>\n<p>Todos ellos hacen m\u00e1s dif\u00edcil el camino para el verdadero Emisario, porque ahora hay decepci\u00f3n y desconfianza.\u00a0Las personas reconocen la falsedad en muchos maestros y ahora sospechan de todos ellos, y por tanto, cuando el verdadero emisario llega, \u00e9l se lleva la peor parte de esto.\u00a0\u00c9l ser\u00e1 puesto en duda, difamado y culpado de los fracasos de tantos otros que realmente no pod\u00edan justificarse a s\u00ed mismos.<\/p>\n<p>Es necesario que demos esta perspectiva, porque las personas no entienden la naturaleza del nombramiento espiritual.\u00a0No entienden que uno es elegido y que no puede elegirse a s\u00ed mismo.\u00a0No entienden qui\u00e9n es elegido, por qu\u00e9 es elegido y lo que realmente significa y requiere ser un Emisario.<\/p>\n<p>Hay muchas cosas que pueden ense\u00f1arse a muchos niveles, y t\u00fa puedes ense\u00f1ar cosas, siempre y cuando no te asignes a ti mismo poderes o dones especiales.\u00a0No te llames a ti mismo un emisario o un mensajero de Dios.\u00a0Porque cada vez que creas ser un emisario o un mensajero, puedes estar seguro de que est\u00e1s nombr\u00e1ndote a ti mismo y que no ha sido nombrado.<\/p>\n<p>El Creador es extremadamente cuidadoso sobre qui\u00e9n es seleccionado.\u00a0Y los seleccionados ser\u00e1n muy reacios a hacer una proclamaci\u00f3n de qui\u00e9nes y qu\u00e9 son en realidad.\u00a0Ellos pasar\u00e1n desapercibidos en medio de todo el ruido, de todas las afirmaciones extravagantes que las personas hacen de s\u00ed mismas y de sus ense\u00f1anzas y sus mensajes.\u00a0Y el verdadero estudiante tendr\u00e1 que ser muy, muy paciente para encontrar al verdadero maestro, porque los verdaderos maestros son raros.<\/p>\n","protected":false},"excerpt":{"rendered":"<p>Muchas personas en la actualidad son muy ambiciosas respecto a la espiritualidad y la direcci\u00f3n espiritual.\u00a0Ellas piensan que son mensajeros de Dios y que sus creencias, asociaciones e ideales son realmente algo m\u00e1s grande de lo que son.\u00a0E insisten en esta posici\u00f3n, sin entender que los Mensajes de Dios rara vez se dan.\u00a0Ellas se han\u2026 <a class=\"read-more\" href=\"https:\/\/www.v6.newmessage.org\/es\/about-text-shortcode\"><span>Read More<\/span><\/a><\/p>\n","protected":false},"author":13,"featured_media":0,"parent":29304,"menu_order":45,"comment_status":"closed","ping_status":"closed","template":"template-leftsidebar.php","meta":{"_monsterinsights_skip_tracking":false,"_monsterinsights_sitenote_active":false,"_monsterinsights_sitenote_note":"","_monsterinsights_sitenote_category":0,"footnotes":""},"categories":[76,805,467],"tags":[155,711],"_links":{"self":[{"href":"https:\/\/www.v6.newmessage.org\/es\/wp-json\/wp\/v2\/pages\/27921"}],"collection":[{"href":"https:\/\/www.v6.newmessage.org\/es\/wp-json\/wp\/v2\/pages"}],"about":[{"href":"https:\/\/www.v6.newmessage.org\/es\/wp-json\/wp\/v2\/types\/page"}],"author":[{"embeddable":true,"href":"https:\/\/www.v6.newmessage.org\/es\/wp-json\/wp\/v2\/users\/13"}],"replies":[{"embeddable":true,"href":"https:\/\/www.v6.newmessage.org\/es\/wp-json\/wp\/v2\/comments?post=27921"}],"version-history":[{"count":5,"href":"https:\/\/www.v6.newmessage.org\/es\/wp-json\/wp\/v2\/pages\/27921\/revisions"}],"predecessor-version":[{"id":29314,"href":"https:\/\/www.v6.newmessage.org\/es\/wp-json\/wp\/v2\/pages\/27921\/revisions\/29314"}],"up":[{"embeddable":true,"href":"https:\/\/www.v6.newmessage.org\/es\/wp-json\/wp\/v2\/pages\/29304"}],"wp:attachment":[{"href":"https:\/\/www.v6.newmessage.org\/es\/wp-json\/wp\/v2\/media?parent=27921"}],"wp:term":[{"taxonomy":"category","embeddable":true,"href":"https:\/\/www.v6.newmessage.org\/es\/wp-json\/wp\/v2\/categories?post=27921"},{"taxonomy":"post_tag","embeddable":true,"href":"https:\/\/www.v6.newmessage.org\/es\/wp-json\/wp\/v2\/tags?post=27921"}],"curies":[{"name":"wp","href":"https:\/\/api.w.org\/{rel}","templated":true}]}}