{"id":27893,"date":"2016-02-28T13:26:10","date_gmt":"2016-02-28T13:26:10","guid":{"rendered":"http:\/\/www.newmessage.org\/spanish-international\/?page_id=27893"},"modified":"2016-02-28T13:26:10","modified_gmt":"2016-02-28T13:26:10","slug":"poderes-superiores","status":"publish","type":"page","link":"https:\/\/www.v6.newmessage.org\/es\/el-mensaje\/otras-revelaciones\/poderes-superiores","title":{"rendered":"Poderes Superiores"},"content":{"rendered":"<div><!--Versi\u00f3n espa\u00f1ola 1.3--><\/div>\n\n<div class=\"tabgroup \"><ul class=\"tabs\"><li><a href=\"#tabs-1\">Acerca de<\/a><\/li><\/ul>\n <div id=\"tabs-1\"><br \/>\n<i>Como le fue revelado a<\/i><br \/>\n<i>Marshall Vian Summers<\/i><br \/>\n<i>el 26 de abril de 2011<\/i><br \/>\n<i>en Boulder, Colorado, Estados Unidos<\/i><\/p>\n<p>Texto original: Higher Powers (no disponible online)<\/p>\n<div class=\"toggle toggle-white\"><h4 class=\"trigger \"><span class=\"t_ico\"><\/span><a href=\"#\">M\u00e1s informaci\u00f3n sobre este texto<\/a><\/h4><div class=\"toggle_container \"><br \/>\n<p>Lo que est\u00e1s leyendo en este texto es la transcripci\u00f3n de la voz original de la Asamblea Ang\u00e9lica hablando a trav\u00e9s del Mensajero Marshall Vian Summers.<\/p>\n<p>Aqu\u00ed, la comunicaci\u00f3n original de Dios, que existe m\u00e1s all\u00e1 de las palabras, es traducida al lenguaje y el entendimiento humanos por la Asamblea Ang\u00e9lica que supervisa el mundo. La Asamblea despu\u00e9s entrega el Mensaje de Dios a trav\u00e9s del Mensajero, tras lo cual es transcrito y puesto a tu disposici\u00f3n y a disposici\u00f3n de todos.<\/p>\n<p>En este extraordinario proceso, la Voz de la Revelaci\u00f3n est\u00e1 hablando de nuevo. La Palabra y el Sonido est\u00e1n en el mundo. Que puedas ser el receptor de este regalo de Revelaci\u00f3n y puedas estar abierto a recibir su Mensaje \u00fanico para ti y para tu vida.<\/p>\n<br \/>\n<\/div><\/div>\n<p><\/div>\n\t\t\t\t<div align=\"right\">\n\t\t\t<div class=\"fb-like\" data-href=\"\" data-layout=\"button_count\" data-action=\"like\" data-show-faces=\"false\" data-share=\"false\"><\/div>\n\t\t\t<div class=\"fb-share-button\" data-layout=\"button_count\"> <\/div>\n\t\t\t<div class=\"fb_iframe_widget\"><a href=\"https:\/\/twitter.com\/godsnewmessage?ref_src=twsrc%5Etfw\" class=\"twitter-follow-button\" data-show-count=\"false\">Follow @godsnewmessage<\/a><script async src=\"https:\/\/platform.twitter.com\/widgets.js\" charset=\"utf-8\"><\/script><\/div>\n\t\t\t<\/div> <\/div> \n\n<p>Tus ojos y o\u00eddos solo perciben la realidad dentro de una determinada banda de un espectro mayor. Tus sentidos fueron creados para navegar por el mundo f\u00edsico y todas sus oportunidades, riesgos e incertidumbres. La mayor\u00eda de las personas est\u00e1n involucradas en el mundo puramente sobre esta base, a menudo oprimidas por la pobreza o la opresi\u00f3n pol\u00edtica y las restricciones de las expectativas familiares y las tendencias y actitudes culturales.<\/p>\n<p>Pero tus sentidos son capaces de percibir cosas m\u00e1s refinadas que est\u00e1n fuera del espectro normal de la percepci\u00f3n humana. Esto requiere un refinamiento de tu sensibilidad y un mayor grado de discernimiento en cuanto a lo que est\u00e1s percibiendo y si debes involucrarte en ello o no.<\/p>\n<p>Hay muchas fuerzas en el ambiente mental que son tanto positivas como negativas con respecto a tu bienestar. As\u00ed que si vas a aventurarte m\u00e1s all\u00e1 de los l\u00edmites normales de la percepci\u00f3n y la experiencia, debes tener una base en el Conocimiento, la inteligencia m\u00e1s profunda que Dios te ha dado. Y debes desarrollar una objetividad y un discernimiento mayores sobre tu propia experiencia, como si te aventurases en un territorio nuevo y tuvieras que ser muy cuidadoso y estar atento, muy vigilante del entorno y evitando llegar a conclusiones prematuras o hacer grandes suposiciones acerca de tus nuevas experiencias.<\/p>\n<p>Algunas personas nacen con un mayor rango de percepci\u00f3n que siempre ha estado con ellas. Pero para muchas personas esto ha sido una fuente de dolor, malestar y alienaci\u00f3n de los dem\u00e1s \u2014m\u00e1s una maldici\u00f3n que una bendici\u00f3n\u2014. Pero es una bendici\u00f3n, y augura cosas mayores. Sin embargo, debe tener el marco, la comprensi\u00f3n, la preparaci\u00f3n y el enfoque adecuados para que estas mayores capacidades sean cultivadas y utilizadas sabiamente, de acuerdo a su verdadero dise\u00f1o y prop\u00f3sito.<\/p>\n<p>No puedes utilizarlas para tus ambiciones personales, para obtener riquezas o privilegios o para ganar el amor o el cari\u00f1o de los dem\u00e1s, porque los poderes mayores dentro de vosotros no sucumbir\u00e1n a este tipo de motivaciones. Si bien es posible ejercer una mayor fuerza e influencia sobre otros, los poderes mayores est\u00e1n m\u00e1s all\u00e1 del alcance del intelecto y no pueden aprovecharse para obtener ventajas personales.<\/p>\n<p>Los poderes mayores dentro de ti est\u00e1n conectados a los Poderes Mayores m\u00e1s all\u00e1 de ti. Responden unos a otros. No puedes incitar a los poderes mayores por tu cuenta hasta que entras al servicio de los Poderes Mayores m\u00e1s all\u00e1 de ti.<\/p>\n<p>Este es un error com\u00fan que muchas personas cometen. Un error que es muy importante y puede dar lugar a b\u00fasquedas peligrosas, llevando a una persona a ser cada vez m\u00e1s inestable y disociada del mundo que le rodea.<\/p>\n<p>El Conocimiento aqu\u00ed debe volverse cada vez m\u00e1s tu gu\u00eda sobre lo que puede abordarse y lo que debe evitarse, sobre lo que es una b\u00fasqueda fruct\u00edfera y lo que es una peligrosa, sobre qu\u00e9 fuerzas en el ambiente mental son beneficiosas y cu\u00e1les socavar\u00e1n tu confianza, e incluso las fuerzas que pueden tomar el control de tu mente.<\/p>\n<p>Hay riesgos aqu\u00ed, tal y como hay riesgos en todos los aspectos de la vida y en todas las actividades. No puedes tener un acercamiento tonto o infantil a estas cosas m\u00e1s grandes sin ponerte en peligro y crear muchas falsas afirmaciones y suposiciones.<\/p>\n<p>Hay riesgos en el ambiente mental, y hay riesgos al aproximarte a los grandes poderes dentro y fuera de ti. Aqu\u00ed el Conocimiento dentro de ti es de vital importancia, porque determinar\u00e1 lo que debes abordar y lo que debes sortear, lo que es verdadero y lo que es falso, lo que debes encontrar y lo que debes evitar.<\/p>\n<p>Pero esto tambi\u00e9n requiere un sabio compa\u00f1erismo con otros, porque no puedes verlo todo por tu cuenta, ya que cada uno tiene sus puntos ciegos \u2014cosas que no puede ver o discernir correctamente\u2014. Necesitar\u00e1s sabios compa\u00f1eros. En alg\u00fan momento, necesitar\u00e1s un verdadero maestro, ya que no puedes llevarte a ti mismo, porque no sabes a d\u00f3nde est\u00e1s yendo.<\/p>\n<p>Necesitas la preparaci\u00f3n correcta, porque hay muchas preparaciones que no te llevar\u00e1n a ninguna parte o que solo est\u00e1n ah\u00ed para mejorar tu personalidad. Puede que hablen de poderes y fuerzas mayores. Puede incluso que hablen de milagros y santidad, pero no pueden llevarte a las alturas de esta mayor monta\u00f1a.<\/p>\n<p>Impregnando el paisaje espiritual hay muchas creencias, suposiciones y prop\u00f3sitos que son necios e incorrectos, especialmente en la medida en que [la espiritualidad] ha sido puesta a disposici\u00f3n de un p\u00fablico que no tiene un verdadero prop\u00f3sito y que no entiende la verdadera naturaleza de la involucraci\u00f3n con los Poderes Mayores.<\/p>\n<p>El Conocimiento dentro de ti iniciar\u00e1 una relaci\u00f3n con los Poderes Mayores. Estos Poderes Mayores son realmente individuos mayores. No son solo fuerzas de persuasi\u00f3n que existen en el ambiente mental. En realidad, son individuos mayores.<\/p>\n<p>Pero esta involucraci\u00f3n no suceder\u00e1 a tu manera, y no satisfar\u00e1 tus nociones rom\u00e1nticas. Tampoco puedes utilizarles [a los Poderes Mayores] para compensar tu propia inseguridad y reafirmarte a ti mismo, porque ellos no te responder\u00e1n a menos que tu solicitud sea aut\u00e9ntica y est\u00e9s realmente en condiciones de ver, saber y hacer cosas m\u00e1s grandes. Ellos establecer\u00e1n los t\u00e9rminos de la interacci\u00f3n, ya que son sabios y poderosos. T\u00fa eres el joven aprendiz que no sabe nada y que todav\u00eda est\u00e1 lleno de falsas suposiciones e ideas err\u00f3neas.<\/p>\n<p>Pero, una vez m\u00e1s, debemos advertirte que el mayor \u00e9nfasis aqu\u00ed est\u00e1 en el poder del Conocimiento dentro de ti, porque hay poderes mayores en el ambiente mental que son extremadamente peligrosos, y debes tener la gu\u00eda del Conocimiento para saber cu\u00e1ndo, d\u00f3nde y c\u00f3mo aplicarte aqu\u00ed.<\/p>\n<p>Hay individuos poderosos m\u00e1s all\u00e1 de tu alcance visual, m\u00e1s all\u00e1 de tu percepci\u00f3n sensorial, con los que no deber\u00edas estar en contacto bajo ninguna circunstancia, aunque puedan parecer muy atractivos y poderosos.<\/p>\n<p>Esto no pretende desalentarte, sino prepararte y advertirte. Esto no es un juego de ni\u00f1os. No es una b\u00fasqueda inconsecuente. No es algo que hagas por diversi\u00f3n, por emoci\u00f3n, por excitaci\u00f3n o por presumir. Es por eso que estos asuntos nunca deben discutirse a la ligera, excepto con otros verdaderos estudiantes del Conocimiento, y solo bajo ciertas circunstancias.<\/p>\n<p>Puedes estar seguro de que si las personas discuten estas cosas entre ellas en lugares p\u00fablicos o a la ligera, significa que no entienden realmente con qu\u00e9 est\u00e1n tratando, y son vulnerables a persuasiones poderosas. Ellas mismas se ponen en una situaci\u00f3n de peligro.<\/p>\n<p>Debes tener una mente seria y un enfoque cuidadoso. Esto no es un pasatiempo o un hobby. Por eso, la Nueva Revelaci\u00f3n enfatiza el tomar los <em>Pasos al Conocimiento<\/em> como requisito previo y tambi\u00e9n como estudio simult\u00e1neo a cualquier otra actividad de educaci\u00f3n o contacto que puedas tener.<\/p>\n<p>Las personas est\u00e1n entreg\u00e1ndose a la presencia extraterrestre en el mundo, pensando que esta es espiritual y casi angelical. No se dan cuenta de que est\u00e1n tratando con una presencia peligrosa, cuyo objetivo es socavar la libertad y la soberan\u00eda humanas en este mundo, a pesar de proclamar lo contrario.<\/p>\n<p>El Conocimiento te llevar\u00e1 por el camino adecuado. Abrir\u00e1 la puerta adecuada. Te llevar\u00e1 a la persona adecuada en el mundo. Te conectar\u00e1 con el Poder Mayor que est\u00e1 ah\u00ed para ti.<\/p>\n<p>Seguidamente, debes entender que los Poderes Mayores no vienen siempre que lo desees. Ellos no est\u00e1n siempre contigo. Ellos tienen un trabajo importante que hacer en este mundo y en otros mundos. T\u00fa no eres sino uno de los puntos de contacto, un destinatario potencial. Ellos tienen muchos otros. Son como el m\u00e9dico rural que debe viajar largas distancias para ver a sus pacientes.<\/p>\n<p>Por tanto, tu solicitud de orientaci\u00f3n puede ser respondida en un d\u00eda o en un a\u00f1o, dependiendo en gran medida de tu enfoque, tu disposici\u00f3n y tu madurez. Porque las personas piden muchas cosas con las que en realidad no pueden tratar. Ellas quieren un gran poder. Quieren una gran visi\u00f3n. Quieren grandes habilidades, pero no tienen la base ni la capacidad para ello. Porque tener un mayor Conocimiento y Sabidur\u00eda es una carga y te diferencia de los dem\u00e1s, y debe ir acompa\u00f1ado de una gran habilidad y sabidur\u00eda; de lo contrario puede abrumarte o quebrantarte.<\/p>\n<p>Es por eso que el ambicioso jam\u00e1s es respondido por los Poderes Mayores, excepto por aquellos poderes que tratan de socavar o controlar a las personas. Es por eso que aquellos que est\u00e1n llenos de presunci\u00f3n y quieren tener la grandeza de pensar en s\u00ed mismos como un gran maestro o avatar nunca estar\u00e1n entre los elegidos. En general, aquellos que se proclaman a s\u00ed mismos y que proclaman sus habilidades y su iluminaci\u00f3n, deben ser abordados con mucha cautela.<\/p>\n<p>Los verdaderamente avanzados no hacen eso. Ellos se reservan para el verdadero estudiante. Ellos no proclaman poder elevar a la persona com\u00fan que no tiene preparaci\u00f3n, ni disposici\u00f3n, ni capacidad para experimentar las grandes fuerzas de la vida.<\/p>\n<p>Es por eso que la Nueva Revelaci\u00f3n, el Mensaje de Dios para el mundo, proporciona los <em>Pasos al Conocimiento<\/em> para que este viaje pueda emprenderse de manera segura y que el individuo tenga la oportunidad de desaprender lo que es falso y gane las habilidades del discernimiento y la discreci\u00f3n que se necesitan para acercarse a los Poderes Mayores.<\/p>\n<p>Cuando piensas en los Poderes Mayores en su m\u00e1s genuino sentido, piensas en relaciones con individuos mayores, pero ellos no son los individuos que deseas. No son gloriosos, glamorosos y magn\u00edficos. No har\u00e1n milagros a trav\u00e9s de ti. Esa es tu ambici\u00f3n. Esa es tu fantas\u00eda.<\/p>\n<p>No, ellos te ayudar\u00e1n a fortalecerte y a prepararte para asumir responsabilidades mayores y un mayor servicio en el mundo, de modo que puedas soportar una mayor carga, un mayor peso y la capacidad de servir a las personas de una manera m\u00e1s amplia.<\/p>\n<p>Esto es una larga preparaci\u00f3n. No puedes ir a un seminario y aprender estas cosas. Debes hacer el largo viaje. No puedes tenerlo todo sin m\u00e1s ahora. No est\u00e1 ah\u00ed para tomarlo. Debes desarrollar la sabidur\u00eda y el autocontrol necesarios con el fin de acercarte a las fuerzas mayores de la vida y ser capaz de recibir de los Poderes Mayores aquello que te est\u00e1 destinado.<\/p>\n<p>Este no es un viaje seguro para los incautos o los impacientes o para los individuos que exigen conseguir lo que quieren. Ellos se conducir\u00e1n a s\u00ed mismos en otra direcci\u00f3n, y se har\u00e1n vulnerables a fuerzas muy divisivas. Es por ello que Nosotros ofrecemos este enfoque tan sobrio.<\/p>\n<p>T\u00fa que tienes un mayor prop\u00f3sito para estar en el mundo, debes llevar a cabo la preparaci\u00f3n y la orientaci\u00f3n correctas. Estas no son cosas que t\u00fa creas o determinas. No vienes a Dios a tu manera o en tus plazos o de acuerdo a tus expectativas. Esto es parte de la humildad que debes tener en tu acercamiento, de la paciencia que debes tener, del autodominio que debes aplicar a tus propias pasiones, deseos y motivaciones.<\/p>\n<p>Llegas a este gran encuentro porque eres llamado, pero no sabes lo que esto significa, y no puedes hacer suposiciones sabias sobre ello o sobre lo que producir\u00e1 o proveer\u00e1 para ti. Debes someterte. Pero no lo haces ciegamente. No entregas tu vida, porque los Poderes Mayores no aceptar\u00e1n esto. No puedes renunciar a tus responsabilidades de ser una persona en el mundo, que tiene que manejar sus asuntos correctamente y relacionarse con los dem\u00e1s con sabidur\u00eda, discreci\u00f3n y discernimiento. De hecho, desarrollar esa discreci\u00f3n y discernimiento es una gran parte de tu entrenamiento y preparaci\u00f3n. Todo lo que dices y haces se vuelve ahora importante.<\/p>\n<p>No puedes estar perdido en el mundo. Debes conocer las fuerzas que te est\u00e1n afectando \u2014las persuasiones de otros, las limitaciones de tus involucraciones, el significado de tus atracciones y las cosas que deseas evitar.<\/p>\n<p>Es por eso que cuando las personas se acercan al verdadero camino, a un verdadero camino de preparaci\u00f3n, muchas se apartan al comprender que el plan de estudios es m\u00e1s exigente de lo que esperaban. Realmente tienen que enfrentar cosas, ser m\u00e1s honestas consigo mismas y cuestionar sus compromisos y obligaciones. Las personas se apartan y se marchan a otro lugar, buscando las recompensas que piensan que les pertenecen.<\/p>\n<p>Es por ello que, en \u00faltima instancia, es el Conocimiento quien te lleva al Conocimiento. Al principio, las personas tienen otros deseos. Quieren comunidad. Quieren amor. Quieren apoyo. Quieren placer. Quieren comodidad. Quieren ser aliviadas de sus cargas. Parte de su b\u00fasqueda es aut\u00e9ntica, y parte no lo es. As\u00ed que se requiere una preparaci\u00f3n al principio para comenzar a comprender el hecho de que su acercamiento no es a\u00fan \u00edntegro y honesto, y que debe hacerse \u00edntegro y honesto; de lo contrario no llegar\u00e1n a los Poderes Mayores. No encontrar\u00e1n su prop\u00f3sito mayor. No estar\u00e1n en una posici\u00f3n en la vida desde la que asumir mayores responsabilidades, y no se tomar\u00e1n el tiempo para desarrollar la sabidur\u00eda requerida para realizar este gran viaje.<\/p>\n<p>Las personas piensan: &#8220;Bueno, esto solo debe ser para una persona excepcional. Esto debe ser solo para una persona experta, para el virtuoso\u201c. Pero Nosotros decimos que <em>no<\/em>. Las personas viven servilmente, incluso en las naciones ricas. Han ca\u00eddo en un estado pat\u00e9tico, en un acercamiento a la vida muy poco inteligente, pero eso no significa que no est\u00e9n aqu\u00ed por un prop\u00f3sito mayor y que no debieran responder a una llamada divina y desarrollar un est\u00e1ndar m\u00e1s alto para s\u00ed mismas.<\/p>\n<p>Esto no es para el experto. No es para una persona excepcional y \u00fanica. No es para los superdotados. Es para ti. \u00a1Es para esa persona, y esa persona, y esa persona! No, ellas no se volver\u00e1n superh\u00e9roes, pero pueden llegar a ser l\u00facidas y poderosas, sabias y perspicaces, y dejar que el Conocimiento corrija y guie sus vidas.<\/p>\n<p>\u00bfQui\u00e9n eres t\u00fa para decir que esto no deber\u00eda ser o no puede ser, solo porque las personas no buscan lo que es m\u00e1s verdadero y m\u00e1s satisfactorio para ellas mismas? No creas que puedes contentarte con las cosas peque\u00f1as. Las posesiones, los placeres y las ocupaciones, por s\u00ed solas, no van a satisfacer la necesidad m\u00e1s profunda de tu alma, y \u200b\u200bpensar lo contrario es ser realmente deshonesto contigo mismo y con los dem\u00e1s.<\/p>\n<p>No bajes tus est\u00e1ndares porque otros hayan bajado los suyos. Ten cuidado de con qui\u00e9n te asocias, porque ellos bajar\u00e1n tus est\u00e1ndares. Imperceptiblemente lo har\u00e1n. T\u00fa sucumbir\u00e1s a sus compromisos, pensando que esa es la manera de estar en la vida.<\/p>\n<p>La Nueva Revelaci\u00f3n de Dios llama al poder del Conocimiento en el individuo. Llama a las personas a una mayor preparaci\u00f3n y una mayor implicaci\u00f3n en el mundo. Proporciona los <em>Pasos al Conocimiento<\/em>. Proporciona la sabidur\u00eda y el comentario que las personas necesitar\u00e1n \u2014y que no pueden proveerse por s\u00ed mismas\u2014 para responder a esta llamada, emprender este viaje y asumir estas responsabilidades y recompensas mayores.<\/p>\n<p>Los Poderes Mayores quieren ayudarte a despojarte de tu insensatez y de las cosas que crees que son reales pero no lo son, para llevarte hacia las alturas de esta monta\u00f1a, para que puedas ver y no solo pensar y creer. Porque una vez que alcanzas los lugares m\u00e1s altos de la monta\u00f1a, el paisaje se vuelve obvio, mientras que antes solo pod\u00edas suponer como ser\u00eda.<\/p>\n<p>Como hemos dicho, los poderes mayores dentro de ti responden a los Poderes Mayores m\u00e1s all\u00e1 de ti, ya que est\u00e1n conectados. Porque en un nivel m\u00e1s profundo no eres solo un individuo, un punto aislado en el universo, un objeto flotando en el espacio. Est\u00e1s conectado. Est\u00e1s conectado a otros a trav\u00e9s de relaciones \u2014tanto en el mundo como m\u00e1s all\u00e1 del mundo, en este mundo y en otros mundos\u2014. Tus ra\u00edces llegan hondo. Ellas se propagan en todas direcciones.<\/p>\n<p>El intelecto no puede comprender esto. Esto est\u00e1 m\u00e1s all\u00e1 de la imaginaci\u00f3n humana, as\u00ed que no trates de concebirlo. Quiz\u00e1 simb\u00f3licamente puedas percibirlo, y eso est\u00e1 bien, pero no trates de pensar que puedes concebir lo que esto significa, porque est\u00e1 m\u00e1s all\u00e1 del dominio de la inteligencia. Debes acercarte con humildad y reverencia, sin pretender que entiendes estas cosas, o solo proclamar\u00e1s tu necedad y tu falta de preparaci\u00f3n.<\/p>\n<p>Lo manifiesto puede ser comprendido. Puede arreglarse. Puede alterarse, en la mayor\u00eda de los casos. Pero aquello que est\u00e1 m\u00e1s all\u00e1 de lo f\u00edsico debe ser abordado de manera muy diferente. Y ah\u00ed no puedes reverenciar todas las cosas, porque hay fuerzas en el ambiente mental que son totalmente perjudiciales.<\/p>\n<p>Es por eso que necesitar\u00e1s el poder del Conocimiento y los Poderes Mayores, las relaciones mayores, para ayudarte a navegar esta realidad mayor y m\u00e1s profunda, esta realidad que te devuelve al mundo con claridad de prop\u00f3sito y el cultivo de las habilidades necesarias para comenzar a ser una fuente de inspiraci\u00f3n y orientaci\u00f3n para otros.<\/p>\n<p>T\u00fa no sabes lo que esto significa. No se trata de tener una personalidad perfecta o de tener grandes poderes fenomenales. Se trata de estar quieto y despejado, compasivo y resuelto \u2014un estado muy diferente a las im\u00e1genes gloriosas que las personas pueden concebir para s\u00ed mismas, un estado mental muy diferente\u2014, una mente de claridad y sencillez, una mente capaz de concentrarse, de estar muy enfocada y de no ser sorprendida por toda fuerza y capricho del entorno, una mente que puede enfrentar la belleza de la vida y de la contribuci\u00f3n humana, una mente que puede enfrentar la tragedia de la vida y la p\u00e9rdida y el fracaso humanos, no con perfecta ecuanimidad, sino con claridad y compasi\u00f3n.<\/p>\n<p>Esto solo puede describirse en t\u00e9rminos generales. Todav\u00eda no has llegado all\u00ed. Pero puedes estar en camino, y eso es realmente la mayor educaci\u00f3n que est\u00e1 ahora ante ti. Esto requerir\u00e1 que est\u00e9s bien y seas estable en el mundo. Que tu salud sea fuerte. Que no te veas acosado por constantes problemas econ\u00f3micos. Que no est\u00e9s comprometido en relaciones que solo pueden apartarte y degradarte. Que est\u00e9s asociado con otras personas, incluso si es con una sola, que pueda apoyar tu mayor llamada y respuesta.<\/p>\n<p>Esta es la cosa m\u00e1s natural. Es la cosa m\u00e1s grande. Puede que no lo sepas en este momento, pero estar recibiendo la Nueva Revelaci\u00f3n de Dios es el mayor acontecimiento de tu vida. Tal vez pienses que es ense\u00f1anza m\u00e1s, mejor que otras tal vez o diferente, pero eso significa que est\u00e1s respondiendo con tu intelecto y no con tu coraz\u00f3n y tu alma.<\/p>\n<p>Si no puedes responder a Dios y a la Nueva Revelaci\u00f3n de Dios, \u00bfc\u00f3mo responder\u00e1s a la naturaleza m\u00e1s profunda dentro de ti mismo o de otras personas? Porque la involucraci\u00f3n es la misma, \u00bfte das cuenta? Si no puedes confiar en la Revelaci\u00f3n, \u00bfc\u00f3mo confiar\u00e1s en ti mismo? \u00bfC\u00f3mo confiar\u00e1s en los dem\u00e1s? \u00bfC\u00f3mo confiar\u00e1s en la verdad cualquiera que sea su forma?<\/p>\n<p>Pensar\u00e1s que todo es cuesti\u00f3n de ideas y perspectiva. As\u00ed es como los ciegos creen que pueden ver. T\u00fa ser\u00e1s cr\u00edtico. Estar\u00e1s hastiado. Ser\u00e1s esc\u00e9ptico. Ser\u00e1s desconfiado. Pensar\u00e1s que todo es enga\u00f1oso porque <em>t\u00fa mismo<\/em> eres enga\u00f1oso.<\/p>\n<p>Estas son las personas que se quedan fuera de la puerta del templo, que no pueden entrar en \u00e9l, no porque no sean bienvenidas, sino porque se han echado a s\u00ed mismas. No pueden responder a un nivel m\u00e1s profundo. No est\u00e1n listas para una verdadera participaci\u00f3n en la vida. Est\u00e1n perdidas en sus ideas. El Conocimiento est\u00e1 con ellas, pero ellas est\u00e1n en otra parte.<\/p>\n<p>Por tanto, sois bendecidos por recibir esto. Es una sabidur\u00eda preciosa, m\u00e1s preciosa de lo que puedas entender o apreciar en este momento. Pero si puedes llevar a cabo tu mayor llamada y viaje ver\u00e1s lo importante que es esto, c\u00f3mo es un regalo de amor y gracia para ti y cu\u00e1nto se necesita en el mundo \u2014en todas partes, por todos.<\/p>\n<p>Que esta sea tu comprensi\u00f3n.<\/p>\n","protected":false},"excerpt":{"rendered":"<p>Tus ojos y o\u00eddos solo perciben la realidad dentro de una determinada banda de un espectro mayor. Tus sentidos fueron creados para navegar por el mundo f\u00edsico y todas sus oportunidades, riesgos e incertidumbres. La mayor\u00eda de las personas est\u00e1n involucradas en el mundo puramente sobre esta base, a menudo oprimidas por la pobreza o\u2026 <a class=\"read-more\" href=\"https:\/\/www.v6.newmessage.org\/es\/about-text-shortcode\"><span>Read More<\/span><\/a><\/p>\n","protected":false},"author":13,"featured_media":0,"parent":16358,"menu_order":27,"comment_status":"closed","ping_status":"closed","template":"template-leftsidebar.php","meta":{"_monsterinsights_skip_tracking":false,"_monsterinsights_sitenote_active":false,"_monsterinsights_sitenote_note":"","_monsterinsights_sitenote_category":0,"footnotes":""},"categories":[501,76],"tags":[],"_links":{"self":[{"href":"https:\/\/www.v6.newmessage.org\/es\/wp-json\/wp\/v2\/pages\/27893"}],"collection":[{"href":"https:\/\/www.v6.newmessage.org\/es\/wp-json\/wp\/v2\/pages"}],"about":[{"href":"https:\/\/www.v6.newmessage.org\/es\/wp-json\/wp\/v2\/types\/page"}],"author":[{"embeddable":true,"href":"https:\/\/www.v6.newmessage.org\/es\/wp-json\/wp\/v2\/users\/13"}],"replies":[{"embeddable":true,"href":"https:\/\/www.v6.newmessage.org\/es\/wp-json\/wp\/v2\/comments?post=27893"}],"version-history":[{"count":1,"href":"https:\/\/www.v6.newmessage.org\/es\/wp-json\/wp\/v2\/pages\/27893\/revisions"}],"predecessor-version":[{"id":27894,"href":"https:\/\/www.v6.newmessage.org\/es\/wp-json\/wp\/v2\/pages\/27893\/revisions\/27894"}],"up":[{"embeddable":true,"href":"https:\/\/www.v6.newmessage.org\/es\/wp-json\/wp\/v2\/pages\/16358"}],"wp:attachment":[{"href":"https:\/\/www.v6.newmessage.org\/es\/wp-json\/wp\/v2\/media?parent=27893"}],"wp:term":[{"taxonomy":"category","embeddable":true,"href":"https:\/\/www.v6.newmessage.org\/es\/wp-json\/wp\/v2\/categories?post=27893"},{"taxonomy":"post_tag","embeddable":true,"href":"https:\/\/www.v6.newmessage.org\/es\/wp-json\/wp\/v2\/tags?post=27893"}],"curies":[{"name":"wp","href":"https:\/\/api.w.org\/{rel}","templated":true}]}}