{"id":27891,"date":"2016-02-28T13:22:34","date_gmt":"2016-02-28T13:22:34","guid":{"rendered":"http:\/\/www.newmessage.org\/spanish-international\/?page_id=27891"},"modified":"2023-08-21T09:55:24","modified_gmt":"2023-08-21T09:55:24","slug":"el-nuevo-mensaje-para-el-individuo","status":"publish","type":"page","link":"https:\/\/www.v6.newmessage.org\/es\/el-mensaje\/otras-revelaciones\/el-nuevo-mensaje-para-el-individuo","title":{"rendered":"La importancia del individuo"},"content":{"rendered":"<div><!--Versi\u00f3n espa\u00f1ola 1.3--><\/div>\n\n<div class=\"tabgroup \"><ul class=\"tabs\"><li><a href=\"#tabs-1\">Acerca de<\/a><\/li><\/ul>\n <div id=\"tabs-1\"><br \/>\n<i>Como le fue revelado a<\/i><br \/>\n<i>Marshall Vian Summers<\/i><br \/>\n<i>el 10 de septiembre de 2006<\/i><br \/>\n<i>en Boulder, Colorado, Estados Unidos<\/i><\/p>\n<p>Texto original: <a href=\"https:\/\/www.newmessage.org\/the-message\/volume-1\/the-new-way-forward-for-humanity\/the-importance-of-the-individual\/\">The Importance of the Individual<\/a><\/p>\n<p>Escucha el audio original aqu\u00ed (en ingl\u00e9s):<\/p>\n<div id=\"jquery_jplayer_1\" class=\"jp-jplayer\"><\/div>\n\t\t\t\t<div id=\"jp_container_1\" class=\"jp-audio\">\n\t\t\t\t<div class=\"jp-type-single\"><div class=\"jp-control\"><a href=\"javascript:;\" class=\"jp-play\" tabindex=\"1\">play<\/a><a href=\"javascript:;\" class=\"jp-pause\" tabindex=\"1\">pause<\/a><\/div> <div class=\"jp-gui jp-interface\"><div class=\"jp-volume\"><div class=\"jp-volume-bar\"><div class=\"jp-volume-bar-value\"><\/div><\/div><\/div><div class=\"jp-progress\"><div class=\"jp-seek-bar\"><div class=\"jp-play-bar\"><\/div><\/div><\/div><\/div>\t\t\t\t\t<div class=\"jp-no-solution\"><span>Update Required<\/span>To play the media you will need to either update your browser to a recent version or update your <a href=\"http:\/\/get.adobe.com\/flashplayer\/\" target=\"_blank\">Flash plugin<\/a>.<\/div><\/div><\/div>\n\t\t\t<script type='text\/javascript'>\n\t\t\t\tjQuery(document).ready(function() {\n\t\t\t\t\tif (typeof (sermonMedia) == 'function') {\n\t\t\t\t\t\tsermonMedia.addAudio('', \"jquery_jplayer_1\");\n\t\t\t\t\t}\n\t\t\t\t\tjQuery.jPlayer.timeFormat.showHour = true;\n\t\t\t\t\tjQuery(\"#jquery_jplayer_1\").jPlayer({\n\t\t\t\t\t\tready: function(event) {\n\t\t\t\t\t\t\tjQuery(this).jPlayer(\"setMedia\", {mp3: 'https:\/\/s3.us-east-1.wasabisys.com\/nmfg-av\/the-importance-of-the-individual.mp3'});\n\t\t\t\t\t\t},\n\t\t\t\t\t\tplay: function() {\n\t\t\t\t\t\t\tjQuery(this).jPlayer(\"pauseOthers\");\n\t\t\t\t\t\t},\n\t\t\t\t\t\tswfPath: ThemeData.directory_uri+\"\/swf\",\n\t\t\t\t\t\tsolution: \"html, flash\",\n\t\t\t\t\t\tpreload: \"metadata\",\n\t\t\t\t\t\twmode: \"window\",\n\t\t\t\t\t\tsupplied: \"mp3\",\n\t\t\t\t\t\tcssSelectorAncestor: '#jp_container_1'\n\t\t\t\t\t});\n\t\t\t\t});\n\t\t\t<\/script><\/p>\n<p><a title=\"The Importance of the Individual\" href=\"https:\/\/s3.us-east-1.wasabisys.com\/nmfg-av\/the-importance-of-the-individual.mp3\">Descargar<\/a> (cliquea en el bot\u00f3n derecho y selecciona \u201cguardar enlace como\u201d)<\/p>\n<div class=\"toggle toggle-white\"><h4 class=\"trigger \"><span class=\"t_ico\"><\/span><a href=\"#\">M\u00e1s informaci\u00f3n sobre este texto<\/a><\/h4><div class=\"toggle_container \"><br \/>\n<p>Lo que est\u00e1s leyendo en este texto es la transcripci\u00f3n de la voz original de la Asamblea Ang\u00e9lica hablando a trav\u00e9s del Mensajero Marshall Vian Summers.<\/p>\n<p>Aqu\u00ed, la comunicaci\u00f3n original de Dios, que existe m\u00e1s all\u00e1 de las palabras, es traducida al lenguaje y el entendimiento humanos por la Asamblea Ang\u00e9lica que supervisa el mundo. La Asamblea despu\u00e9s entrega el Mensaje de Dios a trav\u00e9s del Mensajero, tras lo cual es transcrito y puesto a tu disposici\u00f3n y a disposici\u00f3n de todos.<\/p>\n<p>En este extraordinario proceso, la Voz de la Revelaci\u00f3n est\u00e1 hablando de nuevo. La Palabra y el Sonido est\u00e1n en el mundo. Que puedas ser el receptor de este regalo de Revelaci\u00f3n y puedas estar abierto a recibir su Mensaje \u00fanico para ti y para tu vida.<\/p>\n<br \/>\n<\/div><\/div>\n<p><\/div>\n\t\t\t\t<div align=\"right\">\n\t\t\t<div class=\"fb-like\" data-href=\"\" data-layout=\"button_count\" data-action=\"like\" data-show-faces=\"false\" data-share=\"false\"><\/div>\n\t\t\t<div class=\"fb-share-button\" data-layout=\"button_count\"> <\/div>\n\t\t\t<div class=\"fb_iframe_widget\"><a href=\"https:\/\/twitter.com\/godsnewmessage?ref_src=twsrc%5Etfw\" class=\"twitter-follow-button\" data-show-count=\"false\">Follow @godsnewmessage<\/a><script async src=\"https:\/\/platform.twitter.com\/widgets.js\" charset=\"utf-8\"><\/script><\/div>\n\t\t\t<\/div> <\/div> \n\n<p>El Nuevo Mensaje de Dios contiene una gran revelaci\u00f3n para el individuo. Por primera vez, presenta a la humanidad la comprensi\u00f3n de la espiritualidad y la Presencia de Dios en el mundo al nivel de Conocimiento, siendo el Conocimiento la Inteligencia m\u00e1s profunda que el Creador ha puesto dentro de cada persona, esperando el momento en que esa persona alcance un estado de madurez donde esta Inteligencia m\u00e1s profunda pueda emerger en su interior.<\/p>\n<p>Esta revelaci\u00f3n es ahora extremadamente importante, porque muchas personas ser\u00e1n llamadas para servir a un mundo necesitado y a prepararse para el encuentro de la humanidad con la vida de m\u00e1s all\u00e1 del mundo. Este no ser\u00e1 un tiempo en el que solo se necesitar\u00e1n unas pocas personas, ya que muchas ser\u00e1n reclamadas ahora. Su llamado ser\u00e1 sustancial y significativo, y sus respuestas ser\u00e1n vitalmente necesarias, tanto para su propia realizaci\u00f3n como para la protecci\u00f3n y el progreso de la humanidad.<\/p>\n<p>Porque, de hecho, el Nuevo Mensaje de Dios ha sido dado al mundo en un momento de gran peligro. Est\u00e1is entrando en un per\u00edodo de grandes tribulaciones para la familia humana, tribulaci\u00f3n que abrumar\u00e1 la comprensi\u00f3n previa de las personas. Abrumar\u00e1 el estado de \u00e1nimo de las personas, porque ellas no est\u00e1n preparadas para los grandes tiempos que se avecinan.<\/p>\n<p>La humanidad est\u00e1 afrontando a una Intervenci\u00f3n de fuerzas de fuera del mundo que est\u00e1n operando en secreto aqu\u00ed en el mundo, una situaci\u00f3n que nunca hab\u00eda ocurrido antes, aunque el mundo ha sido visitado muchas veces.<\/p>\n<p>Este es un tiempo de gran necesidad, un tiempo donde la unidad humana y la cooperaci\u00f3n ser\u00e1n de una importancia y significado mayores. No ser\u00e1n tiempos f\u00e1ciles, pero si el servicio y la contribuci\u00f3n a la humanidad son tu prop\u00f3sito y t\u00fa llamado, lo cual es natural, entonces este es el tiempo adecuado para que estes aqu\u00ed.<\/p>\n<p>Todos los que est\u00e1n actualmente en el mundo han venido para servir en estos tiempos. Y el Conocimiento que el Creador ha puesto en su interior les ayudar\u00e1 a prepararse para ser capaces de hacerlo a su manera \u00fanica e individual.<\/p>\n<p>El \u00e9nfasis ahora no est\u00e1 en la creencia o la sumisi\u00f3n, sino en la conciencia, la claridad y la preparaci\u00f3n. En tiempos antiguos, la adhesi\u00f3n y la obediencia fueron necesarias, pues la humanidad estaba en una situaci\u00f3n mucho m\u00e1s ca\u00f3tica. Pero ahora la humanidad ha ganado una mayor base social, aunque el riesgo de guerra sigue siendo muy grande.<\/p>\n<p>Para enfrentar la Comunidad Mayor de vida inteligente, necesitas prepararte para un futuro que ser\u00e1 diferente al pasado. Necesitar\u00e1s cultivar una nueva comprensi\u00f3n del mundo y de su relaci\u00f3n con la vida en el universo. Y necesitar\u00e1s adquirir una nueva apreciaci\u00f3n de la necesidad de unidad y cooperaci\u00f3n humanas.<\/p>\n<p>El \u00e9nfasis en el Conocimiento dentro del individuo, entonces, representa la Presencia y la Voluntad del Creador dentro de cada persona. Este vive latente dentro de cada persona hasta que puedan ganar suficiente madurez y suficiente conciencia para darse cuenta de que est\u00e1n aqu\u00ed para servir al mundo, que est\u00e1n aqu\u00ed para marcar la diferencia en tiempos grandes y dif\u00edciles, y que est\u00e1n preparadas para comenzar la larga preparaci\u00f3n que se les exigir\u00e1.<\/p>\n<p>Entender la espiritualidad al nivel del Conocimiento aporta una gran claridad a lo que durante siglos ha sido una realidad misteriosa y ambigua. Pues debes darte cuenta de que posees dos mentes dentro de ti: la mente que has cultivado a trav\u00e9s de tu tiempo y tu experiencia en el mundo, una mente que ha sido cultivada por el condicionamiento social y religioso, y por tu propia toma de decisiones y tus respuestas al entorno. Pero dentro de ti existe una Mente m\u00e1s profunda, la Mente del Conocimiento, que permanece siempre pura e incorrupta.<\/p>\n<p>Pero para obtener acceso a esta Mente m\u00e1s profunda, debes llegar con los brazos abiertos, sin enga\u00f1os, sin manipulaci\u00f3n, sin planes secretos para tratar de usar este poder mayor, porque no puedes usarlo solo para ti. Solo puedes abrirte a \u00e9l, lentamente, gradualmente, a medida que construyes tu deseo y tu capacidad para experimentar el poder y la gracia que el Creador ha puesto dentro de ti. Recuerda que no puedes corromperlo. Puedes malinterpretarlo. Puedes malentenderlo. Pero no puedes cambiarlo ni corromperlo.<\/p>\n<p>Y el Conocimiento dentro de ti, el individuo, est\u00e1 aqu\u00ed en una misi\u00f3n. Est\u00e1 aqu\u00ed para realizar ciertas tareas con ciertas personas en un tipo espec\u00edfico de servicio a la humanidad. Si tratas de interferir con este prop\u00f3sito, si tratas de unirlo con tus propias metas, deseos y designios, bueno, el Conocimiento permanecer\u00e1 fuera de tu alcance y no conocer\u00e1s el prop\u00f3sito que tiene para ti en la vida.<\/p>\n<p>La revelaci\u00f3n para el individuo, la revelaci\u00f3n del Conocimiento, no como una mera intuici\u00f3n, sino como una Inteligencia mayor dentro del individuo a trav\u00e9s de la cual pueden fluir la Voluntad, el Prop\u00f3sito y el Plan del Creador, es una nueva revelaci\u00f3n para todas las personas.<\/p>\n<p>Antes de esto, tal revelaci\u00f3n \u00fanicamente estaba reservada para ciertos individuos adeptos. Pero ahora deben responder muchas m\u00e1s personas para preservar la libertad y la soberan\u00eda humanas en este mundo, y para evitar que la humanidad entre en un pronunciado declive al enfrentarse a un mundo de recursos en disminuci\u00f3n y competencia creciente.<\/p>\n<p>El significado del Conocimiento, la realidad del Conocimiento y el prop\u00f3sito del Conocimiento son todos revelados en el Nuevo Mensaje de Dios. Y en el Nuevo Mensaje, Dios provee los Pasos al Conocimiento para que puedas construir un puente desde tu mente pensante hasta la Mente m\u00e1s profunda que el Creador te ha dado para guiarte, protegerte y prepararte para una vida mayor en el mundo.<\/p>\n<p>Nunca se ha dado tanto poder y responsabilidad al individuo. De hecho, habr\u00e1 muchos que argumentar\u00e1n en contra, pues no creen en la bondad de la humanidad. Ellos no son conscientes de la gran Presencia que el Creador ha provisto como potencial para cada persona. Pensar\u00e1n que el Conocimiento es un truco de magia o un enga\u00f1o o es una habilidad ps\u00edquica. Pero no es ninguna de estas cosas. Es el poder de ver, el poder de saber y el poder de actuar con valent\u00eda, integridad y honestidad en un esp\u00edritu de contribuci\u00f3n.<\/p>\n<p>El Conocimiento es mucho m\u00e1s sabio que tu mente pensante o que la mente pensante de cualquier otra persona en el mundo. Est\u00e1 ah\u00ed para que lo descubras, pero debes dar los Pasos al Conocimiento. Debes crear un lugar en tu vida y en tu mente para el Conocimiento. Aqu\u00ed debes ser un aprendiz paciente. No puedes tenerlo todo al momento, ya que a\u00fan no posees el deseo ni la capacidad de recibir plenamente lo que el Creador ha preparado para ti.<\/p>\n<p>Por eso este es un viaje de muchos pasos. Al dar estos numerosos pasos, construyes la honestidad propia, el car\u00e1cter, la sabidur\u00eda y la habilidad para ser un veh\u00edculo y un recipiente para una mayor Voluntad y Poder que es la verdadera Fuente de toda vida.<\/p>\n<p>Solo quienes est\u00e9n dispuestos a emprender el largo viaje, quienes est\u00e9n dispuestos a someterse a la preparaci\u00f3n misteriosa que a veces parecer\u00e1 muy inexplicable, solo quienes puedan seguir al Conocimiento \u2014porque el Conocimiento te conducir\u00e1 al Conocimiento\u2014, solo ellos ser\u00e1n capaces de reconocer lo que aqu\u00ed se presenta.<\/p>\n<p>Si simplemente crees que hay un Nuevo Mensaje de Dios y crees lo que dice, bueno, a\u00fan sigues sin recibir su verdadera gracia, poder y significado. Porque la creencia es de la mente, pero la relaci\u00f3n, la uni\u00f3n y el compromiso son del alma. Y es al nivel de tu alma donde debes responder.<\/p>\n<p>Por eso, recibir y seguir el poder del Conocimiento te restaura tu verdadera integridad, tu verdadero dise\u00f1o, tu verdadero prop\u00f3sito y tu verdadero significado. Simplemente se te pide recibir y no manipular.<\/p>\n<p>No puedes hacer tratos con el Creador. Solo puedes recibir, partiendo de una necesidad m\u00e1s profunda, una necesidad de tu alma, reconociendo que no puedes realizarte a ti mismo a trav\u00e9s de tus planes, designios y metas de adquisici\u00f3n y poder.<\/p>\n<p>En cierto momento de la vida, si alcanzas este estado de conciencia y madurez, se volver\u00e1 evidente que tratar de adquirir m\u00e1s y m\u00e1s y m\u00e1s, no te acercar\u00e1 a responder y satisfacer las necesidades de tu alma.<\/p>\n<p>Entonces, llegas a reconocer que existe un mensaje para ti, una preparaci\u00f3n para ti, una nueva comprensi\u00f3n para la humanidad. Porque la humanidad no ser\u00e1 capaz de hacer frente a los tiempos dif\u00edciles que se avecinan con lo que el Creador ha provisto hasta ahora. Sabiendo esto, se ha enviado un Nuevo Mensaje de Dios, un Mensaje para este tiempo y para los siglos venideros. As\u00ed es de grande y de importante.<\/p>\n<p>Pero todo comienza dentro del individuo, y la promesa para ello reside en el interior del individuo; la revelaci\u00f3n para el individuo y la revelaci\u00f3n dentro de ti, el individuo.<\/p>\n","protected":false},"excerpt":{"rendered":"<p>El Nuevo Mensaje de Dios contiene una gran revelaci\u00f3n para el individuo. Por primera vez, presenta a la humanidad la comprensi\u00f3n de la espiritualidad y la Presencia de Dios en el mundo al nivel de Conocimiento, siendo el Conocimiento la Inteligencia m\u00e1s profunda que el Creador ha puesto dentro de cada persona, esperando el momento\u2026 <a class=\"read-more\" href=\"https:\/\/www.v6.newmessage.org\/es\/about-text-shortcode\"><span>Read More<\/span><\/a><\/p>\n","protected":false},"author":13,"featured_media":0,"parent":16358,"menu_order":26,"comment_status":"closed","ping_status":"closed","template":"template-leftsidebar.php","meta":{"_monsterinsights_skip_tracking":false,"_monsterinsights_sitenote_active":false,"_monsterinsights_sitenote_note":"","_monsterinsights_sitenote_category":0,"footnotes":""},"categories":[501,76],"tags":[1018],"_links":{"self":[{"href":"https:\/\/www.v6.newmessage.org\/es\/wp-json\/wp\/v2\/pages\/27891"}],"collection":[{"href":"https:\/\/www.v6.newmessage.org\/es\/wp-json\/wp\/v2\/pages"}],"about":[{"href":"https:\/\/www.v6.newmessage.org\/es\/wp-json\/wp\/v2\/types\/page"}],"author":[{"embeddable":true,"href":"https:\/\/www.v6.newmessage.org\/es\/wp-json\/wp\/v2\/users\/13"}],"replies":[{"embeddable":true,"href":"https:\/\/www.v6.newmessage.org\/es\/wp-json\/wp\/v2\/comments?post=27891"}],"version-history":[{"count":5,"href":"https:\/\/www.v6.newmessage.org\/es\/wp-json\/wp\/v2\/pages\/27891\/revisions"}],"predecessor-version":[{"id":30423,"href":"https:\/\/www.v6.newmessage.org\/es\/wp-json\/wp\/v2\/pages\/27891\/revisions\/30423"}],"up":[{"embeddable":true,"href":"https:\/\/www.v6.newmessage.org\/es\/wp-json\/wp\/v2\/pages\/16358"}],"wp:attachment":[{"href":"https:\/\/www.v6.newmessage.org\/es\/wp-json\/wp\/v2\/media?parent=27891"}],"wp:term":[{"taxonomy":"category","embeddable":true,"href":"https:\/\/www.v6.newmessage.org\/es\/wp-json\/wp\/v2\/categories?post=27891"},{"taxonomy":"post_tag","embeddable":true,"href":"https:\/\/www.v6.newmessage.org\/es\/wp-json\/wp\/v2\/tags?post=27891"}],"curies":[{"name":"wp","href":"https:\/\/api.w.org\/{rel}","templated":true}]}}