{"id":27768,"date":"2016-02-24T14:29:23","date_gmt":"2016-02-24T14:29:23","guid":{"rendered":"http:\/\/www.newmessage.org\/spanish-international\/?page_id=27768"},"modified":"2016-02-24T14:29:23","modified_gmt":"2016-02-24T14:29:23","slug":"escuchando-al-conocimiento","status":"publish","type":"page","link":"https:\/\/www.v6.newmessage.org\/es\/el-mensaje\/otras-revelaciones\/escuchando-al-conocimiento","title":{"rendered":"Escuchando al Conocimiento"},"content":{"rendered":"<div><!--Versi\u00f3n espa\u00f1ola 1.3--><\/div>\n\n<div class=\"tabgroup \"><ul class=\"tabs\"><li><a href=\"#tabs-1\">Acerca de<\/a><\/li><\/ul>\n <div id=\"tabs-1\"><br \/>\n<i>Como le fue revelado a<\/i><br \/>\n<i>Marshall Vian Summers<\/i><br \/>\n<i>el 24 de septiembre de 2009<\/i><br \/>\n<i>en Boulder, Colorado, Estados Unidos<\/i><\/p>\n<p>Texto original: <a href=\"https:\/\/www.newmessage.org\/the-message\/other-revelations\/listening-knowledge\">Listening for Knowledge<\/a><\/p>\n<p>Escucha el audio original aqu\u00ed (en ingl\u00e9s):<\/p>\n<div id=\"jquery_jplayer_1\" class=\"jp-jplayer\"><\/div>\n\t\t\t\t<div id=\"jp_container_1\" class=\"jp-audio\">\n\t\t\t\t<div class=\"jp-type-single\"><div class=\"jp-control\"><a href=\"javascript:;\" class=\"jp-play\" tabindex=\"1\">play<\/a><a href=\"javascript:;\" class=\"jp-pause\" tabindex=\"1\">pause<\/a><\/div> <div class=\"jp-gui jp-interface\"><div class=\"jp-volume\"><div class=\"jp-volume-bar\"><div class=\"jp-volume-bar-value\"><\/div><\/div><\/div><div class=\"jp-progress\"><div class=\"jp-seek-bar\"><div class=\"jp-play-bar\"><\/div><\/div><\/div><\/div>\t\t\t\t\t<div class=\"jp-no-solution\"><span>Update Required<\/span>To play the media you will need to either update your browser to a recent version or update your <a href=\"http:\/\/get.adobe.com\/flashplayer\/\" target=\"_blank\">Flash plugin<\/a>.<\/div><\/div><\/div>\n\t\t\t<script type='text\/javascript'>\n\t\t\t\tjQuery(document).ready(function() {\n\t\t\t\t\tif (typeof (sermonMedia) == 'function') {\n\t\t\t\t\t\tsermonMedia.addAudio('', \"jquery_jplayer_1\");\n\t\t\t\t\t}\n\t\t\t\t\tjQuery.jPlayer.timeFormat.showHour = true;\n\t\t\t\t\tjQuery(\"#jquery_jplayer_1\").jPlayer({\n\t\t\t\t\t\tready: function(event) {\n\t\t\t\t\t\t\tjQuery(this).jPlayer(\"setMedia\", {mp3: 'https:\/\/www.newmessage.org\/av\/listening-for-knowledge.mp3'});\n\t\t\t\t\t\t},\n\t\t\t\t\t\tplay: function() {\n\t\t\t\t\t\t\tjQuery(this).jPlayer(\"pauseOthers\");\n\t\t\t\t\t\t},\n\t\t\t\t\t\tswfPath: ThemeData.directory_uri+\"\/swf\",\n\t\t\t\t\t\tsolution: \"html, flash\",\n\t\t\t\t\t\tpreload: \"metadata\",\n\t\t\t\t\t\twmode: \"window\",\n\t\t\t\t\t\tsupplied: \"mp3\",\n\t\t\t\t\t\tcssSelectorAncestor: '#jp_container_1'\n\t\t\t\t\t});\n\t\t\t\t});\n\t\t\t<\/script><\/p>\n<p><a title=\"Listening for Knowledge\" href=\"https:\/\/www.newmessage.org\/av\/listening-for-knowledge.mp3\">Descargar<\/a> (cliquea en el bot\u00f3n derecho y selecciona \u201cguardar enlace como\u201d)<\/p>\n<div class=\"toggle toggle-white\"><h4 class=\"trigger \"><span class=\"t_ico\"><\/span><a href=\"#\">M\u00e1s informaci\u00f3n sobre este texto<\/a><\/h4><div class=\"toggle_container \"><br \/>\n<p>Lo que est\u00e1s leyendo en este texto es la transcripci\u00f3n de la voz original de la Asamblea Ang\u00e9lica hablando a trav\u00e9s del Mensajero Marshall Vian Summers.<\/p>\n<p>Aqu\u00ed, la comunicaci\u00f3n original de Dios, que existe m\u00e1s all\u00e1 de las palabras, es traducida al lenguaje y el entendimiento humanos por la Asamblea Ang\u00e9lica que supervisa el mundo. La Asamblea despu\u00e9s entrega el Mensaje de Dios a trav\u00e9s del Mensajero, tras lo cual es transcrito y puesto a tu disposici\u00f3n y a disposici\u00f3n de todos.<\/p>\n<p>En este extraordinario proceso, la Voz de la Revelaci\u00f3n est\u00e1 hablando de nuevo. La Palabra y el Sonido est\u00e1n en el mundo. Que puedas ser el receptor de este regalo de Revelaci\u00f3n y puedas estar abierto a recibir su Mensaje \u00fanico para ti y para tu vida.<\/p>\n<br \/>\n<\/div><\/div>\n<p><\/div>\n\t\t\t\t<div align=\"right\">\n\t\t\t<div class=\"fb-like\" data-href=\"\" data-layout=\"button_count\" data-action=\"like\" data-show-faces=\"false\" data-share=\"false\"><\/div>\n\t\t\t<div class=\"fb-share-button\" data-layout=\"button_count\"> <\/div>\n\t\t\t<div class=\"fb_iframe_widget\"><a href=\"https:\/\/twitter.com\/godsnewmessage?ref_src=twsrc%5Etfw\" class=\"twitter-follow-button\" data-show-count=\"false\">Follow @godsnewmessage<\/a><script async src=\"https:\/\/platform.twitter.com\/widgets.js\" charset=\"utf-8\"><\/script><\/div>\n\t\t\t<\/div> <\/div> \n\n<p>Parte de tu desarrollo en el Camino del Conocimiento es aprender a mirar \u2014a mirar sin llegar a conclusiones, a mirar sin tratar de decidir lo que es real o no, a mirar sin tratar de conectar lo que est\u00e1s viendo con lo que ya sabes, solamente mirar.<\/p>\n<p>Mira al mundo y escucha, como los p\u00e1jaros en el aire y los animales en el campo. Mira y presta atenci\u00f3n a tu entorno cambiante. Esta atenci\u00f3n es necesaria. Sin ella, te perder\u00e1s las se\u00f1ales del mundo, y te perder\u00e1s lo que el Conocimiento te est\u00e1 diciendo dentro de ti mismo, lo cual requiere que aprendas a estar en un estado receptivo.<\/p>\n<p>Recibir el poder y la presencia del Conocimiento requiere un estado mental tranquilo y vigilante. A lo largo del d\u00eda, tienes muchas oportunidades para practicar: en el tiempo que pasas esperando por algo; en el tiempo que pasas cuando despiertas temprano en la ma\u00f1ana, cuando puedes escuchar m\u00e1s profundamente dentro de ti, antes de levantarte y ocuparte del d\u00eda; en el tiempo que pasas en los intervalos entre actividades; en el tiempo que pierdes en fantas\u00edas o en imaginaci\u00f3n temerosa, en especulaciones in\u00fatiles o simplemente dejando que tu mente divague donde quiera que vaya en su ca\u00f3tico estado.<\/p>\n<p>La mente debe ser empleada o debe dejarse descansar, y su empleo no siempre es una expresi\u00f3n de trabajo. Puede enfocarse en una actividad amena, pero debe estar enfocada. Cuando no est\u00e9 enfocada, debes permitirle descansar para poder usarla para escuchar y mirar.<\/p>\n<p>Es siempre importante establecer una lista de preguntas al Conocimiento, preguntas fundamentales que no requieren explicaci\u00f3n sino que reflejan una decisi\u00f3n fundamental: si deber\u00edas hacer esto o no, si deber\u00edas leer esto o no, si deber\u00edas seguir esta acci\u00f3n o no, si deber\u00edas estar con esta persona o no, si deber\u00edas elegir otro camino en la vida o en tu trabajo o no.<\/p>\n<p>La respuesta a estas preguntas no ser\u00e1 inmediata. Tienes que aprender a vivir con ellas, a permanecer con ellas y mantenerlas abiertas. Si puedes hacer esto y desarrollar la disciplina para hacerlo, en vez de darte respuestas consoladoras o darte simplemente por vencido despu\u00e9s de haber hecho muy poco esfuerzo, desarrollar\u00e1s la profundidad, la intenci\u00f3n y la capacidad para responder a la gu\u00eda del Conocimiento.<\/p>\n<p>Escuchar al Conocimiento se convierte en una actividad muy importante, una actividad que practicas en la meditaci\u00f3n y tambi\u00e9n en el mundo, con los ojos abiertos. Cuando hables con otros esc\u00fachales, y al mismo tiempo escucha tambi\u00e9n dentro de ti para asegurarte de que est\u00e1s comunicando realmente lo que quieres comunicar y no est\u00e1s siendo solo complaciente o necio. Escuchar al Conocimiento se convierte en algo que haces cada vez m\u00e1s a medida que desarrollas esta pr\u00e1ctica \u2014la pr\u00e1ctica de la escucha interior, la pr\u00e1ctica de escuchar realmente a los dem\u00e1s, esperando a que el Conocimiento te indique qu\u00e9 est\u00e1 pasando realmente en vuestra involucraci\u00f3n y qu\u00e9 te est\u00e1n comunicando realmente en ese momento.<\/p>\n<p>Lo tr\u00e1gico aqu\u00ed es que las personas no est\u00e1n escuchando. Atrapadas en sus actividades, en sus deseos, en sus miedos, en sus conflictos y en sus frustraciones, ellas no prestan atenci\u00f3n a nada salvo a sus propios pensamientos. Ellas viven en una especie de infierno personal que parece perpetuarse, y est\u00e1n constantemente reforzando este enfoque y esta obsesi\u00f3n en su interior. Esta obsesi\u00f3n se refuerza en sus conversaciones con otros, mientras otros hablan sobre sus propias obsesiones y ellas hablan de sus propias obsesiones, y nada real est\u00e1 siendo comunicado.<\/p>\n<p>\u00bfC\u00f3mo detener esto, esto que parece tan habitual y tan com\u00fan, esto que ocupa gran parte de tu tiempo y tu energ\u00eda y te roba perspicacia, claridad, fuerza y \u200b\u200bpoder? T\u00fa practicas reemplaz\u00e1ndolo por otra cosa. En vez de tener un constante parloteo interno, empiezas a practicar la escucha. Al principio es dif\u00edcil, ya que est\u00e1s muy acostumbrado a permitir que tu mente corra descontrolada como un animal salvaje y enloquecido o como un ni\u00f1o desleal y malcriado. Corre descontrolada por aqu\u00ed y por all\u00e1 y por todas partes. Por tanto, parece dif\u00edcil detenerse y ponerse a escuchar, porque todav\u00eda no es un h\u00e1bito en ti. Va contra tus h\u00e1bitos y tus condicionamientos, pero a medida que practicas ello rompe tambi\u00e9n con tus h\u00e1bitos y tus condicionamientos.<\/p>\n<p>El beneficio pr\u00e1ctico de esto es inmenso, porque la mayor\u00eda de los desastres y errores humanos son cometidos o creados porque las personas no est\u00e1n prestando atenci\u00f3n. Cuando conducen un autom\u00f3vil y por un segundo sacan su mente de la carretera, pueden golpear a alguien \u2014a un peat\u00f3n o a otro veh\u00edculo\u2014 con consecuencias tr\u00e1gicas y desafortunadas. Debes tener cuidado en todo lo que dices en el mundo y practicar el discernimiento y la discreci\u00f3n. Escuchar tu interior mientras hablas te permitir\u00e1 hacer esto. Pero si est\u00e1s charlando inconscientemente, sin darte cuenta de lo que realmente est\u00e1s diciendo ni de su impacto sobre los dem\u00e1s, entonces est\u00e1s actuando destructivamente. Est\u00e1s traicion\u00e1ndote a ti mismo. Est\u00e1s socavando tu bienestar.<\/p>\n<p>Esta pr\u00e1ctica de escuchar, y escuchar al Conocimiento, es fundamental para tu desarrollo y para tu \u00e9xito en la vida. Esto har\u00e1 que sea m\u00e1s dif\u00edcil que cometas un error. Har\u00e1 que sea m\u00e1s dif\u00edcil que tengas un error en tu juicio. Sentir\u00e1s la contenci\u00f3n cuando est\u00e9s a punto de tomar una decisi\u00f3n equivocada o de decir algo que no debes decir. Comenzar\u00e1s a leer los signos de tu cuerpo y tu mente, que te dir\u00e1n que algo anda mal o que est\u00e1s a punto de tomar una decisi\u00f3n muy peligrosa y desafortunada. No hacer estas cosas te roba la experiencia de confirmaci\u00f3n interior cuando est\u00e1s a punto de tomar una decisi\u00f3n importante.<\/p>\n<p>Estas cosas son tan fundamentales para las posibilidades de \u00e9xito en la vida que no pueden ser subestimadas. Deja de ver la televisi\u00f3n. Deja de escuchar m\u00fasica todo el tiempo. Comienza a prestar atenci\u00f3n a tu propia experiencia. Acost\u00fambrate a estar en silencio. Empieza a valorar el silencio y lo buscar\u00e1s. Lo necesitar\u00e1s para aliviarte y refrescarte. En vez de estar en estimulaci\u00f3n constante y constante conversaci\u00f3n, te vuelves m\u00e1s atento, m\u00e1s cuidadoso, m\u00e1s discerniente. Esto es lo que significa ser consciente, consciente del momento, prestando atenci\u00f3n.<\/p>\n<p>Entonces es mucho m\u00e1s f\u00e1cil que el Conocimiento te hable, te gu\u00ede, te frene o te empuje hacia delante cuando sea necesario. Has creado una abertura en tu mente donde el Conocimiento puede ejercer su influencia y ofrecerte su gracia y su gu\u00eda. Aqu\u00ed t\u00fa tienes poder y desarrollas la fuerza para dejar de lado tus preferencias y detener tus miedos, de modo que puedas escuchar y responder.<\/p>\n<p>La \u00fanica manera de saber si est\u00e1s tomando la decisi\u00f3n correcta es tener la experiencia de saberlo. La \u00fanica manera de poder estar seguro de que est\u00e1s cometiendo un error es experimentar toda la duda, la contenci\u00f3n y la ansiedad que acompa\u00f1a el tomar una decisi\u00f3n equivocada. En otras palabras, es estar realmente consciente y atento a tu experiencia. Y entonces obtienes la capacidad de discernir lo que es real de lo que no lo es, lo que se siente correcto y lo que no. T\u00fa haces esto no al nivel de tus deseos o tus miedos, sino a un nivel m\u00e1s profundo, que es mucho m\u00e1s sabio y mucho m\u00e1s potente en estos asuntos.<\/p>\n<p>Esto tomar\u00e1 tiempo, porque est\u00e1s deshaciendo a\u00f1os y a\u00f1os de h\u00e1bito, a\u00f1os y a\u00f1os de preocupaci\u00f3n, a\u00f1os y a\u00f1os de obsesi\u00f3n contigo mismo o de obsesi\u00f3n por otras cosas o personas. Est\u00e1s contrarrestando tu condicionamiento social, que es poderoso y abrumador hasta que te liberas de \u00e9l. Por tanto, esto tomar\u00e1 tiempo y aplicaci\u00f3n diaria.<\/p>\n<p>Cuando pr\u00e1cticas los<em> Pasos al Conocimiento<\/em> y pr\u00e1cticas en ellos la quietud, estas practicando realmente la escucha interior. No est\u00e1s escuchando para obtener una recompensa o para hacer un contacto inmediato; est\u00e1s escuchando para desarrollar la capacidad de escuchar. Est\u00e1s creando una abertura en tu mente, en lo profundo de tu mente, entre la superficie de la mente pensante y el manantial m\u00e1s profundo del Conocimiento en tu interior. Est\u00e1s creando una abertura, un canal, un portal, una apertura.<\/p>\n<p>Debido a que el Conocimiento no est\u00e1 todo el tiempo parloteando, como hace tu mente personal, encontrar\u00e1s que escuchar\u00e1s y no habr\u00e1 nada. Pero esto es lo que quieres. Quieres escuchar, experimentar la quietud y experimentar la apertura y el vac\u00edo para abrir tu mente. El Conocimiento no es como un peque\u00f1o contestador que te responde justo en el momento que lo desees. Si esa es tu experiencia, entonces no est\u00e1s todav\u00eda involucrado con el Conocimiento. Comienza por valorar la quietud, la tranquilidad, la paz, el alivio que esta experiencia te dar\u00e1.<\/p>\n<p>Al principio, tal vez solo puedas practicar por unos minutos, pero construir\u00e1s a partir de ah\u00ed. Practicar\u00e1s diciendo &#8220;Rahn&#8221; o &#8220;Na Rahn&#8221;, y te mantendr\u00e1s enfocado en estos sonidos que no entiendes, y comenzar\u00e1s a pasar a trav\u00e9s de todos esos diferentes tipos de obsesiones, creencias y distracciones, porque permanecer\u00e1s con eso. Est\u00e1s permitiendo que tu mente se calme, se aquiete y descanse, para que la mente m\u00e1s profunda dentro de ti pueda llegar a ser parte de tu experiencia.<\/p>\n<p>Escuchar\u00e1s al Conocimiento mientras esperas el autob\u00fas. Escuchar\u00e1s al Conocimiento mientras alguien habla contigo. Escuchar\u00e1s al Conocimiento mientras miras por la ventana. Escuchar\u00e1s al Conocimiento mientras caminas por la calle. Escuchar\u00e1s al Conocimiento mientras limpias tu casa. Escuchar\u00e1s al Conocimiento mientras vas montado en un autom\u00f3vil. Escuchar\u00e1s al Conocimiento mientras est\u00e1s sentado en un avi\u00f3n. Las oportunidades para practicar son casi infinitas. Representan todo el tiempo y las oportunidades desperdiciadas de tu vida, que son absurda e incesantemente echadas a perder por la estimulaci\u00f3n constante, por la fantas\u00eda, por la obsesi\u00f3n o por la interminable inquietud o preocupaci\u00f3n.<\/p>\n<p>Luego, cuando llegue el momento, cuando el Conocimiento tenga algo muy importante que darte, ser\u00e1s capaz de responder y tu respuesta ser\u00e1 lo suficientemente fuerte para quedarse contigo. Y t\u00fa lo reconocer\u00e1s y valorar\u00e1s como algo importante, incluso si no lo entiendes por completo en el momento. Permanecer\u00e1s con ello para ver lo que revela con el tiempo.<\/p>\n<p>A veces requerir\u00e1 una acci\u00f3n inmediata \u2014detener algo que est\u00e1s a punto de hacer, alejarte de algo en el momento, apartarte de un grupo de personas, tomar una acci\u00f3n evasiva o decir algo o hacer algo que cambiar\u00e1 la naturaleza de tu conversaci\u00f3n con otros\u2014. Pero por lo general, el Conocimiento te dar\u00e1 una se\u00f1al clara e importante, y t\u00fa tendr\u00e1s que permanecer con ella. Si est\u00e1s practicando la escucha del Conocimiento tendr\u00e1s la fuerza, y entender\u00e1s la importancia de permanecer con ella.<\/p>\n<p>A veces una percepci\u00f3n interna como esta puede requerir una considerable contemplaci\u00f3n. Si has de hacer un cambio importante en las circunstancias de tu vida o en tus relaciones primarias, puedes tardar un tiempo considerable, y puedes luchar y tener dificultades con esto. Pero si es verdad, no cambiar\u00e1. No desaparecer\u00e1. Y no podr\u00e1s manipularlo para satisfacer tus preferencias.<\/p>\n<p>A veces las percepciones internas importantes requieren una larga contemplaci\u00f3n y muchas etapas de acci\u00f3n; cambiar tu vida radicalmente, por ejemplo, a menudo requiere esto. Aqu\u00ed est\u00e1s prestando tanta atenci\u00f3n a tu interior como la est\u00e1s prestando al exterior. Pero en lugar de estar preocupado sobre cada peque\u00f1o pensamiento, cada peque\u00f1a emoci\u00f3n, cada peque\u00f1o sue\u00f1o, cada peque\u00f1a imagen, est\u00e1s escuchando al Conocimiento \u2014la corriente m\u00e1s profunda de tu vida.<\/p>\n<p>Las personas obsesionadas superficialmente con sus pensamientos, sus sentimientos y sus sue\u00f1os no reconocer\u00e1n nunca la corriente m\u00e1s profunda de su vida, ya que no est\u00e1n buscando en el lugar correcto. Todav\u00eda est\u00e1n obsesionadas consigo mismas en la superficie de su mente y no han aprendido a escuchar m\u00e1s profundamente y a desarrollar la paciencia, la habilidad y la perseverancia para hacer esto.<\/p>\n<p>El estudio de tu personalidad no te dir\u00e1 qui\u00e9n eres, ni por qu\u00e9 est\u00e1s aqu\u00ed, ni a qui\u00e9n debes conocer, ni qu\u00e9 debes hacer o no hacer. La obsesi\u00f3n con uno mismo y la consciencia de uno mismo se mueven en direcciones opuestas, atendiendo a aspectos muy diferentes de ti mismo. Si eres un esclavo de tu mente, de tus pensamientos, de tus sentimientos y de las expectativas de los dem\u00e1s, entonces realmente no has comenzado el verdadero viaje que est\u00e1 frente a ti.<\/p>\n<p>La pr\u00e1ctica que Nosotros estamos dando aqu\u00ed es primordial. Esta requiere m\u00e1s disposici\u00f3n e intenci\u00f3n que habilidad real. Pero habr\u00e1 habilidad para diferenciar una se\u00f1al verdadera de una se\u00f1al ilusoria que pasa por tu mente. Esto depender\u00e1 de la profundidad de tu investigaci\u00f3n interna y de cu\u00e1n profundamente escuches dentro de ti con el tiempo. T\u00fa est\u00e1s recibiendo impulsos todo el tiempo \u2014podr\u00edas ser compulsivo con ciertas cosas, podr\u00edas ser obsesivo con ciertas personas o situaciones, y ese es probablemente el caso\u2014. \u00bfC\u00f3mo reconoces la diferencia entre esto y una verdadera se\u00f1al o mensaje del Conocimiento?<\/p>\n<p>La respuesta es qu\u00e9 est\u00e1s escuchando y a qu\u00e9 estas atendiendo en tu interior. Si escuchas con atenci\u00f3n y practicas esto diariamente, comenzar\u00e1s a ver todos los peque\u00f1os impulsos y compulsiones, que simplemente pasan como las nubes. Son como hojas en el viento. Pero hay algo mucho m\u00e1s grande y mucho m\u00e1s real. A medida que sigas escuchando, esas cosas se pasar\u00e1n. Tal vez las sentir\u00e1s intensamente por un momento, por una hora; pero se pasar\u00e1n, porque carecen de verdadera esencia. Est\u00e1s escuchando atento a algo m\u00e1s profundo, m\u00e1s s\u00f3lido, m\u00e1s real, m\u00e1s permanente. Esto te ense\u00f1ar\u00e1 a reconocer la diferencia entre una compulsi\u00f3n o alg\u00fan tipo de impulso o alg\u00fan tipo de persuasi\u00f3n en el ambiente mental, y el verdadero poder y presencia del Conocimiento.<\/p>\n<p>Las personas son impacientes. No prestan atenci\u00f3n. Quieren respuestas, no experiencias. No quieren tener que trabajar muy duro. Quieren simplemente dejarse llevar por su estado obsesivo y compulsivo. Pero si t\u00fa quieres tener alguna esperanza de descubrir tu mayor prop\u00f3sito y tus mayores fortalezas, eso no puede ser la verdad para ti.<\/p>\n<p>El mundo se enfrenta ahora a las Grandes Olas de cambio, y en \u00e9l est\u00e1 sucediendo una intervenci\u00f3n de razas de otros mundos que est\u00e1n aqu\u00ed para enga\u00f1ar a la humanidad y aprovecharse de sus debilidades, sus conflictos y dem\u00e1s. No est\u00e1s viviendo en tiempos intrascendentes. No puedes estar tonteando frente a las Grandes Olas de cambio, porque ellas tienen el poder de destruir tu vida y todo lo que valoras. Debes tomar en serio tu vida y tu presencia aqu\u00ed en el mundo en este momento. Debes honrar tu presencia aqu\u00ed y reconocer que tienes una responsabilidad fundamental al estar aqu\u00ed. Y debes reconocer que eres responsable ante aquellos que te han enviado a este lugar.<\/p>\n<p>Solo el Conocimiento dentro de ti puede explicar estas cosas, pues no est\u00e1n relacionadas con tu educaci\u00f3n. No est\u00e1n relacionadas con tu condicionamiento social o con las persuasiones de otros. Estas cosas son fundamentales dentro de ti, no importa lo que pienses o lo que hagas. Es a estas grandes cosas fundamentales a lo que necesitas realmente conectarte, porque ellas guardan la clave y la promesa de tu vida. Es el Conocimiento quien te traer\u00e1 las grandes relaciones. No lo har\u00e1 tu pavoneo, haciendo el rid\u00edculo y degrad\u00e1ndote a ti mismo en todas las formas imaginables para intentar atraer la atenci\u00f3n y la aprobaci\u00f3n de alguna persona.<\/p>\n<p>Este es un viaje diferente. No es un viaje de gratificaci\u00f3n instant\u00e1nea. No es un viaje de compulsi\u00f3n. No es un viaje donde obtienes todo lo que quieres, como un ni\u00f1o malcriado. Se trata de un esfuerzo m\u00e1s poderoso, uno que produce resultados que ninguna otra cosa puede ofrecer.<\/p>\n<p>Si\u00e9ntate en silencio y escucha. Escucha m\u00e1s profundamente. Si tu mente se ve atrapada y te lleva lejos, tr\u00e1ela de vuelta. Practica el &#8220;Rahn&#8221; o el &#8220;Na Rahn&#8221;, y tr\u00e1ela de vuelta. Regresa. Por supuesto, te distraer\u00e1s. Has vivido toda tu vida estando distra\u00eddo. Todo eso no va a desaparecer en un momento. Tu mente no est\u00e1 acostumbrada a que la dirijan. Est\u00e1 acostumbrada a ser ca\u00f3tica, y ahora est\u00e1s comenzando a dirigirla de una manera \u00fatil y significativa.<\/p>\n<p>Escucha al Conocimiento, y sabr\u00e1s que es la verdad. Practicar\u00e1s esto, y el Conocimiento te dar\u00e1 cosas sencillas para hacer o para no hacer. Te prepara para las decisiones mayores que vendr\u00e1n, que a\u00fan no est\u00e1s listo para tomar. No con certeza o coraje. Empieza con cosas peque\u00f1as, y mant\u00e9n una lista de preguntas que sean simples y directas, que requieran una respuesta positiva o negativa, porque es as\u00ed como el Conocimiento te responder\u00e1 al principio. Ser\u00e1 un s\u00ed o un no. Pon todas las preguntas de esta forma, y comenzar\u00e1s a experimentar las respuestas dentro de ti.<\/p>\n<p>El Conocimiento no es como tu intelecto. No compara ni contrasta, siempre en un estado de confusi\u00f3n y debate. Est\u00e1 absolutamente seguro de a d\u00f3nde te est\u00e1 llevando y a d\u00f3nde debes ir. No responder\u00e1 a preguntas que no tengan nada que ver con esto, as\u00ed que debes hacer las preguntas que sean m\u00e1s importantes y no jugar aqu\u00ed, porque si lo haces, el Conocimiento permanecer\u00e1 en silencio. Si haces una pregunta y la expresas de forma que requiera una respuesta positiva o negativa, aseg\u00farate bien de que realmente deseas que esa pregunta sea contestada. Si no est\u00e1s seguro de ello, no preguntes. No juegues aqu\u00ed. No hagas el tonto.<\/p>\n<p>El Conocimiento te retendr\u00e1 de muchas cosas. No est\u00e1s acostumbrado a retenerte t\u00fa mismo, y por eso tu vida ha sido una sucesi\u00f3n de dilemas e incluso de cat\u00e1strofes. El Conocimiento te reservar\u00e1 para algo mayor. Pero antes, tienes que dejar de cometer los mismos errores, de hacer las mismas tontas suposiciones, de tomar las mismas decisiones sin sentido. Debes reducir la velocidad. Debes detenerte. Debes tomarte tiempo para practicar la escucha \u2014escuchando al Conocimiento; escuchando para desarrollar la habilidad de escuchar, la intenci\u00f3n y la capacidad de escuchar dentro de ti mismo.<\/p>\n<p>Las personas se sientan durante cinco minutos, y al no conseguir una importante percepci\u00f3n interna piensan que no funciona, pero ellas no est\u00e1n practicando nada. Y las respuestas que reciben generalmente se las dan ellas mismas de todos modos, y por tanto es todo un ejercicio de estupidez.<\/p>\n<p>T\u00fa haces esto porque necesitas saber a d\u00f3nde vas en la vida, y lo necesitas para encontrar el Poder Mayor que puede guiarte y llevarte a esas personas y a esas oportunidades que son esenciales para tu \u00e9xito y tu realizaci\u00f3n. Estas son cosas que no puedes proporcionarte por ti mismo y que no puedes averiguar con tu intelecto. Pero el poder y la presencia del Conocimiento residen m\u00e1s all\u00e1 de los l\u00edmites y el alcance del intelecto. Eso es lo que lo hace poderoso. Eso es lo que hace que sea puro e incorruptible. Y esa es la gran fuerza que ahora debes encontrar dentro de ti mismo y que debes promover en los dem\u00e1s.<\/p>\n<p>Que esta sea tu comprensi\u00f3n.<\/p>\n","protected":false},"excerpt":{"rendered":"<p>Parte de tu desarrollo en el Camino del Conocimiento es aprender a mirar \u2014a mirar sin llegar a conclusiones, a mirar sin tratar de decidir lo que es real o no, a mirar sin tratar de conectar lo que est\u00e1s viendo con lo que ya sabes, solamente mirar. Mira al mundo y escucha, como los\u2026 <a class=\"read-more\" href=\"https:\/\/www.v6.newmessage.org\/es\/about-text-shortcode\"><span>Read More<\/span><\/a><\/p>\n","protected":false},"author":13,"featured_media":0,"parent":16358,"menu_order":10,"comment_status":"closed","ping_status":"closed","template":"template-leftsidebar.php","meta":{"_monsterinsights_skip_tracking":false,"_monsterinsights_sitenote_active":false,"_monsterinsights_sitenote_note":"","_monsterinsights_sitenote_category":0,"footnotes":""},"categories":[501,76],"tags":[],"_links":{"self":[{"href":"https:\/\/www.v6.newmessage.org\/es\/wp-json\/wp\/v2\/pages\/27768"}],"collection":[{"href":"https:\/\/www.v6.newmessage.org\/es\/wp-json\/wp\/v2\/pages"}],"about":[{"href":"https:\/\/www.v6.newmessage.org\/es\/wp-json\/wp\/v2\/types\/page"}],"author":[{"embeddable":true,"href":"https:\/\/www.v6.newmessage.org\/es\/wp-json\/wp\/v2\/users\/13"}],"replies":[{"embeddable":true,"href":"https:\/\/www.v6.newmessage.org\/es\/wp-json\/wp\/v2\/comments?post=27768"}],"version-history":[{"count":1,"href":"https:\/\/www.v6.newmessage.org\/es\/wp-json\/wp\/v2\/pages\/27768\/revisions"}],"predecessor-version":[{"id":27769,"href":"https:\/\/www.v6.newmessage.org\/es\/wp-json\/wp\/v2\/pages\/27768\/revisions\/27769"}],"up":[{"embeddable":true,"href":"https:\/\/www.v6.newmessage.org\/es\/wp-json\/wp\/v2\/pages\/16358"}],"wp:attachment":[{"href":"https:\/\/www.v6.newmessage.org\/es\/wp-json\/wp\/v2\/media?parent=27768"}],"wp:term":[{"taxonomy":"category","embeddable":true,"href":"https:\/\/www.v6.newmessage.org\/es\/wp-json\/wp\/v2\/categories?post=27768"},{"taxonomy":"post_tag","embeddable":true,"href":"https:\/\/www.v6.newmessage.org\/es\/wp-json\/wp\/v2\/tags?post=27768"}],"curies":[{"name":"wp","href":"https:\/\/api.w.org\/{rel}","templated":true}]}}