{"id":27766,"date":"2016-02-24T12:54:43","date_gmt":"2016-02-24T12:54:43","guid":{"rendered":"http:\/\/www.newmessage.org\/spanish-international\/?page_id=27766"},"modified":"2020-12-03T19:23:36","modified_gmt":"2020-12-03T19:23:36","slug":"el-fuego-espiritual","status":"publish","type":"page","link":"https:\/\/www.v6.newmessage.org\/es\/el-mensaje\/volumen-1\/el-poder-del-conocimiento\/el-fuego-espiritual","title":{"rendered":"El fuego espiritual"},"content":{"rendered":"<div><!--Versi\u00f3n espa\u00f1ola 1.36--><\/div>\n\n<div class=\"tabgroup \"><ul class=\"tabs\"><li><a href=\"#tabs-1\">Acerca de<\/a><\/li><\/ul>\n <div id=\"tabs-1\"><br \/>\n<i>Como le fue revelado a<\/i><br \/>\n<i>Marshall Vian Summers<\/i><br \/>\n<i>el 23 de febrero de 2013<\/i><br \/>\n<i>en Boulder, Colorado, Estados Unidos<\/i><\/p>\n<p>Texto original: <a href=\"https:\/\/www.newmessage.org\/the-message\/volume-1\/power-of-knowledge\/the-spiritual-fire\">The Spiritual Fire<\/a><\/p>\n<p>Escucha el audio original aqu\u00ed (en ingl\u00e9s):<\/p>\n<div id=\"jquery_jplayer_1\" class=\"jp-jplayer\"><\/div>\n\t\t\t\t<div id=\"jp_container_1\" class=\"jp-audio\">\n\t\t\t\t<div class=\"jp-type-single\"><div class=\"jp-control\"><a href=\"javascript:;\" class=\"jp-play\" tabindex=\"1\">play<\/a><a href=\"javascript:;\" class=\"jp-pause\" tabindex=\"1\">pause<\/a><\/div> <div class=\"jp-gui jp-interface\"><div class=\"jp-volume\"><div class=\"jp-volume-bar\"><div class=\"jp-volume-bar-value\"><\/div><\/div><\/div><div class=\"jp-progress\"><div class=\"jp-seek-bar\"><div class=\"jp-play-bar\"><\/div><\/div><\/div><\/div>\t\t\t\t\t<div class=\"jp-no-solution\"><span>Update Required<\/span>To play the media you will need to either update your browser to a recent version or update your <a href=\"http:\/\/get.adobe.com\/flashplayer\/\" target=\"_blank\">Flash plugin<\/a>.<\/div><\/div><\/div>\n\t\t\t<script type='text\/javascript'>\n\t\t\t\tjQuery(document).ready(function() {\n\t\t\t\t\tif (typeof (sermonMedia) == 'function') {\n\t\t\t\t\t\tsermonMedia.addAudio('', \"jquery_jplayer_1\");\n\t\t\t\t\t}\n\t\t\t\t\tjQuery.jPlayer.timeFormat.showHour = true;\n\t\t\t\t\tjQuery(\"#jquery_jplayer_1\").jPlayer({\n\t\t\t\t\t\tready: function(event) {\n\t\t\t\t\t\t\tjQuery(this).jPlayer(\"setMedia\", {mp3: 'https:\/\/www.newmessage.org\/av\/the-spiritual-fire.mp3'});\n\t\t\t\t\t\t},\n\t\t\t\t\t\tplay: function() {\n\t\t\t\t\t\t\tjQuery(this).jPlayer(\"pauseOthers\");\n\t\t\t\t\t\t},\n\t\t\t\t\t\tswfPath: ThemeData.directory_uri+\"\/swf\",\n\t\t\t\t\t\tsolution: \"html, flash\",\n\t\t\t\t\t\tpreload: \"metadata\",\n\t\t\t\t\t\twmode: \"window\",\n\t\t\t\t\t\tsupplied: \"mp3\",\n\t\t\t\t\t\tcssSelectorAncestor: '#jp_container_1'\n\t\t\t\t\t});\n\t\t\t\t});\n\t\t\t<\/script><\/p>\n<p><a title=\"The Spiritual Fire\" href=\"https:\/\/www.newmessage.org\/av\/the-spiritual-fire.mp3\">Descargar<\/a> (cliquea en el bot\u00f3n derecho y selecciona \u201cguardar enlace como\u201d)<\/p>\n<div class=\"toggle toggle-white\"><h4 class=\"trigger \"><span class=\"t_ico\"><\/span><a href=\"#\">M\u00e1s informaci\u00f3n sobre este texto<\/a><\/h4><div class=\"toggle_container \"><br \/>\n<p>Lo que est\u00e1s leyendo en este texto es la transcripci\u00f3n de la voz original de la Asamblea Ang\u00e9lica hablando a trav\u00e9s del Mensajero Marshall Vian Summers.<\/p>\n<p>Aqu\u00ed, la comunicaci\u00f3n original de Dios, que existe m\u00e1s all\u00e1 de las palabras, es traducida al lenguaje y el entendimiento humanos por la Asamblea Ang\u00e9lica que supervisa el mundo. La Asamblea despu\u00e9s entrega el Mensaje de Dios a trav\u00e9s del Mensajero, tras lo cual es transcrito y puesto a tu disposici\u00f3n y a disposici\u00f3n de todos.<\/p>\n<p>En este extraordinario proceso, la Voz de la Revelaci\u00f3n est\u00e1 hablando de nuevo. La Palabra y el Sonido est\u00e1n en el mundo. Que puedas ser el receptor de este regalo de Revelaci\u00f3n y puedas estar abierto a recibir su Mensaje \u00fanico para ti y para tu vida.<\/p>\n<br \/>\n<\/div><\/div>\n<p><\/div>\n\t\t\t\t<div align=\"right\">\n\t\t\t<div class=\"fb-like\" data-href=\"\" data-layout=\"button_count\" data-action=\"like\" data-show-faces=\"false\" data-share=\"false\"><\/div>\n\t\t\t<div class=\"fb-share-button\" data-layout=\"button_count\"> <\/div>\n\t\t\t<div class=\"fb_iframe_widget\"><a href=\"https:\/\/twitter.com\/godsnewmessage?ref_src=twsrc%5Etfw\" class=\"twitter-follow-button\" data-show-count=\"false\">Follow @godsnewmessage<\/a><script async src=\"https:\/\/platform.twitter.com\/widgets.js\" charset=\"utf-8\"><\/script><\/div>\n\t\t\t<\/div> <\/div> \n\n<p>Dentro de ti, en lo profundo de ti, bajo la superficie de tu mente en un lugar que apenas conoces, existe un fuego, un fuego espiritual. Este es la fuente de tu inspiraci\u00f3n. Es el fuego del Conocimiento, la mente m\u00e1s profunda dentro de ti \u2014ardiendo como un hogar, consumiendo tus errores y tu dolor, purific\u00e1ndote, bendici\u00e9ndote, gui\u00e1ndote\u2014.<\/p>\n<p>Pero t\u00fa est\u00e1s muy lejos de este hogar \u2014viviendo en la superficie, la turbulenta superficie de tu mente; viviendo en la superficie del mundo, con todas sus tragedias, alicientes y desgracias; ocupado, atrapado en cosas; estimulado pero agitado; empujado por tu vida, por tus necesidades, por tus posesiones y por los requerimientos de otros\u2014. No sientes este fuego, aunque est\u00e1 ardiendo dentro de ti.<\/p>\n<p>Como criatura de la Tierra, tu coraz\u00f3n continuar\u00e1 latiendo; tu cuerpo funcionar\u00e1. Pero estas cosas no pueden generar el deseo de crear, el deseo de establecer verdaderas relaciones, el deseo de significado y la b\u00fasqueda de significado. Esto debe surgir de un incentivo m\u00e1s profundo que vive dentro de ti, en lo profundo de ti. Esto surge del fuego.<\/p>\n<p>El fuego es el motor de tu vida mayor, generando un incentivo mayor m\u00e1s all\u00e1 de la mera supervivencia y la recreaci\u00f3n en las cosas de este mundo, generando una b\u00fasqueda de significado m\u00e1s all\u00e1 del confort y la seguridad. Te lleva m\u00e1s lejos de lo que ir\u00edas de otro modo. Te desaf\u00eda. Busca llevarte m\u00e1s lejos, m\u00e1s all\u00e1 de este punto, m\u00e1s all\u00e1 a\u00fan de cualquier \u00e9xito que sientas que debas tener para ti mismo. Para asegurar tu felicidad y tu seguridad en el mundo, existe este mayor fuego urgi\u00e9ndote a una llamada y un prop\u00f3sito superiores en la vida.<\/p>\n<p>\u00bfC\u00f3mo sabr\u00e1s que este fuego est\u00e1 ah\u00ed? Lo sabr\u00e1s porque cuando te aquietes, cuando te sientes en calma, lo sentir\u00e1s. No reside solo en una parte de tu cuerpo, pero puedes sentirlo en tu coraz\u00f3n y en tu est\u00f3mago. Puedes sentir la presi\u00f3n de buscar lo que te est\u00e1 llamando en el mundo.<\/p>\n<p>No puedes sentirte confortable solo con el confort. No puedes sentirte confiado con todos los arreos de la seguridad. No puedes satisfacerte con peque\u00f1as cosas, porque el fuego est\u00e1 ah\u00ed. Es misterioso. No puedes conceptualizarlo. No puedes usarlo para tus propias intenciones. No puedes usarlo para conseguir riqueza o privilegios ni para vencer a los dem\u00e1s. El fuego tiene su propio prop\u00f3sito. Tiene mayores planes para tu vida.<\/p>\n<p>Aqu\u00ed el Conocimiento no es solo un concepto o una cosa imaginaria. Es una realidad visceral. Puedes sentirlo en tu cuerpo. Es la fuente de tu fuerza vital aqu\u00ed. Es poderoso. Es sutil. Si te acercaras a \u00e9l, ver\u00edas lo fuerte que realmente es y c\u00f3mo ilumina el paisaje dentro de ti.<\/p>\n<p>Pero desde muy lejos solo es un punto de luz, una luz parpadeante en el horizonte de tu interior. Todav\u00eda no puedes sentir su calidez, su poder, su aliento y su direcci\u00f3n. Porque est\u00e1s perdido en el mundo \u2014atrapado en el mundo, atrapado en tu mente, que est\u00e1 atrapada en el mundo; fascinado y asustado por las cosas a tu alrededor; estimulado en exceso; implicado en exceso\u2014. Tu mente est\u00e1 dominando tu atenci\u00f3n. Tus actividades est\u00e1n usando todo tu tiempo. Por tanto, el fuego apenas se siente, excepto en momentos de sobriedad o reposo. Puedes sentir que hay algo en ti \u2014la fuente de tu energ\u00eda, de tu mayor energ\u00eda\u2014.<\/p>\n<p>Vas a necesitar este fuego. Vas a necesitar este fuego para enfrentar un mundo de creciente inestabilidad medioambiental, social y econ\u00f3mica. Vas a necesitar este fuego para enfrentar la creciente incertidumbre de la gente a tu alrededor. Vas a necesitar este fuego para construir los Cuatro Pilares de tu vida \u2014el Pilar de las Relaciones, el Pilar de la Salud, el Pilar del Trabajo y el Aprovisionamiento y el Pilar del Desarrollo Espiritual\u2014. Estos son los Pilares que sostienen tu vida y te dar\u00e1n la fuerza para resistir las dificultades y el gran cambio que est\u00e1 llegando al mundo.<\/p>\n<p>Necesitas este fuego para evitar caer en la desesperaci\u00f3n o volverte alguien hastiado y c\u00ednico. Necesitas este fuego para mantener tus ojos abiertos, para mantenerte escuchando, mirando y observando el horizonte de tu vida. Necesitar\u00e1s este fuego para encontrar a aquellos individuos que tienen una llave para tu trabajo y tus relaciones mayores en la vida.<\/p>\n<p>Porque si solo vives en la superficie de tu mente entonces perecer\u00e1s all\u00ed. Perder\u00e1s tu direcci\u00f3n. Perder\u00e1s tu motivaci\u00f3n. Perder\u00e1s tu pasi\u00f3n por la vida. Perder\u00e1s tu inspiraci\u00f3n. Caer\u00e1s en la desesperaci\u00f3n. Incluso si vives con lujo y riqueza, caer\u00e1s en la desesperaci\u00f3n.<\/p>\n<p>Dios te ha dado el Conocimiento para guiarte, bendecirte, protegerte y prepararte para una vida mayor de realizaci\u00f3n y contribuci\u00f3n en el mundo. Este Conocimiento tiene un fuego, un poder y una potencia inherentes. Es suficientemente fuerte para vencer tu inhibici\u00f3n, para llevarte a hacer ciertas cosas o para retenerte de hacer cosas que te da\u00f1ar\u00e1n, te distraer\u00e1n o conducir\u00e1n tu vida en una direcci\u00f3n peligrosa.<\/p>\n<p>El poder del Conocimiento dentro de ti es m\u00e1s poderoso que tus ideas; es m\u00e1s poderoso que tus creencias fijas, m\u00e1s poderoso que todas las creencias fijas del mundo juntas. Este fuego es su poder. Porque es el fuego del amor. Es el fuego del coraje. Es el fuego de la determinaci\u00f3n. Es el fuego de la compasi\u00f3n y el perd\u00f3n. Es el fuego que purifica todo lo que es impuro y da\u00f1ino dentro de ti.<\/p>\n<p>Cuando comiences a tomar los Pasos al Conocimiento y aprendas c\u00f3mo sentir tu vida bajo la superficie de tu mente, comenzar\u00e1s a sentir la calidez, la fuerza y la potencia de este fuego. Este te dar\u00e1 coraje. Y te restaurar\u00e1. Te sacar\u00e1 de tu miedo y tu ansiedad. Te mostrar\u00e1 que todos aquellos de los que te quejas en realidad te est\u00e1n ense\u00f1ando a valorar este Conocimiento y a apuntar hacia este fuego.<\/p>\n<p>Este es tu libertad, porque nada en el mundo puede extinguirlo. Este permanece puro en tu interior. Incluso si tu vida ha sido corrompida, incluso si tu vida ha sido desperdiciada, incluso si tu vida est\u00e1 actualmente bajo el sufrimiento, bajo la subyugaci\u00f3n o la opresi\u00f3n de otros, el fuego permanece puro dentro de ti. \u00c9l te dar\u00e1 ojos para ver, o\u00eddos para escuchar y la fuerza necesaria para observar tu vida objetivamente. \u00c9l te restaurar\u00e1 de tus obsesiones y adicciones, porque es m\u00e1s poderoso que ellas.<\/p>\n<p>Dios no solo te ha dado la sabidur\u00eda. Dios te ha dado el fuego para descubrir y vivir esta sabidur\u00eda. Si te sientas en calma puedes empezar a sentirlo, una vez que tu mente se asienta. Est\u00e1 realmente muy cerca de ti, pero est\u00e1s mirando en otra direcci\u00f3n. Tu mente est\u00e1 en otra parte, atrapada en cosas, atrapada en el futuro, atrapada en el pasado.<\/p>\n<p>Con este fuego sentir\u00e1s la Presencia que mora contigo, la Presencia de aquellos que velan sobre ti, la Presencia que este fuego sagrado mantiene dentro de ti \u2014el fuego que no puede extinguirse, porque estaba ardiendo antes de que vinieras al mundo y seguir\u00e1 ardiendo cuando dejes este lugar\u2014.<\/p>\n<p>Seas rico o pobre, no importan las circunstancias de tu vida o los dilemas y las dificultades a los que te enfrentas en este momento, t\u00fa puedes retornar al fuego. Tu redenci\u00f3n est\u00e1 muy cerca, pero te llevar\u00e1 tiempo traer esta consciencia a tu vida, establecer las pr\u00e1cticas que necesitas para conectarte con tu naturaleza m\u00e1s profunda y beneficiarte de la mayor fuerza que Dios te ha dado.<\/p>\n<p>Porque Dios no est\u00e1 dirigiendo tu vida o manejando tus asuntos. Dios te ha dado el poder del Conocimiento para darte verdadera direcci\u00f3n y prop\u00f3sito en un mundo ca\u00f3tico. Naciste con \u00e9l. Est\u00e1 contigo ahora, y estar\u00e1 contigo cuando dejes este lugar. \u00bfQu\u00e9 mayor regalo puede darte Dios?<\/p>\n<p>El mundo es ca\u00f3tico. No pienses que todo sirve a un prop\u00f3sito superior. No pienses que todo est\u00e1 divinamente guiado, porque Dios puso en marcha las fuerzas biol\u00f3gicas, geol\u00f3gicas y evolutivas al principio de los tiempos, y estas est\u00e1n funcionando por s\u00ed mismas. Por tanto, el cambio es impredecible. Todo puede cambiar en un instante. Tus errores o los errores de otros pueden alterar el curso de tu vida. Puede ocurrir una tragedia. Nada est\u00e1 asegurado, salvo el poder del Conocimiento dentro de ti.<\/p>\n<p>Cuando te des cuenta de esto te tornar\u00e1s hacia el Cielo y hacia la fuerza que el Cielo te ha dado. Este ser\u00e1 el gran punto de inflexi\u00f3n \u2014cuando ves que la \u00fanica seguridad real que tienes en este mundo es el poder del Conocimiento dentro de ti, la fuerza de tus relaciones y el grado en que has construido los Cuatro Pilares de tu vida.<\/p>\n<p>M\u00e1s all\u00e1 de esto todo son ideas y especulaci\u00f3n, fantas\u00edas y creencias. Pero las creencias tienen poco poder frente a las fuerzas de cambio en el mundo. Y Dios te ha dado una mayor fuerza a la que apelar en cada aspecto de tu vida.<\/p>\n<p>Cuando te des cuenta de que los sustitutos de este poder no pueden garantizar tu seguridad o tu \u00e9xito, te tornar\u00e1s a la fuerza que el Cielo te ha dado \u2014una sabidur\u00eda, una presencia y un fuego\u2014. No puedes imaginar lo importante que es esto para ti y c\u00f3mo puede guiar tus decisiones y liberarte de la ambivalencia y la confusi\u00f3n que tanto predominan.<\/p>\n<p>Es por eso que la gente tiene creencias tan fuertes y fijas, pues bajo ellas est\u00e1n asustados y confundidos. Cuanto m\u00e1s asustados y confundidos est\u00e1n, m\u00e1s se agarran a sus ideas o a sus asociaciones en la vida con terca y est\u00fapida perseverancia. Ellos no pueden ver m\u00e1s all\u00e1 de la prisi\u00f3n que han creado para s\u00ed mismos. Se han encerrado dentro. No pueden ver el amanecer. No pueden ver el misterio de sus vidas. Este no es tu destino.<\/p>\n<p>No busques confirmaci\u00f3n intelectual, porque esta es d\u00e9bil e inconsistente y tiene poca base en el mundo. Dios te ha dado la mayor fuerza. La tarea ahora es tomar los Pasos al Conocimiento, pues estos son la esencia de toda pr\u00e1ctica espiritual, dados ahora en la Nueva Revelaci\u00f3n de Dios en una forma pura que nunca ha sido alterada o acomodada por la gente en el transcurso del tiempo.<\/p>\n<p>Tu tarea es involucrarte con el poder y la presencia del Conocimiento y traer resoluci\u00f3n a tu vida externa, pues esta est\u00e1 drenando tu tiempo, tu energ\u00eda y tus recursos. Tu tarea ahora es tomar los Pasos al Conocimiento para encontrar el mayor poder y sentir este poder, que es el fuego del Conocimiento en tu interior.<\/p>\n<p>Este no es el fuego de la creencia apasionada. No es el fuego de la admonici\u00f3n. No es el fuego de un Dios enfadado, disminuyendo las naciones. Deja estas ideas, porque nacen de la ignorancia y la condena humanas. Un Dios enfadado es la proyecci\u00f3n y la creaci\u00f3n de gente enfadada.<\/p>\n<p>El poder que Dios te ha dado es ben\u00e9volo, pero potente. Posee determinaci\u00f3n. No puedes regatear con \u00e9l. Solo puedes recibirlo y responder a sus regalos y su direcci\u00f3n a medida que navegas en un mundo cada vez m\u00e1s conflictivo y dif\u00edcil.<\/p>\n<p>La luz de la Revelaci\u00f3n vive en un lugar dentro de ti que has olvidado en tu viaje en el mundo, en un lugar donde est\u00e1s a salvo y tienes garant\u00eda de tu futuro, porque esta es la parte de ti que no puede ser destruida, que no puede ser corrompida. Es la luz de la esperanza para aquellos que est\u00e1n oprimidos. Es la luz de la inspiraci\u00f3n para aquellos que est\u00e1n deprimidos. Es la fuerza de aquellos que en apariencia no tienen poder en el mundo. Es el regalo de la vida para aquellos que han adquirido demasiado, aquellos cuyas vidas han quedado estancadas entre sus posesiones. Es la resoluci\u00f3n, como ves, pues Dios ha puesto la respuesta en ti antes incluso de que las preguntas hayan surgido.<\/p>\n<p>No importa cu\u00e1l sea tu aprieto, Dios ha puesto el poder que puede sacarte de la jungla de la confusi\u00f3n. Y el fuego arde. Una vez que se le ha sentido, una vez que se le ha reconocido, es imposible olvidarlo. Una vez que sus regalos han sido recibidos, pondr\u00e1 en marcha un proceso de reevaluaci\u00f3n en tu vida a medida que los falsos dioses comienzan a fallar. Con el tiempo, te restaurar\u00e1 y te redimir\u00e1, a medida que aprendas a seguir su gu\u00eda y te vuelvas un veh\u00edculo para su expresi\u00f3n en el mundo.<\/p>\n<p>Este es el fuego que trasciende la creencia y la ideolog\u00eda religiosa. Est\u00e1 ah\u00ed para todos \u2014para el cristiano, para el budista, para el musulm\u00e1n, para el jud\u00edo y para todas las otras formas de pr\u00e1ctica y comprensi\u00f3n religiosa\u2014. En ciertas tradiciones es reconocido. En ciertas tradiciones lo llaman un \u201cdios\u201d: el dios fuego, el dios del fuego, porque el fuego es poder, el fuego es restauraci\u00f3n, el fuego es supervivencia, el fuego es calidez. Pero este fuego es de una clase diferente. Este fuego no destruye, no incendia tu casa, no quema y da\u00f1a tu cuerpo. Este fuego es el fuego espiritual, que consume aquello que es impuro.<\/p>\n<p>Por tanto, entrega tu miedo a este fuego. Entrega tu ambivalencia a este fuego. Entrega tu sentido de opresi\u00f3n a este fuego. Entrega tu enfado, tu odio y tu condena a este fuego. Visual\u00edzate sentado junto a este fuego, aliment\u00e1ndole con estas cosas, porque \u00e9l purificar\u00e1 todo aquello que no es verdadero.<\/p>\n<p>La Nueva Revelaci\u00f3n de Dios para el mundo saca a la luz el poder de redenci\u00f3n para el individuo y la mayor esperanza para el mundo, porque si el poder del Conocimiento dentro del individuo no puede ser encendido, entonces no hay esperanza para el mundo. La humanidad seguir\u00e1 su curso desesperado y destructivo con un final inevitable, y el mundo ser\u00e1 da\u00f1ado hasta tal punto que apenas podr\u00e1 sostener una poblaci\u00f3n humana. Tal es el fruto de la codicia, la corrupci\u00f3n y la ignorancia humanas.<\/p>\n<p>Es el fuego lo que ahora es m\u00e1s esencial que nunca. No es meramente para tu redenci\u00f3n personal. Es para la restauraci\u00f3n del mundo, para preparar a la humanidad para vivir en un nuevo mundo y para encarar un universo, una Comunidad Mayor de vida, que alterar\u00e1 el curso del destino humano y el futuro de toda persona.<\/p>\n<p>Puede que te sientas falto de esperanza, pero la esperanza vive dentro de ti. Puede que te sientas indefenso, pero la fuerza vive dentro de ti. Puede que te sientas oprimido por tus circunstancias, pero una vida mayor vive dentro de ti, esperando a ser descubierta, recibida y expresada.<\/p>\n<p>Ven entonces al fuego. Ven entonces a lo que te calienta, te da fuerza y coraje y te restaura tu dignidad y tu prop\u00f3sito, el prop\u00f3sito por el que est\u00e1s en el mundo. Esta es la bendici\u00f3n. Este es el ofrecimiento. Es as\u00ed como Dios te restaura y te da una vida mayor en este mundo.<\/p>\n","protected":false},"excerpt":{"rendered":"<p>Dentro de ti, en lo profundo de ti, bajo la superficie de tu mente en un lugar que apenas conoces, existe un fuego, un fuego espiritual. Este es la fuente de tu inspiraci\u00f3n. Es el fuego del Conocimiento, la mente m\u00e1s profunda dentro de ti \u2014ardiendo como un hogar, consumiendo tus errores y tu dolor,\u2026 <a class=\"read-more\" href=\"https:\/\/www.v6.newmessage.org\/es\/about-text-shortcode\"><span>Read More<\/span><\/a><\/p>\n","protected":false},"author":13,"featured_media":0,"parent":29424,"menu_order":16,"comment_status":"closed","ping_status":"closed","template":"template-leftsidebar.php","meta":{"_monsterinsights_skip_tracking":false,"_monsterinsights_sitenote_active":false,"_monsterinsights_sitenote_note":"","_monsterinsights_sitenote_category":0,"footnotes":""},"categories":[76,851,460],"tags":[],"_links":{"self":[{"href":"https:\/\/www.v6.newmessage.org\/es\/wp-json\/wp\/v2\/pages\/27766"}],"collection":[{"href":"https:\/\/www.v6.newmessage.org\/es\/wp-json\/wp\/v2\/pages"}],"about":[{"href":"https:\/\/www.v6.newmessage.org\/es\/wp-json\/wp\/v2\/types\/page"}],"author":[{"embeddable":true,"href":"https:\/\/www.v6.newmessage.org\/es\/wp-json\/wp\/v2\/users\/13"}],"replies":[{"embeddable":true,"href":"https:\/\/www.v6.newmessage.org\/es\/wp-json\/wp\/v2\/comments?post=27766"}],"version-history":[{"count":5,"href":"https:\/\/www.v6.newmessage.org\/es\/wp-json\/wp\/v2\/pages\/27766\/revisions"}],"predecessor-version":[{"id":30103,"href":"https:\/\/www.v6.newmessage.org\/es\/wp-json\/wp\/v2\/pages\/27766\/revisions\/30103"}],"up":[{"embeddable":true,"href":"https:\/\/www.v6.newmessage.org\/es\/wp-json\/wp\/v2\/pages\/29424"}],"wp:attachment":[{"href":"https:\/\/www.v6.newmessage.org\/es\/wp-json\/wp\/v2\/media?parent=27766"}],"wp:term":[{"taxonomy":"category","embeddable":true,"href":"https:\/\/www.v6.newmessage.org\/es\/wp-json\/wp\/v2\/categories?post=27766"},{"taxonomy":"post_tag","embeddable":true,"href":"https:\/\/www.v6.newmessage.org\/es\/wp-json\/wp\/v2\/tags?post=27766"}],"curies":[{"name":"wp","href":"https:\/\/api.w.org\/{rel}","templated":true}]}}