{"id":27762,"date":"2016-02-24T11:38:58","date_gmt":"2016-02-24T11:38:58","guid":{"rendered":"http:\/\/www.newmessage.org\/spanish-international\/?page_id=27762"},"modified":"2016-02-24T11:38:58","modified_gmt":"2016-02-24T11:38:58","slug":"la-confirmacion","status":"publish","type":"page","link":"https:\/\/www.v6.newmessage.org\/es\/el-mensaje\/otras-revelaciones\/la-confirmacion","title":{"rendered":"La Confirmaci\u00f3n"},"content":{"rendered":"<div><!--Versi\u00f3n espa\u00f1ola 1.2--><\/div>\n\n<div class=\"tabgroup \"><ul class=\"tabs\"><li><a href=\"#tabs-1\">Acerca de<\/a><\/li><\/ul>\n <div id=\"tabs-1\"><br \/>\n<i>Como le fue revelado a<\/i><br \/>\n<i>Marshall Vian Summers<\/i><br \/>\n<i>el 2 de abril de 2011<\/i><br \/>\n<i>en Boulder, Colorado, Estados Unidos<\/i><\/p>\n<p>Texto original: <a href=\"https:\/\/www.newmessage.org\/the-message\/other-revelations\/the-confirmation\">The Confirmation<\/a><\/p>\n<p>Escucha el audio original aqu\u00ed (en ingl\u00e9s):<\/p>\n<div id=\"jquery_jplayer_1\" class=\"jp-jplayer\"><\/div>\n\t\t\t\t<div id=\"jp_container_1\" class=\"jp-audio\">\n\t\t\t\t<div class=\"jp-type-single\"><div class=\"jp-control\"><a href=\"javascript:;\" class=\"jp-play\" tabindex=\"1\">play<\/a><a href=\"javascript:;\" class=\"jp-pause\" tabindex=\"1\">pause<\/a><\/div> <div class=\"jp-gui jp-interface\"><div class=\"jp-volume\"><div class=\"jp-volume-bar\"><div class=\"jp-volume-bar-value\"><\/div><\/div><\/div><div class=\"jp-progress\"><div class=\"jp-seek-bar\"><div class=\"jp-play-bar\"><\/div><\/div><\/div><\/div>\t\t\t\t\t<div class=\"jp-no-solution\"><span>Update Required<\/span>To play the media you will need to either update your browser to a recent version or update your <a href=\"http:\/\/get.adobe.com\/flashplayer\/\" target=\"_blank\">Flash plugin<\/a>.<\/div><\/div><\/div>\n\t\t\t<script type='text\/javascript'>\n\t\t\t\tjQuery(document).ready(function() {\n\t\t\t\t\tif (typeof (sermonMedia) == 'function') {\n\t\t\t\t\t\tsermonMedia.addAudio('', \"jquery_jplayer_1\");\n\t\t\t\t\t}\n\t\t\t\t\tjQuery.jPlayer.timeFormat.showHour = true;\n\t\t\t\t\tjQuery(\"#jquery_jplayer_1\").jPlayer({\n\t\t\t\t\t\tready: function(event) {\n\t\t\t\t\t\t\tjQuery(this).jPlayer(\"setMedia\", {mp3: 'https:\/\/www.newmessage.org\/av\/the-confirmation.mp3'});\n\t\t\t\t\t\t},\n\t\t\t\t\t\tplay: function() {\n\t\t\t\t\t\t\tjQuery(this).jPlayer(\"pauseOthers\");\n\t\t\t\t\t\t},\n\t\t\t\t\t\tswfPath: ThemeData.directory_uri+\"\/swf\",\n\t\t\t\t\t\tsolution: \"html, flash\",\n\t\t\t\t\t\tpreload: \"metadata\",\n\t\t\t\t\t\twmode: \"window\",\n\t\t\t\t\t\tsupplied: \"mp3\",\n\t\t\t\t\t\tcssSelectorAncestor: '#jp_container_1'\n\t\t\t\t\t});\n\t\t\t\t});\n\t\t\t<\/script><\/p>\n<p><a title=\"The Confirmation\" href=\"https:\/\/www.newmessage.org\/av\/the-confirmation.mp3\">Descargar<\/a> (cliquea en el bot\u00f3n derecho y selecciona \u201cguardar enlace como\u201d)<\/p>\n<div class=\"toggle toggle-white\"><h4 class=\"trigger \"><span class=\"t_ico\"><\/span><a href=\"#\">M\u00e1s informaci\u00f3n sobre este texto<\/a><\/h4><div class=\"toggle_container \"><br \/>\n<p>Lo que est\u00e1s leyendo en este texto es la transcripci\u00f3n de la voz original de la Asamblea Ang\u00e9lica hablando a trav\u00e9s del Mensajero Marshall Vian Summers.<\/p>\n<p>Aqu\u00ed, la comunicaci\u00f3n original de Dios, que existe m\u00e1s all\u00e1 de las palabras, es traducida al lenguaje y el entendimiento humanos por la Asamblea Ang\u00e9lica que supervisa el mundo. La Asamblea despu\u00e9s entrega el Mensaje de Dios a trav\u00e9s del Mensajero, tras lo cual es transcrito y puesto a tu disposici\u00f3n y a disposici\u00f3n de todos.<\/p>\n<p>En este extraordinario proceso, la Voz de la Revelaci\u00f3n est\u00e1 hablando de nuevo. La Palabra y el Sonido est\u00e1n en el mundo. Que puedas ser el receptor de este regalo de Revelaci\u00f3n y puedas estar abierto a recibir su Mensaje \u00fanico para ti y para tu vida.<\/p>\n<br \/>\n<\/div><\/div>\n<p><\/div>\n\t\t\t\t<div align=\"right\">\n\t\t\t<div class=\"fb-like\" data-href=\"\" data-layout=\"button_count\" data-action=\"like\" data-show-faces=\"false\" data-share=\"false\"><\/div>\n\t\t\t<div class=\"fb-share-button\" data-layout=\"button_count\"> <\/div>\n\t\t\t<div class=\"fb_iframe_widget\"><a href=\"https:\/\/twitter.com\/godsnewmessage?ref_src=twsrc%5Etfw\" class=\"twitter-follow-button\" data-show-count=\"false\">Follow @godsnewmessage<\/a><script async src=\"https:\/\/platform.twitter.com\/widgets.js\" charset=\"utf-8\"><\/script><\/div>\n\t\t\t<\/div> <\/div> \n\n<p><em>\u201cDebes escuchar atento a la Confirmaci\u00f3n. Nuestras palabras no son solo palabras. Los escritos no son solo ideas. Son una comunicaci\u00f3n directa con la parte m\u00e1s profunda de ti. Si no puedes escuchar esto, \u00bfc\u00f3mo ser\u00e1n entonces respondidas tus oraciones, si no puedes escuchar la respuesta?\u201d<\/em><\/p>\n<p>Esta es la Confirmaci\u00f3n \u2014la Confirmaci\u00f3n de por qu\u00e9 has venido al mundo\u2014, la Llamada \u2014que sacar\u00e1 de ti aquello que t\u00fa no puedes sacar de ti por ti mismo\u2014, la resonancia que debe venir de la Fuente de la vida \u2014una resonancia con la que est\u00e1s por naturaleza unido y relacionado\u2014, la Confirmaci\u00f3n que pondr\u00e1 tu vida en perspectiva, finalmente, d\u00e1ndole el contexto correcto, el significado apropiado y su verdadera aplicaci\u00f3n en un mundo cambiante y dif\u00edcil.<\/p>\n<p>La Confirmaci\u00f3n es lo que tu coraz\u00f3n busca en todas tus b\u00fasquedas de relaciones, felicidad y satisfacci\u00f3n de cualquier clase, el anhelo del alma por su verdadera involucraci\u00f3n en el mundo. Porque has venido aqu\u00ed por un mayor prop\u00f3sito, un prop\u00f3sito que no puedes determinar desde tu intelecto, tus creencias o tus ideas por s\u00ed solas. Es una revelaci\u00f3n personal, y no llega toda de una vez.<\/p>\n<p>La Confirmaci\u00f3n suceder\u00e1 cuando resuenes con la Fuente de tu vida y seas llamado a una mayor involucraci\u00f3n \u2014un verdadero prop\u00f3sito\u2014. Este es muy diferente de tus planes, objetivos y esquemas para la felicidad y la redenci\u00f3n.<\/p>\n<p>Si no est\u00e1s luchando para sobrevivir, como tr\u00e1gicamente tanta gente lo est\u00e1, entonces tienes una oportunidad de responder a una relaci\u00f3n e involucraci\u00f3n mayores. Y tu involucraci\u00f3n jugar\u00e1 una gran parte en la restituci\u00f3n del mundo y en el gran alivio de la pobreza y la degradaci\u00f3n que afligen a tantos.<\/p>\n<p>T\u00fa no conoces tu llamada mayor o lo que esta implicar\u00e1, c\u00f3mo ser\u00e1 y a qui\u00e9n servir\u00e1. Eso debe serte revelado con el tiempo, seg\u00fan demuestres una disposici\u00f3n, una honestidad y un verdadero compromiso.<\/p>\n<p>Antes de que esto ocurra, est\u00e1 la Llamada, est\u00e1 el sonido, est\u00e1 la Voz, est\u00e1 la memoria, est\u00e1 el mundo que te saca de tu vida obsesiva, record\u00e1ndote una antigua memoria, una profunda comprensi\u00f3n durante un momento. Como el rel\u00e1mpago iluminando el paisaje en la noche, esto revela algo en el mism\u00edsimo coraz\u00f3n de tu ser. Esta es la Confirmaci\u00f3n.<\/p>\n<p>La Confirmaci\u00f3n no significa que la Revelaci\u00f3n vaya a satisfacer tus expectativas y referirse a tus creencias o ideas o a las creencias o ideas de tu religi\u00f3n o cultura, de vuestra historia o de tu naci\u00f3n. Estas son cosas para el intelecto. Pero a un nivel m\u00e1s profundo, hay otra forma de comunicaci\u00f3n que debe hablarte y debe hablar a otros desde ti, en su momento. Una involucraci\u00f3n m\u00e1s profunda, un recuerdo m\u00e1s profundo.<\/p>\n<p>En efecto, la Confirmaci\u00f3n ser\u00e1 diferente de lo que pensaste que ser\u00eda. Nada de gloria, ni grandeza o alabanzas. T\u00fa no te convertir\u00e1s en un gran pr\u00edncipe, un gran avatar o un gran salvador. No. No. No. Tu papel ser\u00e1 a una escala muy humilde, pero sus regalos ser\u00e1n profundos. T\u00fa operar\u00e1s sin reconocimiento en gran medida, porque el reconocimiento trae desgracia.<\/p>\n<p>La Confirmaci\u00f3n sonar\u00e1 una y otra vez seg\u00fan tomas los Pasos al Conocimiento y asciendes esta gran monta\u00f1a \u2014una monta\u00f1a de la que no sabes, una monta\u00f1a que se presenta a s\u00ed misma ante ti repentinamente, como surgida de la nada, desde el misterio de tu vida.<\/p>\n<p>La Confirmaci\u00f3n es ver el mundo tomado por las Grandes Olas de cambio y el reconocimiento de que la humanidad no est\u00e1 sola en el universo y ni siquiera en su propio mundo.<\/p>\n<p>Lentamente ver\u00e1s y escuchar\u00e1s seg\u00fan tus ojos y o\u00eddos se abran, seg\u00fan tu mente se aquiete y se aclare en vez de estar abrumada con sus miedos, su enfado y sus obsesiones. Esta es la Confirmaci\u00f3n.<\/p>\n<p>T\u00fa no puedes controlarla. No puedes determinar el resultado. No puedes hacer de ella lo que t\u00fa quieres que sea, porque esto es una involucraci\u00f3n con la Fuente de tu vida, y la Fuente establece los t\u00e9rminos de esta involucraci\u00f3n.<\/p>\n<p>Porque t\u00fa no llegas a Dios en tus t\u00e9rminos o de acuerdo a tus definiciones o requerimientos. Dios no tiene que probarte la Presencia Divina. Eres t\u00fa quien tiene que probar tu lealtad a la Presencia.<\/p>\n<p>La Confirmaci\u00f3n sonar\u00e1 dentro de ti, muy por debajo de la superficie de tu mente, a trav\u00e9s de los Antiguos Pasillos de tu mente, a trav\u00e9s de capas de memoria, en una parte de ti de la que no sabes, siendo un extra\u00f1o para ti mismo.<\/p>\n<p>A menos que te hayas aventurado profundamente bajo la superficie de tu mente, lo que all\u00ed hay es desconocido. La gente tiene miedo a ir all\u00ed. La gente tiene miedo de s\u00ed misma \u2014de sus pensamientos, de sus sentimientos, de sus emociones, de sus miedos, de sus pesares\u2014. Pero la Confirmaci\u00f3n sucede a un nivel m\u00e1s profundo. Hasta la persona m\u00e1s miserable puede escucharla y sentirla.<\/p>\n<p>La Confirmaci\u00f3n sonar\u00e1 porque has alcanzado un punto en el que est\u00e1s dispuesto, y el mundo a tu alrededor est\u00e1 llam\u00e1ndote \u2014llam\u00e1ndote a prepararte, porque no est\u00e1s listo para tu mayor papel.<\/p>\n<p>Es una se\u00f1al desde dentro de ti. Es una se\u00f1al desde aquellos que velan tu vida desde arriba. Es una se\u00f1al desde el mundo. Listo o no, est\u00e1 la se\u00f1al \u2014sonando en todas estas frecuencias y todas estas dimensiones, sonando a la vez.<\/p>\n<p>Es la convergencia din\u00e1mica de lo que quieres, lo que sabes y lo que el mundo requiere de ti. Esa es la Confirmaci\u00f3n.<\/p>\n<p>Pero t\u00fa no puedes verla. No puedes tocarla. No puedes formularla en tu mente. No puedes hacerla encajar en tus ideas. No puedes asociarla con tus creencias, porque est\u00e1 m\u00e1s all\u00e1 de estas cosas \u2014m\u00e1s all\u00e1 del dominio y el alcance de tu intelecto.<\/p>\n<p>Muchos pretenden ser religiosos, adherirse a sus creencias e ideas, postrarse en el templo o en la mezquita o en la iglesia. Ellos dicen las palabras. Dan la apariencia. Pero la Confirmaci\u00f3n a\u00fan no ocurrido en su interior. A\u00fan no est\u00e1n en una involucraci\u00f3n m\u00e1s profunda. Est\u00e1n fijos en sus creencias, en las ventajas sociales y en el sentido de identidad que ello puede darles, pero la Confirmaci\u00f3n no ha ocurrido. Esto est\u00e1 ocurriendo en una dimensi\u00f3n diferente por completo.<\/p>\n<p>Solo en el futuro tu mente finalmente se pondr\u00e1 al d\u00eda y dir\u00e1: \u201cS\u00ed, en efecto, esa era la verdad. S\u00ed, en efecto, necesitaba seguir ese impulso. S\u00ed, en efecto, necesitaba responder a la Nueva Revelaci\u00f3n. S\u00ed, en efecto, necesitaba abandonar esa situaci\u00f3n.\u201d Ser\u00e1 obvio para ti, porque habr\u00e1s alcanzado un lugar mejor en la vida, un lugar de mayor fuerza, claridad y confianza en ti mismo.<\/p>\n<p>Pero antes de alcanzar este punto de reconocimiento te encuentras en graves dudas, teniendo quiz\u00e1 momentos de duda e incertidumbre severas, yendo contra tu condicionamiento social, yendo contra tus deseos y preferencias, siguiendo algo misterioso que no puedes cuantificar o justificar. Pero la Confirmaci\u00f3n est\u00e1 tirando de ti. Una vez la has escuchado, una vez la has sentido, tu vida nunca volver\u00e1 a ser la misma.<\/p>\n<p>Es una gran Llamada \u2014una llamada a prepararte, una llamada a responder, una llamada a comenzar un proceso de reclamaci\u00f3n y redenci\u00f3n que no puedes controlar ni dirigir.<\/p>\n<p>Tu desaf\u00edo ser\u00e1 dirigir tu mente y tus asuntos y seguir el poder y el regalo de la Confirmaci\u00f3n, la cual te liberar\u00e1 de aquello que solo puede retenerte y comprometer tu vida. Te liberar\u00e1 de tus creencias falsas, de tus asociaciones da\u00f1inas con otros, de tus obligaciones peligrosas, de tu enfado, de tu resentimiento y tu falta de perd\u00f3n. Con el tiempo, te sacar\u00e1 de todo esto, de esta jungla sin esperanza que te ha mantenido perdido y como un extra\u00f1o para ti mismo.<\/p>\n<p>Solo si sigues la Presencia conocer\u00e1s la Presencia. Solo si tomas los Pasos al Conocimiento y sigues las directivas del Conocimiento entender\u00e1s el poder de la inteligencia m\u00e1s profunda que Dios te ha dado. Porque esta est\u00e1 respondiendo a la Confirmaci\u00f3n, tal y como debe hacerlo. No tiene elecci\u00f3n, porque es libre. Est\u00e1 libre del enga\u00f1o. Est\u00e1 libre de la corrupci\u00f3n, libre de prop\u00f3sitos divididos, libre de la confusi\u00f3n, libre de la seducci\u00f3n, libre de la fantas\u00eda. Est\u00e1 esperando la llamada, y una vez esta ocurra t\u00fa comenzar\u00e1s a responder, iniciando un proceso en lo profundo, bajo la superficie de tu mente.<\/p>\n<p>Si eres verdaderamente honesto seguir\u00e1s el movimiento m\u00e1s profundo de tu coraz\u00f3n y tu alma, incluso si te aleja de tus creencias y anteriores inversiones. Es una cuesti\u00f3n de honestidad.<\/p>\n<p>T\u00fa no puedes conocernos, pero debes conocerte a ti mismo y a los otros en tu vida, as\u00ed como a aquellos que te ser\u00e1n enviados para ayudarte a recuperar tu verdadera identidad y tu naturaleza m\u00e1s profunda.<\/p>\n<p>No puedes morar con Nosotros, porque estamos m\u00e1s all\u00e1 del mundo, y t\u00fa has sido enviado para estar en el mundo, servirlo y redimirte en \u00e9l, reclamando la memoria de tu Antiguo Hogar mientras vives aqu\u00ed, experimentando la Confirmaci\u00f3n, siguiendo la preparaci\u00f3n, permitiendo que tu vida sea reorganizada por el Conocimiento y la misteriosa Presencia que te visitar\u00e1 de vez en cuando.<\/p>\n<p>No puedes retornar a Dios, porque Dios quiere que est\u00e9s en el mundo.<\/p>\n<p>\u00bfC\u00f3mo puedes estar en relaci\u00f3n con la Fuente de todas las relaciones si no puedes estar siquiera en relaci\u00f3n contigo mismo o con otro o con un grupo de gente? Obviamente, desear esta mayor involucraci\u00f3n est\u00e1 mucho m\u00e1s all\u00e1 de tu capacidad.<\/p>\n<p>T\u00fa no puedes evitar tus responsabilidades de estar en el mundo y tu servicio al mundo. \u00a1No puedes salir de un salto, saltando desde el mundo al Cielo! E intentar hacerlo significa que no entiendes las verdaderas responsabilidades que tienes aqu\u00ed, y no puedes enfrentar los desaf\u00edos que supone seguir el Conocimiento y la Presencia en el mundo.<\/p>\n<p>Puedes tener \u00e9xito debido a la Confirmaci\u00f3n. Puedes saber la verdad debido a la Confirmaci\u00f3n. Puedes demostrar la verdad debido a la Confirmaci\u00f3n.<\/p>\n<p>Pero a lo largo del camino, en el largo viaje en s\u00ed, debes morar con una presencia m\u00e1s profunda, una consciencia m\u00e1s profunda que en este momento es solo una peque\u00f1a luz en ti. Para que esta se convierta en un fuego ardiente, debes morar con ella, atenderla y mantenerla en tu mente y tu coraz\u00f3n.<\/p>\n<p>La Revelaci\u00f3n es demasiado grande para entenderla. Solo puedes entender c\u00f3mo puede ser experimentada y expresada en el mundo tangible. No puedes imaginar siquiera lo que est\u00e1 m\u00e1s all\u00e1 del mundo tangible, porque tu imaginaci\u00f3n solo est\u00e1 equipada con lo que tus sentidos te han provisto hasta ahora.<\/p>\n<p>No es la imaginaci\u00f3n lo que cruza la brecha. Lo que lo hace es seguir una autoridad m\u00e1s profunda que est\u00e1 m\u00e1s all\u00e1 de tu control.<\/p>\n<p>T\u00fa no puedes usarla para conseguir lo que quieres. No dependas de milagros, porque eso significa que no est\u00e1s utilizando tu propia fuerza y poder de manera efectiva.<\/p>\n<p>Es un milagro que la Confirmaci\u00f3n haya ocurrido, y ocurrir\u00e1 de nuevo seg\u00fan procedas, seg\u00fan ganes honestidad y, finalmente, responsabilidad ante tu naturaleza m\u00e1s profunda y la consciencia m\u00e1s profunda que Dios ha puesto all\u00ed. Esto est\u00e1 m\u00e1s all\u00e1 de la creencia religiosa. Est\u00e1 m\u00e1s all\u00e1 de las costumbres y las tradiciones de tu fe, tu naci\u00f3n o tu cultura. Siempre debes distinguir entre lo que es permanente e inefable y lo que t\u00fa piensas y crees.<\/p>\n<p>La Confirmaci\u00f3n y el poder de la Presencia te liberar\u00e1n finalmente de las riendas de la creencia. Finalmente ser\u00e1s sacado de esa prisi\u00f3n, aunque la puerta ha estado abierta para ti todo el tiempo.<\/p>\n<p>La Mayor Verdad solo puede ser sabida. La Nueva Revelaci\u00f3n solo puede ser sabida. Sus ense\u00f1anzas y comentarios solo pueden ser sabidos mediante la demostraci\u00f3n y la aplicaci\u00f3n. T\u00fa no obtienes pruebas y despu\u00e9s te involucras. Te involucras y eso provee la prueba.<\/p>\n<p>T\u00fa no puedes controlarlo, porque t\u00fa no eres Dios. Y eso es algo bueno, porque solo ser\u00edas un gobernante cruel y opresivo, tal y como has sido contigo mismo en un grado muy alto.<\/p>\n<p>Dios desea que tu poder y habilidades verdaderos te sean restaurados, y que esta restauraci\u00f3n ocurra en tu involucraci\u00f3n con el Conocimiento en lo profundo de ti y en tu involucraci\u00f3n con otros en el mundo. Si valoras tu relaci\u00f3n con el Creador, entonces esto es a lo que debes responder. Postrarte, adorando y declarando sumisi\u00f3n, no significa nada si no puedes seguir aquello que has de seguir, saber y hacer.<\/p>\n<p>La Confirmaci\u00f3n te llevar\u00e1 a una involucraci\u00f3n m\u00e1s profunda, una involucraci\u00f3n misteriosa, una involucraci\u00f3n que debes seguir incluso durante los largos periodos en los que no experimentas la Presencia y no est\u00e1s seguro de la evidencia del Conocimiento en tu interior. Aqu\u00ed es donde comienzas a cambiar tu lealtad dentro de ti.<\/p>\n<p>No gobernado ya por las ideas, las creencias y el consenso de los dem\u00e1s, ahora est\u00e1s siguiendo un Poder y Presencia m\u00e1s profundo, y su demostraci\u00f3n siempre har\u00e1 bien. Incluso si tienes que dejar a gente y decepcionarles, se tratar\u00e1 de un movimiento hacia una mayor libertad para todos.<\/p>\n<p>La Llamada est\u00e1 sonando en el mundo, porque la humanidad se encuentra en un gran punto de inflexi\u00f3n. Este determinar\u00e1 las consecuencias y el futuro, no solo para tus hijos, sino tambi\u00e9n para tu propia vida.<\/p>\n<p>Es un tiempo de gran activaci\u00f3n. Es un tiempo en el que la Confirmaci\u00f3n debe ser muy fuerte y mucha gente debe responder. No es tiempo de que un \u00fanico individuo sea la demostraci\u00f3n, porque eso nunca satisfar\u00e1 las necesidades del mundo.<\/p>\n<p>No es tiempo para que venga al mundo un gran l\u00edder o emancipador, porque eso solo dividir\u00eda a\u00fan m\u00e1s a la humanidad, poni\u00e9ndola en conflicto consigo misma. Porque no todos aceptar\u00edan a ese l\u00edder, no importa lo puro y recto que pueda ser.<\/p>\n<p>No, ahora se trata de una era diferente, de un periodo m\u00e1s maduro, donde la humanidad ha de hacerse adulta y volverse responsable, poderosa y cooperativa en su seno, reconociendo los peligros, respondiendo a las necesidades del mundo, reconociendo que ya no est\u00e1is solos ni sois desconocidos en el universo, y que otros est\u00e1n aqu\u00ed para aprovecharse de vuestras dificultades y expectativas.<\/p>\n<p>Es un tiempo para involucrarse en el servicio a los dem\u00e1s. Es un tiempo para que la Confirmaci\u00f3n ocurra.<\/p>\n<p>Si est\u00e1s respondiendo al Nuevo Mensaje y a estas palabras, entonces la Confirmaci\u00f3n est\u00e1 en camino, no importa c\u00f3mo respondas en el momento.<\/p>\n<p>T\u00fa puedes rechazarnos, negarnos y negar tambi\u00e9n el poder y la gracia que Nosotros te traemos, pero Nosotros seguimos ah\u00ed. Y la llamada sigue ah\u00ed. Y la Confirmaci\u00f3n sigue ah\u00ed, esperando a que respondas, esperando a que ganes honestidad y humildad y reconozcas que hay cosas m\u00e1s importantes que tus ideas, tus creencias o tu posici\u00f3n en la vida. Estas cosas no significan nada ante lo divino.<\/p>\n<p>Solo est\u00e1 la Llamada, la Respuesta, la Involucraci\u00f3n y el Retorno. Eso es todo lo que importa en realidad, lo que importa al final \u2014la calidad de estas cosas, tu lealtad a estas cosas y tu capacidad para seguir lo que Dios ha provisto ahora, en la Nueva Revelaci\u00f3n, sin el peso de la historia humana y la distorsi\u00f3n de la interpretaci\u00f3n y el comentario humanos y su uso por fuerzas pol\u00edticas, uso que ha oscurecido las Revelaciones previas de Dios\u2014. Estas tambi\u00e9n generaron la Confirmaci\u00f3n. Pero t\u00fa necesitas un maestro sabio para seguirlas, o de lo contrario no podr\u00e1s completar tu tarea.<\/p>\n<p>Es por eso que Dios ha enviado una Nueva Revelaci\u00f3n al mundo, pues la humanidad est\u00e1 fallando. Su fuerza est\u00e1 siendo perdida. Sus oportunidades est\u00e1n disminuyendo. Su mundo est\u00e1 en declive. Est\u00e1is encarando una intervenci\u00f3n desde el exterior.<\/p>\n<p>\u00bfC\u00f3mo lidiar\u00e1 la humanidad con todo esto? \u00bfC\u00f3mo se preparar\u00e1? \u00bfC\u00f3mo seguir\u00e1 el curso sensato de acci\u00f3n en lo que concierne a las muchas decisiones que habr\u00e1 que tomar, no solo por parte de las naciones sino tambi\u00e9n por parte los individuos?<\/p>\n<p>T\u00fa no puedes responder a esto. Vuestros expertos no pueden responder a esto. Hay demasiada confusi\u00f3n. Hay demasiado enga\u00f1o. Hay demasiadas suposiciones.<\/p>\n<p>El r\u00edo est\u00e1 sucio. Los cielos est\u00e1n oscuros. El medioambiente est\u00e1 contaminado. \u00bfC\u00f3mo ver\u00e1s con claridad? \u00bfC\u00f3mo navegar\u00e1s los tiempos dif\u00edciles por delante?<\/p>\n<p>No tienes respuesta. Incluso hacer la pregunta te asusta.<\/p>\n<p>Mira a tu alrededor. Todo el mundo hace como si esto no estuviera ocurriendo, perdi\u00e9ndose en sus hobbies, sus distracciones, sus romances, su b\u00fasqueda de riqueza, sus problemas personales, etc., como si no estuviera ocurriendo nada en el mundo mayor a su alrededor que les vaya a afectar directamente.<\/p>\n<p>Debes escuchar atento a la Confirmaci\u00f3n. Nuestras palabras no son solo palabras. Los escritos no son solo ideas. Son una comunicaci\u00f3n directa con la parte m\u00e1s profunda de ti. Si no puedes escuchar esto, \u00bfc\u00f3mo ser\u00e1n entonces respondidas tus oraciones, si no puedes escuchar la respuesta?<\/p>\n<p>Esta es la Confirmaci\u00f3n. Es el poder y la gracia lo que har\u00e1 toda la diferencia \u2014lo invisible, lo inefable, aquello que no puedes cuantificar, aquello sobre lo que no puedes teorizar, aquello que no puedes predecir, aquello que est\u00e1 m\u00e1s all\u00e1 del alcance de la ciencia, aquello que solo puede confundir a la filosof\u00eda, dej\u00e1ndote m\u00e1s all\u00e1 de las palabras y las ideas\u2014. Esto har\u00e1 toda la diferencia.<\/p>\n<p>\u00bfQu\u00e9 permitir\u00e1 a las personas elegir lo que es adecuado, correcto y beneficioso cuando hay tantas otras atracciones llevando en diferentes direcciones? \u00bfQu\u00e9 te permitir\u00e1 superar el consenso de los dem\u00e1s, los deseos de tu familia, las creencias de tu naci\u00f3n, para seguir un Mayor Poder y un mayor prop\u00f3sito?<\/p>\n<p>Nuestras palabras no son solo palabras. Debes escuchar m\u00e1s all\u00e1 de ellas. Permite que tu mente se aquiete. Escucha profundamente. No llegues a conclusiones. No juzgues ni analices. Escucha profundamente. Contempla. Vive con la pregunta. No aportes las respuestas. Permanece en quietud, abierto y discerniente.<\/p>\n<p>La Confirmaci\u00f3n te espera a ti y a otros. T\u00fa no puedes controlar su respuesta, solo la tuya. \u00bfQu\u00e9 voz seguir\u00e1s? \u00bfQu\u00e9 voz escuchar\u00e1s? Con tantas atracciones, seducciones y persuasiones dentro de ti y a tu alrededor y por todo el mundo, \u00bfc\u00f3mo puedes seguir la Verdadera Voz?<\/p>\n<p>Esta es una pregunta que solo Dios puede responder, y la ha respondido y la est\u00e1 respondiendo mediante estas palabras y mediante las palabras, los sonidos y la presencia de la Revelaci\u00f3n.<\/p>\n","protected":false},"excerpt":{"rendered":"<p>\u201cDebes escuchar atento a la Confirmaci\u00f3n. Nuestras palabras no son solo palabras. Los escritos no son solo ideas. Son una comunicaci\u00f3n directa con la parte m\u00e1s profunda de ti. Si no puedes escuchar esto, \u00bfc\u00f3mo ser\u00e1n entonces respondidas tus oraciones, si no puedes escuchar la respuesta?\u201d Esta es la Confirmaci\u00f3n \u2014la Confirmaci\u00f3n de por qu\u00e9\u2026 <a class=\"read-more\" href=\"https:\/\/www.v6.newmessage.org\/es\/about-text-shortcode\"><span>Read More<\/span><\/a><\/p>\n","protected":false},"author":13,"featured_media":0,"parent":16358,"menu_order":12,"comment_status":"closed","ping_status":"closed","template":"template-leftsidebar.php","meta":{"_monsterinsights_skip_tracking":false,"_monsterinsights_sitenote_active":false,"_monsterinsights_sitenote_note":"","_monsterinsights_sitenote_category":0,"footnotes":""},"categories":[501,76],"tags":[],"_links":{"self":[{"href":"https:\/\/www.v6.newmessage.org\/es\/wp-json\/wp\/v2\/pages\/27762"}],"collection":[{"href":"https:\/\/www.v6.newmessage.org\/es\/wp-json\/wp\/v2\/pages"}],"about":[{"href":"https:\/\/www.v6.newmessage.org\/es\/wp-json\/wp\/v2\/types\/page"}],"author":[{"embeddable":true,"href":"https:\/\/www.v6.newmessage.org\/es\/wp-json\/wp\/v2\/users\/13"}],"replies":[{"embeddable":true,"href":"https:\/\/www.v6.newmessage.org\/es\/wp-json\/wp\/v2\/comments?post=27762"}],"version-history":[{"count":1,"href":"https:\/\/www.v6.newmessage.org\/es\/wp-json\/wp\/v2\/pages\/27762\/revisions"}],"predecessor-version":[{"id":27763,"href":"https:\/\/www.v6.newmessage.org\/es\/wp-json\/wp\/v2\/pages\/27762\/revisions\/27763"}],"up":[{"embeddable":true,"href":"https:\/\/www.v6.newmessage.org\/es\/wp-json\/wp\/v2\/pages\/16358"}],"wp:attachment":[{"href":"https:\/\/www.v6.newmessage.org\/es\/wp-json\/wp\/v2\/media?parent=27762"}],"wp:term":[{"taxonomy":"category","embeddable":true,"href":"https:\/\/www.v6.newmessage.org\/es\/wp-json\/wp\/v2\/categories?post=27762"},{"taxonomy":"post_tag","embeddable":true,"href":"https:\/\/www.v6.newmessage.org\/es\/wp-json\/wp\/v2\/tags?post=27762"}],"curies":[{"name":"wp","href":"https:\/\/api.w.org\/{rel}","templated":true}]}}