{"id":27542,"date":"2016-01-18T15:15:10","date_gmt":"2016-01-18T15:15:10","guid":{"rendered":"http:\/\/www.newmessage.org\/spanish-international\/?page_id=27542"},"modified":"2016-01-18T15:15:10","modified_gmt":"2016-01-18T15:15:10","slug":"realidades-de-la-comunidad-mayor","status":"publish","type":"page","link":"https:\/\/www.v6.newmessage.org\/es\/el-mensaje\/volumen-5\/sabiduria-de-la-comunidad-mayor-volumen-2\/realidades-de-la-comunidad-mayor","title":{"rendered":"Realidades de la Comunidad Mayor (fragmentos)"},"content":{"rendered":"<div><!-- 4.0 --><\/div>\n\n<div class=\"tabgroup \"><ul class=\"tabs\"><li><a href=\"#tabs-1\">Acerca de<\/a><\/li>\n<li><a href=\"#tabs-2\">M\u00e1s<\/a><\/li><\/ul>\n <div id=\"tabs-1\"><br \/>\n<em>Como le fue revelado a<br \/>\nMarshall Vian Summers<\/em><\/p>\n<p>Texto original: no disponible online<\/p>\n<div class=\"toggle toggle-white\"><h4 class=\"trigger \"><span class=\"t_ico\"><\/span><a href=\"#\">M\u00e1s informaci\u00f3n sobre este texto<\/a><\/h4><div class=\"toggle_container \"><br \/>\n<p>Lo que est\u00e1s leyendo en este texto es la transcripci\u00f3n de la voz original de la Asamblea Ang\u00e9lica hablando a trav\u00e9s del Mensajero Marshall Vian Summers.<\/p>\n<p>Aqu\u00ed, la comunicaci\u00f3n original de Dios, que existe m\u00e1s all\u00e1 de las palabras, es traducida al lenguaje y el entendimiento humanos por la Asamblea Ang\u00e9lica que supervisa el mundo. La Asamblea despu\u00e9s entrega el Mensaje de Dios a trav\u00e9s del Mensajero, tras lo cual es transcrito y puesto a tu disposici\u00f3n y a disposici\u00f3n de todos.<\/p>\n<p>En este extraordinario proceso, la Voz de la Revelaci\u00f3n est\u00e1 hablando de nuevo. La Palabra y el Sonido est\u00e1n en el mundo. Que puedas ser el receptor de este regalo de Revelaci\u00f3n y puedas estar abierto a recibir su Mensaje \u00fanico para ti y para tu vida.<\/p>\n<br \/>\n<\/div><\/div>\n<p><\/div>\n<div id=\"tabs-2\"><\/p>\n<div class=\"panel-10 text-align-center\"><img decoding=\"async\" class=\"aligncenter size-full \" src=\"https:\/\/www.newmessage.org\/wp-content\/uploads\/2011\/10\/WV2-english-nkl-250px.jpg\" alt=\"Wisdom from the Greater Community, volume 2\" \/><\/div>\n<div class=\"text-align-center\"><a class='simple_button_link ' style='background-color: #4f8fd6' href='http:\/\/newknowledgelibrary.org\/books\/wisdom-from-the-greater-community-volume-2\/'   ><span>Pide el libro (en ingl\u00e9s)<\/span><\/a><\/div>\n<div class=\"text-align-center text font-size-12 margin-top-10\">Volumen 5 &gt; Sabidur\u00eda de la Comunidad Mayor Volumen 2 &gt; Cap\u00edtulo 28<\/div>\n<p><\/div>\n\t\t\t\t<div align=\"right\">\n\t\t\t<div class=\"fb-like\" data-href=\"\" data-layout=\"button_count\" data-action=\"like\" data-show-faces=\"false\" data-share=\"false\"><\/div>\n\t\t\t<div class=\"fb-share-button\" data-layout=\"button_count\"> <\/div>\n\t\t\t<div class=\"fb_iframe_widget\"><a href=\"https:\/\/twitter.com\/godsnewmessage?ref_src=twsrc%5Etfw\" class=\"twitter-follow-button\" data-show-count=\"false\">Follow @godsnewmessage<\/a><script async src=\"https:\/\/platform.twitter.com\/widgets.js\" charset=\"utf-8\"><\/script><\/div>\n\t\t\t<\/div> <\/div> \n\n<p>Una mayor sabidur\u00eda es posible para la humanidad, pero para poder recibirla en vez de negarla u ofenderse por ella, debe presentarse una mayor realidad \u2014una mayor necesidad para la humanidad, una mayor necesidad para vuestro mundo y una mayor posibilidad dadas vuestras virtudes y capacidades inherentes\u2014. En esto, el Camino del Conocimiento de la Comunidad Mayor es \u00fanico. Te llevar\u00e1 mucho m\u00e1s all\u00e1 de lo que se considera humanamente posible. Te llevar\u00e1 m\u00e1s all\u00e1 de las suposiciones, creencias, ideas, rituales y limitaciones hist\u00f3ricas de la humanidad. Es una oportunidad rara y \u00fanica de aprendizaje. Comienza con lo que sabes y desarrolla tu conciencia y tu percepci\u00f3n, tu capacidad de discernir, tus responsabilidades morales, tu sentido de identidad y tu inter\u00e9s por vuestro mundo y vuestra raza. Est\u00e1 aqu\u00ed para la humanidad, para permitir a la humanidad mantener el ritmo de su propio desarrollo y las necesidades de su mundo. Es espiritual porque reconoce la presencia y la realidad de un Poder Mayor en tu vida, no un mayor poder extraterrestre, sino un mayor Poder Espiritual que es intr\u00ednseco a cada uno de vosotros y que compart\u00eds. Ahora necesitar\u00e1s este Poder Mayor, porque no puedes hacer este avance que hemos indicado bas\u00e1ndote meramente en la motivaci\u00f3n humana. Necesitas una mayor asistencia, porque necesitar\u00e1s una mente mayor, una voluntad mayor y una responsabilidad mayor para hacer frente a los desaf\u00edos del futuro. Para esto, un Poder Mayor \u2014el poder del Creador y la presencia del Conocimiento\u2014 es vital para tu \u00e9xito.<\/p>\n","protected":false},"excerpt":{"rendered":"<p>Una mayor sabidur\u00eda es posible para la humanidad, pero para poder recibirla en vez de negarla u ofenderse por ella, debe presentarse una mayor realidad \u2014una mayor necesidad para la humanidad, una mayor necesidad para vuestro mundo y una mayor posibilidad dadas vuestras virtudes y capacidades inherentes\u2014. En esto, el Camino del Conocimiento de la\u2026 <a class=\"read-more\" href=\"https:\/\/www.v6.newmessage.org\/es\/about-text-shortcode\"><span>Read More<\/span><\/a><\/p>\n","protected":false},"author":13,"featured_media":0,"parent":13223,"menu_order":11,"comment_status":"closed","ping_status":"closed","template":"template-leftsidebar.php","meta":{"_monsterinsights_skip_tracking":false,"_monsterinsights_sitenote_active":false,"_monsterinsights_sitenote_note":"","_monsterinsights_sitenote_category":0,"footnotes":""},"categories":[44,76,77,498,484],"tags":[],"_links":{"self":[{"href":"https:\/\/www.v6.newmessage.org\/es\/wp-json\/wp\/v2\/pages\/27542"}],"collection":[{"href":"https:\/\/www.v6.newmessage.org\/es\/wp-json\/wp\/v2\/pages"}],"about":[{"href":"https:\/\/www.v6.newmessage.org\/es\/wp-json\/wp\/v2\/types\/page"}],"author":[{"embeddable":true,"href":"https:\/\/www.v6.newmessage.org\/es\/wp-json\/wp\/v2\/users\/13"}],"replies":[{"embeddable":true,"href":"https:\/\/www.v6.newmessage.org\/es\/wp-json\/wp\/v2\/comments?post=27542"}],"version-history":[{"count":1,"href":"https:\/\/www.v6.newmessage.org\/es\/wp-json\/wp\/v2\/pages\/27542\/revisions"}],"predecessor-version":[{"id":27543,"href":"https:\/\/www.v6.newmessage.org\/es\/wp-json\/wp\/v2\/pages\/27542\/revisions\/27543"}],"up":[{"embeddable":true,"href":"https:\/\/www.v6.newmessage.org\/es\/wp-json\/wp\/v2\/pages\/13223"}],"wp:attachment":[{"href":"https:\/\/www.v6.newmessage.org\/es\/wp-json\/wp\/v2\/media?parent=27542"}],"wp:term":[{"taxonomy":"category","embeddable":true,"href":"https:\/\/www.v6.newmessage.org\/es\/wp-json\/wp\/v2\/categories?post=27542"},{"taxonomy":"post_tag","embeddable":true,"href":"https:\/\/www.v6.newmessage.org\/es\/wp-json\/wp\/v2\/tags?post=27542"}],"curies":[{"name":"wp","href":"https:\/\/api.w.org\/{rel}","templated":true}]}}