{"id":27529,"date":"2016-01-18T12:11:27","date_gmt":"2016-01-18T12:11:27","guid":{"rendered":"http:\/\/www.newmessage.org\/spanish-international\/?page_id=27529"},"modified":"2016-01-18T12:11:27","modified_gmt":"2016-01-18T12:11:27","slug":"el-perdon","status":"publish","type":"page","link":"https:\/\/www.v6.newmessage.org\/es\/el-mensaje\/volumen-5\/sabiduria-de-la-comunidad-mayor-volumen-1\/el-perdon","title":{"rendered":"El perd\u00f3n"},"content":{"rendered":"<div><!-- 4.0 --><\/div>\n\n<div class=\"tabgroup \"><ul class=\"tabs\"><li><a href=\"#tabs-1\">Acerca de<\/a><\/li>\n<li><a href=\"#tabs-2\">M\u00e1s<\/a><\/li><\/ul>\n <div id=\"tabs-1\"><br \/>\n<em>Como le fue revelado a<br \/>\nMarshall Vian Summers<\/em><\/p>\n<p>Texto original: no disponible online<\/p>\n<div class=\"toggle toggle-white\"><h4 class=\"trigger \"><span class=\"t_ico\"><\/span><a href=\"#\">M\u00e1s informaci\u00f3n sobre este texto<\/a><\/h4><div class=\"toggle_container \"><br \/>\n<p>Lo que est\u00e1s leyendo en este texto es la transcripci\u00f3n de la voz original de la Asamblea Ang\u00e9lica hablando a trav\u00e9s del Mensajero Marshall Vian Summers.<\/p>\n<p>Aqu\u00ed, la comunicaci\u00f3n original de Dios, que existe m\u00e1s all\u00e1 de las palabras, es traducida al lenguaje y el entendimiento humanos por la Asamblea Ang\u00e9lica que supervisa el mundo. La Asamblea despu\u00e9s entrega el Mensaje de Dios a trav\u00e9s del Mensajero, tras lo cual es transcrito y puesto a tu disposici\u00f3n y a disposici\u00f3n de todos.<\/p>\n<p>En este extraordinario proceso, la Voz de la Revelaci\u00f3n est\u00e1 hablando de nuevo. La Palabra y el Sonido est\u00e1n en el mundo. Que puedas ser el receptor de este regalo de Revelaci\u00f3n y puedas estar abierto a recibir su Mensaje \u00fanico para ti y para tu vida.<\/p>\n<br \/>\n<\/div><\/div>\n<p><\/div>\n<div id=\"tabs-2\"><\/p>\n<div class=\"panel-10 text-align-center\"><img decoding=\"async\" class=\"aligncenter size-full imgborder\" src=\"https:\/\/www.newmessage.org\/wp-content\/uploads\/2011\/10\/WV1-english-nkl-250px.jpg\" alt=\"Wisdom from the Greater community, volume 1\" \/><\/div>\n<div class=\"text-align-center\"><a class='simple_button_link ' style='background-color: #4f8fd6' href='http:\/\/newknowledgelibrary.org\/books\/wisdom-from-the-greater-community-volume-1\/'   ><span>Pide el libro (en ingl\u00e9s)<\/span><\/a><\/div>\n<div class=\"text-align-center text font-size-12 margin-top-10\">Volumen 5 &gt; Sabidur\u00eda de la Comunidad Mayor Volumen 1 &gt; Cap\u00edtulo 23<\/div>\n<p><\/div>\n\t\t\t\t<div align=\"right\">\n\t\t\t<div class=\"fb-like\" data-href=\"\" data-layout=\"button_count\" data-action=\"like\" data-show-faces=\"false\" data-share=\"false\"><\/div>\n\t\t\t<div class=\"fb-share-button\" data-layout=\"button_count\"> <\/div>\n\t\t\t<div class=\"fb_iframe_widget\"><a href=\"https:\/\/twitter.com\/godsnewmessage?ref_src=twsrc%5Etfw\" class=\"twitter-follow-button\" data-show-count=\"false\">Follow @godsnewmessage<\/a><script async src=\"https:\/\/platform.twitter.com\/widgets.js\" charset=\"utf-8\"><\/script><\/div>\n\t\t\t<\/div> <\/div> \n\n<p><em>\u00bfPor qu\u00e9 el perd\u00f3n es tan dif\u00edcil de lograr? Es porque tienes miedo a ir m\u00e1s all\u00e1 de tu mente.<\/em><\/p>\n<p>Nos gustar\u00eda dar un marco desde el que contemplar el perd\u00f3n y ofrecer una oportunidad para que puedas ver su relevancia para tu desarrollo y tu felicidad. Hay mucho idealismo sobre el perd\u00f3n en estos d\u00edas. Muchas personas que han desarrollado una comprensi\u00f3n del pensamiento espiritual han estudiado libros y ense\u00f1anzas que tratan este tema con gran detalle, incluso hasta el punto de considerarlo como el \u00e1rea central de concentraci\u00f3n. Para otras personas, tal vez no es algo en lo que hayan pensado mucho. Sin embargo, cuando comienzas a examinar tu propia mente y a observar tus pensamientos, sentimientos y comportamientos, te das cuenta de la relevancia de este importante tema.<\/p>\n<p>El perd\u00f3n representa un camino de redenci\u00f3n. Es una actividad que merece tu atenci\u00f3n. Es relevante porque hay mucho que perdonar. Te alteras f\u00e1cilmente por el mundo en el que vives. Tienes muchos juicios sobre ti mismo y por lo tanto sobre los dem\u00e1s. Te irritas por muchas circunstancias y eventos, grandes y peque\u00f1os. Si vas a empezar a descubrir la verdadera cualidad de tu mente y tus verdaderas capacidades, \u00bfc\u00f3mo puede hacerse o emprenderse esto cuando te ves acosado por tantas cosas molestas? \u00bfC\u00f3mo empezar\u00e1s?<\/p>\n<p>El hecho es que las personas no empiezan. Nunca empiezan. Son como semillas que caen del cielo y nunca se abren o germinan. Lo que contienen dentro de este sencillo exterior es una riqueza de vida y una posibilidad para la vida. Todos vosotros sois semillas lanzadas sobre la tierra, que tratan de brotar. Est\u00e1is en suelo f\u00e9rtil. Necesit\u00e1is nutrientes, y necesit\u00e1is que alguien atienda vuestro desarrollo. Lo que pose\u00e9is en vuestro interior es mucho mayor de lo que vuestra forma actual podr\u00eda indicar \u2014algo tan peque\u00f1o y aparentemente tan limitado que posee tanta fuerza vital.<\/p>\n<p>As\u00ed que, \u00bfqu\u00e9 es lo que obstaculiza el camino? \u00bfEs la falta de perd\u00f3n lo que obstaculiza el camino? Bueno, lo es, pero es m\u00e1s que eso, as\u00ed que nos gustar\u00eda ampliar la idea de la falta de perd\u00f3n a los juicios que mantienes contra ti mismo, los dem\u00e1s y la vida en general. Estos juicios te mantienen en el lado personal de tu mente. De hecho, constituyen tu mente personal, la cual representa un sentido muy limitado de identidad. Todo el mundo tiene una mente personal, porque esto forma parte de estar en el mundo. Sin embargo, m\u00e1s all\u00e1 de esta identidad limitada reside tu verdadera raz\u00f3n para venir aqu\u00ed. No puedes conocer tu prop\u00f3sito desde tu mente personal. El valor de la mente personal es proporcionar un medio para que una vida mayor comience a expresarse en este mundo. A esta la llamamos Conocimiento, un t\u00e9rmino muy completo.<\/p>\n<p>Estos juicios severos que tienes de ti mismo y de los dem\u00e1s parecen estar muy justificados por la vida, pero \u00bfqu\u00e9 pueden estos juicios hacer por ti, que posees la semilla Divina? Tu falta de perd\u00f3n no tiene justificaci\u00f3n. Sin embargo, puede que protestes y digas: &#8220;Oh, \u00bfc\u00f3mo pod\u00e9is decir una cosa as\u00ed? Mirad lo que pas\u00f3 aqu\u00ed. Estas personas fueron terriblemente atacadas y heridas, y hay destrucci\u00f3n por todas partes. \u00bfC\u00f3mo pod\u00e9is decir que mi falta de perd\u00f3n es injustificada? \u00bfNo es lo que est\u00e1 ocurriendo un evento terrible?&#8221; Aqu\u00ed encontrar\u00e9is consenso en el mundo en gran medida, pero tus juicios siguen siendo injustificados. Puede que los consideres verdaderos si deseas permanecer en tu mente personal, porque \u00bfen qu\u00e9 piensa la mente personal? Esta tiene miedo, tiene agitaci\u00f3n y tiene juicios. Quita los juicios, y las cosas se empiezan a romper. Entonces empiezas a ver a trav\u00e9s de la apariencia de las cosas.<\/p>\n<p>No fuiste enviado al mundo para juzgar el mundo. El mundo es un lugar rid\u00edculo, as\u00ed que \u00bfpor qu\u00e9 juzgarlo? Es una magn\u00edfica y hermosa creaci\u00f3n, y no tiene ning\u00fan sentido. Pero no has venido aqu\u00ed para dar sentido al mundo. Viniste aqu\u00ed para traer algo importante que desea crecer, y si se dan el entorno y el est\u00edmulo adecuados y se lo permites, ello crecer\u00e1 por s\u00ed solo. Ello es tu vida mayor.<\/p>\n<p>Tu mente personal es como una c\u00e1scara que contiene a un beb\u00e9. Una vez que el beb\u00e9 comienza a romper la c\u00e1scara, la c\u00e1scara se descarta, y la vida que surge de ella es mucho m\u00e1s grande y mucho m\u00e1s natural. El juicio y la falta de perd\u00f3n te atan a esa c\u00e1scara. Muchos de vosotros os dais cuenta del peso y la carga que supone llevar dichos juicios y del dolor que implica albergar esta falta de perd\u00f3n. Son como rejas en medio de tu camino.<\/p>\n<p>El perd\u00f3n te libera temporalmente. Puedes respirar tranquilo ahora. Acabas de eliminar un enemigo de tu vida. Eso produce un gran alivio. El perd\u00f3n siempre produce un alivio, y con este alivio puedes ver la situaci\u00f3n de manera diferente. Esta no te amenaza ahora. Si es rid\u00edcula, no importa. La vida aqu\u00ed es rid\u00edcula. Es por eso que has venido.<\/p>\n<p>Las personas llegan al mundo y dicen: &#8220;\u00bfD\u00f3nde est\u00e1n todas las cosas buenas que son para m\u00ed?&#8221; Y se sienten decepcionadas. El mundo no tiene lo que quieren, pero ellas tienen lo que el mundo necesita. Ellas tienen sentido. El mundo no. Si es el mundo el que tiene sentido, entonces ellas no lo tienen. Cuanto m\u00e1s sentido le encuentran al mundo, menos sentido tienen ellas. Y Dios ciertamente no tiene ning\u00fan sentido. \u00bfC\u00f3mo pudo Dios permitir que estas cosas ocurrieran? O bien no hay Dios, o bien Dios es malo, o bien las personas son tan malas y criminales que Dios las est\u00e1 castigando envi\u00e1ndolas a este lugar. \u00a1Todo esto es rid\u00edculo! El mundo tiene sentido mec\u00e1nicamente, pero m\u00e1s all\u00e1 de eso no tiene sentido. Si puedes aceptarlo, entonces dejar\u00e1s de quejarte de ello. Vinisteis a dar algo al mundo, todos vosotros. Obviamente, vuestra falta de perd\u00f3n os lo impide. Por lo tanto, la falta de perd\u00f3n es una carga. Os hace sentir indignos de los regalos que llev\u00e1is y que Nosotros os recordamos.<\/p>\n<p>Como ves, en el centro mismo de tus juicios de los dem\u00e1s y del mundo est\u00e1 tu propia verg\u00fcenza personal. \u00bfPor qu\u00e9 hay verg\u00fcenza? Se debe a que mantienes juicios que la vida no comparte, y como resultado has rechazado la vida. Dios ha hecho tu curaci\u00f3n muy f\u00e1cil, muy directa y sin complicaciones. La vida sin Dios es extremadamente complicada y terriblemente temerosa. Siempre se ve acosada por la ansiedad y la amenaza de aniquilaci\u00f3n. La \u00fanica manera en que las personas pueden vivir en el mundo es teniendo alg\u00fan tipo de dios. Si no experimentas a Dios, te inventas un dios. Todo el mundo tiene un dios aqu\u00ed en el mundo. Si uno vive sin Dios, la vida no tiene sentido. Est\u00e1 acabada. As\u00ed que, si t\u00fa no experimentas a Dios, te inventas un dios y luego intentas experimentar al dios que has inventado. Pero el dios que inventaste no es totalmente satisfactorio, por lo que hay decepci\u00f3n tras decepci\u00f3n.<\/p>\n<p>Ahora bien, todo el mundo aqu\u00ed tiene juicios sobre uno mismo. No os veis lo suficiente perfectos, no sois ejemplares en las \u00e1reas adecuadas, no sois capaces de hacer esto, sois est\u00fapidos en esta o aquella \u00e1rea, sois demasiado altos o demasiado bajos, demasiado delgados o demasiado gordos, demasiado tontos o demasiado serios, \u00a1y sigue y sigue! Y las personas se preguntan: &#8220;\u00bfC\u00f3mo puedo librarme de estos terribles juicios? Veo que tengo estos juicios. Ellos me atan, me encarcelan, son un peso sobre m\u00ed. Ellos me atormentan. \u00bfC\u00f3mo puedo deshacerme de ellos?&#8221; Bueno, no pod\u00e9is deshaceros de ellos all\u00ed donde os encontr\u00e1is, pero pod\u00e9is hacer algo diferente en la vida en donde no son necesarios, y entonces comienzan a evaporarse. Dios tiene un Plan, y este Plan funciona d\u00e1ndote algo significativo que hacer en la vida. Te da una base significativa para la relaci\u00f3n y la participaci\u00f3n. \u00bfPuedes resolver estos juicios? No puedes. No puedes permanecer en la habitaci\u00f3n de la falta de perd\u00f3n y hacer que sea mejor, pero s\u00ed puedes salir de esa habitaci\u00f3n.<\/p>\n<p>Las personas se preguntan: &#8220;\u00bfC\u00f3mo puedo librarme de esta carga que llevo dentro? Mi mente es como una corona de espinas.&#8221; No puedes hacer que las espinas sean m\u00e1s c\u00f3modas, pero puedes hacer algo en la vida que permita que la semilla que llevas emerja. Esta es la fuente de la verdadera curaci\u00f3n. En esto, no est\u00e1s simplemente haci\u00e9ndote m\u00e1s atractivo cosm\u00e9ticamente o d\u00e1ndote alivio o consuelo temporal. No es suficiente, como ves, que te digamos que tus juicios contra ti mismo no tienen fundamento. \u00bfRenunciar\u00edas a ellos s\u00f3lo porque nosotros te lo dijimos? &#8220;Bueno, este Maestro dice que no necesito pensar de esta manera. No voy a pensar nunca m\u00e1s de esta manera.&#8221; \u00a1Puf! \u00a1Los pensamientos se han ido! &#8220;\u00a1Este Maestro es un gran sanador! \u00a1El Maestro me ha lanzado un hechizo curativo!&#8221;<\/p>\n<p>Nosotros no queremos ser demasiado graves sobre este tema, porque t\u00fa ya eres demasiado grave. [Esto] es algo serio. No puedes negarlo, pero tampoco es necesario que te crucifiques a ti mismo por ello. Seguir el Conocimiento es el camino. Empiezas tomando decisiones basadas en tus inclinaciones m\u00e1s profundas. Pero esto es s\u00f3lo el comienzo. No creas que el Conocimiento es solo la toma intuitiva de decisiones. Oh, no. Estos son s\u00f3lo los primeros pasos, los pasos de beb\u00e9. Sin embargo, estos pasos iniciales son muy importantes, porque seguir al Conocimiento significa que te est\u00e1s alejando de todos los acusadores, tanto interna como externamente, para seguir algo que ahora es para ti m\u00e1s importante. Aqu\u00ed debes valorar el Conocimiento cada vez m\u00e1s, lo cual borrar\u00e1 tu odio de ti mismo.<\/p>\n<p>Sin embargo, no tendr\u00e1s \u00e9xito si piensas que eres grandioso. Las semillas peque\u00f1as a\u00fan no son grandiosas. Aquellos que valoran su verdadera val\u00eda est\u00e1n dispuestos a ser diminutos. No supone ninguna ofensa para ellos. Los que se odian a s\u00ed mismos no pueden soportar esa idea. Para ellos es doloroso. Si Dios pudiera ser una semilla, qu\u00e9 diminuta y humilde ser\u00eda, sin ninguna identidad que proteger.<\/p>\n<p>Por lo tanto, sigue el camino del Conocimiento. Es muy simple, y sin embargo muy imponente. La forma m\u00e1s f\u00e1cil es la forma imponente. Hace que tu vida sea muy directa. No puedes sentarte a un lado ahora imaginando c\u00f3mo podr\u00eda ser la vida. No necesitas mantener ideas complejas sobre la naturaleza humana, porque la naturaleza humana no es compleja. La \u00fanica cosa compleja en el universo es la confusi\u00f3n. T\u00fa no eres complejo. No pienses en esto como algo degradante. La gente ama pensar que son seres radiantes multidimensionales que poseen todas las potencialidades. Sois m\u00e1s grandes que todo eso. Una diminuta semilla de la vida es m\u00e1s grande que todo eso.<\/p>\n<p>\u00bfPor qu\u00e9 el perd\u00f3n supone un alivio tan grande? Es porque permite que tu mente se abra y se relaje. \u00bfPor qu\u00e9 es el perd\u00f3n tan dif\u00edcil de lograr? Es porque tienes miedo a ir m\u00e1s all\u00e1 de tu mente. Preferir\u00edas seguir siendo miserable, con peque\u00f1as ideas que masticar como peque\u00f1os caramelos duros, antes que ir m\u00e1s all\u00e1 entrando en la incertidumbre. Obviamente, estamos hablando de un cambio profundo en el pensamiento. No es un cambio que t\u00fa puedas llevar a cabo. T\u00fa no puedes cambiar tu mente. Puedes cambiar tus h\u00e1bitos de discernimiento; puedes cambiar tus decisiones, pero aquello que te cambia es m\u00e1s grande. Lo que rompe tu c\u00e1scara es algo que t\u00fa no inventaste ni puedes dirigir. La falta de perd\u00f3n s\u00f3lo se mantiene adentro. Lo que emerge eres t\u00fa. No tiene conciencia de s\u00ed mismo [conciencia centrada en s\u00ed mismo], ya que no est\u00e1 tratando de ser ninguna otra cosa, y por lo tanto no se compara ni se contrasta con otras cosas.<\/p>\n<p>Nosotros ense\u00f1amos a la gente a reconocer su Conocimiento, a empezar a usarlo y a comenzar el camino del Conocimiento de acuerdo con la Antigua Ense\u00f1anza. Enseguida, las personas se enfrentan a algunos obst\u00e1culos. Destaca entre estos obst\u00e1culos su propia duda en s\u00ed mismas, lo que refleja su odio a s\u00ed mismas. \u00bfPuedes confiar en algo dentro de ti cuando tu mente te ha enga\u00f1ado tantas veces, cuando tantas veces descubriste que estabas equivocado mientras pensabas que ten\u00edais raz\u00f3n, cuando hiciste cosas tan est\u00fapidas tantas veces? \u00bfPuedes confiar en algo dentro de ti mismo que no puedes definir y que rara vez experimentas? \u00bfPuedes hacerlo?<\/p>\n<p>En el Camino del Conocimiento te damos pr\u00e1cticas muy simples. \u00a1Dios m\u00edo, las pr\u00e1cticas son simples! &#8220;\u00a1Oh, son tan dif\u00edciles!&#8221;, podr\u00edas decir. \u00bfPor qu\u00e9 es dif\u00edcil si decimos: &#8220;Practica el experimentar el Conocimiento treinta minutos al d\u00eda&#8221;? La gente dice: &#8220;\u00a1Esto es dif\u00edcil!&#8221; \u00bfPor qu\u00e9 es dif\u00edcil? Pasas m\u00e1s tiempo en el ba\u00f1o mir\u00e1ndote a ti mismo. \u00bfPor qu\u00e9 es dif\u00edcil? Es dif\u00edcil porque no crees ser digno de ello. Esto es realmente una inversi\u00f3n en ti mismo.<\/p>\n<p>Ahora vamos a tocar este punto tan importante. Las personas tienen terror de sus propios juicios. Es por eso que mirar hacia dentro puede parecer al principio tan ominoso. Todo est\u00e1 oscuro all\u00ed, ya sabes, y est\u00e1n estos terribles pensamientos, estos terribles recuerdos e im\u00e1genes. El mundo os ha ense\u00f1ado el odio. El mundo lo ense\u00f1a porque no sabe nada. T\u00fa sabes algo. Es por eso que el mundo no es tu lugar de origen. Eres un visitante. No eres solo parte de la maquinaria biol\u00f3gica de este mundo. Llevas la semilla del Conocimiento.<\/p>\n<p>El Conocimiento no utilizado es una carga terrible. Es la fuente de la neurosis de todos. Es como tener un brazo que nunca utilizas. Es algo dif\u00edcil de llevar todo el d\u00eda, \u00bfno? Tener esta cosa que cuelga de tu cuerpo, que funciona pero nunca utilizas. Siempre est\u00e1 ah\u00ed estorbando.<\/p>\n<p>As\u00ed que cuando las personas comienzan a seguir su Conocimiento, se enfrentan a su propia inseguridad y su miedo a juzgarse a s\u00ed mismas. Son sus propias ideas lo que temen. Lo que las asusta son sus propias ideas. La \u00fanica manera de saber que una idea es s\u00f3lo una idea es hacerla frente si se interpone en tu camino. Si te conviertes en un estudiante del Conocimiento y empiezas a seguir un poder m\u00e1s hondo y profundo dentro de ti, te enfrentar\u00e1s a tus propias dudas y tus propios juicios sobre la vida.<\/p>\n<p>Como ves, al Conocimiento no le importa lo que has hecho. S\u00f3lo desea emanar desde dentro de ti. Las personas piensan, en t\u00e9rminos psicol\u00f3gicos, que llevan todos estos problemas no resueltos del pasado. Piensan: &#8220;Tengo que dedicar los pr\u00f3ximos veinte a\u00f1os para resolver estos problemas, y luego tal vez pueda ser un ser humano que puede ser feliz y puede disfrutar de las cosas con una perspectiva fresca.&#8221; Bueno, eso pone convenientemente la resoluci\u00f3n en el futuro, \u00bfno es as\u00ed? Veinte a\u00f1os para resolver tu pasado es rid\u00edculo. Terminar\u00e1s tu vida siendo una semilla sin germinar. Eso no es lo que estamos proponiendo.<\/p>\n<p>Encontrar\u00e1s que puedes vivir la vida de manera muy eficaz sin tener que hacer estos juicios. Y una vez que tengas la experiencia de hacerlo \u2014experiencia que puedes tener incluso al principio\u2014, fortalecer\u00e1s tu convicci\u00f3n de que lo que est\u00e1s siguiendo es digno de tu completa devoci\u00f3n. Esto te redimir\u00e1 ante tus propios ojos, porque ver\u00e1s tu valor en relaci\u00f3n con algo muy grande.<\/p>\n<p>El valor de las personas debe serles demostrado. No es suficiente que nosotros digamos: &#8220;Pod\u00e9is olvidaros de no gustaros a vosotros mismos, porque sois todos maravillosos.&#8221; Ahora bien, nosotros lo diremos porque es verdad. Os disfrutamos mucho, pero \u00bfes suficiente? Vuestro valor debe ser demostrado. Dios har\u00e1 la mayor parte del trabajo, y el cr\u00e9dito ser\u00e1 todo vuestro. Dios no necesita el cr\u00e9dito.<\/p>\n<p>El camino de la resoluci\u00f3n pide, sin embargo, que te vuelvas muy consciente en cada momento. Aqu\u00ed puedes comenzar a contemplarte a ti mismo haciendo juicios y acusaciones contra ti y contra los dem\u00e1s, y estar lo suficientemente presente para comprobar cu\u00e1ndo esto empieza a suceder y elegir un camino diferente. Como ves, el lado personal de tu mente se compone de h\u00e1bitos. Eso es todo lo que es, h\u00e1bitos. Es toda una red de h\u00e1bitos. Es por eso que sigue repiti\u00e9ndose una y otra vez. Cuanto m\u00e1s ves tu mente personal, m\u00e1s ves lo repetitiva que es, porque as\u00ed es como mantiene su identidad. Tu lado personal no debe ser condenado o expulsado. Es \u00fatil. Entiende los detalles mundanos y es muy \u00fatil, pero es un dios muy malo.<\/p>\n<p>Para comenzar a seguir al Conocimiento, debes darte cuenta de que hay una necesidad de Conocimiento, y debes sentir que eres digno de \u00e9l. Esto en s\u00ed mismo es un paso hacia el reconocimiento y un paso importante para alejarse del odio a uno mismo. Simplemente cambiando tus pensamientos sobre ti mismo no resolver\u00e1s el dilema, ya que eso no satisface tus necesidades reales. Seguir algo dentro de ti que no se basa en tus juicios te aleja de ellos por completo. Sin tu atenci\u00f3n y reafirmaci\u00f3n, simplemente comienzan a disolverse. Es por eso que Dios te da algo significativo que hacer que no tiene nada que ver con tus conflictos. Puede que digas: &#8220;Estoy aqu\u00ed trabajando en esto y resolviendo aquello&#8221;, pero esto es simplemente tu manera de intentar hacer que tu nueva vida sea relevante para tu antigua vida.<\/p>\n<p>La supervivencia no es la principal preocupaci\u00f3n para el hombre y la mujer del Conocimiento. Ellos est\u00e1n en condiciones de contribuir a la vida, ya que poseen lo que la vida aqu\u00ed no tiene, y por lo tanto tienen una vida que no est\u00e1 empobrecida. Son personas que est\u00e1n en condiciones de dar sentido al mundo. No son grandiosas, pero este sentido puede fluir desde ellas. Lo que todas las personas realmente quieren hacer, como ves, es pertenecer a alg\u00fan sitio y dar valor a su situaci\u00f3n \u2014estar en casa en alg\u00fan lugar y ser parte de algo real\u2014. Entonces pueden comenzar a sentar cabeza y participar, y su valor y sentido les ser\u00e1 demostrado una y otra vez, porque su valor y sentido s\u00f3lo puede ser demostrado.<\/p>\n<p>Debido a que vives en un mundo de limitaciones, siempre tendr\u00e1s limitaciones y siempre cometer\u00e1s errores aqu\u00ed. Pero ahora no tienes base alguna para la condena, porque no est\u00e1s tratando de hacer que el mundo se vea bien. De hecho, no est\u00e1s tratando de hacer nada. Est\u00e1s activo ahora en permitir que el Conocimiento dirija tu contribuci\u00f3n. Si eres demasiado gordo, demasiado delgado, demasiado alto, demasiado peque\u00f1o, demasiado tonto, demasiado serio o demasiado algo, no importa. El desesperado intento de justificarte a ti mismo, ese gran arn\u00e9s, comienza ahora a desvanecerse.<\/p>\n<p>Como ves, Dios es como el aire. Todo el mundo depende absolutamente de Dios, pero nunca piensan en Dios. Las personas s\u00f3lo se preocupan de los objetos, pero la esencia misma que los mantiene cada momento y que provee este mundo pr\u00edstino en el que viven se da por sentada y nunca se cuestiona. Cuando la esencia es m\u00e1s importante que cualquier cosa que ves, entonces sentir\u00e1s un gran poder en tu vida y la gratitud morar\u00e1 contigo.<\/p>\n<p>Dios est\u00e1 tirando de todos para que regresen a casa. Ese es tu Conocimiento: tirando de ti hacia casa, recogiendo tu sedal, acerc\u00e1ndote. Una vez que el Conocimiento comienza a emerger, tratar\u00e1 de realizarse y toda la base de la falta de perd\u00f3n desaparecer\u00e1. Lo que el mundo necesita es que los individuos encuentren y traigan su Antiguo Hogar aqu\u00ed. Es entonces cuando el mundo dejar\u00e1 de ser un lugar de negaci\u00f3n.<\/p>\n","protected":false},"excerpt":{"rendered":"<p>\u00bfPor qu\u00e9 el perd\u00f3n es tan dif\u00edcil de lograr? Es porque tienes miedo a ir m\u00e1s all\u00e1 de tu mente. Nos gustar\u00eda dar un marco desde el que contemplar el perd\u00f3n y ofrecer una oportunidad para que puedas ver su relevancia para tu desarrollo y tu felicidad. Hay mucho idealismo sobre el perd\u00f3n en estos\u2026 <a class=\"read-more\" href=\"https:\/\/www.v6.newmessage.org\/es\/about-text-shortcode\"><span>Read More<\/span><\/a><\/p>\n","protected":false},"author":13,"featured_media":0,"parent":13089,"menu_order":5,"comment_status":"closed","ping_status":"closed","template":"template-leftsidebar.php","meta":{"_monsterinsights_skip_tracking":false,"_monsterinsights_sitenote_active":false,"_monsterinsights_sitenote_note":"","_monsterinsights_sitenote_category":0,"footnotes":""},"categories":[44,76,77,498,483],"tags":[],"_links":{"self":[{"href":"https:\/\/www.v6.newmessage.org\/es\/wp-json\/wp\/v2\/pages\/27529"}],"collection":[{"href":"https:\/\/www.v6.newmessage.org\/es\/wp-json\/wp\/v2\/pages"}],"about":[{"href":"https:\/\/www.v6.newmessage.org\/es\/wp-json\/wp\/v2\/types\/page"}],"author":[{"embeddable":true,"href":"https:\/\/www.v6.newmessage.org\/es\/wp-json\/wp\/v2\/users\/13"}],"replies":[{"embeddable":true,"href":"https:\/\/www.v6.newmessage.org\/es\/wp-json\/wp\/v2\/comments?post=27529"}],"version-history":[{"count":1,"href":"https:\/\/www.v6.newmessage.org\/es\/wp-json\/wp\/v2\/pages\/27529\/revisions"}],"predecessor-version":[{"id":27530,"href":"https:\/\/www.v6.newmessage.org\/es\/wp-json\/wp\/v2\/pages\/27529\/revisions\/27530"}],"up":[{"embeddable":true,"href":"https:\/\/www.v6.newmessage.org\/es\/wp-json\/wp\/v2\/pages\/13089"}],"wp:attachment":[{"href":"https:\/\/www.v6.newmessage.org\/es\/wp-json\/wp\/v2\/media?parent=27529"}],"wp:term":[{"taxonomy":"category","embeddable":true,"href":"https:\/\/www.v6.newmessage.org\/es\/wp-json\/wp\/v2\/categories?post=27529"},{"taxonomy":"post_tag","embeddable":true,"href":"https:\/\/www.v6.newmessage.org\/es\/wp-json\/wp\/v2\/tags?post=27529"}],"curies":[{"name":"wp","href":"https:\/\/api.w.org\/{rel}","templated":true}]}}