{"id":27417,"date":"2016-01-12T17:36:03","date_gmt":"2016-01-12T17:36:03","guid":{"rendered":"http:\/\/www.newmessage.org\/spanish-international\/?page_id=27417"},"modified":"2016-03-07T04:45:43","modified_gmt":"2016-03-07T04:45:43","slug":"introduccion-gwc","status":"publish","type":"page","link":"https:\/\/www.v6.newmessage.org\/es\/el-mensaje\/volumen-4\/las-grandes-olas-de-cambio\/introduccion-gwc","title":{"rendered":"Introducci\u00f3n a Las Grandes Olas de cambio"},"content":{"rendered":"<div><!-- 4.0 --><\/div>\n\n<div class=\"tabgroup \"><ul class=\"tabs\"><li><a href=\"#tabs-1\">Acerca de<\/a><\/li>\n<li><a href=\"#tabs-2\">M\u00e1s<\/a><\/li><\/ul>\n <div id=\"tabs-1\"><br \/>\n<em>Por Marshall Vian Summers<\/em><\/p>\n<p>Texto original:\u00a0no disponible online<\/p>\n<p><\/div>\n<div id=\"tabs-2\"><\/p>\n<div class=\"panel-10 text-align-center\"><img loading=\"lazy\" decoding=\"async\" width=\"234\" height=\"351\" class=\"alignnone size-full wp-image-28032 imgborder\" src=\"https:\/\/www.newmessage.org\/es\/wp-content\/uploads\/sites\/40\/2014\/07\/GWC_Spanish_cov-e1457325612955.jpg\" alt=\"GWC_Spanish_cov\" \/><\/div>\n<div class=\"text-align-center\"><a class='simple_button_link ' style='background-color: #4f8fd6' href='http:\/\/newknowledgelibrary.org\/books\/the-great-waves-of-change-navigating-the-difficult-times-ahead\/'   ><span>Pide el libro (en ingl\u00e9s)<\/span><\/a><\/div>\n<div class=\"text-align-center text font-size-12 margin-top-10\">Volumen 4 &gt; Las Grandes Olas de cambio &gt; Introducci\u00f3n<\/div>\n<p><\/div>\n\t\t\t\t<div align=\"right\">\n\t\t\t<div class=\"fb-like\" data-href=\"\" data-layout=\"button_count\" data-action=\"like\" data-show-faces=\"false\" data-share=\"false\"><\/div>\n\t\t\t<div class=\"fb-share-button\" data-layout=\"button_count\"> <\/div>\n\t\t\t<div class=\"fb_iframe_widget\"><a href=\"https:\/\/twitter.com\/godsnewmessage?ref_src=twsrc%5Etfw\" class=\"twitter-follow-button\" data-show-count=\"false\">Follow @godsnewmessage<\/a><script async src=\"https:\/\/platform.twitter.com\/widgets.js\" charset=\"utf-8\"><\/script><\/div>\n\t\t\t<\/div> <\/div> \n\n<p>La humanidad ha cruzado un umbral cr\u00edtico en el que va a tener que adaptarse a una nueva serie de circunstancias. Esto requerir\u00e1 un esfuerzo conjunto entre los gobiernos y los pueblos para lograr nuevos niveles de habilidad, de tecnolog\u00eda y de cooperaci\u00f3n para poder cumplir con los requisitos de vivir en un mundo radicalmente cambiante.<\/p>\n<p>En el n\u00facleo de este esfuerzo conjunto est\u00e1 el coraje y la capacidad de la gente para ver lo que est\u00e1 viniendo, saber qu\u00e9 hacer y actuar sabiamente frente a una incertidumbre y una convulsi\u00f3n crecientes. La naturaleza nos ha dado este coraje y este conjunto de capacidades, pero estos han quedado latentes y olvidados en la familia humana. M\u00e1s que cualquier otra cosa, son estas capacidades las que determinar\u00e1n c\u00f3mo se preparar\u00e1 la humanidad para las Grandes Olas de cambio e incluso si se preparar\u00e1, as\u00ed como el tipo de mundo que todos tendremos que enfrentar como consecuencia.<\/p>\n<p>Para hacer frente a las Grandes Olas de cambio, la preparaci\u00f3n es la clave. La preparaci\u00f3n no trata \u00fanicamente de fortalecer vuestra vida exterior o de intentar construir un estilo de vida sostenible. En cambio, se trata de prepararse para una nueva realidad. Esta nueva realidad requerir\u00e1 que depend\u00e1is de vosotros mismos y que se\u00e1is capaces de recurrir a una fuerza m\u00e1s profunda dentro de vosotros y dentro de otros, una fuerza de la que todav\u00eda pocas personas son conscientes. Esta fuerza est\u00e1 dentro de vosotros ahora y ha estado con vosotros desde siempre. Este libro os revelar\u00e1 d\u00f3nde se encuentra y c\u00f3mo se puede utilizar.<\/p>\n<p>La preparaci\u00f3n comienza con lo que veis en el mundo y con aquello de lo que sois conscientes en vuestro interior. A medida que avanz\u00e1is, la preparaci\u00f3n fortalece vuestra capacidad de ser perceptivos, ingeniosos y sensatos a la hora de responder a circunstancias cambiantes e impredecibles.<\/p>\n<p>Si pod\u00e9is reconocer la realidad y el poder de las Grandes Olas para impactar vuestra vida, esto, naturalmente, comenzar\u00e1 un largo proceso de reevaluaci\u00f3n en cuanto a c\u00f3mo viv\u00eds, donde viv\u00eds, vuestro uso de los recursos, las fortalezas o debilidades de vuestras relaciones para ayudaros a prepararos y la direcci\u00f3n que vuestra vida realmente necesita seguir.<\/p>\n<p>Para hacer frente a grandes cambios e incertidumbre, sobre todo si no han sido previstos, la gente no se basa en la l\u00f3gica y la raz\u00f3n tanto como en las suposiciones, los h\u00e1bitos y el comportamiento de la gente a su alrededor. Es por eso que la preparaci\u00f3n interior es tan importante. Sin esta preparaci\u00f3n interior, la gente tiende a esperar hasta el \u00faltimo momento para reaccionar, y entonces sus opciones ser\u00e1n pocas, si las hay. Cuando muchas personas responden de esta manera, hay caos.<\/p>\n<p>Cada uno de nosotros tiene una mayor inteligencia en nuestro interior, llamada &#8220;Conocimiento&#8221;, que no tiene miedo del futuro o del desaf\u00edo de cambiar nuestras vidas. Esta inteligencia nativa tiene el poder de movernos o retenernos cuando sea necesario, as\u00ed como de permitirnos encontrar a las personas y las oportunidades que guardan la mayor promesa para nuestras vidas. El significado, el poder y la aplicaci\u00f3n de esta mayor inteligencia van mucho m\u00e1s all\u00e1 de nuestras nociones de la intuici\u00f3n y el instinto. Aqu\u00ed, las Grandes Olas de cambio, aunque peligrosas e imprevistas en gran parte, suponen la m\u00e1xima oportunidad para aquellos que puedan prepararse para reclamar esta inteligencia m\u00e1s profunda, para asegurar sus vidas y encontrar su contribuci\u00f3n \u00fanica a un mundo necesitado.<\/p>\n<p>Aqu\u00ed encontrar\u00e9is, presentada de la forma m\u00e1s clara y sin concesiones, la gravedad de las Grandes Olas de cambio y la clase de decisiones fundamentales que cada uno de nosotros tendr\u00e1 que enfrentar y tomar si quiere prepararse sabiamente. Hay dos mentes en nuestro interior: una mente mundana que est\u00e1 conformada por las creencias y actitudes predominantes de nuestra familia y nuestra cultura, y una mente m\u00e1s profunda y m\u00e1s poderosa que est\u00e1 libre de estas influencias. A qu\u00e9 voz dentro de nosotros responderemos y cu\u00e1l elegiremos seguir marcar\u00e1 la diferencia en nuestra capacidad de ver, saber y actuar sabiamente cuando otros a nuestro alrededor parezcan incapaces o no est\u00e9n dispuestos a hacerlo.<\/p>\n<p>Este libro nos enfrenta a situaciones peligrosas que son el resultado l\u00f3gico de nuestro fracaso colectivo en responder adecuadamente a las Grandes Olas de cambio, Grandes Olas que ya est\u00e1n empezando a afectar a nuestro mundo. Aqu\u00ed se apela a la pregunta fundamental: \u201c\u00bfC\u00f3mo sabr\u00e9is lo que deb\u00e9is hacer en los tiempos dif\u00edciles que se avecinan?\u201d Los gobiernos no pueden dec\u00edroslo. Los cient\u00edficos no pueden dec\u00edroslo. Los l\u00edderes religiosos no pueden dec\u00edroslo. \u00bfC\u00f3mo vais a responder a esta pregunta por vosotros mismos? Este libro os muestra c\u00f3mo hacerlo.<\/p>\n<p>El mensaje de Las Grandes Olas de Cambio es directo y desafiante. Su asalto a la ignorancia humana, las suposiciones y la arrogancia es implacable. Sin embargo, este libro nos da una visi\u00f3n real de la clase de mundo que vamos a tener que enfrentar y d\u00f3nde, sobre todas las cosas, encontraremos la fuente de nuestra fuerza, nuestra sabidur\u00eda y nuestro coraje para navegar por los tiempos dif\u00edciles que se avecinan. Estos tiempos dif\u00edciles han comenzado. Las Grandes Olas de cambio est\u00e1n sobre nosotros.<\/p>\n<p>Marshall Vian Summers<\/p>\n<p>Seattle, 2009<\/p>\n","protected":false},"excerpt":{"rendered":"<p>La humanidad ha cruzado un umbral cr\u00edtico en el que va a tener que adaptarse a una nueva serie de circunstancias. Esto requerir\u00e1 un esfuerzo conjunto entre los gobiernos y los pueblos para lograr nuevos niveles de habilidad, de tecnolog\u00eda y de cooperaci\u00f3n para poder cumplir con los requisitos de vivir en un mundo radicalmente\u2026 <a class=\"read-more\" href=\"https:\/\/www.v6.newmessage.org\/es\/el-mensaje\/volumen-4\/las-grandes-olas-de-cambio\/introduccion-gwc\"><span>Read More<\/span><\/a><\/p>\n","protected":false},"author":13,"featured_media":0,"parent":13099,"menu_order":4,"comment_status":"closed","ping_status":"closed","template":"template-leftsidebar.php","meta":{"_monsterinsights_skip_tracking":false,"_monsterinsights_sitenote_active":false,"_monsterinsights_sitenote_note":"","_monsterinsights_sitenote_category":0,"footnotes":""},"categories":[473,114,76,117,77,471],"tags":[],"_links":{"self":[{"href":"https:\/\/www.v6.newmessage.org\/es\/wp-json\/wp\/v2\/pages\/27417"}],"collection":[{"href":"https:\/\/www.v6.newmessage.org\/es\/wp-json\/wp\/v2\/pages"}],"about":[{"href":"https:\/\/www.v6.newmessage.org\/es\/wp-json\/wp\/v2\/types\/page"}],"author":[{"embeddable":true,"href":"https:\/\/www.v6.newmessage.org\/es\/wp-json\/wp\/v2\/users\/13"}],"replies":[{"embeddable":true,"href":"https:\/\/www.v6.newmessage.org\/es\/wp-json\/wp\/v2\/comments?post=27417"}],"version-history":[{"count":4,"href":"https:\/\/www.v6.newmessage.org\/es\/wp-json\/wp\/v2\/pages\/27417\/revisions"}],"predecessor-version":[{"id":28050,"href":"https:\/\/www.v6.newmessage.org\/es\/wp-json\/wp\/v2\/pages\/27417\/revisions\/28050"}],"up":[{"embeddable":true,"href":"https:\/\/www.v6.newmessage.org\/es\/wp-json\/wp\/v2\/pages\/13099"}],"wp:attachment":[{"href":"https:\/\/www.v6.newmessage.org\/es\/wp-json\/wp\/v2\/media?parent=27417"}],"wp:term":[{"taxonomy":"category","embeddable":true,"href":"https:\/\/www.v6.newmessage.org\/es\/wp-json\/wp\/v2\/categories?post=27417"},{"taxonomy":"post_tag","embeddable":true,"href":"https:\/\/www.v6.newmessage.org\/es\/wp-json\/wp\/v2\/tags?post=27417"}],"curies":[{"name":"wp","href":"https:\/\/api.w.org\/{rel}","templated":true}]}}