{"id":27272,"date":"2016-01-10T16:00:16","date_gmt":"2016-01-10T16:00:16","guid":{"rendered":"http:\/\/www.newmessage.org\/spanish-international\/?page_id=27272"},"modified":"2016-01-10T16:00:16","modified_gmt":"2016-01-10T16:00:16","slug":"conclusion","status":"publish","type":"page","link":"https:\/\/www.v6.newmessage.org\/es\/el-mensaje\/volumen-2\/relaciones-y-proposito-superior\/conclusion","title":{"rendered":"Conclusi\u00f3n"},"content":{"rendered":"\n<div class=\"tabgroup \"><ul class=\"tabs\"><li><a href=\"#tabs-1\">Acerca de<\/a><\/li>\n<li><a href=\"#tabs-2\">M\u00e1s<\/a><\/li><\/ul>\n <div id=\"tabs-1\"><br \/>\n<em>Como le fue revelado a<br \/>\nMarshall Vian Summers<br \/>\nel 1 de enero de 1989<br \/>\nen Albany, New York, Estados Unidos<\/em><\/p>\n<p>Texto original:\u00a0no disponible online<\/p>\n<div class=\"toggle toggle-white\"><h4 class=\"trigger \"><span class=\"t_ico\"><\/span><a href=\"#\">M\u00e1s informaci\u00f3n sobre este texto<\/a><\/h4><div class=\"toggle_container \"><br \/>\n<p>Lo que est\u00e1s leyendo en este texto es la transcripci\u00f3n de la voz original de la Asamblea Ang\u00e9lica hablando a trav\u00e9s del Mensajero Marshall Vian Summers.<\/p>\n<p>Aqu\u00ed, la comunicaci\u00f3n original de Dios, que existe m\u00e1s all\u00e1 de las palabras, es traducida al lenguaje y el entendimiento humanos por la Asamblea Ang\u00e9lica que supervisa el mundo. La Asamblea despu\u00e9s entrega el Mensaje de Dios a trav\u00e9s del Mensajero, tras lo cual es transcrito y puesto a tu disposici\u00f3n y a disposici\u00f3n de todos.<\/p>\n<p>En este extraordinario proceso, la Voz de la Revelaci\u00f3n est\u00e1 hablando de nuevo. La Palabra y el Sonido est\u00e1n en el mundo. Que puedas ser el receptor de este regalo de Revelaci\u00f3n y puedas estar abierto a recibir su Mensaje \u00fanico para ti y para tu vida.<\/p>\n<br \/>\n<\/div><\/div>\n<p><\/div>\n<div id=\"tabs-2\"><\/p>\n<div class=\"panel-10 text-align-center\"><img decoding=\"async\" class=\"aligncenter size-full \" src=\"https:\/\/www.newmessage.org\/wp-content\/uploads\/2011\/10\/RHP-Cover-blk-250px.jpg\" alt=\"Relationships and Higher Purpose\" \/><\/div>\n<div class=\"text-align-center\"><a class='simple_button_link ' style='background-color: #4f8fd6' href='http:\/\/newknowledgelibrary.org\/books\/relationships-and-higher-purpose\/'   ><span>Pide el libro (en ingl\u00e9s)<\/span><\/a><\/div>\n<div class=\"text-align-center text font-size-12 margin-top-10\">Volumen 2 &gt; Relaciones y Prop\u00f3sito Superior &gt; Cap\u00edtulo 15<\/div>\n<p><\/div>\n\t\t\t\t<div align=\"right\">\n\t\t\t<div class=\"fb-like\" data-href=\"\" data-layout=\"button_count\" data-action=\"like\" data-show-faces=\"false\" data-share=\"false\"><\/div>\n\t\t\t<div class=\"fb-share-button\" data-layout=\"button_count\"> <\/div>\n\t\t\t<div class=\"fb_iframe_widget\"><a href=\"https:\/\/twitter.com\/godsnewmessage?ref_src=twsrc%5Etfw\" class=\"twitter-follow-button\" data-show-count=\"false\">Follow @godsnewmessage<\/a><script async src=\"https:\/\/platform.twitter.com\/widgets.js\" charset=\"utf-8\"><\/script><\/div>\n\t\t\t<\/div> <\/div> \n\n<p><em>A ti que has venido al mundo a buscar la relaci\u00f3n verdadera se te da todo el apoyo.<\/em><\/p>\n<p>Existen muchos elementos espec\u00edficos para iniciar, mantener y finalizar relaciones que no se han mencionado en este libro, pero tienen que ver con lo que se ha presentado aqu\u00ed. El Conocimiento es tu gu\u00eda. La fantas\u00eda te socavar\u00e1. La honestidad proveer\u00e1 seguridad. La deshonestidad crear\u00e1 una amenaza. Estas cosas son fundamentales, independientemente de lo que est\u00e9 ocurriendo e independientemente de cualquier asunto espec\u00edfico que enfrentes en este momento. El Conocimiento sabe c\u00f3mo enfrentar todos estos problemas.<\/p>\n<p>Si est\u00e1s sintoniz\u00e1ndote con tu vida interior y volvi\u00e9ndote receptivo al Conocimiento dentro de ti, entonces est\u00e1s en condiciones de aprender estas cosas, y lo que aprender\u00e1s lo recibir\u00e1s tanto desde dentro de ti mismo como de las personas que te rodean. La vida te servir\u00e1 si te permites ser servido. La vida te responder\u00e1 si est\u00e1s involucrado activamente en relaciones significativas. El poder del discernimiento est\u00e1 aqu\u00ed para que lo cultives, y debes cultivarlo para que te sirva eficazmente.<\/p>\n<p>No pienses que puedes pasar por alto el desaf\u00edo de las relaciones, pues sin relaciones no iras a ninguna parte y no tendr\u00e1s nada. Acepta esta gran verdad, de modo que puedas recibir la beneficencia de la vida. Con esta beneficencia, la vida te sanar\u00e1 y te ense\u00f1ar\u00e1 lo que necesitas aprender y hacer a medida que avanzas. La vida est\u00e1 aqu\u00ed para servirte, y tus relaciones con otros son el contexto en el que te rinde este servicio.<\/p>\n<p>Acepta entonces el don de la gracia para ti y para todos. Ded\u00edcate a ser un estudiante del Conocimiento, y estar\u00e1s destinado a recibir la verdad y a dar la verdad. Las bendiciones de tus experiencias de relaci\u00f3n ser\u00e1n entonces entregadas a otras personas de formas incluso m\u00e1s all\u00e1 de tu reconocimiento, porque la entrega nunca se detiene una vez que se inicia. Ella contin\u00faa reverberando a trav\u00e9s de las personas. Esto es parte del misterio de tu vida. Porque lo que es beneficioso hoy para ti fue dado cientos y miles e incluso millones de a\u00f1os atr\u00e1s y contin\u00faa reverberando de individuo a individuo. Aqu\u00ed la grandeza del pasado sirve a las necesidades inmediatas del presente, como la grandeza del presente servir\u00e1 a las necesidades del futuro. Tus errores ocurren y pueden olvidarse, pero tus \u00e9xitos permanecen porque son todos \u00e9xitos en la relaci\u00f3n y la comunicaci\u00f3n. Todos ellos traen a la conciencia la realidad de la vida de Dios, que es una vida de relaci\u00f3n pura.<\/p>\n<p>Las cuestiones pr\u00e1cticas seguir\u00e1n surgiendo. Pero con una red de personas de apoyo y con el compromiso de experimentar el Conocimiento y de ejercer tu honestidad, estar\u00e1s en posici\u00f3n de saber exactamente lo que necesitas en este momento. Ser\u00e1s capaz de encontrar y dar lo que necesitas en el contexto de tus relaciones con la mayor eficacia y satisfacci\u00f3n.<\/p>\n<p>Fuiste enviado al mundo por Dios para servir a tu Familia Espiritual. Fuiste enviado para iniciar y recuperar relaciones, para reconocer tus regalos, para permitirles que se expresen y para someterse a un proceso permanente de preparaci\u00f3n, en el cual cada etapa es necesaria para ti y necesaria para aquellos que conocer\u00e1s. El \u00e9xito de tu vida ser\u00e1 para ti y para aquellos con los que te comprometer\u00e1s. Trascender\u00e1 tus circunstancias inmediatas y continuar\u00e1 en el futuro para servir al mundo. Porque el Conocimiento es una fuerza viva y en la medida que se ha recuperado, est\u00e1 presente en todas partes. T\u00fa contribuyes al poder del Conocimiento en el mundo, al recibirlo y expresarlo t\u00fa mismo. A medida que tu receptividad y expresi\u00f3n crecen, el poder del Conocimiento crece.<\/p>\n<p>El estado del mundo es una mezcla de Conocimiento y\u00a0 de negaci\u00f3n del Conocimiento. Estas dos realidades no est\u00e1n en guerra una con otra. Ellas simplemente coexisten. \u00bfC\u00f3mo puede coexistir el Conocimiento con la falsedad? El Conocimiento existe porque est\u00e1 aqu\u00ed y porque est\u00e1 siendo contribuido. No busca vencer o eliminar la falsedad. Solo busca establecerse. La falsedad puede resistirse al Conocimiento, pero no puede dominarlo y no puede superarlo. La falsedad solo puede distraer a las personas y llevarles en otra direcci\u00f3n.<\/p>\n<p>Cu\u00e1n falible es, entonces, lo que no es cierto. Cu\u00e1n enga\u00f1oso debe ser, entonces, para ganar tanta atenci\u00f3n. Ten en cuenta que lo que ofrece atracci\u00f3n inmediata rara vez ofrece la satisfacci\u00f3n duradera. Cuando pienses de forma objetiva sobre esto, ver\u00e1s que la atracci\u00f3n inmediata y la satisfacci\u00f3n duradera suelen ser incompatibles entre s\u00ed. Porque \u00bfc\u00f3mo puede un momento de placer compararse en modo alguno con toda una vida de dar y recibir, toda una vida de logros y realizaci\u00f3n, y toda una vida de aprendizaje, desaf\u00edo y \u00e9xito?<\/p>\n<p>Todo el apoyo se te da a ti, que has venido al mundo a buscar la relaci\u00f3n verdadera. Todo el apoyo se te da a ti, que has venido al mundo para expresar la esencia de la relaci\u00f3n pura dentro de tus compromisos aqu\u00ed. Todo el apoyo se te da a ti que debes aprender las muchas lecciones a lo largo del camino mientras subes la monta\u00f1a hacia la verdad y el Conocimiento.<\/p>\n<p>A medida que avances, tu necesidad de personas y tu discernimiento de las personas crecer\u00e1n. Tus requerimientos aqu\u00ed ser\u00e1n m\u00e1s espec\u00edficos, porque subir la monta\u00f1a requerir\u00e1 mayor habilidad a medida que avanzas. A medida que tus necesidades reales se vuelven m\u00e1s espec\u00edficas y m\u00e1s enfatizadas, ser\u00e1n cada vez m\u00e1s reconocidas y logradas. Esto proporciona la base para el discernimiento, porque \u00a0cuando tus necesidades se vuelven claras puede establecerse el discernimiento. Entonces sabes lo que necesitas, sabes lo que debes buscar y no aceptas sustitutos, porque no son aceptables. No aceptar\u00e1s compromisos si estos socavan lo que es esencial para tus logros y necesidades. Esto te da objetividad y claridad de mente. Esto te establece como una fuerza a tener en cuenta en el Universo \u2014una fuerza para el Conocimiento, una fuerza para la relaci\u00f3n y una fuerza para el bien\u2014. De esto vendr\u00e1 tu llamada espiritual. Esta ser\u00e1 un trabajo espec\u00edfico en el mundo, a trav\u00e9s del cual tu vida espiritual puede ser m\u00e1s plenamente expresada y alrededor del cual tus relaciones pueden establecerse con el mayor \u00e9nfasis en la verdad y el desarrollo espiritual.<\/p>\n<p>El mundo est\u00e1 emergiendo en la Comunidad Mayor de mundos. Tambi\u00e9n se est\u00e1 convirtiendo lentamente en una comunidad unificada en y por s\u00ed misma. Las l\u00edneas de separaci\u00f3n se est\u00e1n descomponiendo. Las guerras se libran para preservar el pasado, pero el futuro marcha hacia adelante sin descanso. Est\u00e1s en una fase evolutiva muy acelerada, y esto requiere un mayor discernimiento y una participaci\u00f3n m\u00e1s sabia en las relaciones. Porque el mundo te necesita, y no puedes permitirte el lujo de perder el tiempo en compromisos que no llevan a ninguna parte. Tu tiempo es valioso, tus regalos son valiosos y tu vida es valiosa. Date cuenta de esto y no estar\u00e1s satisfecho con cualquier cosa excepto lo que realmente sabes que es para ti. Esto te har\u00e1 poderoso, para que no caigas presa de las muchas cosas que cautivan a las personas y las sostienen en la fantas\u00eda, mientras que su vida pasa.<\/p>\n<p>Para descubrir tu vocaci\u00f3n, debes seguir tu prop\u00f3sito. Esto te llevar\u00e1 a trav\u00e9s de muchas etapas de preparaci\u00f3n hasta que puedas reconocer espec\u00edficamente lo que has venido hacer aqu\u00ed. Tu vocaci\u00f3n es la obra de tu vida. Sin embargo, no seas impaciente porque esta es el resultado de tu aprendizaje. Esta no es solo el resultado de tus ideas o lo que piensas que el mundo puede necesitar. El trabajo de tu vida te involucrar\u00e1 por completo. Tendr\u00e1s que darte a \u00e9l completamente. En esta etapa, no puedes ser frenando. Debes llegar a esta etapa de desarrollo donde puedes darte completamente, sin un sentido de sacrificio o p\u00e9rdida. Tu deseo de dar y tu deseo librarte de la ambivalencia, debe ser lo suficientemente grande como para permitir que esta transici\u00f3n a una vida determinada se logre y sea real.<\/p>\n<p>A medida que aprendas a tener \u00e9xito en tu experiencia de las relaciones, especialmente en aquellas relaciones primarias que son para ti, ser\u00e1s tambi\u00e9n capaz de determinar las relaciones dentro de un contexto mayor. Tienes relaciones con otros en la Comunidad Mayor de mundos, porque este mundo no es tu \u00fanico hogar. Tu red de relaciones significativas existe m\u00e1s all\u00e1 de la humanidad porque la humanidad no es m\u00e1s que una colonia de vida inteligente entre las muchas que moran juntas en la Comunidad Mayor. Tienes all\u00ed relaciones, y para ti estas relaciones pueden ser muy primarias, ya que son relaciones con los miembros de tu Familia Espiritual.<\/p>\n<p>A medida que el mundo ahora se prepara para emerger a la Comunidad Mayor de mundos de una forma reconocible, estas relaciones ser\u00e1n activadas porque son importantes. Para ti, esto puede volverse un gran \u00e9nfasis, no a causa de la fascinaci\u00f3n personal o porque puedas pensar que lo necesitas para escapar de una vida mundana, sino porque esto representa algo en el \u00e1mbito del Conocimiento que es esencial para el significado, el prop\u00f3sito y la direcci\u00f3n de tu vida. Aqu\u00ed comenzar\u00e1s a experimentar relaci\u00f3n con aquellos que ni siquiera puedes ver. Experimentar\u00e1s afinidad con aquellos que ni siquiera has conocido. Esto ser\u00e1 muy misterioso. Tal vez le des alguna identidad o definici\u00f3n arbitraria, pero el misterio permanecer\u00e1.<\/p>\n<p>Una relaci\u00f3n, no son dos cuerpos juntos. No son dos mentes compartiendo las mismas ideas. Una relaci\u00f3n son esp\u00edritus que se tocan a trav\u00e9s de mentes y cuerpos. Esto es lo que hace significativo todos los encuentros y compromisos humanos. \u00bfQu\u00e9 puede ser m\u00e1s valioso y m\u00e1s esencial que dos personas que se tocan realmente entre s\u00ed y se dan una a la otra, incluso en las circunstancias m\u00e1s simples, en los gestos m\u00e1s simples? Este es el punto m\u00e1s alto del logro humano. Las invenciones brillantes y los grandes logros en el aprendizaje humano pueden ser extraordinarios, pero nada puede superar ese momento en el que dos esp\u00edritus se tocan a trav\u00e9s de la mente y del cuerpo humano.<\/p>\n<p>Esto es lo que est\u00e1s buscando en las relaciones, y es por eso que se est\u00e1 ofreciendo esta preparaci\u00f3n. Este es un momento de profundo reconocimiento dentro del contexto de una relaci\u00f3n. Puedes experimentar tales momentos de reconocimiento fuera del contexto de una relaci\u00f3n, pero no tendr\u00e1n ning\u00fan medio de expresi\u00f3n. Cada momento de reconocimiento en el contexto de una relaci\u00f3n, significa que la relaci\u00f3n en s\u00ed puede expresar ese reconocimiento y sus beneficios para el mundo que te rodea. Aqu\u00ed el regalo est\u00e1 siendo experimentado y tiene la oportunidad de ser dado. Lo que se da a partir de este reconocimiento y de esta relaci\u00f3n crecer\u00e1 dentro de ti. Lo que se contribuye desde este reconocimiento y desde esta relaci\u00f3n, se establecer\u00e1 firmemente en tu mente.<\/p>\n<p>Lo que se presenta aqu\u00ed es una nueva forma de ver y una nueva forma de relaci\u00f3n para ti, para otros y para el mundo entero. Sin embargo, en realidad esta no es en absoluto nueva, porque es muy natural. Puede parecer nueva porque lo que las personas experimentan en sus relaciones es muy a menudo antinatural. La verdad siempre parece ser nueva y revolucionaria a pesar de que siempre ha existido. Tal vez se expresa en nuevas formas. Tal vez se visti\u00f3 con terminolog\u00eda y ejemplos que son relevantes para tu experiencia. Sin embargo, es m\u00e1s vieja que el tiempo, porque las lecciones de las relaciones siempre han estado ah\u00ed para aprender.<\/p>\n<p>Aquellos de vosotros que son afortunados de vivir en una sociedad relativamente libre, los que ten\u00e9is tantas oportunidades para el error y tantas oportunidades para el compromiso con otros, ahora ten\u00e9is una mayor oportunidad de ganar verdadera sabidur\u00eda en las relaciones. Con esta libertad para relacionarse con otros, el riesgo de error es mayor. Sin embargo, la posibilidad de \u00e9xito tambi\u00e9n es mayor. Estos dos siempre van de la mano. Aqu\u00ed tu responsabilidad como estudiante del Conocimiento y como participante consciente en las relaciones, se enfatiza cada vez m\u00e1s. El mensaje de este libro se ha concentrado en las relaciones personales, porque estas son las que preocupan a la mayor\u00eda de las personas, y son el escenario principal para el aprendizaje. Sin embargo, hay mayores contextos de relaci\u00f3n dentro de la Comunidad Mayor y dentro de tu Familia Espiritual. Pero tu capacidad de experimentar relaci\u00f3n y afinidad, y tu capacidad de expresarte constructivamente con las personas debe cultivarse primero, para poder encontrarte sabia y exitosamente con la vida inteligente en la Comunidad Mayor. La construcci\u00f3n de esta capacidad te permitir\u00e1 en el futuro tener un encuentro directo tanto con tus Maestros Internos como con tu Familia Espiritual. Este mensaje del Creador sobre Relaciones y Prop\u00f3sito Superior est\u00e1 allanando el camino para esos mayores encuentros situando tu aprendizaje exactamente donde ahora es m\u00e1s importante y efectivo.<\/p>\n","protected":false},"excerpt":{"rendered":"<p>A ti que has venido al mundo a buscar la relaci\u00f3n verdadera se te da todo el apoyo. Existen muchos elementos espec\u00edficos para iniciar, mantener y finalizar relaciones que no se han mencionado en este libro, pero tienen que ver con lo que se ha presentado aqu\u00ed. El Conocimiento es tu gu\u00eda. La fantas\u00eda te\u2026 <a class=\"read-more\" href=\"https:\/\/www.v6.newmessage.org\/es\/about-text-shortcode\"><span>Read More<\/span><\/a><\/p>\n","protected":false},"author":13,"featured_media":0,"parent":13085,"menu_order":21,"comment_status":"closed","ping_status":"closed","template":"template-leftsidebar.php","meta":{"_monsterinsights_skip_tracking":false,"_monsterinsights_sitenote_active":false,"_monsterinsights_sitenote_note":"","_monsterinsights_sitenote_category":0,"footnotes":""},"categories":[44,469,76,77,467],"tags":[],"_links":{"self":[{"href":"https:\/\/www.v6.newmessage.org\/es\/wp-json\/wp\/v2\/pages\/27272"}],"collection":[{"href":"https:\/\/www.v6.newmessage.org\/es\/wp-json\/wp\/v2\/pages"}],"about":[{"href":"https:\/\/www.v6.newmessage.org\/es\/wp-json\/wp\/v2\/types\/page"}],"author":[{"embeddable":true,"href":"https:\/\/www.v6.newmessage.org\/es\/wp-json\/wp\/v2\/users\/13"}],"replies":[{"embeddable":true,"href":"https:\/\/www.v6.newmessage.org\/es\/wp-json\/wp\/v2\/comments?post=27272"}],"version-history":[{"count":1,"href":"https:\/\/www.v6.newmessage.org\/es\/wp-json\/wp\/v2\/pages\/27272\/revisions"}],"predecessor-version":[{"id":27273,"href":"https:\/\/www.v6.newmessage.org\/es\/wp-json\/wp\/v2\/pages\/27272\/revisions\/27273"}],"up":[{"embeddable":true,"href":"https:\/\/www.v6.newmessage.org\/es\/wp-json\/wp\/v2\/pages\/13085"}],"wp:attachment":[{"href":"https:\/\/www.v6.newmessage.org\/es\/wp-json\/wp\/v2\/media?parent=27272"}],"wp:term":[{"taxonomy":"category","embeddable":true,"href":"https:\/\/www.v6.newmessage.org\/es\/wp-json\/wp\/v2\/categories?post=27272"},{"taxonomy":"post_tag","embeddable":true,"href":"https:\/\/www.v6.newmessage.org\/es\/wp-json\/wp\/v2\/tags?post=27272"}],"curies":[{"name":"wp","href":"https:\/\/api.w.org\/{rel}","templated":true}]}}