{"id":27251,"date":"2016-01-08T18:51:50","date_gmt":"2016-01-08T18:51:50","guid":{"rendered":"http:\/\/www.newmessage.org\/spanish-international\/?page_id=27251"},"modified":"2016-01-10T16:03:26","modified_gmt":"2016-01-10T16:03:26","slug":"tu-relacion-con-lo-desconocido","status":"publish","type":"page","link":"https:\/\/www.v6.newmessage.org\/es\/el-mensaje\/volumen-2\/relaciones-y-proposito-superior\/tu-relacion-con-lo-desconocido","title":{"rendered":"Tu relaci\u00f3n con lo desconocido"},"content":{"rendered":"<div><!-- 4.0 --><\/div>\n\n<div class=\"tabgroup \"><ul class=\"tabs\"><li><a href=\"#tabs-1\">Acerca de<\/a><\/li>\n<li><a href=\"#tabs-2\">M\u00e1s<\/a><\/li><\/ul>\n <div id=\"tabs-1\"><br \/>\n<em>Como le fue revelado a<br \/>\nMarshall Vian Summers<br \/>\nel 1 de enero de 1989<br \/>\nen Albany, New York, Estados Unidos<\/em><\/p>\n<p>Texto original:\u00a0no disponible online<\/p>\n<div class=\"toggle toggle-white\"><h4 class=\"trigger \"><span class=\"t_ico\"><\/span><a href=\"#\">M\u00e1s informaci\u00f3n sobre este texto<\/a><\/h4><div class=\"toggle_container \"><br \/>\n<p>Lo que est\u00e1s leyendo en este texto es la transcripci\u00f3n de la voz original de la Asamblea Ang\u00e9lica hablando a trav\u00e9s del Mensajero Marshall Vian Summers.<\/p>\n<p>Aqu\u00ed, la comunicaci\u00f3n original de Dios, que existe m\u00e1s all\u00e1 de las palabras, es traducida al lenguaje y el entendimiento humanos por la Asamblea Ang\u00e9lica que supervisa el mundo. La Asamblea despu\u00e9s entrega el Mensaje de Dios a trav\u00e9s del Mensajero, tras lo cual es transcrito y puesto a tu disposici\u00f3n y a disposici\u00f3n de todos.<\/p>\n<p>En este extraordinario proceso, la Voz de la Revelaci\u00f3n est\u00e1 hablando de nuevo. La Palabra y el Sonido est\u00e1n en el mundo. Que puedas ser el receptor de este regalo de Revelaci\u00f3n y puedas estar abierto a recibir su Mensaje \u00fanico para ti y para tu vida.<\/p>\n<br \/>\n<\/div><\/div>\n<p><\/div>\n<div id=\"tabs-2\"><\/p>\n<div class=\"panel-10 text-align-center\"><img decoding=\"async\" class=\"aligncenter size-full \" src=\"https:\/\/www.newmessage.org\/wp-content\/uploads\/2011\/10\/RHP-Cover-blk-250px.jpg\" alt=\"Relationships and Higher Purpose\" \/><\/div>\n<div class=\"text-align-center\"><a class='simple_button_link ' style='background-color: #4f8fd6' href='http:\/\/newknowledgelibrary.org\/books\/relationships-and-higher-purpose\/'   ><span>Pide el libro (en ingl\u00e9s)<\/span><\/a><\/div>\n<div class=\"text-align-center text font-size-12 margin-top-10\">Volumen 2 &gt; Relaciones y Prop\u00f3sito Superior &gt; Cap\u00edtulo 7<\/div>\n<p><\/div>\n\t\t\t\t<div align=\"right\">\n\t\t\t<div class=\"fb-like\" data-href=\"\" data-layout=\"button_count\" data-action=\"like\" data-show-faces=\"false\" data-share=\"false\"><\/div>\n\t\t\t<div class=\"fb-share-button\" data-layout=\"button_count\"> <\/div>\n\t\t\t<div class=\"fb_iframe_widget\"><a href=\"https:\/\/twitter.com\/godsnewmessage?ref_src=twsrc%5Etfw\" class=\"twitter-follow-button\" data-show-count=\"false\">Follow @godsnewmessage<\/a><script async src=\"https:\/\/platform.twitter.com\/widgets.js\" charset=\"utf-8\"><\/script><\/div>\n\t\t\t<\/div> <\/div> \n\n<p>Tu relaci\u00f3n con lo desconocido es de vital importancia, ya que estas relacionado con algo mucho m\u00e1s all\u00e1 de tu rango conceptual y visual. La grandeza de esto no debe de ninguna forma darte una idea exagerada de ti mismo, m\u00e1s bien deber\u00eda inspirarte admiraci\u00f3n y respeto por la vasta red de relaciones que realmente existe en el Universo.<\/p>\n<p>Tienes relaciones tanto con individuos que has conocido, como con individuos que no conoces. Tienes relaciones con individuos de otros mundos. Tienes una relaci\u00f3n con tu Familia Espiritual m\u00e1s all\u00e1 del campo visual. Esto no es lo mismo que decir que estas en relaci\u00f3n con todo el mundo. No es preciso decir que est\u00e1s en relaci\u00f3n con todo el mundo. Es cierto que estas relacionado con toda la vida. Es cierto que est\u00e1s unido con toda la vida. Es cierto que eres fundamentalmente uno con toda la vida. Sin embargo, debes comprender que tus relaciones en el mundo est\u00e1n funcionando de una forma espec\u00edfica en un contexto limitado. El mundo es un contexto limitado. Tus actividades en el mundo se basan en actividades espec\u00edficas con ciertas personas para prop\u00f3sitos espec\u00edficos.<\/p>\n<p>Aqu\u00ed tu relaci\u00f3n con lo desconocido sirve como un contexto. Has venido a servir al mundo, cuando este comienza a emerger en una Comunidad Mayor de mundos. Has venido a servir al mundo en un per\u00edodo de transici\u00f3n, tal vez el per\u00edodo m\u00e1s importante de toda su existencia, en lo que concierne a los seres humanos. Este per\u00edodo de transici\u00f3n ocurrir\u00e1 en los pr\u00f3ximos 150 a\u00f1os. Ser\u00e1n alterados completa y exhaustivamente todos los aspectos de la vida humana. Se requerir\u00e1 un completo cambio en el entendimiento y el pensamiento humanos. Cambiar\u00e1 fundamentalmente su idea de Dios, de la evoluci\u00f3n, del crecimiento personal y de la responsabilidad social.<\/p>\n<p>Emerger en la Comunidad Mayor de mundos significa que tendr\u00e1s que enfrentarte a otras formas de vida inteligente en el Universo. Aqu\u00ed \u00a0entender\u00e1s que el mundo no es un lugar aislado. Para ello ser\u00e1 necesario que reexamines tu idea de comunidad y de relaci\u00f3n. Este encuentro con la Comunidad Mayor alterar\u00e1 la actividad y el comportamiento humanos. Finalmente, con el deterioro de vuestro entorno, se requerir\u00e1 la uni\u00f3n de todas las naciones del mundo en una comunidad humana m\u00e1s unida. La creaci\u00f3n de una comunidad mundial unida ser\u00e1 necesaria con el fin de enfrentar y tratar con la realidad de la vida m\u00e1s all\u00e1 de vuestras fronteras.<\/p>\n<p>Tu relaci\u00f3n con lo desconocido incluye tus relaciones con ciertos individuos en otros mundos. Ellos tambi\u00e9n han sido enviados a sus mundos para prepararse para este momento. Por lo tanto, compartes prop\u00f3sito con ellos. Compartes prop\u00f3sito con cualquiera que est\u00e9 en el proceso de descubrir su Conocimiento y realizar su prop\u00f3sito superior.<\/p>\n<p>Tienes un cierto rango de conciencia. M\u00e1s all\u00e1 de esto, solo puedes especular. Sin embargo, en el \u00e1mbito de la experiencia pura, puedes experimentar lo que est\u00e1 m\u00e1s all\u00e1 de la comprensi\u00f3n y m\u00e1s all\u00e1 del alcance de tus sentidos. De hecho, una verdadera experiencia siempre trasciende estos l\u00edmites. Por lo tanto, puedes tener una profunda experiencia de tu relaci\u00f3n con lo desconocido, \u00a1una profunda experiencia! Y ser\u00e1s capaz de tener esta experiencia e integrarla constructivamente si te preparas como un estudiante del Conocimiento.<\/p>\n<p>Est\u00e1s en relaci\u00f3n con la fuerza de la evoluci\u00f3n. Esto da fundamento y sentido a tu rol espec\u00edfico aqu\u00ed, porque has venido al mundo en un momento determinado para llevar a cabo ciertas tareas con ciertos individuos. La comprensi\u00f3n de la evoluci\u00f3n del mundo es de vital importancia. A menos que puedas ver que el mundo se prepara para emerger en la Comunidad Mayor de mundos y que esta es la perspectiva m\u00e1s importante que puedes tener en relaci\u00f3n con la evoluci\u00f3n del mundo, no entender\u00e1s porque las cosas est\u00e1n ocurriendo. Y tender\u00e1s a resistirte al cambio, a preservar aquello que en el pasado parec\u00eda m\u00e1s beneficioso y armonioso.<\/p>\n<p>De hecho, es lamentable que tu entorno este siendo asaltado y deteriorado. Sin embargo, esto sucede en todos los mundos donde la vida inteligente ha evolucionado. Es un subproducto desafortunado del crecimiento. En el caso de tu mundo, ser\u00e1 de hecho desafortunado porque esto crear\u00e1 aqu\u00ed un gran deterioro en la calidad de vida. Sin embargo, desde una perspectiva positiva, tambi\u00e9n requerir\u00e1 la creaci\u00f3n de una comunidad mundial m\u00e1s unida. Lo que divide a las naciones y lo que separa a los grupos de personas ser\u00e1 cada vez menos importante seg\u00fan todos se enfrentan a ciertas dificultades fundamentales \u2014dificultades en la supervivencia y dificultades para mantener la cohesi\u00f3n social.<\/p>\n<p>Todos estar\u00e1n comprometidos tratando con estas dificultades. Los viejos prejuicios y las l\u00edneas de separaci\u00f3n se agravar\u00e1n, pero las necesidades apremiantes del mundo y la Intervenci\u00f3n de razas agresivas desde la Comunidad Mayor eclipsar\u00e1n la discordia individual y local. Esto forzar\u00e1 a las personas a unirse. Las personas, inconscientemente, est\u00e1n ahora creando una condici\u00f3n que requerir\u00e1 esto. Esto se debe a que forman parte de una fuerza evolutiva mayor. Ser\u00eda posible crear una comunidad mundial unida sin la destrucci\u00f3n del medio ambiente, y esto sin duda ser\u00eda preferible. Sin embargo, las personas se asegurar\u00e1n de alcanzar su destino, y har\u00e1n esto incluso si es a trav\u00e9s de medios destructivos. Har\u00e1n cualquier cosa para lograr su destino.<\/p>\n<p>En un nivel muy profundo dentro ti, sabes estas cosas. En un nivel muy profundo de ti mismo, m\u00e1s all\u00e1 de tus preferencias y tus ideas, \u00a0ya sabes muchas cosas que a\u00fan no puedes explicar. Esto es as\u00ed porque est\u00e1s en relaci\u00f3n con lo desconocido. Lo desconocido est\u00e1 en relaci\u00f3n contigo, y afectar\u00e1 a tu vida hoy, ma\u00f1ana y cada d\u00eda.<\/p>\n<p>Con el Conocimiento, esto puede experimentarse aunque no puedas comprenderlo intelectualmente. El Conocimiento es mayor que tu mente. Su sabidur\u00eda excede la comprensi\u00f3n humana. Su capacidad excede con creces la capacidad humana. Por tanto, conectarse con el Conocimiento es conectarse con el mayor poder posible en la vida. Te conecta con Dios. Esto te permite experimentar un amor superior, una mayor libertad y un prop\u00f3sito superior a cualquier cosa que fueras capaz de experimentar de otro modo.<\/p>\n<p>El mundo est\u00e1 emergiendo en la Comunidad Mayor de mundos. Es por ello que vuestras sociedades est\u00e1n cambiando. Es por ello que vuestras preocupaciones est\u00e1n cambiando. Las im\u00e1genes, las prioridades y los problemas de vuestra sociedad reflejan todo esto.<\/p>\n<p>Desconoces tu relaci\u00f3n con Dios, por tanto tienes una relaci\u00f3n con lo desconocido. Desconoces tu relaci\u00f3n con seres de otros mundos, as\u00ed que aqu\u00ed tambi\u00e9n tienes una relaci\u00f3n con lo desconocido. Tus relaciones con aquellos a los que no has conocido a\u00fan, son desconocidas para ti, as\u00ed que aqu\u00ed tambi\u00e9n est\u00e1s en una relaci\u00f3n con lo desconocido. Sin embargo, lo que para ti es desconocido en tu conciencia puede ser experimentado profundamente dentro de tu Conocimiento. As\u00ed que en verdad ellos no son desconocidos. Simplemente no son reconocidos.<\/p>\n<p>Es por esto que la recuperaci\u00f3n del Conocimiento es la recuperaci\u00f3n de las relaciones. Cuando recuperas lo no reconocido, te das cuenta que ya lo conoces. Aqu\u00ed tu Conocimiento de ti mismo, de tu sociedad, de tu mundo y del Universo puede emerger completamente intacto. Solo a trav\u00e9s del tiempo confirmaras esto, a trav\u00e9s de tu experiencia. Por tanto, el tiempo existe para confirmar el Conocimiento. El tiempo existe para percatarte de lo que sabes. Ese es el prop\u00f3sito del tiempo.<\/p>\n<p>Eres una criatura de lo desconocido. Eres el creador de lo desconocido. Tu mundo es gobernado por lo desconocido. Tus acciones est\u00e1n motivadas por lo desconocido. M\u00e1s all\u00e1 de los conceptos humanos, la especulaci\u00f3n humana y el enga\u00f1o humano, este es ciertamente el caso. Si pudieras funcionar sin esas limitaciones, tu experiencia de relaci\u00f3n con la vida y con los dem\u00e1s se volver\u00eda din\u00e1mica, significativa, determinada y totalmente constructiva en su expresi\u00f3n. No necesitar\u00edas crear circunstancias destructivas en las que aprender. No necesitar\u00edas socavar tu sentido de seguridad y bienestar, para forzarte a entender una verdad fundamental.<\/p>\n<p>No es necesario que tengas un marco conceptual para entender lo desconocido. Es tu experiencia, aqu\u00ed, la que es valiosa. Tus ideas solo pueden ayudarte a prepararte para esta experiencia. Es importante para ti entender que est\u00e1s en relaci\u00f3n tanto con lo conocido como con lo desconocido. Esto te da una motivaci\u00f3n real para el Conocimiento y pone un l\u00edmite en tu marco conceptual. Este l\u00edmite es importante para darte la paz de mente y para dirigir tus energ\u00edas mentales y f\u00edsicas de manera apropiada. Porque si no est\u00e1s tratando de comprender lo desconocido, puedes dedicarte a lo conocido, lo cual debe ser tu primera \u00e1rea de atenci\u00f3n y concentraci\u00f3n. Hacer esto te llevar\u00e1, naturalmente, hacia adelante. Entonces lo que es desconocido se volver\u00e1 gradualmente comprendido, simplemente siguiendo tu Conocimiento y acometiendo cada paso en tu desarrollo.<\/p>\n<p>Intentar conocer lo desconocido ser\u00e1 improductivo. Lo desconocido se volver\u00e1 reconocido por dar su atenci\u00f3n a lo que ya es conocido. Preg\u00fantate a ti mismo: \u201c\u00bfQu\u00e9 se realmente? \u00bfQu\u00e9 requiere esto de m\u00ed? \u00bfQu\u00e9 debo hacer por esto hoy?\u201d Estas tres preguntas son fundamentales para comenzar a comprometerte con lo que sabes. Porque lo que conoces es la parte de tu Conocimiento que puedes comprender en este momento. Tu objetivo y prop\u00f3sito general y tu relaci\u00f3n general con la vida pueden ser incomprensibles, pero lo que esto te revela hoy es comprensible y requiere tu participaci\u00f3n plena.<\/p>\n<p>Aceptar lo que sabes es seguir el Camino del Conocimiento. Esto desvelar\u00e1 lo desconocido, haci\u00e9ndolo reconocido para ti y tray\u00e9ndolo a tu esfera de comprensi\u00f3n. Hacer esta distinci\u00f3n entre lo que puede ser conocido, y lo que puede ser comprendido es muy importante. En este momento, sabes muchas cosas que no puedes comprender. Eso no te ayudar\u00e1 mucho hasta que tu comprensi\u00f3n crezca.<\/p>\n<p>Tu relaci\u00f3n con lo desconocido es una fundaci\u00f3n, proporciona orientaci\u00f3n y \u00e9nfasis a tu relaci\u00f3n con lo conocido. Esto requiere que te conviertas en un aprendiz consumado. Esto requiere que te conviertas en un estudiante del Conocimiento. Ser un estudiante del Conocimiento significa que te involucras a ti mismo, en todo lo posible, con lo que conoces y que est\u00e1s permitiendo que lo desconocido exista sin tratar de definirlo por ti mismo. Aqu\u00ed tu vida tiene aplicaci\u00f3n concreta y gran misterio, todo a la vez. Aqu\u00ed eres responsable de hacer lo que es necesario, y se te da la libertad para experimentar lo que es mayor que tu comprensi\u00f3n de ti mismo y del mundo.<\/p>\n<p>Para tener a Dios en tu vida, debes permitir que exista el misterio y comprometerte ahora con lo que es significativo. Aqu\u00ed puedes experimentar cada vez m\u00e1s lo desconocido y comprometerte t\u00fa mismo eficazmente con lo conocido y con lo que puede realizarse. Esto te permite convertirte en un puente entre Dios y el mundo, entre lo Divino y lo mundano. Tu prop\u00f3sito superior en la vida te ofrecer\u00e1 esta oportunidad y la establecer\u00e1 aqu\u00ed. Esto te permite estar en relaci\u00f3n din\u00e1mica con Dios. Esto significa que eres parte de la trama de la vida a trav\u00e9s de la cual Dios puede fluir. Porque Dios es la corriente de la vida. Dios es el amor a la vida. Dios es la experiencia de la vida. T\u00fa eres, entonces, el medio por el cual Dios se expresa. Como resultado, tu vida tambi\u00e9n es totalmente expresada, porque no tienes vida aparte de Dios. Dios busca encontrar expresi\u00f3n dentro de ti, y esto es lo que significa realizarse en el mundo. Dentro de ti mismo, eres una peque\u00f1a expresi\u00f3n de una expresi\u00f3n mayor. Esto significa que no puedes estar separado de la vida. Esto representa tu relaci\u00f3n con lo desconocido.<\/p>\n","protected":false},"excerpt":{"rendered":"<p>Tu relaci\u00f3n con lo desconocido es de vital importancia, ya que estas relacionado con algo mucho m\u00e1s all\u00e1 de tu rango conceptual y visual. La grandeza de esto no debe de ninguna forma darte una idea exagerada de ti mismo, m\u00e1s bien deber\u00eda inspirarte admiraci\u00f3n y respeto por la vasta red de relaciones que realmente\u2026 <a class=\"read-more\" href=\"https:\/\/www.v6.newmessage.org\/es\/about-text-shortcode\"><span>Read More<\/span><\/a><\/p>\n","protected":false},"author":13,"featured_media":0,"parent":13085,"menu_order":19,"comment_status":"closed","ping_status":"closed","template":"template-leftsidebar.php","meta":{"_monsterinsights_skip_tracking":false,"_monsterinsights_sitenote_active":false,"_monsterinsights_sitenote_note":"","_monsterinsights_sitenote_category":0,"footnotes":""},"categories":[44,469,76,77,467],"tags":[],"_links":{"self":[{"href":"https:\/\/www.v6.newmessage.org\/es\/wp-json\/wp\/v2\/pages\/27251"}],"collection":[{"href":"https:\/\/www.v6.newmessage.org\/es\/wp-json\/wp\/v2\/pages"}],"about":[{"href":"https:\/\/www.v6.newmessage.org\/es\/wp-json\/wp\/v2\/types\/page"}],"author":[{"embeddable":true,"href":"https:\/\/www.v6.newmessage.org\/es\/wp-json\/wp\/v2\/users\/13"}],"replies":[{"embeddable":true,"href":"https:\/\/www.v6.newmessage.org\/es\/wp-json\/wp\/v2\/comments?post=27251"}],"version-history":[{"count":2,"href":"https:\/\/www.v6.newmessage.org\/es\/wp-json\/wp\/v2\/pages\/27251\/revisions"}],"predecessor-version":[{"id":27276,"href":"https:\/\/www.v6.newmessage.org\/es\/wp-json\/wp\/v2\/pages\/27251\/revisions\/27276"}],"up":[{"embeddable":true,"href":"https:\/\/www.v6.newmessage.org\/es\/wp-json\/wp\/v2\/pages\/13085"}],"wp:attachment":[{"href":"https:\/\/www.v6.newmessage.org\/es\/wp-json\/wp\/v2\/media?parent=27251"}],"wp:term":[{"taxonomy":"category","embeddable":true,"href":"https:\/\/www.v6.newmessage.org\/es\/wp-json\/wp\/v2\/categories?post=27251"},{"taxonomy":"post_tag","embeddable":true,"href":"https:\/\/www.v6.newmessage.org\/es\/wp-json\/wp\/v2\/tags?post=27251"}],"curies":[{"name":"wp","href":"https:\/\/api.w.org\/{rel}","templated":true}]}}