{"id":27249,"date":"2016-01-08T18:48:54","date_gmt":"2016-01-08T18:48:54","guid":{"rendered":"http:\/\/www.newmessage.org\/spanish-international\/?page_id=27249"},"modified":"2016-01-10T16:03:14","modified_gmt":"2016-01-10T16:03:14","slug":"tu-relacion-con-el-conocimiento","status":"publish","type":"page","link":"https:\/\/www.v6.newmessage.org\/es\/el-mensaje\/volumen-2\/relaciones-y-proposito-superior\/tu-relacion-con-el-conocimiento","title":{"rendered":"Tu relaci\u00f3n con el Conocimiento"},"content":{"rendered":"<div><!-- 4.0 --><\/div>\n\n<div class=\"tabgroup \"><ul class=\"tabs\"><li><a href=\"#tabs-1\">Acerca de<\/a><\/li>\n<li><a href=\"#tabs-2\">M\u00e1s<\/a><\/li><\/ul>\n <div id=\"tabs-1\"><br \/>\n<em>Como le fue revelado a<br \/>\nMarshall Vian Summers<br \/>\nel 1 de enero de 1989<br \/>\nen Albany, New York, Estados Unidos<\/em><\/p>\n<p>Texto original:\u00a0no disponible online<\/p>\n<div class=\"toggle toggle-white\"><h4 class=\"trigger \"><span class=\"t_ico\"><\/span><a href=\"#\">M\u00e1s informaci\u00f3n sobre este texto<\/a><\/h4><div class=\"toggle_container \"><br \/>\n<p>Lo que est\u00e1s leyendo en este texto es la transcripci\u00f3n de la voz original de la Asamblea Ang\u00e9lica hablando a trav\u00e9s del Mensajero Marshall Vian Summers.<\/p>\n<p>Aqu\u00ed, la comunicaci\u00f3n original de Dios, que existe m\u00e1s all\u00e1 de las palabras, es traducida al lenguaje y el entendimiento humanos por la Asamblea Ang\u00e9lica que supervisa el mundo. La Asamblea despu\u00e9s entrega el Mensaje de Dios a trav\u00e9s del Mensajero, tras lo cual es transcrito y puesto a tu disposici\u00f3n y a disposici\u00f3n de todos.<\/p>\n<p>En este extraordinario proceso, la Voz de la Revelaci\u00f3n est\u00e1 hablando de nuevo. La Palabra y el Sonido est\u00e1n en el mundo. Que puedas ser el receptor de este regalo de Revelaci\u00f3n y puedas estar abierto a recibir su Mensaje \u00fanico para ti y para tu vida.<\/p>\n<br \/>\n<\/div><\/div>\n<p><\/div>\n<div id=\"tabs-2\"><\/p>\n<div class=\"panel-10 text-align-center\"><img decoding=\"async\" class=\"aligncenter size-full \" src=\"https:\/\/www.newmessage.org\/wp-content\/uploads\/2011\/10\/RHP-Cover-blk-250px.jpg\" alt=\"Relationships and Higher Purpose\" \/><\/div>\n<div class=\"text-align-center\"><a class='simple_button_link ' style='background-color: #4f8fd6' href='http:\/\/newknowledgelibrary.org\/books\/relationships-and-higher-purpose\/'   ><span>Pide el libro (en ingl\u00e9s)<\/span><\/a><\/div>\n<div class=\"text-align-center text font-size-12 margin-top-10\">Volumen 2 &gt; Relaciones y Prop\u00f3sito Superior &gt; Cap\u00edtulo 6<\/div>\n<p><\/div>\n\t\t\t\t<div align=\"right\">\n\t\t\t<div class=\"fb-like\" data-href=\"\" data-layout=\"button_count\" data-action=\"like\" data-show-faces=\"false\" data-share=\"false\"><\/div>\n\t\t\t<div class=\"fb-share-button\" data-layout=\"button_count\"> <\/div>\n\t\t\t<div class=\"fb_iframe_widget\"><a href=\"https:\/\/twitter.com\/godsnewmessage?ref_src=twsrc%5Etfw\" class=\"twitter-follow-button\" data-show-count=\"false\">Follow @godsnewmessage<\/a><script async src=\"https:\/\/platform.twitter.com\/widgets.js\" charset=\"utf-8\"><\/script><\/div>\n\t\t\t<\/div> <\/div> \n\n<p>Es necesario abordar el Conocimiento desde diferentes puntos de vista, porque es muy grande y se expresa de muchas maneras. Para empezar, debes tener una idea de su realidad y su funci\u00f3n. El Conocimiento es tu Verdadero Yo, tu verdadero Ser, tu existencia verdadera m\u00e1s all\u00e1 de los ambientes f\u00edsico y mental. Es la parte de ti que sigue siendo una parte de Dios. Sin embargo, el Conocimiento se extiende a tu vida mental y f\u00edsica, que se corresponden con los reinos del pensamiento y la acci\u00f3n. El Conocimiento tiene una funci\u00f3n, y en eso representa poder espiritual. Puedes experimentarlo directamente a trav\u00e9s de la Gu\u00eda Interna. Llevas poder espiritual dentro de ti.<\/p>\n<p>El Conocimiento dentro de ti se une con el Conocimiento en otros, por lo que no hay separaci\u00f3n en el Conocimiento. No existe \u201ctu\u201d Conocimiento y \u201cmi\u201d Conocimiento. Puede existir tu evaluaci\u00f3n frente a mi evaluaci\u00f3n. Puede existir tu comprensi\u00f3n frente a mi comprensi\u00f3n, pero el Conocimiento en s\u00ed es totalmente uniforme en todos los individuos. Es la parte de las personas que ya est\u00e1 intr\u00ednseca y totalmente unida. El Conocimiento tiene una funci\u00f3n porque tiene un prop\u00f3sito en el mundo. M\u00e1s all\u00e1 de esta funci\u00f3n, es experiencia pura, eterna y completa.<\/p>\n<p>A trav\u00e9s del Conocimiento llegan todos los medios para tu progreso espiritual, tu desarrollo mental y tu logro f\u00edsico, porque tu Conocimiento tiene un prop\u00f3sito. Es la Gran Mente hablando a trav\u00e9s de tu mente individual. Eres parte de esto porque el Conocimiento es tu Verdadero Yo. Sin embargo, este no es un yo apartado de otros.<\/p>\n<p>Por lo tanto, no creas que tu Ser Superior es un ser separado. El Conocimiento dentro de ti est\u00e1 unido con el Conocimiento en tus Maestros Internos, quienes te asisten desde m\u00e1s all\u00e1 del reino f\u00edsico. El Conocimiento existe como un potencial en todas las personas en el mundo. A medida que cada persona comienza a tomar conciencia, su Conocimiento se despierta y se vuelve mucho m\u00e1s activo. Esta es la esencia de la Gu\u00eda Interna.<\/p>\n<p>Aunque puedes recibir mensajes de tus Maestros Internos, es tu Conocimiento quien te guiar\u00e1. Tus Maestros hablan a tu mente, pero tu Conocimiento ya existe dentro de ti. Porque incluso dentro de tu vida separada en el mundo e incluso en tu propia imaginaci\u00f3n \u2014que parece ocultarte de la vida y ocultar la vida de ti\u2014 el Conocimiento est\u00e1 contigo.<\/p>\n<p>Solo puedes tener una relaci\u00f3n genuina con aquello con lo que est\u00e1s realmente unido. Es por eso que no puedes tener una relaci\u00f3n genuina con tus ideas, tus fantas\u00edas o cualquier cosa que intentes establecer en el mundo para servirlas. Porque lo que es irreal no puede ser establecido y mantenido. El intento de establecer y mantener estas cosas engendrar\u00e1 enorme sufrimiento, sacrificio y costes. T\u00fa que est\u00e1s acostumbrado al sufrimiento y al sacrificio, puedes responder primero a esta Ense\u00f1anza con ansiedad. Sin embargo, si recibes incluso una peque\u00f1a parte de lo que se te ofrece aqu\u00ed, aprender\u00e1s r\u00e1pidamente que eres empoderado y confirmado en el acto. Puede que tus ideas no se confirmen, que tus suposiciones sean desafiadas y que tus compromisos sean cuestionados, pero tu coraz\u00f3n mismo comenzar\u00e1 a resonar. Y a medida que resuena, la experiencia de relaci\u00f3n genuina te impregnar\u00e1. Entonces te dar\u00e1s cuenta de que no est\u00e1s solo y de que eres conocido en el Universo.<\/p>\n<p>Antes del pensamiento, exist\u00eda el Conocimiento. Despu\u00e9s del pensamiento, existir\u00e1 el Conocimiento. Sin embargo, no creas que el pensamiento es in\u00fatil. Pensar es necesario porque tienes una mente. Creer que el pensamiento es in\u00fatil ser\u00eda como decir que mover el cuerpo es in\u00fatil. Tienes un cuerpo, por lo tanto, \u00e9l debe aprender a moverse de una manera constructiva. Tienes una mente, por lo tanto, ella debe aprender a pensar de una manera constructiva. As\u00ed es, porque est\u00e1s viviendo en una realidad f\u00edsica y mental.<\/p>\n<p>La Realidad Mayor, de la que eres una parte, desea expresarse a trav\u00e9s de ti en el mundo, de tal forma que puedas experimentar tu propia grandeza y la grandeza de otros. As\u00ed extiendes la experiencia de tu Familia Espiritual en el mundo. As\u00ed experimentas tu Antiguo Hogar, mientras est\u00e1s en el mundo. Esto llama a despertar a todas las mentes que a\u00fan est\u00e1n dormidas. Este es el misterio del Conocimiento.<\/p>\n<p>La m\u00e1xima contribuci\u00f3n de una persona a otra es cuando el Conocimiento de una persona enciende el Conocimiento de la otra persona. Esto es Misterioso, m\u00e1s all\u00e1 de la comprensi\u00f3n del pensamiento humano. Y, sin embargo, esto es lo que le da al pensamiento humano todo su valor y su prop\u00f3sito, su sentido y direcci\u00f3n. Esto es lo que da a la actividad humana todo su prop\u00f3sito, sentido y direcci\u00f3n. Esto es lo que da a los logros temporales, un valor permanente. Esto es lo que recupera las relaciones en el Universo.<\/p>\n<p>A medida que tu Conocimiento comienza a ser percibido y aceptado y se convierte en una fuente de Gu\u00eda Interna para ti, se volver\u00e1 cada vez m\u00e1s poderoso. Esto har\u00e1 que te sea m\u00e1s dif\u00edcil cometer un error. A medida que el Conocimiento en ti se vuelve m\u00e1s poderoso, este estimular\u00e1 a otras mentes a abrirse al Conocimiento dentro de s\u00ed mismas. Esta es la forma m\u00e1s inmediata y natural de ense\u00f1anza. Otras formas de ense\u00f1anza son necesarias para prepararte para esto, porque tu mente y tu cuerpo deben ser preparados para el Conocimiento.<\/p>\n<p>En realidad no tienes una relaci\u00f3n con el Conocimiento, porque eres el Conocimiento mismo. Sin embargo, esta es una parte de ti que todav\u00eda no has experimentado plenamente, a pesar de que puedas haber tenido destellos moment\u00e1neos en la grandeza de tu vida interior. Tienes miedo de tu Conocimiento, porque sientes que socavar\u00e1 tus planes, tus esquemas, tus relaciones y tus resultados preferidos, cuando, en realidad, este solo ajustar\u00e1 todo para lograr la armon\u00eda y la felicidad para ti.<\/p>\n<p>Permanece con el Conocimiento y comenzar\u00e1s a experimentar su poder. Mientras permaneces con \u00e9l, su influencia se proyecta sobre ti, y sentir\u00e1s cada vez mayor seguridad sobre qu\u00e9 hacer, a d\u00f3nde ir, con qui\u00e9n estar, que expresar, que refrenar, que dar, que contener, cu\u00e1ndo ir y cu\u00e1ndo parar. Esto ser\u00e1 un conocimiento natural para ti. Este conocimiento natural es una manifestaci\u00f3n externa del Conocimiento extendiendo su influencia sobre ti y a trav\u00e9s de ti. Las grandes acciones representan esto. Los grandes pensamientos representan esto. Las grandes contribuciones representan esto.<\/p>\n<p>\u00bfPor qu\u00e9 la acci\u00f3n de una persona del pasado inspira a otras generaciones m\u00e1s all\u00e1 de la vida de esa persona? \u00bfPor qu\u00e9 las palabras de una persona se mantienen m\u00e1s all\u00e1 de su vida \u00fatil para inspirar y animar a los que vienen despu\u00e9s? Esto se debe a que estas acciones y palabras est\u00e1n impregnadas de Conocimiento. \u00bfPor qu\u00e9 la contribuci\u00f3n de una persona contin\u00faa nutriendo la vida durante a\u00f1os y a\u00f1os? Debido a que est\u00e1 impregnada de Conocimiento. \u00bfPor qu\u00e9 algunas relaciones terminan siendo una fuente de provisi\u00f3n, alimento e inspiraci\u00f3n para los dem\u00e1s? Debido a que estas relaciones est\u00e1n impregnadas de Conocimiento.<\/p>\n<p>A medida que tu mente se vuelve m\u00e1s sencilla y directa, se hace m\u00e1s poderosa. Aqu\u00ed el Conocimiento comienza a brillar a trav\u00e9s de ti, porque el Conocimiento es la luz que llevas dentro de ti. El Conocimiento piensa, pero no piensa como tu mente. No discute. No comparara. No contrasta. No especula. No imagina. Est\u00e1 quieto, y cuando piensa, sabe. Y cuando sabe, act\u00faa. Se encuentra, a la vez, en un estado de paz y de actividad. Este es un estado que tendr\u00e1s la oportunidad de experimentar, mientras est\u00e1s en el mundo. Su paz no tiene fronteras y no tiene fin. Es insondable. Sin embargo, su capacidad de inspirar la acci\u00f3n poderosa y el pensamiento creativo no tiene paralelo en el mundo.<\/p>\n<p>Tu experiencia del Conocimiento es tu experiencia de Dios. Surgir\u00e1 en tus relaciones, porque tus relaciones te preparar\u00e1n para el Conocimiento si est\u00e1s correctamente comprometido con ellas. Ser\u00e1 en tus relaciones donde podr\u00e1s ver el efecto y el impacto de tu Conocimiento.<\/p>\n<p>Tendr\u00e1s muchas ideas sobre el Conocimiento. La mayor\u00eda de ellas son in\u00fatiles. Algunas de ellas son peligrosas. Esto es as\u00ed, porque la experiencia real todav\u00eda est\u00e1 siendo reemplazada con ideas e idealismo. Aqu\u00ed es necesario liberarse de esas ideas que son un impedimento para el Conocimiento y fomentar las ideas que apoyan el surgimiento del Conocimiento.<\/p>\n<p>Es esencial que reclames el Conocimiento, porque es la esencia de todos tus verdaderos logros, de tu felicidad y de tus relaciones. Tu \u00fanica otra opci\u00f3n es permanecer en la confusi\u00f3n y la incertidumbre. Aqu\u00ed las opciones son limitadas y, por lo tanto, son muy poderosas y consecuentes. Aqu\u00ed est\u00e1s en condiciones de elegir con poder y autoridad.<\/p>\n<p>Solo tu Conocimiento conoce a Dios. Solo tu Conocimiento puede ser conocido por ti. Las ideas pueden alentarte hacia el Conocimiento o pueden desalentarte y llevarte lejos del Conocimiento. Pero ellas no son el Conocimiento mismo. No hay idea en el mundo que pueda contener al Conocimiento. Pero el Conocimiento contiene todas las ideas de verdadero beneficio y valor. T\u00fa, que pareces tan peque\u00f1o en el mundo, llevas una posibilidad y potencial tan grandes. Por eso hay que enfatizar la realidad de la Familia Espiritual, porque los miembros de la misma Familia Espiritual pueden encender el Conocimiento unos en otros y, por tanto, proporcionar el contexto para una verdadera iniciaci\u00f3n en la conciencia y el poder espiritual.<\/p>\n<p>Si pudieras ver lo esencial que es para tu felicidad y bienestar, de ninguna manera refrenar\u00edas la recuperaci\u00f3n del Conocimiento. El Conocimiento se preocupa por ti, te ama, te protege y te gu\u00eda hacia el compromiso correcto en todas tus relaciones. Te aleja de compromisos divisivos o inapropiados. El Conocimiento anima todas las decisiones constructivas y desalienta toda conducta y pensamiento destructivo. Honra todas las relaciones y te dirige hacia aquellas personas con las que debes comprometerte.<\/p>\n<p>El Conocimiento en ti inflama el Conocimiento en otros. Por lo tanto, el hombre o la mujer del Conocimiento es la fuerza m\u00e1s poderosa en el mundo. Su contribuci\u00f3n ser\u00e1 inmediata, profunda y duradera. Sus actividades pueden ser grandes o muy modestas y mundanas. Sin embargo, todo lo que hagan estar\u00e1 imbuido del Conocimiento y, por eso, demostrar\u00e1n la presencia de Dios en el mundo.<\/p>\n<p>Al considerar la grandeza del Conocimiento, no pienses que esto significa asumir un gran papel en el mundo. Porque el Conocimiento se expresa en las formas m\u00e1s simples, en el gesto m\u00e1s simple, en la actividad m\u00e1s mundana, en la vida m\u00e1s sencilla y en el trabajo m\u00e1s humilde. No es lo que haces. Es la experiencia que transmites al hacerlo.<\/p>\n<p>El \u00e9nfasis aqu\u00ed, entonces, est\u00e1 en aprender a desear el Conocimiento y en desarrollar la capacidad de experimentarlo. Es igual con una relaci\u00f3n significativa.\u00a0 Aprendes a desarrollar el deseo de ella y la capacidad para experimentarla. Parte del desarrollo de tu capacidad es la liberaci\u00f3n de esas cosas que te ocupan ahora, impidi\u00e9ndote tener esta experiencia. Porque, si ya est\u00e1s cargado con tus propias necesidades, \u00bfc\u00f3mo puedes recibir una nueva experiencia? Si tu mente est\u00e1 completamente esclavizada con tus propios juicios y falta de perd\u00f3n, \u00bfc\u00f3mo podr\u00e1 recibir la experiencia de la gracia y la felicidad? Si ya est\u00e1s seguro de quien es la otra persona, \u00bfc\u00f3mo podr\u00e1s experimentar su realidad? La recuperaci\u00f3n del Conocimiento es m\u00e1s un desaprendizaje que un aprendizaje. Es m\u00e1s sobre renunciar a lo que es doloroso, que sobre la adquisici\u00f3n de nuevos bienes. Es completamente natural, por lo que no te priva de nada significativo o \u00fatil.<\/p>\n<p>El Conocimiento te da gran poder y autoridad en el mundo, pero requiere tu humildad, porque siempre sabr\u00e1s que tu mente est\u00e1 sirviendo a un Poder Mayor. Aunque se te pedir\u00e1 que ejerzas un dominio mucho mayor sobre tu cuerpo y tu mente, sabr\u00e1s que ellos est\u00e1n al servicio de un Poder Mayor que est\u00e1 m\u00e1s all\u00e1 de tu control o definici\u00f3n. Se te da poder y autoridad para convertirte en soberano dentro de tu propio dominio. Y, sin embargo, ves que tu dominio esta para expresar un Dominio Mayor del que formas parte.<\/p>\n<p>Esto finaliza la separaci\u00f3n porque termina la competici\u00f3n por el poder. Porque sin Dios, tratar\u00e1s de ser Dios. Tratar\u00e1s de determinar tus necesidades y satisfacerlas. Tratar\u00e1s de controlar tu entorno. Tratar\u00e1s de controlar a otros para mantener tu supervivencia. Tratar\u00e1s de cambiar el mundo y el universo de acuerdo a tus preferencias. Tratar\u00e1s de ejercer el dominio sobre ti mismo y te crucificar\u00e1s a ti mismo cuando falles.<\/p>\n<p>El Conocimiento es una fuerza viva dentro de ti. De hecho, el Conocimiento es la vida dentro de ti. Es la realidad de Dios dentro de ti. Ser\u00e1s el primer beneficiario, porque el primer ejercicio del Conocimiento es traer armon\u00eda y equilibrio a tu vida y a tus relaciones. Sin embargo, el objetivo del Conocimiento es mucho mayor. Los regalos que has tra\u00eddo de tu Antiguo Hogar no son solo para ti. Son principalmente para otros. Y necesitar\u00e1s comprometerte con otros para sacarlos de ti. Solo no puedes acceder a ellos. Son como un tesoro escondido dentro de ti donde otros tienen la llave. Del mismo modo, tienes la llave de los tesoros de otros, ya que sin ti no podr\u00e1n encontrarlos.<\/p>\n<p>El Conocimiento permanece contigo en cada momento, en cada situaci\u00f3n, cada d\u00eda, en cada lugar y con cada persona. A medida que aprendes a permanecer con el Conocimiento, eres liberado de tu propia condenaci\u00f3n y de tus pensamientos predominantes. Aqu\u00ed aprender\u00e1s a estar en quietud. Con la quietud, ser\u00e1s capaz de desarrollar discernimiento, porque ser\u00e1s capaz de ver, o\u00edr y usar tu cuerpo como un instrumento de comunicaci\u00f3n. En lugar de castigar tu cuerpo para que realice los severos pensamientos de tu mente, tu cuerpo se convertir\u00e1 en un instrumento a trav\u00e9s del cual podr\u00e1s discernir lo que es genuino de lo que no tiene sentido. Ser\u00e1s capaz de constatar lo que es verdadero, y ser\u00e1s capaz de traer sanaci\u00f3n a lo que est\u00e1 dividido.<\/p>\n<p>Incluso ahora el Conocimiento est\u00e1 ejerciendo su influencia en tu beneficio, gui\u00e1ndote en la toma de decisiones, etc.\u00a0 Pero una vez que aprendes a aceptar el Conocimiento y a permanecer con el Conocimiento, su poder se hace cada vez m\u00e1s evidente dentro de ti. Con este poder, ser\u00e1s capaz de ver el resultado de una relaci\u00f3n desde el principio. Entonces sabr\u00e1s si deber\u00edas iniciar una relaci\u00f3n con esa persona.<\/p>\n<p>Aqu\u00ed comenzar\u00e1s a aprender la diferencia entre el miedo y la precauci\u00f3n. El miedo es una proyecci\u00f3n de tu imaginaci\u00f3n negativa sobre el mundo, mientras la precauci\u00f3n es la conciencia de que puede cometerse un error. El miedo y la precauci\u00f3n son experiencias completamente diferentes una de otra. Necesitas precauci\u00f3n, pero no miedo, porque la precauci\u00f3n no atormenta a tu mente o mina tu Conocimiento en modo alguno. Es parte de tener un enfoque saludable del mundo, si se utiliza con discernimiento y conciencia.<\/p>\n<p>Busca el Conocimiento en tu interior, busca el Conocimiento en tus relaciones con otros y busca el Conocimiento en tu relaci\u00f3n con el mundo. El Conocimiento, a cambio, te dar\u00e1 todas estas cosas y te mostrar\u00e1 la diferencia entre el Conocimiento y todo lo que se hace pasar por el Conocimiento. Aqu\u00ed podr\u00e1s ver la diferencia entre el Conocimiento y tus queridas creencias, porque el Conocimiento y el pensamiento deben distinguirse el uno del otro. Aunque el pensamiento productivo puede emanar del Conocimiento, este de ninguna manera puede competir con el Conocimiento en poder y autoridad. Tu pensamiento es propio de ti, pero el Conocimiento es compartido por todos.<\/p>\n<p>Las mayores contribuciones est\u00e1n imbuidas del Conocimiento. Si esta contribuci\u00f3n es un pensamiento, una creaci\u00f3n f\u00edsica, una forma de arte, ciencia o un sistema social o pol\u00edtico, estar\u00e1 imbuida del Conocimiento. Una vida que se impregna con el Conocimiento es una vida que brilla siempre en el mundo. Eso es la Cristiandad. Es la vida de un hombre o una mujer cuyo Conocimiento comienza a brillar en todos los aspectos de su vida.<\/p>\n<p>No hay grandes individuos, sino grandes relaciones. La iniciaci\u00f3n del Conocimiento y la emanaci\u00f3n del Conocimiento solo ocurren en las relaciones. No pienses que un individuo solo, puede ser grande. Un individuo solo puede ser grande en el contexto de una gran relaci\u00f3n. Eres grande, debido al alcance de tus relaciones con otros. Tambi\u00e9n eres grande debido a tu relaci\u00f3n con tu Familia Espiritual. En \u00faltima instancia eres grande debido a tu relaci\u00f3n con Dios.<\/p>\n<p>A medida que procedas en tomar tu viaje hacia el Conocimiento, se te mostrar\u00e1n las muchas formas en las que el Conocimiento se expresa a s\u00ed mismo. Se te mostrar\u00e1n tambi\u00e9n las muchas maneras en las que puedes comenzar a cultivar el Conocimiento dentro de ti mismo, aprendiendo a distinguir el Conocimiento de tu pensamiento preferente y aprendiendo a permitir al Conocimiento servirte en cualquier situaci\u00f3n. Ver\u00e1s a medida que avanzas que la respuesta ya est\u00e1 dentro de ti. Solo se requiere que tengas una participaci\u00f3n significativa con otros para alcanzar progresivamente las respuestas. Esto te mostrar\u00e1 por qu\u00e9 no puedes encontrar la verdad por tu cuenta, por qu\u00e9 no puedes encontrar tu realidad espiritual por tu cuenta y por qu\u00e9 no puedes contestar, por tu cuenta, a la pregunta de qui\u00e9n eres y por qu\u00e9 est\u00e1s aqu\u00ed. Solo a trav\u00e9s de una participaci\u00f3n significativa con otros pueden conocerse estas cosas y ser respondidas finalmente estas preguntas.<\/p>\n<p>Experimentar tu relaci\u00f3n con el Conocimiento, en \u00faltima instancia, dar\u00e1 armon\u00eda, equilibrio y comprensi\u00f3n a tu vida en el mundo conocido. Tambi\u00e9n hablar\u00e1 de tu relaci\u00f3n con lo desconocido, que es el \u00e1mbito mayor de las relaciones, m\u00e1s all\u00e1 de tu esfera actual. Este \u00e1mbito mayor te espera m\u00e1s all\u00e1 de este mundo.<\/p>\n","protected":false},"excerpt":{"rendered":"<p>Es necesario abordar el Conocimiento desde diferentes puntos de vista, porque es muy grande y se expresa de muchas maneras. Para empezar, debes tener una idea de su realidad y su funci\u00f3n. El Conocimiento es tu Verdadero Yo, tu verdadero Ser, tu existencia verdadera m\u00e1s all\u00e1 de los ambientes f\u00edsico y mental. Es la parte\u2026 <a class=\"read-more\" href=\"https:\/\/www.v6.newmessage.org\/es\/about-text-shortcode\"><span>Read More<\/span><\/a><\/p>\n","protected":false},"author":13,"featured_media":0,"parent":13085,"menu_order":22,"comment_status":"closed","ping_status":"closed","template":"template-leftsidebar.php","meta":{"_monsterinsights_skip_tracking":false,"_monsterinsights_sitenote_active":false,"_monsterinsights_sitenote_note":"","_monsterinsights_sitenote_category":0,"footnotes":""},"categories":[44,469,76,77,467],"tags":[],"_links":{"self":[{"href":"https:\/\/www.v6.newmessage.org\/es\/wp-json\/wp\/v2\/pages\/27249"}],"collection":[{"href":"https:\/\/www.v6.newmessage.org\/es\/wp-json\/wp\/v2\/pages"}],"about":[{"href":"https:\/\/www.v6.newmessage.org\/es\/wp-json\/wp\/v2\/types\/page"}],"author":[{"embeddable":true,"href":"https:\/\/www.v6.newmessage.org\/es\/wp-json\/wp\/v2\/users\/13"}],"replies":[{"embeddable":true,"href":"https:\/\/www.v6.newmessage.org\/es\/wp-json\/wp\/v2\/comments?post=27249"}],"version-history":[{"count":2,"href":"https:\/\/www.v6.newmessage.org\/es\/wp-json\/wp\/v2\/pages\/27249\/revisions"}],"predecessor-version":[{"id":27275,"href":"https:\/\/www.v6.newmessage.org\/es\/wp-json\/wp\/v2\/pages\/27249\/revisions\/27275"}],"up":[{"embeddable":true,"href":"https:\/\/www.v6.newmessage.org\/es\/wp-json\/wp\/v2\/pages\/13085"}],"wp:attachment":[{"href":"https:\/\/www.v6.newmessage.org\/es\/wp-json\/wp\/v2\/media?parent=27249"}],"wp:term":[{"taxonomy":"category","embeddable":true,"href":"https:\/\/www.v6.newmessage.org\/es\/wp-json\/wp\/v2\/categories?post=27249"},{"taxonomy":"post_tag","embeddable":true,"href":"https:\/\/www.v6.newmessage.org\/es\/wp-json\/wp\/v2\/tags?post=27249"}],"curies":[{"name":"wp","href":"https:\/\/api.w.org\/{rel}","templated":true}]}}