{"id":27076,"date":"2016-01-05T12:24:55","date_gmt":"2016-01-05T12:24:55","guid":{"rendered":"http:\/\/www.newmessage.org\/spanish-international\/?page_id=27076"},"modified":"2016-07-19T08:54:32","modified_gmt":"2016-07-19T08:54:32","slug":"la-emergencia-global","status":"publish","type":"page","link":"https:\/\/www.v6.newmessage.org\/es\/el-mensaje\/volumen-1\/el-nuevo-mundo\/la-emergencia-global","title":{"rendered":"La emergencia global"},"content":{"rendered":"<div><!-- Spanish Version 1.5 --><\/div>\n\n<div class=\"tabgroup \"><ul class=\"tabs\"><li><a href=\"#tabs-1\">Acerca de<\/a><\/li><\/ul>\n <div id=\"tabs-1\"><\/p>\n<p><em>Como le fue revelado a<br \/>\nMarshall Vian Summers<br \/>\nel 20 de octubre de 2015<br \/>\nen Boulder, Colorado, Estados Unidos<\/em><\/p>\n<p>Texto original: <a href=\"https:\/\/www.newmessage.org\/the-message\/volume-1\/new-world\/the-global-emergency\">The Global Emergency<\/a><\/p>\n<p>Escucha el audio original aqu\u00ed (en ingl\u00e9s):<\/p>\n<div id=\"jquery_jplayer_1\" class=\"jp-jplayer\"><\/div>\n\t\t\t\t<div id=\"jp_container_1\" class=\"jp-audio\">\n\t\t\t\t<div class=\"jp-type-single\"><div class=\"jp-control\"><a href=\"javascript:;\" class=\"jp-play\" tabindex=\"1\">play<\/a><a href=\"javascript:;\" class=\"jp-pause\" tabindex=\"1\">pause<\/a><\/div> <div class=\"jp-gui jp-interface\"><div class=\"jp-volume\"><div class=\"jp-volume-bar\"><div class=\"jp-volume-bar-value\"><\/div><\/div><\/div><div class=\"jp-progress\"><div class=\"jp-seek-bar\"><div class=\"jp-play-bar\"><\/div><\/div><\/div><\/div>\t\t\t\t\t<div class=\"jp-no-solution\"><span>Update Required<\/span>To play the media you will need to either update your browser to a recent version or update your <a href=\"http:\/\/get.adobe.com\/flashplayer\/\" target=\"_blank\">Flash plugin<\/a>.<\/div><\/div><\/div>\n\t\t\t<script type='text\/javascript'>\n\t\t\t\tjQuery(document).ready(function() {\n\t\t\t\t\tif (typeof (sermonMedia) == 'function') {\n\t\t\t\t\t\tsermonMedia.addAudio('', \"jquery_jplayer_1\");\n\t\t\t\t\t}\n\t\t\t\t\tjQuery.jPlayer.timeFormat.showHour = true;\n\t\t\t\t\tjQuery(\"#jquery_jplayer_1\").jPlayer({\n\t\t\t\t\t\tready: function(event) {\n\t\t\t\t\t\t\tjQuery(this).jPlayer(\"setMedia\", {mp3: 'https:\/\/www.newmessage.org\/av\/the-global-emergency.mp3'});\n\t\t\t\t\t\t},\n\t\t\t\t\t\tplay: function() {\n\t\t\t\t\t\t\tjQuery(this).jPlayer(\"pauseOthers\");\n\t\t\t\t\t\t},\n\t\t\t\t\t\tswfPath: ThemeData.directory_uri+\"\/swf\",\n\t\t\t\t\t\tsolution: \"html, flash\",\n\t\t\t\t\t\tpreload: \"metadata\",\n\t\t\t\t\t\twmode: \"window\",\n\t\t\t\t\t\tsupplied: \"mp3\",\n\t\t\t\t\t\tcssSelectorAncestor: '#jp_container_1'\n\t\t\t\t\t});\n\t\t\t\t});\n\t\t\t<\/script><\/p>\n<p><a title=\"La emergencia global\" href=\"https:\/\/www.newmessage.org\/av\/the-global-emergency.mp3\">Descargar<\/a> (cliquea en el bot\u00f3n derecho y selecciona \u201cguardar enlace como\u201d)<\/p>\n<div class=\"toggle toggle-white\"><h4 class=\"trigger \"><span class=\"t_ico\"><\/span><a href=\"#\">M\u00e1s informaci\u00f3n sobre este texto<\/a><\/h4><div class=\"toggle_container \"><br \/>\n<p>Lo que est\u00e1s leyendo en este texto es la transcripci\u00f3n de la voz original de la Asamblea Ang\u00e9lica hablando a trav\u00e9s del Mensajero Marshall Vian Summers.<\/p>\n<p>Aqu\u00ed, la comunicaci\u00f3n original de Dios, que existe m\u00e1s all\u00e1 de las palabras, es traducida al lenguaje y el entendimiento humanos por la Asamblea Ang\u00e9lica que supervisa el mundo. La Asamblea despu\u00e9s entrega el Mensaje de Dios a trav\u00e9s del Mensajero, tras lo cual es transcrito y puesto a tu disposici\u00f3n y a disposici\u00f3n de todos.<\/p>\n<p>En este extraordinario proceso, la Voz de la Revelaci\u00f3n est\u00e1 hablando de nuevo. La Palabra y el Sonido est\u00e1n en el mundo. Que puedas ser el receptor de este regalo de Revelaci\u00f3n y puedas estar abierto a recibir su Mensaje \u00fanico para ti y para tu vida.<\/p>\n<br \/>\n<\/div><\/div>\n<p><\/div>\n\t\t\t\t<div align=\"right\">\n\t\t\t<div class=\"fb-like\" data-href=\"\" data-layout=\"button_count\" data-action=\"like\" data-show-faces=\"false\" data-share=\"false\"><\/div>\n\t\t\t<div class=\"fb-share-button\" data-layout=\"button_count\"> <\/div>\n\t\t\t<div class=\"fb_iframe_widget\"><a href=\"https:\/\/twitter.com\/godsnewmessage?ref_src=twsrc%5Etfw\" class=\"twitter-follow-button\" data-show-count=\"false\">Follow @godsnewmessage<\/a><script async src=\"https:\/\/platform.twitter.com\/widgets.js\" charset=\"utf-8\"><\/script><\/div>\n\t\t\t<\/div> <\/div> \n\n<p>La humanidad se encuentra en el umbral de un gran cambio global, un cambio mundial a una escala nunca vista antes, causado ahora por el mal uso y el abuso del mundo por la humanidad, causado por la ignorancia y la codicia humanas. Esta es ahora una condici\u00f3n que afectar\u00e1 la vida de cada persona.<\/p>\n<p>Aunque pocos son todav\u00eda conscientes de esto, se trata de una situaci\u00f3n de emergencia global. Hab\u00e9is cambiado la qu\u00edmica de la atmosfera, las aguas y el suelo. Y ahora el mundo est\u00e1 cambiando \u2014cambiando muy r\u00e1pidamente, muy peligrosamente, cambiando ahora en formas que os afectar\u00e1n m\u00e1s de lo que comprend\u00e9is.<\/p>\n<p>El Nuevo Mensaje de Dios para el mundo debe hacer sonar la alarma y proveer la preparaci\u00f3n para una nueva realidad mundial. Este es un tiempo y un umbral que llamar\u00e1 a muchos a emerger de sus vidas preocupadas consigo mismos, a emerger de su miseria y confusi\u00f3n personal para servir a un mundo en peligro.<\/p>\n<p>Esta es una de las razones por la que hay una intervenci\u00f3n del universo m\u00e1s all\u00e1 de vosotros, porque los que valoran este mundo para s\u00ed mismos reconocen lo que est\u00e1 ocurriendo. Han testado la atm\u00f3sfera del mundo. Ellos entienden lo que la humanidad ha hecho para contaminar su aire, sus aguas y sus suelos. Porque esto ha sucedido innumerables veces en el universo. Es algo que se entiende bien all\u00ed.<\/p>\n<p>As\u00ed que ahora hay una carrera para ganar el control del mundo, para preservarlo para el uso de los de fuera. Ellos est\u00e1n directamente conectados a esto, como ves.<\/p>\n<p>Esta es una situaci\u00f3n de emergencia global a una escala que todav\u00eda no hab\u00e9is reconocido. Tiene el poder de destruir la civilizaci\u00f3n humana. Tiene el poder de generar intervenci\u00f3n externa. Tiene el poder de crear caos aqu\u00ed a un nivel nunca visto antes.<\/p>\n<p>Vais a tener que seguir ahora un poder m\u00e1s profundo dentro de vosotros, porque cada vez habr\u00e1 m\u00e1s fricci\u00f3n a vuestro alrededor y por todo el mundo, a medida que las comunidades humanas son estresadas hasta un punto de ruptura, a medida que las antiguas animosidades comienzan ahora a desbordarse y a engullir a las naciones y regiones, a medida que la competencia por los recursos restantes se vuelve feroz y peligrosa, produciendo conflicto y deterioro a una escala nunca vista antes.<\/p>\n<p>Para algunos parecer\u00e1 ser el fin del mundo, el cumplimiento de una antigua profec\u00eda, como si fuera todo la obra de Dios. Pero Dios no es el autor de esta emergencia global. Dios es el testigo. Esta situaci\u00f3n es la consecuencia de la ignorancia y el ego\u00edsmo de la humanidad y de su miop\u00eda y falta de comprensi\u00f3n del futuro y de las consecuencias de sus acciones.<\/p>\n<p>Ahora Dios debe advertir a la familia humana del gran peligro que ha creado, de la gran calamidad que ha puesto en marcha. Porque durante este tiempo, la humanidad puede prepararse y puede mitigar las consecuencias de sus acciones.<\/p>\n<p>Si no lo hace, entonces la civilizaci\u00f3n humana estar\u00e1 en peligro, en todas partes, en todas las naciones. Las econom\u00edas quebrar\u00e1n. Millones de personas se quedar\u00e1n sin trabajo. Millones de personas tendr\u00e1n que abandonar sus pa\u00edses de origen, que se habr\u00e1n vuelto est\u00e9riles e inhabitables.<\/p>\n<p>Es por eso que la Nueva Revelaci\u00f3n de Dios para el mundo debe hacer sonar esta alarma, debe dar esta advertencia. Hab\u00e9is cambiado el clima del mundo. Ahora est\u00e1 cambiando por s\u00ed mismo. Va a seguir cambiando. Producir\u00e1 sequ\u00edas, inundaciones y privaci\u00f3n. Arruinar\u00e1 las econom\u00edas de los pa\u00edses que tienen que lidiar con las consecuencias y los eventos, con las calamidades que ahora ser\u00e1n cada vez m\u00e1s frecuentes y cada vez m\u00e1s destructivas.<\/p>\n<p>Este es un tiempo en el que la humanidad tendr\u00e1 que unirse para proteger el mundo y salvarse a s\u00ed misma. Aqu\u00ed Dios est\u00e1 dando la Advertencia, la Bendici\u00f3n y la Preparaci\u00f3n para que os salv\u00e9is a vosotros mismos y salv\u00e9is vuestra naci\u00f3n, vuestras familias y comunidades y la civilizaci\u00f3n humana.<\/p>\n<p>No pod\u00e9is permitiros el lujo de descender en el caos, porque eso agotar\u00eda el resto de los recursos del mundo, dejando un grado de empobrecimiento que no pod\u00e9is imaginar.<\/p>\n<p>La Asamblea Ang\u00e9lica que supervisa este mundo ha visto esto venir. Y se est\u00e1 acercando muy r\u00e1pido ahora, aceler\u00e1ndose a s\u00ed mismo y aceler\u00e1ndose a\u00fan m\u00e1s debido a que la humanidad continua contaminando el aire, las aguas y los suelos, poniendo en movimiento fuerzas que a\u00fan no entiende plenamente, poniendo en movimiento fuerzas de cambio y convulsi\u00f3n que trabajar\u00e1n contra la humanidad, que amenazar\u00e1n ahora a la humanidad.<\/p>\n<p>Es una carrera para salvar a la civilizaci\u00f3n humana. Es una carrera que debe llevarse a cabo. Es la llamada a la cooperaci\u00f3n y la unidad para hacer frente a una realidad que nunca se ha visto antes aqu\u00ed en la Tierra durante la \u00e9poca de la civilizaci\u00f3n humana.<\/p>\n<p>Dios sabe lo que est\u00e1 viniendo. La Asamblea sabe lo que est\u00e1 viniendo si la humanidad no se prepara. Porque esto ha sucedido innumerables veces en el universo, donde mundos raros y hermosos como \u00e9ste son destruidos y arruinados por el desconocimiento de su poblaci\u00f3n nativa, explotados, saqueados y contaminados en tal grado que el entorno natural comienza a declinar.<\/p>\n<p>No pod\u00e9is permitiros esto. Deb\u00e9is verlo. Deb\u00e9is encararlo. Deb\u00e9is tener el coraje, la honestidad y la humildad para enfrentarlo. Solo un gran peligro ahora, solo una gran tribulaci\u00f3n, solo una gran oportunidad para la unidad humana y la cooperaci\u00f3n, nacida ahora de la necesidad, requerir\u00eda que Dios hablara al mundo de nuevo.<\/p>\n<p>Es tarde. La humanidad se ha demorado demasiado tiempo. Esta es una crisis que ha sido prevista por aquellos que son clarividentes y est\u00e1n bien informados. No pens\u00e9is que hay otros problemas ante la humanidad que puedan competir con lo que estamos diciendo hoy aqu\u00ed. No pens\u00e9is que hay alguna otra gran necesidad o requisito que supere lo que estamos diciendo hoy aqu\u00ed. Es una gran advertencia. Est\u00e1 sobre vosotros.<\/p>\n<p>Las ciudades costeras y los puertos del mundo podr\u00edan inundarse en 30 a\u00f1os. Las tierras se secar\u00e1n. Las cosechas fallar\u00e1n. Habr\u00e1 migraci\u00f3n humana a una escala nunca vista, con gran tribulaci\u00f3n y conflictos emergiendo. Ser\u00e1 una situaci\u00f3n abrumadora si la humanidad no se prepara.<\/p>\n<p>Es la cosa m\u00e1s importante del mundo. Se requerir\u00e1n todos los recursos, talentos, capacidades y cooperaci\u00f3n de la humanidad para lidiar con esto y asegurar el futuro de la humanidad en un mundo que ahora\u00a0ha cambiado y se ha vuelto m\u00e1s dif\u00edcil y m\u00e1s peligroso. Ser\u00e1 el mayor esfuerzo humano en la historia de este mundo.<\/p>\n<p>Pero la humanidad debe unirse. Debe poner fin a sus conflictos incesantes y a su competencia destructiva para colaborar ahora, o las naciones caer\u00e1n como fichas de domin\u00f3. Y su crisis ser\u00e1 tan abrumadora que superar\u00e1 la capacidad de la humanidad para tratar con ella en el futuro si la humanidad no puede prepararse y no se prepara. Hemos hablado de esto repetidamente, pero la crisis es cada vez mayor. Est\u00e1 creciendo.<\/p>\n<p>Dios ama a la humanidad, de lo contrario mirar\u00eda hacia otro lado y permitir\u00eda que los amargos frutos de vuestras acciones os confrontaran y os sobrepasaran. Pero Dios ama este mundo y pretende que sea una naci\u00f3n libre y avanzada en el universo, donde la libertad es rara y donde los mundos como \u00e9ste son raros y muy dif\u00edciles de encontrar.<\/p>\n<p>Razas de m\u00e1s all\u00e1 del mundo se han enfrentado a estas situaciones. Son bien conocidas, y es por eso que ahora la explotaci\u00f3n de la tierra y la intervenci\u00f3n se est\u00e1n llevando adelante con tal determinaci\u00f3n, sin el uso de la fuerza. Porque esas pocas naciones que est\u00e1n involucradas en esto no quieren degradar a\u00fan m\u00e1s el mundo con conflictos, y se apoyar\u00e1n en el trabajo y la cooperaci\u00f3n humana para lograr el control aqu\u00ed. Ellas no quieren destruir a la humanidad, sino usarla para sus propios fines. Y puesto que la conquista no est\u00e1 permitida en esta parte del universo, deben buscarse otros medios: el enga\u00f1o y la persuasi\u00f3n, armas mucho mayores de lo que cre\u00e9is.<\/p>\n<p>Las personas est\u00e1n consumidas y obsesionadas consigo mismas. Los ricos est\u00e1n atrapados en una telara\u00f1a de codicia, confusi\u00f3n y decepci\u00f3n. Los pobres est\u00e1n luchando para sobrevivir cada vez con mayor dificultad. Los gobiernos est\u00e1n comprometidos en mantener una realidad que solo puede degradar a\u00fan m\u00e1s el mundo.<\/p>\n<p>No pienses que esto ser\u00e1 f\u00e1cil. No pienses que alterar el curso en el que la humanidad se encuentra requerir\u00e1 solo unas pocas cosas. No pienses que hay soluciones f\u00e1ciles y b\u00e1sicas. Hay miles de soluciones que ser\u00e1n necesarias, y vosotros solo ten\u00e9is unas pocas. Tendr\u00e9is que encontrar las otras, y se necesitar\u00e1 gran colaboraci\u00f3n y esfuerzo humano para hacer esto posible.<\/p>\n<p>Est\u00e1is viviendo en una situaci\u00f3n de emergencia mundial. No pienses que esto no afectar\u00e1 a tu vida profunda y completamente. Puede arruinar vuestras econom\u00edas. Puede conducir a hambrunas y muertes masivas. Puede llevar a la guerra, la guerra perpetua, a una escala que nunca se ha visto aqu\u00ed antes. Puede crear calamidades muy violentas y continuas, como si la naturaleza se agitara en contra de la humanidad, en peligro ahora por lo que la humanidad ha creado \u2014por el mundo que ha creado, el cambio que ha creado, la destrucci\u00f3n que ha creado, destrucci\u00f3n que ha tra\u00eddo sobre otras formas de vida y ahora sobre s\u00ed misma.<\/p>\n<p>Esta es una llamada a todas las naciones, a todas las religiones. Dios ha provisto la preparaci\u00f3n esencial, la cual debe ocurrir si la humanidad va a tener el coraje, la determinaci\u00f3n y la visi\u00f3n para ver lo que debe hacerse, tomar las medidas que deben tomarse y construir la cooperaci\u00f3n que debe construirse.<\/p>\n<p>No es suficiente con centrarse solo en acabar con la pobreza o en traer una mayor justicia en tantos lugares donde se necesita. No es suficiente solo con usar el mundo m\u00e1s inteligentemente. No es suficiente solo con el cese de la contaminaci\u00f3n.<\/p>\n<p>Vais a tener que enfriar el planeta \u2014una tarea mucho m\u00e1s grande de lo que nunca se ha logrado, pero aun as\u00ed lograble\u2014. Pero esto requerir\u00e1 una radical redistribuci\u00f3n de los recursos, una redirecci\u00f3n de la voluntad y el prop\u00f3sito humanos, una mayor utilizaci\u00f3n de las ciencias y capacidades humanas. Vais a tener que enfriar el planeta.<\/p>\n<p>La emergencia global cambiar\u00e1 todo lo que la humanidad est\u00e1 haciendo ahora mismo. Tendr\u00e9is que replantar los bosques y restaurar los suelos y limpiar los r\u00edos. Las personas tendr\u00e1n que vivir de forma muy simple, porque toda la riqueza del mundo ser\u00e1 gastada en esto.<\/p>\n<p>No hay ning\u00fan lugar donde esconderse para los ricos. No hay aislamiento real para los privilegiados, porque todo lo que tienen ser\u00e1 amenazado por las cosas de las que hablamos aqu\u00ed hoy.<\/p>\n<p>Es el Gran Amor de Dios el que est\u00e1 tray\u00e9ndoos esta advertencia. No pens\u00e9is que es de alguna manera exagerada, porque ni siquiera os estamos diciendo todas las cosas. Y no os estamos diciendo todo porque no ten\u00e9is todav\u00eda el coraje, la capacidad y la determinaci\u00f3n para o\u00edrlo y encararlo.<\/p>\n<p>Muchos ignorar\u00e1n lo que os estamos diciendo. Muchos no responder\u00e1n. Y ellos ser\u00e1n arrastrados cuando las Grandes Olas golpeen \u2014inconscientes, faltos de preparaci\u00f3n, porque no las vieron venir, no prestaron atenci\u00f3n a la advertencia y no reconocieron las se\u00f1ales.<\/p>\n<p>Cambia tu vida. Simplif\u00edcala. Usa tan pocos recursos del mundo como puedas. Colabora. Perdona. Conoce lo que est\u00e1 ocurriendo en el mundo. Ve la gran crisis viniendo sobre el horizonte. Mira con ojos honestos y objetivos, con tanto coraje como puedas reunir.<\/p>\n<p>Dios te ha dado la gran fuerza y determinaci\u00f3n [que necesitas] para elevarte para esta ocasi\u00f3n \u2014la mayor ocasi\u00f3n en toda la historia humana, una ocasi\u00f3n que va a determinar el futuro de cada persona y de sus hijos y sus futuras generaciones\u2014. Dios te ha dado el poder y la determinaci\u00f3n en el nivel del Conocimiento, el Conocimiento que vive dentro de ti m\u00e1s all\u00e1 de la superficie de tu mente, m\u00e1s all\u00e1 de tu intelecto y de todas tus preocupaciones y quejas.<\/p>\n<p>Es en este nivel donde las personas deben ser encendidas, o no tendr\u00e1n el coraje y la determinaci\u00f3n, el coraje o la honestidad o la compasi\u00f3n para enfrentar algo de esta magnitud. Y es por eso que Dios os est\u00e1 dando la llave, el ingrediente secreto, la \u00fanica cosa que marcar\u00e1 la diferencia, la diferencia en tu vida como individuo y la diferencia en la vida de la humanidad en su conjunto. Porque Dios ha puesto un Conocimiento m\u00e1s profundo dentro de ti. Y este no est\u00e1 corrompido o contaminado por el mundo y todas sus ilusiones y tragedias, su miseria y su degradaci\u00f3n.<\/p>\n<p>Dios te ha dado la fuerza que necesitar\u00e1s, y est\u00e1 siendo proporcionada en la Nueva Revelaci\u00f3n de Dios para el mundo, tal vez la revelaci\u00f3n m\u00e1s importante jam\u00e1s dada \u2014dada ahora para salvar a la humanidad de s\u00ed misma; dada ahora para salvar a la civilizaci\u00f3n humana; dada ahora para redimir a todos los que puedan responder a ella; dada ahora con gran urgencia, con gran advertencia, pero tambi\u00e9n con la gran Bendici\u00f3n del Creador. Porque Dios no quiere veros caer en el momento de mayor necesidad.<\/p>\n<p>No te encierres en tu peque\u00f1a vida temerosa. No te retires hacia las sombras. No te preocupes con peque\u00f1as cosas, o romances tontos que no tienen promesa en un mundo cambiante.<\/p>\n<p>Esta es una llamada a elevarse para la mayor ocasi\u00f3n en la historia. Es una llamada de una necesidad tan grande y tan profunda que, si la reconocieras tan siquiera parcialmente, ello alterar\u00eda completamente tus prioridades, tus acciones y tus intenciones.<\/p>\n<p>Las Grandes Olas de Cambio revelar\u00e1n la corrupci\u00f3n, la ilusi\u00f3n, la ignorancia y la estupidez humanas. Pero tambi\u00e9n tienen el poder de generar una fuerza lo suficientemente grande como para activar y poner al servicio del mundo la mayor fuerza y el mayor prop\u00f3sito de la humanidad y la mayor dotaci\u00f3n que el Creador le ha dado.<\/p>\n<p>Pero para ver la soluci\u00f3n debes ver el desaf\u00edo. Debes ver la situaci\u00f3n de emergencia global. Y debes ser parte de ella, porque formas parte de ella. Debes encontrar tu lugar y tu rol. Debes prepararte mediante la Revelaci\u00f3n. Debes ganar los ojos para ver y los o\u00eddos para escuchar. Si puedes hacer esto, tu rol individual empezar\u00e1 a emerger lentamente seg\u00fan pones tu vida en orden y ganas la visi\u00f3n para ver lo que est\u00e1 ocurriendo en tu mundo y en tu vida.<\/p>\n<p>No busques iluminaci\u00f3n. No busques escape, porque no hay escape. Hay solo contribuci\u00f3n y colaboraci\u00f3n, o bien fracaso y cat\u00e1strofe.<\/p>\n<p>Que esta sea tu comprensi\u00f3n.<\/p>\n","protected":false},"excerpt":{"rendered":"<p>La humanidad se encuentra en el umbral de un gran cambio global, un cambio mundial a una escala nunca vista antes, causado ahora por el mal uso y el abuso del mundo por la humanidad, causado por la ignorancia y la codicia humanas. Esta es ahora una condici\u00f3n que afectar\u00e1 la vida de cada persona.\u2026 <a class=\"read-more\" href=\"https:\/\/www.v6.newmessage.org\/es\/about-text-shortcode\"><span>Read More<\/span><\/a><\/p>\n","protected":false},"author":13,"featured_media":0,"parent":16482,"menu_order":7,"comment_status":"closed","ping_status":"closed","template":"template-leftsidebar.php","meta":{"_monsterinsights_skip_tracking":false,"_monsterinsights_sitenote_active":false,"_monsterinsights_sitenote_note":"","_monsterinsights_sitenote_category":0,"footnotes":""},"categories":[76,118,30,463,460],"tags":[],"_links":{"self":[{"href":"https:\/\/www.v6.newmessage.org\/es\/wp-json\/wp\/v2\/pages\/27076"}],"collection":[{"href":"https:\/\/www.v6.newmessage.org\/es\/wp-json\/wp\/v2\/pages"}],"about":[{"href":"https:\/\/www.v6.newmessage.org\/es\/wp-json\/wp\/v2\/types\/page"}],"author":[{"embeddable":true,"href":"https:\/\/www.v6.newmessage.org\/es\/wp-json\/wp\/v2\/users\/13"}],"replies":[{"embeddable":true,"href":"https:\/\/www.v6.newmessage.org\/es\/wp-json\/wp\/v2\/comments?post=27076"}],"version-history":[{"count":8,"href":"https:\/\/www.v6.newmessage.org\/es\/wp-json\/wp\/v2\/pages\/27076\/revisions"}],"predecessor-version":[{"id":28249,"href":"https:\/\/www.v6.newmessage.org\/es\/wp-json\/wp\/v2\/pages\/27076\/revisions\/28249"}],"up":[{"embeddable":true,"href":"https:\/\/www.v6.newmessage.org\/es\/wp-json\/wp\/v2\/pages\/16482"}],"wp:attachment":[{"href":"https:\/\/www.v6.newmessage.org\/es\/wp-json\/wp\/v2\/media?parent=27076"}],"wp:term":[{"taxonomy":"category","embeddable":true,"href":"https:\/\/www.v6.newmessage.org\/es\/wp-json\/wp\/v2\/categories?post=27076"},{"taxonomy":"post_tag","embeddable":true,"href":"https:\/\/www.v6.newmessage.org\/es\/wp-json\/wp\/v2\/tags?post=27076"}],"curies":[{"name":"wp","href":"https:\/\/api.w.org\/{rel}","templated":true}]}}