{"id":2370,"date":"2011-11-17T10:06:41","date_gmt":"2011-11-17T17:06:41","guid":{"rendered":"http:\/\/wp.www.newmessage.org\/?p=2370"},"modified":"2017-09-15T08:36:03","modified_gmt":"2017-09-15T08:36:03","slug":"como-habla-dios-al-mundo","status":"publish","type":"page","link":"https:\/\/www.v6.newmessage.org\/es\/el-mensaje\/volumen-1\/el-unico-dios\/como-habla-dios-al-mundo","title":{"rendered":"C\u00f3mo habla Dios al mundo"},"content":{"rendered":"<div><!-- Versi\u00f3n espa\u00f1ola 1.4 --><\/div>\n\n<div class=\"tabgroup \"><ul class=\"tabs\"><li><a href=\"#tabs-1\">Acerca de<\/a><\/li>\n<li><a href=\"#tabs-2\">V\u00eddeo<\/a><\/li>\n<li><a href=\"#tabs-3\">Nota<\/a><\/li><\/ul>\n <div id=\"tabs-1\"><br \/>\n<i>Como le fue revelado a<\/i><br \/>\n<i>Marshall Vian Summers<\/i><br \/>\n<i>el 16 de abril de 2008<\/i><br \/>\n<i>en Teher\u00e1n, Ir\u00e1n<\/i><\/p>\n<p>Texto original: <a href=\"https:\/\/www.newmessage.org\/the-message\/volume-1\/one-god\/how-god-speaks-to-the-world\">How God Speaks to the World<\/a><\/p>\n<p>Escucha el audio original aqu\u00ed (en ingl\u00e9s):<\/p>\n<div id=\"jquery_jplayer_1\" class=\"jp-jplayer\"><\/div>\n\t\t\t\t<div id=\"jp_container_1\" class=\"jp-audio\">\n\t\t\t\t<div class=\"jp-type-single\"><div class=\"jp-control\"><a href=\"javascript:;\" class=\"jp-play\" tabindex=\"1\">play<\/a><a href=\"javascript:;\" class=\"jp-pause\" tabindex=\"1\">pause<\/a><\/div> <div class=\"jp-gui jp-interface\"><div class=\"jp-volume\"><div class=\"jp-volume-bar\"><div class=\"jp-volume-bar-value\"><\/div><\/div><\/div><div class=\"jp-progress\"><div class=\"jp-seek-bar\"><div class=\"jp-play-bar\"><\/div><\/div><\/div><\/div>\t\t\t\t\t<div class=\"jp-no-solution\"><span>Update Required<\/span>To play the media you will need to either update your browser to a recent version or update your <a href=\"http:\/\/get.adobe.com\/flashplayer\/\" target=\"_blank\">Flash plugin<\/a>.<\/div><\/div><\/div>\n\t\t\t<script type='text\/javascript'>\n\t\t\t\tjQuery(document).ready(function() {\n\t\t\t\t\tif (typeof (sermonMedia) == 'function') {\n\t\t\t\t\t\tsermonMedia.addAudio('', \"jquery_jplayer_1\");\n\t\t\t\t\t}\n\t\t\t\t\tjQuery.jPlayer.timeFormat.showHour = true;\n\t\t\t\t\tjQuery(\"#jquery_jplayer_1\").jPlayer({\n\t\t\t\t\t\tready: function(event) {\n\t\t\t\t\t\t\tjQuery(this).jPlayer(\"setMedia\", {mp3: 'https:\/\/www.newmessage.org\/av\/how-god-speaks-to-the-world.mp3'});\n\t\t\t\t\t\t},\n\t\t\t\t\t\tplay: function() {\n\t\t\t\t\t\t\tjQuery(this).jPlayer(\"pauseOthers\");\n\t\t\t\t\t\t},\n\t\t\t\t\t\tswfPath: ThemeData.directory_uri+\"\/swf\",\n\t\t\t\t\t\tsolution: \"html, flash\",\n\t\t\t\t\t\tpreload: \"metadata\",\n\t\t\t\t\t\twmode: \"window\",\n\t\t\t\t\t\tsupplied: \"mp3\",\n\t\t\t\t\t\tcssSelectorAncestor: '#jp_container_1'\n\t\t\t\t\t});\n\t\t\t\t});\n\t\t\t<\/script><\/p>\n<p><a title=\"C\u00f3mo habla Dios al mundo\" href=\"https:\/\/www.newmessage.org\/av\/how-god-speaks-to-the-world.mp3\">Descargar<\/a> (cliquea en el bot\u00f3n derecho y selecciona \u201cguardar enlace como\u201d)<\/p>\n<div class=\"toggle toggle-white\"><h4 class=\"trigger \"><span class=\"t_ico\"><\/span><a href=\"#\">M\u00e1s informaci\u00f3n sobre este texto<\/a><\/h4><div class=\"toggle_container \"><br \/>\n<p>Lo que est\u00e1s leyendo en este texto es la transcripci\u00f3n de la voz original de la Asamblea Ang\u00e9lica hablando a trav\u00e9s del Mensajero Marshall Vian Summers.<\/p>\n<p>Aqu\u00ed, la comunicaci\u00f3n original de Dios, que existe m\u00e1s all\u00e1 de las palabras, es traducida al lenguaje y el entendimiento humanos por la Asamblea Ang\u00e9lica que supervisa el mundo. La Asamblea despu\u00e9s entrega el Mensaje de Dios a trav\u00e9s del Mensajero, tras lo cual es transcrito y puesto a tu disposici\u00f3n y a disposici\u00f3n de todos.<\/p>\n<p>En este extraordinario proceso, la Voz de la Revelaci\u00f3n est\u00e1 hablando de nuevo. La Palabra y el Sonido est\u00e1n en el mundo. Que puedas ser el receptor de este regalo de Revelaci\u00f3n y puedas estar abierto a recibir su Mensaje \u00fanico para ti y para tu vida.<\/p>\n<br \/>\n<\/div><\/div><br \/>\n<\/div>\n<div id=\"tabs-2\"><br \/>\n<iframe loading=\"lazy\" width=\"275\" height=\"155\" src=\"https:\/\/www.youtube.com\/embed\/puxcXEhT2C0?feature=oembed&#038;enablejsapi=1&#038;origin=http:\/\/www.newmessage.org\/es\" frameborder=\"0\" allowfullscreen><\/iframe><br \/>\n<\/div>\n<div id=\"tabs-3\"><br \/>\n<em>Nota a los lectores:<br \/>\nEsta traducci\u00f3n fue provista a la <\/em>Society<em> por estudiantes del Nuevo Mensaje que se han ofrecido voluntariamente a traducir el texto original en ingl\u00e9s. La publicamos en esta forma inicial para que todo el mundo tenga una oportunidad de interactuar con una porci\u00f3n del Nuevo Mensaje en un su propio idioma.<\/em><br \/>\n<\/div>\n\t\t\t\t<div align=\"right\">\n\t\t\t<div class=\"fb-like\" data-href=\"\" data-layout=\"button_count\" data-action=\"like\" data-show-faces=\"false\" data-share=\"false\"><\/div>\n\t\t\t<div class=\"fb-share-button\" data-layout=\"button_count\"> <\/div>\n\t\t\t<div class=\"fb_iframe_widget\"><a href=\"https:\/\/twitter.com\/godsnewmessage?ref_src=twsrc%5Etfw\" class=\"twitter-follow-button\" data-show-count=\"false\">Follow @godsnewmessage<\/a><script async src=\"https:\/\/platform.twitter.com\/widgets.js\" charset=\"utf-8\"><\/script><\/div>\n\t\t\t<\/div> <\/div> \n\n<p>Dios vela por el mundo, pues el mundo es un lugar problem\u00e1tico. Siempre lo ha sido.<\/p>\n<p>Es por esa raz\u00f3n que has venido al mundo. Es un lugar donde Dios ha sido olvidado y tu verdadera naturaleza ha sido olvidada. Es un lugar de competici\u00f3n y conflicto, donde la vida es dif\u00edcil, donde constantemente debes resolver los problemas de tu existencia diaria. Es un lugar donde las personas parecen ser extra\u00f1as las unas a las otras y extra\u00f1as ante s\u00ed mismas tal como Dios las cre\u00f3. Es un lugar de apariencias. Es un lugar de sensaciones.<\/p>\n<p>Es maravilloso y peligroso, hermoso pero confuso. Es donde los separados han venido a vivir, a aprender c\u00f3mo dar de nuevo y a salvar la brecha de modo que la separaci\u00f3n pueda finalizarse en su momento.<\/p>\n<p>Nadie ha venido aqu\u00ed por accidente. Todos han sido enviados con un prop\u00f3sito. Este prop\u00f3sito permanece sin descubrir dentro de ti, pero debes descubrirlo, porque esa es la gran b\u00fasqueda en la vida. M\u00e1s all\u00e1 de cubrir tus requerimientos b\u00e1sicos para existir en esta realidad, debes encontrar este prop\u00f3sito, porque es as\u00ed como Dios te hablar\u00e1 y es as\u00ed como encontrar\u00e1s tu camino.<\/p>\n<p>El Plan de Dios es tan simple que escapa a la comprensi\u00f3n de la gente, pero es misterioso porque no encaja en las expectativas humanas. No encaja con las creencias y tradiciones humanas. Est\u00e1 m\u00e1s all\u00e1 de la comprensi\u00f3n, y aun as\u00ed es muy simple.<\/p>\n<p>Porque Dios habla al mundo a trav\u00e9s de un Conocimiento m\u00e1s profundo dentro del individuo y a trav\u00e9s del poder de las relaciones unidas, donde este poder m\u00e1s profundo puede expresarse y experimentarse entre dos o m\u00e1s personas.<\/p>\n<p>Peri\u00f3dicamente, Dios habla al mundo para entregarle un Mensaje. Esto es muy infrecuente, ocurriendo quiz\u00e1 solo cada varios siglos. El Mensaje de Dios al mundo pretende valer durante mucho tiempo y pretende afectar e influenciar las mentes y corazones de las personas durante mucho tiempo. Estos Mensajes se dan en momentos cruciales de la evoluci\u00f3n, en grandes momentos de cambio y en momentos de gran necesidad.<\/p>\n<p>El significado de esto est\u00e1 m\u00e1s all\u00e1 de tus referencias actuales, porque a\u00fan no ves la gran necesidad de la humanidad y por qu\u00e9 se enviar\u00eda un Nuevo Mensaje de Dios para el mundo. Porque, aunque Dios te habla a trav\u00e9s de un Conocimiento m\u00e1s profundo dentro de ti y a trav\u00e9s del poder de las relaciones unidas, el Mensaje de Dios es para preparar a la humanidad para lo que no puede ver y no puede saber. Es para advertir a la humanidad. Es para empoderar a la humanidad. Es para preparar a la humanidad.<\/p>\n<p>T\u00fa solo puedes ser un testigo de esto. Estar\u00e1 m\u00e1s all\u00e1 de tus ideas actuales. Trascender\u00e1 tu entendimiento. Pero Dios no est\u00e1 intentando llegar a tu intelecto tanto como [est\u00e1 intentando] resonar dentro de ti a un nivel m\u00e1s profundo. Porque el intelecto fue creado para navegar y comprender cosas f\u00edsicas, cosas particulares. Pero la resonancia m\u00e1s profunda es del alma, y es as\u00ed como responder\u00e1s a los grandes pero infrecuentes Mensajes de Dios para la humanidad.<\/p>\n<p>Las personas tienen muchas preguntas, pero deben aprender a escuchar a un nivel m\u00e1s profundo, a aquietar sus mentes y a escuchar, a estar presentes, a observar, a ser reverentes.<\/p>\n<p>Porque el intelecto no puede saber con certeza si un Nuevo Mensaje de Dios es aut\u00e9ntico. No puede saber con certeza si lo que est\u00e1 escuchando es la absoluta verdad, la verdad mayor del Creador de toda vida. Las personas no pueden saber con el intelecto si el Mensajero es el verdadero Mensajero. Pero en su coraz\u00f3n sabr\u00e1n. La resonancia ser\u00e1 m\u00e1s profunda. El reconocimiento emerger\u00e1 de una conciencia m\u00e1s profunda dentro de ti y de otros.<\/p>\n<p>Esto es lo que ha mantenido viva la religi\u00f3n. Es esta resonancia m\u00e1s profunda. No es el poder de la creencia, porque la creencia es d\u00e9bil y falible, f\u00e1cil de manipular por otros \u2014por otros poderes y fuerzas y dem\u00e1s\u2014. Pero la resonancia que mantiene a la gente respondiendo a los Grandes Mensajes de Dios sucede a un nivel m\u00e1s profundo dentro del individuo, m\u00e1s all\u00e1 de su intelecto, m\u00e1s all\u00e1 de sus ideas y su comprensi\u00f3n, y esto es lo que le da poder y magnificencia.<\/p>\n<p>Pero si no puedes responder a este nivel m\u00e1s profundo, entonces esto se vuelve un asunto de ideolog\u00eda, de creencia, de adherencia pol\u00edtica y social. Se vuelve un asunto de conformidad y de [ajustarse a] la expectativa de otros. Se espera de ti que creas, y por tanto crees. Se espera de ti que reces, y por tanto rezas. Se espera que sigas los requerimientos que se han establecido antes, en su mayor\u00eda por los seres humanos, por supuesto. Pero Dios te habla a un nivel m\u00e1s profundo.<\/p>\n<p>Dios habla al mundo a trav\u00e9s de estos Grandes Mensajes. Estos est\u00e1n m\u00e1s all\u00e1 de las necesidades inmediatas del individuo. Abarcan las necesidades de la humanidad en conjunto y [lo necesario] para el bienestar y la evoluci\u00f3n de la humanidad en conjunto.<\/p>\n<p>De esto ganas un sentido de tu lugar y tu prop\u00f3sito en la vida en este tiempo, de por qu\u00e9 est\u00e1s aqu\u00ed en este tiempo y en este lugar, en tus circunstancias particulares, en tu naci\u00f3n.<\/p>\n<p>Debes tener esta mayor perspectiva; si no, no entender\u00e1s el mayor contexto en el que existe tu vida, y no entender\u00e1s el movimiento del mundo o las se\u00f1ales del mundo. Pensar\u00e1s que todo es una referencia al pasado, que en cierto modo el presente y el futuro son un cumplimiento del pasado. Las ideas est\u00e1n asociadas con el pasado. Pero el Conocimiento m\u00e1s profundo que Dios ha puesto dentro de ti es para el presente \u2014el momento\u2014 y para el futuro. Es un entendimiento muy diferente.<\/p>\n<p>A Dios no le preocupa si tienes una religi\u00f3n o no, pero Dios te est\u00e1 llamando a este nivel m\u00e1s profundo a trav\u00e9s del gran Mensaje para el mundo que ahora se est\u00e1 dando y a trav\u00e9s del poder y la influencia del Conocimiento dentro de ti, la cual sucede cada d\u00eda, cada momento, cada a\u00f1o, en todo momento, en todo lugar.<\/p>\n<p>Incluso si lees las escrituras y te mueven profundamente, eso se debe a la resonancia, no a las ideas. El Poder de Dios no est\u00e1 limitado por el entendimiento o las ideas humanas, ni tampoco por las ideas de ninguna raza en el universo, de las que hay much\u00edsimas.<\/p>\n<p>Dios est\u00e1 hablando ahora al mundo mediante un Nuevo Mensaje de Dios y a trav\u00e9s del Mensajero que ha sido enviado al mundo para preparar a la humanidad para enfrentar un mundo en declive, un mundo cuyos recursos est\u00e1n disminuyendo, un mundo en el que la gente tendr\u00e1 que cooperar entre s\u00ed y cesar sus interminables conflictos, un mundo que est\u00e1 entrando en un periodo peligroso \u2014m\u00e1s peligroso que cualquier periodo que hay\u00e1is conocido nunca\u2014, un mundo que se enfrenta al contacto con la vida en el universo, un mundo que est\u00e1 encarando una intervenci\u00f3n por parte de razas del universo que est\u00e1n aqu\u00ed para aprovecharse de una humanidad d\u00e9bil y dividida.<\/p>\n<p>La familia humana en conjunto nunca ha tenido que hacer frente a estos dos grandes desaf\u00edos \u2014viviendo en un mundo en declive, encarando competici\u00f3n de m\u00e1s all\u00e1 del mundo respecto a qui\u00e9n controlar\u00e1 el mundo, respecto a qui\u00e9n ser\u00e1 preeminente aqu\u00ed\u2014. Los Grandes Mensajes que Dios ha enviado al mundo no pueden prepararos para esto. Es por eso que hay un Nuevo Mensaje de Dios.<\/p>\n<p>Nunca pienses que Dios ha dejado de comunicarse con el mundo. Nunca pienses que el Mensaje final para todos los tiempos [ya] se ha dado. Esto es una presunci\u00f3n humana. Esto se establece para proteger una creencia y una ideolog\u00eda.<\/p>\n<p>Pero Dios vela por el mundo, y la humanidad se encuentra ahora frente a su mayor desaf\u00edo a nivel global. \u00bfC\u00f3mo responder\u00e1? \u00bfC\u00f3mo se preparar\u00e1? \u00bfSer\u00e1 capaz de comprender el gran cambio que est\u00e1 llegando? \u00bfLuchar\u00e1 y forcejear\u00e1 consigo misma por los recursos restantes? \u00bfSe unir\u00e1 para defender el mundo de una intervenci\u00f3n externa? Este es un tiempo de gran decisi\u00f3n entre si la humanidad fracasar\u00e1 o bien se unir\u00e1 para su preservaci\u00f3n y para preservar su soberan\u00eda en este mundo.<\/p>\n<p>Aqu\u00ed ves claramente qu\u00e9 lejos est\u00e1 esto de tus propias preocupaciones personales \u2014m\u00e1s all\u00e1 de tus preocupaciones diarias, m\u00e1s all\u00e1 de tus ideas, m\u00e1s all\u00e1 de tus creencias, m\u00e1s all\u00e1 de tu entendimiento religioso, m\u00e1s all\u00e1 de tus opiniones pol\u00edticas, m\u00e1s all\u00e1 de las necesidades del d\u00eda\u2014. Si solo te consumen las necesidades del d\u00eda, \u00bfc\u00f3mo ver\u00e1s las Grandes Olas de cambio que est\u00e1n llegando y que alterar\u00e1n el paisaje? \u00bfC\u00f3mo leer\u00e1s las se\u00f1ales del mundo que hablan de cosas mayores m\u00e1s all\u00e1 de tus preocupaciones personales? \u00bfC\u00f3mo sabr\u00e1s cu\u00e1ndo algo est\u00e1 a punto de cambiar tu vida? \u00bfEstar\u00e1s en la orilla cuando las Grandes Olas lleguen, de espaldas al mar \u2014sin prestar atenci\u00f3n, sin mirar, sin escuchar?<\/p>\n<p>Es por eso que los Grandes Mensajes de Dios trascienden el entendimiento y la conciencia de la gente en el momento en el que estos Grandes Mensajes se dan. Pero debe tenerse una perspectiva mucho m\u00e1s amplia y estar mucho m\u00e1s arriba en la monta\u00f1a para ver la relevancia e importancia de esto.<\/p>\n<p>Las personas pensar\u00e1n que el Nuevo Mensaje de Dios es irrelevante. Que es imposible. Parecer\u00e1 que no atiende sus preocupaciones del d\u00eda. No ver\u00e1n que el Nuevo Mensaje est\u00e1 aqu\u00ed para salvar a la propia humanidad. No ver\u00e1n lo que realmente es. Por tanto lo descuidar\u00e1n, lo evitar\u00e1n, lo criticar\u00e1n y lo ridiculizar\u00e1n.<\/p>\n<p>Las personas quieren pan para hoy. No ven que cuando Dios habla al mundo entero lo hace para la preservaci\u00f3n del mundo entero. Es para la preservaci\u00f3n de la humanidad. Sin esto, no habr\u00e1 pan para nadie en el futuro. Es por eso que se ha dado el Nuevo Mensaje.<\/p>\n<p>Aqu\u00ed debes aquietarte y escuchar con tu coraz\u00f3n. Tus ideas tendr\u00e1n dificultades. Les costar\u00e1 seguir el ritmo. Intentar\u00e1n calcular y comprender esto, pero no pueden, porque este no es un Mensaje para el intelecto.<\/p>\n<p>Esto est\u00e1 habl\u00e1ndote a la inteligencia m\u00e1s profunda dentro de ti, una inteligencia que no ha sido creada por el mundo sino por Dios, para guiarte, protegerte y permitirte responder.<\/p>\n<p>Olvida ahora tus ideas sobre la religi\u00f3n, porque est\u00e1s ante un Nuevo Mensaje de Dios. Olvida los preceptos del pasado, porque esto es para el presente y para el futuro.<\/p>\n<p>Esto es para determinar si la humanidad tendr\u00e1 un futuro, un futuro que te sea posible desear y aceptar con los brazos abiertos. Esto es para la protecci\u00f3n de la humanidad, de todos [los que est\u00e1n] aqu\u00ed, viviendo en un mundo en declive, viviendo en un mundo que est\u00e1 encarando una intervenci\u00f3n desde el exterior \u2014competencia desde el exterior.<\/p>\n<p>Debes ver la conexi\u00f3n. Si no piensas que esto sea importante para ti, entonces has perdido el contacto con la vida. No ves lo que provee a la humanidad.<\/p>\n<p>Dios ha provisto este exuberante mundo para la familia humana. Si es despojado, arruinado y agotado, Dios no va a crear otro mundo para vosotros. Vais a tener que vivir con las consecuencias.<\/p>\n<p>Si vuestros recursos no son gestionados y compartidos, preserv\u00e1ndolos cuando es necesario, \u00bfpens\u00e1is que Dios va a venir a daros un nuevo mundo, que simplemente har\u00e9is las maletas y os mover\u00e9is a otro planeta en alguna parte? \u00bfQu\u00e9 pens\u00e1is al respecto? \u00bfPens\u00e1is que est\u00e1is solos en el universo y que nadie es consciente de vosotros \u2014que no hay otros que deseen este lugar para s\u00ed mismos?<\/p>\n<p>Esto est\u00e1 m\u00e1s all\u00e1 de las preocupaciones actuales de las personas, m\u00e1s all\u00e1 de su enfoque diario, de su trabajo, de su ideolog\u00eda, de sus creencias, de su religi\u00f3n, de sus ideas pol\u00edticas. Los gobiernos no se est\u00e1n reuniendo para tratar c\u00f3mo la humanidad va a sobrevivir dentro de una Comunidad Mayor de vida inteligente. No forma parte de la conversaci\u00f3n o el debate p\u00fablico. La gente no est\u00e1 hablando sobre esto en las cafeter\u00edas.<\/p>\n<p>Es por eso que hay un Nuevo Mensaje de Dios, y es por eso que ahora debes escuchar, porque esto tiene mucho que ver con vuestro mundo, con vuestro futuro y con qui\u00e9n eres como individuo y por qu\u00e9 fuiste enviado al mundo en primer lugar.<\/p>\n<p>Es este Conocimiento que Dios ha puesto dentro de ti lo que te permitir\u00e1 escuchar y responder. Si no est\u00e1s conectado a este Conocimiento, entonces te parecer\u00e1 que todo esto son ideas extra\u00f1as. Pero si puedes escuchar con el coraz\u00f3n, ver\u00e1s y sabr\u00e1s que este es el gran Mensaje para tu tiempo y los tiempos venideros.<\/p>\n<p>Dios no va a dar otro Mensaje a la humanidad hasta dentro de mucho tiempo. Este es. Si no puedes escuchar, entonces es una gran desgracia para ti. Este es. No hay [otro] Mensaje a la vuelta de la esquina. No hay segunda versi\u00f3n. No va a venir un Mensaje que sea lo que t\u00fa quieres que sea.<\/p>\n<p>Este es. Esta es la Voz del Nuevo Mensaje. Es una voz como esta la que entreg\u00f3 los Mensajes a lo largo de la historia humana.<\/p>\n<p>Mi idioma te sorprende. Yo represento a todos los idiomas en un \u00fanico idioma. Pero te hablo usando este idioma (n. del t.: originalmente el ingl\u00e9s) porque es el idioma m\u00e1s universal actualmente en el mundo. Tiene el mayor alcance, la mayor posibilidad. Mi acento es el de todos los acentos.<\/p>\n<p>No es importante que intentes comprender estas cosas, pero es importante que escuches, que recibas el Nuevo Mensaje de Dios \u2014sin luchar con \u00e9l, sin enfrentarte a \u00e9l, sin pensar que tienes que creer en \u00e9l, sino deteni\u00e9ndote a escuchar, cesando tus interminables pensamientos codiciosos y escuchando\u2014. Solo sabr\u00e1s si esto es verdad gracias a una resonancia m\u00e1s profunda dentro de ti. El desaf\u00edo est\u00e1 sobre ti, como ves.<\/p>\n<p>Todos los grandes Mensajeros han sido rechazados, ridiculizados, perseguidos e incluso asesinados, porque la gente no pudo escuchar. No pudo sentir.<\/p>\n<p>Hoy existe el mismo problema. Ten\u00e9is una sociedad moderna con tecnolog\u00eda moderna, pero existe el mismo problema. Es el problema de vivir en la Separaci\u00f3n. Es el problema de estar dominado por tu mente y tus pensamientos y creencias. Es el problema de la falta de libertad humana en vuestras sociedades. La gente est\u00e1 bajo el peso de la supervivencia y los gobiernos. Incluso las religiones se han vuelto opresivas. Pero es el mismo problema. Siempre ha sido el mismo problema. Por tanto, el Mensajero es rechazado, se le pone en duda, se sospecha de \u00e9l, se le critica, se le condena, se le ignora, se le evita. Es el mismo problema.<\/p>\n<p>\u00bfQu\u00e9 har\u00e1 falta para que comprendas que est\u00e1s viviendo en un tiempo de Revelaci\u00f3n? Es en este tiempo que ha llegado al mundo un Nuevo Mensaje de Dios. \u00bfIr\u00e1s por ah\u00ed sacudiendo tu cabeza? \u00bfHuir\u00e1s? Como ves, es el mismo problema.<\/p>\n<p>\u00bfC\u00f3mo sabr\u00e1s? Sabr\u00e1s porque Dios ha puesto el poder del Conocimiento dentro de ti, muy por debajo y m\u00e1s all\u00e1 de tus ideas, tus conceptos, tus consejos y tus tradiciones.<\/p>\n<p>Dios est\u00e1 hablando ahora al mundo. Debes prestar atenci\u00f3n a lo que Dios tiene que decir al mundo. Deja de hablar. Deja de pensar. Deja de debatir. Deja de resistirte. Y escucha. Si no escuchas, ni siquiera sabr\u00e1s a qu\u00e9 est\u00e1s respondiendo.<\/p>\n<p>Los dos grandes desaf\u00edos de la humanidad determinar\u00e1n la suerte y el futuro de todas las personas del mundo \u2014la suerte y el futuro de todas las naciones y pueblos, la condici\u00f3n del propio mundo y si la humanidad ser\u00e1 capaz de mantener su soberan\u00eda en este mundo.<\/p>\n<p>Hab\u00e9is vivido durante tanto tiempo en aislamiento, que pens\u00e1is que est\u00e1is solos en la inmensidad del espacio. Pero el universo est\u00e1 lleno de vida. Viv\u00eds en un hermoso planeta. Hay razas que son conscientes de este planeta y buscan tenerlo para s\u00ed mismas. \u00bfC\u00f3mo lo defender\u00e9is? \u00bfC\u00f3mo lo preservar\u00e9is? \u00bfC\u00f3mo lo proteger\u00e9is? \u00bfC\u00f3mo mantendr\u00e9is la capacidad de la humanidad para sobrevivir aqu\u00ed?<\/p>\n<p>Para hacerlo, deb\u00e9is volveros una sola humanidad. Vuestras naciones deben cooperar. Deb\u00e9is finalizar vuestros interminables conflictos. Deb\u00e9is ver que ahora esto nace de la necesidad. No es solo un ideal o un deseo. Es una necesidad.<\/p>\n<p>Dios est\u00e1 hablando al mundo. Es as\u00ed como Dios habla al mundo. Es as\u00ed de simple, as\u00ed de puro. No es algo sensacional. No se ajusta a las expectativas de la gente. No est\u00e1 aqu\u00ed para confirmar las expectativas o ideas de la gente. Es as\u00ed como Dios habla al mundo.<\/p>\n<p>El Nuevo Mensaje es muy grande. Ha llevado mucho tiempo presentarlo aqu\u00ed. El Mensajero est\u00e1 en el mundo. Debes escuchar el Mensaje. Debes escuchar con tu coraz\u00f3n. Debes permitir que Dios te revele el estado del mundo, el futuro de la humanidad y las grandes decisiones que enfrentan los gobiernos, la gente, los individuos y t\u00fa mismo respecto a c\u00f3mo vivir\u00e9is y qu\u00e9 elegir\u00e9is, tu comprensi\u00f3n de hacia d\u00f3nde se dirige la humanidad y los grandes desaf\u00edos que ten\u00e9is ante vosotros ahora. Dios provee lo que la humanidad no puede ver y no puede saber para su siguiente gran paso en su larga historia en este lugar.<\/p>\n","protected":false},"excerpt":{"rendered":"<p>Dios vela por el mundo, pues el mundo es un lugar problem\u00e1tico. Siempre lo ha sido. Es por esa raz\u00f3n que has venido al mundo. Es un lugar donde Dios ha sido olvidado y tu verdadera naturaleza ha sido olvidada. Es un lugar de competici\u00f3n y conflicto, donde la vida es dif\u00edcil, donde constantemente debes\u2026 <a class=\"read-more\" href=\"https:\/\/www.v6.newmessage.org\/es\/about-text-shortcode\"><span>Read More<\/span><\/a><\/p>\n","protected":false},"author":1,"featured_media":0,"parent":16297,"menu_order":2,"comment_status":"closed","ping_status":"closed","template":"template-leftsidebar.php","meta":{"_monsterinsights_skip_tracking":false,"_monsterinsights_sitenote_active":false,"_monsterinsights_sitenote_note":"","_monsterinsights_sitenote_category":0,"footnotes":""},"categories":[76,118,30,379,460],"tags":[213,214,248],"_links":{"self":[{"href":"https:\/\/www.v6.newmessage.org\/es\/wp-json\/wp\/v2\/pages\/2370"}],"collection":[{"href":"https:\/\/www.v6.newmessage.org\/es\/wp-json\/wp\/v2\/pages"}],"about":[{"href":"https:\/\/www.v6.newmessage.org\/es\/wp-json\/wp\/v2\/types\/page"}],"author":[{"embeddable":true,"href":"https:\/\/www.v6.newmessage.org\/es\/wp-json\/wp\/v2\/users\/1"}],"replies":[{"embeddable":true,"href":"https:\/\/www.v6.newmessage.org\/es\/wp-json\/wp\/v2\/comments?post=2370"}],"version-history":[{"count":22,"href":"https:\/\/www.v6.newmessage.org\/es\/wp-json\/wp\/v2\/pages\/2370\/revisions"}],"predecessor-version":[{"id":28887,"href":"https:\/\/www.v6.newmessage.org\/es\/wp-json\/wp\/v2\/pages\/2370\/revisions\/28887"}],"up":[{"embeddable":true,"href":"https:\/\/www.v6.newmessage.org\/es\/wp-json\/wp\/v2\/pages\/16297"}],"wp:attachment":[{"href":"https:\/\/www.v6.newmessage.org\/es\/wp-json\/wp\/v2\/media?parent=2370"}],"wp:term":[{"taxonomy":"category","embeddable":true,"href":"https:\/\/www.v6.newmessage.org\/es\/wp-json\/wp\/v2\/categories?post=2370"},{"taxonomy":"post_tag","embeddable":true,"href":"https:\/\/www.v6.newmessage.org\/es\/wp-json\/wp\/v2\/tags?post=2370"}],"curies":[{"name":"wp","href":"https:\/\/api.w.org\/{rel}","templated":true}]}}