{"id":23693,"date":"2014-08-25T17:38:34","date_gmt":"2014-08-25T17:38:34","guid":{"rendered":"http:\/\/www.newmessage.org\/?page_id=23693"},"modified":"2019-11-04T17:46:53","modified_gmt":"2019-11-04T17:46:53","slug":"recomendaciones-para-vivir-en-un-mundo-de-grandes-olas","status":"publish","type":"page","link":"https:\/\/www.v6.newmessage.org\/es\/el-mensaje\/volumen-4\/las-grandes-olas-de-cambio\/recomendaciones-para-vivir-en-un-mundo-de-grandes-olas","title":{"rendered":"Recomendaciones para vivir en un mundo de Grandes Olas"},"content":{"rendered":"<div><!-- 4.0 --><\/div>\n\n<div class=\"tabgroup \"><ul class=\"tabs\"><li><a href=\"#tabs-1\">Acerca de<\/a><\/li>\n<li><a href=\"#tabs-2\">Nota<\/a><\/li>\n<li><a href=\"#tabs-3\">M\u00e1s<\/a><\/li><\/ul>\n <div id=\"tabs-1\"><br \/>\n<em>Como le fue revelado a<br \/>\nMarshall Vian Summers<br \/>\nen el 2008<br \/>\nen Boulder, Colorado, Estados Unidos<\/em><\/p>\n<p>Texto original: <a href=\"https:\/\/www.newmessage.org\/the-message\/volume-4\/great-waves-change\/recommendations\">Recommendations for Living a Great Waves Life<\/a><\/p>\n<div class=\"toggle toggle-white\"><h4 class=\"trigger \"><span class=\"t_ico\"><\/span><a href=\"#\">M\u00e1s informaci\u00f3n sobre este texto<\/a><\/h4><div class=\"toggle_container \"><br \/>\n<p>Lo que est\u00e1s leyendo en este texto es la transcripci\u00f3n de la voz original de la Asamblea Ang\u00e9lica hablando a trav\u00e9s del Mensajero Marshall Vian Summers.<\/p>\n<p>Aqu\u00ed, la comunicaci\u00f3n original de Dios, que existe m\u00e1s all\u00e1 de las palabras, es traducida al lenguaje y el entendimiento humanos por la Asamblea Ang\u00e9lica que supervisa el mundo. La Asamblea despu\u00e9s entrega el Mensaje de Dios a trav\u00e9s del Mensajero, tras lo cual es transcrito y puesto a tu disposici\u00f3n y a disposici\u00f3n de todos.<\/p>\n<p>En este extraordinario proceso, la Voz de la Revelaci\u00f3n est\u00e1 hablando de nuevo. La Palabra y el Sonido est\u00e1n en el mundo. Que puedas ser el receptor de este regalo de Revelaci\u00f3n y puedas estar abierto a recibir su Mensaje \u00fanico para ti y para tu vida.<\/p>\n<br \/>\n<\/div><\/div><br \/>\n<\/div>\n<div id=\"tabs-2\"><br \/>\n<em>Nota a los lectores:<br \/>\nEsta traducci\u00f3n fue provista a la <\/em>Society<em> por estudiantes del Nuevo Mensaje que se han ofrecido voluntariamente a traducir el texto original en ingl\u00e9s. La publicamos en esta forma inicial para que todo el mundo tenga una oportunidad de interactuar con una porci\u00f3n del Nuevo Mensaje en un su propio idioma.<\/em><br \/>\n<\/div>\n<div id=\"tabs-3\"><\/p>\n<div class=\"panel-10 text-align-center\"><img loading=\"lazy\" decoding=\"async\" width=\"234\" height=\"351\" class=\"alignnone size-full wp-image-28032 imgborder\" src=\"https:\/\/www.newmessage.org\/es\/wp-content\/uploads\/sites\/40\/2014\/07\/GWC_Spanish_cov-e1457325612955.jpg\" alt=\"GWC_Spanish_cov\" \/><\/div>\n<div class=\"text-align-center\"><a class='simple_button_link ' style='background-color: #4f8fd6' href='http:\/\/newknowledgelibrary.org\/books\/the-great-waves-of-change-navigating-the-difficult-times-ahead\/'   ><span>Pide el libro (en ingl\u00e9s)<\/span><\/a><\/div>\n<div class=\"text-align-center text font-size-12 margin-top-10\">Volumen 4 &gt; Las Grandes Olas de cambio &gt; Recomendaciones<\/div>\n<p><\/div>\n\t\t\t\t<div align=\"right\">\n\t\t\t<div class=\"fb-like\" data-href=\"\" data-layout=\"button_count\" data-action=\"like\" data-show-faces=\"false\" data-share=\"false\"><\/div>\n\t\t\t<div class=\"fb-share-button\" data-layout=\"button_count\"> <\/div>\n\t\t\t<div class=\"fb_iframe_widget\"><a href=\"https:\/\/twitter.com\/godsnewmessage?ref_src=twsrc%5Etfw\" class=\"twitter-follow-button\" data-show-count=\"false\">Follow @godsnewmessage<\/a><script async src=\"https:\/\/platform.twitter.com\/widgets.js\" charset=\"utf-8\"><\/script><\/div>\n\t\t\t<\/div> <\/div> \n\n<p>Presentamos aqu\u00ed una serie de recomendaciones para ayudaros a comenzar la preparaci\u00f3n para las Grandes Olas de cambio. Puesto que la vida de cada persona, sus circunstancias y su prop\u00f3sito mayor son \u00fanicos, no hay serie de recomendaciones que pueda hablar a toda circunstancia y necesidad. Pero estas recomendaciones ser\u00e1n importantes para ayudar a enfocar vuestras actividades y apoyaros en vuestro camino de preparaci\u00f3n. Por favor, daos cuenta de que estas son recomendaciones, no reglas. Utilizadlas y adaptadlas a vuestras circunstancias. Se ofrecen aqu\u00ed para ayudaros a traer equilibrio, fuerza y \u200b\u200bdirecci\u00f3n a vuestra vida.<\/p>\n<p><strong>C\u00f3mo preparar vuestra vida a nivel externo:<\/strong><\/p>\n<p><em>Ahorrad energ\u00eda\u00a0<\/em>tanto como sea posible. Reducid vuestro consumo de energ\u00eda en un 25-50% o m\u00e1s para ayudar a salvar a vuestra comunidad y al mundo del agotamiento y la ruina.<\/p>\n<p><em>Mantened un suministro de alimentos, agua y medicinas<\/em>\u00a0para prepararos para las dificultades por delante, por lo menos un suministro para 90 d\u00edas. Si vuestra vivienda es limitada, almacenad la cantidad de suministros que pod\u00e1is.<\/p>\n<p><em>Cread un fondo de emergencia en efectivo<\/em>, si es posible, para manteneros durante perturbaciones econ\u00f3micas o una p\u00e9rdida de empleo. A la luz de las Grandes Olas, tomad un papel m\u00e1s activo en la gesti\u00f3n, direcci\u00f3n y construcci\u00f3n de vuestros recursos financieros.<\/p>\n<p><em>Considerad la disponibilidad de servicios m\u00e9dicos\u00a0<\/em>en vuestra \u00e1rea y c\u00f3mo estos pueden o no pueden funcionar en un desastre o una emergencia prolongada. Aquellos que teng\u00e1is condiciones m\u00e9dicas cr\u00f3nicas, mantened a mano un suministro adecuado de medicamentos con receta.<\/p>\n<p><em>Considerad aprender a cultivar algunos de vuestros propios alimentos.<\/em>\u00a0Pod\u00e9is hacer esto por vuestra cuenta o junto con otros.<\/p>\n<p><em>Tened menos cosas<\/em>. Aseguraos de que todo lo que pose\u00e9is realmente os sirve. Viajad ligeros y cread tiempo para cosas m\u00e1s importantes.<\/p>\n<p><em>Considerad el lugar donde viv\u00eds\u00a0<\/em>a la luz de las Grandes Olas de cambio. En vuestra ubicaci\u00f3n actual, \u00bfpod\u00e9is y est\u00e1is dispuestos a viajar sin el uso de un autom\u00f3vil? \u00bfSois capaces de ayudar a otros, dada vuestra ubicaci\u00f3n y vuestras circunstancias actuales? \u00bfEstar\u00e9is preparados para ayudar a otros en momentos de necesidad, o estar\u00e9is vosotros mismos en peligro?<\/p>\n<p><em>Considerad vuestra profesi\u00f3n,<\/em>\u00a0y haceros estas preguntas importantes: \u00bfser\u00e1 sostenible mi l\u00ednea de trabajo en los pr\u00f3ximos a\u00f1os, dadas las limitaciones en materia de energ\u00eda, alimentos y otros recursos? \u00bfEst\u00e1 mi profesi\u00f3n o l\u00ednea de trabajo relacionada con la provisi\u00f3n de bienes esenciales o con el servicio de necesidades reales, o implica productos o servicios que no son esenciales y que puede que no sean sostenidos en los tiempos dif\u00edciles que se avecinan?<\/p>\n<p><em>Educad a otros<\/em>, incluyendo a vuestros amigos, familiares, vecinos y compa\u00f1eros de trabajo, sobre las Grandes Olas de\u00a0cambio. Cuanta m\u00e1s gente a vuestro alrededor sepa, mejor preparada estar\u00e1 vuestra comunidad.<\/p>\n<p><em>Tened en cuenta a los d\u00e9biles, los ancianos y las personas vulnerables\u00a0<\/em>en vuestra comunidad local o barrio. Pensad de antemano en c\u00f3mo podr\u00edais ayudarles si se hace necesario.<\/p>\n<p><em>Apoyad a vuestros comercios, agricultores y productores locales<\/em>, porque ellos ser\u00e1n importantes recursos en el futuro, cuando la capacidad de transportar mercanc\u00edas y servicios ser\u00e1 mucho m\u00e1s limitada de lo que es hoy.<\/p>\n<p><em>Aprended de d\u00f3nde vienen vuestros recursos esenciales<\/em>, c\u00f3mo podr\u00edais adquirirlos si hubiera interrupciones en la oferta y qu\u00e9 har\u00edais si por alguna raz\u00f3n dejaran de estar disponibles.<\/p>\n<p><em>Estad atentos y conscientes ante la posibilidad de desastres naturales\u00a0<\/em>en vuestra \u00e1rea que puedan constituir un riesgo para vuestra seguridad. Tened un plan de contingencia de lo que har\u00edais en ese caso extremo.<\/p>\n<p><em>Averiguad sobre los planes y\u00a0preparativos de vuestro pueblo, ciudad o gobierno regional<\/em>, si es que existen, con respecto a los posibles escenarios que probablemente pueden surgir en vuestra zona durante las Grandes Olas. Proporcionad informaci\u00f3n a vuestros representantes y otros funcionarios locales.<\/p>\n<p><em>Construid relaciones personales fuertes<\/em>\u00a0que puedan ayudaros en vuestra preparaci\u00f3n. Aquellos que os rodean, \u00bfresponden a las Grandes Olas de cambio? \u00bfU os encontr\u00e1is teniendo que persuadirles y convencerles, a menudo sin \u00e9xito?<\/p>\n<p><em>Continuad educ\u00e1ndoos sobre las Grandes Olas de cambio\u00a0<\/em>seg\u00fan se despliegan\u00a0en el mundo. Usad la cautela y el discernimiento a la hora de considerar las opiniones de los dem\u00e1s y el comentario de los expertos.<\/p>\n<p><strong>C\u00f3mo preparar vuestra vida a nivel interno:<\/strong><\/p>\n<p><em>Reservad un tiempo tranquilo todos los d\u00edas <\/em>para considerar la sabidur\u00eda de vuestros pensamientos<em>\u00a0y<\/em>\u00a0acciones y tomar conciencia de cualquier percepci\u00f3n o revelaci\u00f3n interna que hay\u00e1is tenido. Mantened un diario de estas percepciones y revisadlas con frecuencia.<\/p>\n<p><em>Adoptad una pr\u00e1ctica de\u00a0meditaci\u00f3n sencilla<\/em>\u00a0para aliviar el estr\u00e9s y conectaros con el Conocimiento, la inteligencia m\u00e1s profunda dentro de vosotros. El estudio de los\u00a0<em>Pasos al Conocimiento<\/em>\u00a0ofrece una v\u00eda para hacer esto.<\/p>\n<p><em>Tened pocas opiniones.<\/em>\u00a0No os form\u00e9is opiniones acerca de cualquier problema a menos que hay\u00e1is pasado mucho tiempo estudiando el problema y sus m\u00faltiples interpretaciones y soluciones concebidas. Preguntaos si est\u00e1is realmente seguros acerca de algo o s\u00f3lo est\u00e1is haciendo conjeturas.<\/p>\n<p><em>Dejad de quejaros.<\/em>\u00a0No perd\u00e1is vuestro precioso tiempo y energ\u00eda quej\u00e1ndoos de algo si no est\u00e1is dispuestos a actuar al respecto. Utilizad en cambio vuestro tiempo y energ\u00eda y vuestros pensamientos y recursos para prepararos, preparar a otros y fortalecer vuestra conexi\u00f3n al Conocimiento.<\/p>\n<p><em>Reevaluad vuestros objetivos y planes<\/em> para ver si estos realmente van a ser posibles en un mundo de cambios radicales. Preguntaos: \u201cEn un mundo de disminuci\u00f3n de recursos, degradaci\u00f3n ambiental y dificultades econ\u00f3micas, \u00bfson mis planes y metas pr\u00e1cticas y viables, teniendo en cuenta estas circunstancias?\u201d Vosotros comenzar\u00e9is a sentir la verdad sobre esto.<\/p>\n<p><em>Perdonad a los dem\u00e1s.<\/em>\u00a0Perdonad a los que parecen errar contra vosotros y el mundo. Preguntaos qu\u00e9 necesidad genuina est\u00e1n tratando de expresar y satisfacer con su comportamiento. Practicar el perd\u00f3n ahorrar\u00e1 vuestra energ\u00eda emocional y mantendr\u00e1 vuestra mente despejada.<\/p>\n<p><em>Honrad a vuestros padres,<\/em>\u00a0y tratad de entender las circunstancias de sus vidas que determinaron sus decisiones y comportamiento.<\/p>\n<p><em>Perdonaos a vosotros mismos.<\/em>\u00a0Aprended de vuestros propios errores y reconoced y utilizad la sabidur\u00eda que os han brindado. Conocer vuestros errores del pasado y aprender de ellos os ayudar\u00e1 a hacer frente a las Grandes Olas de cambio y navegarlas. Si no os perdon\u00e1is, perder\u00e9is la confianza en vosotros mismos, confianza que necesitar\u00e9is cada vez m\u00e1s en el futuro. La manera m\u00e1s poderosa de construir confianza en vosotros mismos es siguiendo al Conocimiento en vuestro interior.<\/p>\n<p><em>Construid y mantened los Cuatro Pilares de vuestra vida<\/em>. Considerad que ten\u00e9is Cuatro Pilares que, al igual que las cuatro patas de una mesa, est\u00e1n sosteniendo vuestra vida:<\/p>\n<p>-El Pilar de las relaciones<\/p>\n<p>-El Pilar de la salud<\/p>\n<p>-El Pilar del trabajo y del aprovisionamiento<\/p>\n<p>-El Pilar del desarrollo espiritual<\/p>\n<p>Para ser felices, estables y tener \u00e9xito, tendr\u00e9is que construir y mantener cada uno de estos Pilares sin sacrificar ninguno.<\/p>\n<p><em>No sucumb\u00e1is al miedo<\/em>\u00a0o cre\u00e1is que no ten\u00e9is poder frente a estos grandes cambios, porque ten\u00e9is el poder del Conocimiento dentro de vosotros para guiaros y protegeros si pod\u00e9is seguirlo. Vuestra experiencia del Conocimiento, o saber interno, os permitir\u00e1 establecer una nueva direcci\u00f3n, evaluar los problemas con claridad y tomar decisiones sensatas, incluso si nadie m\u00e1s a vuestro alrededor lo est\u00e1 haciendo.<\/p>\n<p><em>Construid autoconfianza<\/em>. Gan\u00e1is confianza viendo lo que es necesario y actuando. Empez\u00e1is haciendo cosas peque\u00f1as, todo lo que veis que hay que hacer, paso a paso, para prepararos, preparar vuestra mente, preparar vuestras circunstancias, preparar vuestro hogar y preparar vuestras relaciones.<\/p>\n<p><em>Sed catalizadores para el cambio<\/em>, y no os bas\u00e9is en el consenso o el acuerdo de los dem\u00e1s. Aprended a honrar la importancia de vuestras decisiones y c\u00f3mo tomar estas decisiones apoy\u00e1ndoos en el Conocimiento m\u00e1s profundo en vuestro interior. Esta autonom\u00eda y la fuerza del Conocimiento bien pueden salvar vuestra vida.<\/p>\n<p><em>Evaluad vuestras relaciones<\/em>. \u00bfQui\u00e9n tiene un verdadero destino con vosotros? \u00bfSon estas personas las que est\u00e1n con vosotros ahora?<\/p>\n<p><em>Aprended a seguir al Conocimiento<\/em>, la inteligencia espiritual m\u00e1s profunda dentro de vosotros, y a reconocer las Grandes Olas de cambio que est\u00e1n viniendo, para poder estar informados y preparados a tiempo. La experiencia del Conocimiento puede adoptar la forma de una imagen, una percepci\u00f3n poderosa o una sensaci\u00f3n persistente que no desaparece.<\/p>\n<p><em>Tened gran fe en el Conocimiento<\/em>\u00a0dentro de vosotros y dentro de la humanidad en conjunto. De lo contrario, las Grandes Olas parecer\u00e1n abrumadoras \u2014demasiado grandes para considerarlas, demasiado grandes para prepararos para ellas, demasiado grandes para transitarlas\u2014. Y simplemente os dar\u00e9is por vencidos y os sentir\u00e9is derrotados antes de comenzar las verdaderas pruebas.<\/p>\n<p><em>Reconoced que est\u00e1is entrando en una \u00e9poca de grandes cambios y desaf\u00edos<\/em>\u00a0en el mundo, y que estos desaf\u00edos y cambios os har\u00e1n fuertes y har\u00e1n salir de vosotros los grandes regalos que hab\u00e9is sido enviados a dar al mundo. Porque hab\u00e9is venido al mundo con una misi\u00f3n, y la realidad de esta misi\u00f3n est\u00e1 contenida dentro del Conocimiento, la inteligencia m\u00e1s profunda dentro de vosotros, esperando a ser descubierta.<\/p>\n<p><em>En conclusi\u00f3n<\/em>, como se ha dicho muchas veces, la soluci\u00f3n a los problemas planetarios que se est\u00e1n desplegando es, en esencia, una soluci\u00f3n espiritual.<\/p>\n","protected":false},"excerpt":{"rendered":"<p>Presentamos aqu\u00ed una serie de recomendaciones para ayudaros a comenzar la preparaci\u00f3n para las Grandes Olas de cambio. Puesto que la vida de cada persona, sus circunstancias y su prop\u00f3sito mayor son \u00fanicos, no hay serie de recomendaciones que pueda hablar a toda circunstancia y necesidad. Pero estas recomendaciones ser\u00e1n importantes para ayudar a enfocar\u2026 <a class=\"read-more\" href=\"https:\/\/www.v6.newmessage.org\/es\/about-text-shortcode\"><span>Read More<\/span><\/a><\/p>\n","protected":false},"author":32,"featured_media":0,"parent":13099,"menu_order":8,"comment_status":"closed","ping_status":"closed","template":"template-leftsidebar.php","meta":{"_monsterinsights_skip_tracking":false,"_monsterinsights_sitenote_active":false,"_monsterinsights_sitenote_note":"","_monsterinsights_sitenote_category":0,"footnotes":""},"categories":[473,114,76,117,77,471],"tags":[757,316],"_links":{"self":[{"href":"https:\/\/www.v6.newmessage.org\/es\/wp-json\/wp\/v2\/pages\/23693"}],"collection":[{"href":"https:\/\/www.v6.newmessage.org\/es\/wp-json\/wp\/v2\/pages"}],"about":[{"href":"https:\/\/www.v6.newmessage.org\/es\/wp-json\/wp\/v2\/types\/page"}],"author":[{"embeddable":true,"href":"https:\/\/www.v6.newmessage.org\/es\/wp-json\/wp\/v2\/users\/32"}],"replies":[{"embeddable":true,"href":"https:\/\/www.v6.newmessage.org\/es\/wp-json\/wp\/v2\/comments?post=23693"}],"version-history":[{"count":25,"href":"https:\/\/www.v6.newmessage.org\/es\/wp-json\/wp\/v2\/pages\/23693\/revisions"}],"predecessor-version":[{"id":29606,"href":"https:\/\/www.v6.newmessage.org\/es\/wp-json\/wp\/v2\/pages\/23693\/revisions\/29606"}],"up":[{"embeddable":true,"href":"https:\/\/www.v6.newmessage.org\/es\/wp-json\/wp\/v2\/pages\/13099"}],"wp:attachment":[{"href":"https:\/\/www.v6.newmessage.org\/es\/wp-json\/wp\/v2\/media?parent=23693"}],"wp:term":[{"taxonomy":"category","embeddable":true,"href":"https:\/\/www.v6.newmessage.org\/es\/wp-json\/wp\/v2\/categories?post=23693"},{"taxonomy":"post_tag","embeddable":true,"href":"https:\/\/www.v6.newmessage.org\/es\/wp-json\/wp\/v2\/tags?post=23693"}],"curies":[{"name":"wp","href":"https:\/\/api.w.org\/{rel}","templated":true}]}}